{"id":1913,"date":"2024-10-27T09:16:49","date_gmt":"2024-10-27T09:16:49","guid":{"rendered":"https:\/\/demo.shrinkwaterindia.com\/?post_type=product&#038;p=1913"},"modified":"2025-07-16T09:51:41","modified_gmt":"2025-07-16T09:51:41","slug":"vt-2000-sph","status":"publish","type":"product","link":"http:\/\/daltec.ch\/de\/product\/vt-2000-sph","title":{"rendered":"Daltec VT 2000 H, 3140x1670x2000 mm, 2000 kg"},"content":{"rendered":"<p><em><strong>Preis: Siehe Preisliste auf Startseite<\/strong><\/em><\/p>\n<p>Seit \u00fcber 20 Jahren immer weiter entwickelt, entspricht dieses Modell allen g\u00fcltigen Vorschriften. F\u00fcr Tierschutzkonforme Tiertransporte die richtige L\u00f6sung. Er kann auf Wunsch mit Servicet\u00fcre, Trennwand, usw. ausgestattet werden. So werden Ihre Tiere ganz sicher und angenehm reisen.<\/p>\n<p><em>*Die Bilder k\u00f6nnen Optionen enthalten die nicht in der Standartversion vorkommen.<\/em><\/p>\n<p><strong>Serienausstattung:<\/strong><\/p>\n<p><strong>Fahrwerk:<\/strong> Rahmen geschweisst und feuerverzinkt, V-Deichsel, Kugelkupplung, Abreissleine, St\u00fctzrad verst\u00e4rkt automatisch, Unterlegkeil mit Halter (2 Stk). Auflaufeinrichtung AL-KO \/ KNOTT mit Handbremse, R\u00fcckmatik, 2x Achsen AL-KO \/ KNOTT.<\/p>\n<p><strong>Aufbau und Ausstattung:<\/strong> Rahmen feuerverzinkt, Bordw\u00e4nde aus robusten Aluminiumhohlprofile 25mm, eloxiert, glatt. Aufbau vorne aerodynamisch. Laderampe 920 mm breit, links vorne mit Gummi belegt, mit Hebehilfe. Kombit\u00fcre \/Heckrampe federentlastet mit Gummi belegt, aussgestattet mit Seitengel\u00e4nder 1m hoch. \u00dcbergangsgummi bei Heckrampe und Seitenrampe. Kotfl\u00fcgel aus Aluriffelblech. Servicet\u00fcre rechts 1200&#215;500 mm. L\u00fcftungsschieber vorne. Bindestange Innen. Dach mit Gestell und Plane (gr\u00fcn) mit Lichtbahn oben. Heckplane selbstaufrollend. Innenbeleuchtung LED.<\/p>\n<p><strong>Boden:<\/strong> Aluminiumprofile rutschfest.<\/p>\n<p><strong>Beleuchtungsanlage:<\/strong> Beleuchtung nach Vorschrift, 12V, <strong>7<\/strong> Pol Stecker.<\/p>\n","protected":false},"excerpt":{"rendered":"<h5>Technische Daten<\/h5>\n<table class=\"table\">\n<tbody>\n<tr>\n<th>Innenl\u00e4nge<\/th>\n<td>3050 <small>mm<\/small><\/td>\n<\/tr>\n<tr>\n<th>Innenbreite<\/th>\n<td>1600 <small>mm<\/small><\/td>\n<\/tr>\n<tr>\n<th>Innenh\u00f6he<\/th>\n<td>1950 <small>mm<\/small><\/td>\n<\/tr>\n<tr>\n<th>Achsen<\/th>\n<td>2<small><\/small><\/td>\n<\/tr>\n<tr>\n<th>Gesamtgewicht<\/th>\n<td>2000 <small>kg<\/small><\/td>\n<\/tr>\n<tr>\n<th>Nutzlast<\/th>\n<td>1230 <small>kg<\/small><\/td>\n<\/tr>\n<tr>\n<th>R\u00e4der<\/th>\n<td>165 R 13 C<\/td>\n<\/tr>\n<tr>\n<th>Aussenmassen<\/th>\n<td>4565 x 2075 x 2525 <small>mm<\/small><\/td>\n<\/tr>\n<\/tbody>\n<\/table>\n<h6>Optionen<\/h6>\n<table>\n<tbody>\n<tr>\n<td>Boden mit Gummi belegt (6mm)<\/td>\n<td>+ 1&#8217;000 CHF<\/td>\n<\/tr>\n<tr>\n<td>Zus\u00e4tzliche Ventilation im Aluprofil<\/td>\n<td>+ 120 CHF \/ Stk.<\/td>\n<\/tr>\n<tr>\n<td>Seitengel\u00e4nder vorne auf Seitenrampe<\/td>\n<td>+ 790 CHF<\/td>\n<\/tr>\n<tr>\n<td>Trennwand innen verstellbar montiert<\/td>\n<td>+ 1&#8217;250 CHF<\/td>\n<\/tr>\n<tr>\n<td>Dach aus Alu-Blech<\/td>\n<td>+ 710 CHF<\/td>\n<\/tr>\n<tr>\n<td>Diebstahlschloss Kasten f\u00fcr Kugelkupplung<\/td>\n<td>+ 30 CHF<\/td>\n<\/tr>\n<tr>\n<td>Reserverad mit Halter<\/td>\n<td>+ 210 CHF<\/td>\n<\/tr>\n<tr>\n<td>Zug\u00f6se DIN vorne an Stelle von Kugelkupplung<\/td>\n<td>+ 220 CHF<\/td>\n<\/tr>\n<\/tbody>\n<\/table>\n<p><em>* Preise gilten nur f\u00fcr Anh\u00e4nger direkt bestellt mit Optionen. Bei Lageranh\u00e4nger k\u00f6nnen die Preise variieren wenn Optionen nachtr\u00e4glich hinzugef\u00fcgt werden m\u00fcssen.<\/em><\/p>\n","protected":false},"featured_media":2575,"comment_status":"open","ping_status":"closed","template":"","meta":{"_acf_changed":false},"product_brand":[],"product_cat":[239,237],"product_tag":[],"class_list":{"0":"post-1913","1":"product","2":"type-product","3":"status-publish","4":"has-post-thumbnail","6":"product_cat-grosstiertransportanhaenger","7":"product_cat-tiertransportanhaenger","9":"first","10":"instock","11":"featured","12":"shipping-taxable","13":"purchasable","14":"product-type-simple"},"acf":[],"yoast_head":"<!-- This site is optimized with the Yoast SEO plugin v27.4 - https:\/\/yoast.com\/product\/yoast-seo-wordpress\/ -->\n<title>Daltec VT 2000 H, 3140x1670x2000 mm, 2000 kg - Daltec<\/title>\n<meta name=\"robots\" content=\"index, follow, max-snippet:-1, max-image-preview:large, max-video-preview:-1\" \/>\n<link rel=\"canonical\" href=\"https:\/\/daltec.ch\/de\/product\/vt-2000-sph\/\" \/>\n<meta property=\"og:locale\" content=\"de_DE\" \/>\n<meta property=\"og:type\" content=\"article\" \/>\n<meta property=\"og:title\" content=\"Daltec VT 2000 H, 3140x1670x2000 mm, 2000 kg - Daltec\" \/>\n<meta property=\"og:description\" content=\"Technische Daten    Innenl\u00e4nge 3050 mm   Innenbreite 1600 mm   Innenh\u00f6he 1950 mm   Achsen 2   Gesamtgewicht 2000 kg   Nutzlast 1230 kg   R\u00e4der 165 R 13 C   Aussenmassen 4565 x 2075 x 2525 mm    Optionen    Boden mit Gummi belegt (6mm) + 1&#039;000 CHF   Zus\u00e4tzliche Ventilation im Aluprofil + 120 CHF \/ Stk.   Seitengel\u00e4nder vorne auf Seitenrampe + 790 CHF   Trennwand innen verstellbar montiert + 1&#039;250 CHF   Dach aus Alu-Blech + 710 CHF   Diebstahlschloss Kasten f\u00fcr Kugelkupplung + 30 CHF   Reserverad mit Halter + 210 CHF   Zug\u00f6se DIN vorne an Stelle von Kugelkupplung + 220 CHF    * Preise gilten nur f\u00fcr Anh\u00e4nger direkt bestellt mit Optionen. Bei Lageranh\u00e4nger k\u00f6nnen die Preise variieren wenn Optionen nachtr\u00e4glich hinzugef\u00fcgt werden m\u00fcssen.\" \/>\n<meta property=\"og:url\" content=\"https:\/\/daltec.ch\/de\/product\/vt-2000-sph\/\" \/>\n<meta property=\"og:site_name\" content=\"Daltec\" \/>\n<meta property=\"article:publisher\" content=\"https:\/\/www.facebook.com\/DaltecAG\" \/>\n<meta property=\"article:modified_time\" content=\"2025-07-16T09:51:41+00:00\" \/>\n<meta property=\"og:image\" content=\"https:\/\/daltec.ch\/wp-content\/uploads\/2024\/10\/VT-2000-SPH-2-724x1024.png\" \/>\n\t<meta property=\"og:image:width\" content=\"724\" \/>\n\t<meta property=\"og:image:height\" content=\"1024\" \/>\n\t<meta property=\"og:image:type\" content=\"image\/png\" \/>\n<meta name=\"twitter:card\" content=\"summary_large_image\" \/>\n<meta name=\"twitter:label1\" content=\"Gesch\u00e4tzte Lesezeit\" \/>\n\t<meta name=\"twitter:data1\" content=\"1\u00a0Minute\" \/>\n<script type=\"application\/ld+json\" class=\"yoast-schema-graph\">{\"@context\":\"https:\\\/\\\/schema.org\",\"@graph\":[{\"@type\":\"WebPage\",\"@id\":\"https:\\\/\\\/daltec.ch\\\/product\\\/vt-2000-sph\",\"url\":\"https:\\\/\\\/daltec.ch\\\/product\\\/vt-2000-sph\",\"name\":\"Daltec VT 2000 H, 3140x1670x2000 mm, 2000 kg - Daltec\",\"isPartOf\":{\"@id\":\"https:\\\/\\\/daltec.ch\\\/fr\\\/#website\"},\"primaryImageOfPage\":{\"@id\":\"https:\\\/\\\/daltec.ch\\\/product\\\/vt-2000-sph#primaryimage\"},\"image\":{\"@id\":\"https:\\\/\\\/daltec.ch\\\/product\\\/vt-2000-sph#primaryimage\"},\"thumbnailUrl\":\"https:\\\/\\\/daltec.ch\\\/wp-content\\\/uploads\\\/2024\\\/10\\\/VT-2000-SPH-2.png\",\"datePublished\":\"2024-10-27T09:16:49+00:00\",\"dateModified\":\"2025-07-16T09:51:41+00:00\",\"breadcrumb\":{\"@id\":\"https:\\\/\\\/daltec.ch\\\/product\\\/vt-2000-sph#breadcrumb\"},\"inLanguage\":\"de-CH\",\"potentialAction\":[{\"@type\":\"ReadAction\",\"target\":[\"https:\\\/\\\/daltec.ch\\\/product\\\/vt-2000-sph\"]}]},{\"@type\":\"ImageObject\",\"inLanguage\":\"de-CH\",\"@id\":\"https:\\\/\\\/daltec.ch\\\/product\\\/vt-2000-sph#primaryimage\",\"url\":\"https:\\\/\\\/daltec.ch\\\/wp-content\\\/uploads\\\/2024\\\/10\\\/VT-2000-SPH-2.png\",\"contentUrl\":\"https:\\\/\\\/daltec.ch\\\/wp-content\\\/uploads\\\/2024\\\/10\\\/VT-2000-SPH-2.png\",\"width\":2481,\"height\":3508},{\"@type\":\"BreadcrumbList\",\"@id\":\"https:\\\/\\\/daltec.ch\\\/product\\\/vt-2000-sph#breadcrumb\",\"itemListElement\":[{\"@type\":\"ListItem\",\"position\":1,\"name\":\"Startseite\",\"item\":\"https:\\\/\\\/daltec.ch\\\/\"},{\"@type\":\"ListItem\",\"position\":2,\"name\":\"anhaenger\",\"item\":\"https:\\\/\\\/daltec.ch\\\/anhaenger\"},{\"@type\":\"ListItem\",\"position\":3,\"name\":\"Daltec VT 2000 H, 3140x1670x2000 mm, 2000 kg\"}]},{\"@type\":\"WebSite\",\"@id\":\"https:\\\/\\\/daltec.ch\\\/fr\\\/#website\",\"url\":\"https:\\\/\\\/daltec.ch\\\/fr\\\/\",\"name\":\"Daltec Trailers\",\"description\":\"\",\"publisher\":{\"@id\":\"https:\\\/\\\/daltec.ch\\\/fr\\\/#organization\"},\"potentialAction\":[{\"@type\":\"SearchAction\",\"target\":{\"@type\":\"EntryPoint\",\"urlTemplate\":\"https:\\\/\\\/daltec.ch\\\/fr\\\/?s={search_term_string}\"},\"query-input\":{\"@type\":\"PropertyValueSpecification\",\"valueRequired\":true,\"valueName\":\"search_term_string\"}}],\"inLanguage\":\"de-CH\"},{\"@type\":\"Organization\",\"@id\":\"https:\\\/\\\/daltec.ch\\\/fr\\\/#organization\",\"name\":\"Daltec AG\",\"url\":\"https:\\\/\\\/daltec.ch\\\/fr\\\/\",\"logo\":{\"@type\":\"ImageObject\",\"inLanguage\":\"de-CH\",\"@id\":\"https:\\\/\\\/daltec.ch\\\/fr\\\/#\\\/schema\\\/logo\\\/image\\\/\",\"url\":\"https:\\\/\\\/daltec.ch\\\/wp-content\\\/uploads\\\/2025\\\/08\\\/dlteclogo.webp\",\"contentUrl\":\"https:\\\/\\\/daltec.ch\\\/wp-content\\\/uploads\\\/2025\\\/08\\\/dlteclogo.webp\",\"width\":500,\"height\":195,\"caption\":\"Daltec AG\"},\"image\":{\"@id\":\"https:\\\/\\\/daltec.ch\\\/fr\\\/#\\\/schema\\\/logo\\\/image\\\/\"},\"sameAs\":[\"https:\\\/\\\/www.facebook.com\\\/DaltecAG\"]}]}<\/script>\n<!-- \/ Yoast SEO plugin. -->","yoast_head_json":{"title":"Daltec VT 2000 H, 3140x1670x2000 mm, 2000 kg - Daltec","robots":{"index":"index","follow":"follow","max-snippet":"max-snippet:-1","max-image-preview":"max-image-preview:large","max-video-preview":"max-video-preview:-1"},"canonical":"https:\/\/daltec.ch\/de\/product\/vt-2000-sph\/","og_locale":"de_DE","og_type":"article","og_title":"Daltec VT 2000 H, 3140x1670x2000 mm, 2000 kg - Daltec","og_description":"Technische Daten    Innenl\u00e4nge 3050 mm   Innenbreite 1600 mm   Innenh\u00f6he 1950 mm   Achsen 2   Gesamtgewicht 2000 kg   Nutzlast 1230 kg   R\u00e4der 165 R 13 C   Aussenmassen 4565 x 2075 x 2525 mm    Optionen    Boden mit Gummi belegt (6mm) + 1'000 CHF   Zus\u00e4tzliche Ventilation im Aluprofil + 120 CHF \/ Stk.   Seitengel\u00e4nder vorne auf Seitenrampe + 790 CHF   Trennwand innen verstellbar montiert + 1'250 CHF   Dach aus Alu-Blech + 710 CHF   Diebstahlschloss Kasten f\u00fcr Kugelkupplung + 30 CHF   Reserverad mit Halter + 210 CHF   Zug\u00f6se DIN vorne an Stelle von Kugelkupplung + 220 CHF    * Preise gilten nur f\u00fcr Anh\u00e4nger direkt bestellt mit Optionen. Bei Lageranh\u00e4nger k\u00f6nnen die Preise variieren wenn Optionen nachtr\u00e4glich hinzugef\u00fcgt werden m\u00fcssen.","og_url":"https:\/\/daltec.ch\/de\/product\/vt-2000-sph\/","og_site_name":"Daltec","article_publisher":"https:\/\/www.facebook.com\/DaltecAG","article_modified_time":"2025-07-16T09:51:41+00:00","og_image":[{"width":724,"height":1024,"url":"https:\/\/daltec.ch\/wp-content\/uploads\/2024\/10\/VT-2000-SPH-2-724x1024.png","type":"image\/png"}],"twitter_card":"summary_large_image","twitter_misc":{"Gesch\u00e4tzte Lesezeit":"1\u00a0Minute"},"schema":{"@context":"https:\/\/schema.org","@graph":[{"@type":"WebPage","@id":"https:\/\/daltec.ch\/product\/vt-2000-sph","url":"https:\/\/daltec.ch\/product\/vt-2000-sph","name":"Daltec VT 2000 H, 3140x1670x2000 mm, 2000 kg - Daltec","isPartOf":{"@id":"https:\/\/daltec.ch\/fr\/#website"},"primaryImageOfPage":{"@id":"https:\/\/daltec.ch\/product\/vt-2000-sph#primaryimage"},"image":{"@id":"https:\/\/daltec.ch\/product\/vt-2000-sph#primaryimage"},"thumbnailUrl":"https:\/\/daltec.ch\/wp-content\/uploads\/2024\/10\/VT-2000-SPH-2.png","datePublished":"2024-10-27T09:16:49+00:00","dateModified":"2025-07-16T09:51:41+00:00","breadcrumb":{"@id":"https:\/\/daltec.ch\/product\/vt-2000-sph#breadcrumb"},"inLanguage":"de-CH","potentialAction":[{"@type":"ReadAction","target":["https:\/\/daltec.ch\/product\/vt-2000-sph"]}]},{"@type":"ImageObject","inLanguage":"de-CH","@id":"https:\/\/daltec.ch\/product\/vt-2000-sph#primaryimage","url":"https:\/\/daltec.ch\/wp-content\/uploads\/2024\/10\/VT-2000-SPH-2.png","contentUrl":"https:\/\/daltec.ch\/wp-content\/uploads\/2024\/10\/VT-2000-SPH-2.png","width":2481,"height":3508},{"@type":"BreadcrumbList","@id":"https:\/\/daltec.ch\/product\/vt-2000-sph#breadcrumb","itemListElement":[{"@type":"ListItem","position":1,"name":"Startseite","item":"https:\/\/daltec.ch\/"},{"@type":"ListItem","position":2,"name":"anhaenger","item":"https:\/\/daltec.ch\/anhaenger"},{"@type":"ListItem","position":3,"name":"Daltec VT 2000 H, 3140x1670x2000 mm, 2000 kg"}]},{"@type":"WebSite","@id":"https:\/\/daltec.ch\/fr\/#website","url":"https:\/\/daltec.ch\/fr\/","name":"Daltec Trailers","description":"","publisher":{"@id":"https:\/\/daltec.ch\/fr\/#organization"},"potentialAction":[{"@type":"SearchAction","target":{"@type":"EntryPoint","urlTemplate":"https:\/\/daltec.ch\/fr\/?s={search_term_string}"},"query-input":{"@type":"PropertyValueSpecification","valueRequired":true,"valueName":"search_term_string"}}],"inLanguage":"de-CH"},{"@type":"Organization","@id":"https:\/\/daltec.ch\/fr\/#organization","name":"Daltec AG","url":"https:\/\/daltec.ch\/fr\/","logo":{"@type":"ImageObject","inLanguage":"de-CH","@id":"https:\/\/daltec.ch\/fr\/#\/schema\/logo\/image\/","url":"https:\/\/daltec.ch\/wp-content\/uploads\/2025\/08\/dlteclogo.webp","contentUrl":"https:\/\/daltec.ch\/wp-content\/uploads\/2025\/08\/dlteclogo.webp","width":500,"height":195,"caption":"Daltec AG"},"image":{"@id":"https:\/\/daltec.ch\/fr\/#\/schema\/logo\/image\/"},"sameAs":["https:\/\/www.facebook.com\/DaltecAG"]}]}},"_links":{"self":[{"href":"http:\/\/daltec.ch\/de\/wp-json\/wp\/v2\/product\/1913","targetHints":{"allow":["GET"]}}],"collection":[{"href":"http:\/\/daltec.ch\/de\/wp-json\/wp\/v2\/product"}],"about":[{"href":"http:\/\/daltec.ch\/de\/wp-json\/wp\/v2\/types\/product"}],"replies":[{"embeddable":true,"href":"http:\/\/daltec.ch\/de\/wp-json\/wp\/v2\/comments?post=1913"}],"wp:featuredmedia":[{"embeddable":true,"href":"http:\/\/daltec.ch\/de\/wp-json\/wp\/v2\/media\/2575"}],"wp:attachment":[{"href":"http:\/\/daltec.ch\/de\/wp-json\/wp\/v2\/media?parent=1913"}],"wp:term":[{"taxonomy":"product_brand","embeddable":true,"href":"http:\/\/daltec.ch\/de\/wp-json\/wp\/v2\/product_brand?post=1913"},{"taxonomy":"product_cat","embeddable":true,"href":"http:\/\/daltec.ch\/de\/wp-json\/wp\/v2\/product_cat?post=1913"},{"taxonomy":"product_tag","embeddable":true,"href":"http:\/\/daltec.ch\/de\/wp-json\/wp\/v2\/product_tag?post=1913"}],"curies":[{"name":"wp","href":"https:\/\/api.w.org\/{rel}","templated":true}]}}