{"id":1013,"date":"2024-06-21T06:28:57","date_gmt":"2024-06-21T06:28:57","guid":{"rendered":"https:\/\/demo.shrinkwaterindia.com\/?post_type=product&#038;p=1013"},"modified":"2025-07-16T09:53:57","modified_gmt":"2025-07-16T09:53:57","slug":"vt-3500d","status":"publish","type":"product","link":"http:\/\/daltec.ch\/fr\/product\/vt-3500d","title":{"rendered":"Daltec VT 3500 D 3050x1700x1900 mm, 3500 Kg"},"content":{"rendered":"<p>D\u00e9velopp\u00e9 depuis plus de 20 ans, ce mod\u00e8le est conforme \u00e0 toutes les r\u00e9glementations en vigueur. La bonne solution pour les transports d'animaux conformes \u00e0 la protection des animaux. Il peut \u00eatre \u00e9quip\u00e9 sur demande d'une porte de service, d'une cloison, etc. Ainsi, vos animaux voyageront en toute s\u00e9curit\u00e9 et agr\u00e9ablement.<\/p>\n<p><em>*Les images peuvent contenir des options qui ne sont pas pr\u00e9sentes dans la version standard.<\/em><\/p>\n<p><strong>Equipement:<\/strong><\/p>\n<p><strong>Ch\u00e2ssis:<\/strong> Ch\u00e2ssis soud\u00e9 et galvanis\u00e9 \u00e0 chaud, timon en V, t\u00eate d\u2019attelage \u00e0 boule, c\u00e2ble de s\u00e9curit\u00e9, roue jockey renforc\u00e9e automatique, cale de roue avec support (2 pi\u00e8ces). Dispositif d'attelage AL-KO \/ KNOTT avec frein \u00e0 main, syst\u00e8me de recul automatique. 2 essieux AL-KO \/ KNOTT.<\/p>\n<p><strong>Montage et \u00e9quipement:<\/strong> Cadre galvanis\u00e9 \u00e0 chaud, parois en profil\u00e9s creux aluminium robustes 25 mm, anodis\u00e9s, lisses. Rampe de chargement \u00e0 l\u2019avant gauche, recouverte de caoutchouc, avec aide au levage. Porte \/ rampe combin\u00e9e arri\u00e8re avec aide au levage, recouverte de caoutchouc, \u00e9quip\u00e9e de barri\u00e8res de chargement lat\u00e9rale 1m. Tapis de passage pour rampe arri\u00e8re et rampe lat\u00e9rale.\nGarde-boue en t\u00f4le aluminium stri\u00e9e. Porte de service \u00e0 droite, dimensions 1200 \u00d7 700 mm. Grille de ventilation avec plaque coulissante \u00e0 l\u2019avant. Barre d\u2019attache int\u00e9rieure. Toit avec armature et b\u00e2che (bleue). Spoiler avant a\u00e9rodynamique en polyester (bleu). B\u00e2che arri\u00e8re \u00e0 enroulement automatique. \u00c9clairage int\u00e9rieur LED.<\/p>\n<p><strong>Sol:<\/strong> En profils aluminium antid\u00e9rapant<\/p>\n<p><strong>Eclairage:<\/strong> Selon les normes en vigueur, 12V, prise 13 p\u00f4les<\/p>","protected":false},"excerpt":{"rendered":"<h4>Beliebtester Viehtransportanh\u00e4nger der Schweiz! Hohe Nutzlast!<\/h4>\n<h6>Sp\u00e9cifications<\/h6>\n<table class=\"table\">\n<tbody>\n<tr>\n<th>Longueur int\u00e9rieure<\/th>\n<td>3050 <small>mm<\/small><\/td>\n<\/tr>\n<tr>\n<th>Largeur int\u00e9rieure<\/th>\n<td>1700 <small>mm<\/small><\/td>\n<\/tr>\n<tr>\n<th>Hauteur int\u00e9rieure<\/th>\n<td>1900 <small>mm<\/small><\/td>\n<\/tr>\n<tr>\n<th>Essieux<\/th>\n<td>2<small><\/small><\/td>\n<\/tr>\n<tr>\n<th>Poids total<\/th>\n<td>3500 <small>kg<\/small><\/td>\n<\/tr>\n<tr>\n<th>Charge utile<\/th>\n<td>2300 <small>kg<\/small><\/td>\n<\/tr>\n<tr>\n<th>Roues<\/th>\n<td>185 R 14 C<\/td>\n<\/tr>\n<tr>\n<th>Dimensions ext\u00e9rieures<\/th>\n<td>4615 x 2175 x 2550 <small>mm<\/small><\/td>\n<\/tr>\n<\/tbody>\n<\/table>\n<h6>Options<\/h6>\n<table>\n<tbody>\n<tr>\n<td>Sol recouvert de caoutchouc 6mm<\/td>\n<td>+ 1&#8217;200 CHF<\/td>\n<\/tr>\n<tr>\n<td>Ventilation suppl\u00e9mentaire dans profil aluminium<\/td>\n<td>+ 120 CHF \/ Stk.<\/td>\n<\/tr>\n<tr>\n<td>Barri\u00e8res de chargement sur rampe lat\u00e9rale<\/td>\n<td>+ 790 CHF<\/td>\n<\/tr>\n<tr>\n<td>S\u00e9paration int\u00e9rieure amovible<\/td>\n<td>+ 1&#8217;250 CHF<\/td>\n<\/tr>\n<tr>\n<td>Toit en t\u00f4le aluminium<\/td>\n<td>+ 710 CHF<\/td>\n<\/tr>\n<tr>\n<td>Antivol carr\u00e9 en acier pour t\u00eate d'attelage<\/td>\n<td>+ 30 CHF<\/td>\n<\/tr>\n<tr>\n<td>Roue de secours avec support<\/td>\n<td>+ 210 CHF<\/td>\n<\/tr>\n<tr>\n<td>\u0152illet DIN \u00e0 l'avant au lieu de la t\u00eate d'attelage \u00e0 boule<\/td>\n<td>+ 300 CHF<\/td>\n<\/tr>\n<\/tbody>\n<\/table>\n<p><em>Les prix ne s'appliquent qu'aux remorques command\u00e9es directement avec des options. Pour les remorques en stock, les prix peuvent varier si des options doivent \u00eatre ajout\u00e9es ult\u00e9rieurement. <span style=\"color: #ffffff;\"><a style=\"color: #ffffff;\" href=\"https:\/\/daltec.ch\/wp-content\/uploads\/2024\/06\/718_de.pdf\">718_de <\/a><a style=\"color: #ffffff;\" href=\"https:\/\/daltec.ch\/wp-content\/uploads\/2024\/06\/718_fr.pdf\">718_fr<\/a><\/span><\/em><\/p>","protected":false},"featured_media":2925,"comment_status":"open","ping_status":"closed","template":"","meta":{"_acf_changed":false},"product_brand":[],"product_cat":[239,237],"product_tag":[],"class_list":{"0":"post-1013","1":"product","2":"type-product","3":"status-publish","4":"has-post-thumbnail","6":"product_cat-grosstiertransportanhaenger","7":"product_cat-tiertransportanhaenger","9":"first","10":"instock","11":"featured","12":"downloadable","13":"shipping-taxable","14":"purchasable","15":"product-type-simple"},"acf":[],"yoast_head":"<!-- This site is optimized with the Yoast SEO plugin v27.4 - https:\/\/yoast.com\/product\/yoast-seo-wordpress\/ -->\n<title>Daltec VT 3500 D 3050x1700x1900 mm, 3500 Kg - Daltec<\/title>\n<meta name=\"robots\" content=\"index, follow, max-snippet:-1, max-image-preview:large, max-video-preview:-1\" \/>\n<link rel=\"canonical\" href=\"https:\/\/daltec.ch\/fr\/product\/vt-3500d\/\" \/>\n<meta property=\"og:locale\" content=\"fr_FR\" \/>\n<meta property=\"og:type\" content=\"article\" \/>\n<meta property=\"og:title\" content=\"Daltec VT 3500 D 3050x1700x1900 mm, 3500 Kg - Daltec\" \/>\n<meta property=\"og:description\" content=\"Beliebtester Viehtransportanh\u00e4nger der Schweiz! Hohe Nutzlast! Technische Daten    Innenl\u00e4nge 3050 mm   Innenbreite 1700 mm   Innenh\u00f6he 1900 mm   Achsen 2   Gesamtgewicht 3500 kg   Nutzlast 2300 kg   R\u00e4der 185 R 14 C   Aussenmassen 4615 x 2175 x 2550 mm    Optionen    Boden mit Gummi belegt (6mm) + 1&#039;200 CHF   Zus\u00e4tzliche Ventilation im Aluprofil + 120 CHF \/ Stk.   Seitengel\u00e4nder vorne auf Seitenrampe + 790 CHF   Trennwand innen verstellbar montiert + 1&#039;250 CHF   Dach aus Alu-Blech + 710 CHF   Diebstahlschloss Kasten f\u00fcr Kugelkupplung + 30 CHF   Reserverad mit Halter + 210 CHF   Zug\u00f6se DIN vorne an Stelle von Kugelkupplung + 300 CHF    * Preise gilten nur f\u00fcr Anh\u00e4nger direkt bestellt mit Optionen. Bei Lageranh\u00e4nger k\u00f6nnen die Preise variieren wenn Optionen nachtr\u00e4glich hinzugef\u00fcgt werden m\u00fcssen. 718_de 718_fr\" \/>\n<meta property=\"og:url\" content=\"https:\/\/daltec.ch\/fr\/product\/vt-3500d\/\" \/>\n<meta property=\"og:site_name\" content=\"Daltec\" \/>\n<meta property=\"article:publisher\" content=\"https:\/\/www.facebook.com\/DaltecAG\" \/>\n<meta property=\"article:modified_time\" content=\"2025-07-16T09:53:57+00:00\" \/>\n<meta property=\"og:image\" content=\"https:\/\/daltec.ch\/wp-content\/uploads\/2024\/06\/IMG_2739.webp\" \/>\n\t<meta property=\"og:image:width\" content=\"1500\" \/>\n\t<meta property=\"og:image:height\" content=\"1500\" \/>\n\t<meta property=\"og:image:type\" content=\"image\/webp\" \/>\n<meta name=\"twitter:card\" content=\"summary_large_image\" \/>\n<meta name=\"twitter:label1\" content=\"Dur\u00e9e de lecture estim\u00e9e\" \/>\n\t<meta name=\"twitter:data1\" content=\"1 minute\" \/>\n<script type=\"application\/ld+json\" class=\"yoast-schema-graph\">{\"@context\":\"https:\\\/\\\/schema.org\",\"@graph\":[{\"@type\":\"WebPage\",\"@id\":\"https:\\\/\\\/daltec.ch\\\/product\\\/vt-3500d\",\"url\":\"https:\\\/\\\/daltec.ch\\\/product\\\/vt-3500d\",\"name\":\"Daltec VT 3500 D 3050x1700x1900 mm, 3500 Kg - Daltec\",\"isPartOf\":{\"@id\":\"https:\\\/\\\/daltec.ch\\\/fr\\\/#website\"},\"primaryImageOfPage\":{\"@id\":\"https:\\\/\\\/daltec.ch\\\/product\\\/vt-3500d#primaryimage\"},\"image\":{\"@id\":\"https:\\\/\\\/daltec.ch\\\/product\\\/vt-3500d#primaryimage\"},\"thumbnailUrl\":\"https:\\\/\\\/daltec.ch\\\/wp-content\\\/uploads\\\/2024\\\/06\\\/IMG_2739.webp\",\"datePublished\":\"2024-06-21T06:28:57+00:00\",\"dateModified\":\"2025-07-16T09:53:57+00:00\",\"breadcrumb\":{\"@id\":\"https:\\\/\\\/daltec.ch\\\/product\\\/vt-3500d#breadcrumb\"},\"inLanguage\":\"fr-FR\",\"potentialAction\":[{\"@type\":\"ReadAction\",\"target\":[\"https:\\\/\\\/daltec.ch\\\/product\\\/vt-3500d\"]}]},{\"@type\":\"ImageObject\",\"inLanguage\":\"fr-FR\",\"@id\":\"https:\\\/\\\/daltec.ch\\\/product\\\/vt-3500d#primaryimage\",\"url\":\"https:\\\/\\\/daltec.ch\\\/wp-content\\\/uploads\\\/2024\\\/06\\\/IMG_2739.webp\",\"contentUrl\":\"https:\\\/\\\/daltec.ch\\\/wp-content\\\/uploads\\\/2024\\\/06\\\/IMG_2739.webp\",\"width\":1500,\"height\":1500},{\"@type\":\"BreadcrumbList\",\"@id\":\"https:\\\/\\\/daltec.ch\\\/product\\\/vt-3500d#breadcrumb\",\"itemListElement\":[{\"@type\":\"ListItem\",\"position\":1,\"name\":\"Startseite\",\"item\":\"https:\\\/\\\/daltec.ch\\\/\"},{\"@type\":\"ListItem\",\"position\":2,\"name\":\"anhaenger\",\"item\":\"https:\\\/\\\/daltec.ch\\\/anhaenger\"},{\"@type\":\"ListItem\",\"position\":3,\"name\":\"Daltec VT 3500 D 3050x1700x1900 mm, 3500 Kg\"}]},{\"@type\":\"WebSite\",\"@id\":\"https:\\\/\\\/daltec.ch\\\/fr\\\/#website\",\"url\":\"https:\\\/\\\/daltec.ch\\\/fr\\\/\",\"name\":\"Daltec Trailers\",\"description\":\"\",\"publisher\":{\"@id\":\"https:\\\/\\\/daltec.ch\\\/fr\\\/#organization\"},\"potentialAction\":[{\"@type\":\"SearchAction\",\"target\":{\"@type\":\"EntryPoint\",\"urlTemplate\":\"https:\\\/\\\/daltec.ch\\\/fr\\\/?s={search_term_string}\"},\"query-input\":{\"@type\":\"PropertyValueSpecification\",\"valueRequired\":true,\"valueName\":\"search_term_string\"}}],\"inLanguage\":\"fr-FR\"},{\"@type\":\"Organization\",\"@id\":\"https:\\\/\\\/daltec.ch\\\/fr\\\/#organization\",\"name\":\"Daltec AG\",\"url\":\"https:\\\/\\\/daltec.ch\\\/fr\\\/\",\"logo\":{\"@type\":\"ImageObject\",\"inLanguage\":\"fr-FR\",\"@id\":\"https:\\\/\\\/daltec.ch\\\/fr\\\/#\\\/schema\\\/logo\\\/image\\\/\",\"url\":\"https:\\\/\\\/daltec.ch\\\/wp-content\\\/uploads\\\/2025\\\/08\\\/dlteclogo.webp\",\"contentUrl\":\"https:\\\/\\\/daltec.ch\\\/wp-content\\\/uploads\\\/2025\\\/08\\\/dlteclogo.webp\",\"width\":500,\"height\":195,\"caption\":\"Daltec AG\"},\"image\":{\"@id\":\"https:\\\/\\\/daltec.ch\\\/fr\\\/#\\\/schema\\\/logo\\\/image\\\/\"},\"sameAs\":[\"https:\\\/\\\/www.facebook.com\\\/DaltecAG\"]}]}<\/script>\n<!-- \/ Yoast SEO plugin. -->","yoast_head_json":{"title":"Daltec VT 3500 D 3050x1700x1900 mm, 3500 Kg - Daltec","robots":{"index":"index","follow":"follow","max-snippet":"max-snippet:-1","max-image-preview":"max-image-preview:large","max-video-preview":"max-video-preview:-1"},"canonical":"https:\/\/daltec.ch\/fr\/product\/vt-3500d\/","og_locale":"fr_FR","og_type":"article","og_title":"Daltec VT 3500 D 3050x1700x1900 mm, 3500 Kg - Daltec","og_description":"Beliebtester Viehtransportanh\u00e4nger der Schweiz! Hohe Nutzlast! Technische Daten    Innenl\u00e4nge 3050 mm   Innenbreite 1700 mm   Innenh\u00f6he 1900 mm   Achsen 2   Gesamtgewicht 3500 kg   Nutzlast 2300 kg   R\u00e4der 185 R 14 C   Aussenmassen 4615 x 2175 x 2550 mm    Optionen    Boden mit Gummi belegt (6mm) + 1'200 CHF   Zus\u00e4tzliche Ventilation im Aluprofil + 120 CHF \/ Stk.   Seitengel\u00e4nder vorne auf Seitenrampe + 790 CHF   Trennwand innen verstellbar montiert + 1'250 CHF   Dach aus Alu-Blech + 710 CHF   Diebstahlschloss Kasten f\u00fcr Kugelkupplung + 30 CHF   Reserverad mit Halter + 210 CHF   Zug\u00f6se DIN vorne an Stelle von Kugelkupplung + 300 CHF    * Preise gilten nur f\u00fcr Anh\u00e4nger direkt bestellt mit Optionen. Bei Lageranh\u00e4nger k\u00f6nnen die Preise variieren wenn Optionen nachtr\u00e4glich hinzugef\u00fcgt werden m\u00fcssen. 718_de 718_fr","og_url":"https:\/\/daltec.ch\/fr\/product\/vt-3500d\/","og_site_name":"Daltec","article_publisher":"https:\/\/www.facebook.com\/DaltecAG","article_modified_time":"2025-07-16T09:53:57+00:00","og_image":[{"width":1500,"height":1500,"url":"https:\/\/daltec.ch\/wp-content\/uploads\/2024\/06\/IMG_2739.webp","type":"image\/webp"}],"twitter_card":"summary_large_image","twitter_misc":{"Dur\u00e9e de lecture estim\u00e9e":"1 minute"},"schema":{"@context":"https:\/\/schema.org","@graph":[{"@type":"WebPage","@id":"https:\/\/daltec.ch\/product\/vt-3500d","url":"https:\/\/daltec.ch\/product\/vt-3500d","name":"Daltec VT 3500 D 3050x1700x1900 mm, 3500 Kg - Daltec","isPartOf":{"@id":"https:\/\/daltec.ch\/fr\/#website"},"primaryImageOfPage":{"@id":"https:\/\/daltec.ch\/product\/vt-3500d#primaryimage"},"image":{"@id":"https:\/\/daltec.ch\/product\/vt-3500d#primaryimage"},"thumbnailUrl":"https:\/\/daltec.ch\/wp-content\/uploads\/2024\/06\/IMG_2739.webp","datePublished":"2024-06-21T06:28:57+00:00","dateModified":"2025-07-16T09:53:57+00:00","breadcrumb":{"@id":"https:\/\/daltec.ch\/product\/vt-3500d#breadcrumb"},"inLanguage":"fr-FR","potentialAction":[{"@type":"ReadAction","target":["https:\/\/daltec.ch\/product\/vt-3500d"]}]},{"@type":"ImageObject","inLanguage":"fr-FR","@id":"https:\/\/daltec.ch\/product\/vt-3500d#primaryimage","url":"https:\/\/daltec.ch\/wp-content\/uploads\/2024\/06\/IMG_2739.webp","contentUrl":"https:\/\/daltec.ch\/wp-content\/uploads\/2024\/06\/IMG_2739.webp","width":1500,"height":1500},{"@type":"BreadcrumbList","@id":"https:\/\/daltec.ch\/product\/vt-3500d#breadcrumb","itemListElement":[{"@type":"ListItem","position":1,"name":"Startseite","item":"https:\/\/daltec.ch\/"},{"@type":"ListItem","position":2,"name":"anhaenger","item":"https:\/\/daltec.ch\/anhaenger"},{"@type":"ListItem","position":3,"name":"Daltec VT 3500 D 3050x1700x1900 mm, 3500 Kg"}]},{"@type":"WebSite","@id":"https:\/\/daltec.ch\/fr\/#website","url":"https:\/\/daltec.ch\/fr\/","name":"Daltec Trailers","description":"","publisher":{"@id":"https:\/\/daltec.ch\/fr\/#organization"},"potentialAction":[{"@type":"SearchAction","target":{"@type":"EntryPoint","urlTemplate":"https:\/\/daltec.ch\/fr\/?s={search_term_string}"},"query-input":{"@type":"PropertyValueSpecification","valueRequired":true,"valueName":"search_term_string"}}],"inLanguage":"fr-FR"},{"@type":"Organization","@id":"https:\/\/daltec.ch\/fr\/#organization","name":"Daltec AG","url":"https:\/\/daltec.ch\/fr\/","logo":{"@type":"ImageObject","inLanguage":"fr-FR","@id":"https:\/\/daltec.ch\/fr\/#\/schema\/logo\/image\/","url":"https:\/\/daltec.ch\/wp-content\/uploads\/2025\/08\/dlteclogo.webp","contentUrl":"https:\/\/daltec.ch\/wp-content\/uploads\/2025\/08\/dlteclogo.webp","width":500,"height":195,"caption":"Daltec AG"},"image":{"@id":"https:\/\/daltec.ch\/fr\/#\/schema\/logo\/image\/"},"sameAs":["https:\/\/www.facebook.com\/DaltecAG"]}]}},"_links":{"self":[{"href":"http:\/\/daltec.ch\/fr\/wp-json\/wp\/v2\/product\/1013","targetHints":{"allow":["GET"]}}],"collection":[{"href":"http:\/\/daltec.ch\/fr\/wp-json\/wp\/v2\/product"}],"about":[{"href":"http:\/\/daltec.ch\/fr\/wp-json\/wp\/v2\/types\/product"}],"replies":[{"embeddable":true,"href":"http:\/\/daltec.ch\/fr\/wp-json\/wp\/v2\/comments?post=1013"}],"wp:featuredmedia":[{"embeddable":true,"href":"http:\/\/daltec.ch\/fr\/wp-json\/wp\/v2\/media\/2925"}],"wp:attachment":[{"href":"http:\/\/daltec.ch\/fr\/wp-json\/wp\/v2\/media?parent=1013"}],"wp:term":[{"taxonomy":"product_brand","embeddable":true,"href":"http:\/\/daltec.ch\/fr\/wp-json\/wp\/v2\/product_brand?post=1013"},{"taxonomy":"product_cat","embeddable":true,"href":"http:\/\/daltec.ch\/fr\/wp-json\/wp\/v2\/product_cat?post=1013"},{"taxonomy":"product_tag","embeddable":true,"href":"http:\/\/daltec.ch\/fr\/wp-json\/wp\/v2\/product_tag?post=1013"}],"curies":[{"name":"wp","href":"https:\/\/api.w.org\/{rel}","templated":true}]}}