{"id":511,"date":"2024-05-15T11:15:11","date_gmt":"2024-05-15T11:15:11","guid":{"rendered":"https:\/\/demo.shrinkwaterindia.com\/?post_type=product&#038;p=511"},"modified":"2025-06-18T12:38:12","modified_gmt":"2025-06-18T12:38:12","slug":"low-rider-basic-30","status":"publish","type":"product","link":"http:\/\/daltec.ch\/fr\/product\/low-rider-basic-30","title":{"rendered":"Daltec Low Rider Basic 30 Basculante 5100\u00d72100 mm, 3000 kg"},"content":{"rendered":"<p>Remorque l\u00e9g\u00e8re et robuste pour le transport professionnel de voitures. Charge utile \u00e9lev\u00e9e gr\u00e2ce \u00e0 la grande proportion d'aluminium. Grande surface de chargement inclinable pour un angle de chargement bas et donc un meilleur confort de chargement. La surface de chargement peut \u00eatre abaiss\u00e9e manuellement et l'angle d'acc\u00e8s n'est que de 10\u00b0, ce qui permet de charger sans probl\u00e8me les voitures, m\u00eame les plus basses. Le moins cher de sa cat\u00e9gorie !<\/p>\n<h4>Equipement:<\/h4>\n<p>Ch\u00e2ssis : Soud\u00e9 et viss\u00e9 Dispositif d'attelage en V Pompe hydraulique manuelle pour l'abaissement Attelage \u00e0 boule Ligne de d\u00e9chirement Roue jockey automatique, renforc\u00e9e Garde-boue en plastique Essieux : Essieu AL-KO Frein \u00e0 main Recul automatique Surface de chargement : Surface de chargement ferm\u00e9e en aluminium avec profil\u00e9s lat\u00e9raux anodis\u00e9s. Arrimage du chargement par barre transversale de d\u00e9marrage r\u00e9glable et barres d'arrimage lat\u00e9rales int\u00e9gr\u00e9es Syst\u00e8me de rampe : Surface de chargement directement carrossable avec barre lumineuse \u00e0 rabattement automatique. Syst\u00e8me d'\u00e9clairage : 12 V, selon les normes du code de la route Prise 13 p\u00f4les<\/p>","protected":false},"excerpt":{"rendered":"<h5><em><span style=\"color: #ff6600;\">Prix: voir liste de prix sur page d'accueil<\/span><\/em><\/h5>\n<p>Remorque \u00e9conomique pour le transport professionnel de voitures<\/p>\n<h4>Donn\u00e9es techniques:<\/h4>\n<table class=\"table\">\n<tbody>\n<tr>\n<th>Longueur int\u00e9rieure<\/th>\n<td>5100 <small>mm<\/small><\/td>\n<\/tr>\n<tr>\n<th>Largeur int\u00e9rieure<\/th>\n<td>2100 <small>mm<\/small><\/td>\n<\/tr>\n<tr>\n<th>Hauteur int\u00e9rieure<\/th>\n<td>0 <small>mm<\/small><\/td>\n<\/tr>\n<tr>\n<th>Essieux<\/th>\n<td>2<small><\/small><\/td>\n<\/tr>\n<tr>\n<th>Poids total<\/th>\n<td>3000 <small>kg<\/small><\/td>\n<\/tr>\n<tr>\n<th>Charge utile<\/th>\n<td>2215 <small>kg<\/small><\/td>\n<\/tr>\n<tr>\n<th>Roues<\/th>\n<td>195\/55 R 10 C<small><\/small><\/td>\n<\/tr>\n<\/tbody>\n<\/table>","protected":false},"featured_media":1280,"comment_status":"open","ping_status":"closed","template":"","meta":{"_acf_changed":false},"product_brand":[],"product_cat":[234],"product_tag":[],"class_list":{"0":"post-511","1":"product","2":"type-product","3":"status-publish","4":"has-post-thumbnail","6":"product_cat-autotransporter-offen","8":"first","9":"instock","10":"featured","11":"shipping-taxable","12":"purchasable","13":"product-type-simple"},"acf":[],"yoast_head":"<!-- This site is optimized with the Yoast SEO plugin v27.2 - https:\/\/yoast.com\/product\/yoast-seo-wordpress\/ -->\n<title>Daltec Low Rider Basic 30 abkippbar, 5100x2100 mm, 3000 kg - Daltec<\/title>\n<meta name=\"robots\" content=\"index, follow, max-snippet:-1, max-image-preview:large, max-video-preview:-1\" \/>\n<link rel=\"canonical\" href=\"https:\/\/daltec.ch\/fr\/product\/low-rider-basic-30\/\" \/>\n<meta property=\"og:locale\" content=\"fr_FR\" \/>\n<meta property=\"og:type\" content=\"article\" \/>\n<meta property=\"og:title\" content=\"Daltec Low Rider Basic 30 abkippbar, 5100x2100 mm, 3000 kg - Daltec\" \/>\n<meta property=\"og:description\" content=\"Preis: Siehe Preisliste auf Startseite Preisg\u00fcnstiger Anh\u00e4nger f\u00fcr professionellen Autotransport Technische Daten:    L\u00e4nge 5100 mm   Breite 2100 mm   H\u00f6he 0 mm   Achsen 2   Gesamtgewicht 3000 kg   Nutzlast 2215 kg   R\u00e4der 195\/55 R 10 C\" \/>\n<meta property=\"og:url\" content=\"https:\/\/daltec.ch\/fr\/product\/low-rider-basic-30\/\" \/>\n<meta property=\"og:site_name\" content=\"Daltec\" \/>\n<meta property=\"article:publisher\" content=\"https:\/\/www.facebook.com\/DaltecAG\" \/>\n<meta property=\"article:modified_time\" content=\"2025-06-18T12:38:12+00:00\" \/>\n<meta property=\"og:image\" content=\"https:\/\/daltec.ch\/wp-content\/uploads\/2024\/05\/low_rider_basic_3.jpg\" \/>\n\t<meta property=\"og:image:width\" content=\"1000\" \/>\n\t<meta property=\"og:image:height\" content=\"1000\" \/>\n\t<meta property=\"og:image:type\" content=\"image\/jpeg\" \/>\n<meta name=\"twitter:card\" content=\"summary_large_image\" \/>\n<meta name=\"twitter:label1\" content=\"Dur\u00e9e de lecture estim\u00e9e\" \/>\n\t<meta name=\"twitter:data1\" content=\"1 minute\" \/>\n<script type=\"application\/ld+json\" class=\"yoast-schema-graph\">{\"@context\":\"https:\/\/schema.org\",\"@graph\":[{\"@type\":\"WebPage\",\"@id\":\"https:\/\/daltec.ch\/product\/low-rider-basic-30\",\"url\":\"https:\/\/daltec.ch\/product\/low-rider-basic-30\",\"name\":\"Daltec Low Rider Basic 30 abkippbar, 5100x2100 mm, 3000 kg - Daltec\",\"isPartOf\":{\"@id\":\"https:\/\/daltec.ch\/fr\/#website\"},\"primaryImageOfPage\":{\"@id\":\"https:\/\/daltec.ch\/product\/low-rider-basic-30#primaryimage\"},\"image\":{\"@id\":\"https:\/\/daltec.ch\/product\/low-rider-basic-30#primaryimage\"},\"thumbnailUrl\":\"https:\/\/daltec.ch\/wp-content\/uploads\/2024\/05\/low_rider_basic_3.jpg\",\"datePublished\":\"2024-05-15T11:15:11+00:00\",\"dateModified\":\"2025-06-18T12:38:12+00:00\",\"breadcrumb\":{\"@id\":\"https:\/\/daltec.ch\/product\/low-rider-basic-30#breadcrumb\"},\"inLanguage\":\"fr-FR\",\"potentialAction\":[{\"@type\":\"ReadAction\",\"target\":[\"https:\/\/daltec.ch\/product\/low-rider-basic-30\"]}]},{\"@type\":\"ImageObject\",\"inLanguage\":\"fr-FR\",\"@id\":\"https:\/\/daltec.ch\/product\/low-rider-basic-30#primaryimage\",\"url\":\"https:\/\/daltec.ch\/wp-content\/uploads\/2024\/05\/low_rider_basic_3.jpg\",\"contentUrl\":\"https:\/\/daltec.ch\/wp-content\/uploads\/2024\/05\/low_rider_basic_3.jpg\",\"width\":1000,\"height\":1000},{\"@type\":\"BreadcrumbList\",\"@id\":\"https:\/\/daltec.ch\/product\/low-rider-basic-30#breadcrumb\",\"itemListElement\":[{\"@type\":\"ListItem\",\"position\":1,\"name\":\"Startseite\",\"item\":\"https:\/\/daltec.ch\/\"},{\"@type\":\"ListItem\",\"position\":2,\"name\":\"anhaenger\",\"item\":\"https:\/\/daltec.ch\/anhaenger\"},{\"@type\":\"ListItem\",\"position\":3,\"name\":\"Daltec Low Rider Basic 30 abkippbar, 5100&#215;2100 mm, 3000 kg\"}]},{\"@type\":\"WebSite\",\"@id\":\"https:\/\/daltec.ch\/fr\/#website\",\"url\":\"https:\/\/daltec.ch\/fr\/\",\"name\":\"Daltec Trailers\",\"description\":\"\",\"publisher\":{\"@id\":\"https:\/\/daltec.ch\/fr\/#organization\"},\"potentialAction\":[{\"@type\":\"SearchAction\",\"target\":{\"@type\":\"EntryPoint\",\"urlTemplate\":\"https:\/\/daltec.ch\/fr\/?s={search_term_string}\"},\"query-input\":{\"@type\":\"PropertyValueSpecification\",\"valueRequired\":true,\"valueName\":\"search_term_string\"}}],\"inLanguage\":\"fr-FR\"},{\"@type\":\"Organization\",\"@id\":\"https:\/\/daltec.ch\/fr\/#organization\",\"name\":\"Daltec AG\",\"url\":\"https:\/\/daltec.ch\/fr\/\",\"logo\":{\"@type\":\"ImageObject\",\"inLanguage\":\"fr-FR\",\"@id\":\"https:\/\/daltec.ch\/fr\/#\/schema\/logo\/image\/\",\"url\":\"https:\/\/daltec.ch\/wp-content\/uploads\/2025\/08\/dlteclogo.webp\",\"contentUrl\":\"https:\/\/daltec.ch\/wp-content\/uploads\/2025\/08\/dlteclogo.webp\",\"width\":500,\"height\":195,\"caption\":\"Daltec AG\"},\"image\":{\"@id\":\"https:\/\/daltec.ch\/fr\/#\/schema\/logo\/image\/\"},\"sameAs\":[\"https:\/\/www.facebook.com\/DaltecAG\"]}]}<\/script>\n<!-- \/ Yoast SEO plugin. -->","yoast_head_json":{"title":"Daltec Low Rider Basic 30 abkippbar, 5100x2100 mm, 3000 kg - Daltec","robots":{"index":"index","follow":"follow","max-snippet":"max-snippet:-1","max-image-preview":"max-image-preview:large","max-video-preview":"max-video-preview:-1"},"canonical":"https:\/\/daltec.ch\/fr\/product\/low-rider-basic-30\/","og_locale":"fr_FR","og_type":"article","og_title":"Daltec Low Rider Basic 30 abkippbar, 5100x2100 mm, 3000 kg - Daltec","og_description":"Preis: Siehe Preisliste auf Startseite Preisg\u00fcnstiger Anh\u00e4nger f\u00fcr professionellen Autotransport Technische Daten:    L\u00e4nge 5100 mm   Breite 2100 mm   H\u00f6he 0 mm   Achsen 2   Gesamtgewicht 3000 kg   Nutzlast 2215 kg   R\u00e4der 195\/55 R 10 C","og_url":"https:\/\/daltec.ch\/fr\/product\/low-rider-basic-30\/","og_site_name":"Daltec","article_publisher":"https:\/\/www.facebook.com\/DaltecAG","article_modified_time":"2025-06-18T12:38:12+00:00","og_image":[{"width":1000,"height":1000,"url":"https:\/\/daltec.ch\/wp-content\/uploads\/2024\/05\/low_rider_basic_3.jpg","type":"image\/jpeg"}],"twitter_card":"summary_large_image","twitter_misc":{"Dur\u00e9e de lecture estim\u00e9e":"1 minute"},"schema":{"@context":"https:\/\/schema.org","@graph":[{"@type":"WebPage","@id":"https:\/\/daltec.ch\/product\/low-rider-basic-30","url":"https:\/\/daltec.ch\/product\/low-rider-basic-30","name":"Daltec Low Rider Basic 30 abkippbar, 5100x2100 mm, 3000 kg - Daltec","isPartOf":{"@id":"https:\/\/daltec.ch\/fr\/#website"},"primaryImageOfPage":{"@id":"https:\/\/daltec.ch\/product\/low-rider-basic-30#primaryimage"},"image":{"@id":"https:\/\/daltec.ch\/product\/low-rider-basic-30#primaryimage"},"thumbnailUrl":"https:\/\/daltec.ch\/wp-content\/uploads\/2024\/05\/low_rider_basic_3.jpg","datePublished":"2024-05-15T11:15:11+00:00","dateModified":"2025-06-18T12:38:12+00:00","breadcrumb":{"@id":"https:\/\/daltec.ch\/product\/low-rider-basic-30#breadcrumb"},"inLanguage":"fr-FR","potentialAction":[{"@type":"ReadAction","target":["https:\/\/daltec.ch\/product\/low-rider-basic-30"]}]},{"@type":"ImageObject","inLanguage":"fr-FR","@id":"https:\/\/daltec.ch\/product\/low-rider-basic-30#primaryimage","url":"https:\/\/daltec.ch\/wp-content\/uploads\/2024\/05\/low_rider_basic_3.jpg","contentUrl":"https:\/\/daltec.ch\/wp-content\/uploads\/2024\/05\/low_rider_basic_3.jpg","width":1000,"height":1000},{"@type":"BreadcrumbList","@id":"https:\/\/daltec.ch\/product\/low-rider-basic-30#breadcrumb","itemListElement":[{"@type":"ListItem","position":1,"name":"Startseite","item":"https:\/\/daltec.ch\/"},{"@type":"ListItem","position":2,"name":"anhaenger","item":"https:\/\/daltec.ch\/anhaenger"},{"@type":"ListItem","position":3,"name":"Daltec Low Rider Basic 30 abkippbar, 5100&#215;2100 mm, 3000 kg"}]},{"@type":"WebSite","@id":"https:\/\/daltec.ch\/fr\/#website","url":"https:\/\/daltec.ch\/fr\/","name":"Daltec Trailers","description":"","publisher":{"@id":"https:\/\/daltec.ch\/fr\/#organization"},"potentialAction":[{"@type":"SearchAction","target":{"@type":"EntryPoint","urlTemplate":"https:\/\/daltec.ch\/fr\/?s={search_term_string}"},"query-input":{"@type":"PropertyValueSpecification","valueRequired":true,"valueName":"search_term_string"}}],"inLanguage":"fr-FR"},{"@type":"Organization","@id":"https:\/\/daltec.ch\/fr\/#organization","name":"Daltec AG","url":"https:\/\/daltec.ch\/fr\/","logo":{"@type":"ImageObject","inLanguage":"fr-FR","@id":"https:\/\/daltec.ch\/fr\/#\/schema\/logo\/image\/","url":"https:\/\/daltec.ch\/wp-content\/uploads\/2025\/08\/dlteclogo.webp","contentUrl":"https:\/\/daltec.ch\/wp-content\/uploads\/2025\/08\/dlteclogo.webp","width":500,"height":195,"caption":"Daltec AG"},"image":{"@id":"https:\/\/daltec.ch\/fr\/#\/schema\/logo\/image\/"},"sameAs":["https:\/\/www.facebook.com\/DaltecAG"]}]}},"_links":{"self":[{"href":"http:\/\/daltec.ch\/fr\/wp-json\/wp\/v2\/product\/511","targetHints":{"allow":["GET"]}}],"collection":[{"href":"http:\/\/daltec.ch\/fr\/wp-json\/wp\/v2\/product"}],"about":[{"href":"http:\/\/daltec.ch\/fr\/wp-json\/wp\/v2\/types\/product"}],"replies":[{"embeddable":true,"href":"http:\/\/daltec.ch\/fr\/wp-json\/wp\/v2\/comments?post=511"}],"wp:featuredmedia":[{"embeddable":true,"href":"http:\/\/daltec.ch\/fr\/wp-json\/wp\/v2\/media\/1280"}],"wp:attachment":[{"href":"http:\/\/daltec.ch\/fr\/wp-json\/wp\/v2\/media?parent=511"}],"wp:term":[{"taxonomy":"product_brand","embeddable":true,"href":"http:\/\/daltec.ch\/fr\/wp-json\/wp\/v2\/product_brand?post=511"},{"taxonomy":"product_cat","embeddable":true,"href":"http:\/\/daltec.ch\/fr\/wp-json\/wp\/v2\/product_cat?post=511"},{"taxonomy":"product_tag","embeddable":true,"href":"http:\/\/daltec.ch\/fr\/wp-json\/wp\/v2\/product_tag?post=511"}],"curies":[{"name":"wp","href":"https:\/\/api.w.org\/{rel}","templated":true}]}}