{"id":1021,"date":"2024-06-21T07:23:15","date_gmt":"2024-06-21T07:23:15","guid":{"rendered":"https:\/\/demo.shrinkwaterindia.com\/?post_type=product&#038;p=1021"},"modified":"2025-07-24T06:52:32","modified_gmt":"2025-07-24T06:52:32","slug":"pt-gold-origins","status":"publish","type":"product","link":"https:\/\/daltec.ch\/de\/product\/pt-gold-origins","title":{"rendered":"Daltec Cheval Libert\u00e9 Gold Origins Aluline mit SK, 3050x1670x2300 mm, 2000 Kg"},"content":{"rendered":"<p><em><strong>Preis: Siehe Preisliste auf Startseite<\/strong><\/em><\/p>\n<p>Entdecken Sie den Gold Origins, unser Pferdeanh\u00e4nger mit einem \u00fcberdachten Komfort f\u00fcr moderne Pferde.<br \/>\nEin \u00fcberarbeitetes Leergewicht (ab 750 kg) um das Gesamtgewicht mit einer Nutzlast von 1.100 bis 2.000 kg<br \/>\nnach Wahl zu optimieren. Er ist dann perfekt mit einem kompakten Wagen zu ziehen ohne unbedingt<br \/>\neinen besonderen F\u00fchrerschein zu haben.<br \/>\n<strong>Serienausstattung:<\/strong><br \/>\nFahrgestell: Grundrahmen verschweisst und feuerverzinkt, Fahrwerk mit 2 Achsen Knott und Bremsen, V-Deichsel mit Auflaufeinrichtung Knott, R\u00fcckfahrautomatik, Kugelkupplung und Abreissleine, Verst\u00e4rktes, automatisches St\u00fctzrad. Aufbau: Aluminium-Boden Heckrampe dreh- und schwenkbar Verschleissfester Gummi auf Boden und Kombiheckrampe eingeklebt und versiegelt Karosserie mit Plywoodplatten Polydach mit stufenlos verstellbarer Dachluke 2 get\u00f6nte Ausstellfenstermit Schutzgitter Planenrollo luft- und lichtdurchl\u00e4ssig Schlagschutz links und rechts Seitenpolster Schwenkbare Trennwand mit PVC Schlagschutz H\u00f6hen- und tiefenverstelbare Brust- und Schweifstange Panikentriegelung f\u00fcr Bruststange Innenbeleuchtung 3. Bremsleuchte Beleuchtungsanlage: 12 V nach St.Vo, 13 pol Stecker.<\/p>\n","protected":false},"excerpt":{"rendered":"<h5>Preis: Siehe Preisliste auf Startseite<\/h5>\n<p>2er Pferdeanh\u00e4nger mit einem unschlagbaren Preis-Leistungsverh\u00e4ltnis<\/p>\n<h5>Technische Daten<\/h5>\n<table class=\"table\">\n<tbody>\n<tr>\n<th>L\u00e4nge<\/th>\n<td>3050 <small>mm<\/small><\/td>\n<\/tr>\n<tr>\n<th>Breite<\/th>\n<td>1670 <small>mm<\/small><\/td>\n<\/tr>\n<tr>\n<th>H\u00f6he<\/th>\n<td>2300 <small>mm<\/small><\/td>\n<\/tr>\n<tr>\n<th>Achsen<\/th>\n<td>2<small><\/small><\/td>\n<\/tr>\n<tr>\n<th>Gesamtgewicht<\/th>\n<td>2000 <small>kg<\/small><\/td>\n<\/tr>\n<tr>\n<th>Nutzlast<\/th>\n<td>1205 <small>kg<\/small><\/td>\n<\/tr>\n<tr>\n<th>R\u00e4der<\/th>\n<td>13 Zoll<\/td>\n<\/tr>\n<\/tbody>\n<\/table>\n<h6>Optionen<\/h6>\n<table>\n<tbody>\n<tr>\n<td>Sattelkammer<\/td>\n<td>0 CHF<\/td>\n<\/tr>\n<tr>\n<td>Ersatzrad mit Halter und Abdeckung<\/td>\n<td>0 CHF<\/td>\n<\/tr>\n<tr>\n<td>Sto\u00dfd\u00e4mpfer mit Tempo 100 Bescheinigung<\/td>\n<td>0 CHF<\/td>\n<\/tr>\n<\/tbody>\n<\/table>\n","protected":false},"featured_media":2612,"comment_status":"open","ping_status":"closed","template":"","meta":{"_acf_changed":false},"product_brand":[],"product_cat":[28],"product_tag":[],"class_list":{"0":"post-1021","1":"product","2":"type-product","3":"status-publish","4":"has-post-thumbnail","6":"product_cat-pferdetransportanhaenger","8":"first","9":"instock","10":"featured","11":"shipping-taxable","12":"purchasable","13":"product-type-simple"},"acf":[],"yoast_head":"<!-- This site is optimized with the Yoast SEO plugin v27.4 - https:\/\/yoast.com\/product\/yoast-seo-wordpress\/ -->\n<title>Daltec Cheval Libert\u00e9 Gold Origins Aluline mit SK, 3050x1670x2300 mm, 2000 Kg - Daltec<\/title>\n<meta name=\"robots\" content=\"index, follow, max-snippet:-1, max-image-preview:large, max-video-preview:-1\" \/>\n<link rel=\"canonical\" href=\"https:\/\/daltec.ch\/de\/product\/pt-gold-origins\/\" \/>\n<meta property=\"og:locale\" content=\"de_DE\" \/>\n<meta property=\"og:type\" content=\"article\" \/>\n<meta property=\"og:title\" content=\"Daltec Cheval Libert\u00e9 Gold Origins Aluline mit SK, 3050x1670x2300 mm, 2000 Kg - Daltec\" \/>\n<meta property=\"og:description\" content=\"Preis: Siehe Preisliste auf Startseite 2er Pferdeanh\u00e4nger mit einem unschlagbaren Preis-Leistungsverh\u00e4ltnis Technische Daten    L\u00e4nge 3050 mm   Breite 1670 mm   H\u00f6he 2300 mm   Achsen 2   Gesamtgewicht 2000 kg   Nutzlast 1205 kg   R\u00e4der 13 Zoll    Optionen    Sattelkammer 0 CHF   Ersatzrad mit Halter und Abdeckung 0 CHF   Sto\u00dfd\u00e4mpfer mit Tempo 100 Bescheinigung 0 CHF\" \/>\n<meta property=\"og:url\" content=\"https:\/\/daltec.ch\/de\/product\/pt-gold-origins\/\" \/>\n<meta property=\"og:site_name\" content=\"Daltec\" \/>\n<meta property=\"article:publisher\" content=\"https:\/\/www.facebook.com\/DaltecAG\" \/>\n<meta property=\"article:modified_time\" content=\"2025-07-24T06:52:32+00:00\" \/>\n<meta property=\"og:image\" content=\"https:\/\/daltec.ch\/wp-content\/uploads\/2024\/06\/Gold-origins-black_1.jpg\" \/>\n\t<meta property=\"og:image:width\" content=\"1104\" \/>\n\t<meta property=\"og:image:height\" content=\"1104\" \/>\n\t<meta property=\"og:image:type\" content=\"image\/jpeg\" \/>\n<meta name=\"twitter:card\" content=\"summary_large_image\" \/>\n<meta name=\"twitter:label1\" content=\"Gesch\u00e4tzte Lesezeit\" \/>\n\t<meta name=\"twitter:data1\" content=\"1\u00a0Minute\" \/>\n<script type=\"application\/ld+json\" class=\"yoast-schema-graph\">{\"@context\":\"https:\\\/\\\/schema.org\",\"@graph\":[{\"@type\":\"WebPage\",\"@id\":\"https:\\\/\\\/daltec.ch\\\/product\\\/pt-gold-origins\",\"url\":\"https:\\\/\\\/daltec.ch\\\/product\\\/pt-gold-origins\",\"name\":\"Daltec Cheval Libert\u00e9 Gold Origins Aluline mit SK, 3050x1670x2300 mm, 2000 Kg - Daltec\",\"isPartOf\":{\"@id\":\"https:\\\/\\\/daltec.ch\\\/fr\\\/#website\"},\"primaryImageOfPage\":{\"@id\":\"https:\\\/\\\/daltec.ch\\\/product\\\/pt-gold-origins#primaryimage\"},\"image\":{\"@id\":\"https:\\\/\\\/daltec.ch\\\/product\\\/pt-gold-origins#primaryimage\"},\"thumbnailUrl\":\"https:\\\/\\\/daltec.ch\\\/wp-content\\\/uploads\\\/2024\\\/06\\\/Gold-origins-black_1.jpg\",\"datePublished\":\"2024-06-21T07:23:15+00:00\",\"dateModified\":\"2025-07-24T06:52:32+00:00\",\"breadcrumb\":{\"@id\":\"https:\\\/\\\/daltec.ch\\\/product\\\/pt-gold-origins#breadcrumb\"},\"inLanguage\":\"de-CH\",\"potentialAction\":[{\"@type\":\"ReadAction\",\"target\":[\"https:\\\/\\\/daltec.ch\\\/product\\\/pt-gold-origins\"]}]},{\"@type\":\"ImageObject\",\"inLanguage\":\"de-CH\",\"@id\":\"https:\\\/\\\/daltec.ch\\\/product\\\/pt-gold-origins#primaryimage\",\"url\":\"https:\\\/\\\/daltec.ch\\\/wp-content\\\/uploads\\\/2024\\\/06\\\/Gold-origins-black_1.jpg\",\"contentUrl\":\"https:\\\/\\\/daltec.ch\\\/wp-content\\\/uploads\\\/2024\\\/06\\\/Gold-origins-black_1.jpg\",\"width\":1104,\"height\":1104},{\"@type\":\"BreadcrumbList\",\"@id\":\"https:\\\/\\\/daltec.ch\\\/product\\\/pt-gold-origins#breadcrumb\",\"itemListElement\":[{\"@type\":\"ListItem\",\"position\":1,\"name\":\"Startseite\",\"item\":\"https:\\\/\\\/daltec.ch\\\/\"},{\"@type\":\"ListItem\",\"position\":2,\"name\":\"anhaenger\",\"item\":\"https:\\\/\\\/daltec.ch\\\/anhaenger\"},{\"@type\":\"ListItem\",\"position\":3,\"name\":\"Daltec Cheval Libert\u00e9 Gold Origins Aluline mit SK, 3050x1670x2300 mm, 2000 Kg\"}]},{\"@type\":\"WebSite\",\"@id\":\"https:\\\/\\\/daltec.ch\\\/fr\\\/#website\",\"url\":\"https:\\\/\\\/daltec.ch\\\/fr\\\/\",\"name\":\"Daltec Trailers\",\"description\":\"\",\"publisher\":{\"@id\":\"https:\\\/\\\/daltec.ch\\\/fr\\\/#organization\"},\"potentialAction\":[{\"@type\":\"SearchAction\",\"target\":{\"@type\":\"EntryPoint\",\"urlTemplate\":\"https:\\\/\\\/daltec.ch\\\/fr\\\/?s={search_term_string}\"},\"query-input\":{\"@type\":\"PropertyValueSpecification\",\"valueRequired\":true,\"valueName\":\"search_term_string\"}}],\"inLanguage\":\"de-CH\"},{\"@type\":\"Organization\",\"@id\":\"https:\\\/\\\/daltec.ch\\\/fr\\\/#organization\",\"name\":\"Daltec AG\",\"url\":\"https:\\\/\\\/daltec.ch\\\/fr\\\/\",\"logo\":{\"@type\":\"ImageObject\",\"inLanguage\":\"de-CH\",\"@id\":\"https:\\\/\\\/daltec.ch\\\/fr\\\/#\\\/schema\\\/logo\\\/image\\\/\",\"url\":\"https:\\\/\\\/daltec.ch\\\/wp-content\\\/uploads\\\/2025\\\/08\\\/dlteclogo.webp\",\"contentUrl\":\"https:\\\/\\\/daltec.ch\\\/wp-content\\\/uploads\\\/2025\\\/08\\\/dlteclogo.webp\",\"width\":500,\"height\":195,\"caption\":\"Daltec AG\"},\"image\":{\"@id\":\"https:\\\/\\\/daltec.ch\\\/fr\\\/#\\\/schema\\\/logo\\\/image\\\/\"},\"sameAs\":[\"https:\\\/\\\/www.facebook.com\\\/DaltecAG\"]}]}<\/script>\n<!-- \/ Yoast SEO plugin. -->","yoast_head_json":{"title":"Daltec Cheval Libert\u00e9 Gold Origins Aluline mit SK, 3050x1670x2300 mm, 2000 Kg - Daltec","robots":{"index":"index","follow":"follow","max-snippet":"max-snippet:-1","max-image-preview":"max-image-preview:large","max-video-preview":"max-video-preview:-1"},"canonical":"https:\/\/daltec.ch\/de\/product\/pt-gold-origins\/","og_locale":"de_DE","og_type":"article","og_title":"Daltec Cheval Libert\u00e9 Gold Origins Aluline mit SK, 3050x1670x2300 mm, 2000 Kg - Daltec","og_description":"Preis: Siehe Preisliste auf Startseite 2er Pferdeanh\u00e4nger mit einem unschlagbaren Preis-Leistungsverh\u00e4ltnis Technische Daten    L\u00e4nge 3050 mm   Breite 1670 mm   H\u00f6he 2300 mm   Achsen 2   Gesamtgewicht 2000 kg   Nutzlast 1205 kg   R\u00e4der 13 Zoll    Optionen    Sattelkammer 0 CHF   Ersatzrad mit Halter und Abdeckung 0 CHF   Sto\u00dfd\u00e4mpfer mit Tempo 100 Bescheinigung 0 CHF","og_url":"https:\/\/daltec.ch\/de\/product\/pt-gold-origins\/","og_site_name":"Daltec","article_publisher":"https:\/\/www.facebook.com\/DaltecAG","article_modified_time":"2025-07-24T06:52:32+00:00","og_image":[{"width":1104,"height":1104,"url":"https:\/\/daltec.ch\/wp-content\/uploads\/2024\/06\/Gold-origins-black_1.jpg","type":"image\/jpeg"}],"twitter_card":"summary_large_image","twitter_misc":{"Gesch\u00e4tzte Lesezeit":"1\u00a0Minute"},"schema":{"@context":"https:\/\/schema.org","@graph":[{"@type":"WebPage","@id":"https:\/\/daltec.ch\/product\/pt-gold-origins","url":"https:\/\/daltec.ch\/product\/pt-gold-origins","name":"Daltec Cheval Libert\u00e9 Gold Origins Aluline mit SK, 3050x1670x2300 mm, 2000 Kg - Daltec","isPartOf":{"@id":"https:\/\/daltec.ch\/fr\/#website"},"primaryImageOfPage":{"@id":"https:\/\/daltec.ch\/product\/pt-gold-origins#primaryimage"},"image":{"@id":"https:\/\/daltec.ch\/product\/pt-gold-origins#primaryimage"},"thumbnailUrl":"https:\/\/daltec.ch\/wp-content\/uploads\/2024\/06\/Gold-origins-black_1.jpg","datePublished":"2024-06-21T07:23:15+00:00","dateModified":"2025-07-24T06:52:32+00:00","breadcrumb":{"@id":"https:\/\/daltec.ch\/product\/pt-gold-origins#breadcrumb"},"inLanguage":"de-CH","potentialAction":[{"@type":"ReadAction","target":["https:\/\/daltec.ch\/product\/pt-gold-origins"]}]},{"@type":"ImageObject","inLanguage":"de-CH","@id":"https:\/\/daltec.ch\/product\/pt-gold-origins#primaryimage","url":"https:\/\/daltec.ch\/wp-content\/uploads\/2024\/06\/Gold-origins-black_1.jpg","contentUrl":"https:\/\/daltec.ch\/wp-content\/uploads\/2024\/06\/Gold-origins-black_1.jpg","width":1104,"height":1104},{"@type":"BreadcrumbList","@id":"https:\/\/daltec.ch\/product\/pt-gold-origins#breadcrumb","itemListElement":[{"@type":"ListItem","position":1,"name":"Startseite","item":"https:\/\/daltec.ch\/"},{"@type":"ListItem","position":2,"name":"anhaenger","item":"https:\/\/daltec.ch\/anhaenger"},{"@type":"ListItem","position":3,"name":"Daltec Cheval Libert\u00e9 Gold Origins Aluline mit SK, 3050x1670x2300 mm, 2000 Kg"}]},{"@type":"WebSite","@id":"https:\/\/daltec.ch\/fr\/#website","url":"https:\/\/daltec.ch\/fr\/","name":"Daltec Trailers","description":"","publisher":{"@id":"https:\/\/daltec.ch\/fr\/#organization"},"potentialAction":[{"@type":"SearchAction","target":{"@type":"EntryPoint","urlTemplate":"https:\/\/daltec.ch\/fr\/?s={search_term_string}"},"query-input":{"@type":"PropertyValueSpecification","valueRequired":true,"valueName":"search_term_string"}}],"inLanguage":"de-CH"},{"@type":"Organization","@id":"https:\/\/daltec.ch\/fr\/#organization","name":"Daltec AG","url":"https:\/\/daltec.ch\/fr\/","logo":{"@type":"ImageObject","inLanguage":"de-CH","@id":"https:\/\/daltec.ch\/fr\/#\/schema\/logo\/image\/","url":"https:\/\/daltec.ch\/wp-content\/uploads\/2025\/08\/dlteclogo.webp","contentUrl":"https:\/\/daltec.ch\/wp-content\/uploads\/2025\/08\/dlteclogo.webp","width":500,"height":195,"caption":"Daltec AG"},"image":{"@id":"https:\/\/daltec.ch\/fr\/#\/schema\/logo\/image\/"},"sameAs":["https:\/\/www.facebook.com\/DaltecAG"]}]}},"_links":{"self":[{"href":"https:\/\/daltec.ch\/de\/wp-json\/wp\/v2\/product\/1021","targetHints":{"allow":["GET"]}}],"collection":[{"href":"https:\/\/daltec.ch\/de\/wp-json\/wp\/v2\/product"}],"about":[{"href":"https:\/\/daltec.ch\/de\/wp-json\/wp\/v2\/types\/product"}],"replies":[{"embeddable":true,"href":"https:\/\/daltec.ch\/de\/wp-json\/wp\/v2\/comments?post=1021"}],"wp:featuredmedia":[{"embeddable":true,"href":"https:\/\/daltec.ch\/de\/wp-json\/wp\/v2\/media\/2612"}],"wp:attachment":[{"href":"https:\/\/daltec.ch\/de\/wp-json\/wp\/v2\/media?parent=1021"}],"wp:term":[{"taxonomy":"product_brand","embeddable":true,"href":"https:\/\/daltec.ch\/de\/wp-json\/wp\/v2\/product_brand?post=1021"},{"taxonomy":"product_cat","embeddable":true,"href":"https:\/\/daltec.ch\/de\/wp-json\/wp\/v2\/product_cat?post=1021"},{"taxonomy":"product_tag","embeddable":true,"href":"https:\/\/daltec.ch\/de\/wp-json\/wp\/v2\/product_tag?post=1021"}],"curies":[{"name":"wp","href":"https:\/\/api.w.org\/{rel}","templated":true}]}}