{"id":1023,"date":"2024-06-21T07:38:04","date_gmt":"2024-06-21T07:38:04","guid":{"rendered":"https:\/\/demo.shrinkwaterindia.com\/?post_type=product&#038;p=1023"},"modified":"2025-07-24T06:52:23","modified_gmt":"2025-07-24T06:52:23","slug":"pt-maxi-3","status":"publish","type":"product","link":"https:\/\/daltec.ch\/de\/product\/pt-maxi-3","title":{"rendered":"Daltec Cheval Libert\u00e9 Maxi 3, 4200x2070x2300 mm, 3500 Kg"},"content":{"rendered":"<p><em><strong>Preis: Siehe Preisliste auf Startseite<\/strong><\/em><\/p>\n<p>Ein exeptionelles Innenvolumen und eine komplett einstellbare Inneneinrichtung ! Bestm\u00f6gliche Fahreingenschaften dank dem Pullmansystem und die aerodynamische Form. Ausgestattet um Komfort, Sicherheit und Bel\u00fcftung zu garantieren. Tiefe Ladeh\u00f6he um 3 Pferde ohne Probleme in diagonaler Stellung zu verladen!<br \/>\n<strong>Serienausstattung:<\/strong><br \/>\nFahrgestell: Grundrahmen verschweisst und feuerverzinkt Niederfluraufbau mit einer Ladeh\u00f6he von 35 cm Pullmann 2 Komfortfahrwerk mit Einzelradaufh\u00e4ngung V-Deichsel Kugelkupplung Abreissleine Verst\u00e4rktes, automatisches St\u00fctzrad mittig angebracht Kotfl\u00fcgel aus Kunststoff Aufbau: Bug und Dach aus verst\u00e4rktem Polyester, aerodynamisch geformt Seitenw\u00e4nde 18 mm und Boden 25 mm aus Aluminium mit 5 Jahren Werksgarantie Dach ausgestattet mit einstelbarem Bel\u00fcftungssystem Heckrampe dreh- und schwenkbar. Verschleissfester Gummi auf Boden und Kombiheckrampe eingeklebt und versiegelt Grosse Seitenklappe links ausgestattet mit 2 Fenster get\u00f6nt und mit Schutzgitter Vorderausstieg mit Seitenklappe oben und integriertem Fenster get\u00f6nt mit Schutzgitter Schiebefenster vorne rechts Integrierte Trittleisten auf Seitenausstieg und Kombiheckrampe Planenrollo luft- und lichtdurchl\u00e4ssig. Schlagschutz und Seitenpolster links und rechts Schwenkbare Alutrennwand mit PVC Schlagschutz. H\u00f6hen- und tiefenverstellbare Brust- und Schweifstangen. Panikentriegelung f\u00fcr Bruststangen Anbinderinge innen und aussen Sattelkammer mit Sattelhalterung, Aufh\u00e4nghacken und Spiegel, Netz f\u00fcr Documente Innenbeleuchtung, 3. Bremsleuchte. Beleuchtungsanlage: 12 V nach StVO, 13 pol Stecker<\/p>\n","protected":false},"excerpt":{"rendered":"<h5>Preis: Siehe Preisliste auf Startseite<\/h5>\n<p>3 Pferde sicher und komfortabel transportieren<\/p>\n<h5>Technische Daten<\/h5>\n<table class=\"table\">\n<tbody>\n<tr>\n<th>L\u00e4nge<\/th>\n<td>4200 <small>mm<\/small><\/td>\n<\/tr>\n<tr>\n<th>Breite<\/th>\n<td>2070 <small>mm<\/small><\/td>\n<\/tr>\n<tr>\n<th>H\u00f6he<\/th>\n<td>2300 <small>mm<\/small><\/td>\n<\/tr>\n<tr>\n<th>Achsen<\/th>\n<td>2<small><\/small><\/td>\n<\/tr>\n<tr>\n<th>Gesamtgewicht<\/th>\n<td>3500 <small>kg<\/small><\/td>\n<\/tr>\n<tr>\n<th>Nutzlast<\/th>\n<td>1720 <small>kg<\/small><\/td>\n<\/tr>\n<tr>\n<th>R\u00e4der<\/th>\n<td>13 Zoll<\/td>\n<\/tr>\n<\/tbody>\n<\/table>\n<h6>Optionen<\/h6>\n<table>\n<tbody>\n<tr>\n<td>2 Dachl\u00fcfter<\/td>\n<td>200 CHF<\/td>\n<\/tr>\n<tr>\n<td>Zus\u00e4tzliche Trennwand Alu mit Inox-Rahmen<\/td>\n<td>1160 CHF<\/td>\n<\/tr>\n<tr>\n<td>Zus\u00e4tzliche Trennwand Alu mit lackiertem Stahlrahmen<\/td>\n<td>550 CHF<\/td>\n<\/tr>\n<tr>\n<td>2 Fenster 400&#215;300 mm in Hechfl\u00fcgelt\u00fcren<\/td>\n<td>440 CHF<\/td>\n<\/tr>\n<tr>\n<td>Inox-Kit (Trennw\u00e4nde)<\/td>\n<td>1640 CHF<\/td>\n<\/tr>\n<tr>\n<td>Zus\u00e4tzliche Inox-Anbindestange links Aussen<\/td>\n<td>350 CHF<\/td>\n<\/tr>\n<tr>\n<td>2 Heckfl\u00fcgelt\u00fcren Hinten (statt Rampe)<\/td>\n<td>760 CHF<\/td>\n<\/tr>\n<tr>\n<td>Gep\u00e4ckablage innen f\u00fcr Decken usw.<\/td>\n<td>350 CHF<\/td>\n<\/tr>\n<\/tbody>\n<\/table>\n","protected":false},"featured_media":2613,"comment_status":"open","ping_status":"closed","template":"","meta":{"_acf_changed":false},"product_brand":[],"product_cat":[28],"product_tag":[],"class_list":{"0":"post-1023","1":"product","2":"type-product","3":"status-publish","4":"has-post-thumbnail","6":"product_cat-pferdetransportanhaenger","8":"first","9":"instock","10":"featured","11":"shipping-taxable","12":"purchasable","13":"product-type-simple"},"acf":[],"yoast_head":"<!-- This site is optimized with the Yoast SEO plugin v27.4 - https:\/\/yoast.com\/product\/yoast-seo-wordpress\/ -->\n<title>Daltec Cheval Libert\u00e9 Maxi 3, 4200x2070x2300 mm, 3500 Kg - Daltec<\/title>\n<meta name=\"robots\" content=\"index, follow, max-snippet:-1, max-image-preview:large, max-video-preview:-1\" \/>\n<link rel=\"canonical\" href=\"https:\/\/daltec.ch\/de\/product\/pt-maxi-3\/\" \/>\n<meta property=\"og:locale\" content=\"de_DE\" \/>\n<meta property=\"og:type\" content=\"article\" \/>\n<meta property=\"og:title\" content=\"Daltec Cheval Libert\u00e9 Maxi 3, 4200x2070x2300 mm, 3500 Kg - Daltec\" \/>\n<meta property=\"og:description\" content=\"Preis: Siehe Preisliste auf Startseite 3 Pferde sicher und komfortabel transportieren Technische Daten    L\u00e4nge 4200 mm   Breite 2070 mm   H\u00f6he 2300 mm   Achsen 2   Gesamtgewicht 3500 kg   Nutzlast 1720 kg   R\u00e4der 13 Zoll    Optionen    2 Dachl\u00fcfter 200 CHF   Zus\u00e4tzliche Trennwand Alu mit Inox-Rahmen 1160 CHF   Zus\u00e4tzliche Trennwand Alu mit lackiertem Stahlrahmen 550 CHF   2 Fenster 400x300 mm in Hechfl\u00fcgelt\u00fcren 440 CHF   Inox-Kit (Trennw\u00e4nde) 1640 CHF   Zus\u00e4tzliche Inox-Anbindestange links Aussen 350 CHF   2 Heckfl\u00fcgelt\u00fcren Hinten (statt Rampe) 760 CHF   Gep\u00e4ckablage innen f\u00fcr Decken usw. 350 CHF\" \/>\n<meta property=\"og:url\" content=\"https:\/\/daltec.ch\/de\/product\/pt-maxi-3\/\" \/>\n<meta property=\"og:site_name\" content=\"Daltec\" \/>\n<meta property=\"article:publisher\" content=\"https:\/\/www.facebook.com\/DaltecAG\" \/>\n<meta property=\"article:modified_time\" content=\"2025-07-24T06:52:23+00:00\" \/>\n<meta property=\"og:image\" content=\"https:\/\/daltec.ch\/wp-content\/uploads\/2024\/06\/Maxi-3-navy-blue-1.jpg\" \/>\n\t<meta property=\"og:image:width\" content=\"1094\" \/>\n\t<meta property=\"og:image:height\" content=\"1094\" \/>\n\t<meta property=\"og:image:type\" content=\"image\/jpeg\" \/>\n<meta name=\"twitter:card\" content=\"summary_large_image\" \/>\n<meta name=\"twitter:label1\" content=\"Gesch\u00e4tzte Lesezeit\" \/>\n\t<meta name=\"twitter:data1\" content=\"1\u00a0Minute\" \/>\n<script type=\"application\/ld+json\" class=\"yoast-schema-graph\">{\"@context\":\"https:\\\/\\\/schema.org\",\"@graph\":[{\"@type\":\"WebPage\",\"@id\":\"https:\\\/\\\/daltec.ch\\\/product\\\/pt-maxi-3\",\"url\":\"https:\\\/\\\/daltec.ch\\\/product\\\/pt-maxi-3\",\"name\":\"Daltec Cheval Libert\u00e9 Maxi 3, 4200x2070x2300 mm, 3500 Kg - Daltec\",\"isPartOf\":{\"@id\":\"https:\\\/\\\/daltec.ch\\\/fr\\\/#website\"},\"primaryImageOfPage\":{\"@id\":\"https:\\\/\\\/daltec.ch\\\/product\\\/pt-maxi-3#primaryimage\"},\"image\":{\"@id\":\"https:\\\/\\\/daltec.ch\\\/product\\\/pt-maxi-3#primaryimage\"},\"thumbnailUrl\":\"https:\\\/\\\/daltec.ch\\\/wp-content\\\/uploads\\\/2024\\\/06\\\/Maxi-3-navy-blue-1.jpg\",\"datePublished\":\"2024-06-21T07:38:04+00:00\",\"dateModified\":\"2025-07-24T06:52:23+00:00\",\"breadcrumb\":{\"@id\":\"https:\\\/\\\/daltec.ch\\\/product\\\/pt-maxi-3#breadcrumb\"},\"inLanguage\":\"de-CH\",\"potentialAction\":[{\"@type\":\"ReadAction\",\"target\":[\"https:\\\/\\\/daltec.ch\\\/product\\\/pt-maxi-3\"]}]},{\"@type\":\"ImageObject\",\"inLanguage\":\"de-CH\",\"@id\":\"https:\\\/\\\/daltec.ch\\\/product\\\/pt-maxi-3#primaryimage\",\"url\":\"https:\\\/\\\/daltec.ch\\\/wp-content\\\/uploads\\\/2024\\\/06\\\/Maxi-3-navy-blue-1.jpg\",\"contentUrl\":\"https:\\\/\\\/daltec.ch\\\/wp-content\\\/uploads\\\/2024\\\/06\\\/Maxi-3-navy-blue-1.jpg\",\"width\":1094,\"height\":1094},{\"@type\":\"BreadcrumbList\",\"@id\":\"https:\\\/\\\/daltec.ch\\\/product\\\/pt-maxi-3#breadcrumb\",\"itemListElement\":[{\"@type\":\"ListItem\",\"position\":1,\"name\":\"Startseite\",\"item\":\"https:\\\/\\\/daltec.ch\\\/\"},{\"@type\":\"ListItem\",\"position\":2,\"name\":\"anhaenger\",\"item\":\"https:\\\/\\\/daltec.ch\\\/anhaenger\"},{\"@type\":\"ListItem\",\"position\":3,\"name\":\"Daltec Cheval Libert\u00e9 Maxi 3, 4200x2070x2300 mm, 3500 Kg\"}]},{\"@type\":\"WebSite\",\"@id\":\"https:\\\/\\\/daltec.ch\\\/fr\\\/#website\",\"url\":\"https:\\\/\\\/daltec.ch\\\/fr\\\/\",\"name\":\"Daltec Trailers\",\"description\":\"\",\"publisher\":{\"@id\":\"https:\\\/\\\/daltec.ch\\\/fr\\\/#organization\"},\"potentialAction\":[{\"@type\":\"SearchAction\",\"target\":{\"@type\":\"EntryPoint\",\"urlTemplate\":\"https:\\\/\\\/daltec.ch\\\/fr\\\/?s={search_term_string}\"},\"query-input\":{\"@type\":\"PropertyValueSpecification\",\"valueRequired\":true,\"valueName\":\"search_term_string\"}}],\"inLanguage\":\"de-CH\"},{\"@type\":\"Organization\",\"@id\":\"https:\\\/\\\/daltec.ch\\\/fr\\\/#organization\",\"name\":\"Daltec AG\",\"url\":\"https:\\\/\\\/daltec.ch\\\/fr\\\/\",\"logo\":{\"@type\":\"ImageObject\",\"inLanguage\":\"de-CH\",\"@id\":\"https:\\\/\\\/daltec.ch\\\/fr\\\/#\\\/schema\\\/logo\\\/image\\\/\",\"url\":\"https:\\\/\\\/daltec.ch\\\/wp-content\\\/uploads\\\/2025\\\/08\\\/dlteclogo.webp\",\"contentUrl\":\"https:\\\/\\\/daltec.ch\\\/wp-content\\\/uploads\\\/2025\\\/08\\\/dlteclogo.webp\",\"width\":500,\"height\":195,\"caption\":\"Daltec AG\"},\"image\":{\"@id\":\"https:\\\/\\\/daltec.ch\\\/fr\\\/#\\\/schema\\\/logo\\\/image\\\/\"},\"sameAs\":[\"https:\\\/\\\/www.facebook.com\\\/DaltecAG\"]}]}<\/script>\n<!-- \/ Yoast SEO plugin. -->","yoast_head_json":{"title":"Daltec Cheval Libert\u00e9 Maxi 3, 4200x2070x2300 mm, 3500 Kg - Daltec","robots":{"index":"index","follow":"follow","max-snippet":"max-snippet:-1","max-image-preview":"max-image-preview:large","max-video-preview":"max-video-preview:-1"},"canonical":"https:\/\/daltec.ch\/de\/product\/pt-maxi-3\/","og_locale":"de_DE","og_type":"article","og_title":"Daltec Cheval Libert\u00e9 Maxi 3, 4200x2070x2300 mm, 3500 Kg - Daltec","og_description":"Preis: Siehe Preisliste auf Startseite 3 Pferde sicher und komfortabel transportieren Technische Daten    L\u00e4nge 4200 mm   Breite 2070 mm   H\u00f6he 2300 mm   Achsen 2   Gesamtgewicht 3500 kg   Nutzlast 1720 kg   R\u00e4der 13 Zoll    Optionen    2 Dachl\u00fcfter 200 CHF   Zus\u00e4tzliche Trennwand Alu mit Inox-Rahmen 1160 CHF   Zus\u00e4tzliche Trennwand Alu mit lackiertem Stahlrahmen 550 CHF   2 Fenster 400x300 mm in Hechfl\u00fcgelt\u00fcren 440 CHF   Inox-Kit (Trennw\u00e4nde) 1640 CHF   Zus\u00e4tzliche Inox-Anbindestange links Aussen 350 CHF   2 Heckfl\u00fcgelt\u00fcren Hinten (statt Rampe) 760 CHF   Gep\u00e4ckablage innen f\u00fcr Decken usw. 350 CHF","og_url":"https:\/\/daltec.ch\/de\/product\/pt-maxi-3\/","og_site_name":"Daltec","article_publisher":"https:\/\/www.facebook.com\/DaltecAG","article_modified_time":"2025-07-24T06:52:23+00:00","og_image":[{"width":1094,"height":1094,"url":"https:\/\/daltec.ch\/wp-content\/uploads\/2024\/06\/Maxi-3-navy-blue-1.jpg","type":"image\/jpeg"}],"twitter_card":"summary_large_image","twitter_misc":{"Gesch\u00e4tzte Lesezeit":"1\u00a0Minute"},"schema":{"@context":"https:\/\/schema.org","@graph":[{"@type":"WebPage","@id":"https:\/\/daltec.ch\/product\/pt-maxi-3","url":"https:\/\/daltec.ch\/product\/pt-maxi-3","name":"Daltec Cheval Libert\u00e9 Maxi 3, 4200x2070x2300 mm, 3500 Kg - Daltec","isPartOf":{"@id":"https:\/\/daltec.ch\/fr\/#website"},"primaryImageOfPage":{"@id":"https:\/\/daltec.ch\/product\/pt-maxi-3#primaryimage"},"image":{"@id":"https:\/\/daltec.ch\/product\/pt-maxi-3#primaryimage"},"thumbnailUrl":"https:\/\/daltec.ch\/wp-content\/uploads\/2024\/06\/Maxi-3-navy-blue-1.jpg","datePublished":"2024-06-21T07:38:04+00:00","dateModified":"2025-07-24T06:52:23+00:00","breadcrumb":{"@id":"https:\/\/daltec.ch\/product\/pt-maxi-3#breadcrumb"},"inLanguage":"de-CH","potentialAction":[{"@type":"ReadAction","target":["https:\/\/daltec.ch\/product\/pt-maxi-3"]}]},{"@type":"ImageObject","inLanguage":"de-CH","@id":"https:\/\/daltec.ch\/product\/pt-maxi-3#primaryimage","url":"https:\/\/daltec.ch\/wp-content\/uploads\/2024\/06\/Maxi-3-navy-blue-1.jpg","contentUrl":"https:\/\/daltec.ch\/wp-content\/uploads\/2024\/06\/Maxi-3-navy-blue-1.jpg","width":1094,"height":1094},{"@type":"BreadcrumbList","@id":"https:\/\/daltec.ch\/product\/pt-maxi-3#breadcrumb","itemListElement":[{"@type":"ListItem","position":1,"name":"Startseite","item":"https:\/\/daltec.ch\/"},{"@type":"ListItem","position":2,"name":"anhaenger","item":"https:\/\/daltec.ch\/anhaenger"},{"@type":"ListItem","position":3,"name":"Daltec Cheval Libert\u00e9 Maxi 3, 4200x2070x2300 mm, 3500 Kg"}]},{"@type":"WebSite","@id":"https:\/\/daltec.ch\/fr\/#website","url":"https:\/\/daltec.ch\/fr\/","name":"Daltec Trailers","description":"","publisher":{"@id":"https:\/\/daltec.ch\/fr\/#organization"},"potentialAction":[{"@type":"SearchAction","target":{"@type":"EntryPoint","urlTemplate":"https:\/\/daltec.ch\/fr\/?s={search_term_string}"},"query-input":{"@type":"PropertyValueSpecification","valueRequired":true,"valueName":"search_term_string"}}],"inLanguage":"de-CH"},{"@type":"Organization","@id":"https:\/\/daltec.ch\/fr\/#organization","name":"Daltec AG","url":"https:\/\/daltec.ch\/fr\/","logo":{"@type":"ImageObject","inLanguage":"de-CH","@id":"https:\/\/daltec.ch\/fr\/#\/schema\/logo\/image\/","url":"https:\/\/daltec.ch\/wp-content\/uploads\/2025\/08\/dlteclogo.webp","contentUrl":"https:\/\/daltec.ch\/wp-content\/uploads\/2025\/08\/dlteclogo.webp","width":500,"height":195,"caption":"Daltec AG"},"image":{"@id":"https:\/\/daltec.ch\/fr\/#\/schema\/logo\/image\/"},"sameAs":["https:\/\/www.facebook.com\/DaltecAG"]}]}},"_links":{"self":[{"href":"https:\/\/daltec.ch\/de\/wp-json\/wp\/v2\/product\/1023","targetHints":{"allow":["GET"]}}],"collection":[{"href":"https:\/\/daltec.ch\/de\/wp-json\/wp\/v2\/product"}],"about":[{"href":"https:\/\/daltec.ch\/de\/wp-json\/wp\/v2\/types\/product"}],"replies":[{"embeddable":true,"href":"https:\/\/daltec.ch\/de\/wp-json\/wp\/v2\/comments?post=1023"}],"wp:featuredmedia":[{"embeddable":true,"href":"https:\/\/daltec.ch\/de\/wp-json\/wp\/v2\/media\/2613"}],"wp:attachment":[{"href":"https:\/\/daltec.ch\/de\/wp-json\/wp\/v2\/media?parent=1023"}],"wp:term":[{"taxonomy":"product_brand","embeddable":true,"href":"https:\/\/daltec.ch\/de\/wp-json\/wp\/v2\/product_brand?post=1023"},{"taxonomy":"product_cat","embeddable":true,"href":"https:\/\/daltec.ch\/de\/wp-json\/wp\/v2\/product_cat?post=1023"},{"taxonomy":"product_tag","embeddable":true,"href":"https:\/\/daltec.ch\/de\/wp-json\/wp\/v2\/product_tag?post=1023"}],"curies":[{"name":"wp","href":"https:\/\/api.w.org\/{rel}","templated":true}]}}