{"id":1030,"date":"2024-06-24T06:15:04","date_gmt":"2024-06-24T06:15:04","guid":{"rendered":"https:\/\/demo.shrinkwaterindia.com\/?post_type=product&#038;p=1030"},"modified":"2025-08-29T07:59:58","modified_gmt":"2025-08-29T07:59:58","slug":"hawai","status":"publish","type":"product","link":"https:\/\/daltec.ch\/de\/product\/hawai","title":{"rendered":"Daltec Hawai Basic, 4200x2000x2300 mm, 2000 Kg"},"content":{"rendered":"<p><em><strong>Preis: Siehe Preisliste auf Startseite<\/strong><\/em><\/p>\n<p>Der Verkaufsanh\u00e4nger basiert auf den modernen Sandwichplatten. Die Au\u00dfen- und Innenwand besteht aus Polyesterlaminat und die W\u00e4rmed\u00e4mmung aus XPS-Styrodur, das eine sehr gute W\u00e4rmed\u00e4mmung bietet. Dar\u00fcber hinaus ist es haltbarer und widerstandsf\u00e4higer gegen Feuchtigkeit und Wasserdampfdiffusion. Der Anh\u00e4nger der Firma TOMPLAN wurde aus den hochwertigsten Materialien hergestellt, was zu einer perfekten Dichtigkeit und einer problemlosen Nutzung des Anh\u00e4ngers f\u00fchrt.<br \/>\nServicet\u00fcr + 2 hochklappbare und verschlie\u00dfbare W\u00e4nde, Arbeitsplatten, Strom, kleine Tafel und 2 Steckdosen 240V (Euro-Typ)<\/p>\n<h4>Serienausstattung:<\/h4>\n<p>Robustes und voll verzinktes Fahrgestell mit V-Deichsel Konstruktion aus Sandwichplatten \u2013 sehr stark Thermische Isolierung &#8211; Styrodur XPS-Schaum Innen- und Au\u00dfenschicht aus Polyester-Laminat Farbe wei\u00df R\u00e4nder, W\u00e4nde und Dach mit Alu-Profilen verst\u00e4rkt, thermoisoliert PVC-Bodenbelag mit erh\u00f6hter Abriebfestigkeit 2 gro\u00dfe Verkaufsklappen: 1 gro\u00dfe Verkaufsklappe mit Gasfederst\u00fctzen in der Seitenwand rechts oder links + 1 Verkaufsklappe hinten St\u00fctzrad ATK 60 4 St\u00fctzen verstellbar + Kurbel f\u00fcr sicheres Beladen Trittblech auf Deichsel Eingangst\u00fcr in der Vorderwand, abschlie\u00dfbar + Schl\u00fcssel 13-poliger Stecker<\/p>\n","protected":false},"excerpt":{"rendered":"<h5>Preis: Siehe Preisliste auf Startseite<\/h5>\n<p>Ein zweiachsiger Anh\u00e4nger mit 2 Verkaufsklappen.<\/p>\n<h4>Technical data<\/h4>\n<table class=\"table\">\n<tbody>\n<tr>\n<th>L\u00e4nge<\/th>\n<td>4200 <small>mm<\/small><\/td>\n<\/tr>\n<tr>\n<th>Breite<\/th>\n<td>2000 <small>mm<\/small><\/td>\n<\/tr>\n<tr>\n<th>H\u00f6he<\/th>\n<td>2300 <small>mm<\/small><\/td>\n<\/tr>\n<tr>\n<th>Achsen<\/th>\n<td>2<small><\/small><\/td>\n<\/tr>\n<tr>\n<th>Gesamtgewicht<\/th>\n<td>2000 <small>kg<\/small><\/td>\n<\/tr>\n<tr>\n<th>Nutzlast<\/th>\n<td>945 <small>kg<\/small><\/td>\n<\/tr>\n<tr>\n<th>R\u00e4der<\/th>\n<td>165 R13C<\/td>\n<\/tr>\n<\/tbody>\n<\/table>\n","protected":false},"featured_media":817,"comment_status":"open","ping_status":"closed","template":"","meta":{"_acf_changed":false},"product_brand":[],"product_cat":[31],"product_tag":[],"class_list":{"0":"post-1030","1":"product","2":"type-product","3":"status-publish","4":"has-post-thumbnail","6":"product_cat-verkaufsfanhaenger","8":"first","9":"instock","10":"featured","11":"shipping-taxable","12":"purchasable","13":"product-type-simple"},"acf":[],"yoast_head":"<!-- This site is optimized with the Yoast SEO plugin v27.2 - https:\/\/yoast.com\/product\/yoast-seo-wordpress\/ -->\n<title>Daltec Hawai Basic, 4200x2000x2300 mm, 2000 Kg - Daltec<\/title>\n<meta name=\"robots\" content=\"index, follow, max-snippet:-1, max-image-preview:large, max-video-preview:-1\" \/>\n<link rel=\"canonical\" href=\"https:\/\/daltec.ch\/de\/product\/hawai\/\" \/>\n<meta property=\"og:locale\" content=\"de_DE\" \/>\n<meta property=\"og:type\" content=\"article\" \/>\n<meta property=\"og:title\" content=\"Daltec Hawai Basic, 4200x2000x2300 mm, 2000 Kg - Daltec\" \/>\n<meta property=\"og:description\" content=\"Preis: Siehe Preisliste auf Startseite Ein zweiachsiger Anh\u00e4nger mit 2 Verkaufsklappen. Technical data    L\u00e4nge 4200 mm   Breite 2000 mm   H\u00f6he 2300 mm   Achsen 2   Gesamtgewicht 2000 kg   Nutzlast 945 kg   R\u00e4der 165 R13C\" \/>\n<meta property=\"og:url\" content=\"https:\/\/daltec.ch\/de\/product\/hawai\/\" \/>\n<meta property=\"og:site_name\" content=\"Daltec\" \/>\n<meta property=\"article:publisher\" content=\"https:\/\/www.facebook.com\/DaltecAG\" \/>\n<meta property=\"article:modified_time\" content=\"2025-08-29T07:59:58+00:00\" \/>\n<meta property=\"og:image\" content=\"https:\/\/daltec.ch\/wp-content\/uploads\/2024\/05\/iceland-2_9_1548078590.webp\" \/>\n\t<meta property=\"og:image:width\" content=\"800\" \/>\n\t<meta property=\"og:image:height\" content=\"580\" \/>\n\t<meta property=\"og:image:type\" content=\"image\/webp\" \/>\n<meta name=\"twitter:card\" content=\"summary_large_image\" \/>\n<meta name=\"twitter:label1\" content=\"Gesch\u00e4tzte Lesezeit\" \/>\n\t<meta name=\"twitter:data1\" content=\"1\u00a0Minute\" \/>\n<script type=\"application\/ld+json\" class=\"yoast-schema-graph\">{\"@context\":\"https:\/\/schema.org\",\"@graph\":[{\"@type\":\"WebPage\",\"@id\":\"https:\/\/daltec.ch\/product\/hawai\",\"url\":\"https:\/\/daltec.ch\/product\/hawai\",\"name\":\"Daltec Hawai Basic, 4200x2000x2300 mm, 2000 Kg - Daltec\",\"isPartOf\":{\"@id\":\"https:\/\/daltec.ch\/fr\/#website\"},\"primaryImageOfPage\":{\"@id\":\"https:\/\/daltec.ch\/product\/hawai#primaryimage\"},\"image\":{\"@id\":\"https:\/\/daltec.ch\/product\/hawai#primaryimage\"},\"thumbnailUrl\":\"https:\/\/daltec.ch\/wp-content\/uploads\/2024\/05\/iceland-2_9_1548078590.webp\",\"datePublished\":\"2024-06-24T06:15:04+00:00\",\"dateModified\":\"2025-08-29T07:59:58+00:00\",\"breadcrumb\":{\"@id\":\"https:\/\/daltec.ch\/product\/hawai#breadcrumb\"},\"inLanguage\":\"de-CH\",\"potentialAction\":[{\"@type\":\"ReadAction\",\"target\":[\"https:\/\/daltec.ch\/product\/hawai\"]}]},{\"@type\":\"ImageObject\",\"inLanguage\":\"de-CH\",\"@id\":\"https:\/\/daltec.ch\/product\/hawai#primaryimage\",\"url\":\"https:\/\/daltec.ch\/wp-content\/uploads\/2024\/05\/iceland-2_9_1548078590.webp\",\"contentUrl\":\"https:\/\/daltec.ch\/wp-content\/uploads\/2024\/05\/iceland-2_9_1548078590.webp\",\"width\":800,\"height\":580},{\"@type\":\"BreadcrumbList\",\"@id\":\"https:\/\/daltec.ch\/product\/hawai#breadcrumb\",\"itemListElement\":[{\"@type\":\"ListItem\",\"position\":1,\"name\":\"Startseite\",\"item\":\"https:\/\/daltec.ch\/\"},{\"@type\":\"ListItem\",\"position\":2,\"name\":\"anhaenger\",\"item\":\"https:\/\/daltec.ch\/anhaenger\"},{\"@type\":\"ListItem\",\"position\":3,\"name\":\"Daltec Hawai Basic, 4200x2000x2300 mm, 2000 Kg\"}]},{\"@type\":\"WebSite\",\"@id\":\"https:\/\/daltec.ch\/fr\/#website\",\"url\":\"https:\/\/daltec.ch\/fr\/\",\"name\":\"Daltec Trailers\",\"description\":\"\",\"publisher\":{\"@id\":\"https:\/\/daltec.ch\/fr\/#organization\"},\"potentialAction\":[{\"@type\":\"SearchAction\",\"target\":{\"@type\":\"EntryPoint\",\"urlTemplate\":\"https:\/\/daltec.ch\/fr\/?s={search_term_string}\"},\"query-input\":{\"@type\":\"PropertyValueSpecification\",\"valueRequired\":true,\"valueName\":\"search_term_string\"}}],\"inLanguage\":\"de-CH\"},{\"@type\":\"Organization\",\"@id\":\"https:\/\/daltec.ch\/fr\/#organization\",\"name\":\"Daltec AG\",\"url\":\"https:\/\/daltec.ch\/fr\/\",\"logo\":{\"@type\":\"ImageObject\",\"inLanguage\":\"de-CH\",\"@id\":\"https:\/\/daltec.ch\/fr\/#\/schema\/logo\/image\/\",\"url\":\"https:\/\/daltec.ch\/wp-content\/uploads\/2025\/08\/dlteclogo.webp\",\"contentUrl\":\"https:\/\/daltec.ch\/wp-content\/uploads\/2025\/08\/dlteclogo.webp\",\"width\":500,\"height\":195,\"caption\":\"Daltec AG\"},\"image\":{\"@id\":\"https:\/\/daltec.ch\/fr\/#\/schema\/logo\/image\/\"},\"sameAs\":[\"https:\/\/www.facebook.com\/DaltecAG\"]}]}<\/script>\n<!-- \/ Yoast SEO plugin. -->","yoast_head_json":{"title":"Daltec Hawai Basic, 4200x2000x2300 mm, 2000 Kg - Daltec","robots":{"index":"index","follow":"follow","max-snippet":"max-snippet:-1","max-image-preview":"max-image-preview:large","max-video-preview":"max-video-preview:-1"},"canonical":"https:\/\/daltec.ch\/de\/product\/hawai\/","og_locale":"de_DE","og_type":"article","og_title":"Daltec Hawai Basic, 4200x2000x2300 mm, 2000 Kg - Daltec","og_description":"Preis: Siehe Preisliste auf Startseite Ein zweiachsiger Anh\u00e4nger mit 2 Verkaufsklappen. Technical data    L\u00e4nge 4200 mm   Breite 2000 mm   H\u00f6he 2300 mm   Achsen 2   Gesamtgewicht 2000 kg   Nutzlast 945 kg   R\u00e4der 165 R13C","og_url":"https:\/\/daltec.ch\/de\/product\/hawai\/","og_site_name":"Daltec","article_publisher":"https:\/\/www.facebook.com\/DaltecAG","article_modified_time":"2025-08-29T07:59:58+00:00","og_image":[{"width":800,"height":580,"url":"https:\/\/daltec.ch\/wp-content\/uploads\/2024\/05\/iceland-2_9_1548078590.webp","type":"image\/webp"}],"twitter_card":"summary_large_image","twitter_misc":{"Gesch\u00e4tzte Lesezeit":"1\u00a0Minute"},"schema":{"@context":"https:\/\/schema.org","@graph":[{"@type":"WebPage","@id":"https:\/\/daltec.ch\/product\/hawai","url":"https:\/\/daltec.ch\/product\/hawai","name":"Daltec Hawai Basic, 4200x2000x2300 mm, 2000 Kg - Daltec","isPartOf":{"@id":"https:\/\/daltec.ch\/fr\/#website"},"primaryImageOfPage":{"@id":"https:\/\/daltec.ch\/product\/hawai#primaryimage"},"image":{"@id":"https:\/\/daltec.ch\/product\/hawai#primaryimage"},"thumbnailUrl":"https:\/\/daltec.ch\/wp-content\/uploads\/2024\/05\/iceland-2_9_1548078590.webp","datePublished":"2024-06-24T06:15:04+00:00","dateModified":"2025-08-29T07:59:58+00:00","breadcrumb":{"@id":"https:\/\/daltec.ch\/product\/hawai#breadcrumb"},"inLanguage":"de-CH","potentialAction":[{"@type":"ReadAction","target":["https:\/\/daltec.ch\/product\/hawai"]}]},{"@type":"ImageObject","inLanguage":"de-CH","@id":"https:\/\/daltec.ch\/product\/hawai#primaryimage","url":"https:\/\/daltec.ch\/wp-content\/uploads\/2024\/05\/iceland-2_9_1548078590.webp","contentUrl":"https:\/\/daltec.ch\/wp-content\/uploads\/2024\/05\/iceland-2_9_1548078590.webp","width":800,"height":580},{"@type":"BreadcrumbList","@id":"https:\/\/daltec.ch\/product\/hawai#breadcrumb","itemListElement":[{"@type":"ListItem","position":1,"name":"Startseite","item":"https:\/\/daltec.ch\/"},{"@type":"ListItem","position":2,"name":"anhaenger","item":"https:\/\/daltec.ch\/anhaenger"},{"@type":"ListItem","position":3,"name":"Daltec Hawai Basic, 4200x2000x2300 mm, 2000 Kg"}]},{"@type":"WebSite","@id":"https:\/\/daltec.ch\/fr\/#website","url":"https:\/\/daltec.ch\/fr\/","name":"Daltec Trailers","description":"","publisher":{"@id":"https:\/\/daltec.ch\/fr\/#organization"},"potentialAction":[{"@type":"SearchAction","target":{"@type":"EntryPoint","urlTemplate":"https:\/\/daltec.ch\/fr\/?s={search_term_string}"},"query-input":{"@type":"PropertyValueSpecification","valueRequired":true,"valueName":"search_term_string"}}],"inLanguage":"de-CH"},{"@type":"Organization","@id":"https:\/\/daltec.ch\/fr\/#organization","name":"Daltec AG","url":"https:\/\/daltec.ch\/fr\/","logo":{"@type":"ImageObject","inLanguage":"de-CH","@id":"https:\/\/daltec.ch\/fr\/#\/schema\/logo\/image\/","url":"https:\/\/daltec.ch\/wp-content\/uploads\/2025\/08\/dlteclogo.webp","contentUrl":"https:\/\/daltec.ch\/wp-content\/uploads\/2025\/08\/dlteclogo.webp","width":500,"height":195,"caption":"Daltec AG"},"image":{"@id":"https:\/\/daltec.ch\/fr\/#\/schema\/logo\/image\/"},"sameAs":["https:\/\/www.facebook.com\/DaltecAG"]}]}},"_links":{"self":[{"href":"https:\/\/daltec.ch\/de\/wp-json\/wp\/v2\/product\/1030","targetHints":{"allow":["GET"]}}],"collection":[{"href":"https:\/\/daltec.ch\/de\/wp-json\/wp\/v2\/product"}],"about":[{"href":"https:\/\/daltec.ch\/de\/wp-json\/wp\/v2\/types\/product"}],"replies":[{"embeddable":true,"href":"https:\/\/daltec.ch\/de\/wp-json\/wp\/v2\/comments?post=1030"}],"wp:featuredmedia":[{"embeddable":true,"href":"https:\/\/daltec.ch\/de\/wp-json\/wp\/v2\/media\/817"}],"wp:attachment":[{"href":"https:\/\/daltec.ch\/de\/wp-json\/wp\/v2\/media?parent=1030"}],"wp:term":[{"taxonomy":"product_brand","embeddable":true,"href":"https:\/\/daltec.ch\/de\/wp-json\/wp\/v2\/product_brand?post=1030"},{"taxonomy":"product_cat","embeddable":true,"href":"https:\/\/daltec.ch\/de\/wp-json\/wp\/v2\/product_cat?post=1030"},{"taxonomy":"product_tag","embeddable":true,"href":"https:\/\/daltec.ch\/de\/wp-json\/wp\/v2\/product_tag?post=1030"}],"curies":[{"name":"wp","href":"https:\/\/api.w.org\/{rel}","templated":true}]}}