{"id":1041,"date":"2024-06-24T09:01:51","date_gmt":"2024-06-24T09:01:51","guid":{"rendered":"https:\/\/demo.shrinkwaterindia.com\/?post_type=product&#038;p=1041"},"modified":"2025-06-17T19:20:58","modified_gmt":"2025-06-17T19:20:58","slug":"bt-3500-alu","status":"publish","type":"product","link":"https:\/\/daltec.ch\/de\/product\/bt-3500-alu","title":{"rendered":"Daltec BT 1500, 6430&#215;1720 mm, 1500 Kg"},"content":{"rendered":"<p><em><strong>Preis: Siehe Preisliste auf Startseite<\/strong><\/em><\/p>\n<p>Ob Schlauchboot, Motorboot, Segler oder Katamaran, wir haben f\u00fcr alle Schiffsmodelle die richtige Transportl\u00f6sung. Dieser Anh\u00e4nger ist f\u00fcr jedermann geeignet dank seiner benutzerfreundliche und solider Bauweise. Die h\u00f6henverstellbaren St\u00fctzen sowie die beweglichen und verstellbaren Slipp- und F\u00fchrungsrollen sorgen f\u00fcr einen optimalen Halt und ein einfaches Wasserlassen. Der robuster Grundrahmen gew\u00e4hrleistet eine lange Lebensdauer sogar bei Verwendung im Salzwasser. Reisen Sie sicher und angenehm mit dem BT 1500 B.<\/p>\n<h4>Serienausstattung:<\/h4>\n<p>Bootsmasse +\/-: 6800 x 2500 mm Fahrgestell: Grunrahmen feuerverzinkt, verschweisst und verschraubt, V-Anh\u00e4ngevorrichtung feuerverzinkt, Kugelkupplung, Abreissleine, Massives St\u00fctzrad vorne, Kotschutz aus Blech, Manuelle Seilwinde mit St\u00fctze, best\u00fcckt mit Kabel oder Gurten, Achsen: Achse AL-KO\/Knott, mit verst\u00e4rkten Wasserdichten Radagern, Handbremse, Auflaufbremse und R\u00fcckfahrautomatik, Beleuchtungsanlage: Nach Normen der StVO, 12V, 13 Pol-Stecker, Stecker und Heckrampe mit R\u00fccklichtern komplett abkoppel- und demontierbar, L\u00e4ngsverstellung zur Anpassung an der Ladung, Aufbau: H\u00f6henverstellbare Fussst\u00fctzen mit je 2 beweglichen Slipprollen, Verstellbare F\u00fchrungsrollen mittig, Verstellbare Bugst\u00fctze mit Gummi, Zurringe<\/p>\n","protected":false},"excerpt":{"rendered":"<h5>Preis: Siehe Preisliste auf Startseite<\/h5>\n<p>Robuster ein-achsiger Anh\u00e4nger, ideal f\u00fcr kleine Motorboote!<\/p>\n<h4>Technische Daten:<\/h4>\n<table class=\"table\">\n<tbody>\n<tr>\n<th>L\u00e4nge<\/th>\n<td>6430 <small>mm<\/small><\/td>\n<\/tr>\n<tr>\n<th>Breite<\/th>\n<td>1720 <small>mm<\/small><\/td>\n<\/tr>\n<tr>\n<th>Achsen<\/th>\n<td>1<small><\/small><\/td>\n<\/tr>\n<tr>\n<th>Gesamtgewicht<\/th>\n<td>1500 <small>kg<\/small><\/td>\n<\/tr>\n<tr>\n<th>Nutzlast<\/th>\n<td>1188 <small>kg<\/small><\/td>\n<\/tr>\n<tr>\n<th>R\u00e4der<\/th>\n<td>185 R 14 C<\/td>\n<\/tr>\n<\/tbody>\n<\/table>\n","protected":false},"featured_media":2875,"comment_status":"open","ping_status":"closed","template":"","meta":{"_acf_changed":false},"product_brand":[],"product_cat":[35,227,22],"product_tag":[],"class_list":{"0":"post-1041","1":"product","2":"type-product","3":"status-publish","4":"has-post-thumbnail","6":"product_cat-anhaenger","7":"product_cat-boottransportanhaenger","8":"product_cat-sportgeraete-transportanhaenger","10":"first","11":"instock","12":"featured","13":"shipping-taxable","14":"purchasable","15":"product-type-simple"},"acf":[],"yoast_head":"<!-- This site is optimized with the Yoast SEO plugin v27.2 - https:\/\/yoast.com\/product\/yoast-seo-wordpress\/ -->\n<title>Daltec BT 1500, 6430x1720 mm, 1500 Kg - Daltec<\/title>\n<meta name=\"robots\" content=\"index, follow, max-snippet:-1, max-image-preview:large, max-video-preview:-1\" \/>\n<link rel=\"canonical\" href=\"https:\/\/daltec.ch\/de\/product\/bt-3500-alu\/\" \/>\n<meta property=\"og:locale\" content=\"de_DE\" \/>\n<meta property=\"og:type\" content=\"article\" \/>\n<meta property=\"og:title\" content=\"Daltec BT 1500, 6430x1720 mm, 1500 Kg - Daltec\" \/>\n<meta property=\"og:description\" content=\"Preis: Siehe Preisliste auf Startseite Robuster ein-achsiger Anh\u00e4nger, ideal f\u00fcr kleine Motorboote! Technische Daten:    L\u00e4nge 6430 mm   Breite 1720 mm   Achsen 1   Gesamtgewicht 1500 kg   Nutzlast 1188 kg   R\u00e4der 185 R 14 C\" \/>\n<meta property=\"og:url\" content=\"https:\/\/daltec.ch\/de\/product\/bt-3500-alu\/\" \/>\n<meta property=\"og:site_name\" content=\"Daltec\" \/>\n<meta property=\"article:publisher\" content=\"https:\/\/www.facebook.com\/DaltecAG\" \/>\n<meta property=\"article:modified_time\" content=\"2025-06-17T19:20:58+00:00\" \/>\n<meta property=\"og:image\" content=\"https:\/\/daltec.ch\/wp-content\/uploads\/2024\/06\/BT-1500_1a-web-500x338-2-e1749056486475.png\" \/>\n\t<meta property=\"og:image:width\" content=\"440\" \/>\n\t<meta property=\"og:image:height\" content=\"355\" \/>\n\t<meta property=\"og:image:type\" content=\"image\/png\" \/>\n<meta name=\"twitter:card\" content=\"summary_large_image\" \/>\n<meta name=\"twitter:label1\" content=\"Gesch\u00e4tzte Lesezeit\" \/>\n\t<meta name=\"twitter:data1\" content=\"1\u00a0Minute\" \/>\n<script type=\"application\/ld+json\" class=\"yoast-schema-graph\">{\"@context\":\"https:\/\/schema.org\",\"@graph\":[{\"@type\":\"WebPage\",\"@id\":\"https:\/\/daltec.ch\/product\/bt-3500-alu\",\"url\":\"https:\/\/daltec.ch\/product\/bt-3500-alu\",\"name\":\"Daltec BT 1500, 6430x1720 mm, 1500 Kg - Daltec\",\"isPartOf\":{\"@id\":\"https:\/\/daltec.ch\/fr\/#website\"},\"primaryImageOfPage\":{\"@id\":\"https:\/\/daltec.ch\/product\/bt-3500-alu#primaryimage\"},\"image\":{\"@id\":\"https:\/\/daltec.ch\/product\/bt-3500-alu#primaryimage\"},\"thumbnailUrl\":\"https:\/\/daltec.ch\/wp-content\/uploads\/2024\/06\/BT-1500_1a-web-500x338-2-e1749056486475.png\",\"datePublished\":\"2024-06-24T09:01:51+00:00\",\"dateModified\":\"2025-06-17T19:20:58+00:00\",\"breadcrumb\":{\"@id\":\"https:\/\/daltec.ch\/product\/bt-3500-alu#breadcrumb\"},\"inLanguage\":\"de-CH\",\"potentialAction\":[{\"@type\":\"ReadAction\",\"target\":[\"https:\/\/daltec.ch\/product\/bt-3500-alu\"]}]},{\"@type\":\"ImageObject\",\"inLanguage\":\"de-CH\",\"@id\":\"https:\/\/daltec.ch\/product\/bt-3500-alu#primaryimage\",\"url\":\"https:\/\/daltec.ch\/wp-content\/uploads\/2024\/06\/BT-1500_1a-web-500x338-2-e1749056486475.png\",\"contentUrl\":\"https:\/\/daltec.ch\/wp-content\/uploads\/2024\/06\/BT-1500_1a-web-500x338-2-e1749056486475.png\",\"width\":440,\"height\":355},{\"@type\":\"BreadcrumbList\",\"@id\":\"https:\/\/daltec.ch\/product\/bt-3500-alu#breadcrumb\",\"itemListElement\":[{\"@type\":\"ListItem\",\"position\":1,\"name\":\"Startseite\",\"item\":\"https:\/\/daltec.ch\/\"},{\"@type\":\"ListItem\",\"position\":2,\"name\":\"anhaenger\",\"item\":\"https:\/\/daltec.ch\/anhaenger\"},{\"@type\":\"ListItem\",\"position\":3,\"name\":\"Daltec BT 1500, 6430&#215;1720 mm, 1500 Kg\"}]},{\"@type\":\"WebSite\",\"@id\":\"https:\/\/daltec.ch\/fr\/#website\",\"url\":\"https:\/\/daltec.ch\/fr\/\",\"name\":\"Daltec Trailers\",\"description\":\"\",\"publisher\":{\"@id\":\"https:\/\/daltec.ch\/fr\/#organization\"},\"potentialAction\":[{\"@type\":\"SearchAction\",\"target\":{\"@type\":\"EntryPoint\",\"urlTemplate\":\"https:\/\/daltec.ch\/fr\/?s={search_term_string}\"},\"query-input\":{\"@type\":\"PropertyValueSpecification\",\"valueRequired\":true,\"valueName\":\"search_term_string\"}}],\"inLanguage\":\"de-CH\"},{\"@type\":\"Organization\",\"@id\":\"https:\/\/daltec.ch\/fr\/#organization\",\"name\":\"Daltec AG\",\"url\":\"https:\/\/daltec.ch\/fr\/\",\"logo\":{\"@type\":\"ImageObject\",\"inLanguage\":\"de-CH\",\"@id\":\"https:\/\/daltec.ch\/fr\/#\/schema\/logo\/image\/\",\"url\":\"https:\/\/daltec.ch\/wp-content\/uploads\/2025\/08\/dlteclogo.webp\",\"contentUrl\":\"https:\/\/daltec.ch\/wp-content\/uploads\/2025\/08\/dlteclogo.webp\",\"width\":500,\"height\":195,\"caption\":\"Daltec AG\"},\"image\":{\"@id\":\"https:\/\/daltec.ch\/fr\/#\/schema\/logo\/image\/\"},\"sameAs\":[\"https:\/\/www.facebook.com\/DaltecAG\"]}]}<\/script>\n<!-- \/ Yoast SEO plugin. -->","yoast_head_json":{"title":"Daltec BT 1500, 6430x1720 mm, 1500 Kg - Daltec","robots":{"index":"index","follow":"follow","max-snippet":"max-snippet:-1","max-image-preview":"max-image-preview:large","max-video-preview":"max-video-preview:-1"},"canonical":"https:\/\/daltec.ch\/de\/product\/bt-3500-alu\/","og_locale":"de_DE","og_type":"article","og_title":"Daltec BT 1500, 6430x1720 mm, 1500 Kg - Daltec","og_description":"Preis: Siehe Preisliste auf Startseite Robuster ein-achsiger Anh\u00e4nger, ideal f\u00fcr kleine Motorboote! Technische Daten:    L\u00e4nge 6430 mm   Breite 1720 mm   Achsen 1   Gesamtgewicht 1500 kg   Nutzlast 1188 kg   R\u00e4der 185 R 14 C","og_url":"https:\/\/daltec.ch\/de\/product\/bt-3500-alu\/","og_site_name":"Daltec","article_publisher":"https:\/\/www.facebook.com\/DaltecAG","article_modified_time":"2025-06-17T19:20:58+00:00","og_image":[{"width":440,"height":355,"url":"https:\/\/daltec.ch\/wp-content\/uploads\/2024\/06\/BT-1500_1a-web-500x338-2-e1749056486475.png","type":"image\/png"}],"twitter_card":"summary_large_image","twitter_misc":{"Gesch\u00e4tzte Lesezeit":"1\u00a0Minute"},"schema":{"@context":"https:\/\/schema.org","@graph":[{"@type":"WebPage","@id":"https:\/\/daltec.ch\/product\/bt-3500-alu","url":"https:\/\/daltec.ch\/product\/bt-3500-alu","name":"Daltec BT 1500, 6430x1720 mm, 1500 Kg - Daltec","isPartOf":{"@id":"https:\/\/daltec.ch\/fr\/#website"},"primaryImageOfPage":{"@id":"https:\/\/daltec.ch\/product\/bt-3500-alu#primaryimage"},"image":{"@id":"https:\/\/daltec.ch\/product\/bt-3500-alu#primaryimage"},"thumbnailUrl":"https:\/\/daltec.ch\/wp-content\/uploads\/2024\/06\/BT-1500_1a-web-500x338-2-e1749056486475.png","datePublished":"2024-06-24T09:01:51+00:00","dateModified":"2025-06-17T19:20:58+00:00","breadcrumb":{"@id":"https:\/\/daltec.ch\/product\/bt-3500-alu#breadcrumb"},"inLanguage":"de-CH","potentialAction":[{"@type":"ReadAction","target":["https:\/\/daltec.ch\/product\/bt-3500-alu"]}]},{"@type":"ImageObject","inLanguage":"de-CH","@id":"https:\/\/daltec.ch\/product\/bt-3500-alu#primaryimage","url":"https:\/\/daltec.ch\/wp-content\/uploads\/2024\/06\/BT-1500_1a-web-500x338-2-e1749056486475.png","contentUrl":"https:\/\/daltec.ch\/wp-content\/uploads\/2024\/06\/BT-1500_1a-web-500x338-2-e1749056486475.png","width":440,"height":355},{"@type":"BreadcrumbList","@id":"https:\/\/daltec.ch\/product\/bt-3500-alu#breadcrumb","itemListElement":[{"@type":"ListItem","position":1,"name":"Startseite","item":"https:\/\/daltec.ch\/"},{"@type":"ListItem","position":2,"name":"anhaenger","item":"https:\/\/daltec.ch\/anhaenger"},{"@type":"ListItem","position":3,"name":"Daltec BT 1500, 6430&#215;1720 mm, 1500 Kg"}]},{"@type":"WebSite","@id":"https:\/\/daltec.ch\/fr\/#website","url":"https:\/\/daltec.ch\/fr\/","name":"Daltec Trailers","description":"","publisher":{"@id":"https:\/\/daltec.ch\/fr\/#organization"},"potentialAction":[{"@type":"SearchAction","target":{"@type":"EntryPoint","urlTemplate":"https:\/\/daltec.ch\/fr\/?s={search_term_string}"},"query-input":{"@type":"PropertyValueSpecification","valueRequired":true,"valueName":"search_term_string"}}],"inLanguage":"de-CH"},{"@type":"Organization","@id":"https:\/\/daltec.ch\/fr\/#organization","name":"Daltec AG","url":"https:\/\/daltec.ch\/fr\/","logo":{"@type":"ImageObject","inLanguage":"de-CH","@id":"https:\/\/daltec.ch\/fr\/#\/schema\/logo\/image\/","url":"https:\/\/daltec.ch\/wp-content\/uploads\/2025\/08\/dlteclogo.webp","contentUrl":"https:\/\/daltec.ch\/wp-content\/uploads\/2025\/08\/dlteclogo.webp","width":500,"height":195,"caption":"Daltec AG"},"image":{"@id":"https:\/\/daltec.ch\/fr\/#\/schema\/logo\/image\/"},"sameAs":["https:\/\/www.facebook.com\/DaltecAG"]}]}},"_links":{"self":[{"href":"https:\/\/daltec.ch\/de\/wp-json\/wp\/v2\/product\/1041","targetHints":{"allow":["GET"]}}],"collection":[{"href":"https:\/\/daltec.ch\/de\/wp-json\/wp\/v2\/product"}],"about":[{"href":"https:\/\/daltec.ch\/de\/wp-json\/wp\/v2\/types\/product"}],"replies":[{"embeddable":true,"href":"https:\/\/daltec.ch\/de\/wp-json\/wp\/v2\/comments?post=1041"}],"wp:featuredmedia":[{"embeddable":true,"href":"https:\/\/daltec.ch\/de\/wp-json\/wp\/v2\/media\/2875"}],"wp:attachment":[{"href":"https:\/\/daltec.ch\/de\/wp-json\/wp\/v2\/media?parent=1041"}],"wp:term":[{"taxonomy":"product_brand","embeddable":true,"href":"https:\/\/daltec.ch\/de\/wp-json\/wp\/v2\/product_brand?post=1041"},{"taxonomy":"product_cat","embeddable":true,"href":"https:\/\/daltec.ch\/de\/wp-json\/wp\/v2\/product_cat?post=1041"},{"taxonomy":"product_tag","embeddable":true,"href":"https:\/\/daltec.ch\/de\/wp-json\/wp\/v2\/product_tag?post=1041"}],"curies":[{"name":"wp","href":"https:\/\/api.w.org\/{rel}","templated":true}]}}