{"id":1045,"date":"2024-06-24T09:33:29","date_gmt":"2024-06-24T09:33:29","guid":{"rendered":"https:\/\/demo.shrinkwaterindia.com\/?post_type=product&#038;p=1045"},"modified":"2025-08-29T07:59:37","modified_gmt":"2025-08-29T07:59:37","slug":"bt-1000-tb","status":"publish","type":"product","link":"https:\/\/daltec.ch\/de\/product\/bt-1000-tb","title":{"rendered":"Daltec BT 1000, 6430&#215;1720 mm, 1300 Kg"},"content":{"rendered":"<p><em><strong>Preis: Siehe Preisliste auf Startseite<\/strong><\/em><\/p>\n<p>Bootsanh\u00e4nger aus verst\u00e4rkten Profilen. Achsen mit wasserdichten Lagern in den Naben f\u00fcr zuverl\u00e4ssiges Starten. Durch Feuerverzinkung gesch\u00fctzte Anh\u00e4nger f\u00fcr Langlebigkeit und ein unver\u00e4ndertes Aussehen. Der bewegliche Hecktr\u00e4ger ist nicht nur leicht abnehmbar, sondern dient auch dazu, die L\u00e4nge des Anh\u00e4ngers zu verstellen, so dass bei Bedarf auch ein gr\u00f6\u00dferes Boot darauf Platz findet. Stufenlos verstellbare St\u00fctzen, verstellbare Achsposition zur Einstellung der richtigen Last auf der Anh\u00e4ngerkupplung. Maximal abgesenkte Ladung und robuste Bootshalterungen sorgen f\u00fcr Sicherheit und Komfort beim Transport Ihres Bootes.<\/p>\n<h4>Serienausstattung:<\/h4>\n<p>Maximale Aussenmassen: 6585 x 1875 mm Maximale Innenmassen: 5492 x 1230 mm Minimale Innenmassen: 4392 x 1230 mm ******* Grundrahmen Stahl geschweisst und verzinkt. Achse gebremst mit Wasserdichten Radlager, wartungsfrei. Kugelkupplung, Sicherheitskabel, St\u00fctzrad mit Klemmhalterung vorne. Kotfl\u00fcgel mit Spritzschutz, Keil mit Halter. Beleuchtung 12V, nach Norm. 4x Seitliche Rollenst\u00fctzen inklusiv (2x mit Doppelrolle, 2x mit Einfachrolle). Lichtbalken verstellbar und abnehmbar. Kleine Bugst\u00fctze mit Gurtwinde.<\/p>\n","protected":false},"excerpt":{"rendered":"<p>Auch kleine Boote m\u00fcssen transportiert werden!<\/p>\n<h4>Technische Daten:<\/h4>\n<table class=\"table\">\n<tbody>\n<tr>\n<th>L\u00e4nge<\/th>\n<td>5500 <small>mm<\/small><\/td>\n<\/tr>\n<tr>\n<th>Breite<\/th>\n<td>1490<small>mm<\/small><\/td>\n<\/tr>\n<tr>\n<th>H\u00f6he<\/th>\n<td>0 <small>mm<\/small><\/td>\n<\/tr>\n<tr>\n<th>Achsen<\/th>\n<td>1<small><\/small><\/td>\n<\/tr>\n<tr>\n<th>Gesamtgewicht<\/th>\n<td>1000<small>kg<\/small><\/td>\n<\/tr>\n<tr>\n<th>Nutzlast<\/th>\n<td>750 <small>kg<\/small><\/td>\n<\/tr>\n<tr>\n<th>R\u00e4der<\/th>\n<td>165\/70 R 13\u00a0<small><\/small><\/td>\n<\/tr>\n<\/tbody>\n<\/table>\n<p>&nbsp;<\/p>\n<h4>Optionen:<\/h4>\n<table>\n<tbody>\n<tr>\n<td>Rollenst\u00fctze mit Doppelrollen + Halter 60\/80&#215;40<br \/>\n<strong>(Zubeh\u00f6r)<\/strong><\/td>\n<td>110 CHF<\/td>\n<\/tr>\n<tr>\n<td>Rollenst\u00fctze mit Einfachrolle + Halter 60\/80 x 40<\/td>\n<td>90 CHF<\/td>\n<\/tr>\n<\/tbody>\n<\/table>\n","protected":false},"featured_media":1192,"comment_status":"open","ping_status":"closed","template":"","meta":{"_acf_changed":false},"product_brand":[],"product_cat":[227,22],"product_tag":[],"class_list":{"0":"post-1045","1":"product","2":"type-product","3":"status-publish","4":"has-post-thumbnail","6":"product_cat-boottransportanhaenger","7":"product_cat-sportgeraete-transportanhaenger","9":"first","10":"instock","11":"featured","12":"shipping-taxable","13":"purchasable","14":"product-type-simple"},"acf":[],"yoast_head":"<!-- This site is optimized with the Yoast SEO plugin v27.4 - https:\/\/yoast.com\/product\/yoast-seo-wordpress\/ -->\n<title>Daltec BT 1000, 6430x1720 mm, 1300 Kg - Daltec<\/title>\n<meta name=\"robots\" content=\"index, follow, max-snippet:-1, max-image-preview:large, max-video-preview:-1\" \/>\n<link rel=\"canonical\" href=\"https:\/\/daltec.ch\/de\/product\/bt-1000-tb\/\" \/>\n<meta property=\"og:locale\" content=\"de_DE\" \/>\n<meta property=\"og:type\" content=\"article\" \/>\n<meta property=\"og:title\" content=\"Daltec BT 1000, 6430x1720 mm, 1300 Kg - Daltec\" \/>\n<meta property=\"og:description\" content=\"Auch kleine Boote m\u00fcssen transportiert werden! Technische Daten:    L\u00e4nge 5500 mm   Breite 1490mm   H\u00f6he 0 mm   Achsen 1   Gesamtgewicht 1000kg   Nutzlast 750 kg   R\u00e4der 165\/70 R 13\u00a0    &nbsp; Optionen:    Rollenst\u00fctze mit Doppelrollen + Halter 60\/80x40 (Zubeh\u00f6r) 110 CHF   Rollenst\u00fctze mit Einfachrolle + Halter 60\/80 x 40 90 CHF\" \/>\n<meta property=\"og:url\" content=\"https:\/\/daltec.ch\/de\/product\/bt-1000-tb\/\" \/>\n<meta property=\"og:site_name\" content=\"Daltec\" \/>\n<meta property=\"article:publisher\" content=\"https:\/\/www.facebook.com\/DaltecAG\" \/>\n<meta property=\"article:modified_time\" content=\"2025-08-29T07:59:37+00:00\" \/>\n<meta property=\"og:image\" content=\"https:\/\/daltec.ch\/wp-content\/uploads\/2024\/06\/B1000B.jpg\" \/>\n\t<meta property=\"og:image:width\" content=\"1000\" \/>\n\t<meta property=\"og:image:height\" content=\"1000\" \/>\n\t<meta property=\"og:image:type\" content=\"image\/jpeg\" \/>\n<meta name=\"twitter:card\" content=\"summary_large_image\" \/>\n<meta name=\"twitter:label1\" content=\"Gesch\u00e4tzte Lesezeit\" \/>\n\t<meta name=\"twitter:data1\" content=\"1\u00a0Minute\" \/>\n<script type=\"application\/ld+json\" class=\"yoast-schema-graph\">{\"@context\":\"https:\\\/\\\/schema.org\",\"@graph\":[{\"@type\":\"WebPage\",\"@id\":\"https:\\\/\\\/daltec.ch\\\/product\\\/bt-1000-tb\",\"url\":\"https:\\\/\\\/daltec.ch\\\/product\\\/bt-1000-tb\",\"name\":\"Daltec BT 1000, 6430x1720 mm, 1300 Kg - Daltec\",\"isPartOf\":{\"@id\":\"https:\\\/\\\/daltec.ch\\\/fr\\\/#website\"},\"primaryImageOfPage\":{\"@id\":\"https:\\\/\\\/daltec.ch\\\/product\\\/bt-1000-tb#primaryimage\"},\"image\":{\"@id\":\"https:\\\/\\\/daltec.ch\\\/product\\\/bt-1000-tb#primaryimage\"},\"thumbnailUrl\":\"https:\\\/\\\/daltec.ch\\\/wp-content\\\/uploads\\\/2024\\\/06\\\/B1000B.jpg\",\"datePublished\":\"2024-06-24T09:33:29+00:00\",\"dateModified\":\"2025-08-29T07:59:37+00:00\",\"breadcrumb\":{\"@id\":\"https:\\\/\\\/daltec.ch\\\/product\\\/bt-1000-tb#breadcrumb\"},\"inLanguage\":\"de-CH\",\"potentialAction\":[{\"@type\":\"ReadAction\",\"target\":[\"https:\\\/\\\/daltec.ch\\\/product\\\/bt-1000-tb\"]}]},{\"@type\":\"ImageObject\",\"inLanguage\":\"de-CH\",\"@id\":\"https:\\\/\\\/daltec.ch\\\/product\\\/bt-1000-tb#primaryimage\",\"url\":\"https:\\\/\\\/daltec.ch\\\/wp-content\\\/uploads\\\/2024\\\/06\\\/B1000B.jpg\",\"contentUrl\":\"https:\\\/\\\/daltec.ch\\\/wp-content\\\/uploads\\\/2024\\\/06\\\/B1000B.jpg\",\"width\":1000,\"height\":1000},{\"@type\":\"BreadcrumbList\",\"@id\":\"https:\\\/\\\/daltec.ch\\\/product\\\/bt-1000-tb#breadcrumb\",\"itemListElement\":[{\"@type\":\"ListItem\",\"position\":1,\"name\":\"Startseite\",\"item\":\"https:\\\/\\\/daltec.ch\\\/\"},{\"@type\":\"ListItem\",\"position\":2,\"name\":\"anhaenger\",\"item\":\"https:\\\/\\\/daltec.ch\\\/anhaenger\"},{\"@type\":\"ListItem\",\"position\":3,\"name\":\"Daltec BT 1000, 6430&#215;1720 mm, 1300 Kg\"}]},{\"@type\":\"WebSite\",\"@id\":\"https:\\\/\\\/daltec.ch\\\/fr\\\/#website\",\"url\":\"https:\\\/\\\/daltec.ch\\\/fr\\\/\",\"name\":\"Daltec Trailers\",\"description\":\"\",\"publisher\":{\"@id\":\"https:\\\/\\\/daltec.ch\\\/fr\\\/#organization\"},\"potentialAction\":[{\"@type\":\"SearchAction\",\"target\":{\"@type\":\"EntryPoint\",\"urlTemplate\":\"https:\\\/\\\/daltec.ch\\\/fr\\\/?s={search_term_string}\"},\"query-input\":{\"@type\":\"PropertyValueSpecification\",\"valueRequired\":true,\"valueName\":\"search_term_string\"}}],\"inLanguage\":\"de-CH\"},{\"@type\":\"Organization\",\"@id\":\"https:\\\/\\\/daltec.ch\\\/fr\\\/#organization\",\"name\":\"Daltec AG\",\"url\":\"https:\\\/\\\/daltec.ch\\\/fr\\\/\",\"logo\":{\"@type\":\"ImageObject\",\"inLanguage\":\"de-CH\",\"@id\":\"https:\\\/\\\/daltec.ch\\\/fr\\\/#\\\/schema\\\/logo\\\/image\\\/\",\"url\":\"https:\\\/\\\/daltec.ch\\\/wp-content\\\/uploads\\\/2025\\\/08\\\/dlteclogo.webp\",\"contentUrl\":\"https:\\\/\\\/daltec.ch\\\/wp-content\\\/uploads\\\/2025\\\/08\\\/dlteclogo.webp\",\"width\":500,\"height\":195,\"caption\":\"Daltec AG\"},\"image\":{\"@id\":\"https:\\\/\\\/daltec.ch\\\/fr\\\/#\\\/schema\\\/logo\\\/image\\\/\"},\"sameAs\":[\"https:\\\/\\\/www.facebook.com\\\/DaltecAG\"]}]}<\/script>\n<!-- \/ Yoast SEO plugin. -->","yoast_head_json":{"title":"Daltec BT 1000, 6430x1720 mm, 1300 Kg - Daltec","robots":{"index":"index","follow":"follow","max-snippet":"max-snippet:-1","max-image-preview":"max-image-preview:large","max-video-preview":"max-video-preview:-1"},"canonical":"https:\/\/daltec.ch\/de\/product\/bt-1000-tb\/","og_locale":"de_DE","og_type":"article","og_title":"Daltec BT 1000, 6430x1720 mm, 1300 Kg - Daltec","og_description":"Auch kleine Boote m\u00fcssen transportiert werden! Technische Daten:    L\u00e4nge 5500 mm   Breite 1490mm   H\u00f6he 0 mm   Achsen 1   Gesamtgewicht 1000kg   Nutzlast 750 kg   R\u00e4der 165\/70 R 13\u00a0    &nbsp; Optionen:    Rollenst\u00fctze mit Doppelrollen + Halter 60\/80x40 (Zubeh\u00f6r) 110 CHF   Rollenst\u00fctze mit Einfachrolle + Halter 60\/80 x 40 90 CHF","og_url":"https:\/\/daltec.ch\/de\/product\/bt-1000-tb\/","og_site_name":"Daltec","article_publisher":"https:\/\/www.facebook.com\/DaltecAG","article_modified_time":"2025-08-29T07:59:37+00:00","og_image":[{"width":1000,"height":1000,"url":"https:\/\/daltec.ch\/wp-content\/uploads\/2024\/06\/B1000B.jpg","type":"image\/jpeg"}],"twitter_card":"summary_large_image","twitter_misc":{"Gesch\u00e4tzte Lesezeit":"1\u00a0Minute"},"schema":{"@context":"https:\/\/schema.org","@graph":[{"@type":"WebPage","@id":"https:\/\/daltec.ch\/product\/bt-1000-tb","url":"https:\/\/daltec.ch\/product\/bt-1000-tb","name":"Daltec BT 1000, 6430x1720 mm, 1300 Kg - Daltec","isPartOf":{"@id":"https:\/\/daltec.ch\/fr\/#website"},"primaryImageOfPage":{"@id":"https:\/\/daltec.ch\/product\/bt-1000-tb#primaryimage"},"image":{"@id":"https:\/\/daltec.ch\/product\/bt-1000-tb#primaryimage"},"thumbnailUrl":"https:\/\/daltec.ch\/wp-content\/uploads\/2024\/06\/B1000B.jpg","datePublished":"2024-06-24T09:33:29+00:00","dateModified":"2025-08-29T07:59:37+00:00","breadcrumb":{"@id":"https:\/\/daltec.ch\/product\/bt-1000-tb#breadcrumb"},"inLanguage":"de-CH","potentialAction":[{"@type":"ReadAction","target":["https:\/\/daltec.ch\/product\/bt-1000-tb"]}]},{"@type":"ImageObject","inLanguage":"de-CH","@id":"https:\/\/daltec.ch\/product\/bt-1000-tb#primaryimage","url":"https:\/\/daltec.ch\/wp-content\/uploads\/2024\/06\/B1000B.jpg","contentUrl":"https:\/\/daltec.ch\/wp-content\/uploads\/2024\/06\/B1000B.jpg","width":1000,"height":1000},{"@type":"BreadcrumbList","@id":"https:\/\/daltec.ch\/product\/bt-1000-tb#breadcrumb","itemListElement":[{"@type":"ListItem","position":1,"name":"Startseite","item":"https:\/\/daltec.ch\/"},{"@type":"ListItem","position":2,"name":"anhaenger","item":"https:\/\/daltec.ch\/anhaenger"},{"@type":"ListItem","position":3,"name":"Daltec BT 1000, 6430&#215;1720 mm, 1300 Kg"}]},{"@type":"WebSite","@id":"https:\/\/daltec.ch\/fr\/#website","url":"https:\/\/daltec.ch\/fr\/","name":"Daltec Trailers","description":"","publisher":{"@id":"https:\/\/daltec.ch\/fr\/#organization"},"potentialAction":[{"@type":"SearchAction","target":{"@type":"EntryPoint","urlTemplate":"https:\/\/daltec.ch\/fr\/?s={search_term_string}"},"query-input":{"@type":"PropertyValueSpecification","valueRequired":true,"valueName":"search_term_string"}}],"inLanguage":"de-CH"},{"@type":"Organization","@id":"https:\/\/daltec.ch\/fr\/#organization","name":"Daltec AG","url":"https:\/\/daltec.ch\/fr\/","logo":{"@type":"ImageObject","inLanguage":"de-CH","@id":"https:\/\/daltec.ch\/fr\/#\/schema\/logo\/image\/","url":"https:\/\/daltec.ch\/wp-content\/uploads\/2025\/08\/dlteclogo.webp","contentUrl":"https:\/\/daltec.ch\/wp-content\/uploads\/2025\/08\/dlteclogo.webp","width":500,"height":195,"caption":"Daltec AG"},"image":{"@id":"https:\/\/daltec.ch\/fr\/#\/schema\/logo\/image\/"},"sameAs":["https:\/\/www.facebook.com\/DaltecAG"]}]}},"_links":{"self":[{"href":"https:\/\/daltec.ch\/de\/wp-json\/wp\/v2\/product\/1045","targetHints":{"allow":["GET"]}}],"collection":[{"href":"https:\/\/daltec.ch\/de\/wp-json\/wp\/v2\/product"}],"about":[{"href":"https:\/\/daltec.ch\/de\/wp-json\/wp\/v2\/types\/product"}],"replies":[{"embeddable":true,"href":"https:\/\/daltec.ch\/de\/wp-json\/wp\/v2\/comments?post=1045"}],"wp:featuredmedia":[{"embeddable":true,"href":"https:\/\/daltec.ch\/de\/wp-json\/wp\/v2\/media\/1192"}],"wp:attachment":[{"href":"https:\/\/daltec.ch\/de\/wp-json\/wp\/v2\/media?parent=1045"}],"wp:term":[{"taxonomy":"product_brand","embeddable":true,"href":"https:\/\/daltec.ch\/de\/wp-json\/wp\/v2\/product_brand?post=1045"},{"taxonomy":"product_cat","embeddable":true,"href":"https:\/\/daltec.ch\/de\/wp-json\/wp\/v2\/product_cat?post=1045"},{"taxonomy":"product_tag","embeddable":true,"href":"https:\/\/daltec.ch\/de\/wp-json\/wp\/v2\/product_tag?post=1045"}],"curies":[{"name":"wp","href":"https:\/\/api.w.org\/{rel}","templated":true}]}}