{"id":1051,"date":"2024-06-24T11:13:11","date_gmt":"2024-06-24T11:13:11","guid":{"rendered":"https:\/\/demo.shrinkwaterindia.com\/?post_type=product&#038;p=1051"},"modified":"2025-06-17T17:58:02","modified_gmt":"2025-06-17T17:58:02","slug":"mini-caravan-tommy","status":"publish","type":"product","link":"https:\/\/daltec.ch\/de\/product\/mini-caravan-tommy","title":{"rendered":"Daltec Mini Caravan mit K\u00fcche, 2520x1400x1210 mm, 750 Kg"},"content":{"rendered":"<h4><em><strong>Preis: Siehe Preisliste auf Startseite<\/strong><\/em><\/h4>\n<h4>Serienausstattung:<\/h4>\n<p>Wir m\u00f6chten Ihnen unser neues Produkt vorstellen; der Anh\u00e4nger Mini Caravan TMC. Es handelt sich um einen typischer Mini-Wohnwagen. Dieser Anh\u00e4nger ist komplett ausgestattet mit verschiedenen Optionen! Die scheinbar kleine Abmessungen sorgen f\u00fcr eine bequeme Erholung f\u00fcr 2 Personen, und es gibt viel nutzbaren Raum. Die Innenma\u00dfe betragen 252x140x121 cm, wobei die Schlaffl\u00e4che 201 cm lang ist. Die nutzbare Fl\u00e4che hinter der Trennwand am Heck ist 479 mm lang. Dieser Raum wird f\u00fcr die Gasinstallation, den Herd, die Sp\u00fcle und einem 20-Liter-K\u00fchlschrank genutzt, der w\u00e4hrend der Fahrt mit 12 V und beim Parken mit 230 V aus einer Anschlusssteckdose versorgt werden kann. Au\u00dferdem ist der Anh\u00e4nger in dieser Version mit einem Radio und dem n\u00f6tigen USB-Ladeger\u00e4t ausgestattet. Serienm\u00e4\u00dfig ist er auch ausgestattet mit: Sto\u00dfd\u00e4mpfern, einer Matratze mit Bel\u00fcftungsmatte, einem Dachfenster, Seitenfenstern 700 \u00d7 500 sowie einer Seiten- (Einstiegs-) und Heckklappe. Kleine Abmessungen und ein geringes zul\u00e4ssiges Gesamtgewicht von 750 kg machen den Anh\u00e4nger zu einer idealen Alternative f\u00fcr alle die ihren Urlaub gerne auf dem Campingplatz verbringen.<\/p>\n","protected":false},"excerpt":{"rendered":"<h5><em><span style=\"color: #ff6600;\">Preis: Siehe Preisliste auf Startseite<\/span><\/em><\/h5>\n<p>Supers\u00fcsser Wohnanh\u00e4nger &#8211; Ideal f\u00fcr ihre Ferien!<\/p>\n<h4>Technische Daten:<\/h4>\n<table class=\"table\">\n<tbody>\n<tr>\n<th>L\u00e4nge<\/th>\n<td>2520 <small>mm<\/small><\/td>\n<\/tr>\n<tr>\n<th>Breite<\/th>\n<td>1400 <small>mm<\/small><\/td>\n<\/tr>\n<tr>\n<th>H\u00f6he<\/th>\n<td>1210 <small>mm<\/small><\/td>\n<\/tr>\n<tr>\n<th>Achsen<\/th>\n<td>1<\/td>\n<\/tr>\n<tr>\n<th>Gesamtgewicht<\/th>\n<td>750 <small>kg<\/small><\/td>\n<\/tr>\n<tr>\n<th>Nutzlast<\/th>\n<td>326kg<\/td>\n<\/tr>\n<\/tbody>\n<\/table>\n<table class=\"table\" style=\"height: 30px;\" width=\"219\">\n<tbody>\n<tr>\n<th>R\u00e4der<\/th>\n<td>165\/70 R13<\/td>\n<\/tr>\n<\/tbody>\n<\/table>\n","protected":false},"featured_media":1538,"comment_status":"open","ping_status":"closed","template":"","meta":{"_acf_changed":false},"product_brand":[],"product_cat":[22,189,231],"product_tag":[],"class_list":{"0":"post-1051","1":"product","2":"type-product","3":"status-publish","4":"has-post-thumbnail","6":"product_cat-sportgeraete-transportanhaenger","7":"product_cat-wohnwagen-anhaenger","8":"product_cat-wohnwagen","10":"first","11":"instock","12":"featured","13":"shipping-taxable","14":"purchasable","15":"product-type-simple"},"acf":[],"yoast_head":"<!-- This site is optimized with the Yoast SEO plugin v27.2 - https:\/\/yoast.com\/product\/yoast-seo-wordpress\/ -->\n<title>Daltec Mini Caravan mit K\u00fcche, 2520x1400x1210 mm, 750 Kg - Daltec<\/title>\n<meta name=\"robots\" content=\"index, follow, max-snippet:-1, max-image-preview:large, max-video-preview:-1\" \/>\n<link rel=\"canonical\" href=\"https:\/\/daltec.ch\/de\/product\/mini-caravan-tommy\/\" \/>\n<meta property=\"og:locale\" content=\"de_DE\" \/>\n<meta property=\"og:type\" content=\"article\" \/>\n<meta property=\"og:title\" content=\"Daltec Mini Caravan mit K\u00fcche, 2520x1400x1210 mm, 750 Kg - Daltec\" \/>\n<meta property=\"og:description\" content=\"Preis: Siehe Preisliste auf Startseite Supers\u00fcsser Wohnanh\u00e4nger - Ideal f\u00fcr ihre Ferien! Technische Daten:    L\u00e4nge 2520 mm   Breite 1400 mm   H\u00f6he 1210 mm   Achsen 1   Gesamtgewicht 750 kg   Nutzlast 326kg       R\u00e4der 165\/70 R13\" \/>\n<meta property=\"og:url\" content=\"https:\/\/daltec.ch\/de\/product\/mini-caravan-tommy\/\" \/>\n<meta property=\"og:site_name\" content=\"Daltec\" \/>\n<meta property=\"article:publisher\" content=\"https:\/\/www.facebook.com\/DaltecAG\" \/>\n<meta property=\"article:modified_time\" content=\"2025-06-17T17:58:02+00:00\" \/>\n<meta property=\"og:image\" content=\"https:\/\/daltec.ch\/wp-content\/uploads\/2024\/06\/tomplan-mini-caravan-tommy-tmc-2501-h-1.jpg\" \/>\n\t<meta property=\"og:image:width\" content=\"1000\" \/>\n\t<meta property=\"og:image:height\" content=\"1000\" \/>\n\t<meta property=\"og:image:type\" content=\"image\/jpeg\" \/>\n<meta name=\"twitter:card\" content=\"summary_large_image\" \/>\n<meta name=\"twitter:label1\" content=\"Gesch\u00e4tzte Lesezeit\" \/>\n\t<meta name=\"twitter:data1\" content=\"1\u00a0Minute\" \/>\n<script type=\"application\/ld+json\" class=\"yoast-schema-graph\">{\"@context\":\"https:\/\/schema.org\",\"@graph\":[{\"@type\":\"WebPage\",\"@id\":\"https:\/\/daltec.ch\/product\/mini-caravan-tommy\",\"url\":\"https:\/\/daltec.ch\/product\/mini-caravan-tommy\",\"name\":\"Daltec Mini Caravan mit K\u00fcche, 2520x1400x1210 mm, 750 Kg - Daltec\",\"isPartOf\":{\"@id\":\"https:\/\/daltec.ch\/fr\/#website\"},\"primaryImageOfPage\":{\"@id\":\"https:\/\/daltec.ch\/product\/mini-caravan-tommy#primaryimage\"},\"image\":{\"@id\":\"https:\/\/daltec.ch\/product\/mini-caravan-tommy#primaryimage\"},\"thumbnailUrl\":\"https:\/\/daltec.ch\/wp-content\/uploads\/2024\/06\/tomplan-mini-caravan-tommy-tmc-2501-h-1.jpg\",\"datePublished\":\"2024-06-24T11:13:11+00:00\",\"dateModified\":\"2025-06-17T17:58:02+00:00\",\"breadcrumb\":{\"@id\":\"https:\/\/daltec.ch\/product\/mini-caravan-tommy#breadcrumb\"},\"inLanguage\":\"de-CH\",\"potentialAction\":[{\"@type\":\"ReadAction\",\"target\":[\"https:\/\/daltec.ch\/product\/mini-caravan-tommy\"]}]},{\"@type\":\"ImageObject\",\"inLanguage\":\"de-CH\",\"@id\":\"https:\/\/daltec.ch\/product\/mini-caravan-tommy#primaryimage\",\"url\":\"https:\/\/daltec.ch\/wp-content\/uploads\/2024\/06\/tomplan-mini-caravan-tommy-tmc-2501-h-1.jpg\",\"contentUrl\":\"https:\/\/daltec.ch\/wp-content\/uploads\/2024\/06\/tomplan-mini-caravan-tommy-tmc-2501-h-1.jpg\",\"width\":1000,\"height\":1000},{\"@type\":\"BreadcrumbList\",\"@id\":\"https:\/\/daltec.ch\/product\/mini-caravan-tommy#breadcrumb\",\"itemListElement\":[{\"@type\":\"ListItem\",\"position\":1,\"name\":\"Startseite\",\"item\":\"https:\/\/daltec.ch\/\"},{\"@type\":\"ListItem\",\"position\":2,\"name\":\"anhaenger\",\"item\":\"https:\/\/daltec.ch\/anhaenger\"},{\"@type\":\"ListItem\",\"position\":3,\"name\":\"Daltec Mini Caravan mit K\u00fcche, 2520x1400x1210 mm, 750 Kg\"}]},{\"@type\":\"WebSite\",\"@id\":\"https:\/\/daltec.ch\/fr\/#website\",\"url\":\"https:\/\/daltec.ch\/fr\/\",\"name\":\"Daltec Trailers\",\"description\":\"\",\"publisher\":{\"@id\":\"https:\/\/daltec.ch\/fr\/#organization\"},\"potentialAction\":[{\"@type\":\"SearchAction\",\"target\":{\"@type\":\"EntryPoint\",\"urlTemplate\":\"https:\/\/daltec.ch\/fr\/?s={search_term_string}\"},\"query-input\":{\"@type\":\"PropertyValueSpecification\",\"valueRequired\":true,\"valueName\":\"search_term_string\"}}],\"inLanguage\":\"de-CH\"},{\"@type\":\"Organization\",\"@id\":\"https:\/\/daltec.ch\/fr\/#organization\",\"name\":\"Daltec AG\",\"url\":\"https:\/\/daltec.ch\/fr\/\",\"logo\":{\"@type\":\"ImageObject\",\"inLanguage\":\"de-CH\",\"@id\":\"https:\/\/daltec.ch\/fr\/#\/schema\/logo\/image\/\",\"url\":\"https:\/\/daltec.ch\/wp-content\/uploads\/2025\/08\/dlteclogo.webp\",\"contentUrl\":\"https:\/\/daltec.ch\/wp-content\/uploads\/2025\/08\/dlteclogo.webp\",\"width\":500,\"height\":195,\"caption\":\"Daltec AG\"},\"image\":{\"@id\":\"https:\/\/daltec.ch\/fr\/#\/schema\/logo\/image\/\"},\"sameAs\":[\"https:\/\/www.facebook.com\/DaltecAG\"]}]}<\/script>\n<!-- \/ Yoast SEO plugin. -->","yoast_head_json":{"title":"Daltec Mini Caravan mit K\u00fcche, 2520x1400x1210 mm, 750 Kg - Daltec","robots":{"index":"index","follow":"follow","max-snippet":"max-snippet:-1","max-image-preview":"max-image-preview:large","max-video-preview":"max-video-preview:-1"},"canonical":"https:\/\/daltec.ch\/de\/product\/mini-caravan-tommy\/","og_locale":"de_DE","og_type":"article","og_title":"Daltec Mini Caravan mit K\u00fcche, 2520x1400x1210 mm, 750 Kg - Daltec","og_description":"Preis: Siehe Preisliste auf Startseite Supers\u00fcsser Wohnanh\u00e4nger - Ideal f\u00fcr ihre Ferien! Technische Daten:    L\u00e4nge 2520 mm   Breite 1400 mm   H\u00f6he 1210 mm   Achsen 1   Gesamtgewicht 750 kg   Nutzlast 326kg       R\u00e4der 165\/70 R13","og_url":"https:\/\/daltec.ch\/de\/product\/mini-caravan-tommy\/","og_site_name":"Daltec","article_publisher":"https:\/\/www.facebook.com\/DaltecAG","article_modified_time":"2025-06-17T17:58:02+00:00","og_image":[{"width":1000,"height":1000,"url":"https:\/\/daltec.ch\/wp-content\/uploads\/2024\/06\/tomplan-mini-caravan-tommy-tmc-2501-h-1.jpg","type":"image\/jpeg"}],"twitter_card":"summary_large_image","twitter_misc":{"Gesch\u00e4tzte Lesezeit":"1\u00a0Minute"},"schema":{"@context":"https:\/\/schema.org","@graph":[{"@type":"WebPage","@id":"https:\/\/daltec.ch\/product\/mini-caravan-tommy","url":"https:\/\/daltec.ch\/product\/mini-caravan-tommy","name":"Daltec Mini Caravan mit K\u00fcche, 2520x1400x1210 mm, 750 Kg - Daltec","isPartOf":{"@id":"https:\/\/daltec.ch\/fr\/#website"},"primaryImageOfPage":{"@id":"https:\/\/daltec.ch\/product\/mini-caravan-tommy#primaryimage"},"image":{"@id":"https:\/\/daltec.ch\/product\/mini-caravan-tommy#primaryimage"},"thumbnailUrl":"https:\/\/daltec.ch\/wp-content\/uploads\/2024\/06\/tomplan-mini-caravan-tommy-tmc-2501-h-1.jpg","datePublished":"2024-06-24T11:13:11+00:00","dateModified":"2025-06-17T17:58:02+00:00","breadcrumb":{"@id":"https:\/\/daltec.ch\/product\/mini-caravan-tommy#breadcrumb"},"inLanguage":"de-CH","potentialAction":[{"@type":"ReadAction","target":["https:\/\/daltec.ch\/product\/mini-caravan-tommy"]}]},{"@type":"ImageObject","inLanguage":"de-CH","@id":"https:\/\/daltec.ch\/product\/mini-caravan-tommy#primaryimage","url":"https:\/\/daltec.ch\/wp-content\/uploads\/2024\/06\/tomplan-mini-caravan-tommy-tmc-2501-h-1.jpg","contentUrl":"https:\/\/daltec.ch\/wp-content\/uploads\/2024\/06\/tomplan-mini-caravan-tommy-tmc-2501-h-1.jpg","width":1000,"height":1000},{"@type":"BreadcrumbList","@id":"https:\/\/daltec.ch\/product\/mini-caravan-tommy#breadcrumb","itemListElement":[{"@type":"ListItem","position":1,"name":"Startseite","item":"https:\/\/daltec.ch\/"},{"@type":"ListItem","position":2,"name":"anhaenger","item":"https:\/\/daltec.ch\/anhaenger"},{"@type":"ListItem","position":3,"name":"Daltec Mini Caravan mit K\u00fcche, 2520x1400x1210 mm, 750 Kg"}]},{"@type":"WebSite","@id":"https:\/\/daltec.ch\/fr\/#website","url":"https:\/\/daltec.ch\/fr\/","name":"Daltec Trailers","description":"","publisher":{"@id":"https:\/\/daltec.ch\/fr\/#organization"},"potentialAction":[{"@type":"SearchAction","target":{"@type":"EntryPoint","urlTemplate":"https:\/\/daltec.ch\/fr\/?s={search_term_string}"},"query-input":{"@type":"PropertyValueSpecification","valueRequired":true,"valueName":"search_term_string"}}],"inLanguage":"de-CH"},{"@type":"Organization","@id":"https:\/\/daltec.ch\/fr\/#organization","name":"Daltec AG","url":"https:\/\/daltec.ch\/fr\/","logo":{"@type":"ImageObject","inLanguage":"de-CH","@id":"https:\/\/daltec.ch\/fr\/#\/schema\/logo\/image\/","url":"https:\/\/daltec.ch\/wp-content\/uploads\/2025\/08\/dlteclogo.webp","contentUrl":"https:\/\/daltec.ch\/wp-content\/uploads\/2025\/08\/dlteclogo.webp","width":500,"height":195,"caption":"Daltec AG"},"image":{"@id":"https:\/\/daltec.ch\/fr\/#\/schema\/logo\/image\/"},"sameAs":["https:\/\/www.facebook.com\/DaltecAG"]}]}},"_links":{"self":[{"href":"https:\/\/daltec.ch\/de\/wp-json\/wp\/v2\/product\/1051","targetHints":{"allow":["GET"]}}],"collection":[{"href":"https:\/\/daltec.ch\/de\/wp-json\/wp\/v2\/product"}],"about":[{"href":"https:\/\/daltec.ch\/de\/wp-json\/wp\/v2\/types\/product"}],"replies":[{"embeddable":true,"href":"https:\/\/daltec.ch\/de\/wp-json\/wp\/v2\/comments?post=1051"}],"wp:featuredmedia":[{"embeddable":true,"href":"https:\/\/daltec.ch\/de\/wp-json\/wp\/v2\/media\/1538"}],"wp:attachment":[{"href":"https:\/\/daltec.ch\/de\/wp-json\/wp\/v2\/media?parent=1051"}],"wp:term":[{"taxonomy":"product_brand","embeddable":true,"href":"https:\/\/daltec.ch\/de\/wp-json\/wp\/v2\/product_brand?post=1051"},{"taxonomy":"product_cat","embeddable":true,"href":"https:\/\/daltec.ch\/de\/wp-json\/wp\/v2\/product_cat?post=1051"},{"taxonomy":"product_tag","embeddable":true,"href":"https:\/\/daltec.ch\/de\/wp-json\/wp\/v2\/product_tag?post=1051"}],"curies":[{"name":"wp","href":"https:\/\/api.w.org\/{rel}","templated":true}]}}