{"id":1052,"date":"2024-06-24T11:52:22","date_gmt":"2024-06-24T11:52:22","guid":{"rendered":"https:\/\/demo.shrinkwaterindia.com\/?post_type=product&#038;p=1052"},"modified":"2025-09-04T12:33:53","modified_gmt":"2025-09-04T12:33:53","slug":"car-keeper-30-budget","status":"publish","type":"product","link":"https:\/\/daltec.ch\/de\/product\/car-keeper-30-budget","title":{"rendered":"Daltec Car Keeper 30 Abkippbar, 4730&#215;2070 mm, 3000 Kg"},"content":{"rendered":"<p><em><strong>Preis: Siehe Preisliste auf Startseite<\/strong><\/em><\/p>\n<p>Solide Anh\u00e4nger und Autotransportanh\u00e4nger. In der CAR-Serie finden Sie Autotransporter wie CAR 4020 S und CAR 4820\/3, Autotransporter mit Biberschwanz &#8211; CAR PLUS, flache Anh\u00e4nger &#8211; CAR PLATFORM, CAR FLAT, CARPLATFORM 4020 S und den perfekten kippbaren Autotransporter CAR KEEPER, der sich durch einen wirklich niedrigen Anstellwinkel &#8211; nur 11 Schritte &#8211; und eine geringe Schwerkraft auszeichnet. Die bew\u00e4hrte Konstruktion und die verst\u00e4rkten Profile garantieren die Langlebigkeit der Anh\u00e4nger der CAR-Serie.<\/p>\n<h4>Serienausstattung:<\/h4>\n<p>Essieu al-ko, lohr acier, 195\/55 r10c, support de roue de secours (sans roue de secours), roue jockey automatique, treuil a corde<\/p>\n","protected":false},"excerpt":{"rendered":"<h5><span style=\"color: #ff6600;\"><em>Preis: Siehe Preisliste auf Startseite<\/em><\/span><\/h5>\n<p>Autotransporter Hochlader mit hydraulisch kippbarer Standfl\u00e4che<\/p>\n<h4>Technische Daten:<\/h4>\n<table class=\"table\">\n<tbody>\n<tr>\n<th>L\u00e4nge<\/th>\n<td>4730 <small>mm<\/small><\/td>\n<\/tr>\n<tr>\n<th>Breite<\/th>\n<td>2070 <small>mm<\/small><\/td>\n<\/tr>\n<tr>\n<th>H\u00f6he<\/th>\n<td>200 <small>mm<\/small><\/td>\n<\/tr>\n<tr>\n<th>Achsen<\/th>\n<td>2<small><\/small><\/td>\n<\/tr>\n<tr>\n<th>Gesamtgewicht<\/th>\n<td>3000 <small>kg<\/small><\/td>\n<\/tr>\n<tr>\n<th>Nutzlast<\/th>\n<td>2230 <small>kg<\/small><\/td>\n<\/tr>\n<tr>\n<th>R\u00e4der<\/th>\n<td>195\/55 R 10 C<small><\/small><\/td>\n<\/tr>\n<\/tbody>\n<\/table>\n","protected":false},"featured_media":3580,"comment_status":"open","ping_status":"closed","template":"","meta":{"_acf_changed":false},"product_brand":[],"product_cat":[234],"product_tag":[],"class_list":{"0":"post-1052","1":"product","2":"type-product","3":"status-publish","4":"has-post-thumbnail","6":"product_cat-autotransporter-offen","8":"first","9":"instock","10":"featured","11":"shipping-taxable","12":"purchasable","13":"product-type-simple"},"acf":[],"yoast_head":"<!-- This site is optimized with the Yoast SEO plugin v27.4 - https:\/\/yoast.com\/product\/yoast-seo-wordpress\/ -->\n<title>Daltec Car Keeper 30 Abkippbar, 4730x2070 mm, 3000 Kg - Daltec<\/title>\n<meta name=\"robots\" content=\"index, follow, max-snippet:-1, max-image-preview:large, max-video-preview:-1\" \/>\n<link rel=\"canonical\" href=\"https:\/\/daltec.ch\/de\/product\/car-keeper-30-budget\/\" \/>\n<meta property=\"og:locale\" content=\"de_DE\" \/>\n<meta property=\"og:type\" content=\"article\" \/>\n<meta property=\"og:title\" content=\"Daltec Car Keeper 30 Abkippbar, 4730x2070 mm, 3000 Kg - Daltec\" \/>\n<meta property=\"og:description\" content=\"Preis: Siehe Preisliste auf Startseite Autotransporter Hochlader mit hydraulisch kippbarer Standfl\u00e4che Technische Daten:    L\u00e4nge 4730 mm   Breite 2070 mm   H\u00f6he 200 mm   Achsen 2   Gesamtgewicht 3000 kg   Nutzlast 2230 kg   R\u00e4der 195\/55 R 10 C\" \/>\n<meta property=\"og:url\" content=\"https:\/\/daltec.ch\/de\/product\/car-keeper-30-budget\/\" \/>\n<meta property=\"og:site_name\" content=\"Daltec\" \/>\n<meta property=\"article:publisher\" content=\"https:\/\/www.facebook.com\/DaltecAG\" \/>\n<meta property=\"article:modified_time\" content=\"2025-09-04T12:33:53+00:00\" \/>\n<meta property=\"og:image\" content=\"https:\/\/daltec.ch\/wp-content\/uploads\/2024\/06\/medium_16756e521a59ca.webp\" \/>\n\t<meta property=\"og:image:width\" content=\"700\" \/>\n\t<meta property=\"og:image:height\" content=\"700\" \/>\n\t<meta property=\"og:image:type\" content=\"image\/webp\" \/>\n<meta name=\"twitter:card\" content=\"summary_large_image\" \/>\n<meta name=\"twitter:label1\" content=\"Gesch\u00e4tzte Lesezeit\" \/>\n\t<meta name=\"twitter:data1\" content=\"1\u00a0Minute\" \/>\n<script type=\"application\/ld+json\" class=\"yoast-schema-graph\">{\"@context\":\"https:\\\/\\\/schema.org\",\"@graph\":[{\"@type\":\"WebPage\",\"@id\":\"https:\\\/\\\/daltec.ch\\\/product\\\/car-keeper-30-budget\",\"url\":\"https:\\\/\\\/daltec.ch\\\/product\\\/car-keeper-30-budget\",\"name\":\"Daltec Car Keeper 30 Abkippbar, 4730x2070 mm, 3000 Kg - Daltec\",\"isPartOf\":{\"@id\":\"https:\\\/\\\/daltec.ch\\\/fr\\\/#website\"},\"primaryImageOfPage\":{\"@id\":\"https:\\\/\\\/daltec.ch\\\/product\\\/car-keeper-30-budget#primaryimage\"},\"image\":{\"@id\":\"https:\\\/\\\/daltec.ch\\\/product\\\/car-keeper-30-budget#primaryimage\"},\"thumbnailUrl\":\"https:\\\/\\\/daltec.ch\\\/wp-content\\\/uploads\\\/2024\\\/06\\\/medium_16756e521a59ca.webp\",\"datePublished\":\"2024-06-24T11:52:22+00:00\",\"dateModified\":\"2025-09-04T12:33:53+00:00\",\"breadcrumb\":{\"@id\":\"https:\\\/\\\/daltec.ch\\\/product\\\/car-keeper-30-budget#breadcrumb\"},\"inLanguage\":\"de-CH\",\"potentialAction\":[{\"@type\":\"ReadAction\",\"target\":[\"https:\\\/\\\/daltec.ch\\\/product\\\/car-keeper-30-budget\"]}]},{\"@type\":\"ImageObject\",\"inLanguage\":\"de-CH\",\"@id\":\"https:\\\/\\\/daltec.ch\\\/product\\\/car-keeper-30-budget#primaryimage\",\"url\":\"https:\\\/\\\/daltec.ch\\\/wp-content\\\/uploads\\\/2024\\\/06\\\/medium_16756e521a59ca.webp\",\"contentUrl\":\"https:\\\/\\\/daltec.ch\\\/wp-content\\\/uploads\\\/2024\\\/06\\\/medium_16756e521a59ca.webp\",\"width\":700,\"height\":700},{\"@type\":\"BreadcrumbList\",\"@id\":\"https:\\\/\\\/daltec.ch\\\/product\\\/car-keeper-30-budget#breadcrumb\",\"itemListElement\":[{\"@type\":\"ListItem\",\"position\":1,\"name\":\"Startseite\",\"item\":\"https:\\\/\\\/daltec.ch\\\/\"},{\"@type\":\"ListItem\",\"position\":2,\"name\":\"anhaenger\",\"item\":\"https:\\\/\\\/daltec.ch\\\/anhaenger\"},{\"@type\":\"ListItem\",\"position\":3,\"name\":\"Daltec Car Keeper 30 Abkippbar, 4730&#215;2070 mm, 3000 Kg\"}]},{\"@type\":\"WebSite\",\"@id\":\"https:\\\/\\\/daltec.ch\\\/fr\\\/#website\",\"url\":\"https:\\\/\\\/daltec.ch\\\/fr\\\/\",\"name\":\"Daltec Trailers\",\"description\":\"\",\"publisher\":{\"@id\":\"https:\\\/\\\/daltec.ch\\\/fr\\\/#organization\"},\"potentialAction\":[{\"@type\":\"SearchAction\",\"target\":{\"@type\":\"EntryPoint\",\"urlTemplate\":\"https:\\\/\\\/daltec.ch\\\/fr\\\/?s={search_term_string}\"},\"query-input\":{\"@type\":\"PropertyValueSpecification\",\"valueRequired\":true,\"valueName\":\"search_term_string\"}}],\"inLanguage\":\"de-CH\"},{\"@type\":\"Organization\",\"@id\":\"https:\\\/\\\/daltec.ch\\\/fr\\\/#organization\",\"name\":\"Daltec AG\",\"url\":\"https:\\\/\\\/daltec.ch\\\/fr\\\/\",\"logo\":{\"@type\":\"ImageObject\",\"inLanguage\":\"de-CH\",\"@id\":\"https:\\\/\\\/daltec.ch\\\/fr\\\/#\\\/schema\\\/logo\\\/image\\\/\",\"url\":\"https:\\\/\\\/daltec.ch\\\/wp-content\\\/uploads\\\/2025\\\/08\\\/dlteclogo.webp\",\"contentUrl\":\"https:\\\/\\\/daltec.ch\\\/wp-content\\\/uploads\\\/2025\\\/08\\\/dlteclogo.webp\",\"width\":500,\"height\":195,\"caption\":\"Daltec AG\"},\"image\":{\"@id\":\"https:\\\/\\\/daltec.ch\\\/fr\\\/#\\\/schema\\\/logo\\\/image\\\/\"},\"sameAs\":[\"https:\\\/\\\/www.facebook.com\\\/DaltecAG\"]}]}<\/script>\n<!-- \/ Yoast SEO plugin. -->","yoast_head_json":{"title":"Daltec Car Keeper 30 Abkippbar, 4730x2070 mm, 3000 Kg - Daltec","robots":{"index":"index","follow":"follow","max-snippet":"max-snippet:-1","max-image-preview":"max-image-preview:large","max-video-preview":"max-video-preview:-1"},"canonical":"https:\/\/daltec.ch\/de\/product\/car-keeper-30-budget\/","og_locale":"de_DE","og_type":"article","og_title":"Daltec Car Keeper 30 Abkippbar, 4730x2070 mm, 3000 Kg - Daltec","og_description":"Preis: Siehe Preisliste auf Startseite Autotransporter Hochlader mit hydraulisch kippbarer Standfl\u00e4che Technische Daten:    L\u00e4nge 4730 mm   Breite 2070 mm   H\u00f6he 200 mm   Achsen 2   Gesamtgewicht 3000 kg   Nutzlast 2230 kg   R\u00e4der 195\/55 R 10 C","og_url":"https:\/\/daltec.ch\/de\/product\/car-keeper-30-budget\/","og_site_name":"Daltec","article_publisher":"https:\/\/www.facebook.com\/DaltecAG","article_modified_time":"2025-09-04T12:33:53+00:00","og_image":[{"width":700,"height":700,"url":"https:\/\/daltec.ch\/wp-content\/uploads\/2024\/06\/medium_16756e521a59ca.webp","type":"image\/webp"}],"twitter_card":"summary_large_image","twitter_misc":{"Gesch\u00e4tzte Lesezeit":"1\u00a0Minute"},"schema":{"@context":"https:\/\/schema.org","@graph":[{"@type":"WebPage","@id":"https:\/\/daltec.ch\/product\/car-keeper-30-budget","url":"https:\/\/daltec.ch\/product\/car-keeper-30-budget","name":"Daltec Car Keeper 30 Abkippbar, 4730x2070 mm, 3000 Kg - Daltec","isPartOf":{"@id":"https:\/\/daltec.ch\/fr\/#website"},"primaryImageOfPage":{"@id":"https:\/\/daltec.ch\/product\/car-keeper-30-budget#primaryimage"},"image":{"@id":"https:\/\/daltec.ch\/product\/car-keeper-30-budget#primaryimage"},"thumbnailUrl":"https:\/\/daltec.ch\/wp-content\/uploads\/2024\/06\/medium_16756e521a59ca.webp","datePublished":"2024-06-24T11:52:22+00:00","dateModified":"2025-09-04T12:33:53+00:00","breadcrumb":{"@id":"https:\/\/daltec.ch\/product\/car-keeper-30-budget#breadcrumb"},"inLanguage":"de-CH","potentialAction":[{"@type":"ReadAction","target":["https:\/\/daltec.ch\/product\/car-keeper-30-budget"]}]},{"@type":"ImageObject","inLanguage":"de-CH","@id":"https:\/\/daltec.ch\/product\/car-keeper-30-budget#primaryimage","url":"https:\/\/daltec.ch\/wp-content\/uploads\/2024\/06\/medium_16756e521a59ca.webp","contentUrl":"https:\/\/daltec.ch\/wp-content\/uploads\/2024\/06\/medium_16756e521a59ca.webp","width":700,"height":700},{"@type":"BreadcrumbList","@id":"https:\/\/daltec.ch\/product\/car-keeper-30-budget#breadcrumb","itemListElement":[{"@type":"ListItem","position":1,"name":"Startseite","item":"https:\/\/daltec.ch\/"},{"@type":"ListItem","position":2,"name":"anhaenger","item":"https:\/\/daltec.ch\/anhaenger"},{"@type":"ListItem","position":3,"name":"Daltec Car Keeper 30 Abkippbar, 4730&#215;2070 mm, 3000 Kg"}]},{"@type":"WebSite","@id":"https:\/\/daltec.ch\/fr\/#website","url":"https:\/\/daltec.ch\/fr\/","name":"Daltec Trailers","description":"","publisher":{"@id":"https:\/\/daltec.ch\/fr\/#organization"},"potentialAction":[{"@type":"SearchAction","target":{"@type":"EntryPoint","urlTemplate":"https:\/\/daltec.ch\/fr\/?s={search_term_string}"},"query-input":{"@type":"PropertyValueSpecification","valueRequired":true,"valueName":"search_term_string"}}],"inLanguage":"de-CH"},{"@type":"Organization","@id":"https:\/\/daltec.ch\/fr\/#organization","name":"Daltec AG","url":"https:\/\/daltec.ch\/fr\/","logo":{"@type":"ImageObject","inLanguage":"de-CH","@id":"https:\/\/daltec.ch\/fr\/#\/schema\/logo\/image\/","url":"https:\/\/daltec.ch\/wp-content\/uploads\/2025\/08\/dlteclogo.webp","contentUrl":"https:\/\/daltec.ch\/wp-content\/uploads\/2025\/08\/dlteclogo.webp","width":500,"height":195,"caption":"Daltec AG"},"image":{"@id":"https:\/\/daltec.ch\/fr\/#\/schema\/logo\/image\/"},"sameAs":["https:\/\/www.facebook.com\/DaltecAG"]}]}},"_links":{"self":[{"href":"https:\/\/daltec.ch\/de\/wp-json\/wp\/v2\/product\/1052","targetHints":{"allow":["GET"]}}],"collection":[{"href":"https:\/\/daltec.ch\/de\/wp-json\/wp\/v2\/product"}],"about":[{"href":"https:\/\/daltec.ch\/de\/wp-json\/wp\/v2\/types\/product"}],"replies":[{"embeddable":true,"href":"https:\/\/daltec.ch\/de\/wp-json\/wp\/v2\/comments?post=1052"}],"wp:featuredmedia":[{"embeddable":true,"href":"https:\/\/daltec.ch\/de\/wp-json\/wp\/v2\/media\/3580"}],"wp:attachment":[{"href":"https:\/\/daltec.ch\/de\/wp-json\/wp\/v2\/media?parent=1052"}],"wp:term":[{"taxonomy":"product_brand","embeddable":true,"href":"https:\/\/daltec.ch\/de\/wp-json\/wp\/v2\/product_brand?post=1052"},{"taxonomy":"product_cat","embeddable":true,"href":"https:\/\/daltec.ch\/de\/wp-json\/wp\/v2\/product_cat?post=1052"},{"taxonomy":"product_tag","embeddable":true,"href":"https:\/\/daltec.ch\/de\/wp-json\/wp\/v2\/product_tag?post=1052"}],"curies":[{"name":"wp","href":"https:\/\/api.w.org\/{rel}","templated":true}]}}