{"id":1053,"date":"2024-06-24T12:05:44","date_gmt":"2024-06-24T12:05:44","guid":{"rendered":"https:\/\/demo.shrinkwaterindia.com\/?post_type=product&#038;p=1053"},"modified":"2025-09-04T09:41:14","modified_gmt":"2025-09-04T09:41:14","slug":"car-keeper-35-budget","status":"publish","type":"product","link":"https:\/\/daltec.ch\/de\/product\/car-keeper-35-budget","title":{"rendered":"Daltec Car Keeper 35 Abkippbar, 4730&#215;2074 mm, 3500 kg"},"content":{"rendered":"<p>Zuverl\u00e4ssige Anh\u00e4nger f\u00fcr den gefahrlosen Transport von Fahrzeugen. In der CAR-Serie bieten wir Ihnen eine ganze Reihe von verschiedenen Autotransportanh\u00e4ngern an \u2013 klassische Autotransporter als Hochlader CAR 4020S und CAR PLUS, geschlossene Plattformen mit Auffahrrampen und Seilwinde CARPLATFORM und CARFLAT sowie Hochlader mit hydraulisch kippbarer Standfl\u00e4che &#8211; CARKEEPER, die sich durch den niedrigeren Auffahrwinkel (ca. 11 Grad) sowie niedrigen Schwerpunkt auszeichnen \u2013 die beste Wahl zum Befahren mit Fahrzeugen mit geringer Bodenfreiheit. Bew\u00e4hrte Konstruktionen und verst\u00e4rkte Profile erm\u00f6glichen eine langj\u00e4hrige Nutzung von unseren Anh\u00e4ngern aus der CAR-Serie.<\/p>\n<h4><\/h4>\n","protected":false},"excerpt":{"rendered":"<h5><span style=\"color: #ff6600;\"><em>Preis: Siehe Preisliste auf Startseite<\/em><\/span><\/h5>\n<p>Autotransporter Hochlader 3achser mit hydraulisch kippbarer Standfl\u00e4che<\/p>\n<h4>Technische Daten:<\/h4>\n<table class=\"table\">\n<tbody>\n<tr>\n<th>L\u00e4nge<\/th>\n<td>4730<small>mm<\/small><\/td>\n<\/tr>\n<tr>\n<th>Breite<\/th>\n<td>2074 <small>mm<\/small><\/td>\n<\/tr>\n<tr>\n<th>H\u00f6he<\/th>\n<td>0 <small>mm<\/small><\/td>\n<\/tr>\n<tr>\n<th>Achsen<\/th>\n<td>3<\/td>\n<\/tr>\n<tr>\n<th>Gesamtgewicht<\/th>\n<td>3500 <small>kg<\/small><\/td>\n<\/tr>\n<tr>\n<th>Nutzlast<\/th>\n<td>2670 <small>kg<\/small><\/td>\n<\/tr>\n<tr>\n<th>R\u00e4der<\/th>\n<td>165 R 13 C<small><\/small><\/td>\n<\/tr>\n<\/tbody>\n<\/table>\n<h4>Optionen:<\/h4>\n<table style=\"height: 50px;\" width=\"364\">\n<tbody>\n<tr>\n<td>Seilwinde manuell mit Halter<\/td>\n<td>640 CHF<\/td>\n<\/tr>\n<\/tbody>\n<\/table>\n","protected":false},"featured_media":2966,"comment_status":"open","ping_status":"closed","template":"","meta":{"_acf_changed":false},"product_brand":[],"product_cat":[234],"product_tag":[],"class_list":{"0":"post-1053","1":"product","2":"type-product","3":"status-publish","4":"has-post-thumbnail","6":"product_cat-autotransporter-offen","8":"first","9":"instock","10":"featured","11":"shipping-taxable","12":"purchasable","13":"product-type-simple"},"acf":[],"yoast_head":"<!-- This site is optimized with the Yoast SEO plugin v27.4 - https:\/\/yoast.com\/product\/yoast-seo-wordpress\/ -->\n<title>Daltec Car Keeper 35 Abkippbar, 4730x2074 mm, 3500 kg - Daltec<\/title>\n<meta name=\"robots\" content=\"index, follow, max-snippet:-1, max-image-preview:large, max-video-preview:-1\" \/>\n<link rel=\"canonical\" href=\"https:\/\/daltec.ch\/de\/product\/car-keeper-35-budget\/\" \/>\n<meta property=\"og:locale\" content=\"de_DE\" \/>\n<meta property=\"og:type\" content=\"article\" \/>\n<meta property=\"og:title\" content=\"Daltec Car Keeper 35 Abkippbar, 4730x2074 mm, 3500 kg - Daltec\" \/>\n<meta property=\"og:description\" content=\"Preis: Siehe Preisliste auf Startseite Autotransporter Hochlader 3achser mit hydraulisch kippbarer Standfl\u00e4che Technische Daten:    L\u00e4nge 4730mm   Breite 2074 mm   H\u00f6he 0 mm   Achsen 3   Gesamtgewicht 3500 kg   Nutzlast 2670 kg   R\u00e4der 165 R 13 C    Optionen:    Seilwinde manuell mit Halter 640 CHF\" \/>\n<meta property=\"og:url\" content=\"https:\/\/daltec.ch\/de\/product\/car-keeper-35-budget\/\" \/>\n<meta property=\"og:site_name\" content=\"Daltec\" \/>\n<meta property=\"article:publisher\" content=\"https:\/\/www.facebook.com\/DaltecAG\" \/>\n<meta property=\"article:modified_time\" content=\"2025-09-04T09:41:14+00:00\" \/>\n<meta property=\"og:image\" content=\"https:\/\/daltec.ch\/wp-content\/uploads\/2024\/06\/519-Car-Keeper-35-abkippbar-L3OVP.350.480.200.307.KL0E-1.png\" \/>\n\t<meta property=\"og:image:width\" content=\"650\" \/>\n\t<meta property=\"og:image:height\" content=\"650\" \/>\n\t<meta property=\"og:image:type\" content=\"image\/png\" \/>\n<meta name=\"twitter:card\" content=\"summary_large_image\" \/>\n<meta name=\"twitter:label1\" content=\"Gesch\u00e4tzte Lesezeit\" \/>\n\t<meta name=\"twitter:data1\" content=\"1\u00a0Minute\" \/>\n<script type=\"application\/ld+json\" class=\"yoast-schema-graph\">{\"@context\":\"https:\\\/\\\/schema.org\",\"@graph\":[{\"@type\":\"WebPage\",\"@id\":\"https:\\\/\\\/daltec.ch\\\/product\\\/car-keeper-35-budget\",\"url\":\"https:\\\/\\\/daltec.ch\\\/product\\\/car-keeper-35-budget\",\"name\":\"Daltec Car Keeper 35 Abkippbar, 4730x2074 mm, 3500 kg - Daltec\",\"isPartOf\":{\"@id\":\"https:\\\/\\\/daltec.ch\\\/fr\\\/#website\"},\"primaryImageOfPage\":{\"@id\":\"https:\\\/\\\/daltec.ch\\\/product\\\/car-keeper-35-budget#primaryimage\"},\"image\":{\"@id\":\"https:\\\/\\\/daltec.ch\\\/product\\\/car-keeper-35-budget#primaryimage\"},\"thumbnailUrl\":\"https:\\\/\\\/daltec.ch\\\/wp-content\\\/uploads\\\/2024\\\/06\\\/519-Car-Keeper-35-abkippbar-L3OVP.350.480.200.307.KL0E-1.png\",\"datePublished\":\"2024-06-24T12:05:44+00:00\",\"dateModified\":\"2025-09-04T09:41:14+00:00\",\"breadcrumb\":{\"@id\":\"https:\\\/\\\/daltec.ch\\\/product\\\/car-keeper-35-budget#breadcrumb\"},\"inLanguage\":\"de-CH\",\"potentialAction\":[{\"@type\":\"ReadAction\",\"target\":[\"https:\\\/\\\/daltec.ch\\\/product\\\/car-keeper-35-budget\"]}]},{\"@type\":\"ImageObject\",\"inLanguage\":\"de-CH\",\"@id\":\"https:\\\/\\\/daltec.ch\\\/product\\\/car-keeper-35-budget#primaryimage\",\"url\":\"https:\\\/\\\/daltec.ch\\\/wp-content\\\/uploads\\\/2024\\\/06\\\/519-Car-Keeper-35-abkippbar-L3OVP.350.480.200.307.KL0E-1.png\",\"contentUrl\":\"https:\\\/\\\/daltec.ch\\\/wp-content\\\/uploads\\\/2024\\\/06\\\/519-Car-Keeper-35-abkippbar-L3OVP.350.480.200.307.KL0E-1.png\",\"width\":650,\"height\":650},{\"@type\":\"BreadcrumbList\",\"@id\":\"https:\\\/\\\/daltec.ch\\\/product\\\/car-keeper-35-budget#breadcrumb\",\"itemListElement\":[{\"@type\":\"ListItem\",\"position\":1,\"name\":\"Startseite\",\"item\":\"https:\\\/\\\/daltec.ch\\\/\"},{\"@type\":\"ListItem\",\"position\":2,\"name\":\"anhaenger\",\"item\":\"https:\\\/\\\/daltec.ch\\\/anhaenger\"},{\"@type\":\"ListItem\",\"position\":3,\"name\":\"Daltec Car Keeper 35 Abkippbar, 4730&#215;2074 mm, 3500 kg\"}]},{\"@type\":\"WebSite\",\"@id\":\"https:\\\/\\\/daltec.ch\\\/fr\\\/#website\",\"url\":\"https:\\\/\\\/daltec.ch\\\/fr\\\/\",\"name\":\"Daltec Trailers\",\"description\":\"\",\"publisher\":{\"@id\":\"https:\\\/\\\/daltec.ch\\\/fr\\\/#organization\"},\"potentialAction\":[{\"@type\":\"SearchAction\",\"target\":{\"@type\":\"EntryPoint\",\"urlTemplate\":\"https:\\\/\\\/daltec.ch\\\/fr\\\/?s={search_term_string}\"},\"query-input\":{\"@type\":\"PropertyValueSpecification\",\"valueRequired\":true,\"valueName\":\"search_term_string\"}}],\"inLanguage\":\"de-CH\"},{\"@type\":\"Organization\",\"@id\":\"https:\\\/\\\/daltec.ch\\\/fr\\\/#organization\",\"name\":\"Daltec AG\",\"url\":\"https:\\\/\\\/daltec.ch\\\/fr\\\/\",\"logo\":{\"@type\":\"ImageObject\",\"inLanguage\":\"de-CH\",\"@id\":\"https:\\\/\\\/daltec.ch\\\/fr\\\/#\\\/schema\\\/logo\\\/image\\\/\",\"url\":\"https:\\\/\\\/daltec.ch\\\/wp-content\\\/uploads\\\/2025\\\/08\\\/dlteclogo.webp\",\"contentUrl\":\"https:\\\/\\\/daltec.ch\\\/wp-content\\\/uploads\\\/2025\\\/08\\\/dlteclogo.webp\",\"width\":500,\"height\":195,\"caption\":\"Daltec AG\"},\"image\":{\"@id\":\"https:\\\/\\\/daltec.ch\\\/fr\\\/#\\\/schema\\\/logo\\\/image\\\/\"},\"sameAs\":[\"https:\\\/\\\/www.facebook.com\\\/DaltecAG\"]}]}<\/script>\n<!-- \/ Yoast SEO plugin. -->","yoast_head_json":{"title":"Daltec Car Keeper 35 Abkippbar, 4730x2074 mm, 3500 kg - Daltec","robots":{"index":"index","follow":"follow","max-snippet":"max-snippet:-1","max-image-preview":"max-image-preview:large","max-video-preview":"max-video-preview:-1"},"canonical":"https:\/\/daltec.ch\/de\/product\/car-keeper-35-budget\/","og_locale":"de_DE","og_type":"article","og_title":"Daltec Car Keeper 35 Abkippbar, 4730x2074 mm, 3500 kg - Daltec","og_description":"Preis: Siehe Preisliste auf Startseite Autotransporter Hochlader 3achser mit hydraulisch kippbarer Standfl\u00e4che Technische Daten:    L\u00e4nge 4730mm   Breite 2074 mm   H\u00f6he 0 mm   Achsen 3   Gesamtgewicht 3500 kg   Nutzlast 2670 kg   R\u00e4der 165 R 13 C    Optionen:    Seilwinde manuell mit Halter 640 CHF","og_url":"https:\/\/daltec.ch\/de\/product\/car-keeper-35-budget\/","og_site_name":"Daltec","article_publisher":"https:\/\/www.facebook.com\/DaltecAG","article_modified_time":"2025-09-04T09:41:14+00:00","og_image":[{"width":650,"height":650,"url":"https:\/\/daltec.ch\/wp-content\/uploads\/2024\/06\/519-Car-Keeper-35-abkippbar-L3OVP.350.480.200.307.KL0E-1.png","type":"image\/png"}],"twitter_card":"summary_large_image","twitter_misc":{"Gesch\u00e4tzte Lesezeit":"1\u00a0Minute"},"schema":{"@context":"https:\/\/schema.org","@graph":[{"@type":"WebPage","@id":"https:\/\/daltec.ch\/product\/car-keeper-35-budget","url":"https:\/\/daltec.ch\/product\/car-keeper-35-budget","name":"Daltec Car Keeper 35 Abkippbar, 4730x2074 mm, 3500 kg - Daltec","isPartOf":{"@id":"https:\/\/daltec.ch\/fr\/#website"},"primaryImageOfPage":{"@id":"https:\/\/daltec.ch\/product\/car-keeper-35-budget#primaryimage"},"image":{"@id":"https:\/\/daltec.ch\/product\/car-keeper-35-budget#primaryimage"},"thumbnailUrl":"https:\/\/daltec.ch\/wp-content\/uploads\/2024\/06\/519-Car-Keeper-35-abkippbar-L3OVP.350.480.200.307.KL0E-1.png","datePublished":"2024-06-24T12:05:44+00:00","dateModified":"2025-09-04T09:41:14+00:00","breadcrumb":{"@id":"https:\/\/daltec.ch\/product\/car-keeper-35-budget#breadcrumb"},"inLanguage":"de-CH","potentialAction":[{"@type":"ReadAction","target":["https:\/\/daltec.ch\/product\/car-keeper-35-budget"]}]},{"@type":"ImageObject","inLanguage":"de-CH","@id":"https:\/\/daltec.ch\/product\/car-keeper-35-budget#primaryimage","url":"https:\/\/daltec.ch\/wp-content\/uploads\/2024\/06\/519-Car-Keeper-35-abkippbar-L3OVP.350.480.200.307.KL0E-1.png","contentUrl":"https:\/\/daltec.ch\/wp-content\/uploads\/2024\/06\/519-Car-Keeper-35-abkippbar-L3OVP.350.480.200.307.KL0E-1.png","width":650,"height":650},{"@type":"BreadcrumbList","@id":"https:\/\/daltec.ch\/product\/car-keeper-35-budget#breadcrumb","itemListElement":[{"@type":"ListItem","position":1,"name":"Startseite","item":"https:\/\/daltec.ch\/"},{"@type":"ListItem","position":2,"name":"anhaenger","item":"https:\/\/daltec.ch\/anhaenger"},{"@type":"ListItem","position":3,"name":"Daltec Car Keeper 35 Abkippbar, 4730&#215;2074 mm, 3500 kg"}]},{"@type":"WebSite","@id":"https:\/\/daltec.ch\/fr\/#website","url":"https:\/\/daltec.ch\/fr\/","name":"Daltec Trailers","description":"","publisher":{"@id":"https:\/\/daltec.ch\/fr\/#organization"},"potentialAction":[{"@type":"SearchAction","target":{"@type":"EntryPoint","urlTemplate":"https:\/\/daltec.ch\/fr\/?s={search_term_string}"},"query-input":{"@type":"PropertyValueSpecification","valueRequired":true,"valueName":"search_term_string"}}],"inLanguage":"de-CH"},{"@type":"Organization","@id":"https:\/\/daltec.ch\/fr\/#organization","name":"Daltec AG","url":"https:\/\/daltec.ch\/fr\/","logo":{"@type":"ImageObject","inLanguage":"de-CH","@id":"https:\/\/daltec.ch\/fr\/#\/schema\/logo\/image\/","url":"https:\/\/daltec.ch\/wp-content\/uploads\/2025\/08\/dlteclogo.webp","contentUrl":"https:\/\/daltec.ch\/wp-content\/uploads\/2025\/08\/dlteclogo.webp","width":500,"height":195,"caption":"Daltec AG"},"image":{"@id":"https:\/\/daltec.ch\/fr\/#\/schema\/logo\/image\/"},"sameAs":["https:\/\/www.facebook.com\/DaltecAG"]}]}},"_links":{"self":[{"href":"https:\/\/daltec.ch\/de\/wp-json\/wp\/v2\/product\/1053","targetHints":{"allow":["GET"]}}],"collection":[{"href":"https:\/\/daltec.ch\/de\/wp-json\/wp\/v2\/product"}],"about":[{"href":"https:\/\/daltec.ch\/de\/wp-json\/wp\/v2\/types\/product"}],"replies":[{"embeddable":true,"href":"https:\/\/daltec.ch\/de\/wp-json\/wp\/v2\/comments?post=1053"}],"wp:featuredmedia":[{"embeddable":true,"href":"https:\/\/daltec.ch\/de\/wp-json\/wp\/v2\/media\/2966"}],"wp:attachment":[{"href":"https:\/\/daltec.ch\/de\/wp-json\/wp\/v2\/media?parent=1053"}],"wp:term":[{"taxonomy":"product_brand","embeddable":true,"href":"https:\/\/daltec.ch\/de\/wp-json\/wp\/v2\/product_brand?post=1053"},{"taxonomy":"product_cat","embeddable":true,"href":"https:\/\/daltec.ch\/de\/wp-json\/wp\/v2\/product_cat?post=1053"},{"taxonomy":"product_tag","embeddable":true,"href":"https:\/\/daltec.ch\/de\/wp-json\/wp\/v2\/product_tag?post=1053"}],"curies":[{"name":"wp","href":"https:\/\/api.w.org\/{rel}","templated":true}]}}