{"id":1054,"date":"2024-06-24T12:07:49","date_gmt":"2024-06-24T12:07:49","guid":{"rendered":"https:\/\/demo.shrinkwaterindia.com\/?post_type=product&#038;p=1054"},"modified":"2025-08-25T06:17:43","modified_gmt":"2025-08-25T06:17:43","slug":"silverstone-alu","status":"publish","type":"product","link":"https:\/\/daltec.ch\/de\/product\/silverstone-alu","title":{"rendered":"Daltec Silverstone 2, 4000&#215;2000 mm, 2700 Kg"},"content":{"rendered":"<p>Vollst\u00e4ndig aus Aluminium gefertigter Anh\u00e4nger. Basiert auf KNOTT-Komponenten. Zeichnet sich durch hohe Festigkeit und Zuverl\u00e4ssigkeit aus. Das Anheben der Plattform des Anh\u00e4ngers erm\u00f6glicht ein sehr praktisches Beladen von Fahrzeugen mit sehr niedriger Federung.<\/p>\n<h4>Serienausstattung:<\/h4>\n<p>Der Anh\u00e4nger ist sehr gut ausgestattet. Er ist serienm\u00e4\u00dfig mit einer ALKO 900 Winde und einer LED-Beleuchtung vom Typ Carmen (flie\u00dfend &#8211; wie bei Audi) oder Mavic ausgestattet. Auf Wunsch des Kunden bauen wir fest installierte oder seitlich verschiebbare elektrische Winden ein. Die elektrischen Winden haben eine eigene Batterie, die in einem Aluminiumgeh\u00e4use unter der Ladezone untergebracht ist. Die Batterie wird \u00fcber die Steckdose des Anh\u00e4ngers von der Stromversorgung des Fahrzeugs aufgeladen (die Stromversorgung muss gem\u00e4\u00df unserer Dokumentation in die Steckdose des Fahrzeugs geleitet werden. Kippanh\u00e4nger (Neigungswinkel 6\u00b0), in den L\u00e4ngen 5,6 und 6,1, mit hydraulischer Hebeb\u00fchne. Anh\u00e4nger auf 10&#8243; ALU-R\u00e4dern (zwei- und dreiachsige Versionen mit Sto\u00dfd\u00e4mpfern) sowie auf 13&#8243; ALU-R\u00e4dern. Auf dem Anh\u00e4nger kann eine Plane angebracht werden, die aus einem Aluminiumrahmen mit auf Hebern hochgezogenen Klappen besteht. Die Planen k\u00f6nnen nach Kundenzeichnung bedruckt werden (wir werden eine Vektorversion anfordern). Im Inneren des Aufbaus wird eine LED-Beleuchtung installiert. F\u00fcr die Vanderhall-Dreir\u00e4der ist ein ferngesteuerter Lift installiert. Der Anh\u00e4nger ist standardm\u00e4\u00dfig mit folgenden Elementen ausgestattet: Seitenschienen, die mit 3M-Reflexstreifen bedeckt sind, 1,8 m ALU-Rampen (mit Zylindern blockiert) und Kunststoff-Radkeile. Das 3M-Reflexband bedeckt auch den vorderen Lichtkegel in Wei\u00df und den hinteren Lichtkegel in Rot. Der Anh\u00e4nger ist mit einem Reserverad und \u00dcberholbl\u00f6cken in roter Farbe ausgestattet. Auf Wunsch des Kunden k\u00f6nnen wir einen Fahrzeugstabilisator anbringen. Auf Wunsch k\u00f6nnen wir den SILVERSTONE auch in einer Stahlversion herstellen. Anh\u00e4nger wird auf Bestellung gegen Zahlung von 20 % des Wertes gefertigt. Lieferzeit je nach Konfiguration ab ca. 4 Wochen.<\/p>\n","protected":false},"excerpt":{"rendered":"<h5><em>Preis: Siehe Preisliste auf Startseite<\/em><\/h5>\n<p>Autotransportanh\u00e4nger mit absenkbarer Plattform<\/p>\n<h4>Technische Daten:<\/h4>\n<table class=\"table\">\n<tbody>\n<tr>\n<th>L\u00e4nge<\/th>\n<td>4000 <small>mm<\/small><\/td>\n<\/tr>\n<tr>\n<th>Breite<\/th>\n<td>2000 <small>mm<\/small><\/td>\n<\/tr>\n<tr>\n<th>Achsen<\/th>\n<td>2<small><\/small><\/td>\n<\/tr>\n<tr>\n<th>Gesamtgewicht<\/th>\n<td>2700 <small>kg<\/small><\/td>\n<\/tr>\n<tr>\n<th>Nutzlast<\/th>\n<td>2050 <small>kg<\/small><\/td>\n<\/tr>\n<tr>\n<th>R\u00e4der<\/th>\n<td>195\/55 R 10 C<small><\/small><\/td>\n<\/tr>\n<\/tbody>\n<\/table>\n","protected":false},"featured_media":3540,"comment_status":"open","ping_status":"closed","template":"","meta":{"_acf_changed":false},"product_brand":[],"product_cat":[234],"product_tag":[],"class_list":{"0":"post-1054","1":"product","2":"type-product","3":"status-publish","4":"has-post-thumbnail","6":"product_cat-autotransporter-offen","8":"first","9":"instock","10":"featured","11":"shipping-taxable","12":"purchasable","13":"product-type-simple"},"acf":[],"yoast_head":"<!-- This site is optimized with the Yoast SEO plugin v27.4 - https:\/\/yoast.com\/product\/yoast-seo-wordpress\/ -->\n<title>Daltec Silverstone 2, 4000x2000 mm, 2700 Kg - Daltec<\/title>\n<meta name=\"robots\" content=\"index, follow, max-snippet:-1, max-image-preview:large, max-video-preview:-1\" \/>\n<link rel=\"canonical\" href=\"https:\/\/daltec.ch\/de\/product\/silverstone-alu\/\" \/>\n<meta property=\"og:locale\" content=\"de_DE\" \/>\n<meta property=\"og:type\" content=\"article\" \/>\n<meta property=\"og:title\" content=\"Daltec Silverstone 2, 4000x2000 mm, 2700 Kg - Daltec\" \/>\n<meta property=\"og:description\" content=\"Preis: Siehe Preisliste auf Startseite Autotransportanh\u00e4nger mit absenkbarer Plattform Technische Daten:    L\u00e4nge 4000 mm   Breite 2000 mm   Achsen 2   Gesamtgewicht 2700 kg   Nutzlast 2050 kg   R\u00e4der 195\/55 R 10 C\" \/>\n<meta property=\"og:url\" content=\"https:\/\/daltec.ch\/de\/product\/silverstone-alu\/\" \/>\n<meta property=\"og:site_name\" content=\"Daltec\" \/>\n<meta property=\"article:publisher\" content=\"https:\/\/www.facebook.com\/DaltecAG\" \/>\n<meta property=\"article:modified_time\" content=\"2025-08-25T06:17:43+00:00\" \/>\n<meta property=\"og:image\" content=\"https:\/\/daltec.ch\/wp-content\/uploads\/2024\/06\/Silverstone-1-scaled.png\" \/>\n\t<meta property=\"og:image:width\" content=\"2560\" \/>\n\t<meta property=\"og:image:height\" content=\"1704\" \/>\n\t<meta property=\"og:image:type\" content=\"image\/png\" \/>\n<meta name=\"twitter:card\" content=\"summary_large_image\" \/>\n<meta name=\"twitter:label1\" content=\"Gesch\u00e4tzte Lesezeit\" \/>\n\t<meta name=\"twitter:data1\" content=\"1\u00a0Minute\" \/>\n<script type=\"application\/ld+json\" class=\"yoast-schema-graph\">{\"@context\":\"https:\\\/\\\/schema.org\",\"@graph\":[{\"@type\":\"WebPage\",\"@id\":\"https:\\\/\\\/daltec.ch\\\/product\\\/silverstone-alu\",\"url\":\"https:\\\/\\\/daltec.ch\\\/product\\\/silverstone-alu\",\"name\":\"Daltec Silverstone 2, 4000x2000 mm, 2700 Kg - Daltec\",\"isPartOf\":{\"@id\":\"https:\\\/\\\/daltec.ch\\\/fr\\\/#website\"},\"primaryImageOfPage\":{\"@id\":\"https:\\\/\\\/daltec.ch\\\/product\\\/silverstone-alu#primaryimage\"},\"image\":{\"@id\":\"https:\\\/\\\/daltec.ch\\\/product\\\/silverstone-alu#primaryimage\"},\"thumbnailUrl\":\"https:\\\/\\\/daltec.ch\\\/wp-content\\\/uploads\\\/2024\\\/06\\\/Silverstone-1-scaled.png\",\"datePublished\":\"2024-06-24T12:07:49+00:00\",\"dateModified\":\"2025-08-25T06:17:43+00:00\",\"breadcrumb\":{\"@id\":\"https:\\\/\\\/daltec.ch\\\/product\\\/silverstone-alu#breadcrumb\"},\"inLanguage\":\"de-CH\",\"potentialAction\":[{\"@type\":\"ReadAction\",\"target\":[\"https:\\\/\\\/daltec.ch\\\/product\\\/silverstone-alu\"]}]},{\"@type\":\"ImageObject\",\"inLanguage\":\"de-CH\",\"@id\":\"https:\\\/\\\/daltec.ch\\\/product\\\/silverstone-alu#primaryimage\",\"url\":\"https:\\\/\\\/daltec.ch\\\/wp-content\\\/uploads\\\/2024\\\/06\\\/Silverstone-1-scaled.png\",\"contentUrl\":\"https:\\\/\\\/daltec.ch\\\/wp-content\\\/uploads\\\/2024\\\/06\\\/Silverstone-1-scaled.png\",\"width\":2560,\"height\":1704},{\"@type\":\"BreadcrumbList\",\"@id\":\"https:\\\/\\\/daltec.ch\\\/product\\\/silverstone-alu#breadcrumb\",\"itemListElement\":[{\"@type\":\"ListItem\",\"position\":1,\"name\":\"Startseite\",\"item\":\"https:\\\/\\\/daltec.ch\\\/\"},{\"@type\":\"ListItem\",\"position\":2,\"name\":\"anhaenger\",\"item\":\"https:\\\/\\\/daltec.ch\\\/anhaenger\"},{\"@type\":\"ListItem\",\"position\":3,\"name\":\"Daltec Silverstone 2, 4000&#215;2000 mm, 2700 Kg\"}]},{\"@type\":\"WebSite\",\"@id\":\"https:\\\/\\\/daltec.ch\\\/fr\\\/#website\",\"url\":\"https:\\\/\\\/daltec.ch\\\/fr\\\/\",\"name\":\"Daltec Trailers\",\"description\":\"\",\"publisher\":{\"@id\":\"https:\\\/\\\/daltec.ch\\\/fr\\\/#organization\"},\"potentialAction\":[{\"@type\":\"SearchAction\",\"target\":{\"@type\":\"EntryPoint\",\"urlTemplate\":\"https:\\\/\\\/daltec.ch\\\/fr\\\/?s={search_term_string}\"},\"query-input\":{\"@type\":\"PropertyValueSpecification\",\"valueRequired\":true,\"valueName\":\"search_term_string\"}}],\"inLanguage\":\"de-CH\"},{\"@type\":\"Organization\",\"@id\":\"https:\\\/\\\/daltec.ch\\\/fr\\\/#organization\",\"name\":\"Daltec AG\",\"url\":\"https:\\\/\\\/daltec.ch\\\/fr\\\/\",\"logo\":{\"@type\":\"ImageObject\",\"inLanguage\":\"de-CH\",\"@id\":\"https:\\\/\\\/daltec.ch\\\/fr\\\/#\\\/schema\\\/logo\\\/image\\\/\",\"url\":\"https:\\\/\\\/daltec.ch\\\/wp-content\\\/uploads\\\/2025\\\/08\\\/dlteclogo.webp\",\"contentUrl\":\"https:\\\/\\\/daltec.ch\\\/wp-content\\\/uploads\\\/2025\\\/08\\\/dlteclogo.webp\",\"width\":500,\"height\":195,\"caption\":\"Daltec AG\"},\"image\":{\"@id\":\"https:\\\/\\\/daltec.ch\\\/fr\\\/#\\\/schema\\\/logo\\\/image\\\/\"},\"sameAs\":[\"https:\\\/\\\/www.facebook.com\\\/DaltecAG\"]}]}<\/script>\n<!-- \/ Yoast SEO plugin. -->","yoast_head_json":{"title":"Daltec Silverstone 2, 4000x2000 mm, 2700 Kg - Daltec","robots":{"index":"index","follow":"follow","max-snippet":"max-snippet:-1","max-image-preview":"max-image-preview:large","max-video-preview":"max-video-preview:-1"},"canonical":"https:\/\/daltec.ch\/de\/product\/silverstone-alu\/","og_locale":"de_DE","og_type":"article","og_title":"Daltec Silverstone 2, 4000x2000 mm, 2700 Kg - Daltec","og_description":"Preis: Siehe Preisliste auf Startseite Autotransportanh\u00e4nger mit absenkbarer Plattform Technische Daten:    L\u00e4nge 4000 mm   Breite 2000 mm   Achsen 2   Gesamtgewicht 2700 kg   Nutzlast 2050 kg   R\u00e4der 195\/55 R 10 C","og_url":"https:\/\/daltec.ch\/de\/product\/silverstone-alu\/","og_site_name":"Daltec","article_publisher":"https:\/\/www.facebook.com\/DaltecAG","article_modified_time":"2025-08-25T06:17:43+00:00","og_image":[{"width":2560,"height":1704,"url":"https:\/\/daltec.ch\/wp-content\/uploads\/2024\/06\/Silverstone-1-scaled.png","type":"image\/png"}],"twitter_card":"summary_large_image","twitter_misc":{"Gesch\u00e4tzte Lesezeit":"1\u00a0Minute"},"schema":{"@context":"https:\/\/schema.org","@graph":[{"@type":"WebPage","@id":"https:\/\/daltec.ch\/product\/silverstone-alu","url":"https:\/\/daltec.ch\/product\/silverstone-alu","name":"Daltec Silverstone 2, 4000x2000 mm, 2700 Kg - Daltec","isPartOf":{"@id":"https:\/\/daltec.ch\/fr\/#website"},"primaryImageOfPage":{"@id":"https:\/\/daltec.ch\/product\/silverstone-alu#primaryimage"},"image":{"@id":"https:\/\/daltec.ch\/product\/silverstone-alu#primaryimage"},"thumbnailUrl":"https:\/\/daltec.ch\/wp-content\/uploads\/2024\/06\/Silverstone-1-scaled.png","datePublished":"2024-06-24T12:07:49+00:00","dateModified":"2025-08-25T06:17:43+00:00","breadcrumb":{"@id":"https:\/\/daltec.ch\/product\/silverstone-alu#breadcrumb"},"inLanguage":"de-CH","potentialAction":[{"@type":"ReadAction","target":["https:\/\/daltec.ch\/product\/silverstone-alu"]}]},{"@type":"ImageObject","inLanguage":"de-CH","@id":"https:\/\/daltec.ch\/product\/silverstone-alu#primaryimage","url":"https:\/\/daltec.ch\/wp-content\/uploads\/2024\/06\/Silverstone-1-scaled.png","contentUrl":"https:\/\/daltec.ch\/wp-content\/uploads\/2024\/06\/Silverstone-1-scaled.png","width":2560,"height":1704},{"@type":"BreadcrumbList","@id":"https:\/\/daltec.ch\/product\/silverstone-alu#breadcrumb","itemListElement":[{"@type":"ListItem","position":1,"name":"Startseite","item":"https:\/\/daltec.ch\/"},{"@type":"ListItem","position":2,"name":"anhaenger","item":"https:\/\/daltec.ch\/anhaenger"},{"@type":"ListItem","position":3,"name":"Daltec Silverstone 2, 4000&#215;2000 mm, 2700 Kg"}]},{"@type":"WebSite","@id":"https:\/\/daltec.ch\/fr\/#website","url":"https:\/\/daltec.ch\/fr\/","name":"Daltec Trailers","description":"","publisher":{"@id":"https:\/\/daltec.ch\/fr\/#organization"},"potentialAction":[{"@type":"SearchAction","target":{"@type":"EntryPoint","urlTemplate":"https:\/\/daltec.ch\/fr\/?s={search_term_string}"},"query-input":{"@type":"PropertyValueSpecification","valueRequired":true,"valueName":"search_term_string"}}],"inLanguage":"de-CH"},{"@type":"Organization","@id":"https:\/\/daltec.ch\/fr\/#organization","name":"Daltec AG","url":"https:\/\/daltec.ch\/fr\/","logo":{"@type":"ImageObject","inLanguage":"de-CH","@id":"https:\/\/daltec.ch\/fr\/#\/schema\/logo\/image\/","url":"https:\/\/daltec.ch\/wp-content\/uploads\/2025\/08\/dlteclogo.webp","contentUrl":"https:\/\/daltec.ch\/wp-content\/uploads\/2025\/08\/dlteclogo.webp","width":500,"height":195,"caption":"Daltec AG"},"image":{"@id":"https:\/\/daltec.ch\/fr\/#\/schema\/logo\/image\/"},"sameAs":["https:\/\/www.facebook.com\/DaltecAG"]}]}},"_links":{"self":[{"href":"https:\/\/daltec.ch\/de\/wp-json\/wp\/v2\/product\/1054","targetHints":{"allow":["GET"]}}],"collection":[{"href":"https:\/\/daltec.ch\/de\/wp-json\/wp\/v2\/product"}],"about":[{"href":"https:\/\/daltec.ch\/de\/wp-json\/wp\/v2\/types\/product"}],"replies":[{"embeddable":true,"href":"https:\/\/daltec.ch\/de\/wp-json\/wp\/v2\/comments?post=1054"}],"wp:featuredmedia":[{"embeddable":true,"href":"https:\/\/daltec.ch\/de\/wp-json\/wp\/v2\/media\/3540"}],"wp:attachment":[{"href":"https:\/\/daltec.ch\/de\/wp-json\/wp\/v2\/media?parent=1054"}],"wp:term":[{"taxonomy":"product_brand","embeddable":true,"href":"https:\/\/daltec.ch\/de\/wp-json\/wp\/v2\/product_brand?post=1054"},{"taxonomy":"product_cat","embeddable":true,"href":"https:\/\/daltec.ch\/de\/wp-json\/wp\/v2\/product_cat?post=1054"},{"taxonomy":"product_tag","embeddable":true,"href":"https:\/\/daltec.ch\/de\/wp-json\/wp\/v2\/product_tag?post=1054"}],"curies":[{"name":"wp","href":"https:\/\/api.w.org\/{rel}","templated":true}]}}