{"id":1071,"date":"2024-06-25T05:56:57","date_gmt":"2024-06-25T05:56:57","guid":{"rendered":"https:\/\/demo.shrinkwaterindia.com\/?post_type=product&#038;p=1071"},"modified":"2025-06-18T15:44:09","modified_gmt":"2025-06-18T15:44:09","slug":"vz-21-k","status":"publish","type":"product","link":"https:\/\/daltec.ch\/de\/product\/vz-21-k","title":{"rendered":"Daltec VZ 21 K \/ F7520D PW, 2060x1140x1500 mm, 750 Kg"},"content":{"rendered":"<p><em><strong>Preis: Siehe Preisliste auf Startseite<\/strong><\/em><\/p>\n<p>Kleiner ungebremster Kofferanh\u00e4nger mit Plywoodaufbau &#8211; Hohe Qualit\u00e4t und gute Isolierungseigenschaften durch moderne Fabrikationsmethoden. Die seitlichen R\u00e4der sorgen f\u00fcr eine ruhige Fahrt. Diverse Materialien des Innenausbaus garantieren Isolation und Schlagschutz. Verschiedene Aufbaum\u00f6glichkeiten.<\/p>\n<h4>Serienausstattung:<\/h4>\n<ul>\n<li>Fahrgestell: Grundrahmen feuerverzinkt, verschweisst und verschraubt; V-Anh\u00e4ngevorrichtung feuerverzinkt; Kugelkupplung; Sicherheitsette; St\u00fctzrad vorne; Kotschutz; Unterlegkeile; Achse AL-KO\/Knott.<\/li>\n<li>Kasten: Rahmen feuerverzinkt; Seitenw\u00e4nde aus Plywoodplatte weiss laminiert; Binderinge im Boden; Zurrleisten auf Seitenw\u00e4nde; Boden aus Siebdruckplatte.<\/li>\n<li>Beleuchtungsanlage: Nach Normen der StVO 12 V, 13 Pol-Stecker<\/li>\n<\/ul>\n","protected":false},"excerpt":{"rendered":"<p>Kleiner Kofferanh\u00e4nger &#8211; Ideal f\u00fcr den privaten Gebrauch!<\/p>\n<p>Aufbau mit Plywoodw\u00e4nde und Fl\u00fcgelt\u00fcren hinten. Ungebremst.<\/p>\n<h4>Technische Daten<\/h4>\n<table class=\"table\">\n<tbody>\n<tr>\n<th>Innenl\u00e4nge<\/th>\n<td>2060 <small>mm<\/small><\/td>\n<\/tr>\n<tr>\n<th>Innenbreite<\/th>\n<td>1140 <small>mm<\/small><\/td>\n<\/tr>\n<tr>\n<th>Innenh\u00f6he<\/th>\n<td>1500 <small>mm<\/small><\/td>\n<\/tr>\n<tr>\n<th>Achsen<\/th>\n<td>1<small><\/small><\/td>\n<\/tr>\n<tr>\n<th>Gesamtgewicht<\/th>\n<td>750 <small>kg<\/small><\/td>\n<\/tr>\n<tr>\n<th>Nutzlast<\/th>\n<td>480 <small>kg<\/small><\/td>\n<\/tr>\n<tr>\n<th>R\u00e4der<\/th>\n<td>165\/70 R 13<small><\/small><\/td>\n<\/tr>\n<\/tbody>\n<\/table>\n<h6>Optionen<\/h6>\n<table style=\"height: 634px;\">\n<tbody>\n<tr>\n<td>Heckrampe (an Stelle von Fl\u00fcgelt\u00fcren) (Art. 12WGOT1350)<\/td>\n<td>+ 180 CHF<\/td>\n<\/tr>\n<tr>\n<td>St\u00fctzf\u00fcsse hinten montiert mit Halter (Paar)<\/td>\n<td>+ 100 CHF<\/td>\n<\/tr>\n<tr>\n<td>Kasten vorne abgeschr\u00e4gt aerodynamisch (50 x 50)<\/td>\n<td>+ 170 CHF<\/td>\n<\/tr>\n<tr>\n<td>Servicet\u00fcre<\/td>\n<td>+ 650<\/td>\n<\/tr>\n<tr>\n<td>Zurrleiste Stahl verzinkt montiert<\/td>\n<td>40 CHF \/ Meter<\/td>\n<\/tr>\n<tr>\n<td>Zurrleiste Alu montiert<\/td>\n<td>90 CHF \/ Meter<\/td>\n<\/tr>\n<tr>\n<td>Sicherungsstange teleskopisch<\/td>\n<td>+ 110 CHF<\/td>\n<\/tr>\n<tr>\n<td>3-Fach Polsterlatten<\/td>\n<td>330 CHF \/ Meter<\/td>\n<\/tr>\n<tr>\n<td>Dometic Dachfenster<\/td>\n<td>+ 280\u00a0 CHF<\/td>\n<\/tr>\n<tr>\n<td>Seitliche Aluminium Rolll\u00e4den 150&#215;135<\/td>\n<td>+ 2&#8217;840 CHF<\/td>\n<\/tr>\n<tr>\n<td>Seitliche Aluminium Rolll\u00e4den 200&#215;110<\/td>\n<td>+ 3&#8217;020 CHF<\/td>\n<\/tr>\n<tr>\n<td>Seitliche Aluminium Rolll\u00e4den 250&#215;160<\/td>\n<td>+ 4&#8217;600 CHF<\/td>\n<\/tr>\n<tr>\n<td>LED Innenbeleuchtung<\/td>\n<td>+ 80 CHF<\/td>\n<\/tr>\n<tr>\n<td>Fenster 1200 x 600<\/td>\n<td>+ 540 CHF<\/td>\n<\/tr>\n<tr>\n<td>Fenster 800 x 500<\/td>\n<td>+ 380 CHF<\/td>\n<\/tr>\n<tr>\n<td>Store mit Moskitonetz zu Fenster 1200 x 600<\/td>\n<td>+ 260 CHF<\/td>\n<\/tr>\n<tr>\n<td>Store mit Moskitonetz zu Fenster 800 x 500<\/td>\n<td>+ 180 CHF<\/td>\n<\/tr>\n<tr>\n<td>Ersatzrad 165\/70 R13 mit Halter<\/td>\n<td>+ 144 CHF<\/td>\n<\/tr>\n<tr>\n<td>Aussenbeleuchtung LED<\/td>\n<td>+ 350 CHF<\/td>\n<\/tr>\n<tr>\n<td>Aufpreis f\u00fcr Kombirampe hinten<\/td>\n<td>Auf Anfrage<\/td>\n<\/tr>\n<tr>\n<td>Aufpreis f\u00fcr Aluminiumfelgen<\/td>\n<td>Auf Anfrage<\/td>\n<\/tr>\n<\/tbody>\n<\/table>\n<h4><\/h4>\n<h4>Dokumente zum Herunterladen<\/h4>\n<h4><a href=\"https:\/\/daltec.ch\/wp-content\/uploads\/2024\/06\/Niewiadow_09.2024_Koffer-und-Kuehlanhaenger.pdf\" target=\"_blank\" rel=\"noopener\">Preisliste Niewiadow Kofferanh\u00e4nger 2024<\/a><\/h4>\n","protected":false},"featured_media":1331,"comment_status":"open","ping_status":"closed","template":"","meta":{"_acf_changed":false},"product_brand":[],"product_cat":[236],"product_tag":[],"class_list":{"0":"post-1071","1":"product","2":"type-product","3":"status-publish","4":"has-post-thumbnail","6":"product_cat-plywood-und-sandwich-kofferanhaenger","8":"first","9":"instock","10":"featured","11":"shipping-taxable","12":"purchasable","13":"product-type-simple"},"acf":[],"yoast_head":"<!-- This site is optimized with the Yoast SEO plugin v27.2 - https:\/\/yoast.com\/product\/yoast-seo-wordpress\/ -->\n<title>Daltec VZ 21 K \/ F7520D PW, 2060x1140x1500 mm, 750 Kg - Daltec<\/title>\n<meta name=\"robots\" content=\"index, follow, max-snippet:-1, max-image-preview:large, max-video-preview:-1\" \/>\n<link rel=\"canonical\" href=\"https:\/\/daltec.ch\/de\/product\/vz-21-k\/\" \/>\n<meta property=\"og:locale\" content=\"de_DE\" \/>\n<meta property=\"og:type\" content=\"article\" \/>\n<meta property=\"og:title\" content=\"Daltec VZ 21 K \/ F7520D PW, 2060x1140x1500 mm, 750 Kg - Daltec\" \/>\n<meta property=\"og:description\" content=\"Kleiner Kofferanh\u00e4nger - Ideal f\u00fcr den privaten Gebrauch!  Aufbau mit Plywoodw\u00e4nde und Fl\u00fcgelt\u00fcren hinten. Ungebremst. Technische Daten    Innenl\u00e4nge 2060 mm   Innenbreite 1140 mm   Innenh\u00f6he 1500 mm   Achsen 1   Gesamtgewicht 750 kg   Nutzlast 480 kg   R\u00e4der 165\/70 R 13    Optionen    Heckrampe (an Stelle von Fl\u00fcgelt\u00fcren) (Art. 12WGOT1350) + 180 CHF   St\u00fctzf\u00fcsse hinten montiert mit Halter (Paar) + 100 CHF   Kasten vorne abgeschr\u00e4gt aerodynamisch (50 x 50) + 170 CHF   Servicet\u00fcre + 650   Zurrleiste Stahl verzinkt montiert 40 CHF \/ Meter   Zurrleiste Alu montiert 90 CHF \/ Meter   Sicherungsstange teleskopisch + 110 CHF   3-Fach Polsterlatten 330 CHF \/ Meter   Dometic Dachfenster + 280\u00a0 CHF   Seitliche Aluminium Rolll\u00e4den 150x135 + 2&#039;840 CHF   Seitliche Aluminium Rolll\u00e4den 200x110 + 3&#039;020 CHF   Seitliche Aluminium Rolll\u00e4den 250x160 + 4&#039;600 CHF   LED Innenbeleuchtung + 80 CHF   Fenster 1200 x 600 + 540 CHF   Fenster 800 x 500 + 380 CHF   Store mit Moskitonetz zu Fenster 1200 x 600 + 260 CHF   Store mit Moskitonetz zu Fenster 800 x 500 + 180 CHF   Ersatzrad 165\/70 R13 mit Halter + 144 CHF   Aussenbeleuchtung LED + 350 CHF   Aufpreis f\u00fcr Kombirampe hinten Auf Anfrage   Aufpreis f\u00fcr Aluminiumfelgen Auf Anfrage     Dokumente zum Herunterladen Preisliste Niewiadow Kofferanh\u00e4nger 2024\" \/>\n<meta property=\"og:url\" content=\"https:\/\/daltec.ch\/de\/product\/vz-21-k\/\" \/>\n<meta property=\"og:site_name\" content=\"Daltec\" \/>\n<meta property=\"article:publisher\" content=\"https:\/\/www.facebook.com\/DaltecAG\" \/>\n<meta property=\"article:modified_time\" content=\"2025-06-18T15:44:09+00:00\" \/>\n<meta property=\"og:image\" content=\"https:\/\/daltec.ch\/wp-content\/uploads\/2024\/06\/DSC06342_ausgeschnitten_gespiegelt.jpg\" \/>\n\t<meta property=\"og:image:width\" content=\"600\" \/>\n\t<meta property=\"og:image:height\" content=\"600\" \/>\n\t<meta property=\"og:image:type\" content=\"image\/jpeg\" \/>\n<meta name=\"twitter:card\" content=\"summary_large_image\" \/>\n<script type=\"application\/ld+json\" class=\"yoast-schema-graph\">{\"@context\":\"https:\/\/schema.org\",\"@graph\":[{\"@type\":\"WebPage\",\"@id\":\"https:\/\/daltec.ch\/product\/vz-21-k\",\"url\":\"https:\/\/daltec.ch\/product\/vz-21-k\",\"name\":\"Daltec VZ 21 K \/ F7520D PW, 2060x1140x1500 mm, 750 Kg - Daltec\",\"isPartOf\":{\"@id\":\"https:\/\/daltec.ch\/fr\/#website\"},\"primaryImageOfPage\":{\"@id\":\"https:\/\/daltec.ch\/product\/vz-21-k#primaryimage\"},\"image\":{\"@id\":\"https:\/\/daltec.ch\/product\/vz-21-k#primaryimage\"},\"thumbnailUrl\":\"https:\/\/daltec.ch\/wp-content\/uploads\/2024\/06\/DSC06342_ausgeschnitten_gespiegelt.jpg\",\"datePublished\":\"2024-06-25T05:56:57+00:00\",\"dateModified\":\"2025-06-18T15:44:09+00:00\",\"breadcrumb\":{\"@id\":\"https:\/\/daltec.ch\/product\/vz-21-k#breadcrumb\"},\"inLanguage\":\"de-CH\",\"potentialAction\":[{\"@type\":\"ReadAction\",\"target\":[\"https:\/\/daltec.ch\/product\/vz-21-k\"]}]},{\"@type\":\"ImageObject\",\"inLanguage\":\"de-CH\",\"@id\":\"https:\/\/daltec.ch\/product\/vz-21-k#primaryimage\",\"url\":\"https:\/\/daltec.ch\/wp-content\/uploads\/2024\/06\/DSC06342_ausgeschnitten_gespiegelt.jpg\",\"contentUrl\":\"https:\/\/daltec.ch\/wp-content\/uploads\/2024\/06\/DSC06342_ausgeschnitten_gespiegelt.jpg\",\"width\":600,\"height\":600},{\"@type\":\"BreadcrumbList\",\"@id\":\"https:\/\/daltec.ch\/product\/vz-21-k#breadcrumb\",\"itemListElement\":[{\"@type\":\"ListItem\",\"position\":1,\"name\":\"Startseite\",\"item\":\"https:\/\/daltec.ch\/\"},{\"@type\":\"ListItem\",\"position\":2,\"name\":\"anhaenger\",\"item\":\"https:\/\/daltec.ch\/anhaenger\"},{\"@type\":\"ListItem\",\"position\":3,\"name\":\"Daltec VZ 21 K \/ F7520D PW, 2060x1140x1500 mm, 750 Kg\"}]},{\"@type\":\"WebSite\",\"@id\":\"https:\/\/daltec.ch\/fr\/#website\",\"url\":\"https:\/\/daltec.ch\/fr\/\",\"name\":\"Daltec Trailers\",\"description\":\"\",\"publisher\":{\"@id\":\"https:\/\/daltec.ch\/fr\/#organization\"},\"potentialAction\":[{\"@type\":\"SearchAction\",\"target\":{\"@type\":\"EntryPoint\",\"urlTemplate\":\"https:\/\/daltec.ch\/fr\/?s={search_term_string}\"},\"query-input\":{\"@type\":\"PropertyValueSpecification\",\"valueRequired\":true,\"valueName\":\"search_term_string\"}}],\"inLanguage\":\"de-CH\"},{\"@type\":\"Organization\",\"@id\":\"https:\/\/daltec.ch\/fr\/#organization\",\"name\":\"Daltec AG\",\"url\":\"https:\/\/daltec.ch\/fr\/\",\"logo\":{\"@type\":\"ImageObject\",\"inLanguage\":\"de-CH\",\"@id\":\"https:\/\/daltec.ch\/fr\/#\/schema\/logo\/image\/\",\"url\":\"https:\/\/daltec.ch\/wp-content\/uploads\/2025\/08\/dlteclogo.webp\",\"contentUrl\":\"https:\/\/daltec.ch\/wp-content\/uploads\/2025\/08\/dlteclogo.webp\",\"width\":500,\"height\":195,\"caption\":\"Daltec AG\"},\"image\":{\"@id\":\"https:\/\/daltec.ch\/fr\/#\/schema\/logo\/image\/\"},\"sameAs\":[\"https:\/\/www.facebook.com\/DaltecAG\"]}]}<\/script>\n<!-- \/ Yoast SEO plugin. -->","yoast_head_json":{"title":"Daltec VZ 21 K \/ F7520D PW, 2060x1140x1500 mm, 750 Kg - Daltec","robots":{"index":"index","follow":"follow","max-snippet":"max-snippet:-1","max-image-preview":"max-image-preview:large","max-video-preview":"max-video-preview:-1"},"canonical":"https:\/\/daltec.ch\/de\/product\/vz-21-k\/","og_locale":"de_DE","og_type":"article","og_title":"Daltec VZ 21 K \/ F7520D PW, 2060x1140x1500 mm, 750 Kg - Daltec","og_description":"Kleiner Kofferanh\u00e4nger - Ideal f\u00fcr den privaten Gebrauch!  Aufbau mit Plywoodw\u00e4nde und Fl\u00fcgelt\u00fcren hinten. Ungebremst. Technische Daten    Innenl\u00e4nge 2060 mm   Innenbreite 1140 mm   Innenh\u00f6he 1500 mm   Achsen 1   Gesamtgewicht 750 kg   Nutzlast 480 kg   R\u00e4der 165\/70 R 13    Optionen    Heckrampe (an Stelle von Fl\u00fcgelt\u00fcren) (Art. 12WGOT1350) + 180 CHF   St\u00fctzf\u00fcsse hinten montiert mit Halter (Paar) + 100 CHF   Kasten vorne abgeschr\u00e4gt aerodynamisch (50 x 50) + 170 CHF   Servicet\u00fcre + 650   Zurrleiste Stahl verzinkt montiert 40 CHF \/ Meter   Zurrleiste Alu montiert 90 CHF \/ Meter   Sicherungsstange teleskopisch + 110 CHF   3-Fach Polsterlatten 330 CHF \/ Meter   Dometic Dachfenster + 280\u00a0 CHF   Seitliche Aluminium Rolll\u00e4den 150x135 + 2'840 CHF   Seitliche Aluminium Rolll\u00e4den 200x110 + 3'020 CHF   Seitliche Aluminium Rolll\u00e4den 250x160 + 4'600 CHF   LED Innenbeleuchtung + 80 CHF   Fenster 1200 x 600 + 540 CHF   Fenster 800 x 500 + 380 CHF   Store mit Moskitonetz zu Fenster 1200 x 600 + 260 CHF   Store mit Moskitonetz zu Fenster 800 x 500 + 180 CHF   Ersatzrad 165\/70 R13 mit Halter + 144 CHF   Aussenbeleuchtung LED + 350 CHF   Aufpreis f\u00fcr Kombirampe hinten Auf Anfrage   Aufpreis f\u00fcr Aluminiumfelgen Auf Anfrage     Dokumente zum Herunterladen Preisliste Niewiadow Kofferanh\u00e4nger 2024","og_url":"https:\/\/daltec.ch\/de\/product\/vz-21-k\/","og_site_name":"Daltec","article_publisher":"https:\/\/www.facebook.com\/DaltecAG","article_modified_time":"2025-06-18T15:44:09+00:00","og_image":[{"width":600,"height":600,"url":"https:\/\/daltec.ch\/wp-content\/uploads\/2024\/06\/DSC06342_ausgeschnitten_gespiegelt.jpg","type":"image\/jpeg"}],"twitter_card":"summary_large_image","schema":{"@context":"https:\/\/schema.org","@graph":[{"@type":"WebPage","@id":"https:\/\/daltec.ch\/product\/vz-21-k","url":"https:\/\/daltec.ch\/product\/vz-21-k","name":"Daltec VZ 21 K \/ F7520D PW, 2060x1140x1500 mm, 750 Kg - Daltec","isPartOf":{"@id":"https:\/\/daltec.ch\/fr\/#website"},"primaryImageOfPage":{"@id":"https:\/\/daltec.ch\/product\/vz-21-k#primaryimage"},"image":{"@id":"https:\/\/daltec.ch\/product\/vz-21-k#primaryimage"},"thumbnailUrl":"https:\/\/daltec.ch\/wp-content\/uploads\/2024\/06\/DSC06342_ausgeschnitten_gespiegelt.jpg","datePublished":"2024-06-25T05:56:57+00:00","dateModified":"2025-06-18T15:44:09+00:00","breadcrumb":{"@id":"https:\/\/daltec.ch\/product\/vz-21-k#breadcrumb"},"inLanguage":"de-CH","potentialAction":[{"@type":"ReadAction","target":["https:\/\/daltec.ch\/product\/vz-21-k"]}]},{"@type":"ImageObject","inLanguage":"de-CH","@id":"https:\/\/daltec.ch\/product\/vz-21-k#primaryimage","url":"https:\/\/daltec.ch\/wp-content\/uploads\/2024\/06\/DSC06342_ausgeschnitten_gespiegelt.jpg","contentUrl":"https:\/\/daltec.ch\/wp-content\/uploads\/2024\/06\/DSC06342_ausgeschnitten_gespiegelt.jpg","width":600,"height":600},{"@type":"BreadcrumbList","@id":"https:\/\/daltec.ch\/product\/vz-21-k#breadcrumb","itemListElement":[{"@type":"ListItem","position":1,"name":"Startseite","item":"https:\/\/daltec.ch\/"},{"@type":"ListItem","position":2,"name":"anhaenger","item":"https:\/\/daltec.ch\/anhaenger"},{"@type":"ListItem","position":3,"name":"Daltec VZ 21 K \/ F7520D PW, 2060x1140x1500 mm, 750 Kg"}]},{"@type":"WebSite","@id":"https:\/\/daltec.ch\/fr\/#website","url":"https:\/\/daltec.ch\/fr\/","name":"Daltec Trailers","description":"","publisher":{"@id":"https:\/\/daltec.ch\/fr\/#organization"},"potentialAction":[{"@type":"SearchAction","target":{"@type":"EntryPoint","urlTemplate":"https:\/\/daltec.ch\/fr\/?s={search_term_string}"},"query-input":{"@type":"PropertyValueSpecification","valueRequired":true,"valueName":"search_term_string"}}],"inLanguage":"de-CH"},{"@type":"Organization","@id":"https:\/\/daltec.ch\/fr\/#organization","name":"Daltec AG","url":"https:\/\/daltec.ch\/fr\/","logo":{"@type":"ImageObject","inLanguage":"de-CH","@id":"https:\/\/daltec.ch\/fr\/#\/schema\/logo\/image\/","url":"https:\/\/daltec.ch\/wp-content\/uploads\/2025\/08\/dlteclogo.webp","contentUrl":"https:\/\/daltec.ch\/wp-content\/uploads\/2025\/08\/dlteclogo.webp","width":500,"height":195,"caption":"Daltec AG"},"image":{"@id":"https:\/\/daltec.ch\/fr\/#\/schema\/logo\/image\/"},"sameAs":["https:\/\/www.facebook.com\/DaltecAG"]}]}},"_links":{"self":[{"href":"https:\/\/daltec.ch\/de\/wp-json\/wp\/v2\/product\/1071","targetHints":{"allow":["GET"]}}],"collection":[{"href":"https:\/\/daltec.ch\/de\/wp-json\/wp\/v2\/product"}],"about":[{"href":"https:\/\/daltec.ch\/de\/wp-json\/wp\/v2\/types\/product"}],"replies":[{"embeddable":true,"href":"https:\/\/daltec.ch\/de\/wp-json\/wp\/v2\/comments?post=1071"}],"wp:featuredmedia":[{"embeddable":true,"href":"https:\/\/daltec.ch\/de\/wp-json\/wp\/v2\/media\/1331"}],"wp:attachment":[{"href":"https:\/\/daltec.ch\/de\/wp-json\/wp\/v2\/media?parent=1071"}],"wp:term":[{"taxonomy":"product_brand","embeddable":true,"href":"https:\/\/daltec.ch\/de\/wp-json\/wp\/v2\/product_brand?post=1071"},{"taxonomy":"product_cat","embeddable":true,"href":"https:\/\/daltec.ch\/de\/wp-json\/wp\/v2\/product_cat?post=1071"},{"taxonomy":"product_tag","embeddable":true,"href":"https:\/\/daltec.ch\/de\/wp-json\/wp\/v2\/product_tag?post=1071"}],"curies":[{"name":"wp","href":"https:\/\/api.w.org\/{rel}","templated":true}]}}