{"id":1084,"date":"2024-06-25T07:31:54","date_gmt":"2024-06-25T07:31:54","guid":{"rendered":"https:\/\/demo.shrinkwaterindia.com\/?post_type=product&#038;p=1084"},"modified":"2025-06-18T15:49:22","modified_gmt":"2025-06-18T15:49:22","slug":"vz-30-20-bk","status":"publish","type":"product","link":"https:\/\/daltec.ch\/de\/product\/vz-30-20-bk","title":{"rendered":"Daltec VZ 30-20 BK, 3050x1500x1800 mm, 2000 Kg"},"content":{"rendered":"<p><em><strong>Preis: Siehe Preisliste auf Startseite<\/strong><\/em><\/p>\n<p>Grosser gebremster Kofferanh\u00e4nger von hohe Qualit\u00e4t! Die seitlichen R\u00e4der sorgen f\u00fcr eine ruhige Fahrt. Der Innenausbau ist aus diverse Materialien gemacht um Schlagschutz zu garantieren. Verschieden Ausbaum\u00f6glichkeiten erm\u00f6glichen ihnen den Anh\u00e4nger nach ihre Bed\u00fcrfnisse zu gestalten. Transportieren Sie ihre Waren ohne sich um die Sicherheit oder ung\u00fcnstige Wetterbedingungen zu sorgen!<\/p>\n<h4>Serienausstattung:<\/h4>\n<p>Fahrgestell: Grundrahmen feuerverzinkt, verschweisst und verschraubt V-Anh\u00e4ngevorrichtung feuerverzinkt Kugelkupplung Abreissleine St\u00fctzrad vorne Kotschutz aus Blech Achsen: Achse AL-KO\/Knott Handbremse R\u00fcckfahrautomatik Kasten: Rahmen feuerverzinkt Plywoodplatten Binderinge Innenbeleuchtung Bodenplatte: Boden aus Siebdruckplatte 15 mmm Beleuchtungsanlage: Nach Normen der StVO 12 V, 13 Pol-Stecker<\/p>\n","protected":false},"excerpt":{"rendered":"<h5>Preis: Siehe Preisliste auf Startseite<\/h5>\n<p>Grosser Kofferanh\u00e4nger &#8211; 2-Achsig!<\/p>\n<h4>Technische Daten<\/h4>\n<table class=\"table\">\n<tbody>\n<tr>\n<th>L\u00e4nge<\/th>\n<td>3050 <small>mm<\/small><\/td>\n<\/tr>\n<tr>\n<th>Breite<\/th>\n<td>1510 <small>mm<\/small><\/td>\n<\/tr>\n<tr>\n<th>H\u00f6he<\/th>\n<td>1800 <small>mm<\/small><\/td>\n<\/tr>\n<tr>\n<th>Achsen<\/th>\n<td>2<small><\/small><\/td>\n<\/tr>\n<tr>\n<th>Gesamtgewicht<\/th>\n<td>2000 <small>kg<\/small><\/td>\n<\/tr>\n<tr>\n<th>Nutzlast<\/th>\n<td>1400 <small>kg<\/small><\/td>\n<\/tr>\n<tr>\n<th>R\u00e4der<\/th>\n<td>165 R 13 C<small><\/small><\/td>\n<\/tr>\n<\/tbody>\n<\/table>\n<h6>Optionen<\/h6>\n<table>\n<tbody>\n<tr>\n<td>Doppelfl\u00fcgelt\u00fcre vorne<\/td>\n<td>2020 CHF<\/td>\n<\/tr>\n<tr>\n<td>St\u00fctzfuss mit Halter (Paar)<\/td>\n<td>100 CHF<\/td>\n<\/tr>\n<tr>\n<td>Kasten vorne abgeschr\u00e4gt<\/td>\n<td>600 CHF<\/td>\n<\/tr>\n<tr>\n<td>Durchgehende Laderampe hinten aus Alu<\/td>\n<td>1960 CHF<\/td>\n<\/tr>\n<tr>\n<td>Zurrleiste verzinkt \/ Meter<br \/>\n<strong>Preis pro lm 40.00<\/strong><\/td>\n<td>40 CHF<\/td>\n<\/tr>\n<tr>\n<td>Zurrleiste Alu \/ Meter<br \/>\n<strong>Preis pro lm 90.00<\/strong><\/td>\n<td>90 CHF<\/td>\n<\/tr>\n<tr>\n<td>Sicherungsstange teleskopisch<\/td>\n<td>110 CHF<\/td>\n<\/tr>\n<tr>\n<td>3-Fach Polsterlatten \/ Meter<\/td>\n<td>330 CHF<\/td>\n<\/tr>\n<tr>\n<td>Seite aufklappbar, max 4000 mm<\/td>\n<td>2030 CHF<\/td>\n<\/tr>\n<tr>\n<td>Rampenkasten<\/td>\n<td>490 CHF<\/td>\n<\/tr>\n<tr>\n<td>Servicet\u00fcre 800 x 1800 mm<\/td>\n<td>980 CHF<\/td>\n<\/tr>\n<tr>\n<td>Simol St\u00fctzfuss 500 Kg, Paar<br \/>\n<strong>mit Halter<\/strong><\/td>\n<td>380 CHF<\/td>\n<\/tr>\n<\/tbody>\n<\/table>\n","protected":false},"featured_media":1367,"comment_status":"open","ping_status":"closed","template":"","meta":{"_acf_changed":false},"product_brand":[],"product_cat":[236],"product_tag":[],"class_list":{"0":"post-1084","1":"product","2":"type-product","3":"status-publish","4":"has-post-thumbnail","6":"product_cat-plywood-und-sandwich-kofferanhaenger","8":"first","9":"instock","10":"featured","11":"shipping-taxable","12":"purchasable","13":"product-type-simple"},"acf":[],"yoast_head":"<!-- This site is optimized with the Yoast SEO plugin v27.2 - https:\/\/yoast.com\/product\/yoast-seo-wordpress\/ -->\n<title>Daltec VZ 30-20 BK, 3050x1500x1800 mm, 2000 Kg - Daltec<\/title>\n<meta name=\"robots\" content=\"index, follow, max-snippet:-1, max-image-preview:large, max-video-preview:-1\" \/>\n<link rel=\"canonical\" href=\"https:\/\/daltec.ch\/de\/product\/vz-30-20-bk\/\" \/>\n<meta property=\"og:locale\" content=\"de_DE\" \/>\n<meta property=\"og:type\" content=\"article\" \/>\n<meta property=\"og:title\" content=\"Daltec VZ 30-20 BK, 3050x1500x1800 mm, 2000 Kg - Daltec\" \/>\n<meta property=\"og:description\" content=\"Preis: Siehe Preisliste auf Startseite Grosser Kofferanh\u00e4nger - 2-Achsig! Technische Daten    L\u00e4nge 3050 mm   Breite 1510 mm   H\u00f6he 1800 mm   Achsen 2   Gesamtgewicht 2000 kg   Nutzlast 1400 kg   R\u00e4der 165 R 13 C    Optionen    Doppelfl\u00fcgelt\u00fcre vorne 2020 CHF   St\u00fctzfuss mit Halter (Paar) 100 CHF   Kasten vorne abgeschr\u00e4gt 600 CHF   Durchgehende Laderampe hinten aus Alu 1960 CHF   Zurrleiste verzinkt \/ Meter Preis pro lm 40.00 40 CHF   Zurrleiste Alu \/ Meter Preis pro lm 90.00 90 CHF   Sicherungsstange teleskopisch 110 CHF   3-Fach Polsterlatten \/ Meter 330 CHF   Seite aufklappbar, max 4000 mm 2030 CHF   Rampenkasten 490 CHF   Servicet\u00fcre 800 x 1800 mm 980 CHF   Simol St\u00fctzfuss 500 Kg, Paar mit Halter 380 CHF\" \/>\n<meta property=\"og:url\" content=\"https:\/\/daltec.ch\/de\/product\/vz-30-20-bk\/\" \/>\n<meta property=\"og:site_name\" content=\"Daltec\" \/>\n<meta property=\"article:publisher\" content=\"https:\/\/www.facebook.com\/DaltecAG\" \/>\n<meta property=\"article:modified_time\" content=\"2025-06-18T15:49:22+00:00\" \/>\n<meta property=\"og:image\" content=\"https:\/\/daltec.ch\/wp-content\/uploads\/2024\/06\/DSC02779-1.jpg\" \/>\n\t<meta property=\"og:image:width\" content=\"1000\" \/>\n\t<meta property=\"og:image:height\" content=\"1000\" \/>\n\t<meta property=\"og:image:type\" content=\"image\/jpeg\" \/>\n<meta name=\"twitter:card\" content=\"summary_large_image\" \/>\n<meta name=\"twitter:label1\" content=\"Gesch\u00e4tzte Lesezeit\" \/>\n\t<meta name=\"twitter:data1\" content=\"1\u00a0Minute\" \/>\n<script type=\"application\/ld+json\" class=\"yoast-schema-graph\">{\"@context\":\"https:\/\/schema.org\",\"@graph\":[{\"@type\":\"WebPage\",\"@id\":\"https:\/\/daltec.ch\/product\/vz-30-20-bk\",\"url\":\"https:\/\/daltec.ch\/product\/vz-30-20-bk\",\"name\":\"Daltec VZ 30-20 BK, 3050x1500x1800 mm, 2000 Kg - Daltec\",\"isPartOf\":{\"@id\":\"https:\/\/daltec.ch\/fr\/#website\"},\"primaryImageOfPage\":{\"@id\":\"https:\/\/daltec.ch\/product\/vz-30-20-bk#primaryimage\"},\"image\":{\"@id\":\"https:\/\/daltec.ch\/product\/vz-30-20-bk#primaryimage\"},\"thumbnailUrl\":\"https:\/\/daltec.ch\/wp-content\/uploads\/2024\/06\/DSC02779-1.jpg\",\"datePublished\":\"2024-06-25T07:31:54+00:00\",\"dateModified\":\"2025-06-18T15:49:22+00:00\",\"breadcrumb\":{\"@id\":\"https:\/\/daltec.ch\/product\/vz-30-20-bk#breadcrumb\"},\"inLanguage\":\"de-CH\",\"potentialAction\":[{\"@type\":\"ReadAction\",\"target\":[\"https:\/\/daltec.ch\/product\/vz-30-20-bk\"]}]},{\"@type\":\"ImageObject\",\"inLanguage\":\"de-CH\",\"@id\":\"https:\/\/daltec.ch\/product\/vz-30-20-bk#primaryimage\",\"url\":\"https:\/\/daltec.ch\/wp-content\/uploads\/2024\/06\/DSC02779-1.jpg\",\"contentUrl\":\"https:\/\/daltec.ch\/wp-content\/uploads\/2024\/06\/DSC02779-1.jpg\",\"width\":1000,\"height\":1000},{\"@type\":\"BreadcrumbList\",\"@id\":\"https:\/\/daltec.ch\/product\/vz-30-20-bk#breadcrumb\",\"itemListElement\":[{\"@type\":\"ListItem\",\"position\":1,\"name\":\"Startseite\",\"item\":\"https:\/\/daltec.ch\/\"},{\"@type\":\"ListItem\",\"position\":2,\"name\":\"anhaenger\",\"item\":\"https:\/\/daltec.ch\/anhaenger\"},{\"@type\":\"ListItem\",\"position\":3,\"name\":\"Daltec VZ 30-20 BK, 3050x1500x1800 mm, 2000 Kg\"}]},{\"@type\":\"WebSite\",\"@id\":\"https:\/\/daltec.ch\/fr\/#website\",\"url\":\"https:\/\/daltec.ch\/fr\/\",\"name\":\"Daltec Trailers\",\"description\":\"\",\"publisher\":{\"@id\":\"https:\/\/daltec.ch\/fr\/#organization\"},\"potentialAction\":[{\"@type\":\"SearchAction\",\"target\":{\"@type\":\"EntryPoint\",\"urlTemplate\":\"https:\/\/daltec.ch\/fr\/?s={search_term_string}\"},\"query-input\":{\"@type\":\"PropertyValueSpecification\",\"valueRequired\":true,\"valueName\":\"search_term_string\"}}],\"inLanguage\":\"de-CH\"},{\"@type\":\"Organization\",\"@id\":\"https:\/\/daltec.ch\/fr\/#organization\",\"name\":\"Daltec AG\",\"url\":\"https:\/\/daltec.ch\/fr\/\",\"logo\":{\"@type\":\"ImageObject\",\"inLanguage\":\"de-CH\",\"@id\":\"https:\/\/daltec.ch\/fr\/#\/schema\/logo\/image\/\",\"url\":\"https:\/\/daltec.ch\/wp-content\/uploads\/2025\/08\/dlteclogo.webp\",\"contentUrl\":\"https:\/\/daltec.ch\/wp-content\/uploads\/2025\/08\/dlteclogo.webp\",\"width\":500,\"height\":195,\"caption\":\"Daltec AG\"},\"image\":{\"@id\":\"https:\/\/daltec.ch\/fr\/#\/schema\/logo\/image\/\"},\"sameAs\":[\"https:\/\/www.facebook.com\/DaltecAG\"]}]}<\/script>\n<!-- \/ Yoast SEO plugin. -->","yoast_head_json":{"title":"Daltec VZ 30-20 BK, 3050x1500x1800 mm, 2000 Kg - Daltec","robots":{"index":"index","follow":"follow","max-snippet":"max-snippet:-1","max-image-preview":"max-image-preview:large","max-video-preview":"max-video-preview:-1"},"canonical":"https:\/\/daltec.ch\/de\/product\/vz-30-20-bk\/","og_locale":"de_DE","og_type":"article","og_title":"Daltec VZ 30-20 BK, 3050x1500x1800 mm, 2000 Kg - Daltec","og_description":"Preis: Siehe Preisliste auf Startseite Grosser Kofferanh\u00e4nger - 2-Achsig! Technische Daten    L\u00e4nge 3050 mm   Breite 1510 mm   H\u00f6he 1800 mm   Achsen 2   Gesamtgewicht 2000 kg   Nutzlast 1400 kg   R\u00e4der 165 R 13 C    Optionen    Doppelfl\u00fcgelt\u00fcre vorne 2020 CHF   St\u00fctzfuss mit Halter (Paar) 100 CHF   Kasten vorne abgeschr\u00e4gt 600 CHF   Durchgehende Laderampe hinten aus Alu 1960 CHF   Zurrleiste verzinkt \/ Meter Preis pro lm 40.00 40 CHF   Zurrleiste Alu \/ Meter Preis pro lm 90.00 90 CHF   Sicherungsstange teleskopisch 110 CHF   3-Fach Polsterlatten \/ Meter 330 CHF   Seite aufklappbar, max 4000 mm 2030 CHF   Rampenkasten 490 CHF   Servicet\u00fcre 800 x 1800 mm 980 CHF   Simol St\u00fctzfuss 500 Kg, Paar mit Halter 380 CHF","og_url":"https:\/\/daltec.ch\/de\/product\/vz-30-20-bk\/","og_site_name":"Daltec","article_publisher":"https:\/\/www.facebook.com\/DaltecAG","article_modified_time":"2025-06-18T15:49:22+00:00","og_image":[{"width":1000,"height":1000,"url":"https:\/\/daltec.ch\/wp-content\/uploads\/2024\/06\/DSC02779-1.jpg","type":"image\/jpeg"}],"twitter_card":"summary_large_image","twitter_misc":{"Gesch\u00e4tzte Lesezeit":"1\u00a0Minute"},"schema":{"@context":"https:\/\/schema.org","@graph":[{"@type":"WebPage","@id":"https:\/\/daltec.ch\/product\/vz-30-20-bk","url":"https:\/\/daltec.ch\/product\/vz-30-20-bk","name":"Daltec VZ 30-20 BK, 3050x1500x1800 mm, 2000 Kg - Daltec","isPartOf":{"@id":"https:\/\/daltec.ch\/fr\/#website"},"primaryImageOfPage":{"@id":"https:\/\/daltec.ch\/product\/vz-30-20-bk#primaryimage"},"image":{"@id":"https:\/\/daltec.ch\/product\/vz-30-20-bk#primaryimage"},"thumbnailUrl":"https:\/\/daltec.ch\/wp-content\/uploads\/2024\/06\/DSC02779-1.jpg","datePublished":"2024-06-25T07:31:54+00:00","dateModified":"2025-06-18T15:49:22+00:00","breadcrumb":{"@id":"https:\/\/daltec.ch\/product\/vz-30-20-bk#breadcrumb"},"inLanguage":"de-CH","potentialAction":[{"@type":"ReadAction","target":["https:\/\/daltec.ch\/product\/vz-30-20-bk"]}]},{"@type":"ImageObject","inLanguage":"de-CH","@id":"https:\/\/daltec.ch\/product\/vz-30-20-bk#primaryimage","url":"https:\/\/daltec.ch\/wp-content\/uploads\/2024\/06\/DSC02779-1.jpg","contentUrl":"https:\/\/daltec.ch\/wp-content\/uploads\/2024\/06\/DSC02779-1.jpg","width":1000,"height":1000},{"@type":"BreadcrumbList","@id":"https:\/\/daltec.ch\/product\/vz-30-20-bk#breadcrumb","itemListElement":[{"@type":"ListItem","position":1,"name":"Startseite","item":"https:\/\/daltec.ch\/"},{"@type":"ListItem","position":2,"name":"anhaenger","item":"https:\/\/daltec.ch\/anhaenger"},{"@type":"ListItem","position":3,"name":"Daltec VZ 30-20 BK, 3050x1500x1800 mm, 2000 Kg"}]},{"@type":"WebSite","@id":"https:\/\/daltec.ch\/fr\/#website","url":"https:\/\/daltec.ch\/fr\/","name":"Daltec Trailers","description":"","publisher":{"@id":"https:\/\/daltec.ch\/fr\/#organization"},"potentialAction":[{"@type":"SearchAction","target":{"@type":"EntryPoint","urlTemplate":"https:\/\/daltec.ch\/fr\/?s={search_term_string}"},"query-input":{"@type":"PropertyValueSpecification","valueRequired":true,"valueName":"search_term_string"}}],"inLanguage":"de-CH"},{"@type":"Organization","@id":"https:\/\/daltec.ch\/fr\/#organization","name":"Daltec AG","url":"https:\/\/daltec.ch\/fr\/","logo":{"@type":"ImageObject","inLanguage":"de-CH","@id":"https:\/\/daltec.ch\/fr\/#\/schema\/logo\/image\/","url":"https:\/\/daltec.ch\/wp-content\/uploads\/2025\/08\/dlteclogo.webp","contentUrl":"https:\/\/daltec.ch\/wp-content\/uploads\/2025\/08\/dlteclogo.webp","width":500,"height":195,"caption":"Daltec AG"},"image":{"@id":"https:\/\/daltec.ch\/fr\/#\/schema\/logo\/image\/"},"sameAs":["https:\/\/www.facebook.com\/DaltecAG"]}]}},"_links":{"self":[{"href":"https:\/\/daltec.ch\/de\/wp-json\/wp\/v2\/product\/1084","targetHints":{"allow":["GET"]}}],"collection":[{"href":"https:\/\/daltec.ch\/de\/wp-json\/wp\/v2\/product"}],"about":[{"href":"https:\/\/daltec.ch\/de\/wp-json\/wp\/v2\/types\/product"}],"replies":[{"embeddable":true,"href":"https:\/\/daltec.ch\/de\/wp-json\/wp\/v2\/comments?post=1084"}],"wp:featuredmedia":[{"embeddable":true,"href":"https:\/\/daltec.ch\/de\/wp-json\/wp\/v2\/media\/1367"}],"wp:attachment":[{"href":"https:\/\/daltec.ch\/de\/wp-json\/wp\/v2\/media?parent=1084"}],"wp:term":[{"taxonomy":"product_brand","embeddable":true,"href":"https:\/\/daltec.ch\/de\/wp-json\/wp\/v2\/product_brand?post=1084"},{"taxonomy":"product_cat","embeddable":true,"href":"https:\/\/daltec.ch\/de\/wp-json\/wp\/v2\/product_cat?post=1084"},{"taxonomy":"product_tag","embeddable":true,"href":"https:\/\/daltec.ch\/de\/wp-json\/wp\/v2\/product_tag?post=1084"}],"curies":[{"name":"wp","href":"https:\/\/api.w.org\/{rel}","templated":true}]}}