{"id":1086,"date":"2024-06-25T07:45:35","date_gmt":"2024-06-25T07:45:35","guid":{"rendered":"https:\/\/demo.shrinkwaterindia.com\/?post_type=product&#038;p=1086"},"modified":"2025-12-01T13:28:06","modified_gmt":"2025-12-01T13:28:06","slug":"vz-13-bk-tfd-300t-00pw","status":"publish","type":"product","link":"https:\/\/daltec.ch\/de\/product\/vz-13-bk-tfd-300t-00pw","title":{"rendered":"Daltec VZ 13 BK \/ TFD 300T.00 PW Fl\u00fcgelt\u00fcren + Servicet\u00fcre, 3000x1500x1800 mm, 1300 Kg"},"content":{"rendered":"<h4><em><strong>Preis: Siehe Preisliste auf Startseite<\/strong><\/em><\/h4>\n<h4>Serienausstattung:<\/h4>\n<p>Aussenmasse (L\u00e4nge x Breite x H\u00f6he): 4576 x 1978 x 2360 mm. Fahrwerk : Grundrahmen verzinkt und verschweisst, V-Deichsel, Auflaufeinrichtung gebremst mit Kugelkupplung und Sicherheitskabel, St\u00fctzrad vorne. Achse : 1x Achse AL-KO oder KNOTT gebremst mit Handbremse und R\u00fcckmatik. Aufbau : W\u00e4nde aus Holz beschichtet, Solider verzinkter Rahmen, Doppelfl\u00fcgelt\u00fcren hinten mit Drehstangenverschluss abschliessbar, Servicet\u00fcre rechts abschliessbar, Bel\u00fcftungsgitter, 2x St\u00fctzf\u00fcsse hinten mit Halter. Boden : Boden aus Sperrholz rutschsicher. Ladungssicherung : 2x Reihe Zurrschienen auf jede Seite innen, 6x Binde\u00f6sen im Boden versenkt. Beleuchtung : 12V, 13 Pol Stecker, Nach aktuellen Normen.<\/p>\n","protected":false},"excerpt":{"rendered":"<h5>Preis: Siehe Preisliste auf Startseite<\/h5>\n<p>Tieflader Kofferanh\u00e4nger aus Holz mit Doppelfl\u00fcgelt\u00fcren hinten<\/p>\n<h4>Technische Daten<\/h4>\n<table class=\"table\">\n<tbody>\n<tr>\n<th>L\u00e4nge<\/th>\n<td>3000 <small>mm<\/small><\/td>\n<\/tr>\n<tr>\n<th>Breite<\/th>\n<td>1500 <small>mm<\/small><\/td>\n<\/tr>\n<tr>\n<th>H\u00f6he<\/th>\n<td>1800 <small>mm<\/small><\/td>\n<\/tr>\n<tr>\n<th>Achsen<\/th>\n<td>1<small><\/small><\/td>\n<\/tr>\n<tr>\n<th>Gesamtgewicht<\/th>\n<td>1300 <small>kg<\/small><\/td>\n<\/tr>\n<tr>\n<th>Nutzlast<\/th>\n<td>715 <small>kg<\/small><\/td>\n<\/tr>\n<tr>\n<th>R\u00e4der<\/th>\n<td>165 R 13 C<small><\/small><\/td>\n<\/tr>\n<\/tbody>\n<\/table>\n<h6>Optionen<\/h6>\n<table>\n<tbody>\n<tr>\n<td>Servicet\u00fcre seitlich<\/td>\n<td>620 CHF<\/td>\n<\/tr>\n<tr>\n<td>Seitenklappe<\/td>\n<td>890 CHF<\/td>\n<\/tr>\n<tr>\n<td>Fenster 1200 x 500 mm<\/td>\n<td>350 CHF<\/td>\n<\/tr>\n<tr>\n<td>Fenster 700 x 500 mm<\/td>\n<td>300 CHF<\/td>\n<\/tr>\n<tr>\n<td>Dachfenster 400 x 400 mm<\/td>\n<td>250 CHF<\/td>\n<\/tr>\n<tr>\n<td>Innenbeleuchtung<br \/>\n<strong>Innenbeleuchtung 12V (1 LED Lampe mit Schalter)<\/strong><\/td>\n<td>190 CHF<\/td>\n<\/tr>\n<tr>\n<td>Installation 230V<\/td>\n<td>450 CHF<\/td>\n<\/tr>\n<\/tbody>\n<\/table>\n","protected":false},"featured_media":4057,"comment_status":"open","ping_status":"closed","template":"","meta":{"_acf_changed":false},"product_brand":[],"product_cat":[236],"product_tag":[],"class_list":{"0":"post-1086","1":"product","2":"type-product","3":"status-publish","4":"has-post-thumbnail","6":"product_cat-plywood-und-sandwich-kofferanhaenger","8":"first","9":"instock","10":"featured","11":"shipping-taxable","12":"purchasable","13":"product-type-simple"},"acf":[],"yoast_head":"<!-- This site is optimized with the Yoast SEO plugin v27.2 - https:\/\/yoast.com\/product\/yoast-seo-wordpress\/ -->\n<title>Daltec VZ 13 BK \/ TFD 300T.00 PW Fl\u00fcgelt\u00fcren + Servicet\u00fcre, 3000x1500x1800 mm, 1300 Kg - Daltec<\/title>\n<meta name=\"robots\" content=\"index, follow, max-snippet:-1, max-image-preview:large, max-video-preview:-1\" \/>\n<link rel=\"canonical\" href=\"https:\/\/daltec.ch\/de\/product\/vz-13-bk-tfd-300t-00pw\/\" \/>\n<meta property=\"og:locale\" content=\"de_DE\" \/>\n<meta property=\"og:type\" content=\"article\" \/>\n<meta property=\"og:title\" content=\"Daltec VZ 13 BK \/ TFD 300T.00 PW Fl\u00fcgelt\u00fcren + Servicet\u00fcre, 3000x1500x1800 mm, 1300 Kg - Daltec\" \/>\n<meta property=\"og:description\" content=\"Preis: Siehe Preisliste auf Startseite Tieflader Kofferanh\u00e4nger aus Holz mit Doppelfl\u00fcgelt\u00fcren hinten Technische Daten    L\u00e4nge 3000 mm   Breite 1500 mm   H\u00f6he 1800 mm   Achsen 1   Gesamtgewicht 1300 kg   Nutzlast 715 kg   R\u00e4der 165 R 13 C    Optionen    Servicet\u00fcre seitlich 620 CHF   Seitenklappe 890 CHF   Fenster 1200 x 500 mm 350 CHF   Fenster 700 x 500 mm 300 CHF   Dachfenster 400 x 400 mm 250 CHF   Innenbeleuchtung Innenbeleuchtung 12V (1 LED Lampe mit Schalter) 190 CHF   Installation 230V 450 CHF\" \/>\n<meta property=\"og:url\" content=\"https:\/\/daltec.ch\/de\/product\/vz-13-bk-tfd-300t-00pw\/\" \/>\n<meta property=\"og:site_name\" content=\"Daltec\" \/>\n<meta property=\"article:publisher\" content=\"https:\/\/www.facebook.com\/DaltecAG\" \/>\n<meta property=\"article:modified_time\" content=\"2025-12-01T13:28:06+00:00\" \/>\n<meta property=\"og:image\" content=\"https:\/\/daltec.ch\/wp-content\/uploads\/2024\/06\/TFD-250.00-6-scaled-1.jpg\" \/>\n\t<meta property=\"og:image:width\" content=\"1898\" \/>\n\t<meta property=\"og:image:height\" content=\"1393\" \/>\n\t<meta property=\"og:image:type\" content=\"image\/jpeg\" \/>\n<meta name=\"twitter:card\" content=\"summary_large_image\" \/>\n<meta name=\"twitter:label1\" content=\"Gesch\u00e4tzte Lesezeit\" \/>\n\t<meta name=\"twitter:data1\" content=\"1\u00a0Minute\" \/>\n<script type=\"application\/ld+json\" class=\"yoast-schema-graph\">{\"@context\":\"https:\/\/schema.org\",\"@graph\":[{\"@type\":\"WebPage\",\"@id\":\"https:\/\/daltec.ch\/product\/vz-13-bk-tfd-300t-00pw\",\"url\":\"https:\/\/daltec.ch\/product\/vz-13-bk-tfd-300t-00pw\",\"name\":\"Daltec VZ 13 BK \/ TFD 300T.00 PW Fl\u00fcgelt\u00fcren + Servicet\u00fcre, 3000x1500x1800 mm, 1300 Kg - Daltec\",\"isPartOf\":{\"@id\":\"https:\/\/daltec.ch\/fr\/#website\"},\"primaryImageOfPage\":{\"@id\":\"https:\/\/daltec.ch\/product\/vz-13-bk-tfd-300t-00pw#primaryimage\"},\"image\":{\"@id\":\"https:\/\/daltec.ch\/product\/vz-13-bk-tfd-300t-00pw#primaryimage\"},\"thumbnailUrl\":\"https:\/\/daltec.ch\/wp-content\/uploads\/2024\/06\/TFD-250.00-6-scaled-1.jpg\",\"datePublished\":\"2024-06-25T07:45:35+00:00\",\"dateModified\":\"2025-12-01T13:28:06+00:00\",\"breadcrumb\":{\"@id\":\"https:\/\/daltec.ch\/product\/vz-13-bk-tfd-300t-00pw#breadcrumb\"},\"inLanguage\":\"de-CH\",\"potentialAction\":[{\"@type\":\"ReadAction\",\"target\":[\"https:\/\/daltec.ch\/product\/vz-13-bk-tfd-300t-00pw\"]}]},{\"@type\":\"ImageObject\",\"inLanguage\":\"de-CH\",\"@id\":\"https:\/\/daltec.ch\/product\/vz-13-bk-tfd-300t-00pw#primaryimage\",\"url\":\"https:\/\/daltec.ch\/wp-content\/uploads\/2024\/06\/TFD-250.00-6-scaled-1.jpg\",\"contentUrl\":\"https:\/\/daltec.ch\/wp-content\/uploads\/2024\/06\/TFD-250.00-6-scaled-1.jpg\",\"width\":1898,\"height\":1393},{\"@type\":\"BreadcrumbList\",\"@id\":\"https:\/\/daltec.ch\/product\/vz-13-bk-tfd-300t-00pw#breadcrumb\",\"itemListElement\":[{\"@type\":\"ListItem\",\"position\":1,\"name\":\"Startseite\",\"item\":\"https:\/\/daltec.ch\/\"},{\"@type\":\"ListItem\",\"position\":2,\"name\":\"anhaenger\",\"item\":\"https:\/\/daltec.ch\/anhaenger\"},{\"@type\":\"ListItem\",\"position\":3,\"name\":\"Daltec VZ 13 BK \/ TFD 300T.00 PW Fl\u00fcgelt\u00fcren + Servicet\u00fcre, 3000x1500x1800 mm, 1300 Kg\"}]},{\"@type\":\"WebSite\",\"@id\":\"https:\/\/daltec.ch\/fr\/#website\",\"url\":\"https:\/\/daltec.ch\/fr\/\",\"name\":\"Daltec Trailers\",\"description\":\"\",\"publisher\":{\"@id\":\"https:\/\/daltec.ch\/fr\/#organization\"},\"potentialAction\":[{\"@type\":\"SearchAction\",\"target\":{\"@type\":\"EntryPoint\",\"urlTemplate\":\"https:\/\/daltec.ch\/fr\/?s={search_term_string}\"},\"query-input\":{\"@type\":\"PropertyValueSpecification\",\"valueRequired\":true,\"valueName\":\"search_term_string\"}}],\"inLanguage\":\"de-CH\"},{\"@type\":\"Organization\",\"@id\":\"https:\/\/daltec.ch\/fr\/#organization\",\"name\":\"Daltec AG\",\"url\":\"https:\/\/daltec.ch\/fr\/\",\"logo\":{\"@type\":\"ImageObject\",\"inLanguage\":\"de-CH\",\"@id\":\"https:\/\/daltec.ch\/fr\/#\/schema\/logo\/image\/\",\"url\":\"https:\/\/daltec.ch\/wp-content\/uploads\/2025\/08\/dlteclogo.webp\",\"contentUrl\":\"https:\/\/daltec.ch\/wp-content\/uploads\/2025\/08\/dlteclogo.webp\",\"width\":500,\"height\":195,\"caption\":\"Daltec AG\"},\"image\":{\"@id\":\"https:\/\/daltec.ch\/fr\/#\/schema\/logo\/image\/\"},\"sameAs\":[\"https:\/\/www.facebook.com\/DaltecAG\"]}]}<\/script>\n<!-- \/ Yoast SEO plugin. -->","yoast_head_json":{"title":"Daltec VZ 13 BK \/ TFD 300T.00 PW Fl\u00fcgelt\u00fcren + Servicet\u00fcre, 3000x1500x1800 mm, 1300 Kg - Daltec","robots":{"index":"index","follow":"follow","max-snippet":"max-snippet:-1","max-image-preview":"max-image-preview:large","max-video-preview":"max-video-preview:-1"},"canonical":"https:\/\/daltec.ch\/de\/product\/vz-13-bk-tfd-300t-00pw\/","og_locale":"de_DE","og_type":"article","og_title":"Daltec VZ 13 BK \/ TFD 300T.00 PW Fl\u00fcgelt\u00fcren + Servicet\u00fcre, 3000x1500x1800 mm, 1300 Kg - Daltec","og_description":"Preis: Siehe Preisliste auf Startseite Tieflader Kofferanh\u00e4nger aus Holz mit Doppelfl\u00fcgelt\u00fcren hinten Technische Daten    L\u00e4nge 3000 mm   Breite 1500 mm   H\u00f6he 1800 mm   Achsen 1   Gesamtgewicht 1300 kg   Nutzlast 715 kg   R\u00e4der 165 R 13 C    Optionen    Servicet\u00fcre seitlich 620 CHF   Seitenklappe 890 CHF   Fenster 1200 x 500 mm 350 CHF   Fenster 700 x 500 mm 300 CHF   Dachfenster 400 x 400 mm 250 CHF   Innenbeleuchtung Innenbeleuchtung 12V (1 LED Lampe mit Schalter) 190 CHF   Installation 230V 450 CHF","og_url":"https:\/\/daltec.ch\/de\/product\/vz-13-bk-tfd-300t-00pw\/","og_site_name":"Daltec","article_publisher":"https:\/\/www.facebook.com\/DaltecAG","article_modified_time":"2025-12-01T13:28:06+00:00","og_image":[{"width":1898,"height":1393,"url":"https:\/\/daltec.ch\/wp-content\/uploads\/2024\/06\/TFD-250.00-6-scaled-1.jpg","type":"image\/jpeg"}],"twitter_card":"summary_large_image","twitter_misc":{"Gesch\u00e4tzte Lesezeit":"1\u00a0Minute"},"schema":{"@context":"https:\/\/schema.org","@graph":[{"@type":"WebPage","@id":"https:\/\/daltec.ch\/product\/vz-13-bk-tfd-300t-00pw","url":"https:\/\/daltec.ch\/product\/vz-13-bk-tfd-300t-00pw","name":"Daltec VZ 13 BK \/ TFD 300T.00 PW Fl\u00fcgelt\u00fcren + Servicet\u00fcre, 3000x1500x1800 mm, 1300 Kg - Daltec","isPartOf":{"@id":"https:\/\/daltec.ch\/fr\/#website"},"primaryImageOfPage":{"@id":"https:\/\/daltec.ch\/product\/vz-13-bk-tfd-300t-00pw#primaryimage"},"image":{"@id":"https:\/\/daltec.ch\/product\/vz-13-bk-tfd-300t-00pw#primaryimage"},"thumbnailUrl":"https:\/\/daltec.ch\/wp-content\/uploads\/2024\/06\/TFD-250.00-6-scaled-1.jpg","datePublished":"2024-06-25T07:45:35+00:00","dateModified":"2025-12-01T13:28:06+00:00","breadcrumb":{"@id":"https:\/\/daltec.ch\/product\/vz-13-bk-tfd-300t-00pw#breadcrumb"},"inLanguage":"de-CH","potentialAction":[{"@type":"ReadAction","target":["https:\/\/daltec.ch\/product\/vz-13-bk-tfd-300t-00pw"]}]},{"@type":"ImageObject","inLanguage":"de-CH","@id":"https:\/\/daltec.ch\/product\/vz-13-bk-tfd-300t-00pw#primaryimage","url":"https:\/\/daltec.ch\/wp-content\/uploads\/2024\/06\/TFD-250.00-6-scaled-1.jpg","contentUrl":"https:\/\/daltec.ch\/wp-content\/uploads\/2024\/06\/TFD-250.00-6-scaled-1.jpg","width":1898,"height":1393},{"@type":"BreadcrumbList","@id":"https:\/\/daltec.ch\/product\/vz-13-bk-tfd-300t-00pw#breadcrumb","itemListElement":[{"@type":"ListItem","position":1,"name":"Startseite","item":"https:\/\/daltec.ch\/"},{"@type":"ListItem","position":2,"name":"anhaenger","item":"https:\/\/daltec.ch\/anhaenger"},{"@type":"ListItem","position":3,"name":"Daltec VZ 13 BK \/ TFD 300T.00 PW Fl\u00fcgelt\u00fcren + Servicet\u00fcre, 3000x1500x1800 mm, 1300 Kg"}]},{"@type":"WebSite","@id":"https:\/\/daltec.ch\/fr\/#website","url":"https:\/\/daltec.ch\/fr\/","name":"Daltec Trailers","description":"","publisher":{"@id":"https:\/\/daltec.ch\/fr\/#organization"},"potentialAction":[{"@type":"SearchAction","target":{"@type":"EntryPoint","urlTemplate":"https:\/\/daltec.ch\/fr\/?s={search_term_string}"},"query-input":{"@type":"PropertyValueSpecification","valueRequired":true,"valueName":"search_term_string"}}],"inLanguage":"de-CH"},{"@type":"Organization","@id":"https:\/\/daltec.ch\/fr\/#organization","name":"Daltec AG","url":"https:\/\/daltec.ch\/fr\/","logo":{"@type":"ImageObject","inLanguage":"de-CH","@id":"https:\/\/daltec.ch\/fr\/#\/schema\/logo\/image\/","url":"https:\/\/daltec.ch\/wp-content\/uploads\/2025\/08\/dlteclogo.webp","contentUrl":"https:\/\/daltec.ch\/wp-content\/uploads\/2025\/08\/dlteclogo.webp","width":500,"height":195,"caption":"Daltec AG"},"image":{"@id":"https:\/\/daltec.ch\/fr\/#\/schema\/logo\/image\/"},"sameAs":["https:\/\/www.facebook.com\/DaltecAG"]}]}},"_links":{"self":[{"href":"https:\/\/daltec.ch\/de\/wp-json\/wp\/v2\/product\/1086","targetHints":{"allow":["GET"]}}],"collection":[{"href":"https:\/\/daltec.ch\/de\/wp-json\/wp\/v2\/product"}],"about":[{"href":"https:\/\/daltec.ch\/de\/wp-json\/wp\/v2\/types\/product"}],"replies":[{"embeddable":true,"href":"https:\/\/daltec.ch\/de\/wp-json\/wp\/v2\/comments?post=1086"}],"wp:featuredmedia":[{"embeddable":true,"href":"https:\/\/daltec.ch\/de\/wp-json\/wp\/v2\/media\/4057"}],"wp:attachment":[{"href":"https:\/\/daltec.ch\/de\/wp-json\/wp\/v2\/media?parent=1086"}],"wp:term":[{"taxonomy":"product_brand","embeddable":true,"href":"https:\/\/daltec.ch\/de\/wp-json\/wp\/v2\/product_brand?post=1086"},{"taxonomy":"product_cat","embeddable":true,"href":"https:\/\/daltec.ch\/de\/wp-json\/wp\/v2\/product_cat?post=1086"},{"taxonomy":"product_tag","embeddable":true,"href":"https:\/\/daltec.ch\/de\/wp-json\/wp\/v2\/product_tag?post=1086"}],"curies":[{"name":"wp","href":"https:\/\/api.w.org\/{rel}","templated":true}]}}