{"id":1096,"date":"2024-06-25T12:49:07","date_gmt":"2024-06-25T12:49:07","guid":{"rendered":"https:\/\/demo.shrinkwaterindia.com\/?post_type=product&#038;p=1096"},"modified":"2025-08-29T07:58:40","modified_gmt":"2025-08-29T07:58:40","slug":"food-truck-sprinter","status":"publish","type":"product","link":"https:\/\/daltec.ch\/de\/product\/food-truck-sprinter","title":{"rendered":"Food Truck Sprinter"},"content":{"rendered":"<p>Zu verkaufen, Foodtruck MB Sprinter Daltec Umbau mit Professioneller K\u00fcche. Fahrgestell MB Sprinter mit Dieselmotor und Automat. Innenaustattung mit Wasseranlage, Dunstabzug, Arbeitsfl\u00e4chen in Inox geb\u00fcrstet, K\u00fchlm\u00f6bel ,Getr\u00e4nkek\u00fchlschrank, Verkaufstheke. 3 Monate Garantie.<br \/>\n<strong>Serienausstattung:<\/strong><br \/>\nFahrgestell MB Sprinter mit Dieselmotor und Automat. R\u00fcckfahrkamera. Innenaustattung mit folgenden Elementen. Kabinendurchgang mit abschliessbarem Rollo. Elektroanlage mit 400 V Eingang, Schaltkasten mit Verteilung diverse Stecker und Anschl\u00fcsse. Innenbeleuchtung LED . Wasseranlage mit 2 Kanister, Durchlauferhitzer und 12V Pumpe. 2 Lavabos. Dunstabzug mit Filter und Kamin. R\u00fcckwand mit Inoxblech geb\u00fcrstet \u00fcberzogen. Arbeitsfl\u00e4chen in Inox geb\u00fcrstet. K\u00fchlm\u00f6bel mit 4 Schubladen. Gastro Getr\u00e4nkek\u00fchlschrank mit Sichtfenster. Verkaufstheke mit Schubladen und Oberschr\u00e4nken. Spuckschutz. Taschenablage. Boden mit Werkstattbelag Hygienefreundlich. Gaskasten von aussen zug\u00e4nglich. Ganzes Fahrzeug ab MFK. Preis inkl. Beschriebener Ausstattung Zus\u00e4tzliche Einbauten wie Gasanlage mit Festtank und weitere Ger\u00e4te nach Absprache m\u00f6glich. 3 Monate Garantie.<\/p>\n","protected":false},"excerpt":{"rendered":"<h5>Technische Daten<\/h5>\n<table class=\"table\">\n<tbody>\n<tr>\n<th>L\u00e4nge<\/th>\n<td>0 <small>mm<\/small><\/td>\n<\/tr>\n<tr>\n<th>Breite<\/th>\n<td>0 <small>mm<\/small><\/td>\n<\/tr>\n<tr>\n<th>H\u00f6he<\/th>\n<td>0 <small>mm<\/small><\/td>\n<\/tr>\n<tr>\n<th>Gesamtgewicht<\/th>\n<td>0 <small>kg<\/small><\/td>\n<\/tr>\n<tr>\n<th>Nutzlast<\/th>\n<td>0 <small>kg<\/small><\/td>\n<\/tr>\n<tr>\n<th>Achsen<\/th>\n<td>0 <small><\/small><\/td>\n<\/tr>\n<\/tbody>\n<\/table>\n","protected":false},"featured_media":1642,"comment_status":"open","ping_status":"closed","template":"","meta":{"_acf_changed":false},"product_brand":[],"product_cat":[31],"product_tag":[],"class_list":{"0":"post-1096","1":"product","2":"type-product","3":"status-publish","4":"has-post-thumbnail","6":"product_cat-verkaufsfanhaenger","8":"first","9":"instock","10":"featured","11":"shipping-taxable","12":"purchasable","13":"product-type-simple"},"acf":[],"yoast_head":"<!-- This site is optimized with the Yoast SEO plugin v27.2 - https:\/\/yoast.com\/product\/yoast-seo-wordpress\/ -->\n<title>Food Truck Sprinter - Daltec<\/title>\n<meta name=\"robots\" content=\"index, follow, max-snippet:-1, max-image-preview:large, max-video-preview:-1\" \/>\n<link rel=\"canonical\" href=\"https:\/\/daltec.ch\/de\/product\/food-truck-sprinter\/\" \/>\n<meta property=\"og:locale\" content=\"de_DE\" \/>\n<meta property=\"og:type\" content=\"article\" \/>\n<meta property=\"og:title\" content=\"Food Truck Sprinter - Daltec\" \/>\n<meta property=\"og:description\" content=\"Technische Daten    L\u00e4nge 0 mm   Breite 0 mm   H\u00f6he 0 mm   Gesamtgewicht 0 kg   Nutzlast 0 kg   Achsen 0\" \/>\n<meta property=\"og:url\" content=\"https:\/\/daltec.ch\/de\/product\/food-truck-sprinter\/\" \/>\n<meta property=\"og:site_name\" content=\"Daltec\" \/>\n<meta property=\"article:publisher\" content=\"https:\/\/www.facebook.com\/DaltecAG\" \/>\n<meta property=\"article:modified_time\" content=\"2025-08-29T07:58:40+00:00\" \/>\n<meta property=\"og:image\" content=\"https:\/\/daltec.ch\/wp-content\/uploads\/2024\/06\/Food-Truck-Sprinter.jpg\" \/>\n\t<meta property=\"og:image:width\" content=\"800\" \/>\n\t<meta property=\"og:image:height\" content=\"800\" \/>\n\t<meta property=\"og:image:type\" content=\"image\/jpeg\" \/>\n<meta name=\"twitter:card\" content=\"summary_large_image\" \/>\n<meta name=\"twitter:label1\" content=\"Gesch\u00e4tzte Lesezeit\" \/>\n\t<meta name=\"twitter:data1\" content=\"1\u00a0Minute\" \/>\n<script type=\"application\/ld+json\" class=\"yoast-schema-graph\">{\"@context\":\"https:\/\/schema.org\",\"@graph\":[{\"@type\":\"WebPage\",\"@id\":\"https:\/\/daltec.ch\/product\/food-truck-sprinter\",\"url\":\"https:\/\/daltec.ch\/product\/food-truck-sprinter\",\"name\":\"Food Truck Sprinter - Daltec\",\"isPartOf\":{\"@id\":\"https:\/\/daltec.ch\/fr\/#website\"},\"primaryImageOfPage\":{\"@id\":\"https:\/\/daltec.ch\/product\/food-truck-sprinter#primaryimage\"},\"image\":{\"@id\":\"https:\/\/daltec.ch\/product\/food-truck-sprinter#primaryimage\"},\"thumbnailUrl\":\"https:\/\/daltec.ch\/wp-content\/uploads\/2024\/06\/Food-Truck-Sprinter.jpg\",\"datePublished\":\"2024-06-25T12:49:07+00:00\",\"dateModified\":\"2025-08-29T07:58:40+00:00\",\"breadcrumb\":{\"@id\":\"https:\/\/daltec.ch\/product\/food-truck-sprinter#breadcrumb\"},\"inLanguage\":\"de-CH\",\"potentialAction\":[{\"@type\":\"ReadAction\",\"target\":[\"https:\/\/daltec.ch\/product\/food-truck-sprinter\"]}]},{\"@type\":\"ImageObject\",\"inLanguage\":\"de-CH\",\"@id\":\"https:\/\/daltec.ch\/product\/food-truck-sprinter#primaryimage\",\"url\":\"https:\/\/daltec.ch\/wp-content\/uploads\/2024\/06\/Food-Truck-Sprinter.jpg\",\"contentUrl\":\"https:\/\/daltec.ch\/wp-content\/uploads\/2024\/06\/Food-Truck-Sprinter.jpg\",\"width\":800,\"height\":800},{\"@type\":\"BreadcrumbList\",\"@id\":\"https:\/\/daltec.ch\/product\/food-truck-sprinter#breadcrumb\",\"itemListElement\":[{\"@type\":\"ListItem\",\"position\":1,\"name\":\"Startseite\",\"item\":\"https:\/\/daltec.ch\/\"},{\"@type\":\"ListItem\",\"position\":2,\"name\":\"anhaenger\",\"item\":\"https:\/\/daltec.ch\/anhaenger\"},{\"@type\":\"ListItem\",\"position\":3,\"name\":\"Food Truck Sprinter\"}]},{\"@type\":\"WebSite\",\"@id\":\"https:\/\/daltec.ch\/fr\/#website\",\"url\":\"https:\/\/daltec.ch\/fr\/\",\"name\":\"Daltec Trailers\",\"description\":\"\",\"publisher\":{\"@id\":\"https:\/\/daltec.ch\/fr\/#organization\"},\"potentialAction\":[{\"@type\":\"SearchAction\",\"target\":{\"@type\":\"EntryPoint\",\"urlTemplate\":\"https:\/\/daltec.ch\/fr\/?s={search_term_string}\"},\"query-input\":{\"@type\":\"PropertyValueSpecification\",\"valueRequired\":true,\"valueName\":\"search_term_string\"}}],\"inLanguage\":\"de-CH\"},{\"@type\":\"Organization\",\"@id\":\"https:\/\/daltec.ch\/fr\/#organization\",\"name\":\"Daltec AG\",\"url\":\"https:\/\/daltec.ch\/fr\/\",\"logo\":{\"@type\":\"ImageObject\",\"inLanguage\":\"de-CH\",\"@id\":\"https:\/\/daltec.ch\/fr\/#\/schema\/logo\/image\/\",\"url\":\"https:\/\/daltec.ch\/wp-content\/uploads\/2025\/08\/dlteclogo.webp\",\"contentUrl\":\"https:\/\/daltec.ch\/wp-content\/uploads\/2025\/08\/dlteclogo.webp\",\"width\":500,\"height\":195,\"caption\":\"Daltec AG\"},\"image\":{\"@id\":\"https:\/\/daltec.ch\/fr\/#\/schema\/logo\/image\/\"},\"sameAs\":[\"https:\/\/www.facebook.com\/DaltecAG\"]}]}<\/script>\n<!-- \/ Yoast SEO plugin. -->","yoast_head_json":{"title":"Food Truck Sprinter - Daltec","robots":{"index":"index","follow":"follow","max-snippet":"max-snippet:-1","max-image-preview":"max-image-preview:large","max-video-preview":"max-video-preview:-1"},"canonical":"https:\/\/daltec.ch\/de\/product\/food-truck-sprinter\/","og_locale":"de_DE","og_type":"article","og_title":"Food Truck Sprinter - Daltec","og_description":"Technische Daten    L\u00e4nge 0 mm   Breite 0 mm   H\u00f6he 0 mm   Gesamtgewicht 0 kg   Nutzlast 0 kg   Achsen 0","og_url":"https:\/\/daltec.ch\/de\/product\/food-truck-sprinter\/","og_site_name":"Daltec","article_publisher":"https:\/\/www.facebook.com\/DaltecAG","article_modified_time":"2025-08-29T07:58:40+00:00","og_image":[{"width":800,"height":800,"url":"https:\/\/daltec.ch\/wp-content\/uploads\/2024\/06\/Food-Truck-Sprinter.jpg","type":"image\/jpeg"}],"twitter_card":"summary_large_image","twitter_misc":{"Gesch\u00e4tzte Lesezeit":"1\u00a0Minute"},"schema":{"@context":"https:\/\/schema.org","@graph":[{"@type":"WebPage","@id":"https:\/\/daltec.ch\/product\/food-truck-sprinter","url":"https:\/\/daltec.ch\/product\/food-truck-sprinter","name":"Food Truck Sprinter - Daltec","isPartOf":{"@id":"https:\/\/daltec.ch\/fr\/#website"},"primaryImageOfPage":{"@id":"https:\/\/daltec.ch\/product\/food-truck-sprinter#primaryimage"},"image":{"@id":"https:\/\/daltec.ch\/product\/food-truck-sprinter#primaryimage"},"thumbnailUrl":"https:\/\/daltec.ch\/wp-content\/uploads\/2024\/06\/Food-Truck-Sprinter.jpg","datePublished":"2024-06-25T12:49:07+00:00","dateModified":"2025-08-29T07:58:40+00:00","breadcrumb":{"@id":"https:\/\/daltec.ch\/product\/food-truck-sprinter#breadcrumb"},"inLanguage":"de-CH","potentialAction":[{"@type":"ReadAction","target":["https:\/\/daltec.ch\/product\/food-truck-sprinter"]}]},{"@type":"ImageObject","inLanguage":"de-CH","@id":"https:\/\/daltec.ch\/product\/food-truck-sprinter#primaryimage","url":"https:\/\/daltec.ch\/wp-content\/uploads\/2024\/06\/Food-Truck-Sprinter.jpg","contentUrl":"https:\/\/daltec.ch\/wp-content\/uploads\/2024\/06\/Food-Truck-Sprinter.jpg","width":800,"height":800},{"@type":"BreadcrumbList","@id":"https:\/\/daltec.ch\/product\/food-truck-sprinter#breadcrumb","itemListElement":[{"@type":"ListItem","position":1,"name":"Startseite","item":"https:\/\/daltec.ch\/"},{"@type":"ListItem","position":2,"name":"anhaenger","item":"https:\/\/daltec.ch\/anhaenger"},{"@type":"ListItem","position":3,"name":"Food Truck Sprinter"}]},{"@type":"WebSite","@id":"https:\/\/daltec.ch\/fr\/#website","url":"https:\/\/daltec.ch\/fr\/","name":"Daltec Trailers","description":"","publisher":{"@id":"https:\/\/daltec.ch\/fr\/#organization"},"potentialAction":[{"@type":"SearchAction","target":{"@type":"EntryPoint","urlTemplate":"https:\/\/daltec.ch\/fr\/?s={search_term_string}"},"query-input":{"@type":"PropertyValueSpecification","valueRequired":true,"valueName":"search_term_string"}}],"inLanguage":"de-CH"},{"@type":"Organization","@id":"https:\/\/daltec.ch\/fr\/#organization","name":"Daltec AG","url":"https:\/\/daltec.ch\/fr\/","logo":{"@type":"ImageObject","inLanguage":"de-CH","@id":"https:\/\/daltec.ch\/fr\/#\/schema\/logo\/image\/","url":"https:\/\/daltec.ch\/wp-content\/uploads\/2025\/08\/dlteclogo.webp","contentUrl":"https:\/\/daltec.ch\/wp-content\/uploads\/2025\/08\/dlteclogo.webp","width":500,"height":195,"caption":"Daltec AG"},"image":{"@id":"https:\/\/daltec.ch\/fr\/#\/schema\/logo\/image\/"},"sameAs":["https:\/\/www.facebook.com\/DaltecAG"]}]}},"_links":{"self":[{"href":"https:\/\/daltec.ch\/de\/wp-json\/wp\/v2\/product\/1096","targetHints":{"allow":["GET"]}}],"collection":[{"href":"https:\/\/daltec.ch\/de\/wp-json\/wp\/v2\/product"}],"about":[{"href":"https:\/\/daltec.ch\/de\/wp-json\/wp\/v2\/types\/product"}],"replies":[{"embeddable":true,"href":"https:\/\/daltec.ch\/de\/wp-json\/wp\/v2\/comments?post=1096"}],"wp:featuredmedia":[{"embeddable":true,"href":"https:\/\/daltec.ch\/de\/wp-json\/wp\/v2\/media\/1642"}],"wp:attachment":[{"href":"https:\/\/daltec.ch\/de\/wp-json\/wp\/v2\/media?parent=1096"}],"wp:term":[{"taxonomy":"product_brand","embeddable":true,"href":"https:\/\/daltec.ch\/de\/wp-json\/wp\/v2\/product_brand?post=1096"},{"taxonomy":"product_cat","embeddable":true,"href":"https:\/\/daltec.ch\/de\/wp-json\/wp\/v2\/product_cat?post=1096"},{"taxonomy":"product_tag","embeddable":true,"href":"https:\/\/daltec.ch\/de\/wp-json\/wp\/v2\/product_tag?post=1096"}],"curies":[{"name":"wp","href":"https:\/\/api.w.org\/{rel}","templated":true}]}}