{"id":1110,"date":"2025-09-18T05:55:36","date_gmt":"2025-09-18T05:55:36","guid":{"rendered":"https:\/\/demo.shrinkwaterindia.com\/?post_type=product&#038;p=1110"},"modified":"2025-09-18T09:55:34","modified_gmt":"2025-09-18T09:55:34","slug":"marktanhaenger","status":"publish","type":"product","link":"https:\/\/daltec.ch\/de\/product\/marktanhaenger","title":{"rendered":"Marktanh\u00e4nger"},"content":{"rendered":"<p>Gr\u00f6sster verf\u00fcgbarer Marktanh\u00e4nger f\u00fcr Fr\u00fcchte &#038; Gem\u00fcse<br \/>\n3 Elektronische Waagen, Stromverteilung, Beleuchtung, Wetterschutz etc.<br \/>\nGesamtl\u00e4nge: 12 Meter ausgeklappt<br \/>\nVerkaufsfl\u00e4che: 10 Meter<br \/>\nMasse geschlossen:<br \/>\n8000x1700x2050 mm<br \/>\nOffen 12000x 4500x 2050 mm<br \/>\nSehr guter Zustand.<br \/>\nPreis auf Anfrage!<br \/>\nNeupreis \u00fcber CHF 80\u2018000.-<br \/>\nMit neuen Planen und sonst auch aufgefrischt ab CHF 16\u2018800.- + MwSt<\/p>\n<h4>Serienausstattung:<\/h4>\n","protected":false},"excerpt":{"rendered":"<p>Gr\u00f6sster verf\u00fcgbarer Marktanh\u00e4nger f\u00fcr Fr\u00fcchte &#038; Gem\u00fcse 3 Elektronische Waagen, Stromverteilung, Beleuchtung, Wetterschutz etc. Gesamtl\u00e4nge: 12 Meter ausgeklappt Verkaufsfl\u00e4che: 10 Meter Masse geschlossen: 8000x1700x2050 mm Offen 12000x 4500x 2050 mm Sehr guter Zustand. Preis auf Anfrage! Neupreis \u00fcber CHF 80\u2018000.- Mit neuen Planen und sonst auch aufgefrischt ab CHF 16\u2018800.- + MwSt Serienausstattung:<\/p>\n","protected":false},"featured_media":1671,"comment_status":"open","ping_status":"closed","template":"","meta":{"_acf_changed":false},"product_brand":[],"product_cat":[37,31],"product_tag":[],"class_list":{"0":"post-1110","1":"product","2":"type-product","3":"status-publish","4":"has-post-thumbnail","6":"product_cat-occasionen-anhaenger","7":"product_cat-verkaufsfanhaenger","9":"first","10":"instock","11":"featured","12":"shipping-taxable","13":"purchasable","14":"product-type-simple"},"acf":[],"yoast_head":"<!-- This site is optimized with the Yoast SEO plugin v27.2 - https:\/\/yoast.com\/product\/yoast-seo-wordpress\/ -->\n<title>Marktanh\u00e4nger - Daltec<\/title>\n<meta name=\"robots\" content=\"index, follow, max-snippet:-1, max-image-preview:large, max-video-preview:-1\" \/>\n<link rel=\"canonical\" href=\"https:\/\/daltec.ch\/de\/product\/marktanhaenger\/\" \/>\n<meta property=\"og:locale\" content=\"de_DE\" \/>\n<meta property=\"og:type\" content=\"article\" \/>\n<meta property=\"og:title\" content=\"Marktanh\u00e4nger - Daltec\" \/>\n<meta property=\"og:description\" content=\"Gr\u00f6sster verf\u00fcgbarer Marktanh\u00e4nger f\u00fcr Fr\u00fcchte &#038; Gem\u00fcse 3 Elektronische Waagen, Stromverteilung, Beleuchtung, Wetterschutz etc. Gesamtl\u00e4nge: 12 Meter ausgeklappt Verkaufsfl\u00e4che: 10 Meter Masse geschlossen: 8000x1700x2050 mm Offen 12000x 4500x 2050 mm Sehr guter Zustand. Preis auf Anfrage! Neupreis \u00fcber CHF 80\u2018000.- Mit neuen Planen und sonst auch aufgefrischt ab CHF 16\u2018800.- + MwSt Serienausstattung:\" \/>\n<meta property=\"og:url\" content=\"https:\/\/daltec.ch\/de\/product\/marktanhaenger\/\" \/>\n<meta property=\"og:site_name\" content=\"Daltec\" \/>\n<meta property=\"article:publisher\" content=\"https:\/\/www.facebook.com\/DaltecAG\" \/>\n<meta property=\"article:modified_time\" content=\"2025-09-18T09:55:34+00:00\" \/>\n<meta property=\"og:image\" content=\"https:\/\/daltec.ch\/wp-content\/uploads\/2024\/06\/Marktanhaenger.jpg\" \/>\n\t<meta property=\"og:image:width\" content=\"800\" \/>\n\t<meta property=\"og:image:height\" content=\"800\" \/>\n\t<meta property=\"og:image:type\" content=\"image\/jpeg\" \/>\n<meta name=\"twitter:card\" content=\"summary_large_image\" \/>\n<script type=\"application\/ld+json\" class=\"yoast-schema-graph\">{\"@context\":\"https:\/\/schema.org\",\"@graph\":[{\"@type\":\"WebPage\",\"@id\":\"https:\/\/daltec.ch\/product\/marktanhaenger\",\"url\":\"https:\/\/daltec.ch\/product\/marktanhaenger\",\"name\":\"Marktanh\u00e4nger - Daltec\",\"isPartOf\":{\"@id\":\"https:\/\/daltec.ch\/fr\/#website\"},\"primaryImageOfPage\":{\"@id\":\"https:\/\/daltec.ch\/product\/marktanhaenger#primaryimage\"},\"image\":{\"@id\":\"https:\/\/daltec.ch\/product\/marktanhaenger#primaryimage\"},\"thumbnailUrl\":\"https:\/\/daltec.ch\/wp-content\/uploads\/2024\/06\/Marktanhaenger.jpg\",\"datePublished\":\"2025-09-18T05:55:36+00:00\",\"dateModified\":\"2025-09-18T09:55:34+00:00\",\"breadcrumb\":{\"@id\":\"https:\/\/daltec.ch\/product\/marktanhaenger#breadcrumb\"},\"inLanguage\":\"de-CH\",\"potentialAction\":[{\"@type\":\"ReadAction\",\"target\":[\"https:\/\/daltec.ch\/product\/marktanhaenger\"]}]},{\"@type\":\"ImageObject\",\"inLanguage\":\"de-CH\",\"@id\":\"https:\/\/daltec.ch\/product\/marktanhaenger#primaryimage\",\"url\":\"https:\/\/daltec.ch\/wp-content\/uploads\/2024\/06\/Marktanhaenger.jpg\",\"contentUrl\":\"https:\/\/daltec.ch\/wp-content\/uploads\/2024\/06\/Marktanhaenger.jpg\",\"width\":800,\"height\":800},{\"@type\":\"BreadcrumbList\",\"@id\":\"https:\/\/daltec.ch\/product\/marktanhaenger#breadcrumb\",\"itemListElement\":[{\"@type\":\"ListItem\",\"position\":1,\"name\":\"Startseite\",\"item\":\"https:\/\/daltec.ch\/\"},{\"@type\":\"ListItem\",\"position\":2,\"name\":\"anhaenger\",\"item\":\"https:\/\/daltec.ch\/anhaenger\"},{\"@type\":\"ListItem\",\"position\":3,\"name\":\"Marktanh\u00e4nger\"}]},{\"@type\":\"WebSite\",\"@id\":\"https:\/\/daltec.ch\/fr\/#website\",\"url\":\"https:\/\/daltec.ch\/fr\/\",\"name\":\"Daltec Trailers\",\"description\":\"\",\"publisher\":{\"@id\":\"https:\/\/daltec.ch\/fr\/#organization\"},\"potentialAction\":[{\"@type\":\"SearchAction\",\"target\":{\"@type\":\"EntryPoint\",\"urlTemplate\":\"https:\/\/daltec.ch\/fr\/?s={search_term_string}\"},\"query-input\":{\"@type\":\"PropertyValueSpecification\",\"valueRequired\":true,\"valueName\":\"search_term_string\"}}],\"inLanguage\":\"de-CH\"},{\"@type\":\"Organization\",\"@id\":\"https:\/\/daltec.ch\/fr\/#organization\",\"name\":\"Daltec AG\",\"url\":\"https:\/\/daltec.ch\/fr\/\",\"logo\":{\"@type\":\"ImageObject\",\"inLanguage\":\"de-CH\",\"@id\":\"https:\/\/daltec.ch\/fr\/#\/schema\/logo\/image\/\",\"url\":\"https:\/\/daltec.ch\/wp-content\/uploads\/2025\/08\/dlteclogo.webp\",\"contentUrl\":\"https:\/\/daltec.ch\/wp-content\/uploads\/2025\/08\/dlteclogo.webp\",\"width\":500,\"height\":195,\"caption\":\"Daltec AG\"},\"image\":{\"@id\":\"https:\/\/daltec.ch\/fr\/#\/schema\/logo\/image\/\"},\"sameAs\":[\"https:\/\/www.facebook.com\/DaltecAG\"]}]}<\/script>\n<!-- \/ Yoast SEO plugin. -->","yoast_head_json":{"title":"Marktanh\u00e4nger - Daltec","robots":{"index":"index","follow":"follow","max-snippet":"max-snippet:-1","max-image-preview":"max-image-preview:large","max-video-preview":"max-video-preview:-1"},"canonical":"https:\/\/daltec.ch\/de\/product\/marktanhaenger\/","og_locale":"de_DE","og_type":"article","og_title":"Marktanh\u00e4nger - Daltec","og_description":"Gr\u00f6sster verf\u00fcgbarer Marktanh\u00e4nger f\u00fcr Fr\u00fcchte &#038; Gem\u00fcse 3 Elektronische Waagen, Stromverteilung, Beleuchtung, Wetterschutz etc. Gesamtl\u00e4nge: 12 Meter ausgeklappt Verkaufsfl\u00e4che: 10 Meter Masse geschlossen: 8000x1700x2050 mm Offen 12000x 4500x 2050 mm Sehr guter Zustand. Preis auf Anfrage! Neupreis \u00fcber CHF 80\u2018000.- Mit neuen Planen und sonst auch aufgefrischt ab CHF 16\u2018800.- + MwSt Serienausstattung:","og_url":"https:\/\/daltec.ch\/de\/product\/marktanhaenger\/","og_site_name":"Daltec","article_publisher":"https:\/\/www.facebook.com\/DaltecAG","article_modified_time":"2025-09-18T09:55:34+00:00","og_image":[{"width":800,"height":800,"url":"https:\/\/daltec.ch\/wp-content\/uploads\/2024\/06\/Marktanhaenger.jpg","type":"image\/jpeg"}],"twitter_card":"summary_large_image","schema":{"@context":"https:\/\/schema.org","@graph":[{"@type":"WebPage","@id":"https:\/\/daltec.ch\/product\/marktanhaenger","url":"https:\/\/daltec.ch\/product\/marktanhaenger","name":"Marktanh\u00e4nger - Daltec","isPartOf":{"@id":"https:\/\/daltec.ch\/fr\/#website"},"primaryImageOfPage":{"@id":"https:\/\/daltec.ch\/product\/marktanhaenger#primaryimage"},"image":{"@id":"https:\/\/daltec.ch\/product\/marktanhaenger#primaryimage"},"thumbnailUrl":"https:\/\/daltec.ch\/wp-content\/uploads\/2024\/06\/Marktanhaenger.jpg","datePublished":"2025-09-18T05:55:36+00:00","dateModified":"2025-09-18T09:55:34+00:00","breadcrumb":{"@id":"https:\/\/daltec.ch\/product\/marktanhaenger#breadcrumb"},"inLanguage":"de-CH","potentialAction":[{"@type":"ReadAction","target":["https:\/\/daltec.ch\/product\/marktanhaenger"]}]},{"@type":"ImageObject","inLanguage":"de-CH","@id":"https:\/\/daltec.ch\/product\/marktanhaenger#primaryimage","url":"https:\/\/daltec.ch\/wp-content\/uploads\/2024\/06\/Marktanhaenger.jpg","contentUrl":"https:\/\/daltec.ch\/wp-content\/uploads\/2024\/06\/Marktanhaenger.jpg","width":800,"height":800},{"@type":"BreadcrumbList","@id":"https:\/\/daltec.ch\/product\/marktanhaenger#breadcrumb","itemListElement":[{"@type":"ListItem","position":1,"name":"Startseite","item":"https:\/\/daltec.ch\/"},{"@type":"ListItem","position":2,"name":"anhaenger","item":"https:\/\/daltec.ch\/anhaenger"},{"@type":"ListItem","position":3,"name":"Marktanh\u00e4nger"}]},{"@type":"WebSite","@id":"https:\/\/daltec.ch\/fr\/#website","url":"https:\/\/daltec.ch\/fr\/","name":"Daltec Trailers","description":"","publisher":{"@id":"https:\/\/daltec.ch\/fr\/#organization"},"potentialAction":[{"@type":"SearchAction","target":{"@type":"EntryPoint","urlTemplate":"https:\/\/daltec.ch\/fr\/?s={search_term_string}"},"query-input":{"@type":"PropertyValueSpecification","valueRequired":true,"valueName":"search_term_string"}}],"inLanguage":"de-CH"},{"@type":"Organization","@id":"https:\/\/daltec.ch\/fr\/#organization","name":"Daltec AG","url":"https:\/\/daltec.ch\/fr\/","logo":{"@type":"ImageObject","inLanguage":"de-CH","@id":"https:\/\/daltec.ch\/fr\/#\/schema\/logo\/image\/","url":"https:\/\/daltec.ch\/wp-content\/uploads\/2025\/08\/dlteclogo.webp","contentUrl":"https:\/\/daltec.ch\/wp-content\/uploads\/2025\/08\/dlteclogo.webp","width":500,"height":195,"caption":"Daltec AG"},"image":{"@id":"https:\/\/daltec.ch\/fr\/#\/schema\/logo\/image\/"},"sameAs":["https:\/\/www.facebook.com\/DaltecAG"]}]}},"_links":{"self":[{"href":"https:\/\/daltec.ch\/de\/wp-json\/wp\/v2\/product\/1110","targetHints":{"allow":["GET"]}}],"collection":[{"href":"https:\/\/daltec.ch\/de\/wp-json\/wp\/v2\/product"}],"about":[{"href":"https:\/\/daltec.ch\/de\/wp-json\/wp\/v2\/types\/product"}],"replies":[{"embeddable":true,"href":"https:\/\/daltec.ch\/de\/wp-json\/wp\/v2\/comments?post=1110"}],"wp:featuredmedia":[{"embeddable":true,"href":"https:\/\/daltec.ch\/de\/wp-json\/wp\/v2\/media\/1671"}],"wp:attachment":[{"href":"https:\/\/daltec.ch\/de\/wp-json\/wp\/v2\/media?parent=1110"}],"wp:term":[{"taxonomy":"product_brand","embeddable":true,"href":"https:\/\/daltec.ch\/de\/wp-json\/wp\/v2\/product_brand?post=1110"},{"taxonomy":"product_cat","embeddable":true,"href":"https:\/\/daltec.ch\/de\/wp-json\/wp\/v2\/product_cat?post=1110"},{"taxonomy":"product_tag","embeddable":true,"href":"https:\/\/daltec.ch\/de\/wp-json\/wp\/v2\/product_tag?post=1110"}],"curies":[{"name":"wp","href":"https:\/\/api.w.org\/{rel}","templated":true}]}}