{"id":1875,"date":"2024-10-21T09:12:23","date_gmt":"2024-10-21T09:12:23","guid":{"rendered":"https:\/\/demo.shrinkwaterindia.com\/?post_type=product&#038;p=1875"},"modified":"2025-06-17T17:06:51","modified_gmt":"2025-06-17T17:06:51","slug":"vz-mini-b","status":"publish","type":"product","link":"https:\/\/daltec.ch\/de\/product\/vz-mini-b","title":{"rendered":"Daltec VZ Mini B, 1340x1080x270 mm, 750 Kg"},"content":{"rendered":"<p><em><strong>Preis: Siehe Preisliste auf Startseite<\/strong><\/em><\/p>\n<p>Einachsiger, robuster Arbeitstransportsanh\u00e4nger &#8211; Mit verzinktem Fahrgestell und Alu-Seitenw\u00e4nde mit Reling. Stabile und leichtz\u00fcgige Fahrt dank dem tiefen Schwerpunkt und der grossen R\u00e4der. Diverse Optionen wie z.b eine Bordwanderh\u00f6hung stehen zur Verf\u00fcgung.<\/p>\n<p>*Die Bilder k\u00f6nnen Optionen enthalten, die nicht in der Standardversion vorkommen.<\/p>\n<p><strong>Serienausstattung:<\/strong><\/p>\n<p>Fahrgestell: Grundrahmen verschweisst, verzinkt und verschraubt, V-Anh\u00e4ngevorrichtung, Kugelkupplung, Abreissleine, Kotschutz aus Kunststoff, St\u00fctzrad H\u00f6henverstellbar Achse: Torsionsfederachse AL-KO\/Knott, Handbremse, R\u00fcckfahrautomatik Aufbau: Rahmen feuerverzinkt, Seitenw\u00e4nde Aluprofil, h\u00f6he 350mm, Rohr-Reling verzinkt, auf Seitenwand montiert Bodenplatte: Siebdruckplatte 18mm, 4 Binderinge zur Ladungssicherung Beleuchtungsanlage: Nach Normen der StVO 12V, 13 Pol-Stecker<\/p>\n","protected":false},"excerpt":{"rendered":"<h5>Preis: Siehe Preisliste auf Startseite<\/h5>\n<p>Gebremster Arbeitstransporter, sehr robust<\/p>\n<h5>Technische Daten<\/h5>\n<table class=\"table\">\n<tbody>\n<tr>\n<th>L\u00e4nge<\/th>\n<td>1340 <small>mm<\/small><\/td>\n<\/tr>\n<tr>\n<th>Breite<\/th>\n<td>1080 <small>mm<\/small><\/td>\n<\/tr>\n<tr>\n<th>H\u00f6he<\/th>\n<td>270 <small>mm<\/small><\/td>\n<\/tr>\n<tr>\n<th>Achsen<\/th>\n<td>1 <small><\/small><\/td>\n<\/tr>\n<tr>\n<th>Gesamtgewicht<\/th>\n<td>750 <small>kg<\/small><\/td>\n<\/tr>\n<tr>\n<th>Nutzlast<\/th>\n<td>625 <small>kg<\/small><\/td>\n<\/tr>\n<tr>\n<th>R\u00e4der<\/th>\n<td>165\/70 R 13 <small><\/small><\/td>\n<\/tr>\n<\/tbody>\n<\/table>\n<h6>Optionen<\/h6>\n<table>\n<tbody>\n<tr>\n<td>Bordwanderh\u00f6hung (Preis ab.)<\/td>\n<td>820 CHF<\/td>\n<\/tr>\n<tr>\n<td>Flachplane mit Gummizug<br \/>\n<strong>F\u00fcr VZ 18<\/strong><\/td>\n<td>260 CHF<\/td>\n<\/tr>\n<tr>\n<td>Plane hoch (H. 1350 mm)<br \/>\n<strong>F\u00fcr VZ 18<\/strong><\/td>\n<td>590 CHF<\/td>\n<\/tr>\n<tr>\n<td>St\u00fctzfuss mit Halter (Paar)<\/td>\n<td>100 CHF<\/td>\n<\/tr>\n<\/tbody>\n<\/table>\n","protected":false},"featured_media":1120,"comment_status":"open","ping_status":"closed","template":"","meta":{"_acf_changed":false},"product_brand":[],"product_cat":[15],"product_tag":[],"class_list":{"0":"post-1875","1":"product","2":"type-product","3":"status-publish","4":"has-post-thumbnail","6":"product_cat-tieflader-anhaenger","8":"first","9":"instock","10":"featured","11":"shipping-taxable","12":"purchasable","13":"product-type-simple"},"acf":[],"yoast_head":"<!-- This site is optimized with the Yoast SEO plugin v27.4 - https:\/\/yoast.com\/product\/yoast-seo-wordpress\/ -->\n<title>Daltec VZ Mini B, 1340x1080x270 mm, 750 Kg - Daltec<\/title>\n<meta name=\"robots\" content=\"index, follow, max-snippet:-1, max-image-preview:large, max-video-preview:-1\" \/>\n<link rel=\"canonical\" href=\"https:\/\/daltec.ch\/de\/product\/vz-mini-b\/\" \/>\n<meta property=\"og:locale\" content=\"de_DE\" \/>\n<meta property=\"og:type\" content=\"article\" \/>\n<meta property=\"og:title\" content=\"Daltec VZ Mini B, 1340x1080x270 mm, 750 Kg - Daltec\" \/>\n<meta property=\"og:description\" content=\"Preis: Siehe Preisliste auf Startseite Gebremster Arbeitstransporter, sehr robust Technische Daten    L\u00e4nge 1340 mm   Breite 1080 mm   H\u00f6he 270 mm   Achsen 1    Gesamtgewicht 750 kg   Nutzlast 625 kg   R\u00e4der 165\/70 R 13     Optionen    Bordwanderh\u00f6hung (Preis ab.) 820 CHF   Flachplane mit Gummizug F\u00fcr VZ 18 260 CHF   Plane hoch (H. 1350 mm) F\u00fcr VZ 18 590 CHF   St\u00fctzfuss mit Halter (Paar) 100 CHF\" \/>\n<meta property=\"og:url\" content=\"https:\/\/daltec.ch\/de\/product\/vz-mini-b\/\" \/>\n<meta property=\"og:site_name\" content=\"Daltec\" \/>\n<meta property=\"article:publisher\" content=\"https:\/\/www.facebook.com\/DaltecAG\" \/>\n<meta property=\"article:modified_time\" content=\"2025-06-17T17:06:51+00:00\" \/>\n<meta property=\"og:image\" content=\"https:\/\/daltec.ch\/wp-content\/uploads\/2024\/06\/vz_18_bar_1.jpg\" \/>\n\t<meta property=\"og:image:width\" content=\"1000\" \/>\n\t<meta property=\"og:image:height\" content=\"1000\" \/>\n\t<meta property=\"og:image:type\" content=\"image\/jpeg\" \/>\n<meta name=\"twitter:card\" content=\"summary_large_image\" \/>\n<meta name=\"twitter:label1\" content=\"Gesch\u00e4tzte Lesezeit\" \/>\n\t<meta name=\"twitter:data1\" content=\"1\u00a0Minute\" \/>\n<script type=\"application\/ld+json\" class=\"yoast-schema-graph\">{\"@context\":\"https:\\\/\\\/schema.org\",\"@graph\":[{\"@type\":\"WebPage\",\"@id\":\"https:\\\/\\\/daltec.ch\\\/product\\\/vz-mini-b\",\"url\":\"https:\\\/\\\/daltec.ch\\\/product\\\/vz-mini-b\",\"name\":\"Daltec VZ Mini B, 1340x1080x270 mm, 750 Kg - Daltec\",\"isPartOf\":{\"@id\":\"https:\\\/\\\/daltec.ch\\\/fr\\\/#website\"},\"primaryImageOfPage\":{\"@id\":\"https:\\\/\\\/daltec.ch\\\/product\\\/vz-mini-b#primaryimage\"},\"image\":{\"@id\":\"https:\\\/\\\/daltec.ch\\\/product\\\/vz-mini-b#primaryimage\"},\"thumbnailUrl\":\"https:\\\/\\\/daltec.ch\\\/wp-content\\\/uploads\\\/2024\\\/06\\\/vz_18_bar_1.jpg\",\"datePublished\":\"2024-10-21T09:12:23+00:00\",\"dateModified\":\"2025-06-17T17:06:51+00:00\",\"breadcrumb\":{\"@id\":\"https:\\\/\\\/daltec.ch\\\/product\\\/vz-mini-b#breadcrumb\"},\"inLanguage\":\"de-CH\",\"potentialAction\":[{\"@type\":\"ReadAction\",\"target\":[\"https:\\\/\\\/daltec.ch\\\/product\\\/vz-mini-b\"]}]},{\"@type\":\"ImageObject\",\"inLanguage\":\"de-CH\",\"@id\":\"https:\\\/\\\/daltec.ch\\\/product\\\/vz-mini-b#primaryimage\",\"url\":\"https:\\\/\\\/daltec.ch\\\/wp-content\\\/uploads\\\/2024\\\/06\\\/vz_18_bar_1.jpg\",\"contentUrl\":\"https:\\\/\\\/daltec.ch\\\/wp-content\\\/uploads\\\/2024\\\/06\\\/vz_18_bar_1.jpg\",\"width\":1000,\"height\":1000},{\"@type\":\"BreadcrumbList\",\"@id\":\"https:\\\/\\\/daltec.ch\\\/product\\\/vz-mini-b#breadcrumb\",\"itemListElement\":[{\"@type\":\"ListItem\",\"position\":1,\"name\":\"Startseite\",\"item\":\"https:\\\/\\\/daltec.ch\\\/\"},{\"@type\":\"ListItem\",\"position\":2,\"name\":\"anhaenger\",\"item\":\"https:\\\/\\\/daltec.ch\\\/anhaenger\"},{\"@type\":\"ListItem\",\"position\":3,\"name\":\"Daltec VZ Mini B, 1340x1080x270 mm, 750 Kg\"}]},{\"@type\":\"WebSite\",\"@id\":\"https:\\\/\\\/daltec.ch\\\/fr\\\/#website\",\"url\":\"https:\\\/\\\/daltec.ch\\\/fr\\\/\",\"name\":\"Daltec Trailers\",\"description\":\"\",\"publisher\":{\"@id\":\"https:\\\/\\\/daltec.ch\\\/fr\\\/#organization\"},\"potentialAction\":[{\"@type\":\"SearchAction\",\"target\":{\"@type\":\"EntryPoint\",\"urlTemplate\":\"https:\\\/\\\/daltec.ch\\\/fr\\\/?s={search_term_string}\"},\"query-input\":{\"@type\":\"PropertyValueSpecification\",\"valueRequired\":true,\"valueName\":\"search_term_string\"}}],\"inLanguage\":\"de-CH\"},{\"@type\":\"Organization\",\"@id\":\"https:\\\/\\\/daltec.ch\\\/fr\\\/#organization\",\"name\":\"Daltec AG\",\"url\":\"https:\\\/\\\/daltec.ch\\\/fr\\\/\",\"logo\":{\"@type\":\"ImageObject\",\"inLanguage\":\"de-CH\",\"@id\":\"https:\\\/\\\/daltec.ch\\\/fr\\\/#\\\/schema\\\/logo\\\/image\\\/\",\"url\":\"https:\\\/\\\/daltec.ch\\\/wp-content\\\/uploads\\\/2025\\\/08\\\/dlteclogo.webp\",\"contentUrl\":\"https:\\\/\\\/daltec.ch\\\/wp-content\\\/uploads\\\/2025\\\/08\\\/dlteclogo.webp\",\"width\":500,\"height\":195,\"caption\":\"Daltec AG\"},\"image\":{\"@id\":\"https:\\\/\\\/daltec.ch\\\/fr\\\/#\\\/schema\\\/logo\\\/image\\\/\"},\"sameAs\":[\"https:\\\/\\\/www.facebook.com\\\/DaltecAG\"]}]}<\/script>\n<!-- \/ Yoast SEO plugin. -->","yoast_head_json":{"title":"Daltec VZ Mini B, 1340x1080x270 mm, 750 Kg - Daltec","robots":{"index":"index","follow":"follow","max-snippet":"max-snippet:-1","max-image-preview":"max-image-preview:large","max-video-preview":"max-video-preview:-1"},"canonical":"https:\/\/daltec.ch\/de\/product\/vz-mini-b\/","og_locale":"de_DE","og_type":"article","og_title":"Daltec VZ Mini B, 1340x1080x270 mm, 750 Kg - Daltec","og_description":"Preis: Siehe Preisliste auf Startseite Gebremster Arbeitstransporter, sehr robust Technische Daten    L\u00e4nge 1340 mm   Breite 1080 mm   H\u00f6he 270 mm   Achsen 1    Gesamtgewicht 750 kg   Nutzlast 625 kg   R\u00e4der 165\/70 R 13     Optionen    Bordwanderh\u00f6hung (Preis ab.) 820 CHF   Flachplane mit Gummizug F\u00fcr VZ 18 260 CHF   Plane hoch (H. 1350 mm) F\u00fcr VZ 18 590 CHF   St\u00fctzfuss mit Halter (Paar) 100 CHF","og_url":"https:\/\/daltec.ch\/de\/product\/vz-mini-b\/","og_site_name":"Daltec","article_publisher":"https:\/\/www.facebook.com\/DaltecAG","article_modified_time":"2025-06-17T17:06:51+00:00","og_image":[{"width":1000,"height":1000,"url":"https:\/\/daltec.ch\/wp-content\/uploads\/2024\/06\/vz_18_bar_1.jpg","type":"image\/jpeg"}],"twitter_card":"summary_large_image","twitter_misc":{"Gesch\u00e4tzte Lesezeit":"1\u00a0Minute"},"schema":{"@context":"https:\/\/schema.org","@graph":[{"@type":"WebPage","@id":"https:\/\/daltec.ch\/product\/vz-mini-b","url":"https:\/\/daltec.ch\/product\/vz-mini-b","name":"Daltec VZ Mini B, 1340x1080x270 mm, 750 Kg - Daltec","isPartOf":{"@id":"https:\/\/daltec.ch\/fr\/#website"},"primaryImageOfPage":{"@id":"https:\/\/daltec.ch\/product\/vz-mini-b#primaryimage"},"image":{"@id":"https:\/\/daltec.ch\/product\/vz-mini-b#primaryimage"},"thumbnailUrl":"https:\/\/daltec.ch\/wp-content\/uploads\/2024\/06\/vz_18_bar_1.jpg","datePublished":"2024-10-21T09:12:23+00:00","dateModified":"2025-06-17T17:06:51+00:00","breadcrumb":{"@id":"https:\/\/daltec.ch\/product\/vz-mini-b#breadcrumb"},"inLanguage":"de-CH","potentialAction":[{"@type":"ReadAction","target":["https:\/\/daltec.ch\/product\/vz-mini-b"]}]},{"@type":"ImageObject","inLanguage":"de-CH","@id":"https:\/\/daltec.ch\/product\/vz-mini-b#primaryimage","url":"https:\/\/daltec.ch\/wp-content\/uploads\/2024\/06\/vz_18_bar_1.jpg","contentUrl":"https:\/\/daltec.ch\/wp-content\/uploads\/2024\/06\/vz_18_bar_1.jpg","width":1000,"height":1000},{"@type":"BreadcrumbList","@id":"https:\/\/daltec.ch\/product\/vz-mini-b#breadcrumb","itemListElement":[{"@type":"ListItem","position":1,"name":"Startseite","item":"https:\/\/daltec.ch\/"},{"@type":"ListItem","position":2,"name":"anhaenger","item":"https:\/\/daltec.ch\/anhaenger"},{"@type":"ListItem","position":3,"name":"Daltec VZ Mini B, 1340x1080x270 mm, 750 Kg"}]},{"@type":"WebSite","@id":"https:\/\/daltec.ch\/fr\/#website","url":"https:\/\/daltec.ch\/fr\/","name":"Daltec Trailers","description":"","publisher":{"@id":"https:\/\/daltec.ch\/fr\/#organization"},"potentialAction":[{"@type":"SearchAction","target":{"@type":"EntryPoint","urlTemplate":"https:\/\/daltec.ch\/fr\/?s={search_term_string}"},"query-input":{"@type":"PropertyValueSpecification","valueRequired":true,"valueName":"search_term_string"}}],"inLanguage":"de-CH"},{"@type":"Organization","@id":"https:\/\/daltec.ch\/fr\/#organization","name":"Daltec AG","url":"https:\/\/daltec.ch\/fr\/","logo":{"@type":"ImageObject","inLanguage":"de-CH","@id":"https:\/\/daltec.ch\/fr\/#\/schema\/logo\/image\/","url":"https:\/\/daltec.ch\/wp-content\/uploads\/2025\/08\/dlteclogo.webp","contentUrl":"https:\/\/daltec.ch\/wp-content\/uploads\/2025\/08\/dlteclogo.webp","width":500,"height":195,"caption":"Daltec AG"},"image":{"@id":"https:\/\/daltec.ch\/fr\/#\/schema\/logo\/image\/"},"sameAs":["https:\/\/www.facebook.com\/DaltecAG"]}]}},"_links":{"self":[{"href":"https:\/\/daltec.ch\/de\/wp-json\/wp\/v2\/product\/1875","targetHints":{"allow":["GET"]}}],"collection":[{"href":"https:\/\/daltec.ch\/de\/wp-json\/wp\/v2\/product"}],"about":[{"href":"https:\/\/daltec.ch\/de\/wp-json\/wp\/v2\/types\/product"}],"replies":[{"embeddable":true,"href":"https:\/\/daltec.ch\/de\/wp-json\/wp\/v2\/comments?post=1875"}],"wp:featuredmedia":[{"embeddable":true,"href":"https:\/\/daltec.ch\/de\/wp-json\/wp\/v2\/media\/1120"}],"wp:attachment":[{"href":"https:\/\/daltec.ch\/de\/wp-json\/wp\/v2\/media?parent=1875"}],"wp:term":[{"taxonomy":"product_brand","embeddable":true,"href":"https:\/\/daltec.ch\/de\/wp-json\/wp\/v2\/product_brand?post=1875"},{"taxonomy":"product_cat","embeddable":true,"href":"https:\/\/daltec.ch\/de\/wp-json\/wp\/v2\/product_cat?post=1875"},{"taxonomy":"product_tag","embeddable":true,"href":"https:\/\/daltec.ch\/de\/wp-json\/wp\/v2\/product_tag?post=1875"}],"curies":[{"name":"wp","href":"https:\/\/api.w.org\/{rel}","templated":true}]}}