{"id":1876,"date":"2024-10-21T09:18:12","date_gmt":"2024-10-21T09:18:12","guid":{"rendered":"https:\/\/demo.shrinkwaterindia.com\/?post_type=product&#038;p=1876"},"modified":"2025-06-17T17:04:36","modified_gmt":"2025-06-17T17:04:36","slug":"vz-20-ft","status":"publish","type":"product","link":"https:\/\/daltec.ch\/de\/product\/vz-20-ft","title":{"rendered":"Daltect VZ 20 FT (Deckel), 2010x1080x330 mm, 850 Kg"},"content":{"rendered":"<p><em><strong>Preis: Siehe Preisliste auf Startseite<\/strong><\/em><\/p>\n<p>Klassischer Autoanh\u00e4nger f\u00fcr leichte Ladungen. Ausgestattet mit Bremsen f\u00fcr eine h\u00f6here Sicherheit, eine problemlose Fahrt im Gebirge und einen langfristigien Schutz f\u00fcr das Zugfahrzeug. Die Blechw\u00e4nde und die einfache, robuste Bauweise garantieren eine lange Lebensdauer. Fahrstabile und leichtz\u00fcgige Fahrt dank dem tiefen Schwerpunkt. Verschiedene Optionen, wie eine flache oder hohe Plane sind verf\u00fcgbar.-<\/p>\n<p>*Die Bilder k\u00f6nnen Optionen enthalten, die nicht in der Standardversion vorkommen<\/p>\n<p><strong>Serienausstattung:<\/strong><\/p>\n<p>Fahrgestell: Grundrahmen verschweisst, verzinkt und verschraubt, V-Anh\u00e4ngevorrichtung, Kugelkupplung, Abreissleine, Kotschutz aus Kunststoff, St\u00fctzrad h\u00f6henverstellbar Achse: Torsionsfederachse AL-KO\/Knott, Handbremse, R\u00fcckfahrautomatik Aufbau: Bordw\u00e4nde aus Blech, feuerverzinkt, H\u00f6he 400 mm Bodenplatte: Siebdruckplatte 15 mm, 4 Binderinge zur Ladungssicherung Beleuchtungsanlage: Nach Normen der StVO; 12V, 13 Pol-Stecker<\/p>\n","protected":false},"excerpt":{"rendered":"<h5>Preis: Siehe Preisliste auf Startseite<\/h5>\n<p>Gebremster Gep\u00e4cktransporter f\u00fcr Privatpersonen &#8211; Preisg\u00fcnstig<\/p>\n<h5>Technische Daten<\/h5>\n<table class=\"table\">\n<tbody>\n<tr>\n<th>L\u00e4nge<\/th>\n<td>2010 <small>mm<\/small><\/td>\n<\/tr>\n<tr>\n<th>Breite<\/th>\n<td>1080 <small>mm<\/small><\/td>\n<\/tr>\n<tr>\n<th>H\u00f6he<\/th>\n<td>330 <small>mm<\/small><\/td>\n<\/tr>\n<tr>\n<th>Achsen<\/th>\n<td>1 <small><\/small><\/td>\n<\/tr>\n<tr>\n<th>Gesamtgewicht<\/th>\n<td>850 <small>kg<\/small><\/td>\n<\/tr>\n<tr>\n<th>Nutzlast<\/th>\n<td><small><span style=\"font-size: 16px;\">607 <\/span>kg<\/small><\/td>\n<\/tr>\n<tr>\n<th>R\u00e4der<\/th>\n<td>165\/70 R 13 <small><\/small><\/td>\n<\/tr>\n<\/tbody>\n<\/table>\n<h6>Optionen<\/h6>\n<table>\n<tbody>\n<tr>\n<td>Bordwanderh\u00f6hung 400 mm<\/td>\n<td>380 CHF<\/td>\n<\/tr>\n<tr>\n<td>Flachplane mit Gummizug<br \/>\n<strong>F\u00fcr VZ 18<\/strong><\/td>\n<td>260 CHF<\/td>\n<\/tr>\n<tr>\n<td>Plane hoch (H. 1350 mm)<br \/>\n<strong>F\u00fcr VZ 18<\/strong><\/td>\n<td>590 CHF<\/td>\n<\/tr>\n<tr>\n<td>St\u00fctzfuss mit Halter (Paar)<\/td>\n<td>100 CHF<\/td>\n<\/tr>\n<\/tbody>\n<\/table>\n","protected":false},"featured_media":1442,"comment_status":"open","ping_status":"closed","template":"","meta":{"_acf_changed":false},"product_brand":[],"product_cat":[15],"product_tag":[],"class_list":{"0":"post-1876","1":"product","2":"type-product","3":"status-publish","4":"has-post-thumbnail","6":"product_cat-tieflader-anhaenger","8":"first","9":"instock","10":"featured","11":"shipping-taxable","12":"purchasable","13":"product-type-simple"},"acf":[],"yoast_head":"<!-- This site is optimized with the Yoast SEO plugin v27.2 - https:\/\/yoast.com\/product\/yoast-seo-wordpress\/ -->\n<title>Daltect VZ 20 FT (Deckel), 2010x1080x330 mm, 850 Kg - Daltec<\/title>\n<meta name=\"robots\" content=\"index, follow, max-snippet:-1, max-image-preview:large, max-video-preview:-1\" \/>\n<link rel=\"canonical\" href=\"https:\/\/daltec.ch\/de\/product\/vz-20-ft\/\" \/>\n<meta property=\"og:locale\" content=\"de_DE\" \/>\n<meta property=\"og:type\" content=\"article\" \/>\n<meta property=\"og:title\" content=\"Daltect VZ 20 FT (Deckel), 2010x1080x330 mm, 850 Kg - Daltec\" \/>\n<meta property=\"og:description\" content=\"Preis: Siehe Preisliste auf Startseite Gebremster Gep\u00e4cktransporter f\u00fcr Privatpersonen - Preisg\u00fcnstig Technische Daten    L\u00e4nge 2010 mm   Breite 1080 mm   H\u00f6he 330 mm   Achsen 1    Gesamtgewicht 850 kg   Nutzlast 607 kg   R\u00e4der 165\/70 R 13     Optionen    Bordwanderh\u00f6hung 400 mm 380 CHF   Flachplane mit Gummizug F\u00fcr VZ 18 260 CHF   Plane hoch (H. 1350 mm) F\u00fcr VZ 18 590 CHF   St\u00fctzfuss mit Halter (Paar) 100 CHF\" \/>\n<meta property=\"og:url\" content=\"https:\/\/daltec.ch\/de\/product\/vz-20-ft\/\" \/>\n<meta property=\"og:site_name\" content=\"Daltec\" \/>\n<meta property=\"article:publisher\" content=\"https:\/\/www.facebook.com\/DaltecAG\" \/>\n<meta property=\"article:modified_time\" content=\"2025-06-17T17:04:36+00:00\" \/>\n<meta property=\"og:image\" content=\"https:\/\/daltec.ch\/wp-content\/uploads\/2024\/06\/vz_18_econo_b_1-1.jpg\" \/>\n\t<meta property=\"og:image:width\" content=\"1000\" \/>\n\t<meta property=\"og:image:height\" content=\"1000\" \/>\n\t<meta property=\"og:image:type\" content=\"image\/jpeg\" \/>\n<meta name=\"twitter:card\" content=\"summary_large_image\" \/>\n<meta name=\"twitter:label1\" content=\"Gesch\u00e4tzte Lesezeit\" \/>\n\t<meta name=\"twitter:data1\" content=\"1\u00a0Minute\" \/>\n<script type=\"application\/ld+json\" class=\"yoast-schema-graph\">{\"@context\":\"https:\/\/schema.org\",\"@graph\":[{\"@type\":\"WebPage\",\"@id\":\"https:\/\/daltec.ch\/product\/vz-20-ft\",\"url\":\"https:\/\/daltec.ch\/product\/vz-20-ft\",\"name\":\"Daltect VZ 20 FT (Deckel), 2010x1080x330 mm, 850 Kg - Daltec\",\"isPartOf\":{\"@id\":\"https:\/\/daltec.ch\/fr\/#website\"},\"primaryImageOfPage\":{\"@id\":\"https:\/\/daltec.ch\/product\/vz-20-ft#primaryimage\"},\"image\":{\"@id\":\"https:\/\/daltec.ch\/product\/vz-20-ft#primaryimage\"},\"thumbnailUrl\":\"https:\/\/daltec.ch\/wp-content\/uploads\/2024\/06\/vz_18_econo_b_1-1.jpg\",\"datePublished\":\"2024-10-21T09:18:12+00:00\",\"dateModified\":\"2025-06-17T17:04:36+00:00\",\"breadcrumb\":{\"@id\":\"https:\/\/daltec.ch\/product\/vz-20-ft#breadcrumb\"},\"inLanguage\":\"de-CH\",\"potentialAction\":[{\"@type\":\"ReadAction\",\"target\":[\"https:\/\/daltec.ch\/product\/vz-20-ft\"]}]},{\"@type\":\"ImageObject\",\"inLanguage\":\"de-CH\",\"@id\":\"https:\/\/daltec.ch\/product\/vz-20-ft#primaryimage\",\"url\":\"https:\/\/daltec.ch\/wp-content\/uploads\/2024\/06\/vz_18_econo_b_1-1.jpg\",\"contentUrl\":\"https:\/\/daltec.ch\/wp-content\/uploads\/2024\/06\/vz_18_econo_b_1-1.jpg\",\"width\":1000,\"height\":1000},{\"@type\":\"BreadcrumbList\",\"@id\":\"https:\/\/daltec.ch\/product\/vz-20-ft#breadcrumb\",\"itemListElement\":[{\"@type\":\"ListItem\",\"position\":1,\"name\":\"Startseite\",\"item\":\"https:\/\/daltec.ch\/\"},{\"@type\":\"ListItem\",\"position\":2,\"name\":\"anhaenger\",\"item\":\"https:\/\/daltec.ch\/anhaenger\"},{\"@type\":\"ListItem\",\"position\":3,\"name\":\"Daltect VZ 20 FT (Deckel), 2010x1080x330 mm, 850 Kg\"}]},{\"@type\":\"WebSite\",\"@id\":\"https:\/\/daltec.ch\/fr\/#website\",\"url\":\"https:\/\/daltec.ch\/fr\/\",\"name\":\"Daltec Trailers\",\"description\":\"\",\"publisher\":{\"@id\":\"https:\/\/daltec.ch\/fr\/#organization\"},\"potentialAction\":[{\"@type\":\"SearchAction\",\"target\":{\"@type\":\"EntryPoint\",\"urlTemplate\":\"https:\/\/daltec.ch\/fr\/?s={search_term_string}\"},\"query-input\":{\"@type\":\"PropertyValueSpecification\",\"valueRequired\":true,\"valueName\":\"search_term_string\"}}],\"inLanguage\":\"de-CH\"},{\"@type\":\"Organization\",\"@id\":\"https:\/\/daltec.ch\/fr\/#organization\",\"name\":\"Daltec AG\",\"url\":\"https:\/\/daltec.ch\/fr\/\",\"logo\":{\"@type\":\"ImageObject\",\"inLanguage\":\"de-CH\",\"@id\":\"https:\/\/daltec.ch\/fr\/#\/schema\/logo\/image\/\",\"url\":\"https:\/\/daltec.ch\/wp-content\/uploads\/2025\/08\/dlteclogo.webp\",\"contentUrl\":\"https:\/\/daltec.ch\/wp-content\/uploads\/2025\/08\/dlteclogo.webp\",\"width\":500,\"height\":195,\"caption\":\"Daltec AG\"},\"image\":{\"@id\":\"https:\/\/daltec.ch\/fr\/#\/schema\/logo\/image\/\"},\"sameAs\":[\"https:\/\/www.facebook.com\/DaltecAG\"]}]}<\/script>\n<!-- \/ Yoast SEO plugin. -->","yoast_head_json":{"title":"Daltect VZ 20 FT (Deckel), 2010x1080x330 mm, 850 Kg - Daltec","robots":{"index":"index","follow":"follow","max-snippet":"max-snippet:-1","max-image-preview":"max-image-preview:large","max-video-preview":"max-video-preview:-1"},"canonical":"https:\/\/daltec.ch\/de\/product\/vz-20-ft\/","og_locale":"de_DE","og_type":"article","og_title":"Daltect VZ 20 FT (Deckel), 2010x1080x330 mm, 850 Kg - Daltec","og_description":"Preis: Siehe Preisliste auf Startseite Gebremster Gep\u00e4cktransporter f\u00fcr Privatpersonen - Preisg\u00fcnstig Technische Daten    L\u00e4nge 2010 mm   Breite 1080 mm   H\u00f6he 330 mm   Achsen 1    Gesamtgewicht 850 kg   Nutzlast 607 kg   R\u00e4der 165\/70 R 13     Optionen    Bordwanderh\u00f6hung 400 mm 380 CHF   Flachplane mit Gummizug F\u00fcr VZ 18 260 CHF   Plane hoch (H. 1350 mm) F\u00fcr VZ 18 590 CHF   St\u00fctzfuss mit Halter (Paar) 100 CHF","og_url":"https:\/\/daltec.ch\/de\/product\/vz-20-ft\/","og_site_name":"Daltec","article_publisher":"https:\/\/www.facebook.com\/DaltecAG","article_modified_time":"2025-06-17T17:04:36+00:00","og_image":[{"width":1000,"height":1000,"url":"https:\/\/daltec.ch\/wp-content\/uploads\/2024\/06\/vz_18_econo_b_1-1.jpg","type":"image\/jpeg"}],"twitter_card":"summary_large_image","twitter_misc":{"Gesch\u00e4tzte Lesezeit":"1\u00a0Minute"},"schema":{"@context":"https:\/\/schema.org","@graph":[{"@type":"WebPage","@id":"https:\/\/daltec.ch\/product\/vz-20-ft","url":"https:\/\/daltec.ch\/product\/vz-20-ft","name":"Daltect VZ 20 FT (Deckel), 2010x1080x330 mm, 850 Kg - Daltec","isPartOf":{"@id":"https:\/\/daltec.ch\/fr\/#website"},"primaryImageOfPage":{"@id":"https:\/\/daltec.ch\/product\/vz-20-ft#primaryimage"},"image":{"@id":"https:\/\/daltec.ch\/product\/vz-20-ft#primaryimage"},"thumbnailUrl":"https:\/\/daltec.ch\/wp-content\/uploads\/2024\/06\/vz_18_econo_b_1-1.jpg","datePublished":"2024-10-21T09:18:12+00:00","dateModified":"2025-06-17T17:04:36+00:00","breadcrumb":{"@id":"https:\/\/daltec.ch\/product\/vz-20-ft#breadcrumb"},"inLanguage":"de-CH","potentialAction":[{"@type":"ReadAction","target":["https:\/\/daltec.ch\/product\/vz-20-ft"]}]},{"@type":"ImageObject","inLanguage":"de-CH","@id":"https:\/\/daltec.ch\/product\/vz-20-ft#primaryimage","url":"https:\/\/daltec.ch\/wp-content\/uploads\/2024\/06\/vz_18_econo_b_1-1.jpg","contentUrl":"https:\/\/daltec.ch\/wp-content\/uploads\/2024\/06\/vz_18_econo_b_1-1.jpg","width":1000,"height":1000},{"@type":"BreadcrumbList","@id":"https:\/\/daltec.ch\/product\/vz-20-ft#breadcrumb","itemListElement":[{"@type":"ListItem","position":1,"name":"Startseite","item":"https:\/\/daltec.ch\/"},{"@type":"ListItem","position":2,"name":"anhaenger","item":"https:\/\/daltec.ch\/anhaenger"},{"@type":"ListItem","position":3,"name":"Daltect VZ 20 FT (Deckel), 2010x1080x330 mm, 850 Kg"}]},{"@type":"WebSite","@id":"https:\/\/daltec.ch\/fr\/#website","url":"https:\/\/daltec.ch\/fr\/","name":"Daltec Trailers","description":"","publisher":{"@id":"https:\/\/daltec.ch\/fr\/#organization"},"potentialAction":[{"@type":"SearchAction","target":{"@type":"EntryPoint","urlTemplate":"https:\/\/daltec.ch\/fr\/?s={search_term_string}"},"query-input":{"@type":"PropertyValueSpecification","valueRequired":true,"valueName":"search_term_string"}}],"inLanguage":"de-CH"},{"@type":"Organization","@id":"https:\/\/daltec.ch\/fr\/#organization","name":"Daltec AG","url":"https:\/\/daltec.ch\/fr\/","logo":{"@type":"ImageObject","inLanguage":"de-CH","@id":"https:\/\/daltec.ch\/fr\/#\/schema\/logo\/image\/","url":"https:\/\/daltec.ch\/wp-content\/uploads\/2025\/08\/dlteclogo.webp","contentUrl":"https:\/\/daltec.ch\/wp-content\/uploads\/2025\/08\/dlteclogo.webp","width":500,"height":195,"caption":"Daltec AG"},"image":{"@id":"https:\/\/daltec.ch\/fr\/#\/schema\/logo\/image\/"},"sameAs":["https:\/\/www.facebook.com\/DaltecAG"]}]}},"_links":{"self":[{"href":"https:\/\/daltec.ch\/de\/wp-json\/wp\/v2\/product\/1876","targetHints":{"allow":["GET"]}}],"collection":[{"href":"https:\/\/daltec.ch\/de\/wp-json\/wp\/v2\/product"}],"about":[{"href":"https:\/\/daltec.ch\/de\/wp-json\/wp\/v2\/types\/product"}],"replies":[{"embeddable":true,"href":"https:\/\/daltec.ch\/de\/wp-json\/wp\/v2\/comments?post=1876"}],"wp:featuredmedia":[{"embeddable":true,"href":"https:\/\/daltec.ch\/de\/wp-json\/wp\/v2\/media\/1442"}],"wp:attachment":[{"href":"https:\/\/daltec.ch\/de\/wp-json\/wp\/v2\/media?parent=1876"}],"wp:term":[{"taxonomy":"product_brand","embeddable":true,"href":"https:\/\/daltec.ch\/de\/wp-json\/wp\/v2\/product_brand?post=1876"},{"taxonomy":"product_cat","embeddable":true,"href":"https:\/\/daltec.ch\/de\/wp-json\/wp\/v2\/product_cat?post=1876"},{"taxonomy":"product_tag","embeddable":true,"href":"https:\/\/daltec.ch\/de\/wp-json\/wp\/v2\/product_tag?post=1876"}],"curies":[{"name":"wp","href":"https:\/\/api.w.org\/{rel}","templated":true}]}}