{"id":1881,"date":"2024-10-22T09:54:16","date_gmt":"2024-10-22T09:54:16","guid":{"rendered":"https:\/\/demo.shrinkwaterindia.com\/?post_type=product&#038;p=1881"},"modified":"2025-12-09T12:41:38","modified_gmt":"2025-12-09T12:41:38","slug":"cargo-13-alu-sh","status":"publish","type":"product","link":"https:\/\/daltec.ch\/de\/product\/cargo-13-alu-sh","title":{"rendered":"Daltec Cargo 13 Alu SH, 3010x1530x350 mm, 1300 Kg"},"content":{"rendered":"<p><em><strong>Preis: Siehe Preisliste auf Startseite<\/strong><\/em><\/p>\n<p>Vielseitig Einsetzbar!<br \/>\nRobuste Rahmenkonstruktion und vollwertiges Fahrgestell f\u00fcr Stabilit\u00e4t und Haltbarkeit. Die Alu-Bordw\u00e4nde sind 4-Seitig klappbar und abnehmbar f\u00fcr ein leichteres Be- und Entladen oder f\u00fcr die Verw\u00e4ndung des Anh\u00e4ngers als Plateau. Ausgestattet mit au\u00dfenliegende starke Spann- und Aufbauverschl\u00fcsse, rutschhemmende, wasserfeste und widerstandsf\u00e4hige Bodenplatte sowie mit einem Baukasten-Stecksystem f\u00fcr eine effiziente Aufbaum\u00f6glichkeit des Zubeh\u00f6rs. Diverse Optionen stehen zur Verf\u00fcgung.<\/p>\n<h4>Serienausstattung:<\/h4>\n<p>Fahrgestell: Grundrahmen verschweisst, verzinkt und verschraubt V-Anh\u00e4ngevorrichtung feuerverzinkt Kugelkupplung Abreissleine Kotschutz aus Kunststoff St\u00fctzrad, verst\u00e4rkt, automatisch, h\u00f6henverstellbar Achse: Torsionsfederachse AL-KO\/Knott Auflaufbremse mit Handbremse und R\u00fcckfahrautomatik Br\u00fcckenaufbau: Rahmen feuerverzinkt Alu Bordw\u00e4nde Bodenplatte: Boden aus Siebdruckplatte Binderinge Beleuchtungsanlage: 12 V, nach Normen der StVO 13 Pol-Stecker<\/p>\n","protected":false},"excerpt":{"rendered":"<h5>Preis: Siehe Preisliste auf Startseite<\/h5>\n<p>Lange Lebensdauer, kleiner Preis!<\/p>\n<h4>Technical data<\/h4>\n<table class=\"table\">\n<tbody>\n<tr>\n<th>L\u00e4nge<\/th>\n<td>3010 <small>mm<\/small><\/td>\n<\/tr>\n<tr>\n<th>Breite<\/th>\n<td>1530 <small>mm<\/small><\/td>\n<\/tr>\n<tr>\n<th>H\u00f6he<\/th>\n<td>350 <small>mm<\/small><\/td>\n<\/tr>\n<tr>\n<th>Achsen<\/th>\n<td>1 <small>mm<\/small><\/td>\n<\/tr>\n<tr>\n<th>Gesamtgewicht<\/th>\n<td>1300 <small>kg<\/small><\/td>\n<\/tr>\n<tr>\n<th>Nutzlast<\/th>\n<td>914 <small>kg<\/small><\/td>\n<\/tr>\n<tr>\n<th>R\u00e4der<\/th>\n<td>195\/50 R 13<small><\/small><\/td>\n<\/tr>\n<\/tbody>\n<\/table>\n<h6>Optionen<\/h6>\n<table>\n<tbody>\n<tr>\n<td>Batteriekasten inkl. Batterie<\/td>\n<td>530 CHF<\/td>\n<\/tr>\n<tr>\n<td>Durchladesystem Alu 1800 mm<\/td>\n<td>1690 CHF<\/td>\n<\/tr>\n<tr>\n<td>Plane mit Gestell grau 160 cm<\/td>\n<td>1360 CHF<\/td>\n<\/tr>\n<tr>\n<td>Plane mit Gestell grau 190 cm<\/td>\n<td>1400 CHF<\/td>\n<\/tr>\n<tr>\n<td>Plane abgeschr\u00e4gt vorne<\/td>\n<td>450 CHF<\/td>\n<\/tr>\n<tr>\n<td>Flachplane 260\/160<\/td>\n<td>350 CHF<\/td>\n<\/tr>\n<tr>\n<td>Durchladesystem Inox 600 mm<\/td>\n<td>960 CHF<\/td>\n<\/tr>\n<tr>\n<td>Gitteraufsatz 1000 mm \/ lm<br \/>\n<strong>Preis f\u00fcr lm 150.00 CHF<\/strong><\/td>\n<td>150 CHF<\/td>\n<\/tr>\n<tr>\n<td>Leitergestell<\/td>\n<td>400 CHF<\/td>\n<\/tr>\n<tr>\n<td>Boden mit Riffelblech belegt \/ m2<br \/>\n<strong>Preis 130.00 CHF \/ m2<\/strong><\/td>\n<td>130 CHF<\/td>\n<\/tr>\n<tr>\n<td>Simol St\u00fctzfuss 500 Kg, Paar<br \/>\n<strong>mit Halter<\/strong><\/td>\n<td>380 CHF<\/td>\n<\/tr>\n<tr>\n<td>Rad 195\/50 R 13 C<\/td>\n<td>90 CHF<\/td>\n<\/tr>\n<tr>\n<td>Rad 195\/55 R 10<\/td>\n<td>70 CHF<\/td>\n<\/tr>\n<tr>\n<td>Schiebeplane<\/td>\n<td>0 CHF<\/td>\n<\/tr>\n<\/tbody>\n<\/table>\n","protected":false},"featured_media":4112,"comment_status":"open","ping_status":"closed","template":"","meta":{"_acf_changed":false},"product_brand":[],"product_cat":[21],"product_tag":[],"class_list":{"0":"post-1881","1":"product","2":"type-product","3":"status-publish","4":"has-post-thumbnail","6":"product_cat-hochlader-anhaenger","8":"first","9":"instock","10":"featured","11":"shipping-taxable","12":"purchasable","13":"product-type-simple"},"acf":[],"yoast_head":"<!-- This site is optimized with the Yoast SEO plugin v27.2 - https:\/\/yoast.com\/product\/yoast-seo-wordpress\/ -->\n<title>Daltec Cargo 13 Alu SH, 3010x1530x350 mm, 1300 Kg - Daltec<\/title>\n<meta name=\"robots\" content=\"index, follow, max-snippet:-1, max-image-preview:large, max-video-preview:-1\" \/>\n<link rel=\"canonical\" href=\"https:\/\/daltec.ch\/de\/product\/cargo-13-alu-sh\/\" \/>\n<meta property=\"og:locale\" content=\"de_DE\" \/>\n<meta property=\"og:type\" content=\"article\" \/>\n<meta property=\"og:title\" content=\"Daltec Cargo 13 Alu SH, 3010x1530x350 mm, 1300 Kg - Daltec\" \/>\n<meta property=\"og:description\" content=\"Preis: Siehe Preisliste auf Startseite Lange Lebensdauer, kleiner Preis! Technical data    L\u00e4nge 3010 mm   Breite 1530 mm   H\u00f6he 350 mm   Achsen 1 mm   Gesamtgewicht 1300 kg   Nutzlast 914 kg   R\u00e4der 195\/50 R 13    Optionen    Batteriekasten inkl. Batterie 530 CHF   Durchladesystem Alu 1800 mm 1690 CHF   Plane mit Gestell grau 160 cm 1360 CHF   Plane mit Gestell grau 190 cm 1400 CHF   Plane abgeschr\u00e4gt vorne 450 CHF   Flachplane 260\/160 350 CHF   Durchladesystem Inox 600 mm 960 CHF   Gitteraufsatz 1000 mm \/ lm Preis f\u00fcr lm 150.00 CHF 150 CHF   Leitergestell 400 CHF   Boden mit Riffelblech belegt \/ m2 Preis 130.00 CHF \/ m2 130 CHF   Simol St\u00fctzfuss 500 Kg, Paar mit Halter 380 CHF   Rad 195\/50 R 13 C 90 CHF   Rad 195\/55 R 10 70 CHF   Schiebeplane 0 CHF\" \/>\n<meta property=\"og:url\" content=\"https:\/\/daltec.ch\/de\/product\/cargo-13-alu-sh\/\" \/>\n<meta property=\"og:site_name\" content=\"Daltec\" \/>\n<meta property=\"article:publisher\" content=\"https:\/\/www.facebook.com\/DaltecAG\" \/>\n<meta property=\"article:modified_time\" content=\"2025-12-09T12:41:38+00:00\" \/>\n<meta property=\"og:image\" content=\"https:\/\/daltec.ch\/wp-content\/uploads\/2024\/10\/8142cb96e75fd450e04c1cf4bd9c0222.jpeg\" \/>\n\t<meta property=\"og:image:width\" content=\"1000\" \/>\n\t<meta property=\"og:image:height\" content=\"1000\" \/>\n\t<meta property=\"og:image:type\" content=\"image\/jpeg\" \/>\n<meta name=\"twitter:card\" content=\"summary_large_image\" \/>\n<meta name=\"twitter:label1\" content=\"Gesch\u00e4tzte Lesezeit\" \/>\n\t<meta name=\"twitter:data1\" content=\"1\u00a0Minute\" \/>\n<script type=\"application\/ld+json\" class=\"yoast-schema-graph\">{\"@context\":\"https:\/\/schema.org\",\"@graph\":[{\"@type\":\"WebPage\",\"@id\":\"https:\/\/daltec.ch\/product\/cargo-13-alu-sh\",\"url\":\"https:\/\/daltec.ch\/product\/cargo-13-alu-sh\",\"name\":\"Daltec Cargo 13 Alu SH, 3010x1530x350 mm, 1300 Kg - Daltec\",\"isPartOf\":{\"@id\":\"https:\/\/daltec.ch\/fr\/#website\"},\"primaryImageOfPage\":{\"@id\":\"https:\/\/daltec.ch\/product\/cargo-13-alu-sh#primaryimage\"},\"image\":{\"@id\":\"https:\/\/daltec.ch\/product\/cargo-13-alu-sh#primaryimage\"},\"thumbnailUrl\":\"https:\/\/daltec.ch\/wp-content\/uploads\/2024\/10\/8142cb96e75fd450e04c1cf4bd9c0222.jpeg\",\"datePublished\":\"2024-10-22T09:54:16+00:00\",\"dateModified\":\"2025-12-09T12:41:38+00:00\",\"breadcrumb\":{\"@id\":\"https:\/\/daltec.ch\/product\/cargo-13-alu-sh#breadcrumb\"},\"inLanguage\":\"de-CH\",\"potentialAction\":[{\"@type\":\"ReadAction\",\"target\":[\"https:\/\/daltec.ch\/product\/cargo-13-alu-sh\"]}]},{\"@type\":\"ImageObject\",\"inLanguage\":\"de-CH\",\"@id\":\"https:\/\/daltec.ch\/product\/cargo-13-alu-sh#primaryimage\",\"url\":\"https:\/\/daltec.ch\/wp-content\/uploads\/2024\/10\/8142cb96e75fd450e04c1cf4bd9c0222.jpeg\",\"contentUrl\":\"https:\/\/daltec.ch\/wp-content\/uploads\/2024\/10\/8142cb96e75fd450e04c1cf4bd9c0222.jpeg\",\"width\":1000,\"height\":1000},{\"@type\":\"BreadcrumbList\",\"@id\":\"https:\/\/daltec.ch\/product\/cargo-13-alu-sh#breadcrumb\",\"itemListElement\":[{\"@type\":\"ListItem\",\"position\":1,\"name\":\"Startseite\",\"item\":\"https:\/\/daltec.ch\/\"},{\"@type\":\"ListItem\",\"position\":2,\"name\":\"anhaenger\",\"item\":\"https:\/\/daltec.ch\/anhaenger\"},{\"@type\":\"ListItem\",\"position\":3,\"name\":\"Daltec Cargo 13 Alu SH, 3010x1530x350 mm, 1300 Kg\"}]},{\"@type\":\"WebSite\",\"@id\":\"https:\/\/daltec.ch\/fr\/#website\",\"url\":\"https:\/\/daltec.ch\/fr\/\",\"name\":\"Daltec Trailers\",\"description\":\"\",\"publisher\":{\"@id\":\"https:\/\/daltec.ch\/fr\/#organization\"},\"potentialAction\":[{\"@type\":\"SearchAction\",\"target\":{\"@type\":\"EntryPoint\",\"urlTemplate\":\"https:\/\/daltec.ch\/fr\/?s={search_term_string}\"},\"query-input\":{\"@type\":\"PropertyValueSpecification\",\"valueRequired\":true,\"valueName\":\"search_term_string\"}}],\"inLanguage\":\"de-CH\"},{\"@type\":\"Organization\",\"@id\":\"https:\/\/daltec.ch\/fr\/#organization\",\"name\":\"Daltec AG\",\"url\":\"https:\/\/daltec.ch\/fr\/\",\"logo\":{\"@type\":\"ImageObject\",\"inLanguage\":\"de-CH\",\"@id\":\"https:\/\/daltec.ch\/fr\/#\/schema\/logo\/image\/\",\"url\":\"https:\/\/daltec.ch\/wp-content\/uploads\/2025\/08\/dlteclogo.webp\",\"contentUrl\":\"https:\/\/daltec.ch\/wp-content\/uploads\/2025\/08\/dlteclogo.webp\",\"width\":500,\"height\":195,\"caption\":\"Daltec AG\"},\"image\":{\"@id\":\"https:\/\/daltec.ch\/fr\/#\/schema\/logo\/image\/\"},\"sameAs\":[\"https:\/\/www.facebook.com\/DaltecAG\"]}]}<\/script>\n<!-- \/ Yoast SEO plugin. -->","yoast_head_json":{"title":"Daltec Cargo 13 Alu SH, 3010x1530x350 mm, 1300 Kg - Daltec","robots":{"index":"index","follow":"follow","max-snippet":"max-snippet:-1","max-image-preview":"max-image-preview:large","max-video-preview":"max-video-preview:-1"},"canonical":"https:\/\/daltec.ch\/de\/product\/cargo-13-alu-sh\/","og_locale":"de_DE","og_type":"article","og_title":"Daltec Cargo 13 Alu SH, 3010x1530x350 mm, 1300 Kg - Daltec","og_description":"Preis: Siehe Preisliste auf Startseite Lange Lebensdauer, kleiner Preis! Technical data    L\u00e4nge 3010 mm   Breite 1530 mm   H\u00f6he 350 mm   Achsen 1 mm   Gesamtgewicht 1300 kg   Nutzlast 914 kg   R\u00e4der 195\/50 R 13    Optionen    Batteriekasten inkl. Batterie 530 CHF   Durchladesystem Alu 1800 mm 1690 CHF   Plane mit Gestell grau 160 cm 1360 CHF   Plane mit Gestell grau 190 cm 1400 CHF   Plane abgeschr\u00e4gt vorne 450 CHF   Flachplane 260\/160 350 CHF   Durchladesystem Inox 600 mm 960 CHF   Gitteraufsatz 1000 mm \/ lm Preis f\u00fcr lm 150.00 CHF 150 CHF   Leitergestell 400 CHF   Boden mit Riffelblech belegt \/ m2 Preis 130.00 CHF \/ m2 130 CHF   Simol St\u00fctzfuss 500 Kg, Paar mit Halter 380 CHF   Rad 195\/50 R 13 C 90 CHF   Rad 195\/55 R 10 70 CHF   Schiebeplane 0 CHF","og_url":"https:\/\/daltec.ch\/de\/product\/cargo-13-alu-sh\/","og_site_name":"Daltec","article_publisher":"https:\/\/www.facebook.com\/DaltecAG","article_modified_time":"2025-12-09T12:41:38+00:00","og_image":[{"width":1000,"height":1000,"url":"https:\/\/daltec.ch\/wp-content\/uploads\/2024\/10\/8142cb96e75fd450e04c1cf4bd9c0222.jpeg","type":"image\/jpeg"}],"twitter_card":"summary_large_image","twitter_misc":{"Gesch\u00e4tzte Lesezeit":"1\u00a0Minute"},"schema":{"@context":"https:\/\/schema.org","@graph":[{"@type":"WebPage","@id":"https:\/\/daltec.ch\/product\/cargo-13-alu-sh","url":"https:\/\/daltec.ch\/product\/cargo-13-alu-sh","name":"Daltec Cargo 13 Alu SH, 3010x1530x350 mm, 1300 Kg - Daltec","isPartOf":{"@id":"https:\/\/daltec.ch\/fr\/#website"},"primaryImageOfPage":{"@id":"https:\/\/daltec.ch\/product\/cargo-13-alu-sh#primaryimage"},"image":{"@id":"https:\/\/daltec.ch\/product\/cargo-13-alu-sh#primaryimage"},"thumbnailUrl":"https:\/\/daltec.ch\/wp-content\/uploads\/2024\/10\/8142cb96e75fd450e04c1cf4bd9c0222.jpeg","datePublished":"2024-10-22T09:54:16+00:00","dateModified":"2025-12-09T12:41:38+00:00","breadcrumb":{"@id":"https:\/\/daltec.ch\/product\/cargo-13-alu-sh#breadcrumb"},"inLanguage":"de-CH","potentialAction":[{"@type":"ReadAction","target":["https:\/\/daltec.ch\/product\/cargo-13-alu-sh"]}]},{"@type":"ImageObject","inLanguage":"de-CH","@id":"https:\/\/daltec.ch\/product\/cargo-13-alu-sh#primaryimage","url":"https:\/\/daltec.ch\/wp-content\/uploads\/2024\/10\/8142cb96e75fd450e04c1cf4bd9c0222.jpeg","contentUrl":"https:\/\/daltec.ch\/wp-content\/uploads\/2024\/10\/8142cb96e75fd450e04c1cf4bd9c0222.jpeg","width":1000,"height":1000},{"@type":"BreadcrumbList","@id":"https:\/\/daltec.ch\/product\/cargo-13-alu-sh#breadcrumb","itemListElement":[{"@type":"ListItem","position":1,"name":"Startseite","item":"https:\/\/daltec.ch\/"},{"@type":"ListItem","position":2,"name":"anhaenger","item":"https:\/\/daltec.ch\/anhaenger"},{"@type":"ListItem","position":3,"name":"Daltec Cargo 13 Alu SH, 3010x1530x350 mm, 1300 Kg"}]},{"@type":"WebSite","@id":"https:\/\/daltec.ch\/fr\/#website","url":"https:\/\/daltec.ch\/fr\/","name":"Daltec Trailers","description":"","publisher":{"@id":"https:\/\/daltec.ch\/fr\/#organization"},"potentialAction":[{"@type":"SearchAction","target":{"@type":"EntryPoint","urlTemplate":"https:\/\/daltec.ch\/fr\/?s={search_term_string}"},"query-input":{"@type":"PropertyValueSpecification","valueRequired":true,"valueName":"search_term_string"}}],"inLanguage":"de-CH"},{"@type":"Organization","@id":"https:\/\/daltec.ch\/fr\/#organization","name":"Daltec AG","url":"https:\/\/daltec.ch\/fr\/","logo":{"@type":"ImageObject","inLanguage":"de-CH","@id":"https:\/\/daltec.ch\/fr\/#\/schema\/logo\/image\/","url":"https:\/\/daltec.ch\/wp-content\/uploads\/2025\/08\/dlteclogo.webp","contentUrl":"https:\/\/daltec.ch\/wp-content\/uploads\/2025\/08\/dlteclogo.webp","width":500,"height":195,"caption":"Daltec AG"},"image":{"@id":"https:\/\/daltec.ch\/fr\/#\/schema\/logo\/image\/"},"sameAs":["https:\/\/www.facebook.com\/DaltecAG"]}]}},"_links":{"self":[{"href":"https:\/\/daltec.ch\/de\/wp-json\/wp\/v2\/product\/1881","targetHints":{"allow":["GET"]}}],"collection":[{"href":"https:\/\/daltec.ch\/de\/wp-json\/wp\/v2\/product"}],"about":[{"href":"https:\/\/daltec.ch\/de\/wp-json\/wp\/v2\/types\/product"}],"replies":[{"embeddable":true,"href":"https:\/\/daltec.ch\/de\/wp-json\/wp\/v2\/comments?post=1881"}],"wp:featuredmedia":[{"embeddable":true,"href":"https:\/\/daltec.ch\/de\/wp-json\/wp\/v2\/media\/4112"}],"wp:attachment":[{"href":"https:\/\/daltec.ch\/de\/wp-json\/wp\/v2\/media?parent=1881"}],"wp:term":[{"taxonomy":"product_brand","embeddable":true,"href":"https:\/\/daltec.ch\/de\/wp-json\/wp\/v2\/product_brand?post=1881"},{"taxonomy":"product_cat","embeddable":true,"href":"https:\/\/daltec.ch\/de\/wp-json\/wp\/v2\/product_cat?post=1881"},{"taxonomy":"product_tag","embeddable":true,"href":"https:\/\/daltec.ch\/de\/wp-json\/wp\/v2\/product_tag?post=1881"}],"curies":[{"name":"wp","href":"https:\/\/api.w.org\/{rel}","templated":true}]}}