{"id":1907,"date":"2024-10-22T13:56:06","date_gmt":"2024-10-22T13:56:06","guid":{"rendered":"https:\/\/demo.shrinkwaterindia.com\/?post_type=product&#038;p=1907"},"modified":"2025-06-17T16:08:31","modified_gmt":"2025-06-17T16:08:31","slug":"mini-camper-l-mit-kueche","status":"publish","type":"product","link":"https:\/\/daltec.ch\/de\/product\/mini-camper-l-mit-kueche","title":{"rendered":"Daltec Mini Camper L, 3000x1500x1800 mm, 750 Kg"},"content":{"rendered":"<p><em><strong>Preis: Siehe Preisliste auf Startseite<\/strong><\/em><\/p>\n<p>F\u00fcr J\u00e4ger, Angler oder Motorradfahrer, die w\u00e4hrend eines Trackdays \u00fcbernachten m\u00f6chten. Mit einem zul\u00e4ssigen Gesamtgewicht von nur 750 kg k\u00f6nnen auch Besitzer kleinerer Zugfahrzeuge den Wohnwagen ziehen. Neben einem gro\u00dfen Schlaf-\/Stauraum umfasst der Wohnwagen optional auch eine kleine Au\u00dfenk\u00fcche mit Sp\u00fcle und 2 Gasbrennern, einen 230-V-Au\u00dfenanschluss oder eine 12-V-Batterie mit 230-V\/12-V-Wechselrichter, was ihn zu einer gro\u00dfartigen L\u00f6sung f\u00fcr l\u00e4ngere Aufenthalte in der Natur oder auf Rennstrecken macht. Sie werden feststellen, dass dieser Mini-Camper ein hervorragender Begleiter f\u00fcr Ihre Abenteuer ist.<\/p>\n<h4>Serienausstattung:<\/h4>\n<p>Aussenmasse: 4570 x 1950 x 2380 mm Sonderausstattung inklusiv: Auflaufbremse und gebremste Achse. Dachreling. Seitent\u00fcre. Stromanschluss, mit Stromkasten. Kederschiene. Serienausstattung: Anh\u00e4ngerkupplung AL-KO, Robustes und voll verzinktes Fahrgestell mit V-Deichsel. Ungebremst. Die W\u00e4nde des Anh\u00e4ngers 25mm dick sind aus Laminat als Au\u00dfenschicht gefertigt. Geschwei\u00dfte Stahlrahmen korrosionsgesch\u00fctzt durch Feuerverzinkung. Boden aus wasserfestem Sperrholz 15mm mit PVC-Auskleidung mit erh\u00f6hter Abriebfestigkeit. W\u00e4nde und Dach mit Aluminiumprofilen verkleidet 2 Fenster mit Alu-Rolladen und Moskitonetz Matratze mit antiallergischem Bezug 200x120cm. Regalbrett aus leichtem und wasserdichtem Sperrholz. Die Ausr\u00fcstungsgegenst\u00e4nde werden vom Hersteller aus Laminat hergestellt. LED-Beleuchtung 12V unter Regalbrett. 2 zus\u00e4tzliche St\u00fctzen hinten. Starkes St\u00fctzrad. Aufkleber auf beiden Seiten. 7-poliger Stecker.<\/p>\n<h4><\/h4>\n","protected":false},"excerpt":{"rendered":"<h5><em><span style=\"color: #ff6600;\">Preis: Siehe Preisliste auf Startseite<\/span><\/em><\/h5>\n<p>Der perfekte Mini-Wohnwagen f\u00fcr Wochenendreisen f\u00fcr 2 Personen.<\/p>\n<h4>Technische Daten:<\/h4>\n<table class=\"table\" style=\"height: 183px;\" width=\"344\">\n<tbody>\n<tr>\n<th>L\u00e4nge<\/th>\n<td>3000 <small>mm<\/small><\/td>\n<\/tr>\n<tr>\n<th>Breite<\/th>\n<td>1500\u00a0 <small>mm<\/small><\/td>\n<\/tr>\n<tr>\n<th>H\u00f6he<\/th>\n<td>1800 <small>mm<\/small><\/td>\n<\/tr>\n<tr>\n<th>Achsen<\/th>\n<td>1<small><\/small><\/td>\n<\/tr>\n<tr>\n<th>Gesamtgewicht<\/th>\n<td>750 kg<\/td>\n<\/tr>\n<tr>\n<th>R\u00e4der<\/th>\n<td>165\/70 R13<\/td>\n<\/tr>\n<\/tbody>\n<\/table>\n<p>&nbsp;<\/p>\n","protected":false},"featured_media":2911,"comment_status":"open","ping_status":"closed","template":"","meta":{"_acf_changed":false},"product_brand":[],"product_cat":[22,231,189],"product_tag":[],"class_list":{"0":"post-1907","1":"product","2":"type-product","3":"status-publish","4":"has-post-thumbnail","6":"product_cat-sportgeraete-transportanhaenger","7":"product_cat-wohnwagen","8":"product_cat-wohnwagen-anhaenger","10":"first","11":"instock","12":"featured","13":"shipping-taxable","14":"purchasable","15":"product-type-simple"},"acf":[],"yoast_head":"<!-- This site is optimized with the Yoast SEO plugin v27.4 - https:\/\/yoast.com\/product\/yoast-seo-wordpress\/ -->\n<title>Daltec Mini Camper L, 3000x1500x1800 mm, 750 Kg - Daltec<\/title>\n<meta name=\"robots\" content=\"index, follow, max-snippet:-1, max-image-preview:large, max-video-preview:-1\" \/>\n<link rel=\"canonical\" href=\"https:\/\/daltec.ch\/de\/product\/mini-camper-l-mit-kueche\/\" \/>\n<meta property=\"og:locale\" content=\"de_DE\" \/>\n<meta property=\"og:type\" content=\"article\" \/>\n<meta property=\"og:title\" content=\"Daltec Mini Camper L, 3000x1500x1800 mm, 750 Kg - Daltec\" \/>\n<meta property=\"og:description\" content=\"Preis: Siehe Preisliste auf Startseite Der perfekte Mini-Wohnwagen f\u00fcr Wochenendreisen f\u00fcr 2 Personen. Technische Daten:    L\u00e4nge 3000 mm   Breite 1500\u00a0 mm   H\u00f6he 1800 mm   Achsen 1   Gesamtgewicht 750 kg   R\u00e4der 165\/70 R13    &nbsp;\" \/>\n<meta property=\"og:url\" content=\"https:\/\/daltec.ch\/de\/product\/mini-camper-l-mit-kueche\/\" \/>\n<meta property=\"og:site_name\" content=\"Daltec\" \/>\n<meta property=\"article:publisher\" content=\"https:\/\/www.facebook.com\/DaltecAG\" \/>\n<meta property=\"article:modified_time\" content=\"2025-06-17T16:08:31+00:00\" \/>\n<meta property=\"og:image\" content=\"https:\/\/daltec.ch\/wp-content\/uploads\/2024\/10\/Mini-Camper-L_7.png\" \/>\n\t<meta property=\"og:image:width\" content=\"700\" \/>\n\t<meta property=\"og:image:height\" content=\"700\" \/>\n\t<meta property=\"og:image:type\" content=\"image\/png\" \/>\n<meta name=\"twitter:card\" content=\"summary_large_image\" \/>\n<meta name=\"twitter:label1\" content=\"Gesch\u00e4tzte Lesezeit\" \/>\n\t<meta name=\"twitter:data1\" content=\"1\u00a0Minute\" \/>\n<script type=\"application\/ld+json\" class=\"yoast-schema-graph\">{\"@context\":\"https:\\\/\\\/schema.org\",\"@graph\":[{\"@type\":\"WebPage\",\"@id\":\"https:\\\/\\\/daltec.ch\\\/product\\\/mini-camper-l-mit-kueche\",\"url\":\"https:\\\/\\\/daltec.ch\\\/product\\\/mini-camper-l-mit-kueche\",\"name\":\"Daltec Mini Camper L, 3000x1500x1800 mm, 750 Kg - Daltec\",\"isPartOf\":{\"@id\":\"https:\\\/\\\/daltec.ch\\\/fr\\\/#website\"},\"primaryImageOfPage\":{\"@id\":\"https:\\\/\\\/daltec.ch\\\/product\\\/mini-camper-l-mit-kueche#primaryimage\"},\"image\":{\"@id\":\"https:\\\/\\\/daltec.ch\\\/product\\\/mini-camper-l-mit-kueche#primaryimage\"},\"thumbnailUrl\":\"https:\\\/\\\/daltec.ch\\\/wp-content\\\/uploads\\\/2024\\\/10\\\/Mini-Camper-L_7.png\",\"datePublished\":\"2024-10-22T13:56:06+00:00\",\"dateModified\":\"2025-06-17T16:08:31+00:00\",\"breadcrumb\":{\"@id\":\"https:\\\/\\\/daltec.ch\\\/product\\\/mini-camper-l-mit-kueche#breadcrumb\"},\"inLanguage\":\"de-CH\",\"potentialAction\":[{\"@type\":\"ReadAction\",\"target\":[\"https:\\\/\\\/daltec.ch\\\/product\\\/mini-camper-l-mit-kueche\"]}]},{\"@type\":\"ImageObject\",\"inLanguage\":\"de-CH\",\"@id\":\"https:\\\/\\\/daltec.ch\\\/product\\\/mini-camper-l-mit-kueche#primaryimage\",\"url\":\"https:\\\/\\\/daltec.ch\\\/wp-content\\\/uploads\\\/2024\\\/10\\\/Mini-Camper-L_7.png\",\"contentUrl\":\"https:\\\/\\\/daltec.ch\\\/wp-content\\\/uploads\\\/2024\\\/10\\\/Mini-Camper-L_7.png\",\"width\":700,\"height\":700},{\"@type\":\"BreadcrumbList\",\"@id\":\"https:\\\/\\\/daltec.ch\\\/product\\\/mini-camper-l-mit-kueche#breadcrumb\",\"itemListElement\":[{\"@type\":\"ListItem\",\"position\":1,\"name\":\"Startseite\",\"item\":\"https:\\\/\\\/daltec.ch\\\/\"},{\"@type\":\"ListItem\",\"position\":2,\"name\":\"anhaenger\",\"item\":\"https:\\\/\\\/daltec.ch\\\/anhaenger\"},{\"@type\":\"ListItem\",\"position\":3,\"name\":\"Daltec Mini Camper L, 3000x1500x1800 mm, 750 Kg\"}]},{\"@type\":\"WebSite\",\"@id\":\"https:\\\/\\\/daltec.ch\\\/fr\\\/#website\",\"url\":\"https:\\\/\\\/daltec.ch\\\/fr\\\/\",\"name\":\"Daltec Trailers\",\"description\":\"\",\"publisher\":{\"@id\":\"https:\\\/\\\/daltec.ch\\\/fr\\\/#organization\"},\"potentialAction\":[{\"@type\":\"SearchAction\",\"target\":{\"@type\":\"EntryPoint\",\"urlTemplate\":\"https:\\\/\\\/daltec.ch\\\/fr\\\/?s={search_term_string}\"},\"query-input\":{\"@type\":\"PropertyValueSpecification\",\"valueRequired\":true,\"valueName\":\"search_term_string\"}}],\"inLanguage\":\"de-CH\"},{\"@type\":\"Organization\",\"@id\":\"https:\\\/\\\/daltec.ch\\\/fr\\\/#organization\",\"name\":\"Daltec AG\",\"url\":\"https:\\\/\\\/daltec.ch\\\/fr\\\/\",\"logo\":{\"@type\":\"ImageObject\",\"inLanguage\":\"de-CH\",\"@id\":\"https:\\\/\\\/daltec.ch\\\/fr\\\/#\\\/schema\\\/logo\\\/image\\\/\",\"url\":\"https:\\\/\\\/daltec.ch\\\/wp-content\\\/uploads\\\/2025\\\/08\\\/dlteclogo.webp\",\"contentUrl\":\"https:\\\/\\\/daltec.ch\\\/wp-content\\\/uploads\\\/2025\\\/08\\\/dlteclogo.webp\",\"width\":500,\"height\":195,\"caption\":\"Daltec AG\"},\"image\":{\"@id\":\"https:\\\/\\\/daltec.ch\\\/fr\\\/#\\\/schema\\\/logo\\\/image\\\/\"},\"sameAs\":[\"https:\\\/\\\/www.facebook.com\\\/DaltecAG\"]}]}<\/script>\n<!-- \/ Yoast SEO plugin. -->","yoast_head_json":{"title":"Daltec Mini Camper L, 3000x1500x1800 mm, 750 Kg - Daltec","robots":{"index":"index","follow":"follow","max-snippet":"max-snippet:-1","max-image-preview":"max-image-preview:large","max-video-preview":"max-video-preview:-1"},"canonical":"https:\/\/daltec.ch\/de\/product\/mini-camper-l-mit-kueche\/","og_locale":"de_DE","og_type":"article","og_title":"Daltec Mini Camper L, 3000x1500x1800 mm, 750 Kg - Daltec","og_description":"Preis: Siehe Preisliste auf Startseite Der perfekte Mini-Wohnwagen f\u00fcr Wochenendreisen f\u00fcr 2 Personen. Technische Daten:    L\u00e4nge 3000 mm   Breite 1500\u00a0 mm   H\u00f6he 1800 mm   Achsen 1   Gesamtgewicht 750 kg   R\u00e4der 165\/70 R13    &nbsp;","og_url":"https:\/\/daltec.ch\/de\/product\/mini-camper-l-mit-kueche\/","og_site_name":"Daltec","article_publisher":"https:\/\/www.facebook.com\/DaltecAG","article_modified_time":"2025-06-17T16:08:31+00:00","og_image":[{"width":700,"height":700,"url":"https:\/\/daltec.ch\/wp-content\/uploads\/2024\/10\/Mini-Camper-L_7.png","type":"image\/png"}],"twitter_card":"summary_large_image","twitter_misc":{"Gesch\u00e4tzte Lesezeit":"1\u00a0Minute"},"schema":{"@context":"https:\/\/schema.org","@graph":[{"@type":"WebPage","@id":"https:\/\/daltec.ch\/product\/mini-camper-l-mit-kueche","url":"https:\/\/daltec.ch\/product\/mini-camper-l-mit-kueche","name":"Daltec Mini Camper L, 3000x1500x1800 mm, 750 Kg - Daltec","isPartOf":{"@id":"https:\/\/daltec.ch\/fr\/#website"},"primaryImageOfPage":{"@id":"https:\/\/daltec.ch\/product\/mini-camper-l-mit-kueche#primaryimage"},"image":{"@id":"https:\/\/daltec.ch\/product\/mini-camper-l-mit-kueche#primaryimage"},"thumbnailUrl":"https:\/\/daltec.ch\/wp-content\/uploads\/2024\/10\/Mini-Camper-L_7.png","datePublished":"2024-10-22T13:56:06+00:00","dateModified":"2025-06-17T16:08:31+00:00","breadcrumb":{"@id":"https:\/\/daltec.ch\/product\/mini-camper-l-mit-kueche#breadcrumb"},"inLanguage":"de-CH","potentialAction":[{"@type":"ReadAction","target":["https:\/\/daltec.ch\/product\/mini-camper-l-mit-kueche"]}]},{"@type":"ImageObject","inLanguage":"de-CH","@id":"https:\/\/daltec.ch\/product\/mini-camper-l-mit-kueche#primaryimage","url":"https:\/\/daltec.ch\/wp-content\/uploads\/2024\/10\/Mini-Camper-L_7.png","contentUrl":"https:\/\/daltec.ch\/wp-content\/uploads\/2024\/10\/Mini-Camper-L_7.png","width":700,"height":700},{"@type":"BreadcrumbList","@id":"https:\/\/daltec.ch\/product\/mini-camper-l-mit-kueche#breadcrumb","itemListElement":[{"@type":"ListItem","position":1,"name":"Startseite","item":"https:\/\/daltec.ch\/"},{"@type":"ListItem","position":2,"name":"anhaenger","item":"https:\/\/daltec.ch\/anhaenger"},{"@type":"ListItem","position":3,"name":"Daltec Mini Camper L, 3000x1500x1800 mm, 750 Kg"}]},{"@type":"WebSite","@id":"https:\/\/daltec.ch\/fr\/#website","url":"https:\/\/daltec.ch\/fr\/","name":"Daltec Trailers","description":"","publisher":{"@id":"https:\/\/daltec.ch\/fr\/#organization"},"potentialAction":[{"@type":"SearchAction","target":{"@type":"EntryPoint","urlTemplate":"https:\/\/daltec.ch\/fr\/?s={search_term_string}"},"query-input":{"@type":"PropertyValueSpecification","valueRequired":true,"valueName":"search_term_string"}}],"inLanguage":"de-CH"},{"@type":"Organization","@id":"https:\/\/daltec.ch\/fr\/#organization","name":"Daltec AG","url":"https:\/\/daltec.ch\/fr\/","logo":{"@type":"ImageObject","inLanguage":"de-CH","@id":"https:\/\/daltec.ch\/fr\/#\/schema\/logo\/image\/","url":"https:\/\/daltec.ch\/wp-content\/uploads\/2025\/08\/dlteclogo.webp","contentUrl":"https:\/\/daltec.ch\/wp-content\/uploads\/2025\/08\/dlteclogo.webp","width":500,"height":195,"caption":"Daltec AG"},"image":{"@id":"https:\/\/daltec.ch\/fr\/#\/schema\/logo\/image\/"},"sameAs":["https:\/\/www.facebook.com\/DaltecAG"]}]}},"_links":{"self":[{"href":"https:\/\/daltec.ch\/de\/wp-json\/wp\/v2\/product\/1907","targetHints":{"allow":["GET"]}}],"collection":[{"href":"https:\/\/daltec.ch\/de\/wp-json\/wp\/v2\/product"}],"about":[{"href":"https:\/\/daltec.ch\/de\/wp-json\/wp\/v2\/types\/product"}],"replies":[{"embeddable":true,"href":"https:\/\/daltec.ch\/de\/wp-json\/wp\/v2\/comments?post=1907"}],"wp:featuredmedia":[{"embeddable":true,"href":"https:\/\/daltec.ch\/de\/wp-json\/wp\/v2\/media\/2911"}],"wp:attachment":[{"href":"https:\/\/daltec.ch\/de\/wp-json\/wp\/v2\/media?parent=1907"}],"wp:term":[{"taxonomy":"product_brand","embeddable":true,"href":"https:\/\/daltec.ch\/de\/wp-json\/wp\/v2\/product_brand?post=1907"},{"taxonomy":"product_cat","embeddable":true,"href":"https:\/\/daltec.ch\/de\/wp-json\/wp\/v2\/product_cat?post=1907"},{"taxonomy":"product_tag","embeddable":true,"href":"https:\/\/daltec.ch\/de\/wp-json\/wp\/v2\/product_tag?post=1907"}],"curies":[{"name":"wp","href":"https:\/\/api.w.org\/{rel}","templated":true}]}}