{"id":1929,"date":"2024-10-28T08:01:19","date_gmt":"2024-10-28T08:01:19","guid":{"rendered":"https:\/\/demo.shrinkwaterindia.com\/?post_type=product&#038;p=1929"},"modified":"2025-07-24T06:53:42","modified_gmt":"2025-07-24T06:53:42","slug":"cheval-liberte-multimax","status":"publish","type":"product","link":"https:\/\/daltec.ch\/de\/product\/cheval-liberte-multimax","title":{"rendered":"Daltec Cheval Libert\u00e9 Multimax, 3780x1810x2400 mm, 2600 Kg"},"content":{"rendered":"<p><em><strong>Preis: Siehe Preisliste auf Startseite<\/strong><\/em><\/p>\n<p>Modernes und aerodynamisches Design f\u00fcr viel Innenraum &#8211; Grosse Salltelkammer f\u00fcr alle Arten S\u00e4ttel optional verf\u00fcgbar! Ausgestattet um Komfort, Sicherheit und Bel uftung zu garantieren. Der Boden und die Seitenw\u00e4nde sind aus Aluminium mit einer 5 &#8211; Jahresgarantie. Viel Komfort f\u00fcr den Reiter und das Tier dank der Einzelradaufh\u00e4ngung Pullman 2: Veringert die Einstiegsh\u00f6he, sorgt f\u00fcr eine stabile Fahrt und wirkt Ger\u00e4uschd\u00e4mfend.<br \/>\n<strong>Serienausstattung:<\/strong><br \/>\nFahrgestell: Grundrahmen verschweisst und feuerverzinkt. Pullmann 2 Komfortfahrwerk mit Einzelradaufh\u00e4ngung, L\u00e4ngslenker, Spiralfedern und Stossd\u00e4mpfern. V-Deichsel mit Auflaufeinrichtung Knott, Kugelkupplung und Abreissleine. Verst\u00e4rktes, automatisches St\u00fctzrad mittig angebracht. Aufbau: Aluminium-Boden 25 mm mit 5 Jahren Werksgarantie Heckrampe dreh- und schwenkbar. Links Vorderausstieg mit Seitenklappe oben und integriertem Schiebefenster. Schiebefenster vorne rechts. Verschleissfester Gummi auf Boden und Kombiheckrampe eingeklebt und versiegelt. Integrierte Trittleisten auf Seitenausstieg und Kombiheckrampe Karosserie aus eloxiertem Alu, Polybug und Polydach. Planenrollo luft- und lichtdurchl\u00e4ssig. Schlagschutz links und rechts. Seitenpolster. Schwenkbare Alutrennwand mit PVC Schlagschutz. H\u00f6hen- und tiefenverstellbare Brust- und Schweifstangen. Panikentriegelung f\u00fcr Bruststangen. Anbinderinge innen und aussen. Innenbeleuchtung, 3. Bremsleuchte. Beleuchtungsanlage: 12 V nach Normen der StVO, 13 pol Stecker Optional: Grosse Sattelkammer mit Sattelhalterung, Aufh\u00e4nghacken und Spiegel, Netz f\u00fcr Documente<\/p>\n","protected":false},"excerpt":{"rendered":"<h5>Preis: Siehe Preisliste auf Startseite<\/h5>\n<p>F\u00fcr 2 Pferde mit breiter Vorderausstieg!<\/p>\n<h4>Technical data<\/h4>\n<table class=\"table\">\n<tbody>\n<tr>\n<th>L\u00e4nge<\/th>\n<td>3780 <small>mm<\/small><\/td>\n<\/tr>\n<tr>\n<th>Breite<\/th>\n<td>1810 <small>mm<\/small><\/td>\n<\/tr>\n<tr>\n<th>H\u00f6he<\/th>\n<td>2400 <small>mm<\/small><\/td>\n<\/tr>\n<tr>\n<th>Achsen<\/th>\n<td>2 <small><\/small><\/td>\n<\/tr>\n<tr>\n<th>Gesamtgewicht<\/th>\n<td>2600 <small>kg<\/small><\/td>\n<\/tr>\n<tr>\n<th>Nutzlast<\/th>\n<td>1620 <small>kg<\/small><\/td>\n<\/tr>\n<tr>\n<th>R\u00e4der<\/th>\n<td>185\/65 R14<\/td>\n<\/tr>\n<\/tbody>\n<\/table>\n<h6>Optionen<\/h6>\n<table>\n<tbody>\n<tr>\n<td>2 seitliche Schiebefenster<\/td>\n<td>500 CHF<\/td>\n<\/tr>\n<tr>\n<td>2 Heckfl\u00fcgelt\u00fcren Hinten (statt Rampe)<\/td>\n<td>760 CHF<\/td>\n<\/tr>\n<tr>\n<td>2 Fenster 400&#215;300 mm in Hechfl\u00fcgelt\u00fcren<\/td>\n<td>440 CHF<\/td>\n<\/tr>\n<tr>\n<td>Sattelkammer<\/td>\n<td>600 CHF<\/td>\n<\/tr>\n<\/tbody>\n<\/table>\n","protected":false},"featured_media":2614,"comment_status":"open","ping_status":"closed","template":"","meta":{"_acf_changed":false},"product_brand":[],"product_cat":[28],"product_tag":[],"class_list":{"0":"post-1929","1":"product","2":"type-product","3":"status-publish","4":"has-post-thumbnail","6":"product_cat-pferdetransportanhaenger","8":"first","9":"instock","10":"featured","11":"shipping-taxable","12":"purchasable","13":"product-type-simple"},"acf":[],"yoast_head":"<!-- This site is optimized with the Yoast SEO plugin v27.4 - https:\/\/yoast.com\/product\/yoast-seo-wordpress\/ -->\n<title>Daltec Cheval Libert\u00e9 Multimax, 3780x1810x2400 mm, 2600 Kg - Daltec<\/title>\n<meta name=\"robots\" content=\"index, follow, max-snippet:-1, max-image-preview:large, max-video-preview:-1\" \/>\n<link rel=\"canonical\" href=\"https:\/\/daltec.ch\/de\/product\/cheval-liberte-multimax\/\" \/>\n<meta property=\"og:locale\" content=\"de_DE\" \/>\n<meta property=\"og:type\" content=\"article\" \/>\n<meta property=\"og:title\" content=\"Daltec Cheval Libert\u00e9 Multimax, 3780x1810x2400 mm, 2600 Kg - Daltec\" \/>\n<meta property=\"og:description\" content=\"Preis: Siehe Preisliste auf Startseite F\u00fcr 2 Pferde mit breiter Vorderausstieg! Technical data    L\u00e4nge 3780 mm   Breite 1810 mm   H\u00f6he 2400 mm   Achsen 2    Gesamtgewicht 2600 kg   Nutzlast 1620 kg   R\u00e4der 185\/65 R14    Optionen    2 seitliche Schiebefenster 500 CHF   2 Heckfl\u00fcgelt\u00fcren Hinten (statt Rampe) 760 CHF   2 Fenster 400x300 mm in Hechfl\u00fcgelt\u00fcren 440 CHF   Sattelkammer 600 CHF\" \/>\n<meta property=\"og:url\" content=\"https:\/\/daltec.ch\/de\/product\/cheval-liberte-multimax\/\" \/>\n<meta property=\"og:site_name\" content=\"Daltec\" \/>\n<meta property=\"article:publisher\" content=\"https:\/\/www.facebook.com\/DaltecAG\" \/>\n<meta property=\"article:modified_time\" content=\"2025-07-24T06:53:42+00:00\" \/>\n<meta property=\"og:image\" content=\"https:\/\/daltec.ch\/wp-content\/uploads\/2024\/10\/Multimax_1.jpg\" \/>\n\t<meta property=\"og:image:width\" content=\"1105\" \/>\n\t<meta property=\"og:image:height\" content=\"1104\" \/>\n\t<meta property=\"og:image:type\" content=\"image\/jpeg\" \/>\n<meta name=\"twitter:card\" content=\"summary_large_image\" \/>\n<meta name=\"twitter:label1\" content=\"Gesch\u00e4tzte Lesezeit\" \/>\n\t<meta name=\"twitter:data1\" content=\"1\u00a0Minute\" \/>\n<script type=\"application\/ld+json\" class=\"yoast-schema-graph\">{\"@context\":\"https:\\\/\\\/schema.org\",\"@graph\":[{\"@type\":\"WebPage\",\"@id\":\"https:\\\/\\\/daltec.ch\\\/product\\\/cheval-liberte-multimax\",\"url\":\"https:\\\/\\\/daltec.ch\\\/product\\\/cheval-liberte-multimax\",\"name\":\"Daltec Cheval Libert\u00e9 Multimax, 3780x1810x2400 mm, 2600 Kg - Daltec\",\"isPartOf\":{\"@id\":\"https:\\\/\\\/daltec.ch\\\/fr\\\/#website\"},\"primaryImageOfPage\":{\"@id\":\"https:\\\/\\\/daltec.ch\\\/product\\\/cheval-liberte-multimax#primaryimage\"},\"image\":{\"@id\":\"https:\\\/\\\/daltec.ch\\\/product\\\/cheval-liberte-multimax#primaryimage\"},\"thumbnailUrl\":\"https:\\\/\\\/daltec.ch\\\/wp-content\\\/uploads\\\/2024\\\/10\\\/Multimax_1.jpg\",\"datePublished\":\"2024-10-28T08:01:19+00:00\",\"dateModified\":\"2025-07-24T06:53:42+00:00\",\"breadcrumb\":{\"@id\":\"https:\\\/\\\/daltec.ch\\\/product\\\/cheval-liberte-multimax#breadcrumb\"},\"inLanguage\":\"de-CH\",\"potentialAction\":[{\"@type\":\"ReadAction\",\"target\":[\"https:\\\/\\\/daltec.ch\\\/product\\\/cheval-liberte-multimax\"]}]},{\"@type\":\"ImageObject\",\"inLanguage\":\"de-CH\",\"@id\":\"https:\\\/\\\/daltec.ch\\\/product\\\/cheval-liberte-multimax#primaryimage\",\"url\":\"https:\\\/\\\/daltec.ch\\\/wp-content\\\/uploads\\\/2024\\\/10\\\/Multimax_1.jpg\",\"contentUrl\":\"https:\\\/\\\/daltec.ch\\\/wp-content\\\/uploads\\\/2024\\\/10\\\/Multimax_1.jpg\",\"width\":1105,\"height\":1104},{\"@type\":\"BreadcrumbList\",\"@id\":\"https:\\\/\\\/daltec.ch\\\/product\\\/cheval-liberte-multimax#breadcrumb\",\"itemListElement\":[{\"@type\":\"ListItem\",\"position\":1,\"name\":\"Startseite\",\"item\":\"https:\\\/\\\/daltec.ch\\\/\"},{\"@type\":\"ListItem\",\"position\":2,\"name\":\"anhaenger\",\"item\":\"https:\\\/\\\/daltec.ch\\\/anhaenger\"},{\"@type\":\"ListItem\",\"position\":3,\"name\":\"Daltec Cheval Libert\u00e9 Multimax, 3780x1810x2400 mm, 2600 Kg\"}]},{\"@type\":\"WebSite\",\"@id\":\"https:\\\/\\\/daltec.ch\\\/fr\\\/#website\",\"url\":\"https:\\\/\\\/daltec.ch\\\/fr\\\/\",\"name\":\"Daltec Trailers\",\"description\":\"\",\"publisher\":{\"@id\":\"https:\\\/\\\/daltec.ch\\\/fr\\\/#organization\"},\"potentialAction\":[{\"@type\":\"SearchAction\",\"target\":{\"@type\":\"EntryPoint\",\"urlTemplate\":\"https:\\\/\\\/daltec.ch\\\/fr\\\/?s={search_term_string}\"},\"query-input\":{\"@type\":\"PropertyValueSpecification\",\"valueRequired\":true,\"valueName\":\"search_term_string\"}}],\"inLanguage\":\"de-CH\"},{\"@type\":\"Organization\",\"@id\":\"https:\\\/\\\/daltec.ch\\\/fr\\\/#organization\",\"name\":\"Daltec AG\",\"url\":\"https:\\\/\\\/daltec.ch\\\/fr\\\/\",\"logo\":{\"@type\":\"ImageObject\",\"inLanguage\":\"de-CH\",\"@id\":\"https:\\\/\\\/daltec.ch\\\/fr\\\/#\\\/schema\\\/logo\\\/image\\\/\",\"url\":\"https:\\\/\\\/daltec.ch\\\/wp-content\\\/uploads\\\/2025\\\/08\\\/dlteclogo.webp\",\"contentUrl\":\"https:\\\/\\\/daltec.ch\\\/wp-content\\\/uploads\\\/2025\\\/08\\\/dlteclogo.webp\",\"width\":500,\"height\":195,\"caption\":\"Daltec AG\"},\"image\":{\"@id\":\"https:\\\/\\\/daltec.ch\\\/fr\\\/#\\\/schema\\\/logo\\\/image\\\/\"},\"sameAs\":[\"https:\\\/\\\/www.facebook.com\\\/DaltecAG\"]}]}<\/script>\n<!-- \/ Yoast SEO plugin. -->","yoast_head_json":{"title":"Daltec Cheval Libert\u00e9 Multimax, 3780x1810x2400 mm, 2600 Kg - Daltec","robots":{"index":"index","follow":"follow","max-snippet":"max-snippet:-1","max-image-preview":"max-image-preview:large","max-video-preview":"max-video-preview:-1"},"canonical":"https:\/\/daltec.ch\/de\/product\/cheval-liberte-multimax\/","og_locale":"de_DE","og_type":"article","og_title":"Daltec Cheval Libert\u00e9 Multimax, 3780x1810x2400 mm, 2600 Kg - Daltec","og_description":"Preis: Siehe Preisliste auf Startseite F\u00fcr 2 Pferde mit breiter Vorderausstieg! Technical data    L\u00e4nge 3780 mm   Breite 1810 mm   H\u00f6he 2400 mm   Achsen 2    Gesamtgewicht 2600 kg   Nutzlast 1620 kg   R\u00e4der 185\/65 R14    Optionen    2 seitliche Schiebefenster 500 CHF   2 Heckfl\u00fcgelt\u00fcren Hinten (statt Rampe) 760 CHF   2 Fenster 400x300 mm in Hechfl\u00fcgelt\u00fcren 440 CHF   Sattelkammer 600 CHF","og_url":"https:\/\/daltec.ch\/de\/product\/cheval-liberte-multimax\/","og_site_name":"Daltec","article_publisher":"https:\/\/www.facebook.com\/DaltecAG","article_modified_time":"2025-07-24T06:53:42+00:00","og_image":[{"width":1105,"height":1104,"url":"https:\/\/daltec.ch\/wp-content\/uploads\/2024\/10\/Multimax_1.jpg","type":"image\/jpeg"}],"twitter_card":"summary_large_image","twitter_misc":{"Gesch\u00e4tzte Lesezeit":"1\u00a0Minute"},"schema":{"@context":"https:\/\/schema.org","@graph":[{"@type":"WebPage","@id":"https:\/\/daltec.ch\/product\/cheval-liberte-multimax","url":"https:\/\/daltec.ch\/product\/cheval-liberte-multimax","name":"Daltec Cheval Libert\u00e9 Multimax, 3780x1810x2400 mm, 2600 Kg - Daltec","isPartOf":{"@id":"https:\/\/daltec.ch\/fr\/#website"},"primaryImageOfPage":{"@id":"https:\/\/daltec.ch\/product\/cheval-liberte-multimax#primaryimage"},"image":{"@id":"https:\/\/daltec.ch\/product\/cheval-liberte-multimax#primaryimage"},"thumbnailUrl":"https:\/\/daltec.ch\/wp-content\/uploads\/2024\/10\/Multimax_1.jpg","datePublished":"2024-10-28T08:01:19+00:00","dateModified":"2025-07-24T06:53:42+00:00","breadcrumb":{"@id":"https:\/\/daltec.ch\/product\/cheval-liberte-multimax#breadcrumb"},"inLanguage":"de-CH","potentialAction":[{"@type":"ReadAction","target":["https:\/\/daltec.ch\/product\/cheval-liberte-multimax"]}]},{"@type":"ImageObject","inLanguage":"de-CH","@id":"https:\/\/daltec.ch\/product\/cheval-liberte-multimax#primaryimage","url":"https:\/\/daltec.ch\/wp-content\/uploads\/2024\/10\/Multimax_1.jpg","contentUrl":"https:\/\/daltec.ch\/wp-content\/uploads\/2024\/10\/Multimax_1.jpg","width":1105,"height":1104},{"@type":"BreadcrumbList","@id":"https:\/\/daltec.ch\/product\/cheval-liberte-multimax#breadcrumb","itemListElement":[{"@type":"ListItem","position":1,"name":"Startseite","item":"https:\/\/daltec.ch\/"},{"@type":"ListItem","position":2,"name":"anhaenger","item":"https:\/\/daltec.ch\/anhaenger"},{"@type":"ListItem","position":3,"name":"Daltec Cheval Libert\u00e9 Multimax, 3780x1810x2400 mm, 2600 Kg"}]},{"@type":"WebSite","@id":"https:\/\/daltec.ch\/fr\/#website","url":"https:\/\/daltec.ch\/fr\/","name":"Daltec Trailers","description":"","publisher":{"@id":"https:\/\/daltec.ch\/fr\/#organization"},"potentialAction":[{"@type":"SearchAction","target":{"@type":"EntryPoint","urlTemplate":"https:\/\/daltec.ch\/fr\/?s={search_term_string}"},"query-input":{"@type":"PropertyValueSpecification","valueRequired":true,"valueName":"search_term_string"}}],"inLanguage":"de-CH"},{"@type":"Organization","@id":"https:\/\/daltec.ch\/fr\/#organization","name":"Daltec AG","url":"https:\/\/daltec.ch\/fr\/","logo":{"@type":"ImageObject","inLanguage":"de-CH","@id":"https:\/\/daltec.ch\/fr\/#\/schema\/logo\/image\/","url":"https:\/\/daltec.ch\/wp-content\/uploads\/2025\/08\/dlteclogo.webp","contentUrl":"https:\/\/daltec.ch\/wp-content\/uploads\/2025\/08\/dlteclogo.webp","width":500,"height":195,"caption":"Daltec AG"},"image":{"@id":"https:\/\/daltec.ch\/fr\/#\/schema\/logo\/image\/"},"sameAs":["https:\/\/www.facebook.com\/DaltecAG"]}]}},"_links":{"self":[{"href":"https:\/\/daltec.ch\/de\/wp-json\/wp\/v2\/product\/1929","targetHints":{"allow":["GET"]}}],"collection":[{"href":"https:\/\/daltec.ch\/de\/wp-json\/wp\/v2\/product"}],"about":[{"href":"https:\/\/daltec.ch\/de\/wp-json\/wp\/v2\/types\/product"}],"replies":[{"embeddable":true,"href":"https:\/\/daltec.ch\/de\/wp-json\/wp\/v2\/comments?post=1929"}],"wp:featuredmedia":[{"embeddable":true,"href":"https:\/\/daltec.ch\/de\/wp-json\/wp\/v2\/media\/2614"}],"wp:attachment":[{"href":"https:\/\/daltec.ch\/de\/wp-json\/wp\/v2\/media?parent=1929"}],"wp:term":[{"taxonomy":"product_brand","embeddable":true,"href":"https:\/\/daltec.ch\/de\/wp-json\/wp\/v2\/product_brand?post=1929"},{"taxonomy":"product_cat","embeddable":true,"href":"https:\/\/daltec.ch\/de\/wp-json\/wp\/v2\/product_cat?post=1929"},{"taxonomy":"product_tag","embeddable":true,"href":"https:\/\/daltec.ch\/de\/wp-json\/wp\/v2\/product_tag?post=1929"}],"curies":[{"name":"wp","href":"https:\/\/api.w.org\/{rel}","templated":true}]}}