{"id":1943,"date":"2024-10-28T13:07:50","date_gmt":"2024-10-28T13:07:50","guid":{"rendered":"https:\/\/demo.shrinkwaterindia.com\/?post_type=product&#038;p=1943"},"modified":"2025-12-01T09:37:00","modified_gmt":"2025-12-01T09:37:00","slug":"kipper-13-budget-elektro","status":"publish","type":"product","link":"https:\/\/daltec.ch\/de\/product\/kipper-13-budget-elektro","title":{"rendered":"Daltec Kipper 15 Eco Elektro, 2530x1520x400 mm, 1500 Kg"},"content":{"rendered":"<p><em><strong>Preis: Siehe Preisliste auf Startseite<\/strong><\/em><\/p>\n<p>Hochwertiger R\u00fcckw\u00e4rtskipper zum transportieren von Schuttgut alle Art. Robuste Bauweise garantiert eine lange Lebensdauer. Die Eckpfosten und Seitenw\u00e4nde sind abnehmbar um den Anh\u00e4nger in eine Plattform zu verwandeln. Klassische Ausf\u00fchrung &#8211; Preisg\u00fcnstig! Damit Arbeiten Freude macht!<br \/>\n<strong>Serienausstattung:<\/strong><br \/>\nFahrgestell: Grundrahmen feuerverzinkt, verschweisst und verschraubt, Solide V-Anh\u00e4ngervorrichtung, Abreissleine, Kugelkupplung, Verst\u00e4rktes automatisches St\u00fctzrad, Doppelwirkende Handpumpe Achse: Robuste Achse Knott, Auflaufbremse mit Handbremse und R\u00fcckfahrautomatik Aufbau: Rahmen verzinkt, Alu-Bordw\u00e4nde 300 mm und Eckpfosten entnehmbar, 3 Seiten abklappbar Boden aus Siebdruckplatte Beleuchtungsanlage: Beleuchtung gesch\u00fctzt vorne und hinten, 12 V, Nach Normen der StVO, 13 Pol-Stecker<\/p>\n","protected":false},"excerpt":{"rendered":"<h5>Preis: Siehe Preisliste auf Startseite<\/h5>\n<p>Hochwertiger manueller Kipper &#8211; Klassisch!<\/p>\n<h4>Technische Daten<\/h4>\n<table class=\"table\" style=\"height: 205px;\" width=\"289\">\n<tbody>\n<tr>\n<th>L\u00e4nge<\/th>\n<td>2530 <small>mm<\/small><\/td>\n<\/tr>\n<tr>\n<th>Breite<\/th>\n<td>1520 <small>mm<\/small><\/td>\n<\/tr>\n<tr>\n<th>H\u00f6he<\/th>\n<td>400 <small>mm<\/small><\/td>\n<\/tr>\n<tr>\n<th>Achsen<\/th>\n<td>1 <small><\/small><\/td>\n<\/tr>\n<tr>\n<th>Gesamtgewicht<\/th>\n<td>1500 <small>kg<\/small><\/td>\n<\/tr>\n<tr>\n<th>Nutzlast<\/th>\n<td><small><span style=\"font-size: 16px;\">1044 kg<\/span><\/small><\/td>\n<\/tr>\n<tr>\n<th>R\u00e4der<\/th>\n<td>195\/50 R 13 C<\/td>\n<\/tr>\n<\/tbody>\n<\/table>\n<h6>Optionen<\/h6>\n<table>\n<tbody>\n<tr>\n<td>Bordwanderh\u00f6hung<\/td>\n<td>750 CHF<\/td>\n<\/tr>\n<tr>\n<td>Flachplane<\/td>\n<td>170 CHF<\/td>\n<\/tr>\n<tr>\n<td>Gitteraufsatz 600 mm<\/td>\n<td>750 CHF<\/td>\n<\/tr>\n<tr>\n<td>St\u00fctzf\u00fcsse (Paar)<\/td>\n<td>220 CHF<\/td>\n<\/tr>\n<\/tbody>\n<\/table>\n","protected":false},"featured_media":4041,"comment_status":"open","ping_status":"closed","template":"","meta":{"_acf_changed":false},"product_brand":[],"product_cat":[29,244],"product_tag":[],"class_list":{"0":"post-1943","1":"product","2":"type-product","3":"status-publish","4":"has-post-thumbnail","6":"product_cat-kipper-anhaenger","7":"product_cat-rueckwaertskipper","9":"first","10":"instock","11":"featured","12":"shipping-taxable","13":"purchasable","14":"product-type-simple"},"acf":[],"yoast_head":"<!-- This site is optimized with the Yoast SEO plugin v27.2 - https:\/\/yoast.com\/product\/yoast-seo-wordpress\/ -->\n<title>Daltec Kipper 15 Eco Elektro, 2530x1520x400 mm, 1500 Kg - Daltec<\/title>\n<meta name=\"robots\" content=\"index, follow, max-snippet:-1, max-image-preview:large, max-video-preview:-1\" \/>\n<link rel=\"canonical\" href=\"https:\/\/daltec.ch\/de\/product\/kipper-13-budget-elektro\/\" \/>\n<meta property=\"og:locale\" content=\"de_DE\" \/>\n<meta property=\"og:type\" content=\"article\" \/>\n<meta property=\"og:title\" content=\"Daltec Kipper 15 Eco Elektro, 2530x1520x400 mm, 1500 Kg - Daltec\" \/>\n<meta property=\"og:description\" content=\"Preis: Siehe Preisliste auf Startseite Hochwertiger manueller Kipper - Klassisch! Technische Daten    L\u00e4nge 2530 mm   Breite 1520 mm   H\u00f6he 400 mm   Achsen 1    Gesamtgewicht 1500 kg   Nutzlast 1044 kg   R\u00e4der 195\/50 R 13 C    Optionen    Bordwanderh\u00f6hung 750 CHF   Flachplane 170 CHF   Gitteraufsatz 600 mm 750 CHF   St\u00fctzf\u00fcsse (Paar) 220 CHF\" \/>\n<meta property=\"og:url\" content=\"https:\/\/daltec.ch\/de\/product\/kipper-13-budget-elektro\/\" \/>\n<meta property=\"og:site_name\" content=\"Daltec\" \/>\n<meta property=\"article:publisher\" content=\"https:\/\/www.facebook.com\/DaltecAG\" \/>\n<meta property=\"article:modified_time\" content=\"2025-12-01T09:37:00+00:00\" \/>\n<meta property=\"og:image\" content=\"https:\/\/daltec.ch\/wp-content\/uploads\/2024\/10\/167ea340ee2c3d.webp\" \/>\n\t<meta property=\"og:image:width\" content=\"1920\" \/>\n\t<meta property=\"og:image:height\" content=\"1920\" \/>\n\t<meta property=\"og:image:type\" content=\"image\/webp\" \/>\n<meta name=\"twitter:card\" content=\"summary_large_image\" \/>\n<meta name=\"twitter:label1\" content=\"Gesch\u00e4tzte Lesezeit\" \/>\n\t<meta name=\"twitter:data1\" content=\"1\u00a0Minute\" \/>\n<script type=\"application\/ld+json\" class=\"yoast-schema-graph\">{\"@context\":\"https:\/\/schema.org\",\"@graph\":[{\"@type\":\"WebPage\",\"@id\":\"https:\/\/daltec.ch\/product\/kipper-13-budget-elektro\",\"url\":\"https:\/\/daltec.ch\/product\/kipper-13-budget-elektro\",\"name\":\"Daltec Kipper 15 Eco Elektro, 2530x1520x400 mm, 1500 Kg - Daltec\",\"isPartOf\":{\"@id\":\"https:\/\/daltec.ch\/fr\/#website\"},\"primaryImageOfPage\":{\"@id\":\"https:\/\/daltec.ch\/product\/kipper-13-budget-elektro#primaryimage\"},\"image\":{\"@id\":\"https:\/\/daltec.ch\/product\/kipper-13-budget-elektro#primaryimage\"},\"thumbnailUrl\":\"https:\/\/daltec.ch\/wp-content\/uploads\/2024\/10\/167ea340ee2c3d.webp\",\"datePublished\":\"2024-10-28T13:07:50+00:00\",\"dateModified\":\"2025-12-01T09:37:00+00:00\",\"breadcrumb\":{\"@id\":\"https:\/\/daltec.ch\/product\/kipper-13-budget-elektro#breadcrumb\"},\"inLanguage\":\"de-CH\",\"potentialAction\":[{\"@type\":\"ReadAction\",\"target\":[\"https:\/\/daltec.ch\/product\/kipper-13-budget-elektro\"]}]},{\"@type\":\"ImageObject\",\"inLanguage\":\"de-CH\",\"@id\":\"https:\/\/daltec.ch\/product\/kipper-13-budget-elektro#primaryimage\",\"url\":\"https:\/\/daltec.ch\/wp-content\/uploads\/2024\/10\/167ea340ee2c3d.webp\",\"contentUrl\":\"https:\/\/daltec.ch\/wp-content\/uploads\/2024\/10\/167ea340ee2c3d.webp\",\"width\":1920,\"height\":1920},{\"@type\":\"BreadcrumbList\",\"@id\":\"https:\/\/daltec.ch\/product\/kipper-13-budget-elektro#breadcrumb\",\"itemListElement\":[{\"@type\":\"ListItem\",\"position\":1,\"name\":\"Startseite\",\"item\":\"https:\/\/daltec.ch\/\"},{\"@type\":\"ListItem\",\"position\":2,\"name\":\"anhaenger\",\"item\":\"https:\/\/daltec.ch\/anhaenger\"},{\"@type\":\"ListItem\",\"position\":3,\"name\":\"Daltec Kipper 15 Eco Elektro, 2530x1520x400 mm, 1500 Kg\"}]},{\"@type\":\"WebSite\",\"@id\":\"https:\/\/daltec.ch\/fr\/#website\",\"url\":\"https:\/\/daltec.ch\/fr\/\",\"name\":\"Daltec Trailers\",\"description\":\"\",\"publisher\":{\"@id\":\"https:\/\/daltec.ch\/fr\/#organization\"},\"potentialAction\":[{\"@type\":\"SearchAction\",\"target\":{\"@type\":\"EntryPoint\",\"urlTemplate\":\"https:\/\/daltec.ch\/fr\/?s={search_term_string}\"},\"query-input\":{\"@type\":\"PropertyValueSpecification\",\"valueRequired\":true,\"valueName\":\"search_term_string\"}}],\"inLanguage\":\"de-CH\"},{\"@type\":\"Organization\",\"@id\":\"https:\/\/daltec.ch\/fr\/#organization\",\"name\":\"Daltec AG\",\"url\":\"https:\/\/daltec.ch\/fr\/\",\"logo\":{\"@type\":\"ImageObject\",\"inLanguage\":\"de-CH\",\"@id\":\"https:\/\/daltec.ch\/fr\/#\/schema\/logo\/image\/\",\"url\":\"https:\/\/daltec.ch\/wp-content\/uploads\/2025\/08\/dlteclogo.webp\",\"contentUrl\":\"https:\/\/daltec.ch\/wp-content\/uploads\/2025\/08\/dlteclogo.webp\",\"width\":500,\"height\":195,\"caption\":\"Daltec AG\"},\"image\":{\"@id\":\"https:\/\/daltec.ch\/fr\/#\/schema\/logo\/image\/\"},\"sameAs\":[\"https:\/\/www.facebook.com\/DaltecAG\"]}]}<\/script>\n<!-- \/ Yoast SEO plugin. -->","yoast_head_json":{"title":"Daltec Kipper 15 Eco Elektro, 2530x1520x400 mm, 1500 Kg - Daltec","robots":{"index":"index","follow":"follow","max-snippet":"max-snippet:-1","max-image-preview":"max-image-preview:large","max-video-preview":"max-video-preview:-1"},"canonical":"https:\/\/daltec.ch\/de\/product\/kipper-13-budget-elektro\/","og_locale":"de_DE","og_type":"article","og_title":"Daltec Kipper 15 Eco Elektro, 2530x1520x400 mm, 1500 Kg - Daltec","og_description":"Preis: Siehe Preisliste auf Startseite Hochwertiger manueller Kipper - Klassisch! Technische Daten    L\u00e4nge 2530 mm   Breite 1520 mm   H\u00f6he 400 mm   Achsen 1    Gesamtgewicht 1500 kg   Nutzlast 1044 kg   R\u00e4der 195\/50 R 13 C    Optionen    Bordwanderh\u00f6hung 750 CHF   Flachplane 170 CHF   Gitteraufsatz 600 mm 750 CHF   St\u00fctzf\u00fcsse (Paar) 220 CHF","og_url":"https:\/\/daltec.ch\/de\/product\/kipper-13-budget-elektro\/","og_site_name":"Daltec","article_publisher":"https:\/\/www.facebook.com\/DaltecAG","article_modified_time":"2025-12-01T09:37:00+00:00","og_image":[{"width":1920,"height":1920,"url":"https:\/\/daltec.ch\/wp-content\/uploads\/2024\/10\/167ea340ee2c3d.webp","type":"image\/webp"}],"twitter_card":"summary_large_image","twitter_misc":{"Gesch\u00e4tzte Lesezeit":"1\u00a0Minute"},"schema":{"@context":"https:\/\/schema.org","@graph":[{"@type":"WebPage","@id":"https:\/\/daltec.ch\/product\/kipper-13-budget-elektro","url":"https:\/\/daltec.ch\/product\/kipper-13-budget-elektro","name":"Daltec Kipper 15 Eco Elektro, 2530x1520x400 mm, 1500 Kg - Daltec","isPartOf":{"@id":"https:\/\/daltec.ch\/fr\/#website"},"primaryImageOfPage":{"@id":"https:\/\/daltec.ch\/product\/kipper-13-budget-elektro#primaryimage"},"image":{"@id":"https:\/\/daltec.ch\/product\/kipper-13-budget-elektro#primaryimage"},"thumbnailUrl":"https:\/\/daltec.ch\/wp-content\/uploads\/2024\/10\/167ea340ee2c3d.webp","datePublished":"2024-10-28T13:07:50+00:00","dateModified":"2025-12-01T09:37:00+00:00","breadcrumb":{"@id":"https:\/\/daltec.ch\/product\/kipper-13-budget-elektro#breadcrumb"},"inLanguage":"de-CH","potentialAction":[{"@type":"ReadAction","target":["https:\/\/daltec.ch\/product\/kipper-13-budget-elektro"]}]},{"@type":"ImageObject","inLanguage":"de-CH","@id":"https:\/\/daltec.ch\/product\/kipper-13-budget-elektro#primaryimage","url":"https:\/\/daltec.ch\/wp-content\/uploads\/2024\/10\/167ea340ee2c3d.webp","contentUrl":"https:\/\/daltec.ch\/wp-content\/uploads\/2024\/10\/167ea340ee2c3d.webp","width":1920,"height":1920},{"@type":"BreadcrumbList","@id":"https:\/\/daltec.ch\/product\/kipper-13-budget-elektro#breadcrumb","itemListElement":[{"@type":"ListItem","position":1,"name":"Startseite","item":"https:\/\/daltec.ch\/"},{"@type":"ListItem","position":2,"name":"anhaenger","item":"https:\/\/daltec.ch\/anhaenger"},{"@type":"ListItem","position":3,"name":"Daltec Kipper 15 Eco Elektro, 2530x1520x400 mm, 1500 Kg"}]},{"@type":"WebSite","@id":"https:\/\/daltec.ch\/fr\/#website","url":"https:\/\/daltec.ch\/fr\/","name":"Daltec Trailers","description":"","publisher":{"@id":"https:\/\/daltec.ch\/fr\/#organization"},"potentialAction":[{"@type":"SearchAction","target":{"@type":"EntryPoint","urlTemplate":"https:\/\/daltec.ch\/fr\/?s={search_term_string}"},"query-input":{"@type":"PropertyValueSpecification","valueRequired":true,"valueName":"search_term_string"}}],"inLanguage":"de-CH"},{"@type":"Organization","@id":"https:\/\/daltec.ch\/fr\/#organization","name":"Daltec AG","url":"https:\/\/daltec.ch\/fr\/","logo":{"@type":"ImageObject","inLanguage":"de-CH","@id":"https:\/\/daltec.ch\/fr\/#\/schema\/logo\/image\/","url":"https:\/\/daltec.ch\/wp-content\/uploads\/2025\/08\/dlteclogo.webp","contentUrl":"https:\/\/daltec.ch\/wp-content\/uploads\/2025\/08\/dlteclogo.webp","width":500,"height":195,"caption":"Daltec AG"},"image":{"@id":"https:\/\/daltec.ch\/fr\/#\/schema\/logo\/image\/"},"sameAs":["https:\/\/www.facebook.com\/DaltecAG"]}]}},"_links":{"self":[{"href":"https:\/\/daltec.ch\/de\/wp-json\/wp\/v2\/product\/1943","targetHints":{"allow":["GET"]}}],"collection":[{"href":"https:\/\/daltec.ch\/de\/wp-json\/wp\/v2\/product"}],"about":[{"href":"https:\/\/daltec.ch\/de\/wp-json\/wp\/v2\/types\/product"}],"replies":[{"embeddable":true,"href":"https:\/\/daltec.ch\/de\/wp-json\/wp\/v2\/comments?post=1943"}],"wp:featuredmedia":[{"embeddable":true,"href":"https:\/\/daltec.ch\/de\/wp-json\/wp\/v2\/media\/4041"}],"wp:attachment":[{"href":"https:\/\/daltec.ch\/de\/wp-json\/wp\/v2\/media?parent=1943"}],"wp:term":[{"taxonomy":"product_brand","embeddable":true,"href":"https:\/\/daltec.ch\/de\/wp-json\/wp\/v2\/product_brand?post=1943"},{"taxonomy":"product_cat","embeddable":true,"href":"https:\/\/daltec.ch\/de\/wp-json\/wp\/v2\/product_cat?post=1943"},{"taxonomy":"product_tag","embeddable":true,"href":"https:\/\/daltec.ch\/de\/wp-json\/wp\/v2\/product_tag?post=1943"}],"curies":[{"name":"wp","href":"https:\/\/api.w.org\/{rel}","templated":true}]}}