{"id":1947,"date":"2024-10-29T13:13:05","date_gmt":"2024-10-29T13:13:05","guid":{"rendered":"https:\/\/demo.shrinkwaterindia.com\/?post_type=product&#038;p=1947"},"modified":"2025-06-04T15:31:04","modified_gmt":"2025-06-04T15:31:04","slug":"bt-1300-alu","status":"publish","type":"product","link":"https:\/\/daltec.ch\/de\/product\/bt-1300-alu","title":{"rendered":"Daltec BT 1300 ALU 6430&#215;1720 mm"},"content":{"rendered":"<p>Boottransportanh\u00e4nger aus Aluminium. Die leichtere Konstruktion erm\u00f6glicht die Bef\u00f6rderung von schweren Lasten und beh\u00e4lt die gleiche Robustheit. Die beweglichen Rollen, einstellbare Lichtrampe und die einfach bedienbare Seilwinde Vorne sorgen f\u00fcr ein problemsloses Be- und Entladen eures Bootes.<\/p>\n<h4>Serienausstattung:<\/h4>\n<p>Gesamtmassen: 7830 x 2170 x 1680 mm Fahrgestell: Grundrahmen Aluminium, geschraubt. V-Deichsel vorne mit Kugelkupplung. 1x gebremste Achse mit Handbremse und R\u00fcckmatik. St\u00fctzrad vorne. Kotfl\u00fcgel mit Kotschutzlappen. Beleuchtungseinheit 12V, 13Pol. Aufbau: Seitliche St\u00fctzen mit Rollen, mittlere F\u00fchrungsrollen, Vorne Bugst\u00fctze mit Handseilwinde. Lichtrampe in der L\u00e4nge verstellbar Hinten.<\/p>\n","protected":false},"excerpt":{"rendered":"<h5>Preis: Siehe Preisliste auf Startseite<\/h5>\n<p>Bootsanh\u00e4nger voll Aluminium! Leichte Konstruktion und lange Lebensdauer!<\/p>\n<h4>Technische Daten:<\/h4>\n<table class=\"table\">\n<tbody>\n<tr>\n<th>L\u00e4nge<\/th>\n<td>6430 <small>mm<\/small><\/td>\n<\/tr>\n<tr>\n<th>Breite<\/th>\n<td>1720 <small>mm<\/small><\/td>\n<\/tr>\n<tr>\n<th>Gesamtgewicht<\/th>\n<td>1300 <small>kg<\/small><\/td>\n<\/tr>\n<tr>\n<th>Nutzlast<\/th>\n<td><small>988 kg<\/small><\/td>\n<\/tr>\n<tr>\n<th>R\u00e4der<\/th>\n<td>185 R 14 C<\/td>\n<\/tr>\n<\/tbody>\n<\/table>\n<h4>Optionen:<\/h4>\n<table>\n<tbody>\n<tr>\n<td>Andere St\u00fctzen m\u00f6glich<\/td>\n<td>0 CHF<\/td>\n<\/tr>\n<tr>\n<td>Zus\u00e4tzliche St\u00fctze mit Gummirollen, St\u00fcck<\/td>\n<td>120 CHF<\/td>\n<\/tr>\n<tr>\n<td>Zus\u00e4tzliche St\u00fctze mit Seitenrollen, St\u00fcck<\/td>\n<td>120 CHF<\/td>\n<\/tr>\n<tr>\n<td>Hohe St\u00fctzen f\u00fcr Segelschiffe<\/td>\n<td>0 CHF<\/td>\n<\/tr>\n<\/tbody>\n<\/table>\n","protected":false},"featured_media":2865,"comment_status":"open","ping_status":"closed","template":"","meta":{"_acf_changed":false},"product_brand":[],"product_cat":[227,22],"product_tag":[],"class_list":{"0":"post-1947","1":"product","2":"type-product","3":"status-publish","4":"has-post-thumbnail","6":"product_cat-boottransportanhaenger","7":"product_cat-sportgeraete-transportanhaenger","9":"first","10":"instock","11":"featured","12":"shipping-taxable","13":"purchasable","14":"product-type-simple"},"acf":[],"yoast_head":"<!-- This site is optimized with the Yoast SEO plugin v27.4 - https:\/\/yoast.com\/product\/yoast-seo-wordpress\/ -->\n<title>Daltec BT 1300 ALU 6430x1720 mm - Daltec<\/title>\n<meta name=\"robots\" content=\"index, follow, max-snippet:-1, max-image-preview:large, max-video-preview:-1\" \/>\n<link rel=\"canonical\" href=\"https:\/\/daltec.ch\/de\/product\/bt-1300-alu\/\" \/>\n<meta property=\"og:locale\" content=\"de_DE\" \/>\n<meta property=\"og:type\" content=\"article\" \/>\n<meta property=\"og:title\" content=\"Daltec BT 1300 ALU 6430x1720 mm - Daltec\" \/>\n<meta property=\"og:description\" content=\"Preis: Siehe Preisliste auf Startseite Bootsanh\u00e4nger voll Aluminium! Leichte Konstruktion und lange Lebensdauer! Technische Daten:    L\u00e4nge 6430 mm   Breite 1720 mm   Gesamtgewicht 1300 kg   Nutzlast 988 kg   R\u00e4der 185 R 14 C    Optionen:    Andere St\u00fctzen m\u00f6glich 0 CHF   Zus\u00e4tzliche St\u00fctze mit Gummirollen, St\u00fcck 120 CHF   Zus\u00e4tzliche St\u00fctze mit Seitenrollen, St\u00fcck 120 CHF   Hohe St\u00fctzen f\u00fcr Segelschiffe 0 CHF\" \/>\n<meta property=\"og:url\" content=\"https:\/\/daltec.ch\/de\/product\/bt-1300-alu\/\" \/>\n<meta property=\"og:site_name\" content=\"Daltec\" \/>\n<meta property=\"article:publisher\" content=\"https:\/\/www.facebook.com\/DaltecAG\" \/>\n<meta property=\"article:modified_time\" content=\"2025-06-04T15:31:04+00:00\" \/>\n<meta property=\"og:image\" content=\"https:\/\/daltec.ch\/wp-content\/uploads\/2024\/10\/BT-1300-Temared_1666941a7cf084-1.jpg\" \/>\n\t<meta property=\"og:image:width\" content=\"700\" \/>\n\t<meta property=\"og:image:height\" content=\"700\" \/>\n\t<meta property=\"og:image:type\" content=\"image\/jpeg\" \/>\n<meta name=\"twitter:card\" content=\"summary_large_image\" \/>\n<script type=\"application\/ld+json\" class=\"yoast-schema-graph\">{\"@context\":\"https:\\\/\\\/schema.org\",\"@graph\":[{\"@type\":\"WebPage\",\"@id\":\"https:\\\/\\\/daltec.ch\\\/product\\\/bt-1300-alu\",\"url\":\"https:\\\/\\\/daltec.ch\\\/product\\\/bt-1300-alu\",\"name\":\"Daltec BT 1300 ALU 6430x1720 mm - Daltec\",\"isPartOf\":{\"@id\":\"https:\\\/\\\/daltec.ch\\\/fr\\\/#website\"},\"primaryImageOfPage\":{\"@id\":\"https:\\\/\\\/daltec.ch\\\/product\\\/bt-1300-alu#primaryimage\"},\"image\":{\"@id\":\"https:\\\/\\\/daltec.ch\\\/product\\\/bt-1300-alu#primaryimage\"},\"thumbnailUrl\":\"https:\\\/\\\/daltec.ch\\\/wp-content\\\/uploads\\\/2024\\\/10\\\/BT-1300-Temared_1666941a7cf084-1.jpg\",\"datePublished\":\"2024-10-29T13:13:05+00:00\",\"dateModified\":\"2025-06-04T15:31:04+00:00\",\"breadcrumb\":{\"@id\":\"https:\\\/\\\/daltec.ch\\\/product\\\/bt-1300-alu#breadcrumb\"},\"inLanguage\":\"de-CH\",\"potentialAction\":[{\"@type\":\"ReadAction\",\"target\":[\"https:\\\/\\\/daltec.ch\\\/product\\\/bt-1300-alu\"]}]},{\"@type\":\"ImageObject\",\"inLanguage\":\"de-CH\",\"@id\":\"https:\\\/\\\/daltec.ch\\\/product\\\/bt-1300-alu#primaryimage\",\"url\":\"https:\\\/\\\/daltec.ch\\\/wp-content\\\/uploads\\\/2024\\\/10\\\/BT-1300-Temared_1666941a7cf084-1.jpg\",\"contentUrl\":\"https:\\\/\\\/daltec.ch\\\/wp-content\\\/uploads\\\/2024\\\/10\\\/BT-1300-Temared_1666941a7cf084-1.jpg\",\"width\":700,\"height\":700},{\"@type\":\"BreadcrumbList\",\"@id\":\"https:\\\/\\\/daltec.ch\\\/product\\\/bt-1300-alu#breadcrumb\",\"itemListElement\":[{\"@type\":\"ListItem\",\"position\":1,\"name\":\"Startseite\",\"item\":\"https:\\\/\\\/daltec.ch\\\/\"},{\"@type\":\"ListItem\",\"position\":2,\"name\":\"anhaenger\",\"item\":\"https:\\\/\\\/daltec.ch\\\/anhaenger\"},{\"@type\":\"ListItem\",\"position\":3,\"name\":\"Daltec BT 1300 ALU 6430&#215;1720 mm\"}]},{\"@type\":\"WebSite\",\"@id\":\"https:\\\/\\\/daltec.ch\\\/fr\\\/#website\",\"url\":\"https:\\\/\\\/daltec.ch\\\/fr\\\/\",\"name\":\"Daltec Trailers\",\"description\":\"\",\"publisher\":{\"@id\":\"https:\\\/\\\/daltec.ch\\\/fr\\\/#organization\"},\"potentialAction\":[{\"@type\":\"SearchAction\",\"target\":{\"@type\":\"EntryPoint\",\"urlTemplate\":\"https:\\\/\\\/daltec.ch\\\/fr\\\/?s={search_term_string}\"},\"query-input\":{\"@type\":\"PropertyValueSpecification\",\"valueRequired\":true,\"valueName\":\"search_term_string\"}}],\"inLanguage\":\"de-CH\"},{\"@type\":\"Organization\",\"@id\":\"https:\\\/\\\/daltec.ch\\\/fr\\\/#organization\",\"name\":\"Daltec AG\",\"url\":\"https:\\\/\\\/daltec.ch\\\/fr\\\/\",\"logo\":{\"@type\":\"ImageObject\",\"inLanguage\":\"de-CH\",\"@id\":\"https:\\\/\\\/daltec.ch\\\/fr\\\/#\\\/schema\\\/logo\\\/image\\\/\",\"url\":\"https:\\\/\\\/daltec.ch\\\/wp-content\\\/uploads\\\/2025\\\/08\\\/dlteclogo.webp\",\"contentUrl\":\"https:\\\/\\\/daltec.ch\\\/wp-content\\\/uploads\\\/2025\\\/08\\\/dlteclogo.webp\",\"width\":500,\"height\":195,\"caption\":\"Daltec AG\"},\"image\":{\"@id\":\"https:\\\/\\\/daltec.ch\\\/fr\\\/#\\\/schema\\\/logo\\\/image\\\/\"},\"sameAs\":[\"https:\\\/\\\/www.facebook.com\\\/DaltecAG\"]}]}<\/script>\n<!-- \/ Yoast SEO plugin. -->","yoast_head_json":{"title":"Daltec BT 1300 ALU 6430x1720 mm - Daltec","robots":{"index":"index","follow":"follow","max-snippet":"max-snippet:-1","max-image-preview":"max-image-preview:large","max-video-preview":"max-video-preview:-1"},"canonical":"https:\/\/daltec.ch\/de\/product\/bt-1300-alu\/","og_locale":"de_DE","og_type":"article","og_title":"Daltec BT 1300 ALU 6430x1720 mm - Daltec","og_description":"Preis: Siehe Preisliste auf Startseite Bootsanh\u00e4nger voll Aluminium! Leichte Konstruktion und lange Lebensdauer! Technische Daten:    L\u00e4nge 6430 mm   Breite 1720 mm   Gesamtgewicht 1300 kg   Nutzlast 988 kg   R\u00e4der 185 R 14 C    Optionen:    Andere St\u00fctzen m\u00f6glich 0 CHF   Zus\u00e4tzliche St\u00fctze mit Gummirollen, St\u00fcck 120 CHF   Zus\u00e4tzliche St\u00fctze mit Seitenrollen, St\u00fcck 120 CHF   Hohe St\u00fctzen f\u00fcr Segelschiffe 0 CHF","og_url":"https:\/\/daltec.ch\/de\/product\/bt-1300-alu\/","og_site_name":"Daltec","article_publisher":"https:\/\/www.facebook.com\/DaltecAG","article_modified_time":"2025-06-04T15:31:04+00:00","og_image":[{"width":700,"height":700,"url":"https:\/\/daltec.ch\/wp-content\/uploads\/2024\/10\/BT-1300-Temared_1666941a7cf084-1.jpg","type":"image\/jpeg"}],"twitter_card":"summary_large_image","schema":{"@context":"https:\/\/schema.org","@graph":[{"@type":"WebPage","@id":"https:\/\/daltec.ch\/product\/bt-1300-alu","url":"https:\/\/daltec.ch\/product\/bt-1300-alu","name":"Daltec BT 1300 ALU 6430x1720 mm - Daltec","isPartOf":{"@id":"https:\/\/daltec.ch\/fr\/#website"},"primaryImageOfPage":{"@id":"https:\/\/daltec.ch\/product\/bt-1300-alu#primaryimage"},"image":{"@id":"https:\/\/daltec.ch\/product\/bt-1300-alu#primaryimage"},"thumbnailUrl":"https:\/\/daltec.ch\/wp-content\/uploads\/2024\/10\/BT-1300-Temared_1666941a7cf084-1.jpg","datePublished":"2024-10-29T13:13:05+00:00","dateModified":"2025-06-04T15:31:04+00:00","breadcrumb":{"@id":"https:\/\/daltec.ch\/product\/bt-1300-alu#breadcrumb"},"inLanguage":"de-CH","potentialAction":[{"@type":"ReadAction","target":["https:\/\/daltec.ch\/product\/bt-1300-alu"]}]},{"@type":"ImageObject","inLanguage":"de-CH","@id":"https:\/\/daltec.ch\/product\/bt-1300-alu#primaryimage","url":"https:\/\/daltec.ch\/wp-content\/uploads\/2024\/10\/BT-1300-Temared_1666941a7cf084-1.jpg","contentUrl":"https:\/\/daltec.ch\/wp-content\/uploads\/2024\/10\/BT-1300-Temared_1666941a7cf084-1.jpg","width":700,"height":700},{"@type":"BreadcrumbList","@id":"https:\/\/daltec.ch\/product\/bt-1300-alu#breadcrumb","itemListElement":[{"@type":"ListItem","position":1,"name":"Startseite","item":"https:\/\/daltec.ch\/"},{"@type":"ListItem","position":2,"name":"anhaenger","item":"https:\/\/daltec.ch\/anhaenger"},{"@type":"ListItem","position":3,"name":"Daltec BT 1300 ALU 6430&#215;1720 mm"}]},{"@type":"WebSite","@id":"https:\/\/daltec.ch\/fr\/#website","url":"https:\/\/daltec.ch\/fr\/","name":"Daltec Trailers","description":"","publisher":{"@id":"https:\/\/daltec.ch\/fr\/#organization"},"potentialAction":[{"@type":"SearchAction","target":{"@type":"EntryPoint","urlTemplate":"https:\/\/daltec.ch\/fr\/?s={search_term_string}"},"query-input":{"@type":"PropertyValueSpecification","valueRequired":true,"valueName":"search_term_string"}}],"inLanguage":"de-CH"},{"@type":"Organization","@id":"https:\/\/daltec.ch\/fr\/#organization","name":"Daltec AG","url":"https:\/\/daltec.ch\/fr\/","logo":{"@type":"ImageObject","inLanguage":"de-CH","@id":"https:\/\/daltec.ch\/fr\/#\/schema\/logo\/image\/","url":"https:\/\/daltec.ch\/wp-content\/uploads\/2025\/08\/dlteclogo.webp","contentUrl":"https:\/\/daltec.ch\/wp-content\/uploads\/2025\/08\/dlteclogo.webp","width":500,"height":195,"caption":"Daltec AG"},"image":{"@id":"https:\/\/daltec.ch\/fr\/#\/schema\/logo\/image\/"},"sameAs":["https:\/\/www.facebook.com\/DaltecAG"]}]}},"_links":{"self":[{"href":"https:\/\/daltec.ch\/de\/wp-json\/wp\/v2\/product\/1947","targetHints":{"allow":["GET"]}}],"collection":[{"href":"https:\/\/daltec.ch\/de\/wp-json\/wp\/v2\/product"}],"about":[{"href":"https:\/\/daltec.ch\/de\/wp-json\/wp\/v2\/types\/product"}],"replies":[{"embeddable":true,"href":"https:\/\/daltec.ch\/de\/wp-json\/wp\/v2\/comments?post=1947"}],"wp:featuredmedia":[{"embeddable":true,"href":"https:\/\/daltec.ch\/de\/wp-json\/wp\/v2\/media\/2865"}],"wp:attachment":[{"href":"https:\/\/daltec.ch\/de\/wp-json\/wp\/v2\/media?parent=1947"}],"wp:term":[{"taxonomy":"product_brand","embeddable":true,"href":"https:\/\/daltec.ch\/de\/wp-json\/wp\/v2\/product_brand?post=1947"},{"taxonomy":"product_cat","embeddable":true,"href":"https:\/\/daltec.ch\/de\/wp-json\/wp\/v2\/product_cat?post=1947"},{"taxonomy":"product_tag","embeddable":true,"href":"https:\/\/daltec.ch\/de\/wp-json\/wp\/v2\/product_tag?post=1947"}],"curies":[{"name":"wp","href":"https:\/\/api.w.org\/{rel}","templated":true}]}}