{"id":1971,"date":"2024-11-27T16:27:17","date_gmt":"2024-11-27T16:27:17","guid":{"rendered":"https:\/\/daltec.ch\/?post_type=product&#038;p=1971"},"modified":"2025-06-17T15:34:40","modified_gmt":"2025-06-17T15:34:40","slug":"madeira-full","status":"publish","type":"product","link":"https:\/\/daltec.ch\/de\/product\/madeira-full","title":{"rendered":"Daltec Madeira Full, 2500x2000x2300 mm, 1300 Kg"},"content":{"rendered":"<p><strong><em>Preis: Siehe Preisliste auf Startseite<\/em><\/strong><\/p>\n<p>Einachsiger Gewerbeanh\u00e4nger mit zwei Verkaufsfenstern. Der Anh\u00e4nger ist mit einer Verkaufstheke mit Kundenregal, \u00fcber der Verkaufs\u00f6ffnung h\u00e4ngenden Schr\u00e4nken, Regalen unter der Theke und einer 230V-Installation ausgestattet. Er kann zus\u00e4tzlich mit einem Schrank mit Sp\u00fcle, mit einer 12V-Wasserinstallation, einem Gasschrank mit T\u00fcr und einer modernen Elektroinstallation in LED-Technik ausgestattet werden.<br \/>\nTOMPLAN-Gewerbeanh\u00e4nger werden aus einer modernen Fliesentechnologie vom Typ &#171;Sandwich&#187; hergestellt. Die \u00e4u\u00dfere und innere Schale der Wand ist etwa 30 mm dick und besteht aus Polyesterlaminat, die W\u00e4rmed\u00e4mmung aus XPS-Styrodur. Eine solche Isolierung hat einen erheblichen Vorteil gegen\u00fcber gew\u00f6hnlichem gesch\u00e4umten Polystyrol durch eine viel bessere W\u00e4rmed\u00e4mmung, gr\u00f6\u00dfere Steifigkeit und mechanische Festigkeit sowie Best\u00e4ndigkeit gegen Feuchtigkeit und Wasserdampfdiffusion.<br \/>\nDie abgerundeten Ecken der Anh\u00e4nger gew\u00e4hrleisten eine ausgezeichnete Dichtigkeit (keine Fugen) und erm\u00f6glichen einen sehr guten Wasserabfluss vom Dach.<\/p>\n<h4>Serienausstattung:<\/h4>\n<p>Konstruktion aus Sandwichpaneelen \u00c4u\u00dfere und innere Schale aus Polyesterlaminat W\u00e4rmed\u00e4mmung aus XPS-Styrodur Anzahl der Verkaufsfenster: 2 St\u00fctzrad mit Klemme Verstellbare Eckst\u00fctzen 4 Stk. Kurbel f\u00fcr St\u00fctzen Einstiegsstufe an der Deichsel Standardausstattung: Verkaufstheke, h\u00e4ngende Regale \u00fcber der Verkaufs\u00f6ffnung, Regal unter der Theke, f\u00fcr den Kunden ge\u00f6ffnetes Regal 230-V-Installation (hermetische Doppelsteckdose, Innenbeleuchtung) Die TOMPLAN-Handelsanh\u00e4nger werden mit moderner Sandwichziegeltechnologie hergestellt. Die Au\u00dfen- und Innenschale der etwa 30 mm dicken Wand besteht aus einem Polyesterlaminat, die W\u00e4rmed\u00e4mmung aus XPS-Styrodur. Diese Isolierung bietet aufgrund der wesentlich besseren W\u00e4rmed\u00e4mmung, der h\u00f6heren Steifigkeit und mechanischen Festigkeit sowie des Widerstands gegen Feuchtigkeit und Wasserdampfdiffusion einen erheblichen Vorteil gegen\u00fcber gew\u00f6hnlichem Styropor. Die abgerundeten Ecken der Anh\u00e4nger sorgen f\u00fcr eine ausgezeichnete Wasserdichtigkeit (keine Fugen) und erm\u00f6glichen einen sehr guten Wasserabfluss vom Dach.<\/p>\n","protected":false},"excerpt":{"rendered":"<h5>Preis: Siehe Preisliste auf Startseite<\/h5>\n<h4>Technische Daten<\/h4>\n<table class=\"table\">\n<tbody>\n<tr>\n<th>L\u00e4nge<\/th>\n<td>2500 <small>mm<\/small><\/td>\n<\/tr>\n<tr>\n<th>Breite<\/th>\n<td>2000 <small>mm<\/small><\/td>\n<\/tr>\n<tr>\n<th>H\u00f6he<\/th>\n<td>2300 <small>mm<\/small><\/td>\n<\/tr>\n<tr>\n<th>Achsen<\/th>\n<td>1<small><\/small><\/td>\n<\/tr>\n<tr>\n<th>Gesamtgewicht<\/th>\n<td>1300 <small>kg<\/small><\/td>\n<\/tr>\n<tr>\n<th>Nutzlast<\/th>\n<td>655 <small>kg<\/small><\/td>\n<\/tr>\n<tr>\n<th>R\u00e4der<\/th>\n<td>165 R13C<\/td>\n<\/tr>\n<\/tbody>\n<\/table>\n","protected":false},"featured_media":817,"comment_status":"open","ping_status":"closed","template":"","meta":{"_acf_changed":false},"product_brand":[],"product_cat":[31],"product_tag":[],"class_list":{"0":"post-1971","1":"product","2":"type-product","3":"status-publish","4":"has-post-thumbnail","6":"product_cat-verkaufsfanhaenger","8":"first","9":"instock","10":"featured","11":"shipping-taxable","12":"purchasable","13":"product-type-simple"},"acf":[],"yoast_head":"<!-- This site is optimized with the Yoast SEO plugin v27.4 - https:\/\/yoast.com\/product\/yoast-seo-wordpress\/ -->\n<title>Daltec Madeira Full, 2500x2000x2300 mm, 1300 Kg - Daltec<\/title>\n<meta name=\"robots\" content=\"index, follow, max-snippet:-1, max-image-preview:large, max-video-preview:-1\" \/>\n<link rel=\"canonical\" href=\"https:\/\/daltec.ch\/de\/product\/madeira-full\/\" \/>\n<meta property=\"og:locale\" content=\"de_DE\" \/>\n<meta property=\"og:type\" content=\"article\" \/>\n<meta property=\"og:title\" content=\"Daltec Madeira Full, 2500x2000x2300 mm, 1300 Kg - Daltec\" \/>\n<meta property=\"og:description\" content=\"Preis: Siehe Preisliste auf Startseite Technische Daten    L\u00e4nge 2500 mm   Breite 2000 mm   H\u00f6he 2300 mm   Achsen 1   Gesamtgewicht 1300 kg   Nutzlast 655 kg   R\u00e4der 165 R13C\" \/>\n<meta property=\"og:url\" content=\"https:\/\/daltec.ch\/de\/product\/madeira-full\/\" \/>\n<meta property=\"og:site_name\" content=\"Daltec\" \/>\n<meta property=\"article:publisher\" content=\"https:\/\/www.facebook.com\/DaltecAG\" \/>\n<meta property=\"article:modified_time\" content=\"2025-06-17T15:34:40+00:00\" \/>\n<meta property=\"og:image\" content=\"https:\/\/daltec.ch\/wp-content\/uploads\/2024\/05\/iceland-2_9_1548078590.webp\" \/>\n\t<meta property=\"og:image:width\" content=\"800\" \/>\n\t<meta property=\"og:image:height\" content=\"580\" \/>\n\t<meta property=\"og:image:type\" content=\"image\/webp\" \/>\n<meta name=\"twitter:card\" content=\"summary_large_image\" \/>\n<meta name=\"twitter:label1\" content=\"Gesch\u00e4tzte Lesezeit\" \/>\n\t<meta name=\"twitter:data1\" content=\"1\u00a0Minute\" \/>\n<script type=\"application\/ld+json\" class=\"yoast-schema-graph\">{\"@context\":\"https:\\\/\\\/schema.org\",\"@graph\":[{\"@type\":\"WebPage\",\"@id\":\"https:\\\/\\\/daltec.ch\\\/product\\\/madeira-full\",\"url\":\"https:\\\/\\\/daltec.ch\\\/product\\\/madeira-full\",\"name\":\"Daltec Madeira Full, 2500x2000x2300 mm, 1300 Kg - Daltec\",\"isPartOf\":{\"@id\":\"https:\\\/\\\/daltec.ch\\\/fr\\\/#website\"},\"primaryImageOfPage\":{\"@id\":\"https:\\\/\\\/daltec.ch\\\/product\\\/madeira-full#primaryimage\"},\"image\":{\"@id\":\"https:\\\/\\\/daltec.ch\\\/product\\\/madeira-full#primaryimage\"},\"thumbnailUrl\":\"https:\\\/\\\/daltec.ch\\\/wp-content\\\/uploads\\\/2024\\\/05\\\/iceland-2_9_1548078590.webp\",\"datePublished\":\"2024-11-27T16:27:17+00:00\",\"dateModified\":\"2025-06-17T15:34:40+00:00\",\"breadcrumb\":{\"@id\":\"https:\\\/\\\/daltec.ch\\\/product\\\/madeira-full#breadcrumb\"},\"inLanguage\":\"de-CH\",\"potentialAction\":[{\"@type\":\"ReadAction\",\"target\":[\"https:\\\/\\\/daltec.ch\\\/product\\\/madeira-full\"]}]},{\"@type\":\"ImageObject\",\"inLanguage\":\"de-CH\",\"@id\":\"https:\\\/\\\/daltec.ch\\\/product\\\/madeira-full#primaryimage\",\"url\":\"https:\\\/\\\/daltec.ch\\\/wp-content\\\/uploads\\\/2024\\\/05\\\/iceland-2_9_1548078590.webp\",\"contentUrl\":\"https:\\\/\\\/daltec.ch\\\/wp-content\\\/uploads\\\/2024\\\/05\\\/iceland-2_9_1548078590.webp\",\"width\":800,\"height\":580},{\"@type\":\"BreadcrumbList\",\"@id\":\"https:\\\/\\\/daltec.ch\\\/product\\\/madeira-full#breadcrumb\",\"itemListElement\":[{\"@type\":\"ListItem\",\"position\":1,\"name\":\"Startseite\",\"item\":\"https:\\\/\\\/daltec.ch\\\/\"},{\"@type\":\"ListItem\",\"position\":2,\"name\":\"anhaenger\",\"item\":\"https:\\\/\\\/daltec.ch\\\/anhaenger\"},{\"@type\":\"ListItem\",\"position\":3,\"name\":\"Daltec Madeira Full, 2500x2000x2300 mm, 1300 Kg\"}]},{\"@type\":\"WebSite\",\"@id\":\"https:\\\/\\\/daltec.ch\\\/fr\\\/#website\",\"url\":\"https:\\\/\\\/daltec.ch\\\/fr\\\/\",\"name\":\"Daltec Trailers\",\"description\":\"\",\"publisher\":{\"@id\":\"https:\\\/\\\/daltec.ch\\\/fr\\\/#organization\"},\"potentialAction\":[{\"@type\":\"SearchAction\",\"target\":{\"@type\":\"EntryPoint\",\"urlTemplate\":\"https:\\\/\\\/daltec.ch\\\/fr\\\/?s={search_term_string}\"},\"query-input\":{\"@type\":\"PropertyValueSpecification\",\"valueRequired\":true,\"valueName\":\"search_term_string\"}}],\"inLanguage\":\"de-CH\"},{\"@type\":\"Organization\",\"@id\":\"https:\\\/\\\/daltec.ch\\\/fr\\\/#organization\",\"name\":\"Daltec AG\",\"url\":\"https:\\\/\\\/daltec.ch\\\/fr\\\/\",\"logo\":{\"@type\":\"ImageObject\",\"inLanguage\":\"de-CH\",\"@id\":\"https:\\\/\\\/daltec.ch\\\/fr\\\/#\\\/schema\\\/logo\\\/image\\\/\",\"url\":\"https:\\\/\\\/daltec.ch\\\/wp-content\\\/uploads\\\/2025\\\/08\\\/dlteclogo.webp\",\"contentUrl\":\"https:\\\/\\\/daltec.ch\\\/wp-content\\\/uploads\\\/2025\\\/08\\\/dlteclogo.webp\",\"width\":500,\"height\":195,\"caption\":\"Daltec AG\"},\"image\":{\"@id\":\"https:\\\/\\\/daltec.ch\\\/fr\\\/#\\\/schema\\\/logo\\\/image\\\/\"},\"sameAs\":[\"https:\\\/\\\/www.facebook.com\\\/DaltecAG\"]}]}<\/script>\n<!-- \/ Yoast SEO plugin. -->","yoast_head_json":{"title":"Daltec Madeira Full, 2500x2000x2300 mm, 1300 Kg - Daltec","robots":{"index":"index","follow":"follow","max-snippet":"max-snippet:-1","max-image-preview":"max-image-preview:large","max-video-preview":"max-video-preview:-1"},"canonical":"https:\/\/daltec.ch\/de\/product\/madeira-full\/","og_locale":"de_DE","og_type":"article","og_title":"Daltec Madeira Full, 2500x2000x2300 mm, 1300 Kg - Daltec","og_description":"Preis: Siehe Preisliste auf Startseite Technische Daten    L\u00e4nge 2500 mm   Breite 2000 mm   H\u00f6he 2300 mm   Achsen 1   Gesamtgewicht 1300 kg   Nutzlast 655 kg   R\u00e4der 165 R13C","og_url":"https:\/\/daltec.ch\/de\/product\/madeira-full\/","og_site_name":"Daltec","article_publisher":"https:\/\/www.facebook.com\/DaltecAG","article_modified_time":"2025-06-17T15:34:40+00:00","og_image":[{"width":800,"height":580,"url":"https:\/\/daltec.ch\/wp-content\/uploads\/2024\/05\/iceland-2_9_1548078590.webp","type":"image\/webp"}],"twitter_card":"summary_large_image","twitter_misc":{"Gesch\u00e4tzte Lesezeit":"1\u00a0Minute"},"schema":{"@context":"https:\/\/schema.org","@graph":[{"@type":"WebPage","@id":"https:\/\/daltec.ch\/product\/madeira-full","url":"https:\/\/daltec.ch\/product\/madeira-full","name":"Daltec Madeira Full, 2500x2000x2300 mm, 1300 Kg - Daltec","isPartOf":{"@id":"https:\/\/daltec.ch\/fr\/#website"},"primaryImageOfPage":{"@id":"https:\/\/daltec.ch\/product\/madeira-full#primaryimage"},"image":{"@id":"https:\/\/daltec.ch\/product\/madeira-full#primaryimage"},"thumbnailUrl":"https:\/\/daltec.ch\/wp-content\/uploads\/2024\/05\/iceland-2_9_1548078590.webp","datePublished":"2024-11-27T16:27:17+00:00","dateModified":"2025-06-17T15:34:40+00:00","breadcrumb":{"@id":"https:\/\/daltec.ch\/product\/madeira-full#breadcrumb"},"inLanguage":"de-CH","potentialAction":[{"@type":"ReadAction","target":["https:\/\/daltec.ch\/product\/madeira-full"]}]},{"@type":"ImageObject","inLanguage":"de-CH","@id":"https:\/\/daltec.ch\/product\/madeira-full#primaryimage","url":"https:\/\/daltec.ch\/wp-content\/uploads\/2024\/05\/iceland-2_9_1548078590.webp","contentUrl":"https:\/\/daltec.ch\/wp-content\/uploads\/2024\/05\/iceland-2_9_1548078590.webp","width":800,"height":580},{"@type":"BreadcrumbList","@id":"https:\/\/daltec.ch\/product\/madeira-full#breadcrumb","itemListElement":[{"@type":"ListItem","position":1,"name":"Startseite","item":"https:\/\/daltec.ch\/"},{"@type":"ListItem","position":2,"name":"anhaenger","item":"https:\/\/daltec.ch\/anhaenger"},{"@type":"ListItem","position":3,"name":"Daltec Madeira Full, 2500x2000x2300 mm, 1300 Kg"}]},{"@type":"WebSite","@id":"https:\/\/daltec.ch\/fr\/#website","url":"https:\/\/daltec.ch\/fr\/","name":"Daltec Trailers","description":"","publisher":{"@id":"https:\/\/daltec.ch\/fr\/#organization"},"potentialAction":[{"@type":"SearchAction","target":{"@type":"EntryPoint","urlTemplate":"https:\/\/daltec.ch\/fr\/?s={search_term_string}"},"query-input":{"@type":"PropertyValueSpecification","valueRequired":true,"valueName":"search_term_string"}}],"inLanguage":"de-CH"},{"@type":"Organization","@id":"https:\/\/daltec.ch\/fr\/#organization","name":"Daltec AG","url":"https:\/\/daltec.ch\/fr\/","logo":{"@type":"ImageObject","inLanguage":"de-CH","@id":"https:\/\/daltec.ch\/fr\/#\/schema\/logo\/image\/","url":"https:\/\/daltec.ch\/wp-content\/uploads\/2025\/08\/dlteclogo.webp","contentUrl":"https:\/\/daltec.ch\/wp-content\/uploads\/2025\/08\/dlteclogo.webp","width":500,"height":195,"caption":"Daltec AG"},"image":{"@id":"https:\/\/daltec.ch\/fr\/#\/schema\/logo\/image\/"},"sameAs":["https:\/\/www.facebook.com\/DaltecAG"]}]}},"_links":{"self":[{"href":"https:\/\/daltec.ch\/de\/wp-json\/wp\/v2\/product\/1971","targetHints":{"allow":["GET"]}}],"collection":[{"href":"https:\/\/daltec.ch\/de\/wp-json\/wp\/v2\/product"}],"about":[{"href":"https:\/\/daltec.ch\/de\/wp-json\/wp\/v2\/types\/product"}],"replies":[{"embeddable":true,"href":"https:\/\/daltec.ch\/de\/wp-json\/wp\/v2\/comments?post=1971"}],"wp:featuredmedia":[{"embeddable":true,"href":"https:\/\/daltec.ch\/de\/wp-json\/wp\/v2\/media\/817"}],"wp:attachment":[{"href":"https:\/\/daltec.ch\/de\/wp-json\/wp\/v2\/media?parent=1971"}],"wp:term":[{"taxonomy":"product_brand","embeddable":true,"href":"https:\/\/daltec.ch\/de\/wp-json\/wp\/v2\/product_brand?post=1971"},{"taxonomy":"product_cat","embeddable":true,"href":"https:\/\/daltec.ch\/de\/wp-json\/wp\/v2\/product_cat?post=1971"},{"taxonomy":"product_tag","embeddable":true,"href":"https:\/\/daltec.ch\/de\/wp-json\/wp\/v2\/product_tag?post=1971"}],"curies":[{"name":"wp","href":"https:\/\/api.w.org\/{rel}","templated":true}]}}