{"id":1977,"date":"2024-11-27T17:20:22","date_gmt":"2024-11-27T17:20:22","guid":{"rendered":"https:\/\/daltec.ch\/?post_type=product&#038;p=1977"},"modified":"2025-06-17T15:18:10","modified_gmt":"2025-06-17T15:18:10","slug":"austellung-twsp-550t-01","status":"publish","type":"product","link":"https:\/\/daltec.ch\/de\/product\/austellung-twsp-550t-01","title":{"rendered":"Daltec Austellung TWSP 550T.01 (integrierte Treppe), 5500x2200x2170 mm, 2700 Kg"},"content":{"rendered":"<p><strong><em>Preis: Siehe Preisliste auf Startseite<\/em><\/strong><\/p>\n<p>Der Ausstellungsanh\u00e4nger mit R\u00e4dern unter der Sandwich-Plattform ist ein gebremster Zweiachsanh\u00e4nger. Die 30 mm dicken W\u00e4nde und das Dach, die mit einer hervorragenden XPS-Isolierung gef\u00fcllt sind, bilden einen &#171;isothermischen Monolithen&#187; mit ausgezeichneten Isolationsparametern und werden zum Transport verschiedener Arten von Waren verwendet, die empfindlich auf Temperatur\u00e4nderungen reagieren. Die Innen- und Au\u00dfenbeschichtung des glatten Laminats bietet eine ebene und gleichm\u00e4\u00dfige Oberfl\u00e4che, die sich perfekt f\u00fcr die Anbringung verschiedener Arten von Dauerwerbung eignet.<br \/>\nDie abgerundete Form des K\u00f6rpers sorgt f\u00fcr eine bessere Abdichtung, da keine Fugen entstehen und das Wasser leichter vom Dach abflie\u00dfen kann.<br \/>\nDer Boden besteht aus wasserfestem und rutschfestem Sperrholz und ist mit speziellen Ladegriffen ausgestattet, wodurch das Verladen von Paletten einfach und sicher ist.<br \/>\nDer Anh\u00e4nger ist mit einer Seitenklappe ausgestattet und kann sp\u00e4ter mit einer angeschraubten Hintert\u00fcr, einer Seitent\u00fcr oder einer anderen Seitenklappe nachger\u00fcstet werden.<br \/>\nServicet\u00fcr, eine Wand, die hochgeklappt werden kann und mit einer breiten Treppe mit drei Stufen versehen ist, die durch zwei Schranken gesichert ist.<br \/>\nStromversorgung, kleine Schalttafel mit Sicherungsautomaten sowie 4 Steckdosen 240 V (Euro-Typ).<\/p>\n<h4>Serienausstattung:<\/h4>\n<p>Bei dem Ausstellungsanh\u00e4nger mit R\u00e4dern unter der Sandwich-Plattform handelt es sich um einen gebremsten zweiachsigen Anh\u00e4nger. Die 30 mm dicken W\u00e4nde und das Dach, die mit einer exzellenten XPS-Isolierung gef\u00fcllt sind, bilden einen so genannten &#171;isothermischen Monolithen&#187; mit hervorragenden Isolierungsparametern und werden f\u00fcr den Transport verschiedener Arten von G\u00fctern verwendet, die empfindlich auf Temperaturschwankungen reagieren. Die innere und \u00e4u\u00dfere Ummantelung aus glattem Laminat bietet eine einheitliche ebene Oberfl\u00e4che, die sich perfekt f\u00fcr die Anbringung verschiedener Arten von Dauerwerbung eignet. Die abgerundete Form des K\u00f6rpers sorgt f\u00fcr eine bessere Abdichtung, da Fugen vermieden werden und das Wasser vom Dach besser abflie\u00dfen kann. Der Boden besteht aus wasserfestem, rutschfestem Sperrholz und ist mit speziellen Lastgreifern ausgestattet, die das Beladen mit Paletten einfach und sicher machen. Der Anh\u00e4nger hat eine Seitenklappe und kann mit einer geschraubten Heckt\u00fcr, einer Seitent\u00fcr oder einer weiteren Seitenklappe nachger\u00fcstet werden<\/p>\n","protected":false},"excerpt":{"rendered":"<h5>Preis: Siehe Preisliste auf Startseite<\/h5>\n<p>Anh\u00e4nger mit einer Fl\u00e4che von 9m\u00b2, um Ihre Produkte zu pr\u00e4sentieren.<\/p>\n<h4>Technische Daten:<\/h4>\n<table class=\"table\">\n<tbody>\n<tr>\n<th>L\u00e4nge<\/th>\n<td>5500 <small>mm<\/small><\/td>\n<\/tr>\n<tr>\n<th>Breite<\/th>\n<td>2200 <small>mm<\/small><\/td>\n<\/tr>\n<tr>\n<th>H\u00f6he<\/th>\n<td>2170 <small>mm<\/small><\/td>\n<\/tr>\n<tr>\n<th>Achsen<\/th>\n<td>2<\/td>\n<\/tr>\n<tr>\n<th>Gesamtgewicht<\/th>\n<td>2700 Kg<\/td>\n<\/tr>\n<tr>\n<th>Nutzlast<\/th>\n<td>1162 Kg<\/td>\n<\/tr>\n<tr>\n<th>R\u00e4der<\/th>\n<td>195\/50 R 13 C<small><\/small><\/td>\n<\/tr>\n<\/tbody>\n<\/table>\n<h4>Optionen:<\/h4>\n<table class=\"table\">\n<tbody>\n<tr>\n<th>Seiten-\/hinter-\/vordert\u00fcr mit seitlichen St\u00fctzrad<\/th>\n<td>600 CHF<\/td>\n<\/tr>\n<tr>\n<th>Elektroinstallation 230V<\/th>\n<td>400 CHF<\/td>\n<\/tr>\n<tr>\n<th>Ersatzrad 195\/50 R13 C<\/th>\n<td>200 CHF<\/td>\n<\/tr>\n<tr>\n<th>Ersatzrad 155\/70 R12 C<\/th>\n<td>210 CHF<\/td>\n<\/tr>\n<tr>\n<th>Ersatzrad-Halterung<\/th>\n<td>150 CHF<\/td>\n<\/tr>\n<tr>\n<th>Radabdeckungen 4 Stk<\/th>\n<td>\u00a0 40 CHF<\/td>\n<\/tr>\n<tr>\n<th>Stossd\u00e4mpfer f\u00fcr Achse<\/th>\n<td>100 CHF<small><\/small><\/td>\n<\/tr>\n<\/tbody>\n<\/table>\n<table class=\"table\">\n<tbody>\n<tr>\n<th>Anh\u00e4ngevorrichtung mit Stabilisator Knott<\/th>\n<td>500 CHF<\/td>\n<\/tr>\n<tr>\n<th>Ladungshalterung im Boden (Pos. 1-12: 8 Stk)<\/th>\n<td>130 CHF<\/td>\n<\/tr>\n<\/tbody>\n<\/table>\n<table class=\"table\">\n<tbody>\n<tr>\n<th>Ladungshalterung im Boden (Pos. 13-20: 10 Stk)<\/th>\n<td>160 CHF<\/td>\n<\/tr>\n<\/tbody>\n<\/table>\n","protected":false},"featured_media":1541,"comment_status":"open","ping_status":"closed","template":"","meta":{"_acf_changed":false},"product_brand":[],"product_cat":[33],"product_tag":[],"class_list":{"0":"post-1977","1":"product","2":"type-product","3":"status-publish","4":"has-post-thumbnail","6":"product_cat-eventanhaenger","8":"first","9":"instock","10":"featured","11":"shipping-taxable","12":"purchasable","13":"product-type-simple"},"acf":[],"yoast_head":"<!-- This site is optimized with the Yoast SEO plugin v27.4 - https:\/\/yoast.com\/product\/yoast-seo-wordpress\/ -->\n<title>Daltec Austellung TWSP 550T.01 (integrierte Treppe), 5500x2200x2170 mm, 2700 Kg - Daltec<\/title>\n<meta name=\"robots\" content=\"index, follow, max-snippet:-1, max-image-preview:large, max-video-preview:-1\" \/>\n<link rel=\"canonical\" href=\"https:\/\/daltec.ch\/de\/product\/austellung-twsp-550t-01\/\" \/>\n<meta property=\"og:locale\" content=\"de_DE\" \/>\n<meta property=\"og:type\" content=\"article\" \/>\n<meta property=\"og:title\" content=\"Daltec Austellung TWSP 550T.01 (integrierte Treppe), 5500x2200x2170 mm, 2700 Kg - Daltec\" \/>\n<meta property=\"og:description\" content=\"Preis: Siehe Preisliste auf Startseite Anh\u00e4nger mit einer Fl\u00e4che von 9m\u00b2, um Ihre Produkte zu pr\u00e4sentieren. Technische Daten:    L\u00e4nge 5500 mm   Breite 2200 mm   H\u00f6he 2170 mm   Achsen 2   Gesamtgewicht 2700 Kg   Nutzlast 1162 Kg   R\u00e4der 195\/50 R 13 C    Optionen:    Seiten-\/hinter-\/vordert\u00fcr mit seitlichen St\u00fctzrad 600 CHF   Elektroinstallation 230V 400 CHF   Ersatzrad 195\/50 R13 C 200 CHF   Ersatzrad 155\/70 R12 C 210 CHF   Ersatzrad-Halterung 150 CHF   Radabdeckungen 4 Stk \u00a0 40 CHF   Stossd\u00e4mpfer f\u00fcr Achse 100 CHF       Anh\u00e4ngevorrichtung mit Stabilisator Knott 500 CHF   Ladungshalterung im Boden (Pos. 1-12: 8 Stk) 130 CHF       Ladungshalterung im Boden (Pos. 13-20: 10 Stk) 160 CHF\" \/>\n<meta property=\"og:url\" content=\"https:\/\/daltec.ch\/de\/product\/austellung-twsp-550t-01\/\" \/>\n<meta property=\"og:site_name\" content=\"Daltec\" \/>\n<meta property=\"article:publisher\" content=\"https:\/\/www.facebook.com\/DaltecAG\" \/>\n<meta property=\"article:modified_time\" content=\"2025-06-17T15:18:10+00:00\" \/>\n<meta property=\"og:image\" content=\"https:\/\/daltec.ch\/wp-content\/uploads\/2024\/06\/TWSP-decoupe.jpg\" \/>\n\t<meta property=\"og:image:width\" content=\"1000\" \/>\n\t<meta property=\"og:image:height\" content=\"1000\" \/>\n\t<meta property=\"og:image:type\" content=\"image\/jpeg\" \/>\n<meta name=\"twitter:card\" content=\"summary_large_image\" \/>\n<meta name=\"twitter:label1\" content=\"Gesch\u00e4tzte Lesezeit\" \/>\n\t<meta name=\"twitter:data1\" content=\"2\u00a0Minuten\" \/>\n<script type=\"application\/ld+json\" class=\"yoast-schema-graph\">{\"@context\":\"https:\\\/\\\/schema.org\",\"@graph\":[{\"@type\":\"WebPage\",\"@id\":\"https:\\\/\\\/daltec.ch\\\/product\\\/austellung-twsp-550t-01\",\"url\":\"https:\\\/\\\/daltec.ch\\\/product\\\/austellung-twsp-550t-01\",\"name\":\"Daltec Austellung TWSP 550T.01 (integrierte Treppe), 5500x2200x2170 mm, 2700 Kg - Daltec\",\"isPartOf\":{\"@id\":\"https:\\\/\\\/daltec.ch\\\/fr\\\/#website\"},\"primaryImageOfPage\":{\"@id\":\"https:\\\/\\\/daltec.ch\\\/product\\\/austellung-twsp-550t-01#primaryimage\"},\"image\":{\"@id\":\"https:\\\/\\\/daltec.ch\\\/product\\\/austellung-twsp-550t-01#primaryimage\"},\"thumbnailUrl\":\"https:\\\/\\\/daltec.ch\\\/wp-content\\\/uploads\\\/2024\\\/06\\\/TWSP-decoupe.jpg\",\"datePublished\":\"2024-11-27T17:20:22+00:00\",\"dateModified\":\"2025-06-17T15:18:10+00:00\",\"breadcrumb\":{\"@id\":\"https:\\\/\\\/daltec.ch\\\/product\\\/austellung-twsp-550t-01#breadcrumb\"},\"inLanguage\":\"de-CH\",\"potentialAction\":[{\"@type\":\"ReadAction\",\"target\":[\"https:\\\/\\\/daltec.ch\\\/product\\\/austellung-twsp-550t-01\"]}]},{\"@type\":\"ImageObject\",\"inLanguage\":\"de-CH\",\"@id\":\"https:\\\/\\\/daltec.ch\\\/product\\\/austellung-twsp-550t-01#primaryimage\",\"url\":\"https:\\\/\\\/daltec.ch\\\/wp-content\\\/uploads\\\/2024\\\/06\\\/TWSP-decoupe.jpg\",\"contentUrl\":\"https:\\\/\\\/daltec.ch\\\/wp-content\\\/uploads\\\/2024\\\/06\\\/TWSP-decoupe.jpg\",\"width\":1000,\"height\":1000},{\"@type\":\"BreadcrumbList\",\"@id\":\"https:\\\/\\\/daltec.ch\\\/product\\\/austellung-twsp-550t-01#breadcrumb\",\"itemListElement\":[{\"@type\":\"ListItem\",\"position\":1,\"name\":\"Startseite\",\"item\":\"https:\\\/\\\/daltec.ch\\\/\"},{\"@type\":\"ListItem\",\"position\":2,\"name\":\"anhaenger\",\"item\":\"https:\\\/\\\/daltec.ch\\\/anhaenger\"},{\"@type\":\"ListItem\",\"position\":3,\"name\":\"Daltec Austellung TWSP 550T.01 (integrierte Treppe), 5500x2200x2170 mm, 2700 Kg\"}]},{\"@type\":\"WebSite\",\"@id\":\"https:\\\/\\\/daltec.ch\\\/fr\\\/#website\",\"url\":\"https:\\\/\\\/daltec.ch\\\/fr\\\/\",\"name\":\"Daltec Trailers\",\"description\":\"\",\"publisher\":{\"@id\":\"https:\\\/\\\/daltec.ch\\\/fr\\\/#organization\"},\"potentialAction\":[{\"@type\":\"SearchAction\",\"target\":{\"@type\":\"EntryPoint\",\"urlTemplate\":\"https:\\\/\\\/daltec.ch\\\/fr\\\/?s={search_term_string}\"},\"query-input\":{\"@type\":\"PropertyValueSpecification\",\"valueRequired\":true,\"valueName\":\"search_term_string\"}}],\"inLanguage\":\"de-CH\"},{\"@type\":\"Organization\",\"@id\":\"https:\\\/\\\/daltec.ch\\\/fr\\\/#organization\",\"name\":\"Daltec AG\",\"url\":\"https:\\\/\\\/daltec.ch\\\/fr\\\/\",\"logo\":{\"@type\":\"ImageObject\",\"inLanguage\":\"de-CH\",\"@id\":\"https:\\\/\\\/daltec.ch\\\/fr\\\/#\\\/schema\\\/logo\\\/image\\\/\",\"url\":\"https:\\\/\\\/daltec.ch\\\/wp-content\\\/uploads\\\/2025\\\/08\\\/dlteclogo.webp\",\"contentUrl\":\"https:\\\/\\\/daltec.ch\\\/wp-content\\\/uploads\\\/2025\\\/08\\\/dlteclogo.webp\",\"width\":500,\"height\":195,\"caption\":\"Daltec AG\"},\"image\":{\"@id\":\"https:\\\/\\\/daltec.ch\\\/fr\\\/#\\\/schema\\\/logo\\\/image\\\/\"},\"sameAs\":[\"https:\\\/\\\/www.facebook.com\\\/DaltecAG\"]}]}<\/script>\n<!-- \/ Yoast SEO plugin. -->","yoast_head_json":{"title":"Daltec Austellung TWSP 550T.01 (integrierte Treppe), 5500x2200x2170 mm, 2700 Kg - Daltec","robots":{"index":"index","follow":"follow","max-snippet":"max-snippet:-1","max-image-preview":"max-image-preview:large","max-video-preview":"max-video-preview:-1"},"canonical":"https:\/\/daltec.ch\/de\/product\/austellung-twsp-550t-01\/","og_locale":"de_DE","og_type":"article","og_title":"Daltec Austellung TWSP 550T.01 (integrierte Treppe), 5500x2200x2170 mm, 2700 Kg - Daltec","og_description":"Preis: Siehe Preisliste auf Startseite Anh\u00e4nger mit einer Fl\u00e4che von 9m\u00b2, um Ihre Produkte zu pr\u00e4sentieren. Technische Daten:    L\u00e4nge 5500 mm   Breite 2200 mm   H\u00f6he 2170 mm   Achsen 2   Gesamtgewicht 2700 Kg   Nutzlast 1162 Kg   R\u00e4der 195\/50 R 13 C    Optionen:    Seiten-\/hinter-\/vordert\u00fcr mit seitlichen St\u00fctzrad 600 CHF   Elektroinstallation 230V 400 CHF   Ersatzrad 195\/50 R13 C 200 CHF   Ersatzrad 155\/70 R12 C 210 CHF   Ersatzrad-Halterung 150 CHF   Radabdeckungen 4 Stk \u00a0 40 CHF   Stossd\u00e4mpfer f\u00fcr Achse 100 CHF       Anh\u00e4ngevorrichtung mit Stabilisator Knott 500 CHF   Ladungshalterung im Boden (Pos. 1-12: 8 Stk) 130 CHF       Ladungshalterung im Boden (Pos. 13-20: 10 Stk) 160 CHF","og_url":"https:\/\/daltec.ch\/de\/product\/austellung-twsp-550t-01\/","og_site_name":"Daltec","article_publisher":"https:\/\/www.facebook.com\/DaltecAG","article_modified_time":"2025-06-17T15:18:10+00:00","og_image":[{"width":1000,"height":1000,"url":"https:\/\/daltec.ch\/wp-content\/uploads\/2024\/06\/TWSP-decoupe.jpg","type":"image\/jpeg"}],"twitter_card":"summary_large_image","twitter_misc":{"Gesch\u00e4tzte Lesezeit":"2\u00a0Minuten"},"schema":{"@context":"https:\/\/schema.org","@graph":[{"@type":"WebPage","@id":"https:\/\/daltec.ch\/product\/austellung-twsp-550t-01","url":"https:\/\/daltec.ch\/product\/austellung-twsp-550t-01","name":"Daltec Austellung TWSP 550T.01 (integrierte Treppe), 5500x2200x2170 mm, 2700 Kg - Daltec","isPartOf":{"@id":"https:\/\/daltec.ch\/fr\/#website"},"primaryImageOfPage":{"@id":"https:\/\/daltec.ch\/product\/austellung-twsp-550t-01#primaryimage"},"image":{"@id":"https:\/\/daltec.ch\/product\/austellung-twsp-550t-01#primaryimage"},"thumbnailUrl":"https:\/\/daltec.ch\/wp-content\/uploads\/2024\/06\/TWSP-decoupe.jpg","datePublished":"2024-11-27T17:20:22+00:00","dateModified":"2025-06-17T15:18:10+00:00","breadcrumb":{"@id":"https:\/\/daltec.ch\/product\/austellung-twsp-550t-01#breadcrumb"},"inLanguage":"de-CH","potentialAction":[{"@type":"ReadAction","target":["https:\/\/daltec.ch\/product\/austellung-twsp-550t-01"]}]},{"@type":"ImageObject","inLanguage":"de-CH","@id":"https:\/\/daltec.ch\/product\/austellung-twsp-550t-01#primaryimage","url":"https:\/\/daltec.ch\/wp-content\/uploads\/2024\/06\/TWSP-decoupe.jpg","contentUrl":"https:\/\/daltec.ch\/wp-content\/uploads\/2024\/06\/TWSP-decoupe.jpg","width":1000,"height":1000},{"@type":"BreadcrumbList","@id":"https:\/\/daltec.ch\/product\/austellung-twsp-550t-01#breadcrumb","itemListElement":[{"@type":"ListItem","position":1,"name":"Startseite","item":"https:\/\/daltec.ch\/"},{"@type":"ListItem","position":2,"name":"anhaenger","item":"https:\/\/daltec.ch\/anhaenger"},{"@type":"ListItem","position":3,"name":"Daltec Austellung TWSP 550T.01 (integrierte Treppe), 5500x2200x2170 mm, 2700 Kg"}]},{"@type":"WebSite","@id":"https:\/\/daltec.ch\/fr\/#website","url":"https:\/\/daltec.ch\/fr\/","name":"Daltec Trailers","description":"","publisher":{"@id":"https:\/\/daltec.ch\/fr\/#organization"},"potentialAction":[{"@type":"SearchAction","target":{"@type":"EntryPoint","urlTemplate":"https:\/\/daltec.ch\/fr\/?s={search_term_string}"},"query-input":{"@type":"PropertyValueSpecification","valueRequired":true,"valueName":"search_term_string"}}],"inLanguage":"de-CH"},{"@type":"Organization","@id":"https:\/\/daltec.ch\/fr\/#organization","name":"Daltec AG","url":"https:\/\/daltec.ch\/fr\/","logo":{"@type":"ImageObject","inLanguage":"de-CH","@id":"https:\/\/daltec.ch\/fr\/#\/schema\/logo\/image\/","url":"https:\/\/daltec.ch\/wp-content\/uploads\/2025\/08\/dlteclogo.webp","contentUrl":"https:\/\/daltec.ch\/wp-content\/uploads\/2025\/08\/dlteclogo.webp","width":500,"height":195,"caption":"Daltec AG"},"image":{"@id":"https:\/\/daltec.ch\/fr\/#\/schema\/logo\/image\/"},"sameAs":["https:\/\/www.facebook.com\/DaltecAG"]}]}},"_links":{"self":[{"href":"https:\/\/daltec.ch\/de\/wp-json\/wp\/v2\/product\/1977","targetHints":{"allow":["GET"]}}],"collection":[{"href":"https:\/\/daltec.ch\/de\/wp-json\/wp\/v2\/product"}],"about":[{"href":"https:\/\/daltec.ch\/de\/wp-json\/wp\/v2\/types\/product"}],"replies":[{"embeddable":true,"href":"https:\/\/daltec.ch\/de\/wp-json\/wp\/v2\/comments?post=1977"}],"wp:featuredmedia":[{"embeddable":true,"href":"https:\/\/daltec.ch\/de\/wp-json\/wp\/v2\/media\/1541"}],"wp:attachment":[{"href":"https:\/\/daltec.ch\/de\/wp-json\/wp\/v2\/media?parent=1977"}],"wp:term":[{"taxonomy":"product_brand","embeddable":true,"href":"https:\/\/daltec.ch\/de\/wp-json\/wp\/v2\/product_brand?post=1977"},{"taxonomy":"product_cat","embeddable":true,"href":"https:\/\/daltec.ch\/de\/wp-json\/wp\/v2\/product_cat?post=1977"},{"taxonomy":"product_tag","embeddable":true,"href":"https:\/\/daltec.ch\/de\/wp-json\/wp\/v2\/product_tag?post=1977"}],"curies":[{"name":"wp","href":"https:\/\/api.w.org\/{rel}","templated":true}]}}