{"id":1982,"date":"2024-11-28T07:05:09","date_gmt":"2024-11-28T07:05:09","guid":{"rendered":"https:\/\/daltec.ch\/?post_type=product&#038;p=1982"},"modified":"2025-08-29T08:04:16","modified_gmt":"2025-08-29T08:04:16","slug":"daytona-13-eco","status":"publish","type":"product","link":"https:\/\/daltec.ch\/de\/product\/daytona-13-eco","title":{"rendered":"Daltec Daytona 13 Eco, 2930&#215;1940 mm, 1300 kg"},"content":{"rendered":"<p><label><strong>Serienausstattung:<\/strong><\/label><\/p>\n<p>Fahrgestell: Einachsausf\u00fchrung<\/p>\n<p>Auflaufeinrichtung und Feststellbremse<\/p>\n<p>Bereifung 195\/55 R10C<\/p>\n<p>Robustes und voll verzinktes Fahrgestell mit V-Deichsel<\/p>\n<p>Korrosionsschutz: feuerverzinkte<\/p>\n<p>Konstruktion Tragrahmen: robuste<\/p>\n<p>Konstruktion mit rechteckigen geschlossenen Profilen, komplett verschwei\u00dft und tauchbad feuerverzinkt<\/p>\n<p>Ladefl\u00e4che: Boden aus wasserdichtem und rutschhemmendem Sperrholz Reling vorne, rechts und links festmontiert Zurr\u00f6sen zur Ladungsbefestigung Auffahrschienen 1530 x 398 mm Beleuchtung nach Vorschrift, 13 Pol Stecker<\/p>\n","protected":false},"excerpt":{"rendered":"<h5><em><span style=\"color: #ff6600;\">Preis: Siehe Preisliste auf Startseite<\/span><\/em><\/h5>\n<p>Preisg\u00fcnstiger Autotransporter!<\/p>\n<h4>Technische Daten:<\/h4>\n<table class=\"table\">\n<tbody>\n<tr>\n<th>L\u00e4nge<\/th>\n<td>2930 <small>mm<\/small><\/td>\n<\/tr>\n<tr>\n<th>Breite<\/th>\n<td>1940 <small>mm<\/small><\/td>\n<\/tr>\n<tr>\n<th>H\u00f6he<\/th>\n<td>0 <small>mm<\/small><\/td>\n<\/tr>\n<tr>\n<th>Achsen<\/th>\n<td>1<small><\/small><\/td>\n<\/tr>\n<tr>\n<th>Gesamtgewicht<\/th>\n<td>1300 <small>kg<\/small><\/td>\n<\/tr>\n<tr>\n<th>Nutzlast<\/th>\n<td>942 <small>kg<\/small><\/td>\n<\/tr>\n<tr>\n<th>R\u00e4der<\/th>\n<td>165 R 13 C<small><\/small><\/td>\n<\/tr>\n<\/tbody>\n<\/table>\n<h4>Optionen:<\/h4>\n<table style=\"height: 50px;\" width=\"364\">\n<tbody>\n<tr>\n<td>Seilwinde manuell mit Halter<\/td>\n<td>640 CHF<\/td>\n<\/tr>\n<\/tbody>\n<\/table>\n","protected":false},"featured_media":2950,"comment_status":"open","ping_status":"closed","template":"","meta":{"_acf_changed":false},"product_brand":[],"product_cat":[234,209],"product_tag":[],"class_list":{"0":"post-1982","1":"product","2":"type-product","3":"status-publish","4":"has-post-thumbnail","6":"product_cat-autotransporter-offen","7":"product_cat-sonderaktion","9":"first","10":"instock","11":"featured","12":"shipping-taxable","13":"purchasable","14":"product-type-simple"},"acf":[],"yoast_head":"<!-- This site is optimized with the Yoast SEO plugin v27.4 - https:\/\/yoast.com\/product\/yoast-seo-wordpress\/ -->\n<title>Daltec Daytona 13 Eco, 2930x1940 mm, 1300 kg - Daltec<\/title>\n<meta name=\"robots\" content=\"index, follow, max-snippet:-1, max-image-preview:large, max-video-preview:-1\" \/>\n<link rel=\"canonical\" href=\"https:\/\/daltec.ch\/de\/product\/daytona-13-eco\/\" \/>\n<meta property=\"og:locale\" content=\"de_DE\" \/>\n<meta property=\"og:type\" content=\"article\" \/>\n<meta property=\"og:title\" content=\"Daltec Daytona 13 Eco, 2930x1940 mm, 1300 kg - Daltec\" \/>\n<meta property=\"og:description\" content=\"Preis: Siehe Preisliste auf Startseite Preisg\u00fcnstiger Autotransporter! Technische Daten:    L\u00e4nge 2930 mm   Breite 1940 mm   H\u00f6he 0 mm   Achsen 1   Gesamtgewicht 1300 kg   Nutzlast 942 kg   R\u00e4der 165 R 13 C    Optionen:    Seilwinde manuell mit Halter 640 CHF\" \/>\n<meta property=\"og:url\" content=\"https:\/\/daltec.ch\/de\/product\/daytona-13-eco\/\" \/>\n<meta property=\"og:site_name\" content=\"Daltec\" \/>\n<meta property=\"article:publisher\" content=\"https:\/\/www.facebook.com\/DaltecAG\" \/>\n<meta property=\"article:modified_time\" content=\"2025-08-29T08:04:16+00:00\" \/>\n<meta property=\"og:image\" content=\"https:\/\/daltec.ch\/wp-content\/uploads\/2024\/11\/501-Daytona-13-Temared-L1OVP.130.305.200.0283.png\" \/>\n\t<meta property=\"og:image:width\" content=\"700\" \/>\n\t<meta property=\"og:image:height\" content=\"700\" \/>\n\t<meta property=\"og:image:type\" content=\"image\/png\" \/>\n<meta name=\"twitter:card\" content=\"summary_large_image\" \/>\n<script type=\"application\/ld+json\" class=\"yoast-schema-graph\">{\"@context\":\"https:\\\/\\\/schema.org\",\"@graph\":[{\"@type\":\"WebPage\",\"@id\":\"https:\\\/\\\/daltec.ch\\\/product\\\/daytona-13-eco\",\"url\":\"https:\\\/\\\/daltec.ch\\\/product\\\/daytona-13-eco\",\"name\":\"Daltec Daytona 13 Eco, 2930x1940 mm, 1300 kg - Daltec\",\"isPartOf\":{\"@id\":\"https:\\\/\\\/daltec.ch\\\/fr\\\/#website\"},\"primaryImageOfPage\":{\"@id\":\"https:\\\/\\\/daltec.ch\\\/product\\\/daytona-13-eco#primaryimage\"},\"image\":{\"@id\":\"https:\\\/\\\/daltec.ch\\\/product\\\/daytona-13-eco#primaryimage\"},\"thumbnailUrl\":\"https:\\\/\\\/daltec.ch\\\/wp-content\\\/uploads\\\/2024\\\/11\\\/501-Daytona-13-Temared-L1OVP.130.305.200.0283.png\",\"datePublished\":\"2024-11-28T07:05:09+00:00\",\"dateModified\":\"2025-08-29T08:04:16+00:00\",\"breadcrumb\":{\"@id\":\"https:\\\/\\\/daltec.ch\\\/product\\\/daytona-13-eco#breadcrumb\"},\"inLanguage\":\"de-CH\",\"potentialAction\":[{\"@type\":\"ReadAction\",\"target\":[\"https:\\\/\\\/daltec.ch\\\/product\\\/daytona-13-eco\"]}]},{\"@type\":\"ImageObject\",\"inLanguage\":\"de-CH\",\"@id\":\"https:\\\/\\\/daltec.ch\\\/product\\\/daytona-13-eco#primaryimage\",\"url\":\"https:\\\/\\\/daltec.ch\\\/wp-content\\\/uploads\\\/2024\\\/11\\\/501-Daytona-13-Temared-L1OVP.130.305.200.0283.png\",\"contentUrl\":\"https:\\\/\\\/daltec.ch\\\/wp-content\\\/uploads\\\/2024\\\/11\\\/501-Daytona-13-Temared-L1OVP.130.305.200.0283.png\",\"width\":700,\"height\":700},{\"@type\":\"BreadcrumbList\",\"@id\":\"https:\\\/\\\/daltec.ch\\\/product\\\/daytona-13-eco#breadcrumb\",\"itemListElement\":[{\"@type\":\"ListItem\",\"position\":1,\"name\":\"Startseite\",\"item\":\"https:\\\/\\\/daltec.ch\\\/\"},{\"@type\":\"ListItem\",\"position\":2,\"name\":\"anhaenger\",\"item\":\"https:\\\/\\\/daltec.ch\\\/anhaenger\"},{\"@type\":\"ListItem\",\"position\":3,\"name\":\"Daltec Daytona 13 Eco, 2930&#215;1940 mm, 1300 kg\"}]},{\"@type\":\"WebSite\",\"@id\":\"https:\\\/\\\/daltec.ch\\\/fr\\\/#website\",\"url\":\"https:\\\/\\\/daltec.ch\\\/fr\\\/\",\"name\":\"Daltec Trailers\",\"description\":\"\",\"publisher\":{\"@id\":\"https:\\\/\\\/daltec.ch\\\/fr\\\/#organization\"},\"potentialAction\":[{\"@type\":\"SearchAction\",\"target\":{\"@type\":\"EntryPoint\",\"urlTemplate\":\"https:\\\/\\\/daltec.ch\\\/fr\\\/?s={search_term_string}\"},\"query-input\":{\"@type\":\"PropertyValueSpecification\",\"valueRequired\":true,\"valueName\":\"search_term_string\"}}],\"inLanguage\":\"de-CH\"},{\"@type\":\"Organization\",\"@id\":\"https:\\\/\\\/daltec.ch\\\/fr\\\/#organization\",\"name\":\"Daltec AG\",\"url\":\"https:\\\/\\\/daltec.ch\\\/fr\\\/\",\"logo\":{\"@type\":\"ImageObject\",\"inLanguage\":\"de-CH\",\"@id\":\"https:\\\/\\\/daltec.ch\\\/fr\\\/#\\\/schema\\\/logo\\\/image\\\/\",\"url\":\"https:\\\/\\\/daltec.ch\\\/wp-content\\\/uploads\\\/2025\\\/08\\\/dlteclogo.webp\",\"contentUrl\":\"https:\\\/\\\/daltec.ch\\\/wp-content\\\/uploads\\\/2025\\\/08\\\/dlteclogo.webp\",\"width\":500,\"height\":195,\"caption\":\"Daltec AG\"},\"image\":{\"@id\":\"https:\\\/\\\/daltec.ch\\\/fr\\\/#\\\/schema\\\/logo\\\/image\\\/\"},\"sameAs\":[\"https:\\\/\\\/www.facebook.com\\\/DaltecAG\"]}]}<\/script>\n<!-- \/ Yoast SEO plugin. -->","yoast_head_json":{"title":"Daltec Daytona 13 Eco, 2930x1940 mm, 1300 kg - Daltec","robots":{"index":"index","follow":"follow","max-snippet":"max-snippet:-1","max-image-preview":"max-image-preview:large","max-video-preview":"max-video-preview:-1"},"canonical":"https:\/\/daltec.ch\/de\/product\/daytona-13-eco\/","og_locale":"de_DE","og_type":"article","og_title":"Daltec Daytona 13 Eco, 2930x1940 mm, 1300 kg - Daltec","og_description":"Preis: Siehe Preisliste auf Startseite Preisg\u00fcnstiger Autotransporter! Technische Daten:    L\u00e4nge 2930 mm   Breite 1940 mm   H\u00f6he 0 mm   Achsen 1   Gesamtgewicht 1300 kg   Nutzlast 942 kg   R\u00e4der 165 R 13 C    Optionen:    Seilwinde manuell mit Halter 640 CHF","og_url":"https:\/\/daltec.ch\/de\/product\/daytona-13-eco\/","og_site_name":"Daltec","article_publisher":"https:\/\/www.facebook.com\/DaltecAG","article_modified_time":"2025-08-29T08:04:16+00:00","og_image":[{"width":700,"height":700,"url":"https:\/\/daltec.ch\/wp-content\/uploads\/2024\/11\/501-Daytona-13-Temared-L1OVP.130.305.200.0283.png","type":"image\/png"}],"twitter_card":"summary_large_image","schema":{"@context":"https:\/\/schema.org","@graph":[{"@type":"WebPage","@id":"https:\/\/daltec.ch\/product\/daytona-13-eco","url":"https:\/\/daltec.ch\/product\/daytona-13-eco","name":"Daltec Daytona 13 Eco, 2930x1940 mm, 1300 kg - Daltec","isPartOf":{"@id":"https:\/\/daltec.ch\/fr\/#website"},"primaryImageOfPage":{"@id":"https:\/\/daltec.ch\/product\/daytona-13-eco#primaryimage"},"image":{"@id":"https:\/\/daltec.ch\/product\/daytona-13-eco#primaryimage"},"thumbnailUrl":"https:\/\/daltec.ch\/wp-content\/uploads\/2024\/11\/501-Daytona-13-Temared-L1OVP.130.305.200.0283.png","datePublished":"2024-11-28T07:05:09+00:00","dateModified":"2025-08-29T08:04:16+00:00","breadcrumb":{"@id":"https:\/\/daltec.ch\/product\/daytona-13-eco#breadcrumb"},"inLanguage":"de-CH","potentialAction":[{"@type":"ReadAction","target":["https:\/\/daltec.ch\/product\/daytona-13-eco"]}]},{"@type":"ImageObject","inLanguage":"de-CH","@id":"https:\/\/daltec.ch\/product\/daytona-13-eco#primaryimage","url":"https:\/\/daltec.ch\/wp-content\/uploads\/2024\/11\/501-Daytona-13-Temared-L1OVP.130.305.200.0283.png","contentUrl":"https:\/\/daltec.ch\/wp-content\/uploads\/2024\/11\/501-Daytona-13-Temared-L1OVP.130.305.200.0283.png","width":700,"height":700},{"@type":"BreadcrumbList","@id":"https:\/\/daltec.ch\/product\/daytona-13-eco#breadcrumb","itemListElement":[{"@type":"ListItem","position":1,"name":"Startseite","item":"https:\/\/daltec.ch\/"},{"@type":"ListItem","position":2,"name":"anhaenger","item":"https:\/\/daltec.ch\/anhaenger"},{"@type":"ListItem","position":3,"name":"Daltec Daytona 13 Eco, 2930&#215;1940 mm, 1300 kg"}]},{"@type":"WebSite","@id":"https:\/\/daltec.ch\/fr\/#website","url":"https:\/\/daltec.ch\/fr\/","name":"Daltec Trailers","description":"","publisher":{"@id":"https:\/\/daltec.ch\/fr\/#organization"},"potentialAction":[{"@type":"SearchAction","target":{"@type":"EntryPoint","urlTemplate":"https:\/\/daltec.ch\/fr\/?s={search_term_string}"},"query-input":{"@type":"PropertyValueSpecification","valueRequired":true,"valueName":"search_term_string"}}],"inLanguage":"de-CH"},{"@type":"Organization","@id":"https:\/\/daltec.ch\/fr\/#organization","name":"Daltec AG","url":"https:\/\/daltec.ch\/fr\/","logo":{"@type":"ImageObject","inLanguage":"de-CH","@id":"https:\/\/daltec.ch\/fr\/#\/schema\/logo\/image\/","url":"https:\/\/daltec.ch\/wp-content\/uploads\/2025\/08\/dlteclogo.webp","contentUrl":"https:\/\/daltec.ch\/wp-content\/uploads\/2025\/08\/dlteclogo.webp","width":500,"height":195,"caption":"Daltec AG"},"image":{"@id":"https:\/\/daltec.ch\/fr\/#\/schema\/logo\/image\/"},"sameAs":["https:\/\/www.facebook.com\/DaltecAG"]}]}},"_links":{"self":[{"href":"https:\/\/daltec.ch\/de\/wp-json\/wp\/v2\/product\/1982","targetHints":{"allow":["GET"]}}],"collection":[{"href":"https:\/\/daltec.ch\/de\/wp-json\/wp\/v2\/product"}],"about":[{"href":"https:\/\/daltec.ch\/de\/wp-json\/wp\/v2\/types\/product"}],"replies":[{"embeddable":true,"href":"https:\/\/daltec.ch\/de\/wp-json\/wp\/v2\/comments?post=1982"}],"wp:featuredmedia":[{"embeddable":true,"href":"https:\/\/daltec.ch\/de\/wp-json\/wp\/v2\/media\/2950"}],"wp:attachment":[{"href":"https:\/\/daltec.ch\/de\/wp-json\/wp\/v2\/media?parent=1982"}],"wp:term":[{"taxonomy":"product_brand","embeddable":true,"href":"https:\/\/daltec.ch\/de\/wp-json\/wp\/v2\/product_brand?post=1982"},{"taxonomy":"product_cat","embeddable":true,"href":"https:\/\/daltec.ch\/de\/wp-json\/wp\/v2\/product_cat?post=1982"},{"taxonomy":"product_tag","embeddable":true,"href":"https:\/\/daltec.ch\/de\/wp-json\/wp\/v2\/product_tag?post=1982"}],"curies":[{"name":"wp","href":"https:\/\/api.w.org\/{rel}","templated":true}]}}