{"id":2013,"date":"2024-11-29T13:39:54","date_gmt":"2024-11-29T13:39:54","guid":{"rendered":"https:\/\/daltec.ch\/?post_type=product&#038;p=2013"},"modified":"2025-08-29T07:57:37","modified_gmt":"2025-08-29T07:57:37","slug":"tommy-mit-kuche-und-toilette","status":"publish","type":"product","link":"https:\/\/daltec.ch\/de\/product\/tommy-mit-kuche-und-toilette","title":{"rendered":"Daltec Tommy mit K\u00fcche und Toilette 3050x1940x1850 mm, 750 Kg"},"content":{"rendered":"<p>Serienausstatung:<\/p>\n<p>\u201eTommy\u201c ist ein voll ausgestatteter typischer Wohnwagen, der \u00fcber einen Schlafbereich, eine K\u00fcche sowie ein Badezimmer verf\u00fcgt. Zus\u00e4tzlich besteht die M\u00f6glichkeit, eine perfekt ausgestattete Apsis zu erwerben. Der unbestreitbare Vorteil dieses Wohnwagens ist das Gesamtgewicht, das 750 kg nicht \u00fcbersteigt, so dass er von jedem mit einem F\u00fchrerschein der Klasse B gefahren werden kann. Trotz seiner geringen Gr\u00f6\u00dfe ist der Wohnwagen voll funktionsf\u00e4hig und bietet viele Vorteile f\u00fcr die Nutzer des Campingplatzes, die Mobilit\u00e4t, Unabh\u00e4ngigkeit und Komfort sch\u00e4tzen. Die Version mit Heizung macht es m\u00f6glich, ihn an k\u00fchleren Tagen zu benutzen, was auch eine gute Option f\u00fcr Leute ist, die sich nach der Sommersaison ausruhen wollen.<\/p>\n<p><span style=\"color: #ff0000;\">Kein Anh\u00e4nger F\u00fchrerschein n\u00f6tig. Nie mehr MFK.<\/span><\/p>\n","protected":false},"excerpt":{"rendered":"<p>&nbsp;<\/p>\n<h4>Technische Daten:<\/h4>\n<table class=\"table\">\n<tbody>\n<tr>\n<th>L\u00e4nge<\/th>\n<td>3050 <small>mm<\/small><\/td>\n<\/tr>\n<tr>\n<th>Breite<\/th>\n<td>1940<small>mm<\/small><\/td>\n<\/tr>\n<tr>\n<th>H\u00f6he<\/th>\n<td>1850 <small>mm<\/small><\/td>\n<\/tr>\n<tr>\n<th>Achsen<\/th>\n<td>1<\/td>\n<\/tr>\n<tr>\n<th>Gesamtgewicht<\/th>\n<td>750 <small>kg<\/small><\/td>\n<\/tr>\n<tr>\n<th>Nutzlast<\/th>\n<td>250 <small>kg<\/small><\/td>\n<\/tr>\n<tr>\n<th>R\u00e4der<\/th>\n<td>195\/50 R 13 C<\/td>\n<\/tr>\n<\/tbody>\n<\/table>\n","protected":false},"featured_media":3098,"comment_status":"open","ping_status":"closed","template":"","meta":{"_acf_changed":false},"product_brand":[],"product_cat":[22,189,231],"product_tag":[],"class_list":{"0":"post-2013","1":"product","2":"type-product","3":"status-publish","4":"has-post-thumbnail","6":"product_cat-sportgeraete-transportanhaenger","7":"product_cat-wohnwagen-anhaenger","8":"product_cat-wohnwagen","10":"first","11":"instock","12":"featured","13":"shipping-taxable","14":"purchasable","15":"product-type-simple"},"acf":[],"yoast_head":"<!-- This site is optimized with the Yoast SEO plugin v27.2 - https:\/\/yoast.com\/product\/yoast-seo-wordpress\/ -->\n<title>Daltec Tommy mit K\u00fcche und Toilette 3050x1940x1850 mm, 750 Kg - Daltec<\/title>\n<meta name=\"robots\" content=\"index, follow, max-snippet:-1, max-image-preview:large, max-video-preview:-1\" \/>\n<link rel=\"canonical\" href=\"https:\/\/daltec.ch\/de\/product\/tommy-mit-kuche-und-toilette\/\" \/>\n<meta property=\"og:locale\" content=\"de_DE\" \/>\n<meta property=\"og:type\" content=\"article\" \/>\n<meta property=\"og:title\" content=\"Daltec Tommy mit K\u00fcche und Toilette 3050x1940x1850 mm, 750 Kg - Daltec\" \/>\n<meta property=\"og:description\" content=\"&nbsp; Technische Daten:    L\u00e4nge 3050 mm   Breite 1940mm   H\u00f6he 1850 mm   Achsen 1   Gesamtgewicht 750 kg   Nutzlast 250 kg   R\u00e4der 195\/50 R 13 C\" \/>\n<meta property=\"og:url\" content=\"https:\/\/daltec.ch\/de\/product\/tommy-mit-kuche-und-toilette\/\" \/>\n<meta property=\"og:site_name\" content=\"Daltec\" \/>\n<meta property=\"article:publisher\" content=\"https:\/\/www.facebook.com\/DaltecAG\" \/>\n<meta property=\"article:modified_time\" content=\"2025-08-29T07:57:37+00:00\" \/>\n<meta property=\"og:image\" content=\"https:\/\/daltec.ch\/wp-content\/uploads\/2024\/11\/TK-30-TL-750kg-43-scaled-1.jpg\" \/>\n\t<meta property=\"og:image:width\" content=\"2560\" \/>\n\t<meta property=\"og:image:height\" content=\"1920\" \/>\n\t<meta property=\"og:image:type\" content=\"image\/jpeg\" \/>\n<meta name=\"twitter:card\" content=\"summary_large_image\" \/>\n<meta name=\"twitter:label1\" content=\"Gesch\u00e4tzte Lesezeit\" \/>\n\t<meta name=\"twitter:data1\" content=\"1\u00a0Minute\" \/>\n<script type=\"application\/ld+json\" class=\"yoast-schema-graph\">{\"@context\":\"https:\/\/schema.org\",\"@graph\":[{\"@type\":\"WebPage\",\"@id\":\"https:\/\/daltec.ch\/product\/tommy-mit-kuche-und-toilette\",\"url\":\"https:\/\/daltec.ch\/product\/tommy-mit-kuche-und-toilette\",\"name\":\"Daltec Tommy mit K\u00fcche und Toilette 3050x1940x1850 mm, 750 Kg - Daltec\",\"isPartOf\":{\"@id\":\"https:\/\/daltec.ch\/fr\/#website\"},\"primaryImageOfPage\":{\"@id\":\"https:\/\/daltec.ch\/product\/tommy-mit-kuche-und-toilette#primaryimage\"},\"image\":{\"@id\":\"https:\/\/daltec.ch\/product\/tommy-mit-kuche-und-toilette#primaryimage\"},\"thumbnailUrl\":\"https:\/\/daltec.ch\/wp-content\/uploads\/2024\/11\/TK-30-TL-750kg-43-scaled-1.jpg\",\"datePublished\":\"2024-11-29T13:39:54+00:00\",\"dateModified\":\"2025-08-29T07:57:37+00:00\",\"breadcrumb\":{\"@id\":\"https:\/\/daltec.ch\/product\/tommy-mit-kuche-und-toilette#breadcrumb\"},\"inLanguage\":\"de-CH\",\"potentialAction\":[{\"@type\":\"ReadAction\",\"target\":[\"https:\/\/daltec.ch\/product\/tommy-mit-kuche-und-toilette\"]}]},{\"@type\":\"ImageObject\",\"inLanguage\":\"de-CH\",\"@id\":\"https:\/\/daltec.ch\/product\/tommy-mit-kuche-und-toilette#primaryimage\",\"url\":\"https:\/\/daltec.ch\/wp-content\/uploads\/2024\/11\/TK-30-TL-750kg-43-scaled-1.jpg\",\"contentUrl\":\"https:\/\/daltec.ch\/wp-content\/uploads\/2024\/11\/TK-30-TL-750kg-43-scaled-1.jpg\",\"width\":2560,\"height\":1920},{\"@type\":\"BreadcrumbList\",\"@id\":\"https:\/\/daltec.ch\/product\/tommy-mit-kuche-und-toilette#breadcrumb\",\"itemListElement\":[{\"@type\":\"ListItem\",\"position\":1,\"name\":\"Startseite\",\"item\":\"https:\/\/daltec.ch\/\"},{\"@type\":\"ListItem\",\"position\":2,\"name\":\"anhaenger\",\"item\":\"https:\/\/daltec.ch\/anhaenger\"},{\"@type\":\"ListItem\",\"position\":3,\"name\":\"Daltec Tommy mit K\u00fcche und Toilette 3050x1940x1850 mm, 750 Kg\"}]},{\"@type\":\"WebSite\",\"@id\":\"https:\/\/daltec.ch\/fr\/#website\",\"url\":\"https:\/\/daltec.ch\/fr\/\",\"name\":\"Daltec Trailers\",\"description\":\"\",\"publisher\":{\"@id\":\"https:\/\/daltec.ch\/fr\/#organization\"},\"potentialAction\":[{\"@type\":\"SearchAction\",\"target\":{\"@type\":\"EntryPoint\",\"urlTemplate\":\"https:\/\/daltec.ch\/fr\/?s={search_term_string}\"},\"query-input\":{\"@type\":\"PropertyValueSpecification\",\"valueRequired\":true,\"valueName\":\"search_term_string\"}}],\"inLanguage\":\"de-CH\"},{\"@type\":\"Organization\",\"@id\":\"https:\/\/daltec.ch\/fr\/#organization\",\"name\":\"Daltec AG\",\"url\":\"https:\/\/daltec.ch\/fr\/\",\"logo\":{\"@type\":\"ImageObject\",\"inLanguage\":\"de-CH\",\"@id\":\"https:\/\/daltec.ch\/fr\/#\/schema\/logo\/image\/\",\"url\":\"https:\/\/daltec.ch\/wp-content\/uploads\/2025\/08\/dlteclogo.webp\",\"contentUrl\":\"https:\/\/daltec.ch\/wp-content\/uploads\/2025\/08\/dlteclogo.webp\",\"width\":500,\"height\":195,\"caption\":\"Daltec AG\"},\"image\":{\"@id\":\"https:\/\/daltec.ch\/fr\/#\/schema\/logo\/image\/\"},\"sameAs\":[\"https:\/\/www.facebook.com\/DaltecAG\"]}]}<\/script>\n<!-- \/ Yoast SEO plugin. -->","yoast_head_json":{"title":"Daltec Tommy mit K\u00fcche und Toilette 3050x1940x1850 mm, 750 Kg - Daltec","robots":{"index":"index","follow":"follow","max-snippet":"max-snippet:-1","max-image-preview":"max-image-preview:large","max-video-preview":"max-video-preview:-1"},"canonical":"https:\/\/daltec.ch\/de\/product\/tommy-mit-kuche-und-toilette\/","og_locale":"de_DE","og_type":"article","og_title":"Daltec Tommy mit K\u00fcche und Toilette 3050x1940x1850 mm, 750 Kg - Daltec","og_description":"&nbsp; Technische Daten:    L\u00e4nge 3050 mm   Breite 1940mm   H\u00f6he 1850 mm   Achsen 1   Gesamtgewicht 750 kg   Nutzlast 250 kg   R\u00e4der 195\/50 R 13 C","og_url":"https:\/\/daltec.ch\/de\/product\/tommy-mit-kuche-und-toilette\/","og_site_name":"Daltec","article_publisher":"https:\/\/www.facebook.com\/DaltecAG","article_modified_time":"2025-08-29T07:57:37+00:00","og_image":[{"width":2560,"height":1920,"url":"https:\/\/daltec.ch\/wp-content\/uploads\/2024\/11\/TK-30-TL-750kg-43-scaled-1.jpg","type":"image\/jpeg"}],"twitter_card":"summary_large_image","twitter_misc":{"Gesch\u00e4tzte Lesezeit":"1\u00a0Minute"},"schema":{"@context":"https:\/\/schema.org","@graph":[{"@type":"WebPage","@id":"https:\/\/daltec.ch\/product\/tommy-mit-kuche-und-toilette","url":"https:\/\/daltec.ch\/product\/tommy-mit-kuche-und-toilette","name":"Daltec Tommy mit K\u00fcche und Toilette 3050x1940x1850 mm, 750 Kg - Daltec","isPartOf":{"@id":"https:\/\/daltec.ch\/fr\/#website"},"primaryImageOfPage":{"@id":"https:\/\/daltec.ch\/product\/tommy-mit-kuche-und-toilette#primaryimage"},"image":{"@id":"https:\/\/daltec.ch\/product\/tommy-mit-kuche-und-toilette#primaryimage"},"thumbnailUrl":"https:\/\/daltec.ch\/wp-content\/uploads\/2024\/11\/TK-30-TL-750kg-43-scaled-1.jpg","datePublished":"2024-11-29T13:39:54+00:00","dateModified":"2025-08-29T07:57:37+00:00","breadcrumb":{"@id":"https:\/\/daltec.ch\/product\/tommy-mit-kuche-und-toilette#breadcrumb"},"inLanguage":"de-CH","potentialAction":[{"@type":"ReadAction","target":["https:\/\/daltec.ch\/product\/tommy-mit-kuche-und-toilette"]}]},{"@type":"ImageObject","inLanguage":"de-CH","@id":"https:\/\/daltec.ch\/product\/tommy-mit-kuche-und-toilette#primaryimage","url":"https:\/\/daltec.ch\/wp-content\/uploads\/2024\/11\/TK-30-TL-750kg-43-scaled-1.jpg","contentUrl":"https:\/\/daltec.ch\/wp-content\/uploads\/2024\/11\/TK-30-TL-750kg-43-scaled-1.jpg","width":2560,"height":1920},{"@type":"BreadcrumbList","@id":"https:\/\/daltec.ch\/product\/tommy-mit-kuche-und-toilette#breadcrumb","itemListElement":[{"@type":"ListItem","position":1,"name":"Startseite","item":"https:\/\/daltec.ch\/"},{"@type":"ListItem","position":2,"name":"anhaenger","item":"https:\/\/daltec.ch\/anhaenger"},{"@type":"ListItem","position":3,"name":"Daltec Tommy mit K\u00fcche und Toilette 3050x1940x1850 mm, 750 Kg"}]},{"@type":"WebSite","@id":"https:\/\/daltec.ch\/fr\/#website","url":"https:\/\/daltec.ch\/fr\/","name":"Daltec Trailers","description":"","publisher":{"@id":"https:\/\/daltec.ch\/fr\/#organization"},"potentialAction":[{"@type":"SearchAction","target":{"@type":"EntryPoint","urlTemplate":"https:\/\/daltec.ch\/fr\/?s={search_term_string}"},"query-input":{"@type":"PropertyValueSpecification","valueRequired":true,"valueName":"search_term_string"}}],"inLanguage":"de-CH"},{"@type":"Organization","@id":"https:\/\/daltec.ch\/fr\/#organization","name":"Daltec AG","url":"https:\/\/daltec.ch\/fr\/","logo":{"@type":"ImageObject","inLanguage":"de-CH","@id":"https:\/\/daltec.ch\/fr\/#\/schema\/logo\/image\/","url":"https:\/\/daltec.ch\/wp-content\/uploads\/2025\/08\/dlteclogo.webp","contentUrl":"https:\/\/daltec.ch\/wp-content\/uploads\/2025\/08\/dlteclogo.webp","width":500,"height":195,"caption":"Daltec AG"},"image":{"@id":"https:\/\/daltec.ch\/fr\/#\/schema\/logo\/image\/"},"sameAs":["https:\/\/www.facebook.com\/DaltecAG"]}]}},"_links":{"self":[{"href":"https:\/\/daltec.ch\/de\/wp-json\/wp\/v2\/product\/2013","targetHints":{"allow":["GET"]}}],"collection":[{"href":"https:\/\/daltec.ch\/de\/wp-json\/wp\/v2\/product"}],"about":[{"href":"https:\/\/daltec.ch\/de\/wp-json\/wp\/v2\/types\/product"}],"replies":[{"embeddable":true,"href":"https:\/\/daltec.ch\/de\/wp-json\/wp\/v2\/comments?post=2013"}],"wp:featuredmedia":[{"embeddable":true,"href":"https:\/\/daltec.ch\/de\/wp-json\/wp\/v2\/media\/3098"}],"wp:attachment":[{"href":"https:\/\/daltec.ch\/de\/wp-json\/wp\/v2\/media?parent=2013"}],"wp:term":[{"taxonomy":"product_brand","embeddable":true,"href":"https:\/\/daltec.ch\/de\/wp-json\/wp\/v2\/product_brand?post=2013"},{"taxonomy":"product_cat","embeddable":true,"href":"https:\/\/daltec.ch\/de\/wp-json\/wp\/v2\/product_cat?post=2013"},{"taxonomy":"product_tag","embeddable":true,"href":"https:\/\/daltec.ch\/de\/wp-json\/wp\/v2\/product_tag?post=2013"}],"curies":[{"name":"wp","href":"https:\/\/api.w.org\/{rel}","templated":true}]}}