{"id":2015,"date":"2024-11-29T13:52:52","date_gmt":"2024-11-29T13:52:52","guid":{"rendered":"https:\/\/daltec.ch\/?post_type=product&#038;p=2015"},"modified":"2025-08-21T13:42:56","modified_gmt":"2025-08-21T13:42:56","slug":"lifter-wom-f","status":"publish","type":"product","link":"https:\/\/daltec.ch\/de\/product\/lifter-wom-f","title":{"rendered":"Daltec Lifter WOM F, 2510&#215;1280 mm, 750 Kg"},"content":{"rendered":"<p><strong><em>Preis: Siehe Preisliste auf Startseite<\/em><\/strong><\/p>\n<h4>Serienausstattung:<\/h4>\n<p>&nbsp;<\/p>\n","protected":false},"excerpt":{"rendered":"<h5>Preis: Siehe Preisliste auf Startseite<\/h5>\n<p>&nbsp;<\/p>\n<h4>Technische Daten<\/h4>\n<table class=\"table\">\n<tbody>\n<tr>\n<th>L\u00e4nge<\/th>\n<td>2510 <small>mm<\/small><\/td>\n<\/tr>\n<tr>\n<th>Breite<\/th>\n<td>1280 <small>mm<\/small><\/td>\n<\/tr>\n<tr>\n<th>H\u00f6he<\/th>\n<td>0 <small>mm<\/small><\/td>\n<\/tr>\n<tr>\n<th>Achsen<\/th>\n<td>1<small><\/small><\/td>\n<\/tr>\n<tr>\n<th>Gesamtgewicht<\/th>\n<td>750 <small>kg<\/small><\/td>\n<\/tr>\n<tr>\n<th>Nutzlast<\/th>\n<td>506 <small>kg<\/small><\/td>\n<\/tr>\n<tr>\n<th>R\u00e4der<\/th>\n<td>165\/70 R 13\u00a0<small><\/small><\/td>\n<\/tr>\n<\/tbody>\n<\/table>\n<h6>Optionen<\/h6>\n<table>\n<tbody>\n<tr>\n<td>V &#8211; Leiste in der Mitte der Ladefl\u00e4che<\/td>\n<td>160 CHF<\/td>\n<\/tr>\n<tr>\n<td>Elektropumpe mit Kasten und Batterie<\/td>\n<td>1290 CHF<\/td>\n<\/tr>\n<tr>\n<td>Boden &#8211; Alu-Profile<\/td>\n<td>200 CHF<\/td>\n<\/tr>\n<tr>\n<td>Stossd\u00e4mpfer 100 km\/h, Paar<\/td>\n<td>100 CHF<\/td>\n<\/tr>\n<tr>\n<td>Hohe Seitenw\u00e4nde Alu 200 mm<\/td>\n<td>600 CHF<\/td>\n<\/tr>\n<\/tbody>\n<\/table>\n","protected":false},"featured_media":2332,"comment_status":"open","ping_status":"closed","template":"","meta":{"_acf_changed":false},"product_brand":[],"product_cat":[23],"product_tag":[],"class_list":{"0":"post-2015","1":"product","2":"type-product","3":"status-publish","4":"has-post-thumbnail","6":"product_cat-absenkanhaenger","8":"first","9":"instock","10":"featured","11":"shipping-taxable","12":"purchasable","13":"product-type-simple"},"acf":[],"yoast_head":"<!-- This site is optimized with the Yoast SEO plugin v27.2 - https:\/\/yoast.com\/product\/yoast-seo-wordpress\/ -->\n<title>Daltec Lifter WOM F, 2510x1280 mm, 750 Kg - Daltec<\/title>\n<meta name=\"robots\" content=\"index, follow, max-snippet:-1, max-image-preview:large, max-video-preview:-1\" \/>\n<link rel=\"canonical\" href=\"https:\/\/daltec.ch\/de\/product\/lifter-wom-f\/\" \/>\n<meta property=\"og:locale\" content=\"de_DE\" \/>\n<meta property=\"og:type\" content=\"article\" \/>\n<meta property=\"og:title\" content=\"Daltec Lifter WOM F, 2510x1280 mm, 750 Kg - Daltec\" \/>\n<meta property=\"og:description\" content=\"Preis: Siehe Preisliste auf Startseite &nbsp; Technische Daten    L\u00e4nge 2510 mm   Breite 1280 mm   H\u00f6he 0 mm   Achsen 1   Gesamtgewicht 750 kg   Nutzlast 506 kg   R\u00e4der 165\/70 R 13\u00a0    Optionen    V - Leiste in der Mitte der Ladefl\u00e4che 160 CHF   Elektropumpe mit Kasten und Batterie 1290 CHF   Boden - Alu-Profile 200 CHF   Stossd\u00e4mpfer 100 km\/h, Paar 100 CHF   Hohe Seitenw\u00e4nde Alu 200 mm 600 CHF\" \/>\n<meta property=\"og:url\" content=\"https:\/\/daltec.ch\/de\/product\/lifter-wom-f\/\" \/>\n<meta property=\"og:site_name\" content=\"Daltec\" \/>\n<meta property=\"article:publisher\" content=\"https:\/\/www.facebook.com\/DaltecAG\" \/>\n<meta property=\"article:modified_time\" content=\"2025-08-21T13:42:56+00:00\" \/>\n<meta property=\"og:image\" content=\"https:\/\/daltec.ch\/wp-content\/uploads\/2024\/11\/f63c163c1a8f49777a9427b7f277fae4.jpeg\" \/>\n\t<meta property=\"og:image:width\" content=\"1560\" \/>\n\t<meta property=\"og:image:height\" content=\"878\" \/>\n\t<meta property=\"og:image:type\" content=\"image\/jpeg\" \/>\n<meta name=\"twitter:card\" content=\"summary_large_image\" \/>\n<script type=\"application\/ld+json\" class=\"yoast-schema-graph\">{\"@context\":\"https:\/\/schema.org\",\"@graph\":[{\"@type\":\"WebPage\",\"@id\":\"https:\/\/daltec.ch\/product\/lifter-wom-f\",\"url\":\"https:\/\/daltec.ch\/product\/lifter-wom-f\",\"name\":\"Daltec Lifter WOM F, 2510x1280 mm, 750 Kg - Daltec\",\"isPartOf\":{\"@id\":\"https:\/\/daltec.ch\/fr\/#website\"},\"primaryImageOfPage\":{\"@id\":\"https:\/\/daltec.ch\/product\/lifter-wom-f#primaryimage\"},\"image\":{\"@id\":\"https:\/\/daltec.ch\/product\/lifter-wom-f#primaryimage\"},\"thumbnailUrl\":\"https:\/\/daltec.ch\/wp-content\/uploads\/2024\/11\/f63c163c1a8f49777a9427b7f277fae4.jpeg\",\"datePublished\":\"2024-11-29T13:52:52+00:00\",\"dateModified\":\"2025-08-21T13:42:56+00:00\",\"breadcrumb\":{\"@id\":\"https:\/\/daltec.ch\/product\/lifter-wom-f#breadcrumb\"},\"inLanguage\":\"de-CH\",\"potentialAction\":[{\"@type\":\"ReadAction\",\"target\":[\"https:\/\/daltec.ch\/product\/lifter-wom-f\"]}]},{\"@type\":\"ImageObject\",\"inLanguage\":\"de-CH\",\"@id\":\"https:\/\/daltec.ch\/product\/lifter-wom-f#primaryimage\",\"url\":\"https:\/\/daltec.ch\/wp-content\/uploads\/2024\/11\/f63c163c1a8f49777a9427b7f277fae4.jpeg\",\"contentUrl\":\"https:\/\/daltec.ch\/wp-content\/uploads\/2024\/11\/f63c163c1a8f49777a9427b7f277fae4.jpeg\",\"width\":1560,\"height\":878},{\"@type\":\"BreadcrumbList\",\"@id\":\"https:\/\/daltec.ch\/product\/lifter-wom-f#breadcrumb\",\"itemListElement\":[{\"@type\":\"ListItem\",\"position\":1,\"name\":\"Startseite\",\"item\":\"https:\/\/daltec.ch\/\"},{\"@type\":\"ListItem\",\"position\":2,\"name\":\"anhaenger\",\"item\":\"https:\/\/daltec.ch\/anhaenger\"},{\"@type\":\"ListItem\",\"position\":3,\"name\":\"Daltec Lifter WOM F, 2510&#215;1280 mm, 750 Kg\"}]},{\"@type\":\"WebSite\",\"@id\":\"https:\/\/daltec.ch\/fr\/#website\",\"url\":\"https:\/\/daltec.ch\/fr\/\",\"name\":\"Daltec Trailers\",\"description\":\"\",\"publisher\":{\"@id\":\"https:\/\/daltec.ch\/fr\/#organization\"},\"potentialAction\":[{\"@type\":\"SearchAction\",\"target\":{\"@type\":\"EntryPoint\",\"urlTemplate\":\"https:\/\/daltec.ch\/fr\/?s={search_term_string}\"},\"query-input\":{\"@type\":\"PropertyValueSpecification\",\"valueRequired\":true,\"valueName\":\"search_term_string\"}}],\"inLanguage\":\"de-CH\"},{\"@type\":\"Organization\",\"@id\":\"https:\/\/daltec.ch\/fr\/#organization\",\"name\":\"Daltec AG\",\"url\":\"https:\/\/daltec.ch\/fr\/\",\"logo\":{\"@type\":\"ImageObject\",\"inLanguage\":\"de-CH\",\"@id\":\"https:\/\/daltec.ch\/fr\/#\/schema\/logo\/image\/\",\"url\":\"https:\/\/daltec.ch\/wp-content\/uploads\/2025\/08\/dlteclogo.webp\",\"contentUrl\":\"https:\/\/daltec.ch\/wp-content\/uploads\/2025\/08\/dlteclogo.webp\",\"width\":500,\"height\":195,\"caption\":\"Daltec AG\"},\"image\":{\"@id\":\"https:\/\/daltec.ch\/fr\/#\/schema\/logo\/image\/\"},\"sameAs\":[\"https:\/\/www.facebook.com\/DaltecAG\"]}]}<\/script>\n<!-- \/ Yoast SEO plugin. -->","yoast_head_json":{"title":"Daltec Lifter WOM F, 2510x1280 mm, 750 Kg - Daltec","robots":{"index":"index","follow":"follow","max-snippet":"max-snippet:-1","max-image-preview":"max-image-preview:large","max-video-preview":"max-video-preview:-1"},"canonical":"https:\/\/daltec.ch\/de\/product\/lifter-wom-f\/","og_locale":"de_DE","og_type":"article","og_title":"Daltec Lifter WOM F, 2510x1280 mm, 750 Kg - Daltec","og_description":"Preis: Siehe Preisliste auf Startseite &nbsp; Technische Daten    L\u00e4nge 2510 mm   Breite 1280 mm   H\u00f6he 0 mm   Achsen 1   Gesamtgewicht 750 kg   Nutzlast 506 kg   R\u00e4der 165\/70 R 13\u00a0    Optionen    V - Leiste in der Mitte der Ladefl\u00e4che 160 CHF   Elektropumpe mit Kasten und Batterie 1290 CHF   Boden - Alu-Profile 200 CHF   Stossd\u00e4mpfer 100 km\/h, Paar 100 CHF   Hohe Seitenw\u00e4nde Alu 200 mm 600 CHF","og_url":"https:\/\/daltec.ch\/de\/product\/lifter-wom-f\/","og_site_name":"Daltec","article_publisher":"https:\/\/www.facebook.com\/DaltecAG","article_modified_time":"2025-08-21T13:42:56+00:00","og_image":[{"width":1560,"height":878,"url":"https:\/\/daltec.ch\/wp-content\/uploads\/2024\/11\/f63c163c1a8f49777a9427b7f277fae4.jpeg","type":"image\/jpeg"}],"twitter_card":"summary_large_image","schema":{"@context":"https:\/\/schema.org","@graph":[{"@type":"WebPage","@id":"https:\/\/daltec.ch\/product\/lifter-wom-f","url":"https:\/\/daltec.ch\/product\/lifter-wom-f","name":"Daltec Lifter WOM F, 2510x1280 mm, 750 Kg - Daltec","isPartOf":{"@id":"https:\/\/daltec.ch\/fr\/#website"},"primaryImageOfPage":{"@id":"https:\/\/daltec.ch\/product\/lifter-wom-f#primaryimage"},"image":{"@id":"https:\/\/daltec.ch\/product\/lifter-wom-f#primaryimage"},"thumbnailUrl":"https:\/\/daltec.ch\/wp-content\/uploads\/2024\/11\/f63c163c1a8f49777a9427b7f277fae4.jpeg","datePublished":"2024-11-29T13:52:52+00:00","dateModified":"2025-08-21T13:42:56+00:00","breadcrumb":{"@id":"https:\/\/daltec.ch\/product\/lifter-wom-f#breadcrumb"},"inLanguage":"de-CH","potentialAction":[{"@type":"ReadAction","target":["https:\/\/daltec.ch\/product\/lifter-wom-f"]}]},{"@type":"ImageObject","inLanguage":"de-CH","@id":"https:\/\/daltec.ch\/product\/lifter-wom-f#primaryimage","url":"https:\/\/daltec.ch\/wp-content\/uploads\/2024\/11\/f63c163c1a8f49777a9427b7f277fae4.jpeg","contentUrl":"https:\/\/daltec.ch\/wp-content\/uploads\/2024\/11\/f63c163c1a8f49777a9427b7f277fae4.jpeg","width":1560,"height":878},{"@type":"BreadcrumbList","@id":"https:\/\/daltec.ch\/product\/lifter-wom-f#breadcrumb","itemListElement":[{"@type":"ListItem","position":1,"name":"Startseite","item":"https:\/\/daltec.ch\/"},{"@type":"ListItem","position":2,"name":"anhaenger","item":"https:\/\/daltec.ch\/anhaenger"},{"@type":"ListItem","position":3,"name":"Daltec Lifter WOM F, 2510&#215;1280 mm, 750 Kg"}]},{"@type":"WebSite","@id":"https:\/\/daltec.ch\/fr\/#website","url":"https:\/\/daltec.ch\/fr\/","name":"Daltec Trailers","description":"","publisher":{"@id":"https:\/\/daltec.ch\/fr\/#organization"},"potentialAction":[{"@type":"SearchAction","target":{"@type":"EntryPoint","urlTemplate":"https:\/\/daltec.ch\/fr\/?s={search_term_string}"},"query-input":{"@type":"PropertyValueSpecification","valueRequired":true,"valueName":"search_term_string"}}],"inLanguage":"de-CH"},{"@type":"Organization","@id":"https:\/\/daltec.ch\/fr\/#organization","name":"Daltec AG","url":"https:\/\/daltec.ch\/fr\/","logo":{"@type":"ImageObject","inLanguage":"de-CH","@id":"https:\/\/daltec.ch\/fr\/#\/schema\/logo\/image\/","url":"https:\/\/daltec.ch\/wp-content\/uploads\/2025\/08\/dlteclogo.webp","contentUrl":"https:\/\/daltec.ch\/wp-content\/uploads\/2025\/08\/dlteclogo.webp","width":500,"height":195,"caption":"Daltec AG"},"image":{"@id":"https:\/\/daltec.ch\/fr\/#\/schema\/logo\/image\/"},"sameAs":["https:\/\/www.facebook.com\/DaltecAG"]}]}},"_links":{"self":[{"href":"https:\/\/daltec.ch\/de\/wp-json\/wp\/v2\/product\/2015","targetHints":{"allow":["GET"]}}],"collection":[{"href":"https:\/\/daltec.ch\/de\/wp-json\/wp\/v2\/product"}],"about":[{"href":"https:\/\/daltec.ch\/de\/wp-json\/wp\/v2\/types\/product"}],"replies":[{"embeddable":true,"href":"https:\/\/daltec.ch\/de\/wp-json\/wp\/v2\/comments?post=2015"}],"wp:featuredmedia":[{"embeddable":true,"href":"https:\/\/daltec.ch\/de\/wp-json\/wp\/v2\/media\/2332"}],"wp:attachment":[{"href":"https:\/\/daltec.ch\/de\/wp-json\/wp\/v2\/media?parent=2015"}],"wp:term":[{"taxonomy":"product_brand","embeddable":true,"href":"https:\/\/daltec.ch\/de\/wp-json\/wp\/v2\/product_brand?post=2015"},{"taxonomy":"product_cat","embeddable":true,"href":"https:\/\/daltec.ch\/de\/wp-json\/wp\/v2\/product_cat?post=2015"},{"taxonomy":"product_tag","embeddable":true,"href":"https:\/\/daltec.ch\/de\/wp-json\/wp\/v2\/product_tag?post=2015"}],"curies":[{"name":"wp","href":"https:\/\/api.w.org\/{rel}","templated":true}]}}