{"id":2040,"date":"2024-11-29T19:29:20","date_gmt":"2024-11-29T19:29:20","guid":{"rendered":"https:\/\/daltec.ch\/?post_type=product&#038;p=2040"},"modified":"2025-08-29T07:56:27","modified_gmt":"2025-08-29T07:56:27","slug":"toilette","status":"publish","type":"product","link":"https:\/\/daltec.ch\/de\/product\/toilette","title":{"rendered":"Toilette"},"content":{"rendered":"<p>Verw\u00f6hnen Sie Ihre G\u00e4ste mit unseren exklusiven Event-Toiletten. Vervollkommen Sie Ihre VIP-Veranstaltung mit unseren Toilettenwagen der Luxusklasse, Ihre G\u00e4ste werden sich wohlf\u00fchlen. Stillvolle Einrichtung, Komfort und Funktionalit\u00e4t sorgen daf\u00fcr, dass auch das stille \u00d6rtchen zu Ihrer Veranstaltung beitr\u00e4gt.<\/p>\n<p>Auf Anfrage kann Ihre Deko aufgekleppt werden.<\/p>\n<h4>Serienausstattung:<\/h4>\n<p>Fahrgestell: V-Anh\u00e4ngevorrichtung feuerverzinkt, Verschweisst und verschraubt, Kugelkupplung, Abreissleine, St\u00fctzrad, Kotschutz aus Kunststoff, Ausstattung: Damen &#8211; 2 Klosetts, 2 Waschbecken, 1 Handtrockner, 2 Spiegel Herren &#8211; 1 Klosett, 2 Pissoirs, 2 Waschbecken, 1 Handtrockner, 2 Spiegel Technische Ausstattung: Treppe abnehmbar, Boden PVC belegt, Innenw\u00e4nde aus laminiertem Holz, Dachfenster, Wasserinstallation: Zuleitung 1 BAR, 2\u2019\u2019, Schnellverschluss, Abwasserleitung 65 mm Elektrische Installation: 240 V Boiler, 40 Liter, Neon Innenbeleuchtung 2 x 240V, Heizung 2 x 2000 W, Handtrockner 2 x 600 W Beleuchtungsanlage: Nach Normen der StVO 12V, 13 Pol-Stecker<\/p>\n<p><strong><u>Vollausstattung:<\/u><\/strong><strong><u><br \/>\n<\/u><\/strong>LED-Innenbeleuchtung; hermetische Einzelsteckdose \u2013 1 St\u00fcck; Sicherungskasten; Anschlussdose an der Vorderwand des Anh\u00e4ngers; Elektroheizung 250 W.<\/p>\n<p>&#8211; Kaltwasseranlage (Einzelbecken mit Elektroventil) mit Ablauf in den Toilettentank; Chemietoilette; Papiertuchspender; Spiegel (60 \u00d7 33 cm); Fl\u00fcssigseifenspender; 20-Liter-Wasserkanister.<\/p>\n<p>&nbsp;<\/p>\n<p>&nbsp;<\/p>\n","protected":false},"excerpt":{"rendered":"<h5><span style=\"color: #ff0000;\"><em>Preis: Siehe Preisliste auf Startseite<\/em><\/span><\/h5>\n<p>Ein zweiachsiger Anh\u00e4nger mit 2 Verkaufsklappen.<\/p>\n<h4>Technische Daten:<\/h4>\n<table class=\"table\">\n<tbody>\n<tr>\n<th>L\u00e4nge<\/th>\n<td>5200 <small>mm<\/small><\/td>\n<\/tr>\n<tr>\n<th>Breite<\/th>\n<td>2000 <small>mm<\/small><\/td>\n<\/tr>\n<tr>\n<th>H\u00f6he<\/th>\n<td>2300 <small>mm<\/small><\/td>\n<\/tr>\n<tr>\n<th>Achsen<\/th>\n<td>2<small><\/small><\/td>\n<\/tr>\n<tr>\n<th>Gesamtgewicht<\/th>\n<td>2700 <small>kg<\/small><\/td>\n<\/tr>\n<tr>\n<th>Nutzlast<\/th>\n<td>1660 kg<\/td>\n<\/tr>\n<tr>\n<th>R\u00e4der<\/th>\n<td>165 R13C<\/td>\n<\/tr>\n<\/tbody>\n<\/table>\n<p><strong>Optionen:<\/strong><\/p>\n<table class=\"table\">\n<tbody>\n<tr>\n<th>Reserverad 165 R13 C<\/th>\n<td>100 CHF<\/td>\n<\/tr>\n<tr>\n<th>Reserveradhalter<\/th>\n<td><\/td>\n<\/tr>\n<tr>\n<th>Radkappen<\/th>\n<td><\/td>\n<\/tr>\n<tr>\n<th>Sto\u00dfd\u00e4mpfe<\/th>\n<td><\/td>\n<\/tr>\n<tr>\n<th>Sto\u00dfd\u00e4mpfer<\/th>\n<td><\/td>\n<\/tr>\n<tr>\n<th><\/th>\n<td><\/td>\n<\/tr>\n<tr>\n<th><\/th>\n<td><\/td>\n<\/tr>\n<\/tbody>\n<\/table>\n<p>&nbsp;<\/p>\n","protected":false},"featured_media":1545,"comment_status":"open","ping_status":"closed","template":"","meta":{"_acf_changed":false},"product_brand":[],"product_cat":[33],"product_tag":[],"class_list":{"0":"post-2040","1":"product","2":"type-product","3":"status-publish","4":"has-post-thumbnail","6":"product_cat-eventanhaenger","8":"first","9":"instock","10":"featured","11":"shipping-taxable","12":"purchasable","13":"product-type-simple"},"acf":[],"yoast_head":"<!-- This site is optimized with the Yoast SEO plugin v27.4 - https:\/\/yoast.com\/product\/yoast-seo-wordpress\/ -->\n<title>Toilette - Daltec<\/title>\n<meta name=\"robots\" content=\"index, follow, max-snippet:-1, max-image-preview:large, max-video-preview:-1\" \/>\n<link rel=\"canonical\" href=\"https:\/\/daltec.ch\/de\/product\/toilette\/\" \/>\n<meta property=\"og:locale\" content=\"de_DE\" \/>\n<meta property=\"og:type\" content=\"article\" \/>\n<meta property=\"og:title\" content=\"Toilette - Daltec\" \/>\n<meta property=\"og:description\" content=\"Preis: Siehe Preisliste auf Startseite Ein zweiachsiger Anh\u00e4nger mit 2 Verkaufsklappen. Technische Daten:    L\u00e4nge 5200 mm   Breite 2000 mm   H\u00f6he 2300 mm   Achsen 2   Gesamtgewicht 2700 kg   Nutzlast 1660 kg   R\u00e4der 165 R13C    Optionen:    Reserverad 165 R13 C 100 CHF   Reserveradhalter    Radkappen    Sto\u00dfd\u00e4mpfe    Sto\u00dfd\u00e4mpfer             &nbsp;\" \/>\n<meta property=\"og:url\" content=\"https:\/\/daltec.ch\/de\/product\/toilette\/\" \/>\n<meta property=\"og:site_name\" content=\"Daltec\" \/>\n<meta property=\"article:publisher\" content=\"https:\/\/www.facebook.com\/DaltecAG\" \/>\n<meta property=\"article:modified_time\" content=\"2025-08-29T07:56:27+00:00\" \/>\n<meta property=\"og:image\" content=\"https:\/\/daltec.ch\/wp-content\/uploads\/2024\/05\/toi_typ_1_1.jpg\" \/>\n\t<meta property=\"og:image:width\" content=\"900\" \/>\n\t<meta property=\"og:image:height\" content=\"900\" \/>\n\t<meta property=\"og:image:type\" content=\"image\/jpeg\" \/>\n<meta name=\"twitter:card\" content=\"summary_large_image\" \/>\n<meta name=\"twitter:label1\" content=\"Gesch\u00e4tzte Lesezeit\" \/>\n\t<meta name=\"twitter:data1\" content=\"1\u00a0Minute\" \/>\n<script type=\"application\/ld+json\" class=\"yoast-schema-graph\">{\"@context\":\"https:\\\/\\\/schema.org\",\"@graph\":[{\"@type\":\"WebPage\",\"@id\":\"https:\\\/\\\/daltec.ch\\\/product\\\/toilette\",\"url\":\"https:\\\/\\\/daltec.ch\\\/product\\\/toilette\",\"name\":\"Toilette - Daltec\",\"isPartOf\":{\"@id\":\"https:\\\/\\\/daltec.ch\\\/fr\\\/#website\"},\"primaryImageOfPage\":{\"@id\":\"https:\\\/\\\/daltec.ch\\\/product\\\/toilette#primaryimage\"},\"image\":{\"@id\":\"https:\\\/\\\/daltec.ch\\\/product\\\/toilette#primaryimage\"},\"thumbnailUrl\":\"https:\\\/\\\/daltec.ch\\\/wp-content\\\/uploads\\\/2024\\\/05\\\/toi_typ_1_1.jpg\",\"datePublished\":\"2024-11-29T19:29:20+00:00\",\"dateModified\":\"2025-08-29T07:56:27+00:00\",\"breadcrumb\":{\"@id\":\"https:\\\/\\\/daltec.ch\\\/product\\\/toilette#breadcrumb\"},\"inLanguage\":\"de-CH\",\"potentialAction\":[{\"@type\":\"ReadAction\",\"target\":[\"https:\\\/\\\/daltec.ch\\\/product\\\/toilette\"]}]},{\"@type\":\"ImageObject\",\"inLanguage\":\"de-CH\",\"@id\":\"https:\\\/\\\/daltec.ch\\\/product\\\/toilette#primaryimage\",\"url\":\"https:\\\/\\\/daltec.ch\\\/wp-content\\\/uploads\\\/2024\\\/05\\\/toi_typ_1_1.jpg\",\"contentUrl\":\"https:\\\/\\\/daltec.ch\\\/wp-content\\\/uploads\\\/2024\\\/05\\\/toi_typ_1_1.jpg\",\"width\":900,\"height\":900},{\"@type\":\"BreadcrumbList\",\"@id\":\"https:\\\/\\\/daltec.ch\\\/product\\\/toilette#breadcrumb\",\"itemListElement\":[{\"@type\":\"ListItem\",\"position\":1,\"name\":\"Startseite\",\"item\":\"https:\\\/\\\/daltec.ch\\\/\"},{\"@type\":\"ListItem\",\"position\":2,\"name\":\"anhaenger\",\"item\":\"https:\\\/\\\/daltec.ch\\\/anhaenger\"},{\"@type\":\"ListItem\",\"position\":3,\"name\":\"Toilette\"}]},{\"@type\":\"WebSite\",\"@id\":\"https:\\\/\\\/daltec.ch\\\/fr\\\/#website\",\"url\":\"https:\\\/\\\/daltec.ch\\\/fr\\\/\",\"name\":\"Daltec Trailers\",\"description\":\"\",\"publisher\":{\"@id\":\"https:\\\/\\\/daltec.ch\\\/fr\\\/#organization\"},\"potentialAction\":[{\"@type\":\"SearchAction\",\"target\":{\"@type\":\"EntryPoint\",\"urlTemplate\":\"https:\\\/\\\/daltec.ch\\\/fr\\\/?s={search_term_string}\"},\"query-input\":{\"@type\":\"PropertyValueSpecification\",\"valueRequired\":true,\"valueName\":\"search_term_string\"}}],\"inLanguage\":\"de-CH\"},{\"@type\":\"Organization\",\"@id\":\"https:\\\/\\\/daltec.ch\\\/fr\\\/#organization\",\"name\":\"Daltec AG\",\"url\":\"https:\\\/\\\/daltec.ch\\\/fr\\\/\",\"logo\":{\"@type\":\"ImageObject\",\"inLanguage\":\"de-CH\",\"@id\":\"https:\\\/\\\/daltec.ch\\\/fr\\\/#\\\/schema\\\/logo\\\/image\\\/\",\"url\":\"https:\\\/\\\/daltec.ch\\\/wp-content\\\/uploads\\\/2025\\\/08\\\/dlteclogo.webp\",\"contentUrl\":\"https:\\\/\\\/daltec.ch\\\/wp-content\\\/uploads\\\/2025\\\/08\\\/dlteclogo.webp\",\"width\":500,\"height\":195,\"caption\":\"Daltec AG\"},\"image\":{\"@id\":\"https:\\\/\\\/daltec.ch\\\/fr\\\/#\\\/schema\\\/logo\\\/image\\\/\"},\"sameAs\":[\"https:\\\/\\\/www.facebook.com\\\/DaltecAG\"]}]}<\/script>\n<!-- \/ Yoast SEO plugin. -->","yoast_head_json":{"title":"Toilette - Daltec","robots":{"index":"index","follow":"follow","max-snippet":"max-snippet:-1","max-image-preview":"max-image-preview:large","max-video-preview":"max-video-preview:-1"},"canonical":"https:\/\/daltec.ch\/de\/product\/toilette\/","og_locale":"de_DE","og_type":"article","og_title":"Toilette - Daltec","og_description":"Preis: Siehe Preisliste auf Startseite Ein zweiachsiger Anh\u00e4nger mit 2 Verkaufsklappen. Technische Daten:    L\u00e4nge 5200 mm   Breite 2000 mm   H\u00f6he 2300 mm   Achsen 2   Gesamtgewicht 2700 kg   Nutzlast 1660 kg   R\u00e4der 165 R13C    Optionen:    Reserverad 165 R13 C 100 CHF   Reserveradhalter    Radkappen    Sto\u00dfd\u00e4mpfe    Sto\u00dfd\u00e4mpfer             &nbsp;","og_url":"https:\/\/daltec.ch\/de\/product\/toilette\/","og_site_name":"Daltec","article_publisher":"https:\/\/www.facebook.com\/DaltecAG","article_modified_time":"2025-08-29T07:56:27+00:00","og_image":[{"width":900,"height":900,"url":"https:\/\/daltec.ch\/wp-content\/uploads\/2024\/05\/toi_typ_1_1.jpg","type":"image\/jpeg"}],"twitter_card":"summary_large_image","twitter_misc":{"Gesch\u00e4tzte Lesezeit":"1\u00a0Minute"},"schema":{"@context":"https:\/\/schema.org","@graph":[{"@type":"WebPage","@id":"https:\/\/daltec.ch\/product\/toilette","url":"https:\/\/daltec.ch\/product\/toilette","name":"Toilette - Daltec","isPartOf":{"@id":"https:\/\/daltec.ch\/fr\/#website"},"primaryImageOfPage":{"@id":"https:\/\/daltec.ch\/product\/toilette#primaryimage"},"image":{"@id":"https:\/\/daltec.ch\/product\/toilette#primaryimage"},"thumbnailUrl":"https:\/\/daltec.ch\/wp-content\/uploads\/2024\/05\/toi_typ_1_1.jpg","datePublished":"2024-11-29T19:29:20+00:00","dateModified":"2025-08-29T07:56:27+00:00","breadcrumb":{"@id":"https:\/\/daltec.ch\/product\/toilette#breadcrumb"},"inLanguage":"de-CH","potentialAction":[{"@type":"ReadAction","target":["https:\/\/daltec.ch\/product\/toilette"]}]},{"@type":"ImageObject","inLanguage":"de-CH","@id":"https:\/\/daltec.ch\/product\/toilette#primaryimage","url":"https:\/\/daltec.ch\/wp-content\/uploads\/2024\/05\/toi_typ_1_1.jpg","contentUrl":"https:\/\/daltec.ch\/wp-content\/uploads\/2024\/05\/toi_typ_1_1.jpg","width":900,"height":900},{"@type":"BreadcrumbList","@id":"https:\/\/daltec.ch\/product\/toilette#breadcrumb","itemListElement":[{"@type":"ListItem","position":1,"name":"Startseite","item":"https:\/\/daltec.ch\/"},{"@type":"ListItem","position":2,"name":"anhaenger","item":"https:\/\/daltec.ch\/anhaenger"},{"@type":"ListItem","position":3,"name":"Toilette"}]},{"@type":"WebSite","@id":"https:\/\/daltec.ch\/fr\/#website","url":"https:\/\/daltec.ch\/fr\/","name":"Daltec Trailers","description":"","publisher":{"@id":"https:\/\/daltec.ch\/fr\/#organization"},"potentialAction":[{"@type":"SearchAction","target":{"@type":"EntryPoint","urlTemplate":"https:\/\/daltec.ch\/fr\/?s={search_term_string}"},"query-input":{"@type":"PropertyValueSpecification","valueRequired":true,"valueName":"search_term_string"}}],"inLanguage":"de-CH"},{"@type":"Organization","@id":"https:\/\/daltec.ch\/fr\/#organization","name":"Daltec AG","url":"https:\/\/daltec.ch\/fr\/","logo":{"@type":"ImageObject","inLanguage":"de-CH","@id":"https:\/\/daltec.ch\/fr\/#\/schema\/logo\/image\/","url":"https:\/\/daltec.ch\/wp-content\/uploads\/2025\/08\/dlteclogo.webp","contentUrl":"https:\/\/daltec.ch\/wp-content\/uploads\/2025\/08\/dlteclogo.webp","width":500,"height":195,"caption":"Daltec AG"},"image":{"@id":"https:\/\/daltec.ch\/fr\/#\/schema\/logo\/image\/"},"sameAs":["https:\/\/www.facebook.com\/DaltecAG"]}]}},"_links":{"self":[{"href":"https:\/\/daltec.ch\/de\/wp-json\/wp\/v2\/product\/2040","targetHints":{"allow":["GET"]}}],"collection":[{"href":"https:\/\/daltec.ch\/de\/wp-json\/wp\/v2\/product"}],"about":[{"href":"https:\/\/daltec.ch\/de\/wp-json\/wp\/v2\/types\/product"}],"replies":[{"embeddable":true,"href":"https:\/\/daltec.ch\/de\/wp-json\/wp\/v2\/comments?post=2040"}],"wp:featuredmedia":[{"embeddable":true,"href":"https:\/\/daltec.ch\/de\/wp-json\/wp\/v2\/media\/1545"}],"wp:attachment":[{"href":"https:\/\/daltec.ch\/de\/wp-json\/wp\/v2\/media?parent=2040"}],"wp:term":[{"taxonomy":"product_brand","embeddable":true,"href":"https:\/\/daltec.ch\/de\/wp-json\/wp\/v2\/product_brand?post=2040"},{"taxonomy":"product_cat","embeddable":true,"href":"https:\/\/daltec.ch\/de\/wp-json\/wp\/v2\/product_cat?post=2040"},{"taxonomy":"product_tag","embeddable":true,"href":"https:\/\/daltec.ch\/de\/wp-json\/wp\/v2\/product_tag?post=2040"}],"curies":[{"name":"wp","href":"https:\/\/api.w.org\/{rel}","templated":true}]}}