{"id":2098,"date":"2024-12-14T19:42:26","date_gmt":"2024-12-14T19:42:26","guid":{"rendered":"https:\/\/daltec.ch\/?post_type=product&#038;p=2098"},"modified":"2026-02-10T10:34:05","modified_gmt":"2026-02-10T10:34:05","slug":"roadster-c255-ungebremst-non-freine","status":"publish","type":"product","link":"https:\/\/daltec.ch\/de\/product\/roadster-c255-ungebremst-non-freine","title":{"rendered":"Daltec Roadster C255 ungebremst, 2550x1250x1550 mm, 750 Kg"},"content":{"rendered":"<p>Ideal f\u00fcr Nutzer, die bis 750\u202fkg Gesamtgewicht transportieren m\u00f6chten<\/p>\n<h4>Serienausstattung:<\/h4>\n<p>Einachsig, gebremst oder ungebremst, Stabile Achsen 1300 kg, Fahrgestell feuerverzinkt, Alu-Kastenrahmen, Polyesterdach und Bug aerodynamisch, Plywood W\u00e4nde seitlich mit Polypropylen Folie, Kotfl\u00fcgel schlagfester Kunststoff, Automatik-St\u00fctzrad mit Rangiergriff, Alu Heckklappe dreh und schwenkbar, Beleuchtung im Heckrahmen versenkt, Rutschfester Holzboden, 2 Heckst\u00fctzen, Zurrb\u00fcgel x4, Innenleuchte mit Schalter, Unterlegkeile<\/p>\n","protected":false},"excerpt":{"rendered":"<h6><span style=\"font-size: 13px; color: #ff0000;\"><em>Preis: Siehe Preisliste auf Startseite<\/em><\/span><\/h6>\n<h4>Technische Daten:<\/h4>\n<table class=\"table\">\n<tbody>\n<tr>\n<th>Innenl\u00e4nge<\/th>\n<td>2550 <small>mm<\/small><\/td>\n<\/tr>\n<tr>\n<th>Innenbreite<\/th>\n<td>1250 <small>mm<\/small><\/td>\n<\/tr>\n<tr>\n<th>Innenh\u00f6he<\/th>\n<td>1550 <small>mm<\/small><\/td>\n<\/tr>\n<tr>\n<th>Achsen<\/th>\n<td>1<small><\/small><\/td>\n<\/tr>\n<tr>\n<th>Bremsen<\/th>\n<td>Ja<\/td>\n<\/tr>\n<tr>\n<th>Gesamtgewicht<\/th>\n<td>750 <small>kg<\/small><\/td>\n<\/tr>\n<tr>\n<th>Nutzlast<\/th>\n<td>950 <small>kg<\/small><\/td>\n<\/tr>\n<tr>\n<th>Aussenmassen<\/th>\n<td>3200 x 1460 x 2000 <small>mm<\/small><\/td>\n<\/tr>\n<\/tbody>\n<\/table>\n<h4>Optionen:<\/h4>\n<table width=\"532\">\n<tbody>\n<tr>\n<td>Servicet\u00fcre 630 x 1300 mm<\/td>\n<td>+ 300 CHF<\/td>\n<\/tr>\n<tr>\n<td>Aluminium Seitenw\u00e4nde (an Stelle von Plywoodw\u00e4nde)<\/td>\n<td>+ 300 CHF<\/td>\n<\/tr>\n<\/tbody>\n<\/table>\n<h4><\/h4>\n<h4>Dokumente zum herunterladen:<\/h4>\n<h4><a href=\"https:\/\/daltec.ch\/wp-content\/uploads\/2024\/11\/Tarifs_fourgons_DE1.pdf\" target=\"_blank\" rel=\"noopener\"> \u21d2 Kofferanh\u00e4nger Debon Preisliste 2024<\/a><\/h4>\n<h4><a href=\"https:\/\/daltec.ch\/wp-content\/uploads\/2024\/12\/2024031.pdf\">\u21d2 Katalog Debon Kofferanh\u00e4nger<\/a><\/h4>\n","protected":false},"featured_media":2084,"comment_status":"open","ping_status":"closed","template":"","meta":{"_acf_changed":false},"product_brand":[],"product_cat":[26,235],"product_tag":[],"class_list":{"0":"post-2098","1":"product","2":"type-product","3":"status-publish","4":"has-post-thumbnail","6":"product_cat-kofferanhaenger","7":"product_cat-kofferanhaenger-polyester-karrosserie","9":"first","10":"instock","11":"featured","12":"shipping-taxable","13":"purchasable","14":"product-type-simple"},"acf":[],"yoast_head":"<!-- This site is optimized with the Yoast SEO plugin v27.4 - https:\/\/yoast.com\/product\/yoast-seo-wordpress\/ -->\n<title>Daltec Roadster C255 ungebremst, 2550x1250x1550 mm, 750 Kg - Daltec<\/title>\n<meta name=\"robots\" content=\"index, follow, max-snippet:-1, max-image-preview:large, max-video-preview:-1\" \/>\n<link rel=\"canonical\" href=\"https:\/\/daltec.ch\/de\/product\/roadster-c255-ungebremst-non-freine\/\" \/>\n<meta property=\"og:locale\" content=\"de_DE\" \/>\n<meta property=\"og:type\" content=\"article\" \/>\n<meta property=\"og:title\" content=\"Daltec Roadster C255 ungebremst, 2550x1250x1550 mm, 750 Kg - Daltec\" \/>\n<meta property=\"og:description\" content=\"Preis: Siehe Preisliste auf Startseite Technische Daten:    Innenl\u00e4nge 2550 mm   Innenbreite 1250 mm   Innenh\u00f6he 1550 mm   Achsen 1   Bremsen Ja   Gesamtgewicht 750 kg   Nutzlast 950 kg   Aussenmassen 3200 x 1460 x 2000 mm    Optionen:    Servicet\u00fcre 630 x 1300 mm + 300 CHF   Aluminium Seitenw\u00e4nde (an Stelle von Plywoodw\u00e4nde) + 300 CHF     Dokumente zum herunterladen:  \u21d2 Kofferanh\u00e4nger Debon Preisliste 2024 \u21d2 Katalog Debon Kofferanh\u00e4nger\" \/>\n<meta property=\"og:url\" content=\"https:\/\/daltec.ch\/de\/product\/roadster-c255-ungebremst-non-freine\/\" \/>\n<meta property=\"og:site_name\" content=\"Daltec\" \/>\n<meta property=\"article:publisher\" content=\"https:\/\/www.facebook.com\/DaltecAG\" \/>\n<meta property=\"article:modified_time\" content=\"2026-02-10T10:34:05+00:00\" \/>\n<meta property=\"og:image\" content=\"https:\/\/daltec.ch\/wp-content\/uploads\/2024\/12\/DSC03692-Edit1.jpg\" \/>\n\t<meta property=\"og:image:width\" content=\"800\" \/>\n\t<meta property=\"og:image:height\" content=\"527\" \/>\n\t<meta property=\"og:image:type\" content=\"image\/jpeg\" \/>\n<meta name=\"twitter:card\" content=\"summary_large_image\" \/>\n<script type=\"application\/ld+json\" class=\"yoast-schema-graph\">{\"@context\":\"https:\\\/\\\/schema.org\",\"@graph\":[{\"@type\":\"WebPage\",\"@id\":\"https:\\\/\\\/daltec.ch\\\/product\\\/roadster-c255-ungebremst-non-freine\",\"url\":\"https:\\\/\\\/daltec.ch\\\/product\\\/roadster-c255-ungebremst-non-freine\",\"name\":\"Daltec Roadster C255 ungebremst, 2550x1250x1550 mm, 750 Kg - Daltec\",\"isPartOf\":{\"@id\":\"https:\\\/\\\/daltec.ch\\\/fr\\\/#website\"},\"primaryImageOfPage\":{\"@id\":\"https:\\\/\\\/daltec.ch\\\/product\\\/roadster-c255-ungebremst-non-freine#primaryimage\"},\"image\":{\"@id\":\"https:\\\/\\\/daltec.ch\\\/product\\\/roadster-c255-ungebremst-non-freine#primaryimage\"},\"thumbnailUrl\":\"https:\\\/\\\/daltec.ch\\\/wp-content\\\/uploads\\\/2024\\\/12\\\/DSC03692-Edit1.jpg\",\"datePublished\":\"2024-12-14T19:42:26+00:00\",\"dateModified\":\"2026-02-10T10:34:05+00:00\",\"breadcrumb\":{\"@id\":\"https:\\\/\\\/daltec.ch\\\/product\\\/roadster-c255-ungebremst-non-freine#breadcrumb\"},\"inLanguage\":\"de-CH\",\"potentialAction\":[{\"@type\":\"ReadAction\",\"target\":[\"https:\\\/\\\/daltec.ch\\\/product\\\/roadster-c255-ungebremst-non-freine\"]}]},{\"@type\":\"ImageObject\",\"inLanguage\":\"de-CH\",\"@id\":\"https:\\\/\\\/daltec.ch\\\/product\\\/roadster-c255-ungebremst-non-freine#primaryimage\",\"url\":\"https:\\\/\\\/daltec.ch\\\/wp-content\\\/uploads\\\/2024\\\/12\\\/DSC03692-Edit1.jpg\",\"contentUrl\":\"https:\\\/\\\/daltec.ch\\\/wp-content\\\/uploads\\\/2024\\\/12\\\/DSC03692-Edit1.jpg\",\"width\":800,\"height\":527},{\"@type\":\"BreadcrumbList\",\"@id\":\"https:\\\/\\\/daltec.ch\\\/product\\\/roadster-c255-ungebremst-non-freine#breadcrumb\",\"itemListElement\":[{\"@type\":\"ListItem\",\"position\":1,\"name\":\"Startseite\",\"item\":\"https:\\\/\\\/daltec.ch\\\/\"},{\"@type\":\"ListItem\",\"position\":2,\"name\":\"anhaenger\",\"item\":\"https:\\\/\\\/daltec.ch\\\/anhaenger\"},{\"@type\":\"ListItem\",\"position\":3,\"name\":\"Daltec Roadster C255 ungebremst, 2550x1250x1550 mm, 750 Kg\"}]},{\"@type\":\"WebSite\",\"@id\":\"https:\\\/\\\/daltec.ch\\\/fr\\\/#website\",\"url\":\"https:\\\/\\\/daltec.ch\\\/fr\\\/\",\"name\":\"Daltec Trailers\",\"description\":\"\",\"publisher\":{\"@id\":\"https:\\\/\\\/daltec.ch\\\/fr\\\/#organization\"},\"potentialAction\":[{\"@type\":\"SearchAction\",\"target\":{\"@type\":\"EntryPoint\",\"urlTemplate\":\"https:\\\/\\\/daltec.ch\\\/fr\\\/?s={search_term_string}\"},\"query-input\":{\"@type\":\"PropertyValueSpecification\",\"valueRequired\":true,\"valueName\":\"search_term_string\"}}],\"inLanguage\":\"de-CH\"},{\"@type\":\"Organization\",\"@id\":\"https:\\\/\\\/daltec.ch\\\/fr\\\/#organization\",\"name\":\"Daltec AG\",\"url\":\"https:\\\/\\\/daltec.ch\\\/fr\\\/\",\"logo\":{\"@type\":\"ImageObject\",\"inLanguage\":\"de-CH\",\"@id\":\"https:\\\/\\\/daltec.ch\\\/fr\\\/#\\\/schema\\\/logo\\\/image\\\/\",\"url\":\"https:\\\/\\\/daltec.ch\\\/wp-content\\\/uploads\\\/2025\\\/08\\\/dlteclogo.webp\",\"contentUrl\":\"https:\\\/\\\/daltec.ch\\\/wp-content\\\/uploads\\\/2025\\\/08\\\/dlteclogo.webp\",\"width\":500,\"height\":195,\"caption\":\"Daltec AG\"},\"image\":{\"@id\":\"https:\\\/\\\/daltec.ch\\\/fr\\\/#\\\/schema\\\/logo\\\/image\\\/\"},\"sameAs\":[\"https:\\\/\\\/www.facebook.com\\\/DaltecAG\"]}]}<\/script>\n<!-- \/ Yoast SEO plugin. -->","yoast_head_json":{"title":"Daltec Roadster C255 ungebremst, 2550x1250x1550 mm, 750 Kg - Daltec","robots":{"index":"index","follow":"follow","max-snippet":"max-snippet:-1","max-image-preview":"max-image-preview:large","max-video-preview":"max-video-preview:-1"},"canonical":"https:\/\/daltec.ch\/de\/product\/roadster-c255-ungebremst-non-freine\/","og_locale":"de_DE","og_type":"article","og_title":"Daltec Roadster C255 ungebremst, 2550x1250x1550 mm, 750 Kg - Daltec","og_description":"Preis: Siehe Preisliste auf Startseite Technische Daten:    Innenl\u00e4nge 2550 mm   Innenbreite 1250 mm   Innenh\u00f6he 1550 mm   Achsen 1   Bremsen Ja   Gesamtgewicht 750 kg   Nutzlast 950 kg   Aussenmassen 3200 x 1460 x 2000 mm    Optionen:    Servicet\u00fcre 630 x 1300 mm + 300 CHF   Aluminium Seitenw\u00e4nde (an Stelle von Plywoodw\u00e4nde) + 300 CHF     Dokumente zum herunterladen:  \u21d2 Kofferanh\u00e4nger Debon Preisliste 2024 \u21d2 Katalog Debon Kofferanh\u00e4nger","og_url":"https:\/\/daltec.ch\/de\/product\/roadster-c255-ungebremst-non-freine\/","og_site_name":"Daltec","article_publisher":"https:\/\/www.facebook.com\/DaltecAG","article_modified_time":"2026-02-10T10:34:05+00:00","og_image":[{"width":800,"height":527,"url":"https:\/\/daltec.ch\/wp-content\/uploads\/2024\/12\/DSC03692-Edit1.jpg","type":"image\/jpeg"}],"twitter_card":"summary_large_image","schema":{"@context":"https:\/\/schema.org","@graph":[{"@type":"WebPage","@id":"https:\/\/daltec.ch\/product\/roadster-c255-ungebremst-non-freine","url":"https:\/\/daltec.ch\/product\/roadster-c255-ungebremst-non-freine","name":"Daltec Roadster C255 ungebremst, 2550x1250x1550 mm, 750 Kg - Daltec","isPartOf":{"@id":"https:\/\/daltec.ch\/fr\/#website"},"primaryImageOfPage":{"@id":"https:\/\/daltec.ch\/product\/roadster-c255-ungebremst-non-freine#primaryimage"},"image":{"@id":"https:\/\/daltec.ch\/product\/roadster-c255-ungebremst-non-freine#primaryimage"},"thumbnailUrl":"https:\/\/daltec.ch\/wp-content\/uploads\/2024\/12\/DSC03692-Edit1.jpg","datePublished":"2024-12-14T19:42:26+00:00","dateModified":"2026-02-10T10:34:05+00:00","breadcrumb":{"@id":"https:\/\/daltec.ch\/product\/roadster-c255-ungebremst-non-freine#breadcrumb"},"inLanguage":"de-CH","potentialAction":[{"@type":"ReadAction","target":["https:\/\/daltec.ch\/product\/roadster-c255-ungebremst-non-freine"]}]},{"@type":"ImageObject","inLanguage":"de-CH","@id":"https:\/\/daltec.ch\/product\/roadster-c255-ungebremst-non-freine#primaryimage","url":"https:\/\/daltec.ch\/wp-content\/uploads\/2024\/12\/DSC03692-Edit1.jpg","contentUrl":"https:\/\/daltec.ch\/wp-content\/uploads\/2024\/12\/DSC03692-Edit1.jpg","width":800,"height":527},{"@type":"BreadcrumbList","@id":"https:\/\/daltec.ch\/product\/roadster-c255-ungebremst-non-freine#breadcrumb","itemListElement":[{"@type":"ListItem","position":1,"name":"Startseite","item":"https:\/\/daltec.ch\/"},{"@type":"ListItem","position":2,"name":"anhaenger","item":"https:\/\/daltec.ch\/anhaenger"},{"@type":"ListItem","position":3,"name":"Daltec Roadster C255 ungebremst, 2550x1250x1550 mm, 750 Kg"}]},{"@type":"WebSite","@id":"https:\/\/daltec.ch\/fr\/#website","url":"https:\/\/daltec.ch\/fr\/","name":"Daltec Trailers","description":"","publisher":{"@id":"https:\/\/daltec.ch\/fr\/#organization"},"potentialAction":[{"@type":"SearchAction","target":{"@type":"EntryPoint","urlTemplate":"https:\/\/daltec.ch\/fr\/?s={search_term_string}"},"query-input":{"@type":"PropertyValueSpecification","valueRequired":true,"valueName":"search_term_string"}}],"inLanguage":"de-CH"},{"@type":"Organization","@id":"https:\/\/daltec.ch\/fr\/#organization","name":"Daltec AG","url":"https:\/\/daltec.ch\/fr\/","logo":{"@type":"ImageObject","inLanguage":"de-CH","@id":"https:\/\/daltec.ch\/fr\/#\/schema\/logo\/image\/","url":"https:\/\/daltec.ch\/wp-content\/uploads\/2025\/08\/dlteclogo.webp","contentUrl":"https:\/\/daltec.ch\/wp-content\/uploads\/2025\/08\/dlteclogo.webp","width":500,"height":195,"caption":"Daltec AG"},"image":{"@id":"https:\/\/daltec.ch\/fr\/#\/schema\/logo\/image\/"},"sameAs":["https:\/\/www.facebook.com\/DaltecAG"]}]}},"_links":{"self":[{"href":"https:\/\/daltec.ch\/de\/wp-json\/wp\/v2\/product\/2098","targetHints":{"allow":["GET"]}}],"collection":[{"href":"https:\/\/daltec.ch\/de\/wp-json\/wp\/v2\/product"}],"about":[{"href":"https:\/\/daltec.ch\/de\/wp-json\/wp\/v2\/types\/product"}],"replies":[{"embeddable":true,"href":"https:\/\/daltec.ch\/de\/wp-json\/wp\/v2\/comments?post=2098"}],"wp:featuredmedia":[{"embeddable":true,"href":"https:\/\/daltec.ch\/de\/wp-json\/wp\/v2\/media\/2084"}],"wp:attachment":[{"href":"https:\/\/daltec.ch\/de\/wp-json\/wp\/v2\/media?parent=2098"}],"wp:term":[{"taxonomy":"product_brand","embeddable":true,"href":"https:\/\/daltec.ch\/de\/wp-json\/wp\/v2\/product_brand?post=2098"},{"taxonomy":"product_cat","embeddable":true,"href":"https:\/\/daltec.ch\/de\/wp-json\/wp\/v2\/product_cat?post=2098"},{"taxonomy":"product_tag","embeddable":true,"href":"https:\/\/daltec.ch\/de\/wp-json\/wp\/v2\/product_tag?post=2098"}],"curies":[{"name":"wp","href":"https:\/\/api.w.org\/{rel}","templated":true}]}}