{"id":2196,"date":"2024-12-17T10:19:35","date_gmt":"2024-12-17T10:19:35","guid":{"rendered":"https:\/\/daltec.ch\/?post_type=product&#038;p=2196"},"modified":"2025-07-20T21:14:29","modified_gmt":"2025-07-20T21:14:29","slug":"vz-30-27-b18","status":"publish","type":"product","link":"https:\/\/daltec.ch\/de\/product\/vz-30-27-b18","title":{"rendered":"VZ 30-30 FKT (-20\u00b0C), 3000x1600x1900mm, 3000 Kg"},"content":{"rendered":"<p>F\u00fcr Getr\u00e4nke- und Lebensmitteltransporte ben\u00f6tigen Sie Frischhalte oder K\u00fchlanh\u00e4nger. Moderne Fabrikationsmethoden garantieren optimale Qualit\u00e4t und lange Lebensdauer! Die seitlichen R\u00e4der sorgen f\u00fcr eine stabile Fahrweise. Der Innenausbau ist aus diverse Materialien gemacht um Schlagschutz und Isolation zu garantieren. Seien Sie bereit f\u00fcr jeden Anlass!<\/p>\n<h4>Serienausstattung:<\/h4>\n<p>Fahrgestell: Grundrahmen verschweisst, verschraubt und feuerverzinkt V-Anh\u00e4ngervorrichtung feuerverzinkt Kugelkupplung, Abreissleine, St\u00fctzrad vorne h\u00f6henverstellbar. St\u00fctzf\u00fcsse verstellbar Achsen: Achse AL-KO\/Knott Auflaufbremse mit Handbremse und R\u00fcckfahrautomatik Aufbau: Komplett K\u00e4ltebr\u00fcckenfrei verklebter K\u00fchlkasten mit Sandwichelementen 50 mm Dach und Boden isoliert Boden mit Epoxy 3K rutschfester Farbe lackiert Sockelleiste Innenbeleuchtung Ladungssicherung nach Wunsch Doppelfl\u00fcgelt\u00fcren hinten, abschliessbar und isoliert K\u00fchlger\u00e4t: Govi Arktik 240 V mit digitaler Regelanlage und automatischem Vereisungsschutz. Regelbereich +2\u00b0 &#8211; 15\u00b0. Beleuchtungsanlage: 12 V, nach Normen der StVO, 13 Pol-Stecker<\/p>\n","protected":false},"excerpt":{"rendered":"<h5>Preis: Siehe Preisliste auf Startseite<\/h5>\n<p>K\u00fchlanh\u00e4nger f\u00fcr Catering und Partyservice!<\/p>\n<h4>Technische Daten:<\/h4>\n<table class=\"table\">\n<tbody>\n<tr>\n<th>L\u00e4nge<\/th>\n<td>3000 <small>mm<\/small><\/td>\n<\/tr>\n<tr>\n<th>Breite<\/th>\n<td>1600 <small>mm<\/small><\/td>\n<\/tr>\n<tr>\n<th>H\u00f6he<\/th>\n<td>1900 <small>mm<\/small><\/td>\n<\/tr>\n<tr>\n<th>Achsen<\/th>\n<td>2<\/td>\n<\/tr>\n<tr>\n<th>Gesamtgewicht<\/th>\n<td>2700 <small>kg<\/small><\/td>\n<\/tr>\n<tr>\n<th>Nutzlast<\/th>\n<td>1907 kg<\/td>\n<\/tr>\n<tr>\n<th>R\u00e4der<\/th>\n<td>165 R 13 C<small><\/small><\/td>\n<\/tr>\n<\/tbody>\n<\/table>\n<h4>Optionen:<\/h4>\n<table>\n<tbody>\n<tr>\n<td>Fleischbahnen 2 Stk<\/td>\n<td>2200 CHF<\/td>\n<\/tr>\n<tr>\n<td>Servicet\u00fcre 800 x 1800 mm<\/td>\n<td>\u00a0980 CHF<\/td>\n<\/tr>\n<tr>\n<td>K\u00fchlgruppe von -15\u00b0 bis 15\u00b0<\/td>\n<td>1100 CHF<\/td>\n<\/tr>\n<\/tbody>\n<\/table>\n","protected":false},"featured_media":1485,"comment_status":"open","ping_status":"closed","template":"","meta":{"_acf_changed":false},"product_brand":[],"product_cat":[32],"product_tag":[],"class_list":{"0":"post-2196","1":"product","2":"type-product","3":"status-publish","4":"has-post-thumbnail","6":"product_cat-kuehlanhaenger","8":"first","9":"instock","10":"featured","11":"shipping-taxable","12":"purchasable","13":"product-type-simple"},"acf":[],"yoast_head":"<!-- This site is optimized with the Yoast SEO plugin v27.2 - https:\/\/yoast.com\/product\/yoast-seo-wordpress\/ -->\n<title>VZ 30-30 FKT (-20\u00b0C), 3000x1600x1900mm, 3000 Kg - Daltec<\/title>\n<meta name=\"robots\" content=\"index, follow, max-snippet:-1, max-image-preview:large, max-video-preview:-1\" \/>\n<link rel=\"canonical\" href=\"https:\/\/daltec.ch\/de\/product\/vz-30-27-b18\/\" \/>\n<meta property=\"og:locale\" content=\"de_DE\" \/>\n<meta property=\"og:type\" content=\"article\" \/>\n<meta property=\"og:title\" content=\"VZ 30-30 FKT (-20\u00b0C), 3000x1600x1900mm, 3000 Kg - Daltec\" \/>\n<meta property=\"og:description\" content=\"Preis: Siehe Preisliste auf Startseite K\u00fchlanh\u00e4nger f\u00fcr Catering und Partyservice! Technische Daten:    L\u00e4nge 3000 mm   Breite 1600 mm   H\u00f6he 1900 mm   Achsen 2   Gesamtgewicht 2700 kg   Nutzlast 1907 kg   R\u00e4der 165 R 13 C    Optionen:    Fleischbahnen 2 Stk 2200 CHF   Servicet\u00fcre 800 x 1800 mm \u00a0980 CHF   K\u00fchlgruppe von -15\u00b0 bis 15\u00b0 1100 CHF\" \/>\n<meta property=\"og:url\" content=\"https:\/\/daltec.ch\/de\/product\/vz-30-27-b18\/\" \/>\n<meta property=\"og:site_name\" content=\"Daltec\" \/>\n<meta property=\"article:publisher\" content=\"https:\/\/www.facebook.com\/DaltecAG\" \/>\n<meta property=\"article:modified_time\" content=\"2025-07-20T21:14:29+00:00\" \/>\n<meta property=\"og:image\" content=\"https:\/\/daltec.ch\/wp-content\/uploads\/2024\/06\/VZ_25-15_FK_1.jpg\" \/>\n\t<meta property=\"og:image:width\" content=\"1000\" \/>\n\t<meta property=\"og:image:height\" content=\"1000\" \/>\n\t<meta property=\"og:image:type\" content=\"image\/jpeg\" \/>\n<meta name=\"twitter:card\" content=\"summary_large_image\" \/>\n<meta name=\"twitter:label1\" content=\"Gesch\u00e4tzte Lesezeit\" \/>\n\t<meta name=\"twitter:data1\" content=\"1\u00a0Minute\" \/>\n<script type=\"application\/ld+json\" class=\"yoast-schema-graph\">{\"@context\":\"https:\/\/schema.org\",\"@graph\":[{\"@type\":\"WebPage\",\"@id\":\"https:\/\/daltec.ch\/product\/vz-30-27-b18\",\"url\":\"https:\/\/daltec.ch\/product\/vz-30-27-b18\",\"name\":\"VZ 30-30 FKT (-20\u00b0C), 3000x1600x1900mm, 3000 Kg - Daltec\",\"isPartOf\":{\"@id\":\"https:\/\/daltec.ch\/fr\/#website\"},\"primaryImageOfPage\":{\"@id\":\"https:\/\/daltec.ch\/product\/vz-30-27-b18#primaryimage\"},\"image\":{\"@id\":\"https:\/\/daltec.ch\/product\/vz-30-27-b18#primaryimage\"},\"thumbnailUrl\":\"https:\/\/daltec.ch\/wp-content\/uploads\/2024\/06\/VZ_25-15_FK_1.jpg\",\"datePublished\":\"2024-12-17T10:19:35+00:00\",\"dateModified\":\"2025-07-20T21:14:29+00:00\",\"breadcrumb\":{\"@id\":\"https:\/\/daltec.ch\/product\/vz-30-27-b18#breadcrumb\"},\"inLanguage\":\"de-CH\",\"potentialAction\":[{\"@type\":\"ReadAction\",\"target\":[\"https:\/\/daltec.ch\/product\/vz-30-27-b18\"]}]},{\"@type\":\"ImageObject\",\"inLanguage\":\"de-CH\",\"@id\":\"https:\/\/daltec.ch\/product\/vz-30-27-b18#primaryimage\",\"url\":\"https:\/\/daltec.ch\/wp-content\/uploads\/2024\/06\/VZ_25-15_FK_1.jpg\",\"contentUrl\":\"https:\/\/daltec.ch\/wp-content\/uploads\/2024\/06\/VZ_25-15_FK_1.jpg\",\"width\":1000,\"height\":1000},{\"@type\":\"BreadcrumbList\",\"@id\":\"https:\/\/daltec.ch\/product\/vz-30-27-b18#breadcrumb\",\"itemListElement\":[{\"@type\":\"ListItem\",\"position\":1,\"name\":\"Startseite\",\"item\":\"https:\/\/daltec.ch\/\"},{\"@type\":\"ListItem\",\"position\":2,\"name\":\"anhaenger\",\"item\":\"https:\/\/daltec.ch\/anhaenger\"},{\"@type\":\"ListItem\",\"position\":3,\"name\":\"VZ 30-30 FKT (-20\u00b0C), 3000x1600x1900mm, 3000 Kg\"}]},{\"@type\":\"WebSite\",\"@id\":\"https:\/\/daltec.ch\/fr\/#website\",\"url\":\"https:\/\/daltec.ch\/fr\/\",\"name\":\"Daltec Trailers\",\"description\":\"\",\"publisher\":{\"@id\":\"https:\/\/daltec.ch\/fr\/#organization\"},\"potentialAction\":[{\"@type\":\"SearchAction\",\"target\":{\"@type\":\"EntryPoint\",\"urlTemplate\":\"https:\/\/daltec.ch\/fr\/?s={search_term_string}\"},\"query-input\":{\"@type\":\"PropertyValueSpecification\",\"valueRequired\":true,\"valueName\":\"search_term_string\"}}],\"inLanguage\":\"de-CH\"},{\"@type\":\"Organization\",\"@id\":\"https:\/\/daltec.ch\/fr\/#organization\",\"name\":\"Daltec AG\",\"url\":\"https:\/\/daltec.ch\/fr\/\",\"logo\":{\"@type\":\"ImageObject\",\"inLanguage\":\"de-CH\",\"@id\":\"https:\/\/daltec.ch\/fr\/#\/schema\/logo\/image\/\",\"url\":\"https:\/\/daltec.ch\/wp-content\/uploads\/2025\/08\/dlteclogo.webp\",\"contentUrl\":\"https:\/\/daltec.ch\/wp-content\/uploads\/2025\/08\/dlteclogo.webp\",\"width\":500,\"height\":195,\"caption\":\"Daltec AG\"},\"image\":{\"@id\":\"https:\/\/daltec.ch\/fr\/#\/schema\/logo\/image\/\"},\"sameAs\":[\"https:\/\/www.facebook.com\/DaltecAG\"]}]}<\/script>\n<!-- \/ Yoast SEO plugin. -->","yoast_head_json":{"title":"VZ 30-30 FKT (-20\u00b0C), 3000x1600x1900mm, 3000 Kg - Daltec","robots":{"index":"index","follow":"follow","max-snippet":"max-snippet:-1","max-image-preview":"max-image-preview:large","max-video-preview":"max-video-preview:-1"},"canonical":"https:\/\/daltec.ch\/de\/product\/vz-30-27-b18\/","og_locale":"de_DE","og_type":"article","og_title":"VZ 30-30 FKT (-20\u00b0C), 3000x1600x1900mm, 3000 Kg - Daltec","og_description":"Preis: Siehe Preisliste auf Startseite K\u00fchlanh\u00e4nger f\u00fcr Catering und Partyservice! Technische Daten:    L\u00e4nge 3000 mm   Breite 1600 mm   H\u00f6he 1900 mm   Achsen 2   Gesamtgewicht 2700 kg   Nutzlast 1907 kg   R\u00e4der 165 R 13 C    Optionen:    Fleischbahnen 2 Stk 2200 CHF   Servicet\u00fcre 800 x 1800 mm \u00a0980 CHF   K\u00fchlgruppe von -15\u00b0 bis 15\u00b0 1100 CHF","og_url":"https:\/\/daltec.ch\/de\/product\/vz-30-27-b18\/","og_site_name":"Daltec","article_publisher":"https:\/\/www.facebook.com\/DaltecAG","article_modified_time":"2025-07-20T21:14:29+00:00","og_image":[{"width":1000,"height":1000,"url":"https:\/\/daltec.ch\/wp-content\/uploads\/2024\/06\/VZ_25-15_FK_1.jpg","type":"image\/jpeg"}],"twitter_card":"summary_large_image","twitter_misc":{"Gesch\u00e4tzte Lesezeit":"1\u00a0Minute"},"schema":{"@context":"https:\/\/schema.org","@graph":[{"@type":"WebPage","@id":"https:\/\/daltec.ch\/product\/vz-30-27-b18","url":"https:\/\/daltec.ch\/product\/vz-30-27-b18","name":"VZ 30-30 FKT (-20\u00b0C), 3000x1600x1900mm, 3000 Kg - Daltec","isPartOf":{"@id":"https:\/\/daltec.ch\/fr\/#website"},"primaryImageOfPage":{"@id":"https:\/\/daltec.ch\/product\/vz-30-27-b18#primaryimage"},"image":{"@id":"https:\/\/daltec.ch\/product\/vz-30-27-b18#primaryimage"},"thumbnailUrl":"https:\/\/daltec.ch\/wp-content\/uploads\/2024\/06\/VZ_25-15_FK_1.jpg","datePublished":"2024-12-17T10:19:35+00:00","dateModified":"2025-07-20T21:14:29+00:00","breadcrumb":{"@id":"https:\/\/daltec.ch\/product\/vz-30-27-b18#breadcrumb"},"inLanguage":"de-CH","potentialAction":[{"@type":"ReadAction","target":["https:\/\/daltec.ch\/product\/vz-30-27-b18"]}]},{"@type":"ImageObject","inLanguage":"de-CH","@id":"https:\/\/daltec.ch\/product\/vz-30-27-b18#primaryimage","url":"https:\/\/daltec.ch\/wp-content\/uploads\/2024\/06\/VZ_25-15_FK_1.jpg","contentUrl":"https:\/\/daltec.ch\/wp-content\/uploads\/2024\/06\/VZ_25-15_FK_1.jpg","width":1000,"height":1000},{"@type":"BreadcrumbList","@id":"https:\/\/daltec.ch\/product\/vz-30-27-b18#breadcrumb","itemListElement":[{"@type":"ListItem","position":1,"name":"Startseite","item":"https:\/\/daltec.ch\/"},{"@type":"ListItem","position":2,"name":"anhaenger","item":"https:\/\/daltec.ch\/anhaenger"},{"@type":"ListItem","position":3,"name":"VZ 30-30 FKT (-20\u00b0C), 3000x1600x1900mm, 3000 Kg"}]},{"@type":"WebSite","@id":"https:\/\/daltec.ch\/fr\/#website","url":"https:\/\/daltec.ch\/fr\/","name":"Daltec Trailers","description":"","publisher":{"@id":"https:\/\/daltec.ch\/fr\/#organization"},"potentialAction":[{"@type":"SearchAction","target":{"@type":"EntryPoint","urlTemplate":"https:\/\/daltec.ch\/fr\/?s={search_term_string}"},"query-input":{"@type":"PropertyValueSpecification","valueRequired":true,"valueName":"search_term_string"}}],"inLanguage":"de-CH"},{"@type":"Organization","@id":"https:\/\/daltec.ch\/fr\/#organization","name":"Daltec AG","url":"https:\/\/daltec.ch\/fr\/","logo":{"@type":"ImageObject","inLanguage":"de-CH","@id":"https:\/\/daltec.ch\/fr\/#\/schema\/logo\/image\/","url":"https:\/\/daltec.ch\/wp-content\/uploads\/2025\/08\/dlteclogo.webp","contentUrl":"https:\/\/daltec.ch\/wp-content\/uploads\/2025\/08\/dlteclogo.webp","width":500,"height":195,"caption":"Daltec AG"},"image":{"@id":"https:\/\/daltec.ch\/fr\/#\/schema\/logo\/image\/"},"sameAs":["https:\/\/www.facebook.com\/DaltecAG"]}]}},"_links":{"self":[{"href":"https:\/\/daltec.ch\/de\/wp-json\/wp\/v2\/product\/2196","targetHints":{"allow":["GET"]}}],"collection":[{"href":"https:\/\/daltec.ch\/de\/wp-json\/wp\/v2\/product"}],"about":[{"href":"https:\/\/daltec.ch\/de\/wp-json\/wp\/v2\/types\/product"}],"replies":[{"embeddable":true,"href":"https:\/\/daltec.ch\/de\/wp-json\/wp\/v2\/comments?post=2196"}],"wp:featuredmedia":[{"embeddable":true,"href":"https:\/\/daltec.ch\/de\/wp-json\/wp\/v2\/media\/1485"}],"wp:attachment":[{"href":"https:\/\/daltec.ch\/de\/wp-json\/wp\/v2\/media?parent=2196"}],"wp:term":[{"taxonomy":"product_brand","embeddable":true,"href":"https:\/\/daltec.ch\/de\/wp-json\/wp\/v2\/product_brand?post=2196"},{"taxonomy":"product_cat","embeddable":true,"href":"https:\/\/daltec.ch\/de\/wp-json\/wp\/v2\/product_cat?post=2196"},{"taxonomy":"product_tag","embeddable":true,"href":"https:\/\/daltec.ch\/de\/wp-json\/wp\/v2\/product_tag?post=2196"}],"curies":[{"name":"wp","href":"https:\/\/api.w.org\/{rel}","templated":true}]}}