{"id":2618,"date":"2025-03-28T11:23:58","date_gmt":"2025-03-28T11:23:58","guid":{"rendered":"https:\/\/daltec.ch\/?post_type=product&#038;p=2618"},"modified":"2025-06-18T12:45:27","modified_gmt":"2025-06-18T12:45:27","slug":"silverstone-full-alu-3-plane-abkippbar","status":"publish","type":"product","link":"https:\/\/daltec.ch\/de\/product\/silverstone-full-alu-3-plane-abkippbar","title":{"rendered":"Daltec Silverstone Full Alu 3 Plane abkippbar, 5600x2200x1900 mm, 3500 Kg"},"content":{"rendered":"<p><strong><em>Preis: Siehe Preisliste auf Startseite<\/em><\/strong><\/p>\n<p>Vollst\u00e4ndig ausgestatteter Anh\u00e4nger &#8211; 100% Aluminium. Auf Gasdruckfedern erh\u00f6ht. Neigungswinkel von 6\u00b0. Basiert auf KNOTT-Komponenten. Zeichnet sich durch hohe Festigkeit und Zuverl\u00e4ssigkeit aus. Das Anheben der Plattform erm\u00f6glicht ein sehr komfortables Beladen von Fahrzeugen mit sehr niedriger Federung. Ausgestattet mit einem AL-KO Abzieher. LED-Beleuchtung. Anh\u00e4nger auf 13 Zoll &#8211; Aluminiumr\u00e4dern (drei Achsen mit Sto\u00dfd\u00e4mpfern). Plane mit Aluminiumrahmen (H\u00f6he 2 m von der Ladefl\u00e4che) und automatischem Einzug hinten und an den Seiten. Lange rote Schl\u00f6sser an den \u00dcberh\u00e4ngen als Standard.<\/p>\n<h4>Serienausstattung:<\/h4>\n<p>Rangierrad, Ersatzrad, Seilwinde AL-KO 900 C, Kunststoffboxen: Werkzeugkasten und Batteriekasten, Sto\u00dfd\u00e4mpfer f\u00fcr die Federung,\u00a0 G\u00e4nge aus Aluminiumplatten, Seitenstangen mit L\u00f6chern,\u00a0 Beleuchtung 100% LED, Hinterer Lichtkegel mit roten Reflektoren, Hinterer Lichtkegel mit roten Reflektoren, Ladefl\u00e4che, und Mitte des Anh\u00e4ngers aus Aluminiumplatten mit L\u00f6chern auf dem \u00dcberstand.<br \/>\n<iframe loading=\"lazy\" title=\"Placeholder Video - Coming Soon For Your Website\" src=\"https:\/\/www.youtube.com\/embed\/Y-x0efG1seA\" width=\"914\" height=\"514\" frameborder=\"0\" allowfullscreen=\"allowfullscreen\"><\/iframe><\/p>\n","protected":false},"excerpt":{"rendered":"<p>Autotransportanh\u00e4nger mit Ladefl\u00e4che abkippbar VOLL ALUMINIUM Ladefl\u00e4chenmasse 5,6 x 2,2 M<\/p>\n<h4>Technische Daten<\/h4>\n<table class=\"table\">\n<tbody>\n<tr>\n<th>L\u00e4nge<\/th>\n<td>5600 <small>mm<\/small><\/td>\n<\/tr>\n<tr>\n<th>Breite<\/th>\n<td>2200 <small>mm<\/small><\/td>\n<\/tr>\n<tr>\n<th>H\u00f6he<\/th>\n<td>1900 <small>mm<\/small><\/td>\n<\/tr>\n<tr>\n<th>Achsen<\/th>\n<td>3<small><\/small><\/td>\n<\/tr>\n<tr>\n<th>Gesamtgewicht<\/th>\n<td>3500 <small>kg<\/small><\/td>\n<\/tr>\n<tr>\n<th>Nutzlast<\/th>\n<td>2400 <small>kg<\/small><\/td>\n<\/tr>\n<tr>\n<th>R\u00e4der<\/th>\n<td>195\/50 R 13<small><\/small><\/td>\n<\/tr>\n<\/tbody>\n<\/table>\n<p>&nbsp;<\/p>\n","protected":false},"featured_media":2629,"comment_status":"open","ping_status":"closed","template":"","meta":{"_acf_changed":false},"product_brand":[],"product_cat":[234],"product_tag":[],"class_list":{"0":"post-2618","1":"product","2":"type-product","3":"status-publish","4":"has-post-thumbnail","6":"product_cat-autotransporter-offen","8":"first","9":"instock","10":"featured","11":"shipping-taxable","12":"purchasable","13":"product-type-simple"},"acf":[],"yoast_head":"<!-- This site is optimized with the Yoast SEO plugin v27.2 - https:\/\/yoast.com\/product\/yoast-seo-wordpress\/ -->\n<title>Daltec Silverstone Full Alu 3 Plane abkippbar, 5600x2200x1900 mm, 3500 Kg - Daltec<\/title>\n<meta name=\"robots\" content=\"index, follow, max-snippet:-1, max-image-preview:large, max-video-preview:-1\" \/>\n<link rel=\"canonical\" href=\"https:\/\/daltec.ch\/de\/product\/silverstone-full-alu-3-plane-abkippbar\/\" \/>\n<meta property=\"og:locale\" content=\"de_DE\" \/>\n<meta property=\"og:type\" content=\"article\" \/>\n<meta property=\"og:title\" content=\"Daltec Silverstone Full Alu 3 Plane abkippbar, 5600x2200x1900 mm, 3500 Kg - Daltec\" \/>\n<meta property=\"og:description\" content=\"Autotransportanh\u00e4nger mit Ladefl\u00e4che abkippbar VOLL ALUMINIUM Ladefl\u00e4chenmasse 5,6 x 2,2 M Technische Daten    L\u00e4nge 5600 mm   Breite 2200 mm   H\u00f6he 1900 mm   Achsen 3   Gesamtgewicht 3500 kg   Nutzlast 2400 kg   R\u00e4der 195\/50 R 13    &nbsp;\" \/>\n<meta property=\"og:url\" content=\"https:\/\/daltec.ch\/de\/product\/silverstone-full-alu-3-plane-abkippbar\/\" \/>\n<meta property=\"og:site_name\" content=\"Daltec\" \/>\n<meta property=\"article:publisher\" content=\"https:\/\/www.facebook.com\/DaltecAG\" \/>\n<meta property=\"article:modified_time\" content=\"2025-06-18T12:45:27+00:00\" \/>\n<meta property=\"og:image\" content=\"https:\/\/daltec.ch\/wp-content\/uploads\/2025\/03\/Silverstone-alu-plane.webp\" \/>\n\t<meta property=\"og:image:width\" content=\"600\" \/>\n\t<meta property=\"og:image:height\" content=\"450\" \/>\n\t<meta property=\"og:image:type\" content=\"image\/webp\" \/>\n<meta name=\"twitter:card\" content=\"summary_large_image\" \/>\n<meta name=\"twitter:label1\" content=\"Gesch\u00e4tzte Lesezeit\" \/>\n\t<meta name=\"twitter:data1\" content=\"1\u00a0Minute\" \/>\n<script type=\"application\/ld+json\" class=\"yoast-schema-graph\">{\"@context\":\"https:\/\/schema.org\",\"@graph\":[{\"@type\":\"WebPage\",\"@id\":\"https:\/\/daltec.ch\/product\/silverstone-full-alu-3-plane-abkippbar\",\"url\":\"https:\/\/daltec.ch\/product\/silverstone-full-alu-3-plane-abkippbar\",\"name\":\"Daltec Silverstone Full Alu 3 Plane abkippbar, 5600x2200x1900 mm, 3500 Kg - Daltec\",\"isPartOf\":{\"@id\":\"https:\/\/daltec.ch\/fr\/#website\"},\"primaryImageOfPage\":{\"@id\":\"https:\/\/daltec.ch\/product\/silverstone-full-alu-3-plane-abkippbar#primaryimage\"},\"image\":{\"@id\":\"https:\/\/daltec.ch\/product\/silverstone-full-alu-3-plane-abkippbar#primaryimage\"},\"thumbnailUrl\":\"https:\/\/daltec.ch\/wp-content\/uploads\/2025\/03\/Silverstone-alu-plane.webp\",\"datePublished\":\"2025-03-28T11:23:58+00:00\",\"dateModified\":\"2025-06-18T12:45:27+00:00\",\"breadcrumb\":{\"@id\":\"https:\/\/daltec.ch\/product\/silverstone-full-alu-3-plane-abkippbar#breadcrumb\"},\"inLanguage\":\"de-CH\",\"potentialAction\":[{\"@type\":\"ReadAction\",\"target\":[\"https:\/\/daltec.ch\/product\/silverstone-full-alu-3-plane-abkippbar\"]}]},{\"@type\":\"ImageObject\",\"inLanguage\":\"de-CH\",\"@id\":\"https:\/\/daltec.ch\/product\/silverstone-full-alu-3-plane-abkippbar#primaryimage\",\"url\":\"https:\/\/daltec.ch\/wp-content\/uploads\/2025\/03\/Silverstone-alu-plane.webp\",\"contentUrl\":\"https:\/\/daltec.ch\/wp-content\/uploads\/2025\/03\/Silverstone-alu-plane.webp\",\"width\":600,\"height\":450},{\"@type\":\"BreadcrumbList\",\"@id\":\"https:\/\/daltec.ch\/product\/silverstone-full-alu-3-plane-abkippbar#breadcrumb\",\"itemListElement\":[{\"@type\":\"ListItem\",\"position\":1,\"name\":\"Startseite\",\"item\":\"https:\/\/daltec.ch\/\"},{\"@type\":\"ListItem\",\"position\":2,\"name\":\"anhaenger\",\"item\":\"https:\/\/daltec.ch\/anhaenger\"},{\"@type\":\"ListItem\",\"position\":3,\"name\":\"Daltec Silverstone Full Alu 3 Plane abkippbar, 5600x2200x1900 mm, 3500 Kg\"}]},{\"@type\":\"WebSite\",\"@id\":\"https:\/\/daltec.ch\/fr\/#website\",\"url\":\"https:\/\/daltec.ch\/fr\/\",\"name\":\"Daltec Trailers\",\"description\":\"\",\"publisher\":{\"@id\":\"https:\/\/daltec.ch\/fr\/#organization\"},\"potentialAction\":[{\"@type\":\"SearchAction\",\"target\":{\"@type\":\"EntryPoint\",\"urlTemplate\":\"https:\/\/daltec.ch\/fr\/?s={search_term_string}\"},\"query-input\":{\"@type\":\"PropertyValueSpecification\",\"valueRequired\":true,\"valueName\":\"search_term_string\"}}],\"inLanguage\":\"de-CH\"},{\"@type\":\"Organization\",\"@id\":\"https:\/\/daltec.ch\/fr\/#organization\",\"name\":\"Daltec AG\",\"url\":\"https:\/\/daltec.ch\/fr\/\",\"logo\":{\"@type\":\"ImageObject\",\"inLanguage\":\"de-CH\",\"@id\":\"https:\/\/daltec.ch\/fr\/#\/schema\/logo\/image\/\",\"url\":\"https:\/\/daltec.ch\/wp-content\/uploads\/2025\/08\/dlteclogo.webp\",\"contentUrl\":\"https:\/\/daltec.ch\/wp-content\/uploads\/2025\/08\/dlteclogo.webp\",\"width\":500,\"height\":195,\"caption\":\"Daltec AG\"},\"image\":{\"@id\":\"https:\/\/daltec.ch\/fr\/#\/schema\/logo\/image\/\"},\"sameAs\":[\"https:\/\/www.facebook.com\/DaltecAG\"]}]}<\/script>\n<!-- \/ Yoast SEO plugin. -->","yoast_head_json":{"title":"Daltec Silverstone Full Alu 3 Plane abkippbar, 5600x2200x1900 mm, 3500 Kg - Daltec","robots":{"index":"index","follow":"follow","max-snippet":"max-snippet:-1","max-image-preview":"max-image-preview:large","max-video-preview":"max-video-preview:-1"},"canonical":"https:\/\/daltec.ch\/de\/product\/silverstone-full-alu-3-plane-abkippbar\/","og_locale":"de_DE","og_type":"article","og_title":"Daltec Silverstone Full Alu 3 Plane abkippbar, 5600x2200x1900 mm, 3500 Kg - Daltec","og_description":"Autotransportanh\u00e4nger mit Ladefl\u00e4che abkippbar VOLL ALUMINIUM Ladefl\u00e4chenmasse 5,6 x 2,2 M Technische Daten    L\u00e4nge 5600 mm   Breite 2200 mm   H\u00f6he 1900 mm   Achsen 3   Gesamtgewicht 3500 kg   Nutzlast 2400 kg   R\u00e4der 195\/50 R 13    &nbsp;","og_url":"https:\/\/daltec.ch\/de\/product\/silverstone-full-alu-3-plane-abkippbar\/","og_site_name":"Daltec","article_publisher":"https:\/\/www.facebook.com\/DaltecAG","article_modified_time":"2025-06-18T12:45:27+00:00","og_image":[{"width":600,"height":450,"url":"https:\/\/daltec.ch\/wp-content\/uploads\/2025\/03\/Silverstone-alu-plane.webp","type":"image\/webp"}],"twitter_card":"summary_large_image","twitter_misc":{"Gesch\u00e4tzte Lesezeit":"1\u00a0Minute"},"schema":{"@context":"https:\/\/schema.org","@graph":[{"@type":"WebPage","@id":"https:\/\/daltec.ch\/product\/silverstone-full-alu-3-plane-abkippbar","url":"https:\/\/daltec.ch\/product\/silverstone-full-alu-3-plane-abkippbar","name":"Daltec Silverstone Full Alu 3 Plane abkippbar, 5600x2200x1900 mm, 3500 Kg - Daltec","isPartOf":{"@id":"https:\/\/daltec.ch\/fr\/#website"},"primaryImageOfPage":{"@id":"https:\/\/daltec.ch\/product\/silverstone-full-alu-3-plane-abkippbar#primaryimage"},"image":{"@id":"https:\/\/daltec.ch\/product\/silverstone-full-alu-3-plane-abkippbar#primaryimage"},"thumbnailUrl":"https:\/\/daltec.ch\/wp-content\/uploads\/2025\/03\/Silverstone-alu-plane.webp","datePublished":"2025-03-28T11:23:58+00:00","dateModified":"2025-06-18T12:45:27+00:00","breadcrumb":{"@id":"https:\/\/daltec.ch\/product\/silverstone-full-alu-3-plane-abkippbar#breadcrumb"},"inLanguage":"de-CH","potentialAction":[{"@type":"ReadAction","target":["https:\/\/daltec.ch\/product\/silverstone-full-alu-3-plane-abkippbar"]}]},{"@type":"ImageObject","inLanguage":"de-CH","@id":"https:\/\/daltec.ch\/product\/silverstone-full-alu-3-plane-abkippbar#primaryimage","url":"https:\/\/daltec.ch\/wp-content\/uploads\/2025\/03\/Silverstone-alu-plane.webp","contentUrl":"https:\/\/daltec.ch\/wp-content\/uploads\/2025\/03\/Silverstone-alu-plane.webp","width":600,"height":450},{"@type":"BreadcrumbList","@id":"https:\/\/daltec.ch\/product\/silverstone-full-alu-3-plane-abkippbar#breadcrumb","itemListElement":[{"@type":"ListItem","position":1,"name":"Startseite","item":"https:\/\/daltec.ch\/"},{"@type":"ListItem","position":2,"name":"anhaenger","item":"https:\/\/daltec.ch\/anhaenger"},{"@type":"ListItem","position":3,"name":"Daltec Silverstone Full Alu 3 Plane abkippbar, 5600x2200x1900 mm, 3500 Kg"}]},{"@type":"WebSite","@id":"https:\/\/daltec.ch\/fr\/#website","url":"https:\/\/daltec.ch\/fr\/","name":"Daltec Trailers","description":"","publisher":{"@id":"https:\/\/daltec.ch\/fr\/#organization"},"potentialAction":[{"@type":"SearchAction","target":{"@type":"EntryPoint","urlTemplate":"https:\/\/daltec.ch\/fr\/?s={search_term_string}"},"query-input":{"@type":"PropertyValueSpecification","valueRequired":true,"valueName":"search_term_string"}}],"inLanguage":"de-CH"},{"@type":"Organization","@id":"https:\/\/daltec.ch\/fr\/#organization","name":"Daltec AG","url":"https:\/\/daltec.ch\/fr\/","logo":{"@type":"ImageObject","inLanguage":"de-CH","@id":"https:\/\/daltec.ch\/fr\/#\/schema\/logo\/image\/","url":"https:\/\/daltec.ch\/wp-content\/uploads\/2025\/08\/dlteclogo.webp","contentUrl":"https:\/\/daltec.ch\/wp-content\/uploads\/2025\/08\/dlteclogo.webp","width":500,"height":195,"caption":"Daltec AG"},"image":{"@id":"https:\/\/daltec.ch\/fr\/#\/schema\/logo\/image\/"},"sameAs":["https:\/\/www.facebook.com\/DaltecAG"]}]}},"_links":{"self":[{"href":"https:\/\/daltec.ch\/de\/wp-json\/wp\/v2\/product\/2618","targetHints":{"allow":["GET"]}}],"collection":[{"href":"https:\/\/daltec.ch\/de\/wp-json\/wp\/v2\/product"}],"about":[{"href":"https:\/\/daltec.ch\/de\/wp-json\/wp\/v2\/types\/product"}],"replies":[{"embeddable":true,"href":"https:\/\/daltec.ch\/de\/wp-json\/wp\/v2\/comments?post=2618"}],"wp:featuredmedia":[{"embeddable":true,"href":"https:\/\/daltec.ch\/de\/wp-json\/wp\/v2\/media\/2629"}],"wp:attachment":[{"href":"https:\/\/daltec.ch\/de\/wp-json\/wp\/v2\/media?parent=2618"}],"wp:term":[{"taxonomy":"product_brand","embeddable":true,"href":"https:\/\/daltec.ch\/de\/wp-json\/wp\/v2\/product_brand?post=2618"},{"taxonomy":"product_cat","embeddable":true,"href":"https:\/\/daltec.ch\/de\/wp-json\/wp\/v2\/product_cat?post=2618"},{"taxonomy":"product_tag","embeddable":true,"href":"https:\/\/daltec.ch\/de\/wp-json\/wp\/v2\/product_tag?post=2618"}],"curies":[{"name":"wp","href":"https:\/\/api.w.org\/{rel}","templated":true}]}}