{"id":2639,"date":"2025-04-04T07:44:33","date_gmt":"2025-04-04T07:44:33","guid":{"rendered":"https:\/\/daltec.ch\/?post_type=product&#038;p=2639"},"modified":"2025-06-18T15:55:30","modified_gmt":"2025-06-18T15:55:30","slug":"cargo-20-bk-fc2030hd-pw-fluegeltueren-inkl-servicetuere","status":"publish","type":"product","link":"https:\/\/daltec.ch\/de\/product\/cargo-20-bk-fc2030hd-pw-fluegeltueren-inkl-servicetuere","title":{"rendered":"Daltec Cargo 20 BK TFSP 300 SW, 3000x2000x2100 mm, 2000 Kg"},"content":{"rendered":"<p><strong><em>Preis: Siehe Preisliste auf Startseite<\/em><\/strong><\/p>\n<p>Der TFSP ist ein Produkt, das standardisierte technische L\u00f6sungen perfekt mit praktischen funktionalen L\u00f6sungen kombiniert, um die Erwartungen der Benutzer sowohl in Bezug auf den Fahrkomfort als auch auf die effektive Nutzung des verf\u00fcgbaren Raums zu erf\u00fcllen. Dieses Modell bietet sowohl eine einfache Bedienung als auch ein sch\u00f6nes visuelles Design. Die Hochlader Ausf\u00fchrung ist einen entscheidenden Vorteil f\u00fcr die Handhabung des Anh\u00e4ngers, insbesondere wenn der Anh\u00e4nger mit einer Seitenklappe ausgestattet ist. Sie erm\u00f6glicht einen einfacheren Zugang zum Laderaum.<br \/>\n<em>*Die Bilder k\u00f6nnen Optionen enthalten die nicht in der Standartversion vorkommen.<\/em><\/p>\n<h4>Serienausstattung:<\/h4>\n<p>Fahrgestell: Grundrahmen feuerverzinkt, verschweisst und verschraubt, V-Anh\u00e4ngevorrichtung feuerverzinkt, Kugelkupplung, Abreissleine, St\u00fctzrad vorne, Kotschutz aus Kunststoff, 4x St\u00fctzf\u00fcsse mit Kurbel.<br \/>\nAchsen: 2x Achse AL-KO\/Knott, Handbremse, R\u00fcckfahrautomatik.<br \/>\nKasten: Rahmen feuerverzinkt, Koffer aus Sandwichplatten, vorne abgerundet aerodynamisch,weiss. 4x Zurrschienen auf Seitenw\u00e4nde (2x pro Seite), Doppelfl\u00fcgelt\u00fcren Hinten abschliessbar, Servicet\u00fcre vorne rechts abschliessbar.<br \/>\nBodenplatte: Boden aus Siebdruckplatte, rutschfest. 6 Stk. Binderinge im Boden.<br \/>\nBeleuchtungsanlage: Nach Normen der StVO 12 V,13 Pol-Stecker.<\/p>\n","protected":false},"excerpt":{"rendered":"<p>Hochlader Kofferanh\u00e4nger mit Sandwichaufbau f\u00fcr optimale Isolationseigenschaften und langlebigkeit.<br \/>\nStandard mit Doppelfl\u00fcgelt\u00fcren Hinten und Servicet\u00fcre Vorne rechts ausgestattet.<\/p>\n<h4>Technische Daten<\/h4>\n<table class=\"table\">\n<tbody>\n<tr>\n<th>Innenl\u00e4nge<\/th>\n<td>3000 <small>mm<\/small><\/td>\n<\/tr>\n<tr>\n<th>Innenbreite<\/th>\n<td>2000 <small>mm<\/small><\/td>\n<\/tr>\n<tr>\n<th>Innenh\u00f6he<\/th>\n<td>2100 <small>mm<\/small><\/td>\n<\/tr>\n<tr>\n<th>Aussenmassen<\/th>\n<td>4540 x 2129 x 2880 mm<\/td>\n<\/tr>\n<tr>\n<th>Achsen<\/th>\n<td>2<small><\/small><\/td>\n<\/tr>\n<tr>\n<th>Gesamtgewicht<\/th>\n<td>2000 <small>kg<\/small><\/td>\n<\/tr>\n<tr>\n<th>Nutzlast<\/th>\n<td>1230 <small>kg<\/small><\/td>\n<\/tr>\n<tr>\n<th>R\u00e4der<\/th>\n<td>165 R 13c<\/td>\n<\/tr>\n<tr>\n<th>Mit Bremsen<\/th>\n<td>Ja<\/td>\n<\/tr>\n<\/tbody>\n<\/table>\n<h6>Optionen<\/h6>\n<table>\n<tbody>\n<tr>\n<td>Seitenklappe<\/td>\n<td>+ 850 CHF<\/td>\n<\/tr>\n<tr>\n<td>Fenster 1200 x 500 mm<\/td>\n<td>+ 560 CHF<\/td>\n<\/tr>\n<tr>\n<td>Fenster 700 x 550 mm<\/td>\n<td>+ 510 CHF<\/td>\n<\/tr>\n<tr>\n<td>Dachfenster 400 x 400 mit Jalousie und Moskitonetz<\/td>\n<td>+ 210 CHF<\/td>\n<\/tr>\n<tr>\n<td>Innenbeleuchtung LED, 12V, mit Schalter<\/td>\n<td>+ 170 CHF<\/td>\n<\/tr>\n<tr>\n<td>Installation 230 V<\/td>\n<td>+ 400 CHF<\/td>\n<\/tr>\n<tr>\n<td>Haltestange<\/td>\n<td>+ 90 CHF<\/td>\n<\/tr>\n<tr>\n<td>Ersatzrad mit Halter<\/td>\n<td>+ 250 CHF<\/td>\n<\/tr>\n<tr>\n<td>Klappbare Einstiegstreppe<\/td>\n<td>+ 90 CHF<\/td>\n<\/tr>\n<tr>\n<td>Radabdeckungen<\/td>\n<td>+ 40 CHF<\/td>\n<\/tr>\n<tr>\n<td>Stossd\u00e4mpfer f\u00fcr Achsen<\/td>\n<td>+ 100 CHF<\/td>\n<\/tr>\n<tr>\n<td>Anh\u00e4ngervorrichtung mit Stabilisator KNOTT<\/td>\n<td>+ 500 CHF<\/td>\n<\/tr>\n<tr>\n<td>PVC Teppich auf Boden<\/td>\n<td>+ 190 CHF<\/td>\n<\/tr>\n<\/tbody>\n<\/table>\n<p><em>* Preise gilten nur f\u00fcr Anh\u00e4nger direkt bestellt mit Optionen. Bei Lageranh\u00e4nger k\u00f6nnen die Preise variieren wenn Optionen nachtr\u00e4glich hinzugef\u00fcgt werden m\u00fcssen.<\/em><\/p>\n","protected":false},"featured_media":2735,"comment_status":"open","ping_status":"closed","template":"","meta":{"_acf_changed":false},"product_brand":[],"product_cat":[236],"product_tag":[],"class_list":{"0":"post-2639","1":"product","2":"type-product","3":"status-publish","4":"has-post-thumbnail","6":"product_cat-plywood-und-sandwich-kofferanhaenger","8":"first","9":"instock","10":"featured","11":"shipping-taxable","12":"purchasable","13":"product-type-simple"},"acf":[],"yoast_head":"<!-- This site is optimized with the Yoast SEO plugin v27.2 - https:\/\/yoast.com\/product\/yoast-seo-wordpress\/ -->\n<title>Daltec Cargo 20 BK TFSP 300 SW, 3000x2000x2100 mm, 2000 Kg - Daltec<\/title>\n<meta name=\"robots\" content=\"index, follow, max-snippet:-1, max-image-preview:large, max-video-preview:-1\" \/>\n<link rel=\"canonical\" href=\"https:\/\/daltec.ch\/de\/product\/cargo-20-bk-fc2030hd-pw-fluegeltueren-inkl-servicetuere\/\" \/>\n<meta property=\"og:locale\" content=\"de_DE\" \/>\n<meta property=\"og:type\" content=\"article\" \/>\n<meta property=\"og:title\" content=\"Daltec Cargo 20 BK TFSP 300 SW, 3000x2000x2100 mm, 2000 Kg - Daltec\" \/>\n<meta property=\"og:description\" content=\"Hochlader Kofferanh\u00e4nger mit Sandwichaufbau f\u00fcr optimale Isolationseigenschaften und langlebigkeit. Standard mit Doppelfl\u00fcgelt\u00fcren Hinten und Servicet\u00fcre Vorne rechts ausgestattet. Technische Daten    Innenl\u00e4nge 3000 mm   Innenbreite 2000 mm   Innenh\u00f6he 2100 mm   Aussenmassen 4540 x 2129 x 2880 mm   Achsen 2   Gesamtgewicht 2000 kg   Nutzlast 1230 kg   R\u00e4der 165 R 13c   Mit Bremsen Ja    Optionen    Seitenklappe + 850 CHF   Fenster 1200 x 500 mm + 560 CHF   Fenster 700 x 550 mm + 510 CHF   Dachfenster 400 x 400 mit Jalousie und Moskitonetz + 210 CHF   Innenbeleuchtung LED, 12V, mit Schalter + 170 CHF   Installation 230 V + 400 CHF   Haltestange + 90 CHF   Ersatzrad mit Halter + 250 CHF   Klappbare Einstiegstreppe + 90 CHF   Radabdeckungen + 40 CHF   Stossd\u00e4mpfer f\u00fcr Achsen + 100 CHF   Anh\u00e4ngervorrichtung mit Stabilisator KNOTT + 500 CHF   PVC Teppich auf Boden + 190 CHF    * Preise gilten nur f\u00fcr Anh\u00e4nger direkt bestellt mit Optionen. Bei Lageranh\u00e4nger k\u00f6nnen die Preise variieren wenn Optionen nachtr\u00e4glich hinzugef\u00fcgt werden m\u00fcssen.\" \/>\n<meta property=\"og:url\" content=\"https:\/\/daltec.ch\/de\/product\/cargo-20-bk-fc2030hd-pw-fluegeltueren-inkl-servicetuere\/\" \/>\n<meta property=\"og:site_name\" content=\"Daltec\" \/>\n<meta property=\"article:publisher\" content=\"https:\/\/www.facebook.com\/DaltecAG\" \/>\n<meta property=\"article:modified_time\" content=\"2025-06-18T15:55:30+00:00\" \/>\n<meta property=\"og:image\" content=\"https:\/\/daltec.ch\/wp-content\/uploads\/2025\/04\/Tomplan-TFSP-500T-9-11-04-2025-11-28-22SMALL-e1744383522284-1.png\" \/>\n\t<meta property=\"og:image:width\" content=\"800\" \/>\n\t<meta property=\"og:image:height\" content=\"800\" \/>\n\t<meta property=\"og:image:type\" content=\"image\/png\" \/>\n<meta name=\"twitter:card\" content=\"summary_large_image\" \/>\n<meta name=\"twitter:label1\" content=\"Gesch\u00e4tzte Lesezeit\" \/>\n\t<meta name=\"twitter:data1\" content=\"1\u00a0Minute\" \/>\n<script type=\"application\/ld+json\" class=\"yoast-schema-graph\">{\"@context\":\"https:\/\/schema.org\",\"@graph\":[{\"@type\":\"WebPage\",\"@id\":\"https:\/\/daltec.ch\/product\/cargo-20-bk-fc2030hd-pw-fluegeltueren-inkl-servicetuere\",\"url\":\"https:\/\/daltec.ch\/product\/cargo-20-bk-fc2030hd-pw-fluegeltueren-inkl-servicetuere\",\"name\":\"Daltec Cargo 20 BK TFSP 300 SW, 3000x2000x2100 mm, 2000 Kg - Daltec\",\"isPartOf\":{\"@id\":\"https:\/\/daltec.ch\/fr\/#website\"},\"primaryImageOfPage\":{\"@id\":\"https:\/\/daltec.ch\/product\/cargo-20-bk-fc2030hd-pw-fluegeltueren-inkl-servicetuere#primaryimage\"},\"image\":{\"@id\":\"https:\/\/daltec.ch\/product\/cargo-20-bk-fc2030hd-pw-fluegeltueren-inkl-servicetuere#primaryimage\"},\"thumbnailUrl\":\"https:\/\/daltec.ch\/wp-content\/uploads\/2025\/04\/Tomplan-TFSP-500T-9-11-04-2025-11-28-22SMALL-e1744383522284-1.png\",\"datePublished\":\"2025-04-04T07:44:33+00:00\",\"dateModified\":\"2025-06-18T15:55:30+00:00\",\"breadcrumb\":{\"@id\":\"https:\/\/daltec.ch\/product\/cargo-20-bk-fc2030hd-pw-fluegeltueren-inkl-servicetuere#breadcrumb\"},\"inLanguage\":\"de-CH\",\"potentialAction\":[{\"@type\":\"ReadAction\",\"target\":[\"https:\/\/daltec.ch\/product\/cargo-20-bk-fc2030hd-pw-fluegeltueren-inkl-servicetuere\"]}]},{\"@type\":\"ImageObject\",\"inLanguage\":\"de-CH\",\"@id\":\"https:\/\/daltec.ch\/product\/cargo-20-bk-fc2030hd-pw-fluegeltueren-inkl-servicetuere#primaryimage\",\"url\":\"https:\/\/daltec.ch\/wp-content\/uploads\/2025\/04\/Tomplan-TFSP-500T-9-11-04-2025-11-28-22SMALL-e1744383522284-1.png\",\"contentUrl\":\"https:\/\/daltec.ch\/wp-content\/uploads\/2025\/04\/Tomplan-TFSP-500T-9-11-04-2025-11-28-22SMALL-e1744383522284-1.png\",\"width\":800,\"height\":800},{\"@type\":\"BreadcrumbList\",\"@id\":\"https:\/\/daltec.ch\/product\/cargo-20-bk-fc2030hd-pw-fluegeltueren-inkl-servicetuere#breadcrumb\",\"itemListElement\":[{\"@type\":\"ListItem\",\"position\":1,\"name\":\"Startseite\",\"item\":\"https:\/\/daltec.ch\/\"},{\"@type\":\"ListItem\",\"position\":2,\"name\":\"anhaenger\",\"item\":\"https:\/\/daltec.ch\/anhaenger\"},{\"@type\":\"ListItem\",\"position\":3,\"name\":\"Daltec Cargo 20 BK TFSP 300 SW, 3000x2000x2100 mm, 2000 Kg\"}]},{\"@type\":\"WebSite\",\"@id\":\"https:\/\/daltec.ch\/fr\/#website\",\"url\":\"https:\/\/daltec.ch\/fr\/\",\"name\":\"Daltec Trailers\",\"description\":\"\",\"publisher\":{\"@id\":\"https:\/\/daltec.ch\/fr\/#organization\"},\"potentialAction\":[{\"@type\":\"SearchAction\",\"target\":{\"@type\":\"EntryPoint\",\"urlTemplate\":\"https:\/\/daltec.ch\/fr\/?s={search_term_string}\"},\"query-input\":{\"@type\":\"PropertyValueSpecification\",\"valueRequired\":true,\"valueName\":\"search_term_string\"}}],\"inLanguage\":\"de-CH\"},{\"@type\":\"Organization\",\"@id\":\"https:\/\/daltec.ch\/fr\/#organization\",\"name\":\"Daltec AG\",\"url\":\"https:\/\/daltec.ch\/fr\/\",\"logo\":{\"@type\":\"ImageObject\",\"inLanguage\":\"de-CH\",\"@id\":\"https:\/\/daltec.ch\/fr\/#\/schema\/logo\/image\/\",\"url\":\"https:\/\/daltec.ch\/wp-content\/uploads\/2025\/08\/dlteclogo.webp\",\"contentUrl\":\"https:\/\/daltec.ch\/wp-content\/uploads\/2025\/08\/dlteclogo.webp\",\"width\":500,\"height\":195,\"caption\":\"Daltec AG\"},\"image\":{\"@id\":\"https:\/\/daltec.ch\/fr\/#\/schema\/logo\/image\/\"},\"sameAs\":[\"https:\/\/www.facebook.com\/DaltecAG\"]}]}<\/script>\n<!-- \/ Yoast SEO plugin. -->","yoast_head_json":{"title":"Daltec Cargo 20 BK TFSP 300 SW, 3000x2000x2100 mm, 2000 Kg - Daltec","robots":{"index":"index","follow":"follow","max-snippet":"max-snippet:-1","max-image-preview":"max-image-preview:large","max-video-preview":"max-video-preview:-1"},"canonical":"https:\/\/daltec.ch\/de\/product\/cargo-20-bk-fc2030hd-pw-fluegeltueren-inkl-servicetuere\/","og_locale":"de_DE","og_type":"article","og_title":"Daltec Cargo 20 BK TFSP 300 SW, 3000x2000x2100 mm, 2000 Kg - Daltec","og_description":"Hochlader Kofferanh\u00e4nger mit Sandwichaufbau f\u00fcr optimale Isolationseigenschaften und langlebigkeit. Standard mit Doppelfl\u00fcgelt\u00fcren Hinten und Servicet\u00fcre Vorne rechts ausgestattet. Technische Daten    Innenl\u00e4nge 3000 mm   Innenbreite 2000 mm   Innenh\u00f6he 2100 mm   Aussenmassen 4540 x 2129 x 2880 mm   Achsen 2   Gesamtgewicht 2000 kg   Nutzlast 1230 kg   R\u00e4der 165 R 13c   Mit Bremsen Ja    Optionen    Seitenklappe + 850 CHF   Fenster 1200 x 500 mm + 560 CHF   Fenster 700 x 550 mm + 510 CHF   Dachfenster 400 x 400 mit Jalousie und Moskitonetz + 210 CHF   Innenbeleuchtung LED, 12V, mit Schalter + 170 CHF   Installation 230 V + 400 CHF   Haltestange + 90 CHF   Ersatzrad mit Halter + 250 CHF   Klappbare Einstiegstreppe + 90 CHF   Radabdeckungen + 40 CHF   Stossd\u00e4mpfer f\u00fcr Achsen + 100 CHF   Anh\u00e4ngervorrichtung mit Stabilisator KNOTT + 500 CHF   PVC Teppich auf Boden + 190 CHF    * Preise gilten nur f\u00fcr Anh\u00e4nger direkt bestellt mit Optionen. Bei Lageranh\u00e4nger k\u00f6nnen die Preise variieren wenn Optionen nachtr\u00e4glich hinzugef\u00fcgt werden m\u00fcssen.","og_url":"https:\/\/daltec.ch\/de\/product\/cargo-20-bk-fc2030hd-pw-fluegeltueren-inkl-servicetuere\/","og_site_name":"Daltec","article_publisher":"https:\/\/www.facebook.com\/DaltecAG","article_modified_time":"2025-06-18T15:55:30+00:00","og_image":[{"width":800,"height":800,"url":"https:\/\/daltec.ch\/wp-content\/uploads\/2025\/04\/Tomplan-TFSP-500T-9-11-04-2025-11-28-22SMALL-e1744383522284-1.png","type":"image\/png"}],"twitter_card":"summary_large_image","twitter_misc":{"Gesch\u00e4tzte Lesezeit":"1\u00a0Minute"},"schema":{"@context":"https:\/\/schema.org","@graph":[{"@type":"WebPage","@id":"https:\/\/daltec.ch\/product\/cargo-20-bk-fc2030hd-pw-fluegeltueren-inkl-servicetuere","url":"https:\/\/daltec.ch\/product\/cargo-20-bk-fc2030hd-pw-fluegeltueren-inkl-servicetuere","name":"Daltec Cargo 20 BK TFSP 300 SW, 3000x2000x2100 mm, 2000 Kg - Daltec","isPartOf":{"@id":"https:\/\/daltec.ch\/fr\/#website"},"primaryImageOfPage":{"@id":"https:\/\/daltec.ch\/product\/cargo-20-bk-fc2030hd-pw-fluegeltueren-inkl-servicetuere#primaryimage"},"image":{"@id":"https:\/\/daltec.ch\/product\/cargo-20-bk-fc2030hd-pw-fluegeltueren-inkl-servicetuere#primaryimage"},"thumbnailUrl":"https:\/\/daltec.ch\/wp-content\/uploads\/2025\/04\/Tomplan-TFSP-500T-9-11-04-2025-11-28-22SMALL-e1744383522284-1.png","datePublished":"2025-04-04T07:44:33+00:00","dateModified":"2025-06-18T15:55:30+00:00","breadcrumb":{"@id":"https:\/\/daltec.ch\/product\/cargo-20-bk-fc2030hd-pw-fluegeltueren-inkl-servicetuere#breadcrumb"},"inLanguage":"de-CH","potentialAction":[{"@type":"ReadAction","target":["https:\/\/daltec.ch\/product\/cargo-20-bk-fc2030hd-pw-fluegeltueren-inkl-servicetuere"]}]},{"@type":"ImageObject","inLanguage":"de-CH","@id":"https:\/\/daltec.ch\/product\/cargo-20-bk-fc2030hd-pw-fluegeltueren-inkl-servicetuere#primaryimage","url":"https:\/\/daltec.ch\/wp-content\/uploads\/2025\/04\/Tomplan-TFSP-500T-9-11-04-2025-11-28-22SMALL-e1744383522284-1.png","contentUrl":"https:\/\/daltec.ch\/wp-content\/uploads\/2025\/04\/Tomplan-TFSP-500T-9-11-04-2025-11-28-22SMALL-e1744383522284-1.png","width":800,"height":800},{"@type":"BreadcrumbList","@id":"https:\/\/daltec.ch\/product\/cargo-20-bk-fc2030hd-pw-fluegeltueren-inkl-servicetuere#breadcrumb","itemListElement":[{"@type":"ListItem","position":1,"name":"Startseite","item":"https:\/\/daltec.ch\/"},{"@type":"ListItem","position":2,"name":"anhaenger","item":"https:\/\/daltec.ch\/anhaenger"},{"@type":"ListItem","position":3,"name":"Daltec Cargo 20 BK TFSP 300 SW, 3000x2000x2100 mm, 2000 Kg"}]},{"@type":"WebSite","@id":"https:\/\/daltec.ch\/fr\/#website","url":"https:\/\/daltec.ch\/fr\/","name":"Daltec Trailers","description":"","publisher":{"@id":"https:\/\/daltec.ch\/fr\/#organization"},"potentialAction":[{"@type":"SearchAction","target":{"@type":"EntryPoint","urlTemplate":"https:\/\/daltec.ch\/fr\/?s={search_term_string}"},"query-input":{"@type":"PropertyValueSpecification","valueRequired":true,"valueName":"search_term_string"}}],"inLanguage":"de-CH"},{"@type":"Organization","@id":"https:\/\/daltec.ch\/fr\/#organization","name":"Daltec AG","url":"https:\/\/daltec.ch\/fr\/","logo":{"@type":"ImageObject","inLanguage":"de-CH","@id":"https:\/\/daltec.ch\/fr\/#\/schema\/logo\/image\/","url":"https:\/\/daltec.ch\/wp-content\/uploads\/2025\/08\/dlteclogo.webp","contentUrl":"https:\/\/daltec.ch\/wp-content\/uploads\/2025\/08\/dlteclogo.webp","width":500,"height":195,"caption":"Daltec AG"},"image":{"@id":"https:\/\/daltec.ch\/fr\/#\/schema\/logo\/image\/"},"sameAs":["https:\/\/www.facebook.com\/DaltecAG"]}]}},"_links":{"self":[{"href":"https:\/\/daltec.ch\/de\/wp-json\/wp\/v2\/product\/2639","targetHints":{"allow":["GET"]}}],"collection":[{"href":"https:\/\/daltec.ch\/de\/wp-json\/wp\/v2\/product"}],"about":[{"href":"https:\/\/daltec.ch\/de\/wp-json\/wp\/v2\/types\/product"}],"replies":[{"embeddable":true,"href":"https:\/\/daltec.ch\/de\/wp-json\/wp\/v2\/comments?post=2639"}],"wp:featuredmedia":[{"embeddable":true,"href":"https:\/\/daltec.ch\/de\/wp-json\/wp\/v2\/media\/2735"}],"wp:attachment":[{"href":"https:\/\/daltec.ch\/de\/wp-json\/wp\/v2\/media?parent=2639"}],"wp:term":[{"taxonomy":"product_brand","embeddable":true,"href":"https:\/\/daltec.ch\/de\/wp-json\/wp\/v2\/product_brand?post=2639"},{"taxonomy":"product_cat","embeddable":true,"href":"https:\/\/daltec.ch\/de\/wp-json\/wp\/v2\/product_cat?post=2639"},{"taxonomy":"product_tag","embeddable":true,"href":"https:\/\/daltec.ch\/de\/wp-json\/wp\/v2\/product_tag?post=2639"}],"curies":[{"name":"wp","href":"https:\/\/api.w.org\/{rel}","templated":true}]}}