{"id":2653,"date":"2025-04-04T16:56:58","date_gmt":"2025-04-04T16:56:58","guid":{"rendered":"https:\/\/daltec.ch\/?post_type=product&#038;p=2653"},"modified":"2026-02-10T10:37:16","modified_gmt":"2026-02-10T10:37:16","slug":"roadster-c500","status":"publish","type":"product","link":"https:\/\/daltec.ch\/de\/product\/roadster-c500","title":{"rendered":"Daltec Roadster C500, 3200x1670x2000 mm, 2000 Kg"},"content":{"rendered":"<p>Roadster 500 Kofferanh\u00e4nger Doppelachsiger gebremster Transporter-Anh\u00e4nger Der Roadster 500 Transporter ist die ideale Wahl f\u00fcr alle Gewerbetreibenden oder Privatpersonen, die ein hochwertiges Fahrzeug suchen, das in der Lage ist, Ausr\u00fcstung zu sichern und zu transportieren, die ein gro\u00dfes Innenvolumen und&#8230;<\/p>\n<h4>Serienausstattung:<\/h4>\n<p>Zweiachsig, gebremst Pullman, 2 Fahrwerk, Fahrgestell feuerverzinkt, Alu-Kastenrahmen, Polyesterdach und Bug aerodynamisch, Plywood W\u00e4nde seitlich mit Polypropylen Folie, Kotfl\u00fcgel schlagfester Kunststoff, Automatik-St\u00fctzrad mit Rangiergriff, Alu Heckklappe dreh- und schwenkbar, Rutschfester Aluboden, 5 Jahre Garantie, R\u00fcckleuchte in Seitenstreben montiert, Zurrb\u00fcgel x6, Innenleuchte mit Schalter, Unterlegkeile<\/p>\n<p>Erh\u00e4ltlich in den Farben: Weiss, Grau, Anthrazit, Schwarz und Blau<\/p>\n","protected":false},"excerpt":{"rendered":"<p><span style=\"font-size: 14px; color: #ff0000;\"><em>Preis: Siehe Preisliste auf Startseite<\/em><\/span><\/p>\n<h4>Technische Daten:<\/h4>\n<table class=\"table\">\n<tbody>\n<tr>\n<th>Innenl\u00e4nge<\/th>\n<td>3200 <small>mm<\/small><\/td>\n<\/tr>\n<tr>\n<th>Innenbreite<\/th>\n<td>1670 <small>mm<\/small><\/td>\n<\/tr>\n<tr>\n<th>Innenh\u00f6he<\/th>\n<td>2000 <small>mm<\/small><\/td>\n<\/tr>\n<tr>\n<th>Achsen<\/th>\n<td>2<\/td>\n<\/tr>\n<tr>\n<th>Bremsen<\/th>\n<td>Ja<\/td>\n<\/tr>\n<tr>\n<th>Gesamtgewicht<\/th>\n<td>2000 <small>kg<\/small><\/td>\n<\/tr>\n<tr>\n<th>Nutzlast<\/th>\n<td>1370 <small>kg<\/small><\/td>\n<\/tr>\n<tr>\n<th>Aussenmassen<\/th>\n<td>4450 x 2150 x 2370 <small>mm<\/small><\/td>\n<\/tr>\n<\/tbody>\n<\/table>\n<h6><span style=\"font-size: 16px;\">Optionen:<\/span><\/h6>\n<table width=\"532\">\n<tbody>\n<tr>\n<td>Servicet\u00fcre 630 x 1300 mm<\/td>\n<td>+ 300 CHF<\/td>\n<\/tr>\n<tr>\n<td>Aluminium Seitenw\u00e4nde (an Stelle von Plywoodw\u00e4nde)<\/td>\n<td>+ 300 CHF<\/td>\n<\/tr>\n<\/tbody>\n<\/table>\n<p>&nbsp;<\/p>\n","protected":false},"featured_media":2654,"comment_status":"open","ping_status":"closed","template":"","meta":{"_acf_changed":false},"product_brand":[],"product_cat":[26,235],"product_tag":[],"class_list":{"0":"post-2653","1":"product","2":"type-product","3":"status-publish","4":"has-post-thumbnail","6":"product_cat-kofferanhaenger","7":"product_cat-kofferanhaenger-polyester-karrosserie","9":"first","10":"instock","11":"featured","12":"shipping-taxable","13":"purchasable","14":"product-type-simple"},"acf":[],"yoast_head":"<!-- This site is optimized with the Yoast SEO plugin v27.2 - https:\/\/yoast.com\/product\/yoast-seo-wordpress\/ -->\n<title>Daltec Roadster C500, 3200x1670x2000 mm, 2000 Kg - Daltec<\/title>\n<meta name=\"robots\" content=\"index, follow, max-snippet:-1, max-image-preview:large, max-video-preview:-1\" \/>\n<link rel=\"canonical\" href=\"https:\/\/daltec.ch\/de\/product\/roadster-c500\/\" \/>\n<meta property=\"og:locale\" content=\"de_DE\" \/>\n<meta property=\"og:type\" content=\"article\" \/>\n<meta property=\"og:title\" content=\"Daltec Roadster C500, 3200x1670x2000 mm, 2000 Kg - Daltec\" \/>\n<meta property=\"og:description\" content=\"Preis: Siehe Preisliste auf Startseite Technische Daten:    Innenl\u00e4nge 3200 mm   Innenbreite 1670 mm   Innenh\u00f6he 2000 mm   Achsen 2   Bremsen Ja   Gesamtgewicht 2000 kg   Nutzlast 1370 kg   Aussenmassen 4450 x 2150 x 2370 mm    Optionen:    Servicet\u00fcre 630 x 1300 mm + 300 CHF   Aluminium Seitenw\u00e4nde (an Stelle von Plywoodw\u00e4nde) + 300 CHF    &nbsp;\" \/>\n<meta property=\"og:url\" content=\"https:\/\/daltec.ch\/de\/product\/roadster-c500\/\" \/>\n<meta property=\"og:site_name\" content=\"Daltec\" \/>\n<meta property=\"article:publisher\" content=\"https:\/\/www.facebook.com\/DaltecAG\" \/>\n<meta property=\"article:modified_time\" content=\"2026-02-10T10:37:16+00:00\" \/>\n<meta property=\"og:image\" content=\"https:\/\/daltec.ch\/wp-content\/uploads\/2025\/04\/Roadster-c500.jpg\" \/>\n\t<meta property=\"og:image:width\" content=\"549\" \/>\n\t<meta property=\"og:image:height\" content=\"517\" \/>\n\t<meta property=\"og:image:type\" content=\"image\/jpeg\" \/>\n<meta name=\"twitter:card\" content=\"summary_large_image\" \/>\n<meta name=\"twitter:label1\" content=\"Gesch\u00e4tzte Lesezeit\" \/>\n\t<meta name=\"twitter:data1\" content=\"1\u00a0Minute\" \/>\n<script type=\"application\/ld+json\" class=\"yoast-schema-graph\">{\"@context\":\"https:\/\/schema.org\",\"@graph\":[{\"@type\":\"WebPage\",\"@id\":\"https:\/\/daltec.ch\/product\/roadster-c500\",\"url\":\"https:\/\/daltec.ch\/product\/roadster-c500\",\"name\":\"Daltec Roadster C500, 3200x1670x2000 mm, 2000 Kg - Daltec\",\"isPartOf\":{\"@id\":\"https:\/\/daltec.ch\/fr\/#website\"},\"primaryImageOfPage\":{\"@id\":\"https:\/\/daltec.ch\/product\/roadster-c500#primaryimage\"},\"image\":{\"@id\":\"https:\/\/daltec.ch\/product\/roadster-c500#primaryimage\"},\"thumbnailUrl\":\"https:\/\/daltec.ch\/wp-content\/uploads\/2025\/04\/Roadster-c500.jpg\",\"datePublished\":\"2025-04-04T16:56:58+00:00\",\"dateModified\":\"2026-02-10T10:37:16+00:00\",\"breadcrumb\":{\"@id\":\"https:\/\/daltec.ch\/product\/roadster-c500#breadcrumb\"},\"inLanguage\":\"de-CH\",\"potentialAction\":[{\"@type\":\"ReadAction\",\"target\":[\"https:\/\/daltec.ch\/product\/roadster-c500\"]}]},{\"@type\":\"ImageObject\",\"inLanguage\":\"de-CH\",\"@id\":\"https:\/\/daltec.ch\/product\/roadster-c500#primaryimage\",\"url\":\"https:\/\/daltec.ch\/wp-content\/uploads\/2025\/04\/Roadster-c500.jpg\",\"contentUrl\":\"https:\/\/daltec.ch\/wp-content\/uploads\/2025\/04\/Roadster-c500.jpg\",\"width\":549,\"height\":517},{\"@type\":\"BreadcrumbList\",\"@id\":\"https:\/\/daltec.ch\/product\/roadster-c500#breadcrumb\",\"itemListElement\":[{\"@type\":\"ListItem\",\"position\":1,\"name\":\"Startseite\",\"item\":\"https:\/\/daltec.ch\/\"},{\"@type\":\"ListItem\",\"position\":2,\"name\":\"anhaenger\",\"item\":\"https:\/\/daltec.ch\/anhaenger\"},{\"@type\":\"ListItem\",\"position\":3,\"name\":\"Daltec Roadster C500, 3200x1670x2000 mm, 2000 Kg\"}]},{\"@type\":\"WebSite\",\"@id\":\"https:\/\/daltec.ch\/fr\/#website\",\"url\":\"https:\/\/daltec.ch\/fr\/\",\"name\":\"Daltec Trailers\",\"description\":\"\",\"publisher\":{\"@id\":\"https:\/\/daltec.ch\/fr\/#organization\"},\"potentialAction\":[{\"@type\":\"SearchAction\",\"target\":{\"@type\":\"EntryPoint\",\"urlTemplate\":\"https:\/\/daltec.ch\/fr\/?s={search_term_string}\"},\"query-input\":{\"@type\":\"PropertyValueSpecification\",\"valueRequired\":true,\"valueName\":\"search_term_string\"}}],\"inLanguage\":\"de-CH\"},{\"@type\":\"Organization\",\"@id\":\"https:\/\/daltec.ch\/fr\/#organization\",\"name\":\"Daltec AG\",\"url\":\"https:\/\/daltec.ch\/fr\/\",\"logo\":{\"@type\":\"ImageObject\",\"inLanguage\":\"de-CH\",\"@id\":\"https:\/\/daltec.ch\/fr\/#\/schema\/logo\/image\/\",\"url\":\"https:\/\/daltec.ch\/wp-content\/uploads\/2025\/08\/dlteclogo.webp\",\"contentUrl\":\"https:\/\/daltec.ch\/wp-content\/uploads\/2025\/08\/dlteclogo.webp\",\"width\":500,\"height\":195,\"caption\":\"Daltec AG\"},\"image\":{\"@id\":\"https:\/\/daltec.ch\/fr\/#\/schema\/logo\/image\/\"},\"sameAs\":[\"https:\/\/www.facebook.com\/DaltecAG\"]}]}<\/script>\n<!-- \/ Yoast SEO plugin. -->","yoast_head_json":{"title":"Daltec Roadster C500, 3200x1670x2000 mm, 2000 Kg - Daltec","robots":{"index":"index","follow":"follow","max-snippet":"max-snippet:-1","max-image-preview":"max-image-preview:large","max-video-preview":"max-video-preview:-1"},"canonical":"https:\/\/daltec.ch\/de\/product\/roadster-c500\/","og_locale":"de_DE","og_type":"article","og_title":"Daltec Roadster C500, 3200x1670x2000 mm, 2000 Kg - Daltec","og_description":"Preis: Siehe Preisliste auf Startseite Technische Daten:    Innenl\u00e4nge 3200 mm   Innenbreite 1670 mm   Innenh\u00f6he 2000 mm   Achsen 2   Bremsen Ja   Gesamtgewicht 2000 kg   Nutzlast 1370 kg   Aussenmassen 4450 x 2150 x 2370 mm    Optionen:    Servicet\u00fcre 630 x 1300 mm + 300 CHF   Aluminium Seitenw\u00e4nde (an Stelle von Plywoodw\u00e4nde) + 300 CHF    &nbsp;","og_url":"https:\/\/daltec.ch\/de\/product\/roadster-c500\/","og_site_name":"Daltec","article_publisher":"https:\/\/www.facebook.com\/DaltecAG","article_modified_time":"2026-02-10T10:37:16+00:00","og_image":[{"width":549,"height":517,"url":"https:\/\/daltec.ch\/wp-content\/uploads\/2025\/04\/Roadster-c500.jpg","type":"image\/jpeg"}],"twitter_card":"summary_large_image","twitter_misc":{"Gesch\u00e4tzte Lesezeit":"1\u00a0Minute"},"schema":{"@context":"https:\/\/schema.org","@graph":[{"@type":"WebPage","@id":"https:\/\/daltec.ch\/product\/roadster-c500","url":"https:\/\/daltec.ch\/product\/roadster-c500","name":"Daltec Roadster C500, 3200x1670x2000 mm, 2000 Kg - Daltec","isPartOf":{"@id":"https:\/\/daltec.ch\/fr\/#website"},"primaryImageOfPage":{"@id":"https:\/\/daltec.ch\/product\/roadster-c500#primaryimage"},"image":{"@id":"https:\/\/daltec.ch\/product\/roadster-c500#primaryimage"},"thumbnailUrl":"https:\/\/daltec.ch\/wp-content\/uploads\/2025\/04\/Roadster-c500.jpg","datePublished":"2025-04-04T16:56:58+00:00","dateModified":"2026-02-10T10:37:16+00:00","breadcrumb":{"@id":"https:\/\/daltec.ch\/product\/roadster-c500#breadcrumb"},"inLanguage":"de-CH","potentialAction":[{"@type":"ReadAction","target":["https:\/\/daltec.ch\/product\/roadster-c500"]}]},{"@type":"ImageObject","inLanguage":"de-CH","@id":"https:\/\/daltec.ch\/product\/roadster-c500#primaryimage","url":"https:\/\/daltec.ch\/wp-content\/uploads\/2025\/04\/Roadster-c500.jpg","contentUrl":"https:\/\/daltec.ch\/wp-content\/uploads\/2025\/04\/Roadster-c500.jpg","width":549,"height":517},{"@type":"BreadcrumbList","@id":"https:\/\/daltec.ch\/product\/roadster-c500#breadcrumb","itemListElement":[{"@type":"ListItem","position":1,"name":"Startseite","item":"https:\/\/daltec.ch\/"},{"@type":"ListItem","position":2,"name":"anhaenger","item":"https:\/\/daltec.ch\/anhaenger"},{"@type":"ListItem","position":3,"name":"Daltec Roadster C500, 3200x1670x2000 mm, 2000 Kg"}]},{"@type":"WebSite","@id":"https:\/\/daltec.ch\/fr\/#website","url":"https:\/\/daltec.ch\/fr\/","name":"Daltec Trailers","description":"","publisher":{"@id":"https:\/\/daltec.ch\/fr\/#organization"},"potentialAction":[{"@type":"SearchAction","target":{"@type":"EntryPoint","urlTemplate":"https:\/\/daltec.ch\/fr\/?s={search_term_string}"},"query-input":{"@type":"PropertyValueSpecification","valueRequired":true,"valueName":"search_term_string"}}],"inLanguage":"de-CH"},{"@type":"Organization","@id":"https:\/\/daltec.ch\/fr\/#organization","name":"Daltec AG","url":"https:\/\/daltec.ch\/fr\/","logo":{"@type":"ImageObject","inLanguage":"de-CH","@id":"https:\/\/daltec.ch\/fr\/#\/schema\/logo\/image\/","url":"https:\/\/daltec.ch\/wp-content\/uploads\/2025\/08\/dlteclogo.webp","contentUrl":"https:\/\/daltec.ch\/wp-content\/uploads\/2025\/08\/dlteclogo.webp","width":500,"height":195,"caption":"Daltec AG"},"image":{"@id":"https:\/\/daltec.ch\/fr\/#\/schema\/logo\/image\/"},"sameAs":["https:\/\/www.facebook.com\/DaltecAG"]}]}},"_links":{"self":[{"href":"https:\/\/daltec.ch\/de\/wp-json\/wp\/v2\/product\/2653","targetHints":{"allow":["GET"]}}],"collection":[{"href":"https:\/\/daltec.ch\/de\/wp-json\/wp\/v2\/product"}],"about":[{"href":"https:\/\/daltec.ch\/de\/wp-json\/wp\/v2\/types\/product"}],"replies":[{"embeddable":true,"href":"https:\/\/daltec.ch\/de\/wp-json\/wp\/v2\/comments?post=2653"}],"wp:featuredmedia":[{"embeddable":true,"href":"https:\/\/daltec.ch\/de\/wp-json\/wp\/v2\/media\/2654"}],"wp:attachment":[{"href":"https:\/\/daltec.ch\/de\/wp-json\/wp\/v2\/media?parent=2653"}],"wp:term":[{"taxonomy":"product_brand","embeddable":true,"href":"https:\/\/daltec.ch\/de\/wp-json\/wp\/v2\/product_brand?post=2653"},{"taxonomy":"product_cat","embeddable":true,"href":"https:\/\/daltec.ch\/de\/wp-json\/wp\/v2\/product_cat?post=2653"},{"taxonomy":"product_tag","embeddable":true,"href":"https:\/\/daltec.ch\/de\/wp-json\/wp\/v2\/product_tag?post=2653"}],"curies":[{"name":"wp","href":"https:\/\/api.w.org\/{rel}","templated":true}]}}