{"id":2680,"date":"2025-04-11T08:03:59","date_gmt":"2025-04-11T08:03:59","guid":{"rendered":"https:\/\/daltec.ch\/?post_type=product&#038;p=2680"},"modified":"2025-12-02T10:55:10","modified_gmt":"2025-12-02T10:55:10","slug":"vz-20-bk-tfd-300-pw-fluegeltueren-servicetuere-2","status":"publish","type":"product","link":"https:\/\/daltec.ch\/de\/product\/vz-20-bk-tfd-300-pw-fluegeltueren-servicetuere-2","title":{"rendered":"Daltec VZ 27 BK TFS 420 SW Fl\u00fcgelt\u00fcren + Servicet\u00fcre, 4200x2000x1200 mm, 2700 Kg"},"content":{"rendered":"<p><strong><em>Preis: Siehe Preisliste auf Startseite<\/em><\/strong><\/p>\n<p>NEU im Sortiment!<br \/>\nDie mit XPS gef\u00fcllte W\u00e4nde zeichnen sich aus durch ausgezeichneten Isolierungsparametern. Der Anh\u00e4nger kann f\u00fcr f\u00fcr den Transport verschiedener Arten von Waren verwendet, die empfindlich auf Temperaturschwankungen reagieren. Die innere und \u00e4u\u00dfere Ummantelung bietet eine homogene, ebene Oberfl\u00e4che, die sich perfekt f\u00fcr die Anbringung verschiedener Arten von dauerhafter Werbung eignet. Abgerundete Karosserieform f\u00fcr eine bessere Dichtigkeit, Erleichterung des Wasserabflusses vom Dach und der optimale Aerodynamik.<\/p>\n<h4>Serienausstattung:<\/h4>\n<p>Ch\u00e2ssis verzinkt, verschweisst und geschraubt. Auflaufeinrichtung KNOTT mit Kugelkupplung, Abreissleine, Handbremse und St\u00fctzrad TK48. Achsen Knott gebremst mit R\u00fcckmatik. Dach und W\u00e4nde aus Sandwich Paneele, 30mm dick, weiss. Boden aus rutschfeste Siebdruckplatte. Doppelfl\u00fcgelt\u00fcren Hinten mit Drehstangenverschluss, abschliessbar. Servicet\u00fcre rechts, abschliessbar 2x St\u00fctzfuss Hinten mit Halter. 8x Binde\u00f6sen im Boden fixiert. 4x Zurrschienen (2 pro Seite) auf 650mm\/1320mm H\u00f6he montiert. 2x L\u00fcftungen.<\/p>\n","protected":false},"excerpt":{"rendered":"<h5>Preis: Siehe Preisliste auf Startseite<\/h5>\n<p>Tieflader Kofferanh\u00e4nger mit Doppelfl\u00fcgelt\u00fcren und Servicet\u00fcre<\/p>\n<h4>Technische Daten<\/h4>\n<table class=\"table\">\n<tbody>\n<tr>\n<th>L\u00e4nge<\/th>\n<td>4200 <small>mm<\/small><\/td>\n<\/tr>\n<tr>\n<th>Breite<\/th>\n<td>2000 <small>mm<\/small><\/td>\n<\/tr>\n<tr>\n<th>H\u00f6he<\/th>\n<td>1200 <small>mm<\/small><\/td>\n<\/tr>\n<tr>\n<th>Achsen<\/th>\n<td>2x <small>KNOTT<\/small><\/td>\n<\/tr>\n<tr>\n<th>Gesamtgewicht<\/th>\n<td>2700 <small>kg<\/small><\/td>\n<\/tr>\n<tr>\n<th>Nutzlast<\/th>\n<td>1739<small>kg<\/small><\/td>\n<\/tr>\n<tr>\n<th>R\u00e4der<\/th>\n<td>165 R 13 C<small><\/small><\/td>\n<\/tr>\n<\/tbody>\n<\/table>\n","protected":false},"featured_media":4074,"comment_status":"open","ping_status":"closed","template":"","meta":{"_acf_changed":false},"product_brand":[],"product_cat":[236],"product_tag":[],"class_list":{"0":"post-2680","1":"product","2":"type-product","3":"status-publish","4":"has-post-thumbnail","6":"product_cat-plywood-und-sandwich-kofferanhaenger","8":"first","9":"instock","10":"featured","11":"shipping-taxable","12":"purchasable","13":"product-type-simple"},"acf":[],"yoast_head":"<!-- This site is optimized with the Yoast SEO plugin v27.2 - https:\/\/yoast.com\/product\/yoast-seo-wordpress\/ -->\n<title>Daltec VZ 27 BK TFS 420 SW Fl\u00fcgelt\u00fcren + Servicet\u00fcre, 4200x2000x1200 mm, 2700 Kg - Daltec<\/title>\n<meta name=\"robots\" content=\"index, follow, max-snippet:-1, max-image-preview:large, max-video-preview:-1\" \/>\n<link rel=\"canonical\" href=\"https:\/\/daltec.ch\/de\/product\/vz-20-bk-tfd-300-pw-fluegeltueren-servicetuere-2\/\" \/>\n<meta property=\"og:locale\" content=\"de_DE\" \/>\n<meta property=\"og:type\" content=\"article\" \/>\n<meta property=\"og:title\" content=\"Daltec VZ 27 BK TFS 420 SW Fl\u00fcgelt\u00fcren + Servicet\u00fcre, 4200x2000x1200 mm, 2700 Kg - Daltec\" \/>\n<meta property=\"og:description\" content=\"Preis: Siehe Preisliste auf Startseite Tieflader Kofferanh\u00e4nger mit Doppelfl\u00fcgelt\u00fcren und Servicet\u00fcre Technische Daten    L\u00e4nge 4200 mm   Breite 2000 mm   H\u00f6he 1200 mm   Achsen 2x KNOTT   Gesamtgewicht 2700 kg   Nutzlast 1739kg   R\u00e4der 165 R 13 C\" \/>\n<meta property=\"og:url\" content=\"https:\/\/daltec.ch\/de\/product\/vz-20-bk-tfd-300-pw-fluegeltueren-servicetuere-2\/\" \/>\n<meta property=\"og:site_name\" content=\"Daltec\" \/>\n<meta property=\"article:publisher\" content=\"https:\/\/www.facebook.com\/DaltecAG\" \/>\n<meta property=\"article:modified_time\" content=\"2025-12-02T10:55:10+00:00\" \/>\n<meta property=\"og:image\" content=\"https:\/\/daltec.ch\/wp-content\/uploads\/2025\/04\/TFS-360T.00-z-tlem-grafika-8-1.jpg\" \/>\n\t<meta property=\"og:image:width\" content=\"2460\" \/>\n\t<meta property=\"og:image:height\" content=\"1484\" \/>\n\t<meta property=\"og:image:type\" content=\"image\/jpeg\" \/>\n<meta name=\"twitter:card\" content=\"summary_large_image\" \/>\n<meta name=\"twitter:label1\" content=\"Gesch\u00e4tzte Lesezeit\" \/>\n\t<meta name=\"twitter:data1\" content=\"1\u00a0Minute\" \/>\n<script type=\"application\/ld+json\" class=\"yoast-schema-graph\">{\"@context\":\"https:\/\/schema.org\",\"@graph\":[{\"@type\":\"WebPage\",\"@id\":\"https:\/\/daltec.ch\/product\/vz-20-bk-tfd-300-pw-fluegeltueren-servicetuere-2\",\"url\":\"https:\/\/daltec.ch\/product\/vz-20-bk-tfd-300-pw-fluegeltueren-servicetuere-2\",\"name\":\"Daltec VZ 27 BK TFS 420 SW Fl\u00fcgelt\u00fcren + Servicet\u00fcre, 4200x2000x1200 mm, 2700 Kg - Daltec\",\"isPartOf\":{\"@id\":\"https:\/\/daltec.ch\/fr\/#website\"},\"primaryImageOfPage\":{\"@id\":\"https:\/\/daltec.ch\/product\/vz-20-bk-tfd-300-pw-fluegeltueren-servicetuere-2#primaryimage\"},\"image\":{\"@id\":\"https:\/\/daltec.ch\/product\/vz-20-bk-tfd-300-pw-fluegeltueren-servicetuere-2#primaryimage\"},\"thumbnailUrl\":\"https:\/\/daltec.ch\/wp-content\/uploads\/2025\/04\/TFS-360T.00-z-tlem-grafika-8-1.jpg\",\"datePublished\":\"2025-04-11T08:03:59+00:00\",\"dateModified\":\"2025-12-02T10:55:10+00:00\",\"breadcrumb\":{\"@id\":\"https:\/\/daltec.ch\/product\/vz-20-bk-tfd-300-pw-fluegeltueren-servicetuere-2#breadcrumb\"},\"inLanguage\":\"de-CH\",\"potentialAction\":[{\"@type\":\"ReadAction\",\"target\":[\"https:\/\/daltec.ch\/product\/vz-20-bk-tfd-300-pw-fluegeltueren-servicetuere-2\"]}]},{\"@type\":\"ImageObject\",\"inLanguage\":\"de-CH\",\"@id\":\"https:\/\/daltec.ch\/product\/vz-20-bk-tfd-300-pw-fluegeltueren-servicetuere-2#primaryimage\",\"url\":\"https:\/\/daltec.ch\/wp-content\/uploads\/2025\/04\/TFS-360T.00-z-tlem-grafika-8-1.jpg\",\"contentUrl\":\"https:\/\/daltec.ch\/wp-content\/uploads\/2025\/04\/TFS-360T.00-z-tlem-grafika-8-1.jpg\",\"width\":2460,\"height\":1484},{\"@type\":\"BreadcrumbList\",\"@id\":\"https:\/\/daltec.ch\/product\/vz-20-bk-tfd-300-pw-fluegeltueren-servicetuere-2#breadcrumb\",\"itemListElement\":[{\"@type\":\"ListItem\",\"position\":1,\"name\":\"Startseite\",\"item\":\"https:\/\/daltec.ch\/\"},{\"@type\":\"ListItem\",\"position\":2,\"name\":\"anhaenger\",\"item\":\"https:\/\/daltec.ch\/anhaenger\"},{\"@type\":\"ListItem\",\"position\":3,\"name\":\"Daltec VZ 27 BK TFS 420 SW Fl\u00fcgelt\u00fcren + Servicet\u00fcre, 4200x2000x1200 mm, 2700 Kg\"}]},{\"@type\":\"WebSite\",\"@id\":\"https:\/\/daltec.ch\/fr\/#website\",\"url\":\"https:\/\/daltec.ch\/fr\/\",\"name\":\"Daltec Trailers\",\"description\":\"\",\"publisher\":{\"@id\":\"https:\/\/daltec.ch\/fr\/#organization\"},\"potentialAction\":[{\"@type\":\"SearchAction\",\"target\":{\"@type\":\"EntryPoint\",\"urlTemplate\":\"https:\/\/daltec.ch\/fr\/?s={search_term_string}\"},\"query-input\":{\"@type\":\"PropertyValueSpecification\",\"valueRequired\":true,\"valueName\":\"search_term_string\"}}],\"inLanguage\":\"de-CH\"},{\"@type\":\"Organization\",\"@id\":\"https:\/\/daltec.ch\/fr\/#organization\",\"name\":\"Daltec AG\",\"url\":\"https:\/\/daltec.ch\/fr\/\",\"logo\":{\"@type\":\"ImageObject\",\"inLanguage\":\"de-CH\",\"@id\":\"https:\/\/daltec.ch\/fr\/#\/schema\/logo\/image\/\",\"url\":\"https:\/\/daltec.ch\/wp-content\/uploads\/2025\/08\/dlteclogo.webp\",\"contentUrl\":\"https:\/\/daltec.ch\/wp-content\/uploads\/2025\/08\/dlteclogo.webp\",\"width\":500,\"height\":195,\"caption\":\"Daltec AG\"},\"image\":{\"@id\":\"https:\/\/daltec.ch\/fr\/#\/schema\/logo\/image\/\"},\"sameAs\":[\"https:\/\/www.facebook.com\/DaltecAG\"]}]}<\/script>\n<!-- \/ Yoast SEO plugin. -->","yoast_head_json":{"title":"Daltec VZ 27 BK TFS 420 SW Fl\u00fcgelt\u00fcren + Servicet\u00fcre, 4200x2000x1200 mm, 2700 Kg - Daltec","robots":{"index":"index","follow":"follow","max-snippet":"max-snippet:-1","max-image-preview":"max-image-preview:large","max-video-preview":"max-video-preview:-1"},"canonical":"https:\/\/daltec.ch\/de\/product\/vz-20-bk-tfd-300-pw-fluegeltueren-servicetuere-2\/","og_locale":"de_DE","og_type":"article","og_title":"Daltec VZ 27 BK TFS 420 SW Fl\u00fcgelt\u00fcren + Servicet\u00fcre, 4200x2000x1200 mm, 2700 Kg - Daltec","og_description":"Preis: Siehe Preisliste auf Startseite Tieflader Kofferanh\u00e4nger mit Doppelfl\u00fcgelt\u00fcren und Servicet\u00fcre Technische Daten    L\u00e4nge 4200 mm   Breite 2000 mm   H\u00f6he 1200 mm   Achsen 2x KNOTT   Gesamtgewicht 2700 kg   Nutzlast 1739kg   R\u00e4der 165 R 13 C","og_url":"https:\/\/daltec.ch\/de\/product\/vz-20-bk-tfd-300-pw-fluegeltueren-servicetuere-2\/","og_site_name":"Daltec","article_publisher":"https:\/\/www.facebook.com\/DaltecAG","article_modified_time":"2025-12-02T10:55:10+00:00","og_image":[{"width":2460,"height":1484,"url":"https:\/\/daltec.ch\/wp-content\/uploads\/2025\/04\/TFS-360T.00-z-tlem-grafika-8-1.jpg","type":"image\/jpeg"}],"twitter_card":"summary_large_image","twitter_misc":{"Gesch\u00e4tzte Lesezeit":"1\u00a0Minute"},"schema":{"@context":"https:\/\/schema.org","@graph":[{"@type":"WebPage","@id":"https:\/\/daltec.ch\/product\/vz-20-bk-tfd-300-pw-fluegeltueren-servicetuere-2","url":"https:\/\/daltec.ch\/product\/vz-20-bk-tfd-300-pw-fluegeltueren-servicetuere-2","name":"Daltec VZ 27 BK TFS 420 SW Fl\u00fcgelt\u00fcren + Servicet\u00fcre, 4200x2000x1200 mm, 2700 Kg - Daltec","isPartOf":{"@id":"https:\/\/daltec.ch\/fr\/#website"},"primaryImageOfPage":{"@id":"https:\/\/daltec.ch\/product\/vz-20-bk-tfd-300-pw-fluegeltueren-servicetuere-2#primaryimage"},"image":{"@id":"https:\/\/daltec.ch\/product\/vz-20-bk-tfd-300-pw-fluegeltueren-servicetuere-2#primaryimage"},"thumbnailUrl":"https:\/\/daltec.ch\/wp-content\/uploads\/2025\/04\/TFS-360T.00-z-tlem-grafika-8-1.jpg","datePublished":"2025-04-11T08:03:59+00:00","dateModified":"2025-12-02T10:55:10+00:00","breadcrumb":{"@id":"https:\/\/daltec.ch\/product\/vz-20-bk-tfd-300-pw-fluegeltueren-servicetuere-2#breadcrumb"},"inLanguage":"de-CH","potentialAction":[{"@type":"ReadAction","target":["https:\/\/daltec.ch\/product\/vz-20-bk-tfd-300-pw-fluegeltueren-servicetuere-2"]}]},{"@type":"ImageObject","inLanguage":"de-CH","@id":"https:\/\/daltec.ch\/product\/vz-20-bk-tfd-300-pw-fluegeltueren-servicetuere-2#primaryimage","url":"https:\/\/daltec.ch\/wp-content\/uploads\/2025\/04\/TFS-360T.00-z-tlem-grafika-8-1.jpg","contentUrl":"https:\/\/daltec.ch\/wp-content\/uploads\/2025\/04\/TFS-360T.00-z-tlem-grafika-8-1.jpg","width":2460,"height":1484},{"@type":"BreadcrumbList","@id":"https:\/\/daltec.ch\/product\/vz-20-bk-tfd-300-pw-fluegeltueren-servicetuere-2#breadcrumb","itemListElement":[{"@type":"ListItem","position":1,"name":"Startseite","item":"https:\/\/daltec.ch\/"},{"@type":"ListItem","position":2,"name":"anhaenger","item":"https:\/\/daltec.ch\/anhaenger"},{"@type":"ListItem","position":3,"name":"Daltec VZ 27 BK TFS 420 SW Fl\u00fcgelt\u00fcren + Servicet\u00fcre, 4200x2000x1200 mm, 2700 Kg"}]},{"@type":"WebSite","@id":"https:\/\/daltec.ch\/fr\/#website","url":"https:\/\/daltec.ch\/fr\/","name":"Daltec Trailers","description":"","publisher":{"@id":"https:\/\/daltec.ch\/fr\/#organization"},"potentialAction":[{"@type":"SearchAction","target":{"@type":"EntryPoint","urlTemplate":"https:\/\/daltec.ch\/fr\/?s={search_term_string}"},"query-input":{"@type":"PropertyValueSpecification","valueRequired":true,"valueName":"search_term_string"}}],"inLanguage":"de-CH"},{"@type":"Organization","@id":"https:\/\/daltec.ch\/fr\/#organization","name":"Daltec AG","url":"https:\/\/daltec.ch\/fr\/","logo":{"@type":"ImageObject","inLanguage":"de-CH","@id":"https:\/\/daltec.ch\/fr\/#\/schema\/logo\/image\/","url":"https:\/\/daltec.ch\/wp-content\/uploads\/2025\/08\/dlteclogo.webp","contentUrl":"https:\/\/daltec.ch\/wp-content\/uploads\/2025\/08\/dlteclogo.webp","width":500,"height":195,"caption":"Daltec AG"},"image":{"@id":"https:\/\/daltec.ch\/fr\/#\/schema\/logo\/image\/"},"sameAs":["https:\/\/www.facebook.com\/DaltecAG"]}]}},"_links":{"self":[{"href":"https:\/\/daltec.ch\/de\/wp-json\/wp\/v2\/product\/2680","targetHints":{"allow":["GET"]}}],"collection":[{"href":"https:\/\/daltec.ch\/de\/wp-json\/wp\/v2\/product"}],"about":[{"href":"https:\/\/daltec.ch\/de\/wp-json\/wp\/v2\/types\/product"}],"replies":[{"embeddable":true,"href":"https:\/\/daltec.ch\/de\/wp-json\/wp\/v2\/comments?post=2680"}],"wp:featuredmedia":[{"embeddable":true,"href":"https:\/\/daltec.ch\/de\/wp-json\/wp\/v2\/media\/4074"}],"wp:attachment":[{"href":"https:\/\/daltec.ch\/de\/wp-json\/wp\/v2\/media?parent=2680"}],"wp:term":[{"taxonomy":"product_brand","embeddable":true,"href":"https:\/\/daltec.ch\/de\/wp-json\/wp\/v2\/product_brand?post=2680"},{"taxonomy":"product_cat","embeddable":true,"href":"https:\/\/daltec.ch\/de\/wp-json\/wp\/v2\/product_cat?post=2680"},{"taxonomy":"product_tag","embeddable":true,"href":"https:\/\/daltec.ch\/de\/wp-json\/wp\/v2\/product_tag?post=2680"}],"curies":[{"name":"wp","href":"https:\/\/api.w.org\/{rel}","templated":true}]}}