{"id":2685,"date":"2025-04-11T08:30:54","date_gmt":"2025-04-11T08:30:54","guid":{"rendered":"https:\/\/daltec.ch\/?post_type=product&#038;p=2685"},"modified":"2025-07-24T06:51:13","modified_gmt":"2025-07-24T06:51:13","slug":"cheval-liberte-islandic","status":"publish","type":"product","link":"https:\/\/daltec.ch\/de\/product\/cheval-liberte-islandic","title":{"rendered":"Daltec Cheval Libert\u00e9 Islandic, 4900x2060x2000 mm, 3500 kg"},"content":{"rendered":"<h5><b><i>Preis: Siehe Preisliste auf Startseite<\/i><\/b><\/h5>\n<p>Ein exeptionelles Innenvolumen und eine komplett einstellbare Inneneinrichtung! Bestm\u00f6gliche Fahreingenschaften dank dem Pullmansystem und die aerodynamische Form.<\/p>\n<p>Ausgestattet um Komfort, Sicherheit und Bel\u00fcftung zu garantieren.<\/p>\n<p>Tiefe Ladeh\u00f6he um 6 Pferde ohne Probleme in diagonaler Stellung zu verladen!<\/p>\n<p><strong>Serienausstattung:<\/strong><br \/>\nFahrgestell: Grundrahmen verschweisst und feuerverzinkt<\/p>\n<ul>\n<li>Pullman 2 Fahrwerk<\/li>\n<li>Aerodynamischer Polyesteraufbau<\/li>\n<li>18 mm eloxidierte Aluw\u00e4nde und 25 mm Aluboden \u2013 5 Jahre Garantie<\/li>\n<li>Sattelkammer mit 3 Satteltr\u00e4gern, Trenns-und Netzhalter, Spiegel<\/li>\n<li>Dokumentenablage, Besen und Schaufel, Keile<\/li>\n<li>1 Bel\u00fcftungsfenster in Sattelkammerraum<\/li>\n<li>5 Schiebefenster f\u00fcr den Pferderaum<\/li>\n<li>Heckklappe aus Aluminium dreh und schwenkbar<\/li>\n<li>Bel\u00fcftungsklappe hinten oben der Heckklappe<\/li>\n<li>Ersatzrad mit Halter<\/li>\n<li>Standardausr\u00fcstung f\u00fcr 5 kleinen Pferde mit Breite 68 cm zwischen<\/li>\n<li>den Trennw\u00e4nden<\/li>\n<li>Trittschutz und Seitenpolsterung<\/li>\n<li>Anbindestange aus Edelstahl auf der rechten Seite<\/li>\n<li>Automatikst\u00fctzrad<\/li>\n<li>Beleuchtungsanlage: 12 V nach StVO, 13 pol Stecker<\/li>\n<\/ul>\n<p>Optionale Zusatzausstattung:<\/p>\n<ul>\n<li>zweite Anbindestange aus Edelstahl (links)<\/li>\n<li>2 Dachl\u00fcfter<\/li>\n<li>zus\u00e4tzliche teleskopische Trennwand<\/li>\n<li>5 Trennungsstangen f\u00fcr 6 Pferde (anstatt Trennw\u00e4nde)<\/li>\n<\/ul>\n<p>&nbsp;<\/p>\n","protected":false},"excerpt":{"rendered":"<h5>Preis: Siehe Preisliste auf Startseite<\/h5>\n<p>5 Trennungsstangen f\u00fcr 6 Pferde (anstatt Trennw\u00e4nde)<\/p>\n<h5>Technische Daten<\/h5>\n<table class=\"table\">\n<tbody>\n<tr>\n<th>L\u00e4nge<\/th>\n<td>4900 <small>mm<\/small><\/td>\n<\/tr>\n<tr>\n<th>Breite<\/th>\n<td>2060 <small>mm<\/small><\/td>\n<\/tr>\n<tr>\n<th>H\u00f6he<\/th>\n<td>2000 <small>mm<\/small><\/td>\n<\/tr>\n<tr>\n<th>Achsen<\/th>\n<td>2<small><\/small><\/td>\n<\/tr>\n<tr>\n<th>Gesamtgewicht<\/th>\n<td>3500 <small>kg<\/small><\/td>\n<\/tr>\n<tr>\n<th>Nutzlast<\/th>\n<td>2095 <small>kg<\/small><\/td>\n<\/tr>\n<tr>\n<th>R\u00e4der<\/th>\n<td>13 Zoll<\/td>\n<\/tr>\n<\/tbody>\n<\/table>\n<h6>Optionen<\/h6>\n<table>\n<tbody>\n<tr>\n<td>Inox-Kit (Trennw\u00e4nde)<\/td>\n<td>1640 CHF<\/td>\n<\/tr>\n<tr>\n<td>Zus\u00e4tzliche Inox-Anbindestange links Aussen<\/td>\n<td>350 CHF<\/td>\n<\/tr>\n<tr>\n<td>2 Heckfl\u00fcgelt\u00fcren Hinten (statt Rampe)<\/td>\n<td>760 CHF<\/td>\n<\/tr>\n<tr>\n<td>Gep\u00e4ckablage innen f\u00fcr Decken usw.<\/td>\n<td>350 CHF<\/td>\n<\/tr>\n<\/tbody>\n<\/table>\n","protected":false},"featured_media":2713,"comment_status":"open","ping_status":"closed","template":"","meta":{"_acf_changed":false},"product_brand":[],"product_cat":[28],"product_tag":[],"class_list":{"0":"post-2685","1":"product","2":"type-product","3":"status-publish","4":"has-post-thumbnail","6":"product_cat-pferdetransportanhaenger","8":"first","9":"instock","10":"featured","11":"shipping-taxable","12":"purchasable","13":"product-type-simple"},"acf":[],"yoast_head":"<!-- This site is optimized with the Yoast SEO plugin v27.4 - https:\/\/yoast.com\/product\/yoast-seo-wordpress\/ -->\n<title>Daltec Cheval Libert\u00e9 Islandic, 4900x2060x2000 mm, 3500 kg - Daltec<\/title>\n<meta name=\"robots\" content=\"index, follow, max-snippet:-1, max-image-preview:large, max-video-preview:-1\" \/>\n<link rel=\"canonical\" href=\"https:\/\/daltec.ch\/de\/product\/cheval-liberte-islandic\/\" \/>\n<meta property=\"og:locale\" content=\"de_DE\" \/>\n<meta property=\"og:type\" content=\"article\" \/>\n<meta property=\"og:title\" content=\"Daltec Cheval Libert\u00e9 Islandic, 4900x2060x2000 mm, 3500 kg - Daltec\" \/>\n<meta property=\"og:description\" content=\"Preis: Siehe Preisliste auf Startseite 5 Trennungsstangen f\u00fcr 6 Pferde (anstatt Trennw\u00e4nde) Technische Daten    L\u00e4nge 4900 mm   Breite 2060 mm   H\u00f6he 2000 mm   Achsen 2   Gesamtgewicht 3500 kg   Nutzlast 2095 kg   R\u00e4der 13 Zoll    Optionen    Inox-Kit (Trennw\u00e4nde) 1640 CHF   Zus\u00e4tzliche Inox-Anbindestange links Aussen 350 CHF   2 Heckfl\u00fcgelt\u00fcren Hinten (statt Rampe) 760 CHF   Gep\u00e4ckablage innen f\u00fcr Decken usw. 350 CHF\" \/>\n<meta property=\"og:url\" content=\"https:\/\/daltec.ch\/de\/product\/cheval-liberte-islandic\/\" \/>\n<meta property=\"og:site_name\" content=\"Daltec\" \/>\n<meta property=\"article:publisher\" content=\"https:\/\/www.facebook.com\/DaltecAG\" \/>\n<meta property=\"article:modified_time\" content=\"2025-07-24T06:51:13+00:00\" \/>\n<meta property=\"og:image\" content=\"https:\/\/daltec.ch\/wp-content\/uploads\/2025\/04\/Islandic9-neu.jpg\" \/>\n\t<meta property=\"og:image:width\" content=\"1601\" \/>\n\t<meta property=\"og:image:height\" content=\"1280\" \/>\n\t<meta property=\"og:image:type\" content=\"image\/jpeg\" \/>\n<meta name=\"twitter:card\" content=\"summary_large_image\" \/>\n<meta name=\"twitter:label1\" content=\"Gesch\u00e4tzte Lesezeit\" \/>\n\t<meta name=\"twitter:data1\" content=\"1\u00a0Minute\" \/>\n<script type=\"application\/ld+json\" class=\"yoast-schema-graph\">{\"@context\":\"https:\\\/\\\/schema.org\",\"@graph\":[{\"@type\":\"WebPage\",\"@id\":\"https:\\\/\\\/daltec.ch\\\/product\\\/cheval-liberte-islandic\",\"url\":\"https:\\\/\\\/daltec.ch\\\/product\\\/cheval-liberte-islandic\",\"name\":\"Daltec Cheval Libert\u00e9 Islandic, 4900x2060x2000 mm, 3500 kg - Daltec\",\"isPartOf\":{\"@id\":\"https:\\\/\\\/daltec.ch\\\/fr\\\/#website\"},\"primaryImageOfPage\":{\"@id\":\"https:\\\/\\\/daltec.ch\\\/product\\\/cheval-liberte-islandic#primaryimage\"},\"image\":{\"@id\":\"https:\\\/\\\/daltec.ch\\\/product\\\/cheval-liberte-islandic#primaryimage\"},\"thumbnailUrl\":\"https:\\\/\\\/daltec.ch\\\/wp-content\\\/uploads\\\/2025\\\/04\\\/Islandic9-neu.jpg\",\"datePublished\":\"2025-04-11T08:30:54+00:00\",\"dateModified\":\"2025-07-24T06:51:13+00:00\",\"breadcrumb\":{\"@id\":\"https:\\\/\\\/daltec.ch\\\/product\\\/cheval-liberte-islandic#breadcrumb\"},\"inLanguage\":\"de-CH\",\"potentialAction\":[{\"@type\":\"ReadAction\",\"target\":[\"https:\\\/\\\/daltec.ch\\\/product\\\/cheval-liberte-islandic\"]}]},{\"@type\":\"ImageObject\",\"inLanguage\":\"de-CH\",\"@id\":\"https:\\\/\\\/daltec.ch\\\/product\\\/cheval-liberte-islandic#primaryimage\",\"url\":\"https:\\\/\\\/daltec.ch\\\/wp-content\\\/uploads\\\/2025\\\/04\\\/Islandic9-neu.jpg\",\"contentUrl\":\"https:\\\/\\\/daltec.ch\\\/wp-content\\\/uploads\\\/2025\\\/04\\\/Islandic9-neu.jpg\",\"width\":1601,\"height\":1280},{\"@type\":\"BreadcrumbList\",\"@id\":\"https:\\\/\\\/daltec.ch\\\/product\\\/cheval-liberte-islandic#breadcrumb\",\"itemListElement\":[{\"@type\":\"ListItem\",\"position\":1,\"name\":\"Startseite\",\"item\":\"https:\\\/\\\/daltec.ch\\\/\"},{\"@type\":\"ListItem\",\"position\":2,\"name\":\"anhaenger\",\"item\":\"https:\\\/\\\/daltec.ch\\\/anhaenger\"},{\"@type\":\"ListItem\",\"position\":3,\"name\":\"Daltec Cheval Libert\u00e9 Islandic, 4900x2060x2000 mm, 3500 kg\"}]},{\"@type\":\"WebSite\",\"@id\":\"https:\\\/\\\/daltec.ch\\\/fr\\\/#website\",\"url\":\"https:\\\/\\\/daltec.ch\\\/fr\\\/\",\"name\":\"Daltec Trailers\",\"description\":\"\",\"publisher\":{\"@id\":\"https:\\\/\\\/daltec.ch\\\/fr\\\/#organization\"},\"potentialAction\":[{\"@type\":\"SearchAction\",\"target\":{\"@type\":\"EntryPoint\",\"urlTemplate\":\"https:\\\/\\\/daltec.ch\\\/fr\\\/?s={search_term_string}\"},\"query-input\":{\"@type\":\"PropertyValueSpecification\",\"valueRequired\":true,\"valueName\":\"search_term_string\"}}],\"inLanguage\":\"de-CH\"},{\"@type\":\"Organization\",\"@id\":\"https:\\\/\\\/daltec.ch\\\/fr\\\/#organization\",\"name\":\"Daltec AG\",\"url\":\"https:\\\/\\\/daltec.ch\\\/fr\\\/\",\"logo\":{\"@type\":\"ImageObject\",\"inLanguage\":\"de-CH\",\"@id\":\"https:\\\/\\\/daltec.ch\\\/fr\\\/#\\\/schema\\\/logo\\\/image\\\/\",\"url\":\"https:\\\/\\\/daltec.ch\\\/wp-content\\\/uploads\\\/2025\\\/08\\\/dlteclogo.webp\",\"contentUrl\":\"https:\\\/\\\/daltec.ch\\\/wp-content\\\/uploads\\\/2025\\\/08\\\/dlteclogo.webp\",\"width\":500,\"height\":195,\"caption\":\"Daltec AG\"},\"image\":{\"@id\":\"https:\\\/\\\/daltec.ch\\\/fr\\\/#\\\/schema\\\/logo\\\/image\\\/\"},\"sameAs\":[\"https:\\\/\\\/www.facebook.com\\\/DaltecAG\"]}]}<\/script>\n<!-- \/ Yoast SEO plugin. -->","yoast_head_json":{"title":"Daltec Cheval Libert\u00e9 Islandic, 4900x2060x2000 mm, 3500 kg - Daltec","robots":{"index":"index","follow":"follow","max-snippet":"max-snippet:-1","max-image-preview":"max-image-preview:large","max-video-preview":"max-video-preview:-1"},"canonical":"https:\/\/daltec.ch\/de\/product\/cheval-liberte-islandic\/","og_locale":"de_DE","og_type":"article","og_title":"Daltec Cheval Libert\u00e9 Islandic, 4900x2060x2000 mm, 3500 kg - Daltec","og_description":"Preis: Siehe Preisliste auf Startseite 5 Trennungsstangen f\u00fcr 6 Pferde (anstatt Trennw\u00e4nde) Technische Daten    L\u00e4nge 4900 mm   Breite 2060 mm   H\u00f6he 2000 mm   Achsen 2   Gesamtgewicht 3500 kg   Nutzlast 2095 kg   R\u00e4der 13 Zoll    Optionen    Inox-Kit (Trennw\u00e4nde) 1640 CHF   Zus\u00e4tzliche Inox-Anbindestange links Aussen 350 CHF   2 Heckfl\u00fcgelt\u00fcren Hinten (statt Rampe) 760 CHF   Gep\u00e4ckablage innen f\u00fcr Decken usw. 350 CHF","og_url":"https:\/\/daltec.ch\/de\/product\/cheval-liberte-islandic\/","og_site_name":"Daltec","article_publisher":"https:\/\/www.facebook.com\/DaltecAG","article_modified_time":"2025-07-24T06:51:13+00:00","og_image":[{"width":1601,"height":1280,"url":"https:\/\/daltec.ch\/wp-content\/uploads\/2025\/04\/Islandic9-neu.jpg","type":"image\/jpeg"}],"twitter_card":"summary_large_image","twitter_misc":{"Gesch\u00e4tzte Lesezeit":"1\u00a0Minute"},"schema":{"@context":"https:\/\/schema.org","@graph":[{"@type":"WebPage","@id":"https:\/\/daltec.ch\/product\/cheval-liberte-islandic","url":"https:\/\/daltec.ch\/product\/cheval-liberte-islandic","name":"Daltec Cheval Libert\u00e9 Islandic, 4900x2060x2000 mm, 3500 kg - Daltec","isPartOf":{"@id":"https:\/\/daltec.ch\/fr\/#website"},"primaryImageOfPage":{"@id":"https:\/\/daltec.ch\/product\/cheval-liberte-islandic#primaryimage"},"image":{"@id":"https:\/\/daltec.ch\/product\/cheval-liberte-islandic#primaryimage"},"thumbnailUrl":"https:\/\/daltec.ch\/wp-content\/uploads\/2025\/04\/Islandic9-neu.jpg","datePublished":"2025-04-11T08:30:54+00:00","dateModified":"2025-07-24T06:51:13+00:00","breadcrumb":{"@id":"https:\/\/daltec.ch\/product\/cheval-liberte-islandic#breadcrumb"},"inLanguage":"de-CH","potentialAction":[{"@type":"ReadAction","target":["https:\/\/daltec.ch\/product\/cheval-liberte-islandic"]}]},{"@type":"ImageObject","inLanguage":"de-CH","@id":"https:\/\/daltec.ch\/product\/cheval-liberte-islandic#primaryimage","url":"https:\/\/daltec.ch\/wp-content\/uploads\/2025\/04\/Islandic9-neu.jpg","contentUrl":"https:\/\/daltec.ch\/wp-content\/uploads\/2025\/04\/Islandic9-neu.jpg","width":1601,"height":1280},{"@type":"BreadcrumbList","@id":"https:\/\/daltec.ch\/product\/cheval-liberte-islandic#breadcrumb","itemListElement":[{"@type":"ListItem","position":1,"name":"Startseite","item":"https:\/\/daltec.ch\/"},{"@type":"ListItem","position":2,"name":"anhaenger","item":"https:\/\/daltec.ch\/anhaenger"},{"@type":"ListItem","position":3,"name":"Daltec Cheval Libert\u00e9 Islandic, 4900x2060x2000 mm, 3500 kg"}]},{"@type":"WebSite","@id":"https:\/\/daltec.ch\/fr\/#website","url":"https:\/\/daltec.ch\/fr\/","name":"Daltec Trailers","description":"","publisher":{"@id":"https:\/\/daltec.ch\/fr\/#organization"},"potentialAction":[{"@type":"SearchAction","target":{"@type":"EntryPoint","urlTemplate":"https:\/\/daltec.ch\/fr\/?s={search_term_string}"},"query-input":{"@type":"PropertyValueSpecification","valueRequired":true,"valueName":"search_term_string"}}],"inLanguage":"de-CH"},{"@type":"Organization","@id":"https:\/\/daltec.ch\/fr\/#organization","name":"Daltec AG","url":"https:\/\/daltec.ch\/fr\/","logo":{"@type":"ImageObject","inLanguage":"de-CH","@id":"https:\/\/daltec.ch\/fr\/#\/schema\/logo\/image\/","url":"https:\/\/daltec.ch\/wp-content\/uploads\/2025\/08\/dlteclogo.webp","contentUrl":"https:\/\/daltec.ch\/wp-content\/uploads\/2025\/08\/dlteclogo.webp","width":500,"height":195,"caption":"Daltec AG"},"image":{"@id":"https:\/\/daltec.ch\/fr\/#\/schema\/logo\/image\/"},"sameAs":["https:\/\/www.facebook.com\/DaltecAG"]}]}},"_links":{"self":[{"href":"https:\/\/daltec.ch\/de\/wp-json\/wp\/v2\/product\/2685","targetHints":{"allow":["GET"]}}],"collection":[{"href":"https:\/\/daltec.ch\/de\/wp-json\/wp\/v2\/product"}],"about":[{"href":"https:\/\/daltec.ch\/de\/wp-json\/wp\/v2\/types\/product"}],"replies":[{"embeddable":true,"href":"https:\/\/daltec.ch\/de\/wp-json\/wp\/v2\/comments?post=2685"}],"wp:featuredmedia":[{"embeddable":true,"href":"https:\/\/daltec.ch\/de\/wp-json\/wp\/v2\/media\/2713"}],"wp:attachment":[{"href":"https:\/\/daltec.ch\/de\/wp-json\/wp\/v2\/media?parent=2685"}],"wp:term":[{"taxonomy":"product_brand","embeddable":true,"href":"https:\/\/daltec.ch\/de\/wp-json\/wp\/v2\/product_brand?post=2685"},{"taxonomy":"product_cat","embeddable":true,"href":"https:\/\/daltec.ch\/de\/wp-json\/wp\/v2\/product_cat?post=2685"},{"taxonomy":"product_tag","embeddable":true,"href":"https:\/\/daltec.ch\/de\/wp-json\/wp\/v2\/product_tag?post=2685"}],"curies":[{"name":"wp","href":"https:\/\/api.w.org\/{rel}","templated":true}]}}