{"id":2775,"date":"2025-05-18T14:14:05","date_gmt":"2025-05-18T14:14:05","guid":{"rendered":"https:\/\/daltec.ch\/?post_type=product&#038;p=2775"},"modified":"2025-07-28T08:56:35","modified_gmt":"2025-07-28T08:56:35","slug":"stema-ka-2700-rocko","status":"publish","type":"product","link":"https:\/\/daltec.ch\/de\/product\/stema-ka-2700-rocko","title":{"rendered":"Daltec Stema KA 2700 ROCKO, 3010x1530x350 mm, 2700 Kg"},"content":{"rendered":"<h5><b><i>Preis: Siehe Preisliste auf Startseite<\/i><\/b><\/h5>\n<p>Die massive Stahlprofilkippbr\u00fccke und die doppelwandige Bordw\u00e4nde meistern echte Belastungen.<\/p>\n<p><strong>Serienausstattung:<\/strong><\/p>\n<p>Bordwand, Reling und Co. erh\u00f6hte Eckrungen f\u00fcr eine gr\u00f6\u00dfere Durchgangsh\u00f6he beim Entladen mit langlebigem und hochwertigem Korrosionsschutz Bordw\u00e4nde aus Stahlblech mit Galvalume (Aluminium-Zink-Beschichtung), doppelwandig mit robusten Winkelhebelverschl\u00fcssen allseitig abklapp- und abnehmbare Bordw\u00e4nde optional mit farbiger Pulverbeschichtung (Aufpreis je nach RAL) 35 cm hoch, mit robusten Breitbandscharnieren Einh\u00e4ngem\u00f6glichkeiten f\u00fcr Planen und Netze montierte Einh\u00e4ngekn\u00f6pfe zur Fixierung von Planen und Netzen Fahrgestell und Rahmen optimale Stra\u00dfenlage durch teststreckengepr\u00fcftes Fahrgestell mit STEMA Sicherheits-V-Deichsel Zugkugelkupplung mit Sicherheitsanzeige teilweise feuerverzinkt mit Spannverschluss f\u00fcr die Sicherung der Kippbr\u00fccke am Fahrgestell Hydraulik (Kipp- und Absenkfunktion) hartverchromter 3-stufiger Hydraulikzylinder mit Handpumpe und Begrenzungsventil Kippbr\u00fccken aus massiven, geschwei\u00dften und feuerverzinkten Stahlprofilen Ladefl\u00e4che und Boden durchg\u00e4ngiger, rutschhemmender und wasserfester Siebdruckholzboden 12 mm stark Lichttechnische Einrichtungen moderne Multifunktionsbeleuchtung mit R\u00fcckfahrscheinwerfer,mit Nebelschlussleuchte mit Umrissleuchten f\u00fcr mehr Sicherheit 13-poliger Stecker, EG-Ausstattung R\u00e4der und Achsen, robuste Gummifederachse wartungsfreie Kompaktradlager, stabile Zinkkotfl\u00fcgel mit Spritzschutzlappen ausgestattet, Unterlegkeile mit Halterung Verzurr- und Sicherungsm\u00f6glichkeiten, 6 versenkte Verzurrb\u00fcgel, auf der Ladefl\u00e4che im Rahmen integriert<\/p>\n","protected":false},"excerpt":{"rendered":"<p>Die kompakten R\u00fcckw\u00e4rtskipper von STEMA sind f\u00fcr den anspruchsvollen, gewerblichen Einsatz gemacht.<\/p>\n<h4>Technische Daten<\/h4>\n<table class=\"table\">\n<tbody>\n<tr>\n<th>L\u00e4nge<\/th>\n<td>3010 <small>mm<\/small><\/td>\n<\/tr>\n<tr>\n<th>Breite<\/th>\n<td>1530 <small>mm<\/small><\/td>\n<\/tr>\n<tr>\n<th>H\u00f6he<\/th>\n<td>350 <small>mm<\/small><\/td>\n<\/tr>\n<tr>\n<th>Achsen<\/th>\n<td>1 <small><\/small><\/td>\n<\/tr>\n<tr>\n<th>Gesamtgewich<\/th>\n<td>2700 <small>kg<\/small><\/td>\n<\/tr>\n<tr>\n<th>Nutzlast<\/th>\n<td>1979 <small>kg<\/small><\/td>\n<\/tr>\n<tr>\n<th>R\u00e4der<\/th>\n<td>165 R13 C<small><\/small><\/td>\n<\/tr>\n<\/tbody>\n<\/table>\n","protected":false},"featured_media":0,"comment_status":"open","ping_status":"closed","template":"","meta":{"_acf_changed":false},"product_brand":[],"product_cat":[29,244],"product_tag":[],"class_list":{"0":"post-2775","1":"product","2":"type-product","3":"status-publish","5":"product_cat-kipper-anhaenger","6":"product_cat-rueckwaertskipper","8":"first","9":"instock","10":"featured","11":"shipping-taxable","12":"purchasable","13":"product-type-simple"},"acf":[],"yoast_head":"<!-- This site is optimized with the Yoast SEO plugin v27.4 - https:\/\/yoast.com\/product\/yoast-seo-wordpress\/ -->\n<title>Daltec Stema KA 2700 ROCKO, 3010x1530x350 mm, 2700 Kg - Daltec<\/title>\n<meta name=\"robots\" content=\"index, follow, max-snippet:-1, max-image-preview:large, max-video-preview:-1\" \/>\n<link rel=\"canonical\" href=\"https:\/\/daltec.ch\/de\/product\/stema-ka-2700-rocko\/\" \/>\n<meta property=\"og:locale\" content=\"de_DE\" \/>\n<meta property=\"og:type\" content=\"article\" \/>\n<meta property=\"og:title\" content=\"Daltec Stema KA 2700 ROCKO, 3010x1530x350 mm, 2700 Kg - Daltec\" \/>\n<meta property=\"og:description\" content=\"Die kompakten R\u00fcckw\u00e4rtskipper von STEMA sind f\u00fcr den anspruchsvollen, gewerblichen Einsatz gemacht. Technische Daten    L\u00e4nge 3010 mm   Breite 1530 mm   H\u00f6he 350 mm   Achsen 1    Gesamtgewich 2700 kg   Nutzlast 1979 kg   R\u00e4der 165 R13 C\" \/>\n<meta property=\"og:url\" content=\"https:\/\/daltec.ch\/de\/product\/stema-ka-2700-rocko\/\" \/>\n<meta property=\"og:site_name\" content=\"Daltec\" \/>\n<meta property=\"article:publisher\" content=\"https:\/\/www.facebook.com\/DaltecAG\" \/>\n<meta property=\"article:modified_time\" content=\"2025-07-28T08:56:35+00:00\" \/>\n<meta name=\"twitter:card\" content=\"summary_large_image\" \/>\n<meta name=\"twitter:label1\" content=\"Gesch\u00e4tzte Lesezeit\" \/>\n\t<meta name=\"twitter:data1\" content=\"1\u00a0Minute\" \/>\n<script type=\"application\/ld+json\" class=\"yoast-schema-graph\">{\"@context\":\"https:\\\/\\\/schema.org\",\"@graph\":[{\"@type\":\"WebPage\",\"@id\":\"https:\\\/\\\/daltec.ch\\\/product\\\/stema-ka-2700-rocko\",\"url\":\"https:\\\/\\\/daltec.ch\\\/product\\\/stema-ka-2700-rocko\",\"name\":\"Daltec Stema KA 2700 ROCKO, 3010x1530x350 mm, 2700 Kg - Daltec\",\"isPartOf\":{\"@id\":\"https:\\\/\\\/daltec.ch\\\/fr\\\/#website\"},\"datePublished\":\"2025-05-18T14:14:05+00:00\",\"dateModified\":\"2025-07-28T08:56:35+00:00\",\"breadcrumb\":{\"@id\":\"https:\\\/\\\/daltec.ch\\\/product\\\/stema-ka-2700-rocko#breadcrumb\"},\"inLanguage\":\"de-CH\",\"potentialAction\":[{\"@type\":\"ReadAction\",\"target\":[\"https:\\\/\\\/daltec.ch\\\/product\\\/stema-ka-2700-rocko\"]}]},{\"@type\":\"BreadcrumbList\",\"@id\":\"https:\\\/\\\/daltec.ch\\\/product\\\/stema-ka-2700-rocko#breadcrumb\",\"itemListElement\":[{\"@type\":\"ListItem\",\"position\":1,\"name\":\"Startseite\",\"item\":\"https:\\\/\\\/daltec.ch\\\/\"},{\"@type\":\"ListItem\",\"position\":2,\"name\":\"anhaenger\",\"item\":\"https:\\\/\\\/daltec.ch\\\/anhaenger\"},{\"@type\":\"ListItem\",\"position\":3,\"name\":\"Daltec Stema KA 2700 ROCKO, 3010x1530x350 mm, 2700 Kg\"}]},{\"@type\":\"WebSite\",\"@id\":\"https:\\\/\\\/daltec.ch\\\/fr\\\/#website\",\"url\":\"https:\\\/\\\/daltec.ch\\\/fr\\\/\",\"name\":\"Daltec Trailers\",\"description\":\"\",\"publisher\":{\"@id\":\"https:\\\/\\\/daltec.ch\\\/fr\\\/#organization\"},\"potentialAction\":[{\"@type\":\"SearchAction\",\"target\":{\"@type\":\"EntryPoint\",\"urlTemplate\":\"https:\\\/\\\/daltec.ch\\\/fr\\\/?s={search_term_string}\"},\"query-input\":{\"@type\":\"PropertyValueSpecification\",\"valueRequired\":true,\"valueName\":\"search_term_string\"}}],\"inLanguage\":\"de-CH\"},{\"@type\":\"Organization\",\"@id\":\"https:\\\/\\\/daltec.ch\\\/fr\\\/#organization\",\"name\":\"Daltec AG\",\"url\":\"https:\\\/\\\/daltec.ch\\\/fr\\\/\",\"logo\":{\"@type\":\"ImageObject\",\"inLanguage\":\"de-CH\",\"@id\":\"https:\\\/\\\/daltec.ch\\\/fr\\\/#\\\/schema\\\/logo\\\/image\\\/\",\"url\":\"https:\\\/\\\/daltec.ch\\\/wp-content\\\/uploads\\\/2025\\\/08\\\/dlteclogo.webp\",\"contentUrl\":\"https:\\\/\\\/daltec.ch\\\/wp-content\\\/uploads\\\/2025\\\/08\\\/dlteclogo.webp\",\"width\":500,\"height\":195,\"caption\":\"Daltec AG\"},\"image\":{\"@id\":\"https:\\\/\\\/daltec.ch\\\/fr\\\/#\\\/schema\\\/logo\\\/image\\\/\"},\"sameAs\":[\"https:\\\/\\\/www.facebook.com\\\/DaltecAG\"]}]}<\/script>\n<!-- \/ Yoast SEO plugin. -->","yoast_head_json":{"title":"Daltec Stema KA 2700 ROCKO, 3010x1530x350 mm, 2700 Kg - Daltec","robots":{"index":"index","follow":"follow","max-snippet":"max-snippet:-1","max-image-preview":"max-image-preview:large","max-video-preview":"max-video-preview:-1"},"canonical":"https:\/\/daltec.ch\/de\/product\/stema-ka-2700-rocko\/","og_locale":"de_DE","og_type":"article","og_title":"Daltec Stema KA 2700 ROCKO, 3010x1530x350 mm, 2700 Kg - Daltec","og_description":"Die kompakten R\u00fcckw\u00e4rtskipper von STEMA sind f\u00fcr den anspruchsvollen, gewerblichen Einsatz gemacht. Technische Daten    L\u00e4nge 3010 mm   Breite 1530 mm   H\u00f6he 350 mm   Achsen 1    Gesamtgewich 2700 kg   Nutzlast 1979 kg   R\u00e4der 165 R13 C","og_url":"https:\/\/daltec.ch\/de\/product\/stema-ka-2700-rocko\/","og_site_name":"Daltec","article_publisher":"https:\/\/www.facebook.com\/DaltecAG","article_modified_time":"2025-07-28T08:56:35+00:00","twitter_card":"summary_large_image","twitter_misc":{"Gesch\u00e4tzte Lesezeit":"1\u00a0Minute"},"schema":{"@context":"https:\/\/schema.org","@graph":[{"@type":"WebPage","@id":"https:\/\/daltec.ch\/product\/stema-ka-2700-rocko","url":"https:\/\/daltec.ch\/product\/stema-ka-2700-rocko","name":"Daltec Stema KA 2700 ROCKO, 3010x1530x350 mm, 2700 Kg - Daltec","isPartOf":{"@id":"https:\/\/daltec.ch\/fr\/#website"},"datePublished":"2025-05-18T14:14:05+00:00","dateModified":"2025-07-28T08:56:35+00:00","breadcrumb":{"@id":"https:\/\/daltec.ch\/product\/stema-ka-2700-rocko#breadcrumb"},"inLanguage":"de-CH","potentialAction":[{"@type":"ReadAction","target":["https:\/\/daltec.ch\/product\/stema-ka-2700-rocko"]}]},{"@type":"BreadcrumbList","@id":"https:\/\/daltec.ch\/product\/stema-ka-2700-rocko#breadcrumb","itemListElement":[{"@type":"ListItem","position":1,"name":"Startseite","item":"https:\/\/daltec.ch\/"},{"@type":"ListItem","position":2,"name":"anhaenger","item":"https:\/\/daltec.ch\/anhaenger"},{"@type":"ListItem","position":3,"name":"Daltec Stema KA 2700 ROCKO, 3010x1530x350 mm, 2700 Kg"}]},{"@type":"WebSite","@id":"https:\/\/daltec.ch\/fr\/#website","url":"https:\/\/daltec.ch\/fr\/","name":"Daltec Trailers","description":"","publisher":{"@id":"https:\/\/daltec.ch\/fr\/#organization"},"potentialAction":[{"@type":"SearchAction","target":{"@type":"EntryPoint","urlTemplate":"https:\/\/daltec.ch\/fr\/?s={search_term_string}"},"query-input":{"@type":"PropertyValueSpecification","valueRequired":true,"valueName":"search_term_string"}}],"inLanguage":"de-CH"},{"@type":"Organization","@id":"https:\/\/daltec.ch\/fr\/#organization","name":"Daltec AG","url":"https:\/\/daltec.ch\/fr\/","logo":{"@type":"ImageObject","inLanguage":"de-CH","@id":"https:\/\/daltec.ch\/fr\/#\/schema\/logo\/image\/","url":"https:\/\/daltec.ch\/wp-content\/uploads\/2025\/08\/dlteclogo.webp","contentUrl":"https:\/\/daltec.ch\/wp-content\/uploads\/2025\/08\/dlteclogo.webp","width":500,"height":195,"caption":"Daltec AG"},"image":{"@id":"https:\/\/daltec.ch\/fr\/#\/schema\/logo\/image\/"},"sameAs":["https:\/\/www.facebook.com\/DaltecAG"]}]}},"_links":{"self":[{"href":"https:\/\/daltec.ch\/de\/wp-json\/wp\/v2\/product\/2775","targetHints":{"allow":["GET"]}}],"collection":[{"href":"https:\/\/daltec.ch\/de\/wp-json\/wp\/v2\/product"}],"about":[{"href":"https:\/\/daltec.ch\/de\/wp-json\/wp\/v2\/types\/product"}],"replies":[{"embeddable":true,"href":"https:\/\/daltec.ch\/de\/wp-json\/wp\/v2\/comments?post=2775"}],"wp:attachment":[{"href":"https:\/\/daltec.ch\/de\/wp-json\/wp\/v2\/media?parent=2775"}],"wp:term":[{"taxonomy":"product_brand","embeddable":true,"href":"https:\/\/daltec.ch\/de\/wp-json\/wp\/v2\/product_brand?post=2775"},{"taxonomy":"product_cat","embeddable":true,"href":"https:\/\/daltec.ch\/de\/wp-json\/wp\/v2\/product_cat?post=2775"},{"taxonomy":"product_tag","embeddable":true,"href":"https:\/\/daltec.ch\/de\/wp-json\/wp\/v2\/product_tag?post=2775"}],"curies":[{"name":"wp","href":"https:\/\/api.w.org\/{rel}","templated":true}]}}