{"id":2818,"date":"2025-06-02T18:40:41","date_gmt":"2025-06-02T18:40:41","guid":{"rendered":"https:\/\/daltec.ch\/?post_type=product&#038;p=2818"},"modified":"2025-06-17T12:29:29","modified_gmt":"2025-06-17T12:29:29","slug":"bike-shuttle","status":"publish","type":"product","link":"https:\/\/daltec.ch\/de\/product\/bike-shuttle","title":{"rendered":"Daltec Bike Shuttle, 3000x1500x1800 mm, 750 Kg"},"content":{"rendered":"<div class=\"wpb-content-wrapper\"><div class=\"vc_row wpb_row row top-row\"><div class=\"vc_column_container col-md-12\"><div class=\"wpb_wrapper vc_column-inner\">\n\t<div class=\"wpb_text_column wpb_content_element\" >\n\t\t<div class=\"wpb_wrapper\">\n\t\t\t\n\t\t<\/div>\n\t<\/div>\n<\/div><\/div><\/div>\n<\/div>","protected":false},"excerpt":{"rendered":"<h5><em><span style=\"color: #ff6600;\">Preis: Siehe Preisliste auf Startseite<\/span><\/em><\/h5>\n<p class=\"product-short-desc\">Ideal f\u00fcr Bike Track Days!<\/p>\n<p>Transportieren Sie Ihr Motorrad zur Piste und schlafen Sie gleich vor Ort.<\/p>\n<p><label><strong>Serienausstattung:<\/strong><\/label><\/p>\n<p>Fahrgestell: Grundrahmen feuerverzinkt, verschweisst und verschraubt V-Anh\u00e4ngervorrichtung verzinkt Kugelkupplung Abreissleine St\u00fctzrad Achsen: 1x Achse AL-KO \/ KNOTT Handbremse R\u00fcckfahrautomatik Aufbau: Heckrampe oder Kombi-T\u00fcre Halterungen und Verzurrsystem f\u00fcr 1 bis 2 Motorr\u00e4der 2 Seitenfenster mit Sicht und Insektenschutz 1 Dach\u00f6ffnung Innenausstattung: 2x Schlafliegen mit Stauf\u00e4cher Stauf\u00e4cher Oben Klapptisch Elektroanlage mit Sicherungskasten und Sicherung Beleuchtungsanlage: 12 V, Nach Normen der StVO 13 Pol-Stecker<\/p>\n<h4>Technische Daten:<\/h4>\n<table class=\"table\">\n<tbody>\n<tr>\n<th>L\u00e4nge<\/th>\n<td>3000 <small>mm<\/small><\/td>\n<\/tr>\n<tr>\n<th>Breite<\/th>\n<td>1500 <small>mm<\/small><\/td>\n<\/tr>\n<tr>\n<th>H\u00f6he<\/th>\n<td>1800 <small>mm<\/small><\/td>\n<\/tr>\n<tr>\n<th>Achsen<\/th>\n<td>1<\/td>\n<\/tr>\n<tr>\n<th>Gesamtgewicht<\/th>\n<td>750 <small>kg<\/small><\/td>\n<\/tr>\n<tr>\n<th>Nutzlast<\/th>\n<td>250 <small>kg<\/small><\/td>\n<\/tr>\n<tr>\n<th>R\u00e4der<\/th>\n<td>165\/70 R13<small><\/small><\/td>\n<\/tr>\n<\/tbody>\n<\/table>\n<p>&nbsp;<\/p>\n","protected":false},"featured_media":2854,"comment_status":"open","ping_status":"closed","template":"","meta":{"_acf_changed":false},"product_brand":[],"product_cat":[229,22],"product_tag":[],"class_list":{"0":"post-2818","1":"product","2":"type-product","3":"status-publish","4":"has-post-thumbnail","6":"product_cat-motorradtransportanhaenger-koffer-geschlossen","7":"product_cat-sportgeraete-transportanhaenger","9":"first","10":"instock","11":"featured","12":"shipping-taxable","13":"purchasable","14":"product-type-simple"},"acf":[],"yoast_head":"<!-- This site is optimized with the Yoast SEO plugin v27.2 - https:\/\/yoast.com\/product\/yoast-seo-wordpress\/ -->\n<title>Daltec Bike Shuttle, 3000x1500x1800 mm, 750 Kg - Daltec<\/title>\n<meta name=\"robots\" content=\"index, follow, max-snippet:-1, max-image-preview:large, max-video-preview:-1\" \/>\n<link rel=\"canonical\" href=\"https:\/\/daltec.ch\/de\/product\/bike-shuttle\/\" \/>\n<meta property=\"og:locale\" content=\"de_DE\" \/>\n<meta property=\"og:type\" content=\"article\" \/>\n<meta property=\"og:title\" content=\"Daltec Bike Shuttle, 3000x1500x1800 mm, 750 Kg - Daltec\" \/>\n<meta property=\"og:description\" content=\"Preis: Siehe Preisliste auf Startseite Ideal f\u00fcr Bike Track Days! Transportieren Sie Ihr Motorrad zur Piste und schlafen Sie gleich vor Ort.  Serienausstattung:  Fahrgestell: Grundrahmen feuerverzinkt, verschweisst und verschraubt V-Anh\u00e4ngervorrichtung verzinkt Kugelkupplung Abreissleine St\u00fctzrad Achsen: 1x Achse AL-KO \/ KNOTT Handbremse R\u00fcckfahrautomatik Aufbau: Heckrampe oder Kombi-T\u00fcre Halterungen und Verzurrsystem f\u00fcr 1 bis 2 Motorr\u00e4der 2 Seitenfenster mit Sicht und Insektenschutz 1 Dach\u00f6ffnung Innenausstattung: 2x Schlafliegen mit Stauf\u00e4cher Stauf\u00e4cher Oben Klapptisch Elektroanlage mit Sicherungskasten und Sicherung Beleuchtungsanlage: 12 V, Nach Normen der StVO 13 Pol-Stecker Technische Daten:    L\u00e4nge 3000 mm   Breite 1500 mm   H\u00f6he 1800 mm   Achsen 1   Gesamtgewicht 750 kg   Nutzlast 250 kg   R\u00e4der 165\/70 R13    &nbsp;\" \/>\n<meta property=\"og:url\" content=\"https:\/\/daltec.ch\/de\/product\/bike-shuttle\/\" \/>\n<meta property=\"og:site_name\" content=\"Daltec\" \/>\n<meta property=\"article:publisher\" content=\"https:\/\/www.facebook.com\/DaltecAG\" \/>\n<meta property=\"article:modified_time\" content=\"2025-06-17T12:29:29+00:00\" \/>\n<meta property=\"og:image\" content=\"https:\/\/daltec.ch\/wp-content\/uploads\/2025\/06\/bike_shuttle_4-1.png\" \/>\n\t<meta property=\"og:image:width\" content=\"1034\" \/>\n\t<meta property=\"og:image:height\" content=\"1034\" \/>\n\t<meta property=\"og:image:type\" content=\"image\/png\" \/>\n<meta name=\"twitter:card\" content=\"summary_large_image\" \/>\n<script type=\"application\/ld+json\" class=\"yoast-schema-graph\">{\"@context\":\"https:\/\/schema.org\",\"@graph\":[{\"@type\":\"WebPage\",\"@id\":\"https:\/\/daltec.ch\/product\/bike-shuttle\",\"url\":\"https:\/\/daltec.ch\/product\/bike-shuttle\",\"name\":\"Daltec Bike Shuttle, 3000x1500x1800 mm, 750 Kg - Daltec\",\"isPartOf\":{\"@id\":\"https:\/\/daltec.ch\/fr\/#website\"},\"primaryImageOfPage\":{\"@id\":\"https:\/\/daltec.ch\/product\/bike-shuttle#primaryimage\"},\"image\":{\"@id\":\"https:\/\/daltec.ch\/product\/bike-shuttle#primaryimage\"},\"thumbnailUrl\":\"https:\/\/daltec.ch\/wp-content\/uploads\/2025\/06\/bike_shuttle_4-1.png\",\"datePublished\":\"2025-06-02T18:40:41+00:00\",\"dateModified\":\"2025-06-17T12:29:29+00:00\",\"breadcrumb\":{\"@id\":\"https:\/\/daltec.ch\/product\/bike-shuttle#breadcrumb\"},\"inLanguage\":\"de-CH\",\"potentialAction\":[{\"@type\":\"ReadAction\",\"target\":[\"https:\/\/daltec.ch\/product\/bike-shuttle\"]}]},{\"@type\":\"ImageObject\",\"inLanguage\":\"de-CH\",\"@id\":\"https:\/\/daltec.ch\/product\/bike-shuttle#primaryimage\",\"url\":\"https:\/\/daltec.ch\/wp-content\/uploads\/2025\/06\/bike_shuttle_4-1.png\",\"contentUrl\":\"https:\/\/daltec.ch\/wp-content\/uploads\/2025\/06\/bike_shuttle_4-1.png\",\"width\":1034,\"height\":1034},{\"@type\":\"BreadcrumbList\",\"@id\":\"https:\/\/daltec.ch\/product\/bike-shuttle#breadcrumb\",\"itemListElement\":[{\"@type\":\"ListItem\",\"position\":1,\"name\":\"Startseite\",\"item\":\"https:\/\/daltec.ch\/\"},{\"@type\":\"ListItem\",\"position\":2,\"name\":\"anhaenger\",\"item\":\"https:\/\/daltec.ch\/anhaenger\"},{\"@type\":\"ListItem\",\"position\":3,\"name\":\"Daltec Bike Shuttle, 3000x1500x1800 mm, 750 Kg\"}]},{\"@type\":\"WebSite\",\"@id\":\"https:\/\/daltec.ch\/fr\/#website\",\"url\":\"https:\/\/daltec.ch\/fr\/\",\"name\":\"Daltec Trailers\",\"description\":\"\",\"publisher\":{\"@id\":\"https:\/\/daltec.ch\/fr\/#organization\"},\"potentialAction\":[{\"@type\":\"SearchAction\",\"target\":{\"@type\":\"EntryPoint\",\"urlTemplate\":\"https:\/\/daltec.ch\/fr\/?s={search_term_string}\"},\"query-input\":{\"@type\":\"PropertyValueSpecification\",\"valueRequired\":true,\"valueName\":\"search_term_string\"}}],\"inLanguage\":\"de-CH\"},{\"@type\":\"Organization\",\"@id\":\"https:\/\/daltec.ch\/fr\/#organization\",\"name\":\"Daltec AG\",\"url\":\"https:\/\/daltec.ch\/fr\/\",\"logo\":{\"@type\":\"ImageObject\",\"inLanguage\":\"de-CH\",\"@id\":\"https:\/\/daltec.ch\/fr\/#\/schema\/logo\/image\/\",\"url\":\"https:\/\/daltec.ch\/wp-content\/uploads\/2025\/08\/dlteclogo.webp\",\"contentUrl\":\"https:\/\/daltec.ch\/wp-content\/uploads\/2025\/08\/dlteclogo.webp\",\"width\":500,\"height\":195,\"caption\":\"Daltec AG\"},\"image\":{\"@id\":\"https:\/\/daltec.ch\/fr\/#\/schema\/logo\/image\/\"},\"sameAs\":[\"https:\/\/www.facebook.com\/DaltecAG\"]}]}<\/script>\n<!-- \/ Yoast SEO plugin. -->","yoast_head_json":{"title":"Daltec Bike Shuttle, 3000x1500x1800 mm, 750 Kg - Daltec","robots":{"index":"index","follow":"follow","max-snippet":"max-snippet:-1","max-image-preview":"max-image-preview:large","max-video-preview":"max-video-preview:-1"},"canonical":"https:\/\/daltec.ch\/de\/product\/bike-shuttle\/","og_locale":"de_DE","og_type":"article","og_title":"Daltec Bike Shuttle, 3000x1500x1800 mm, 750 Kg - Daltec","og_description":"Preis: Siehe Preisliste auf Startseite Ideal f\u00fcr Bike Track Days! Transportieren Sie Ihr Motorrad zur Piste und schlafen Sie gleich vor Ort.  Serienausstattung:  Fahrgestell: Grundrahmen feuerverzinkt, verschweisst und verschraubt V-Anh\u00e4ngervorrichtung verzinkt Kugelkupplung Abreissleine St\u00fctzrad Achsen: 1x Achse AL-KO \/ KNOTT Handbremse R\u00fcckfahrautomatik Aufbau: Heckrampe oder Kombi-T\u00fcre Halterungen und Verzurrsystem f\u00fcr 1 bis 2 Motorr\u00e4der 2 Seitenfenster mit Sicht und Insektenschutz 1 Dach\u00f6ffnung Innenausstattung: 2x Schlafliegen mit Stauf\u00e4cher Stauf\u00e4cher Oben Klapptisch Elektroanlage mit Sicherungskasten und Sicherung Beleuchtungsanlage: 12 V, Nach Normen der StVO 13 Pol-Stecker Technische Daten:    L\u00e4nge 3000 mm   Breite 1500 mm   H\u00f6he 1800 mm   Achsen 1   Gesamtgewicht 750 kg   Nutzlast 250 kg   R\u00e4der 165\/70 R13    &nbsp;","og_url":"https:\/\/daltec.ch\/de\/product\/bike-shuttle\/","og_site_name":"Daltec","article_publisher":"https:\/\/www.facebook.com\/DaltecAG","article_modified_time":"2025-06-17T12:29:29+00:00","og_image":[{"width":1034,"height":1034,"url":"https:\/\/daltec.ch\/wp-content\/uploads\/2025\/06\/bike_shuttle_4-1.png","type":"image\/png"}],"twitter_card":"summary_large_image","schema":{"@context":"https:\/\/schema.org","@graph":[{"@type":"WebPage","@id":"https:\/\/daltec.ch\/product\/bike-shuttle","url":"https:\/\/daltec.ch\/product\/bike-shuttle","name":"Daltec Bike Shuttle, 3000x1500x1800 mm, 750 Kg - Daltec","isPartOf":{"@id":"https:\/\/daltec.ch\/fr\/#website"},"primaryImageOfPage":{"@id":"https:\/\/daltec.ch\/product\/bike-shuttle#primaryimage"},"image":{"@id":"https:\/\/daltec.ch\/product\/bike-shuttle#primaryimage"},"thumbnailUrl":"https:\/\/daltec.ch\/wp-content\/uploads\/2025\/06\/bike_shuttle_4-1.png","datePublished":"2025-06-02T18:40:41+00:00","dateModified":"2025-06-17T12:29:29+00:00","breadcrumb":{"@id":"https:\/\/daltec.ch\/product\/bike-shuttle#breadcrumb"},"inLanguage":"de-CH","potentialAction":[{"@type":"ReadAction","target":["https:\/\/daltec.ch\/product\/bike-shuttle"]}]},{"@type":"ImageObject","inLanguage":"de-CH","@id":"https:\/\/daltec.ch\/product\/bike-shuttle#primaryimage","url":"https:\/\/daltec.ch\/wp-content\/uploads\/2025\/06\/bike_shuttle_4-1.png","contentUrl":"https:\/\/daltec.ch\/wp-content\/uploads\/2025\/06\/bike_shuttle_4-1.png","width":1034,"height":1034},{"@type":"BreadcrumbList","@id":"https:\/\/daltec.ch\/product\/bike-shuttle#breadcrumb","itemListElement":[{"@type":"ListItem","position":1,"name":"Startseite","item":"https:\/\/daltec.ch\/"},{"@type":"ListItem","position":2,"name":"anhaenger","item":"https:\/\/daltec.ch\/anhaenger"},{"@type":"ListItem","position":3,"name":"Daltec Bike Shuttle, 3000x1500x1800 mm, 750 Kg"}]},{"@type":"WebSite","@id":"https:\/\/daltec.ch\/fr\/#website","url":"https:\/\/daltec.ch\/fr\/","name":"Daltec Trailers","description":"","publisher":{"@id":"https:\/\/daltec.ch\/fr\/#organization"},"potentialAction":[{"@type":"SearchAction","target":{"@type":"EntryPoint","urlTemplate":"https:\/\/daltec.ch\/fr\/?s={search_term_string}"},"query-input":{"@type":"PropertyValueSpecification","valueRequired":true,"valueName":"search_term_string"}}],"inLanguage":"de-CH"},{"@type":"Organization","@id":"https:\/\/daltec.ch\/fr\/#organization","name":"Daltec AG","url":"https:\/\/daltec.ch\/fr\/","logo":{"@type":"ImageObject","inLanguage":"de-CH","@id":"https:\/\/daltec.ch\/fr\/#\/schema\/logo\/image\/","url":"https:\/\/daltec.ch\/wp-content\/uploads\/2025\/08\/dlteclogo.webp","contentUrl":"https:\/\/daltec.ch\/wp-content\/uploads\/2025\/08\/dlteclogo.webp","width":500,"height":195,"caption":"Daltec AG"},"image":{"@id":"https:\/\/daltec.ch\/fr\/#\/schema\/logo\/image\/"},"sameAs":["https:\/\/www.facebook.com\/DaltecAG"]}]}},"_links":{"self":[{"href":"https:\/\/daltec.ch\/de\/wp-json\/wp\/v2\/product\/2818","targetHints":{"allow":["GET"]}}],"collection":[{"href":"https:\/\/daltec.ch\/de\/wp-json\/wp\/v2\/product"}],"about":[{"href":"https:\/\/daltec.ch\/de\/wp-json\/wp\/v2\/types\/product"}],"replies":[{"embeddable":true,"href":"https:\/\/daltec.ch\/de\/wp-json\/wp\/v2\/comments?post=2818"}],"wp:featuredmedia":[{"embeddable":true,"href":"https:\/\/daltec.ch\/de\/wp-json\/wp\/v2\/media\/2854"}],"wp:attachment":[{"href":"https:\/\/daltec.ch\/de\/wp-json\/wp\/v2\/media?parent=2818"}],"wp:term":[{"taxonomy":"product_brand","embeddable":true,"href":"https:\/\/daltec.ch\/de\/wp-json\/wp\/v2\/product_brand?post=2818"},{"taxonomy":"product_cat","embeddable":true,"href":"https:\/\/daltec.ch\/de\/wp-json\/wp\/v2\/product_cat?post=2818"},{"taxonomy":"product_tag","embeddable":true,"href":"https:\/\/daltec.ch\/de\/wp-json\/wp\/v2\/product_tag?post=2818"}],"curies":[{"name":"wp","href":"https:\/\/api.w.org\/{rel}","templated":true}]}}