{"id":3401,"date":"2025-07-28T14:09:13","date_gmt":"2025-07-28T14:09:13","guid":{"rendered":"https:\/\/daltec.ch\/?post_type=product&#038;p=3401"},"modified":"2025-07-28T14:10:19","modified_gmt":"2025-07-28T14:10:19","slug":"anhaengerzug-schiebeplane-3535to","status":"publish","type":"product","link":"https:\/\/daltec.ch\/de\/product\/anhaengerzug-schiebeplane-3535to","title":{"rendered":"Anh\u00e4ngerzug Schiebeplane 3,5+3,5to"},"content":{"rendered":"<p>M\u00f6chten Sie die Flexibilit\u00e4t Ihrer Transportfirma oder Lieferdienstes erh\u00f6hen, sollten Sie die Aufbauten der Firma Daltec genauer ansehen. Kasten aus Aluminium oder Sandwichplatten, Pritschen, Planen, Kipper, jeweils mit variablen Massen. Zus\u00e4tzlich versehen mit Rollplane, Vorhangsystem, Seitenklappen, Treppen, Auffahrrampen, Hebeb\u00fchne oder Kran machen aus jedem Fahrgestell Ihren optimalen Transporter. Mit dem Daltec Durchladsystem kann das Zugfahrzeug ohne abzuh\u00e4ngen beladen werden. Da unsere Aufbauten Einzelanfertigungen sind, existiert keine entsprechende Preisliste.<\/p>\n<h4>Serienausstattung:<\/h4>\n","protected":false},"excerpt":{"rendered":"<h5><em>Preis auf Anfrage<\/em><\/h5>\n<h4>Technische Daten:<\/h4>\n<table class=\"table\">\n<tbody>\n<tr>\n<th>L\u00e4nge<\/th>\n<td>0 <small>mm<\/small><\/td>\n<\/tr>\n<tr>\n<th>Breite<\/th>\n<td>0<small>mm<\/small><\/td>\n<\/tr>\n<tr>\n<th>H\u00f6he<\/th>\n<td><small>0 mm<\/small><\/td>\n<\/tr>\n<tr>\n<th>Achsen<\/th>\n<td>0<small><\/small><\/td>\n<\/tr>\n<tr>\n<th>Gesamtgewicht<\/th>\n<td>0 <small>kg<\/small><\/td>\n<\/tr>\n<tr>\n<th>Nutzlast<\/th>\n<td>0<small> kg<\/small><\/td>\n<\/tr>\n<tr>\n<th>R\u00e4der<\/th>\n<td><\/td>\n<\/tr>\n<\/tbody>\n<\/table>\n","protected":false},"featured_media":3402,"comment_status":"open","ping_status":"closed","template":"","meta":{"_acf_changed":false},"product_brand":[],"product_cat":[34],"product_tag":[],"class_list":{"0":"post-3401","1":"product","2":"type-product","3":"status-publish","4":"has-post-thumbnail","6":"product_cat-fahrzeugbau-anhaenger","8":"first","9":"instock","10":"featured","11":"shipping-taxable","12":"product-type-simple"},"acf":[],"yoast_head":"<!-- This site is optimized with the Yoast SEO plugin v27.2 - https:\/\/yoast.com\/product\/yoast-seo-wordpress\/ -->\n<title>Anh\u00e4ngerzug Schiebeplane 3,5+3,5to - Daltec<\/title>\n<meta name=\"robots\" content=\"index, follow, max-snippet:-1, max-image-preview:large, max-video-preview:-1\" \/>\n<link rel=\"canonical\" href=\"https:\/\/daltec.ch\/de\/product\/anhaengerzug-schiebeplane-3535to\/\" \/>\n<meta property=\"og:locale\" content=\"de_DE\" \/>\n<meta property=\"og:type\" content=\"article\" \/>\n<meta property=\"og:title\" content=\"Anh\u00e4ngerzug Schiebeplane 3,5+3,5to - Daltec\" \/>\n<meta property=\"og:description\" content=\"Preis auf Anfrage Technische Daten:    L\u00e4nge 0 mm   Breite 0mm   H\u00f6he 0 mm   Achsen 0   Gesamtgewicht 0 kg   Nutzlast 0 kg   R\u00e4der\" \/>\n<meta property=\"og:url\" content=\"https:\/\/daltec.ch\/de\/product\/anhaengerzug-schiebeplane-3535to\/\" \/>\n<meta property=\"og:site_name\" content=\"Daltec\" \/>\n<meta property=\"article:publisher\" content=\"https:\/\/www.facebook.com\/DaltecAG\" \/>\n<meta property=\"article:modified_time\" content=\"2025-07-28T14:10:19+00:00\" \/>\n<meta property=\"og:image\" content=\"https:\/\/daltec.ch\/wp-content\/uploads\/2025\/07\/Anhaengerzug-Schiebeplane-3535to.jpg\" \/>\n\t<meta property=\"og:image:width\" content=\"1600\" \/>\n\t<meta property=\"og:image:height\" content=\"1200\" \/>\n\t<meta property=\"og:image:type\" content=\"image\/jpeg\" \/>\n<meta name=\"twitter:card\" content=\"summary_large_image\" \/>\n<script type=\"application\/ld+json\" class=\"yoast-schema-graph\">{\"@context\":\"https:\/\/schema.org\",\"@graph\":[{\"@type\":\"WebPage\",\"@id\":\"https:\/\/daltec.ch\/product\/anhaengerzug-schiebeplane-3535to\",\"url\":\"https:\/\/daltec.ch\/product\/anhaengerzug-schiebeplane-3535to\",\"name\":\"Anh\u00e4ngerzug Schiebeplane 3,5+3,5to - Daltec\",\"isPartOf\":{\"@id\":\"https:\/\/daltec.ch\/fr\/#website\"},\"primaryImageOfPage\":{\"@id\":\"https:\/\/daltec.ch\/product\/anhaengerzug-schiebeplane-3535to#primaryimage\"},\"image\":{\"@id\":\"https:\/\/daltec.ch\/product\/anhaengerzug-schiebeplane-3535to#primaryimage\"},\"thumbnailUrl\":\"https:\/\/daltec.ch\/wp-content\/uploads\/2025\/07\/Anhaengerzug-Schiebeplane-3535to.jpg\",\"datePublished\":\"2025-07-28T14:09:13+00:00\",\"dateModified\":\"2025-07-28T14:10:19+00:00\",\"breadcrumb\":{\"@id\":\"https:\/\/daltec.ch\/product\/anhaengerzug-schiebeplane-3535to#breadcrumb\"},\"inLanguage\":\"de-CH\",\"potentialAction\":[{\"@type\":\"ReadAction\",\"target\":[\"https:\/\/daltec.ch\/product\/anhaengerzug-schiebeplane-3535to\"]}]},{\"@type\":\"ImageObject\",\"inLanguage\":\"de-CH\",\"@id\":\"https:\/\/daltec.ch\/product\/anhaengerzug-schiebeplane-3535to#primaryimage\",\"url\":\"https:\/\/daltec.ch\/wp-content\/uploads\/2025\/07\/Anhaengerzug-Schiebeplane-3535to.jpg\",\"contentUrl\":\"https:\/\/daltec.ch\/wp-content\/uploads\/2025\/07\/Anhaengerzug-Schiebeplane-3535to.jpg\",\"width\":1600,\"height\":1200},{\"@type\":\"BreadcrumbList\",\"@id\":\"https:\/\/daltec.ch\/product\/anhaengerzug-schiebeplane-3535to#breadcrumb\",\"itemListElement\":[{\"@type\":\"ListItem\",\"position\":1,\"name\":\"Startseite\",\"item\":\"https:\/\/daltec.ch\/\"},{\"@type\":\"ListItem\",\"position\":2,\"name\":\"anhaenger\",\"item\":\"https:\/\/daltec.ch\/anhaenger\"},{\"@type\":\"ListItem\",\"position\":3,\"name\":\"Anh\u00e4ngerzug Schiebeplane 3,5+3,5to\"}]},{\"@type\":\"WebSite\",\"@id\":\"https:\/\/daltec.ch\/fr\/#website\",\"url\":\"https:\/\/daltec.ch\/fr\/\",\"name\":\"Daltec Trailers\",\"description\":\"\",\"publisher\":{\"@id\":\"https:\/\/daltec.ch\/fr\/#organization\"},\"potentialAction\":[{\"@type\":\"SearchAction\",\"target\":{\"@type\":\"EntryPoint\",\"urlTemplate\":\"https:\/\/daltec.ch\/fr\/?s={search_term_string}\"},\"query-input\":{\"@type\":\"PropertyValueSpecification\",\"valueRequired\":true,\"valueName\":\"search_term_string\"}}],\"inLanguage\":\"de-CH\"},{\"@type\":\"Organization\",\"@id\":\"https:\/\/daltec.ch\/fr\/#organization\",\"name\":\"Daltec AG\",\"url\":\"https:\/\/daltec.ch\/fr\/\",\"logo\":{\"@type\":\"ImageObject\",\"inLanguage\":\"de-CH\",\"@id\":\"https:\/\/daltec.ch\/fr\/#\/schema\/logo\/image\/\",\"url\":\"https:\/\/daltec.ch\/wp-content\/uploads\/2025\/08\/dlteclogo.webp\",\"contentUrl\":\"https:\/\/daltec.ch\/wp-content\/uploads\/2025\/08\/dlteclogo.webp\",\"width\":500,\"height\":195,\"caption\":\"Daltec AG\"},\"image\":{\"@id\":\"https:\/\/daltec.ch\/fr\/#\/schema\/logo\/image\/\"},\"sameAs\":[\"https:\/\/www.facebook.com\/DaltecAG\"]}]}<\/script>\n<!-- \/ Yoast SEO plugin. -->","yoast_head_json":{"title":"Anh\u00e4ngerzug Schiebeplane 3,5+3,5to - Daltec","robots":{"index":"index","follow":"follow","max-snippet":"max-snippet:-1","max-image-preview":"max-image-preview:large","max-video-preview":"max-video-preview:-1"},"canonical":"https:\/\/daltec.ch\/de\/product\/anhaengerzug-schiebeplane-3535to\/","og_locale":"de_DE","og_type":"article","og_title":"Anh\u00e4ngerzug Schiebeplane 3,5+3,5to - Daltec","og_description":"Preis auf Anfrage Technische Daten:    L\u00e4nge 0 mm   Breite 0mm   H\u00f6he 0 mm   Achsen 0   Gesamtgewicht 0 kg   Nutzlast 0 kg   R\u00e4der","og_url":"https:\/\/daltec.ch\/de\/product\/anhaengerzug-schiebeplane-3535to\/","og_site_name":"Daltec","article_publisher":"https:\/\/www.facebook.com\/DaltecAG","article_modified_time":"2025-07-28T14:10:19+00:00","og_image":[{"width":1600,"height":1200,"url":"https:\/\/daltec.ch\/wp-content\/uploads\/2025\/07\/Anhaengerzug-Schiebeplane-3535to.jpg","type":"image\/jpeg"}],"twitter_card":"summary_large_image","schema":{"@context":"https:\/\/schema.org","@graph":[{"@type":"WebPage","@id":"https:\/\/daltec.ch\/product\/anhaengerzug-schiebeplane-3535to","url":"https:\/\/daltec.ch\/product\/anhaengerzug-schiebeplane-3535to","name":"Anh\u00e4ngerzug Schiebeplane 3,5+3,5to - Daltec","isPartOf":{"@id":"https:\/\/daltec.ch\/fr\/#website"},"primaryImageOfPage":{"@id":"https:\/\/daltec.ch\/product\/anhaengerzug-schiebeplane-3535to#primaryimage"},"image":{"@id":"https:\/\/daltec.ch\/product\/anhaengerzug-schiebeplane-3535to#primaryimage"},"thumbnailUrl":"https:\/\/daltec.ch\/wp-content\/uploads\/2025\/07\/Anhaengerzug-Schiebeplane-3535to.jpg","datePublished":"2025-07-28T14:09:13+00:00","dateModified":"2025-07-28T14:10:19+00:00","breadcrumb":{"@id":"https:\/\/daltec.ch\/product\/anhaengerzug-schiebeplane-3535to#breadcrumb"},"inLanguage":"de-CH","potentialAction":[{"@type":"ReadAction","target":["https:\/\/daltec.ch\/product\/anhaengerzug-schiebeplane-3535to"]}]},{"@type":"ImageObject","inLanguage":"de-CH","@id":"https:\/\/daltec.ch\/product\/anhaengerzug-schiebeplane-3535to#primaryimage","url":"https:\/\/daltec.ch\/wp-content\/uploads\/2025\/07\/Anhaengerzug-Schiebeplane-3535to.jpg","contentUrl":"https:\/\/daltec.ch\/wp-content\/uploads\/2025\/07\/Anhaengerzug-Schiebeplane-3535to.jpg","width":1600,"height":1200},{"@type":"BreadcrumbList","@id":"https:\/\/daltec.ch\/product\/anhaengerzug-schiebeplane-3535to#breadcrumb","itemListElement":[{"@type":"ListItem","position":1,"name":"Startseite","item":"https:\/\/daltec.ch\/"},{"@type":"ListItem","position":2,"name":"anhaenger","item":"https:\/\/daltec.ch\/anhaenger"},{"@type":"ListItem","position":3,"name":"Anh\u00e4ngerzug Schiebeplane 3,5+3,5to"}]},{"@type":"WebSite","@id":"https:\/\/daltec.ch\/fr\/#website","url":"https:\/\/daltec.ch\/fr\/","name":"Daltec Trailers","description":"","publisher":{"@id":"https:\/\/daltec.ch\/fr\/#organization"},"potentialAction":[{"@type":"SearchAction","target":{"@type":"EntryPoint","urlTemplate":"https:\/\/daltec.ch\/fr\/?s={search_term_string}"},"query-input":{"@type":"PropertyValueSpecification","valueRequired":true,"valueName":"search_term_string"}}],"inLanguage":"de-CH"},{"@type":"Organization","@id":"https:\/\/daltec.ch\/fr\/#organization","name":"Daltec AG","url":"https:\/\/daltec.ch\/fr\/","logo":{"@type":"ImageObject","inLanguage":"de-CH","@id":"https:\/\/daltec.ch\/fr\/#\/schema\/logo\/image\/","url":"https:\/\/daltec.ch\/wp-content\/uploads\/2025\/08\/dlteclogo.webp","contentUrl":"https:\/\/daltec.ch\/wp-content\/uploads\/2025\/08\/dlteclogo.webp","width":500,"height":195,"caption":"Daltec AG"},"image":{"@id":"https:\/\/daltec.ch\/fr\/#\/schema\/logo\/image\/"},"sameAs":["https:\/\/www.facebook.com\/DaltecAG"]}]}},"_links":{"self":[{"href":"https:\/\/daltec.ch\/de\/wp-json\/wp\/v2\/product\/3401","targetHints":{"allow":["GET"]}}],"collection":[{"href":"https:\/\/daltec.ch\/de\/wp-json\/wp\/v2\/product"}],"about":[{"href":"https:\/\/daltec.ch\/de\/wp-json\/wp\/v2\/types\/product"}],"replies":[{"embeddable":true,"href":"https:\/\/daltec.ch\/de\/wp-json\/wp\/v2\/comments?post=3401"}],"wp:featuredmedia":[{"embeddable":true,"href":"https:\/\/daltec.ch\/de\/wp-json\/wp\/v2\/media\/3402"}],"wp:attachment":[{"href":"https:\/\/daltec.ch\/de\/wp-json\/wp\/v2\/media?parent=3401"}],"wp:term":[{"taxonomy":"product_brand","embeddable":true,"href":"https:\/\/daltec.ch\/de\/wp-json\/wp\/v2\/product_brand?post=3401"},{"taxonomy":"product_cat","embeddable":true,"href":"https:\/\/daltec.ch\/de\/wp-json\/wp\/v2\/product_cat?post=3401"},{"taxonomy":"product_tag","embeddable":true,"href":"https:\/\/daltec.ch\/de\/wp-json\/wp\/v2\/product_tag?post=3401"}],"curies":[{"name":"wp","href":"https:\/\/api.w.org\/{rel}","templated":true}]}}