{"id":3473,"date":"2025-08-08T06:06:56","date_gmt":"2025-08-08T06:06:56","guid":{"rendered":"https:\/\/daltec.ch\/?post_type=product&#038;p=3473"},"modified":"2025-11-22T14:22:54","modified_gmt":"2025-11-22T14:22:54","slug":"mobas-6-4-schweizer-produkt","status":"publish","type":"product","link":"https:\/\/daltec.ch\/de\/product\/mobas-6-4-schweizer-produkt","title":{"rendered":"Kofferanh\u00e4nger 28 m3 Mobas 6.4 Schweizer Produkt"},"content":{"rendered":"<p>Kofferanh\u00e4nger 28 m3<\/p>\n<p>K\u00f6nnte als Pferdetransportanh\u00e4nger f\u00fcr 4-5 Pferde umgebaut werden<br \/>\n(+\u00a015\u2018000.-)<\/p>\n<p>Heckrampe und Seitliche Personent\u00fcre<br \/>\nDruckluftbremse mit Luftfederung individuell H\u00f6henverstellbar<br \/>\nInnenmasse 5200x2200x2470 mm<br \/>\nGesamtgewicht 5000 Kg<br \/>\nLeergewicht 2000 Kg<br \/>\nKann auf 3500\/5000\/6400 Kg zugelassen werden<br \/>\nBj 2014<\/p>\n<p>Kann auch auf 3,5 to zugelassen werden. Aber mit Druckluftbremse<\/p>\n<p>Zustand Neuwertig.<br \/>\nNeupreis 50\u2018000.-<br \/>\nVerkaufspreis CHF 18\u2018800.-<br \/>\nVerf\u00fcgbar\u00a0sofort.<\/p>\n<p>&nbsp;<\/p>\n<p>&nbsp;<\/p>\n","protected":false},"excerpt":{"rendered":"<h4>Technische Daten:<\/h4>\n<table class=\"table\">\n<tbody>\n<tr>\n<th>Innenl\u00e4nge<\/th>\n<td>5200 mm<\/td>\n<\/tr>\n<tr>\n<th>Innenbreite<\/th>\n<td><small>\u00a02200 mm<\/small><\/td>\n<\/tr>\n<tr>\n<th>Innenh\u00f6he<\/th>\n<td><small>\u00a02470 mm<\/small><\/td>\n<\/tr>\n<tr>\n<th>Achsen<\/th>\n<td>2<\/td>\n<\/tr>\n<tr>\n<th>Bremsen<\/th>\n<td>ja<\/td>\n<\/tr>\n<tr>\n<th>Gesamtgewicht<\/th>\n<td>6400 Kg<\/td>\n<\/tr>\n<tr>\n<th>Nutzlast<\/th>\n<td>\u00a04400 Kg<\/td>\n<\/tr>\n<tr>\n<th>R\u00e4der<\/th>\n<td><\/td>\n<\/tr>\n<tr>\n<th>Aussenmassen<\/th>\n<td><\/td>\n<\/tr>\n<\/tbody>\n<\/table>\n<h4><\/h4>\n<h4><\/h4>\n","protected":false},"featured_media":3474,"comment_status":"open","ping_status":"closed","template":"","meta":{"_acf_changed":false},"product_brand":[],"product_cat":[37],"product_tag":[],"class_list":{"0":"post-3473","1":"product","2":"type-product","3":"status-publish","4":"has-post-thumbnail","6":"product_cat-occasionen-anhaenger","8":"first","9":"instock","10":"featured","11":"shipping-taxable","12":"purchasable","13":"product-type-simple"},"acf":[],"yoast_head":"<!-- This site is optimized with the Yoast SEO plugin v27.2 - https:\/\/yoast.com\/product\/yoast-seo-wordpress\/ -->\n<title>Kofferanh\u00e4nger 28 m3 Mobas 6.4 Schweizer Produkt - Daltec<\/title>\n<meta name=\"robots\" content=\"index, follow, max-snippet:-1, max-image-preview:large, max-video-preview:-1\" \/>\n<link rel=\"canonical\" href=\"https:\/\/daltec.ch\/de\/product\/mobas-6-4-schweizer-produkt\/\" \/>\n<meta property=\"og:locale\" content=\"de_DE\" \/>\n<meta property=\"og:type\" content=\"article\" \/>\n<meta property=\"og:title\" content=\"Kofferanh\u00e4nger 28 m3 Mobas 6.4 Schweizer Produkt - Daltec\" \/>\n<meta property=\"og:description\" content=\"Technische Daten:    Innenl\u00e4nge 5200 mm   Innenbreite \u00a02200 mm   Innenh\u00f6he \u00a02470 mm   Achsen 2   Bremsen ja   Gesamtgewicht 6400 Kg   Nutzlast \u00a04400 Kg   R\u00e4der    Aussenmassen\" \/>\n<meta property=\"og:url\" content=\"https:\/\/daltec.ch\/de\/product\/mobas-6-4-schweizer-produkt\/\" \/>\n<meta property=\"og:site_name\" content=\"Daltec\" \/>\n<meta property=\"article:publisher\" content=\"https:\/\/www.facebook.com\/DaltecAG\" \/>\n<meta property=\"article:modified_time\" content=\"2025-11-22T14:22:54+00:00\" \/>\n<meta property=\"og:image\" content=\"https:\/\/daltec.ch\/wp-content\/uploads\/2025\/08\/WhatsApp-Bild-2024-11-14-um-07.23.07_d5a14fd6.jpg\" \/>\n\t<meta property=\"og:image:width\" content=\"1600\" \/>\n\t<meta property=\"og:image:height\" content=\"1200\" \/>\n\t<meta property=\"og:image:type\" content=\"image\/jpeg\" \/>\n<meta name=\"twitter:card\" content=\"summary_large_image\" \/>\n<meta name=\"twitter:label1\" content=\"Gesch\u00e4tzte Lesezeit\" \/>\n\t<meta name=\"twitter:data1\" content=\"1\u00a0Minute\" \/>\n<script type=\"application\/ld+json\" class=\"yoast-schema-graph\">{\"@context\":\"https:\/\/schema.org\",\"@graph\":[{\"@type\":\"WebPage\",\"@id\":\"https:\/\/daltec.ch\/product\/mobas-6-4-schweizer-produkt\",\"url\":\"https:\/\/daltec.ch\/product\/mobas-6-4-schweizer-produkt\",\"name\":\"Kofferanh\u00e4nger 28 m3 Mobas 6.4 Schweizer Produkt - Daltec\",\"isPartOf\":{\"@id\":\"https:\/\/daltec.ch\/fr\/#website\"},\"primaryImageOfPage\":{\"@id\":\"https:\/\/daltec.ch\/product\/mobas-6-4-schweizer-produkt#primaryimage\"},\"image\":{\"@id\":\"https:\/\/daltec.ch\/product\/mobas-6-4-schweizer-produkt#primaryimage\"},\"thumbnailUrl\":\"https:\/\/daltec.ch\/wp-content\/uploads\/2025\/08\/WhatsApp-Bild-2024-11-14-um-07.23.07_d5a14fd6.jpg\",\"datePublished\":\"2025-08-08T06:06:56+00:00\",\"dateModified\":\"2025-11-22T14:22:54+00:00\",\"breadcrumb\":{\"@id\":\"https:\/\/daltec.ch\/product\/mobas-6-4-schweizer-produkt#breadcrumb\"},\"inLanguage\":\"de-CH\",\"potentialAction\":[{\"@type\":\"ReadAction\",\"target\":[\"https:\/\/daltec.ch\/product\/mobas-6-4-schweizer-produkt\"]}]},{\"@type\":\"ImageObject\",\"inLanguage\":\"de-CH\",\"@id\":\"https:\/\/daltec.ch\/product\/mobas-6-4-schweizer-produkt#primaryimage\",\"url\":\"https:\/\/daltec.ch\/wp-content\/uploads\/2025\/08\/WhatsApp-Bild-2024-11-14-um-07.23.07_d5a14fd6.jpg\",\"contentUrl\":\"https:\/\/daltec.ch\/wp-content\/uploads\/2025\/08\/WhatsApp-Bild-2024-11-14-um-07.23.07_d5a14fd6.jpg\",\"width\":1600,\"height\":1200},{\"@type\":\"BreadcrumbList\",\"@id\":\"https:\/\/daltec.ch\/product\/mobas-6-4-schweizer-produkt#breadcrumb\",\"itemListElement\":[{\"@type\":\"ListItem\",\"position\":1,\"name\":\"Startseite\",\"item\":\"https:\/\/daltec.ch\/\"},{\"@type\":\"ListItem\",\"position\":2,\"name\":\"anhaenger\",\"item\":\"https:\/\/daltec.ch\/anhaenger\"},{\"@type\":\"ListItem\",\"position\":3,\"name\":\"Kofferanh\u00e4nger 28 m3 Mobas 6.4 Schweizer Produkt\"}]},{\"@type\":\"WebSite\",\"@id\":\"https:\/\/daltec.ch\/fr\/#website\",\"url\":\"https:\/\/daltec.ch\/fr\/\",\"name\":\"Daltec Trailers\",\"description\":\"\",\"publisher\":{\"@id\":\"https:\/\/daltec.ch\/fr\/#organization\"},\"potentialAction\":[{\"@type\":\"SearchAction\",\"target\":{\"@type\":\"EntryPoint\",\"urlTemplate\":\"https:\/\/daltec.ch\/fr\/?s={search_term_string}\"},\"query-input\":{\"@type\":\"PropertyValueSpecification\",\"valueRequired\":true,\"valueName\":\"search_term_string\"}}],\"inLanguage\":\"de-CH\"},{\"@type\":\"Organization\",\"@id\":\"https:\/\/daltec.ch\/fr\/#organization\",\"name\":\"Daltec AG\",\"url\":\"https:\/\/daltec.ch\/fr\/\",\"logo\":{\"@type\":\"ImageObject\",\"inLanguage\":\"de-CH\",\"@id\":\"https:\/\/daltec.ch\/fr\/#\/schema\/logo\/image\/\",\"url\":\"https:\/\/daltec.ch\/wp-content\/uploads\/2025\/08\/dlteclogo.webp\",\"contentUrl\":\"https:\/\/daltec.ch\/wp-content\/uploads\/2025\/08\/dlteclogo.webp\",\"width\":500,\"height\":195,\"caption\":\"Daltec AG\"},\"image\":{\"@id\":\"https:\/\/daltec.ch\/fr\/#\/schema\/logo\/image\/\"},\"sameAs\":[\"https:\/\/www.facebook.com\/DaltecAG\"]}]}<\/script>\n<!-- \/ Yoast SEO plugin. -->","yoast_head_json":{"title":"Kofferanh\u00e4nger 28 m3 Mobas 6.4 Schweizer Produkt - Daltec","robots":{"index":"index","follow":"follow","max-snippet":"max-snippet:-1","max-image-preview":"max-image-preview:large","max-video-preview":"max-video-preview:-1"},"canonical":"https:\/\/daltec.ch\/de\/product\/mobas-6-4-schweizer-produkt\/","og_locale":"de_DE","og_type":"article","og_title":"Kofferanh\u00e4nger 28 m3 Mobas 6.4 Schweizer Produkt - Daltec","og_description":"Technische Daten:    Innenl\u00e4nge 5200 mm   Innenbreite \u00a02200 mm   Innenh\u00f6he \u00a02470 mm   Achsen 2   Bremsen ja   Gesamtgewicht 6400 Kg   Nutzlast \u00a04400 Kg   R\u00e4der    Aussenmassen","og_url":"https:\/\/daltec.ch\/de\/product\/mobas-6-4-schweizer-produkt\/","og_site_name":"Daltec","article_publisher":"https:\/\/www.facebook.com\/DaltecAG","article_modified_time":"2025-11-22T14:22:54+00:00","og_image":[{"width":1600,"height":1200,"url":"https:\/\/daltec.ch\/wp-content\/uploads\/2025\/08\/WhatsApp-Bild-2024-11-14-um-07.23.07_d5a14fd6.jpg","type":"image\/jpeg"}],"twitter_card":"summary_large_image","twitter_misc":{"Gesch\u00e4tzte Lesezeit":"1\u00a0Minute"},"schema":{"@context":"https:\/\/schema.org","@graph":[{"@type":"WebPage","@id":"https:\/\/daltec.ch\/product\/mobas-6-4-schweizer-produkt","url":"https:\/\/daltec.ch\/product\/mobas-6-4-schweizer-produkt","name":"Kofferanh\u00e4nger 28 m3 Mobas 6.4 Schweizer Produkt - Daltec","isPartOf":{"@id":"https:\/\/daltec.ch\/fr\/#website"},"primaryImageOfPage":{"@id":"https:\/\/daltec.ch\/product\/mobas-6-4-schweizer-produkt#primaryimage"},"image":{"@id":"https:\/\/daltec.ch\/product\/mobas-6-4-schweizer-produkt#primaryimage"},"thumbnailUrl":"https:\/\/daltec.ch\/wp-content\/uploads\/2025\/08\/WhatsApp-Bild-2024-11-14-um-07.23.07_d5a14fd6.jpg","datePublished":"2025-08-08T06:06:56+00:00","dateModified":"2025-11-22T14:22:54+00:00","breadcrumb":{"@id":"https:\/\/daltec.ch\/product\/mobas-6-4-schweizer-produkt#breadcrumb"},"inLanguage":"de-CH","potentialAction":[{"@type":"ReadAction","target":["https:\/\/daltec.ch\/product\/mobas-6-4-schweizer-produkt"]}]},{"@type":"ImageObject","inLanguage":"de-CH","@id":"https:\/\/daltec.ch\/product\/mobas-6-4-schweizer-produkt#primaryimage","url":"https:\/\/daltec.ch\/wp-content\/uploads\/2025\/08\/WhatsApp-Bild-2024-11-14-um-07.23.07_d5a14fd6.jpg","contentUrl":"https:\/\/daltec.ch\/wp-content\/uploads\/2025\/08\/WhatsApp-Bild-2024-11-14-um-07.23.07_d5a14fd6.jpg","width":1600,"height":1200},{"@type":"BreadcrumbList","@id":"https:\/\/daltec.ch\/product\/mobas-6-4-schweizer-produkt#breadcrumb","itemListElement":[{"@type":"ListItem","position":1,"name":"Startseite","item":"https:\/\/daltec.ch\/"},{"@type":"ListItem","position":2,"name":"anhaenger","item":"https:\/\/daltec.ch\/anhaenger"},{"@type":"ListItem","position":3,"name":"Kofferanh\u00e4nger 28 m3 Mobas 6.4 Schweizer Produkt"}]},{"@type":"WebSite","@id":"https:\/\/daltec.ch\/fr\/#website","url":"https:\/\/daltec.ch\/fr\/","name":"Daltec Trailers","description":"","publisher":{"@id":"https:\/\/daltec.ch\/fr\/#organization"},"potentialAction":[{"@type":"SearchAction","target":{"@type":"EntryPoint","urlTemplate":"https:\/\/daltec.ch\/fr\/?s={search_term_string}"},"query-input":{"@type":"PropertyValueSpecification","valueRequired":true,"valueName":"search_term_string"}}],"inLanguage":"de-CH"},{"@type":"Organization","@id":"https:\/\/daltec.ch\/fr\/#organization","name":"Daltec AG","url":"https:\/\/daltec.ch\/fr\/","logo":{"@type":"ImageObject","inLanguage":"de-CH","@id":"https:\/\/daltec.ch\/fr\/#\/schema\/logo\/image\/","url":"https:\/\/daltec.ch\/wp-content\/uploads\/2025\/08\/dlteclogo.webp","contentUrl":"https:\/\/daltec.ch\/wp-content\/uploads\/2025\/08\/dlteclogo.webp","width":500,"height":195,"caption":"Daltec AG"},"image":{"@id":"https:\/\/daltec.ch\/fr\/#\/schema\/logo\/image\/"},"sameAs":["https:\/\/www.facebook.com\/DaltecAG"]}]}},"_links":{"self":[{"href":"https:\/\/daltec.ch\/de\/wp-json\/wp\/v2\/product\/3473","targetHints":{"allow":["GET"]}}],"collection":[{"href":"https:\/\/daltec.ch\/de\/wp-json\/wp\/v2\/product"}],"about":[{"href":"https:\/\/daltec.ch\/de\/wp-json\/wp\/v2\/types\/product"}],"replies":[{"embeddable":true,"href":"https:\/\/daltec.ch\/de\/wp-json\/wp\/v2\/comments?post=3473"}],"wp:featuredmedia":[{"embeddable":true,"href":"https:\/\/daltec.ch\/de\/wp-json\/wp\/v2\/media\/3474"}],"wp:attachment":[{"href":"https:\/\/daltec.ch\/de\/wp-json\/wp\/v2\/media?parent=3473"}],"wp:term":[{"taxonomy":"product_brand","embeddable":true,"href":"https:\/\/daltec.ch\/de\/wp-json\/wp\/v2\/product_brand?post=3473"},{"taxonomy":"product_cat","embeddable":true,"href":"https:\/\/daltec.ch\/de\/wp-json\/wp\/v2\/product_cat?post=3473"},{"taxonomy":"product_tag","embeddable":true,"href":"https:\/\/daltec.ch\/de\/wp-json\/wp\/v2\/product_tag?post=3473"}],"curies":[{"name":"wp","href":"https:\/\/api.w.org\/{rel}","templated":true}]}}