{"id":3593,"date":"2025-09-14T15:05:03","date_gmt":"2025-09-14T15:05:03","guid":{"rendered":"https:\/\/daltec.ch\/?post_type=product&#038;p=3593"},"modified":"2025-09-22T18:54:30","modified_gmt":"2025-09-22T18:54:30","slug":"hager-city-trailer-khb-3000","status":"publish","type":"product","link":"https:\/\/daltec.ch\/de\/product\/hager-city-trailer-khb-3000","title":{"rendered":"Hager City Trailer KHB 3500"},"content":{"rendered":"<p>Hydraulische St\u00fctzfuss,\u00a0 Hebeb\u00fchne, \u00fcberfahrblech vorne 600 mm, Beleuchtung in Innenraum<\/p>\n<p>Bj: 12\/2003<\/p>\n<p>MFK: 10\/2021<\/p>\n<p>Gesamtgewicht: 3500 Kg<\/p>\n<p>Nutzlast: 1870 Kg<\/p>\n<p>Leergewicht: 1630 Kg<\/p>\n<p>Innenmasse: 4040 x 2090 x 2300 mm<\/p>\n<p>Aussenmasse: 6100 x 2200 x 3250 mm<\/p>\n<p>&nbsp;<\/p>\n<p>Pied d&#8217;appui hydraulique, plate-forme \u00e9l\u00e9vatrice, t\u00f4le de passage avant 600 mm, \u00e9clairage int\u00e9rieur.<\/p>\n<p>Ann\u00e9e de construction : 12\/2003<\/p>\n<p>Exp.: 10\/2021<\/p>\n<p>Poids total : 3500 kg<\/p>\n<p>Charge utile : 1870 kg<\/p>\n<p>Poids \u00e0 vide : 1630 kg<\/p>\n<p>Dimensions interieures: 4040 x 2090 x 2300 mm<\/p>\n<p>Dimensions exterieures: 6100 x 2200 x 3250 mm<\/p>\n<p>&nbsp;<\/p>\n","protected":false},"excerpt":{"rendered":"<h4>Technische Daten:<\/h4>\n<table class=\"table\">\n<tbody>\n<tr>\n<th>Innenl\u00e4nge<\/th>\n<td>4040<\/td>\n<\/tr>\n<tr>\n<th>Innenbreite<\/th>\n<td>2090<\/td>\n<\/tr>\n<tr>\n<th>Innenh\u00f6he<\/th>\n<td>2300<\/td>\n<\/tr>\n<tr>\n<th>Achsen<\/th>\n<td>2<\/td>\n<\/tr>\n<tr>\n<th>Bremsen<\/th>\n<td><\/td>\n<\/tr>\n<tr>\n<th>Gesamtgewicht<\/th>\n<td>3500 <small>kg<\/small><\/td>\n<\/tr>\n<tr>\n<th>Nutzlast<\/th>\n<td><small>1870 kg<\/small><\/td>\n<\/tr>\n<tr>\n<th>R\u00e4der<\/th>\n<td><\/td>\n<\/tr>\n<tr>\n<th>Aussenmassen<\/th>\n<td><\/td>\n<\/tr>\n<\/tbody>\n<\/table>\n<h4><\/h4>\n<h4><\/h4>\n","protected":false},"featured_media":3594,"comment_status":"open","ping_status":"closed","template":"","meta":{"_acf_changed":false},"product_brand":[],"product_cat":[37],"product_tag":[],"class_list":{"0":"post-3593","1":"product","2":"type-product","3":"status-publish","4":"has-post-thumbnail","6":"product_cat-occasionen-anhaenger","8":"first","9":"instock","10":"featured","11":"shipping-taxable","12":"purchasable","13":"product-type-simple"},"acf":[],"yoast_head":"<!-- This site is optimized with the Yoast SEO plugin v27.2 - https:\/\/yoast.com\/product\/yoast-seo-wordpress\/ -->\n<title>Hager City Trailer KHB 3500 - Daltec<\/title>\n<meta name=\"description\" content=\"Hager City Trailer KHB 3000\" \/>\n<meta name=\"robots\" content=\"index, follow, max-snippet:-1, max-image-preview:large, max-video-preview:-1\" \/>\n<link rel=\"canonical\" href=\"https:\/\/daltec.ch\/de\/product\/hager-city-trailer-khb-3000\/\" \/>\n<meta property=\"og:locale\" content=\"de_DE\" \/>\n<meta property=\"og:type\" content=\"article\" \/>\n<meta property=\"og:title\" content=\"Hager City Trailer KHB 3500 - Daltec\" \/>\n<meta property=\"og:description\" content=\"Hager City Trailer KHB 3000\" \/>\n<meta property=\"og:url\" content=\"https:\/\/daltec.ch\/de\/product\/hager-city-trailer-khb-3000\/\" \/>\n<meta property=\"og:site_name\" content=\"Daltec\" \/>\n<meta property=\"article:publisher\" content=\"https:\/\/www.facebook.com\/DaltecAG\" \/>\n<meta property=\"article:modified_time\" content=\"2025-09-22T18:54:30+00:00\" \/>\n<meta property=\"og:image\" content=\"https:\/\/daltec.ch\/wp-content\/uploads\/2025\/09\/WhatsApp-Bild-2025-09-12-um-11.26.26_4983e97a.jpg\" \/>\n\t<meta property=\"og:image:width\" content=\"1536\" \/>\n\t<meta property=\"og:image:height\" content=\"2048\" \/>\n\t<meta property=\"og:image:type\" content=\"image\/jpeg\" \/>\n<meta name=\"twitter:card\" content=\"summary_large_image\" \/>\n<meta name=\"twitter:label1\" content=\"Gesch\u00e4tzte Lesezeit\" \/>\n\t<meta name=\"twitter:data1\" content=\"1\u00a0Minute\" \/>\n<script type=\"application\/ld+json\" class=\"yoast-schema-graph\">{\"@context\":\"https:\/\/schema.org\",\"@graph\":[{\"@type\":\"WebPage\",\"@id\":\"https:\/\/daltec.ch\/product\/hager-city-trailer-khb-3000\",\"url\":\"https:\/\/daltec.ch\/product\/hager-city-trailer-khb-3000\",\"name\":\"Hager City Trailer KHB 3500 - Daltec\",\"isPartOf\":{\"@id\":\"https:\/\/daltec.ch\/fr\/#website\"},\"primaryImageOfPage\":{\"@id\":\"https:\/\/daltec.ch\/product\/hager-city-trailer-khb-3000#primaryimage\"},\"image\":{\"@id\":\"https:\/\/daltec.ch\/product\/hager-city-trailer-khb-3000#primaryimage\"},\"thumbnailUrl\":\"https:\/\/daltec.ch\/wp-content\/uploads\/2025\/09\/WhatsApp-Bild-2025-09-12-um-11.26.26_4983e97a.jpg\",\"datePublished\":\"2025-09-14T15:05:03+00:00\",\"dateModified\":\"2025-09-22T18:54:30+00:00\",\"description\":\"Hager City Trailer KHB 3000\",\"breadcrumb\":{\"@id\":\"https:\/\/daltec.ch\/product\/hager-city-trailer-khb-3000#breadcrumb\"},\"inLanguage\":\"de-CH\",\"potentialAction\":[{\"@type\":\"ReadAction\",\"target\":[\"https:\/\/daltec.ch\/product\/hager-city-trailer-khb-3000\"]}]},{\"@type\":\"ImageObject\",\"inLanguage\":\"de-CH\",\"@id\":\"https:\/\/daltec.ch\/product\/hager-city-trailer-khb-3000#primaryimage\",\"url\":\"https:\/\/daltec.ch\/wp-content\/uploads\/2025\/09\/WhatsApp-Bild-2025-09-12-um-11.26.26_4983e97a.jpg\",\"contentUrl\":\"https:\/\/daltec.ch\/wp-content\/uploads\/2025\/09\/WhatsApp-Bild-2025-09-12-um-11.26.26_4983e97a.jpg\",\"width\":1536,\"height\":2048},{\"@type\":\"BreadcrumbList\",\"@id\":\"https:\/\/daltec.ch\/product\/hager-city-trailer-khb-3000#breadcrumb\",\"itemListElement\":[{\"@type\":\"ListItem\",\"position\":1,\"name\":\"Startseite\",\"item\":\"https:\/\/daltec.ch\/\"},{\"@type\":\"ListItem\",\"position\":2,\"name\":\"anhaenger\",\"item\":\"https:\/\/daltec.ch\/anhaenger\"},{\"@type\":\"ListItem\",\"position\":3,\"name\":\"Hager City Trailer KHB 3500\"}]},{\"@type\":\"WebSite\",\"@id\":\"https:\/\/daltec.ch\/fr\/#website\",\"url\":\"https:\/\/daltec.ch\/fr\/\",\"name\":\"Daltec Trailers\",\"description\":\"\",\"publisher\":{\"@id\":\"https:\/\/daltec.ch\/fr\/#organization\"},\"potentialAction\":[{\"@type\":\"SearchAction\",\"target\":{\"@type\":\"EntryPoint\",\"urlTemplate\":\"https:\/\/daltec.ch\/fr\/?s={search_term_string}\"},\"query-input\":{\"@type\":\"PropertyValueSpecification\",\"valueRequired\":true,\"valueName\":\"search_term_string\"}}],\"inLanguage\":\"de-CH\"},{\"@type\":\"Organization\",\"@id\":\"https:\/\/daltec.ch\/fr\/#organization\",\"name\":\"Daltec AG\",\"url\":\"https:\/\/daltec.ch\/fr\/\",\"logo\":{\"@type\":\"ImageObject\",\"inLanguage\":\"de-CH\",\"@id\":\"https:\/\/daltec.ch\/fr\/#\/schema\/logo\/image\/\",\"url\":\"https:\/\/daltec.ch\/wp-content\/uploads\/2025\/08\/dlteclogo.webp\",\"contentUrl\":\"https:\/\/daltec.ch\/wp-content\/uploads\/2025\/08\/dlteclogo.webp\",\"width\":500,\"height\":195,\"caption\":\"Daltec AG\"},\"image\":{\"@id\":\"https:\/\/daltec.ch\/fr\/#\/schema\/logo\/image\/\"},\"sameAs\":[\"https:\/\/www.facebook.com\/DaltecAG\"]}]}<\/script>\n<!-- \/ Yoast SEO plugin. -->","yoast_head_json":{"title":"Hager City Trailer KHB 3500 - Daltec","description":"Hager City Trailer KHB 3000","robots":{"index":"index","follow":"follow","max-snippet":"max-snippet:-1","max-image-preview":"max-image-preview:large","max-video-preview":"max-video-preview:-1"},"canonical":"https:\/\/daltec.ch\/de\/product\/hager-city-trailer-khb-3000\/","og_locale":"de_DE","og_type":"article","og_title":"Hager City Trailer KHB 3500 - Daltec","og_description":"Hager City Trailer KHB 3000","og_url":"https:\/\/daltec.ch\/de\/product\/hager-city-trailer-khb-3000\/","og_site_name":"Daltec","article_publisher":"https:\/\/www.facebook.com\/DaltecAG","article_modified_time":"2025-09-22T18:54:30+00:00","og_image":[{"width":1536,"height":2048,"url":"https:\/\/daltec.ch\/wp-content\/uploads\/2025\/09\/WhatsApp-Bild-2025-09-12-um-11.26.26_4983e97a.jpg","type":"image\/jpeg"}],"twitter_card":"summary_large_image","twitter_misc":{"Gesch\u00e4tzte Lesezeit":"1\u00a0Minute"},"schema":{"@context":"https:\/\/schema.org","@graph":[{"@type":"WebPage","@id":"https:\/\/daltec.ch\/product\/hager-city-trailer-khb-3000","url":"https:\/\/daltec.ch\/product\/hager-city-trailer-khb-3000","name":"Hager City Trailer KHB 3500 - Daltec","isPartOf":{"@id":"https:\/\/daltec.ch\/fr\/#website"},"primaryImageOfPage":{"@id":"https:\/\/daltec.ch\/product\/hager-city-trailer-khb-3000#primaryimage"},"image":{"@id":"https:\/\/daltec.ch\/product\/hager-city-trailer-khb-3000#primaryimage"},"thumbnailUrl":"https:\/\/daltec.ch\/wp-content\/uploads\/2025\/09\/WhatsApp-Bild-2025-09-12-um-11.26.26_4983e97a.jpg","datePublished":"2025-09-14T15:05:03+00:00","dateModified":"2025-09-22T18:54:30+00:00","description":"Hager City Trailer KHB 3000","breadcrumb":{"@id":"https:\/\/daltec.ch\/product\/hager-city-trailer-khb-3000#breadcrumb"},"inLanguage":"de-CH","potentialAction":[{"@type":"ReadAction","target":["https:\/\/daltec.ch\/product\/hager-city-trailer-khb-3000"]}]},{"@type":"ImageObject","inLanguage":"de-CH","@id":"https:\/\/daltec.ch\/product\/hager-city-trailer-khb-3000#primaryimage","url":"https:\/\/daltec.ch\/wp-content\/uploads\/2025\/09\/WhatsApp-Bild-2025-09-12-um-11.26.26_4983e97a.jpg","contentUrl":"https:\/\/daltec.ch\/wp-content\/uploads\/2025\/09\/WhatsApp-Bild-2025-09-12-um-11.26.26_4983e97a.jpg","width":1536,"height":2048},{"@type":"BreadcrumbList","@id":"https:\/\/daltec.ch\/product\/hager-city-trailer-khb-3000#breadcrumb","itemListElement":[{"@type":"ListItem","position":1,"name":"Startseite","item":"https:\/\/daltec.ch\/"},{"@type":"ListItem","position":2,"name":"anhaenger","item":"https:\/\/daltec.ch\/anhaenger"},{"@type":"ListItem","position":3,"name":"Hager City Trailer KHB 3500"}]},{"@type":"WebSite","@id":"https:\/\/daltec.ch\/fr\/#website","url":"https:\/\/daltec.ch\/fr\/","name":"Daltec Trailers","description":"","publisher":{"@id":"https:\/\/daltec.ch\/fr\/#organization"},"potentialAction":[{"@type":"SearchAction","target":{"@type":"EntryPoint","urlTemplate":"https:\/\/daltec.ch\/fr\/?s={search_term_string}"},"query-input":{"@type":"PropertyValueSpecification","valueRequired":true,"valueName":"search_term_string"}}],"inLanguage":"de-CH"},{"@type":"Organization","@id":"https:\/\/daltec.ch\/fr\/#organization","name":"Daltec AG","url":"https:\/\/daltec.ch\/fr\/","logo":{"@type":"ImageObject","inLanguage":"de-CH","@id":"https:\/\/daltec.ch\/fr\/#\/schema\/logo\/image\/","url":"https:\/\/daltec.ch\/wp-content\/uploads\/2025\/08\/dlteclogo.webp","contentUrl":"https:\/\/daltec.ch\/wp-content\/uploads\/2025\/08\/dlteclogo.webp","width":500,"height":195,"caption":"Daltec AG"},"image":{"@id":"https:\/\/daltec.ch\/fr\/#\/schema\/logo\/image\/"},"sameAs":["https:\/\/www.facebook.com\/DaltecAG"]}]}},"_links":{"self":[{"href":"https:\/\/daltec.ch\/de\/wp-json\/wp\/v2\/product\/3593","targetHints":{"allow":["GET"]}}],"collection":[{"href":"https:\/\/daltec.ch\/de\/wp-json\/wp\/v2\/product"}],"about":[{"href":"https:\/\/daltec.ch\/de\/wp-json\/wp\/v2\/types\/product"}],"replies":[{"embeddable":true,"href":"https:\/\/daltec.ch\/de\/wp-json\/wp\/v2\/comments?post=3593"}],"wp:featuredmedia":[{"embeddable":true,"href":"https:\/\/daltec.ch\/de\/wp-json\/wp\/v2\/media\/3594"}],"wp:attachment":[{"href":"https:\/\/daltec.ch\/de\/wp-json\/wp\/v2\/media?parent=3593"}],"wp:term":[{"taxonomy":"product_brand","embeddable":true,"href":"https:\/\/daltec.ch\/de\/wp-json\/wp\/v2\/product_brand?post=3593"},{"taxonomy":"product_cat","embeddable":true,"href":"https:\/\/daltec.ch\/de\/wp-json\/wp\/v2\/product_cat?post=3593"},{"taxonomy":"product_tag","embeddable":true,"href":"https:\/\/daltec.ch\/de\/wp-json\/wp\/v2\/product_tag?post=3593"}],"curies":[{"name":"wp","href":"https:\/\/api.w.org\/{rel}","templated":true}]}}