{"id":3871,"date":"2025-11-06T15:02:22","date_gmt":"2025-11-06T15:02:22","guid":{"rendered":"https:\/\/daltec.ch\/?post_type=product&#038;p=3871"},"modified":"2025-11-07T16:32:35","modified_gmt":"2025-11-07T16:32:35","slug":"warenleitanhaenger-inkl-generator-batterie-etc","status":"publish","type":"product","link":"https:\/\/daltec.ch\/de\/product\/warenleitanhaenger-inkl-generator-batterie-etc","title":{"rendered":"Signalanh\u00e4nger"},"content":{"rendered":"<p>Warenleitanh\u00e4nger inkl. Generator, Batterie etc.<\/p>\n<p>Farbe: orange \/ grau<\/p>\n<p>Bj. 12\/2005<\/p>\n<p>MFK: 08\/2020<\/p>\n<p>GG: 1000 Kg<\/p>\n<p>Nutzlast:<\/p>\n<p>Leergewicht:<\/p>\n<p>Remorque de signalisation<\/p>\n<p>Remorque pour marchandises avec g\u00e9n\u00e9rateur, batterie, etc.<br \/>\nCouleur : orange \/ gris<br \/>\nAnn\u00e9e de construction : 12\/2005<br \/>\nContr\u00f4le technique : 08\/2020<br \/>\nCharge utile : 1000 kg<\/p>\n<p>&nbsp;<\/p>\n<p>&nbsp;<\/p>\n<p>&nbsp;<\/p>\n","protected":false},"excerpt":{"rendered":"<h4>Technische Daten:<\/h4>\n<table class=\"table\">\n<tbody>\n<tr>\n<th>Innenl\u00e4nge<\/th>\n<td>\u00a0 \u00a04250 mm<\/td>\n<\/tr>\n<tr>\n<th>Innenbreite<\/th>\n<td><span style=\"font-size: 18px;\"><small>\u00a0 \u00a0<span style=\"font-size: 16px;\">2200 mm<\/span><\/small><\/span><\/td>\n<\/tr>\n<tr>\n<th>Innenh\u00f6he<\/th>\n<td><small>\u00a0 \u00a0 <span style=\"font-size: 16px;\">2670 mm<\/span><\/small><\/td>\n<\/tr>\n<tr>\n<th>Achsen<\/th>\n<td><\/td>\n<\/tr>\n<tr>\n<th>\n<h4><span style=\"font-family: inherit; font-size: inherit;\">Bremsen<\/span><\/h4>\n<\/th>\n<td><\/td>\n<\/tr>\n<tr>\n<th>Gesamtgewicht<\/th>\n<td>\u00a0 1000 Kg<\/td>\n<\/tr>\n<tr>\n<th>Nutzlast<\/th>\n<td><\/td>\n<\/tr>\n<tr>\n<th>Leergewicht<\/th>\n<td><\/td>\n<\/tr>\n<\/tbody>\n<\/table>\n","protected":false},"featured_media":3893,"comment_status":"open","ping_status":"closed","template":"","meta":{"_acf_changed":false},"product_brand":[],"product_cat":[37],"product_tag":[],"class_list":{"0":"post-3871","1":"product","2":"type-product","3":"status-publish","4":"has-post-thumbnail","6":"product_cat-occasionen-anhaenger","8":"first","9":"instock","10":"featured","11":"shipping-taxable","12":"purchasable","13":"product-type-simple"},"acf":[],"yoast_head":"<!-- This site is optimized with the Yoast SEO plugin v27.4 - https:\/\/yoast.com\/product\/yoast-seo-wordpress\/ -->\n<title>Signalanh\u00e4nger - Daltec<\/title>\n<meta name=\"description\" content=\"Signalanh\u00e4nger, Warenleitanh\u00e4nger inkl. Generator, Batterie etc.\" \/>\n<meta name=\"robots\" content=\"index, follow, max-snippet:-1, max-image-preview:large, max-video-preview:-1\" \/>\n<link rel=\"canonical\" href=\"https:\/\/daltec.ch\/de\/product\/warenleitanhaenger-inkl-generator-batterie-etc\/\" \/>\n<meta property=\"og:locale\" content=\"de_DE\" \/>\n<meta property=\"og:type\" content=\"article\" \/>\n<meta property=\"og:title\" content=\"Signalanh\u00e4nger - Daltec\" \/>\n<meta property=\"og:description\" content=\"Signalanh\u00e4nger, Warenleitanh\u00e4nger inkl. Generator, Batterie etc.\" \/>\n<meta property=\"og:url\" content=\"https:\/\/daltec.ch\/de\/product\/warenleitanhaenger-inkl-generator-batterie-etc\/\" \/>\n<meta property=\"og:site_name\" content=\"Daltec\" \/>\n<meta property=\"article:publisher\" content=\"https:\/\/www.facebook.com\/DaltecAG\" \/>\n<meta property=\"article:modified_time\" content=\"2025-11-07T16:32:35+00:00\" \/>\n<meta property=\"og:image\" content=\"https:\/\/daltec.ch\/wp-content\/uploads\/2025\/11\/WhatsApp-Bild-2025-11-06-um-16.24.46_b8610eb7.jpg\" \/>\n\t<meta property=\"og:image:width\" content=\"1200\" \/>\n\t<meta property=\"og:image:height\" content=\"1600\" \/>\n\t<meta property=\"og:image:type\" content=\"image\/jpeg\" \/>\n<meta name=\"twitter:card\" content=\"summary_large_image\" \/>\n<meta name=\"twitter:label1\" content=\"Gesch\u00e4tzte Lesezeit\" \/>\n\t<meta name=\"twitter:data1\" content=\"1\u00a0Minute\" \/>\n<script type=\"application\/ld+json\" class=\"yoast-schema-graph\">{\"@context\":\"https:\\\/\\\/schema.org\",\"@graph\":[{\"@type\":\"WebPage\",\"@id\":\"https:\\\/\\\/daltec.ch\\\/product\\\/warenleitanhaenger-inkl-generator-batterie-etc\",\"url\":\"https:\\\/\\\/daltec.ch\\\/product\\\/warenleitanhaenger-inkl-generator-batterie-etc\",\"name\":\"Signalanh\u00e4nger - Daltec\",\"isPartOf\":{\"@id\":\"https:\\\/\\\/daltec.ch\\\/fr\\\/#website\"},\"primaryImageOfPage\":{\"@id\":\"https:\\\/\\\/daltec.ch\\\/product\\\/warenleitanhaenger-inkl-generator-batterie-etc#primaryimage\"},\"image\":{\"@id\":\"https:\\\/\\\/daltec.ch\\\/product\\\/warenleitanhaenger-inkl-generator-batterie-etc#primaryimage\"},\"thumbnailUrl\":\"https:\\\/\\\/daltec.ch\\\/wp-content\\\/uploads\\\/2025\\\/11\\\/WhatsApp-Bild-2025-11-06-um-16.24.46_b8610eb7.jpg\",\"datePublished\":\"2025-11-06T15:02:22+00:00\",\"dateModified\":\"2025-11-07T16:32:35+00:00\",\"description\":\"Signalanh\u00e4nger, Warenleitanh\u00e4nger inkl. Generator, Batterie etc.\",\"breadcrumb\":{\"@id\":\"https:\\\/\\\/daltec.ch\\\/product\\\/warenleitanhaenger-inkl-generator-batterie-etc#breadcrumb\"},\"inLanguage\":\"de-CH\",\"potentialAction\":[{\"@type\":\"ReadAction\",\"target\":[\"https:\\\/\\\/daltec.ch\\\/product\\\/warenleitanhaenger-inkl-generator-batterie-etc\"]}]},{\"@type\":\"ImageObject\",\"inLanguage\":\"de-CH\",\"@id\":\"https:\\\/\\\/daltec.ch\\\/product\\\/warenleitanhaenger-inkl-generator-batterie-etc#primaryimage\",\"url\":\"https:\\\/\\\/daltec.ch\\\/wp-content\\\/uploads\\\/2025\\\/11\\\/WhatsApp-Bild-2025-11-06-um-16.24.46_b8610eb7.jpg\",\"contentUrl\":\"https:\\\/\\\/daltec.ch\\\/wp-content\\\/uploads\\\/2025\\\/11\\\/WhatsApp-Bild-2025-11-06-um-16.24.46_b8610eb7.jpg\",\"width\":1200,\"height\":1600},{\"@type\":\"BreadcrumbList\",\"@id\":\"https:\\\/\\\/daltec.ch\\\/product\\\/warenleitanhaenger-inkl-generator-batterie-etc#breadcrumb\",\"itemListElement\":[{\"@type\":\"ListItem\",\"position\":1,\"name\":\"Startseite\",\"item\":\"https:\\\/\\\/daltec.ch\\\/\"},{\"@type\":\"ListItem\",\"position\":2,\"name\":\"anhaenger\",\"item\":\"https:\\\/\\\/daltec.ch\\\/anhaenger\"},{\"@type\":\"ListItem\",\"position\":3,\"name\":\"Signalanh\u00e4nger\"}]},{\"@type\":\"WebSite\",\"@id\":\"https:\\\/\\\/daltec.ch\\\/fr\\\/#website\",\"url\":\"https:\\\/\\\/daltec.ch\\\/fr\\\/\",\"name\":\"Daltec Trailers\",\"description\":\"\",\"publisher\":{\"@id\":\"https:\\\/\\\/daltec.ch\\\/fr\\\/#organization\"},\"potentialAction\":[{\"@type\":\"SearchAction\",\"target\":{\"@type\":\"EntryPoint\",\"urlTemplate\":\"https:\\\/\\\/daltec.ch\\\/fr\\\/?s={search_term_string}\"},\"query-input\":{\"@type\":\"PropertyValueSpecification\",\"valueRequired\":true,\"valueName\":\"search_term_string\"}}],\"inLanguage\":\"de-CH\"},{\"@type\":\"Organization\",\"@id\":\"https:\\\/\\\/daltec.ch\\\/fr\\\/#organization\",\"name\":\"Daltec AG\",\"url\":\"https:\\\/\\\/daltec.ch\\\/fr\\\/\",\"logo\":{\"@type\":\"ImageObject\",\"inLanguage\":\"de-CH\",\"@id\":\"https:\\\/\\\/daltec.ch\\\/fr\\\/#\\\/schema\\\/logo\\\/image\\\/\",\"url\":\"https:\\\/\\\/daltec.ch\\\/wp-content\\\/uploads\\\/2025\\\/08\\\/dlteclogo.webp\",\"contentUrl\":\"https:\\\/\\\/daltec.ch\\\/wp-content\\\/uploads\\\/2025\\\/08\\\/dlteclogo.webp\",\"width\":500,\"height\":195,\"caption\":\"Daltec AG\"},\"image\":{\"@id\":\"https:\\\/\\\/daltec.ch\\\/fr\\\/#\\\/schema\\\/logo\\\/image\\\/\"},\"sameAs\":[\"https:\\\/\\\/www.facebook.com\\\/DaltecAG\"]}]}<\/script>\n<!-- \/ Yoast SEO plugin. -->","yoast_head_json":{"title":"Signalanh\u00e4nger - Daltec","description":"Signalanh\u00e4nger, Warenleitanh\u00e4nger inkl. Generator, Batterie etc.","robots":{"index":"index","follow":"follow","max-snippet":"max-snippet:-1","max-image-preview":"max-image-preview:large","max-video-preview":"max-video-preview:-1"},"canonical":"https:\/\/daltec.ch\/de\/product\/warenleitanhaenger-inkl-generator-batterie-etc\/","og_locale":"de_DE","og_type":"article","og_title":"Signalanh\u00e4nger - Daltec","og_description":"Signalanh\u00e4nger, Warenleitanh\u00e4nger inkl. Generator, Batterie etc.","og_url":"https:\/\/daltec.ch\/de\/product\/warenleitanhaenger-inkl-generator-batterie-etc\/","og_site_name":"Daltec","article_publisher":"https:\/\/www.facebook.com\/DaltecAG","article_modified_time":"2025-11-07T16:32:35+00:00","og_image":[{"width":1200,"height":1600,"url":"https:\/\/daltec.ch\/wp-content\/uploads\/2025\/11\/WhatsApp-Bild-2025-11-06-um-16.24.46_b8610eb7.jpg","type":"image\/jpeg"}],"twitter_card":"summary_large_image","twitter_misc":{"Gesch\u00e4tzte Lesezeit":"1\u00a0Minute"},"schema":{"@context":"https:\/\/schema.org","@graph":[{"@type":"WebPage","@id":"https:\/\/daltec.ch\/product\/warenleitanhaenger-inkl-generator-batterie-etc","url":"https:\/\/daltec.ch\/product\/warenleitanhaenger-inkl-generator-batterie-etc","name":"Signalanh\u00e4nger - Daltec","isPartOf":{"@id":"https:\/\/daltec.ch\/fr\/#website"},"primaryImageOfPage":{"@id":"https:\/\/daltec.ch\/product\/warenleitanhaenger-inkl-generator-batterie-etc#primaryimage"},"image":{"@id":"https:\/\/daltec.ch\/product\/warenleitanhaenger-inkl-generator-batterie-etc#primaryimage"},"thumbnailUrl":"https:\/\/daltec.ch\/wp-content\/uploads\/2025\/11\/WhatsApp-Bild-2025-11-06-um-16.24.46_b8610eb7.jpg","datePublished":"2025-11-06T15:02:22+00:00","dateModified":"2025-11-07T16:32:35+00:00","description":"Signalanh\u00e4nger, Warenleitanh\u00e4nger inkl. Generator, Batterie etc.","breadcrumb":{"@id":"https:\/\/daltec.ch\/product\/warenleitanhaenger-inkl-generator-batterie-etc#breadcrumb"},"inLanguage":"de-CH","potentialAction":[{"@type":"ReadAction","target":["https:\/\/daltec.ch\/product\/warenleitanhaenger-inkl-generator-batterie-etc"]}]},{"@type":"ImageObject","inLanguage":"de-CH","@id":"https:\/\/daltec.ch\/product\/warenleitanhaenger-inkl-generator-batterie-etc#primaryimage","url":"https:\/\/daltec.ch\/wp-content\/uploads\/2025\/11\/WhatsApp-Bild-2025-11-06-um-16.24.46_b8610eb7.jpg","contentUrl":"https:\/\/daltec.ch\/wp-content\/uploads\/2025\/11\/WhatsApp-Bild-2025-11-06-um-16.24.46_b8610eb7.jpg","width":1200,"height":1600},{"@type":"BreadcrumbList","@id":"https:\/\/daltec.ch\/product\/warenleitanhaenger-inkl-generator-batterie-etc#breadcrumb","itemListElement":[{"@type":"ListItem","position":1,"name":"Startseite","item":"https:\/\/daltec.ch\/"},{"@type":"ListItem","position":2,"name":"anhaenger","item":"https:\/\/daltec.ch\/anhaenger"},{"@type":"ListItem","position":3,"name":"Signalanh\u00e4nger"}]},{"@type":"WebSite","@id":"https:\/\/daltec.ch\/fr\/#website","url":"https:\/\/daltec.ch\/fr\/","name":"Daltec Trailers","description":"","publisher":{"@id":"https:\/\/daltec.ch\/fr\/#organization"},"potentialAction":[{"@type":"SearchAction","target":{"@type":"EntryPoint","urlTemplate":"https:\/\/daltec.ch\/fr\/?s={search_term_string}"},"query-input":{"@type":"PropertyValueSpecification","valueRequired":true,"valueName":"search_term_string"}}],"inLanguage":"de-CH"},{"@type":"Organization","@id":"https:\/\/daltec.ch\/fr\/#organization","name":"Daltec AG","url":"https:\/\/daltec.ch\/fr\/","logo":{"@type":"ImageObject","inLanguage":"de-CH","@id":"https:\/\/daltec.ch\/fr\/#\/schema\/logo\/image\/","url":"https:\/\/daltec.ch\/wp-content\/uploads\/2025\/08\/dlteclogo.webp","contentUrl":"https:\/\/daltec.ch\/wp-content\/uploads\/2025\/08\/dlteclogo.webp","width":500,"height":195,"caption":"Daltec AG"},"image":{"@id":"https:\/\/daltec.ch\/fr\/#\/schema\/logo\/image\/"},"sameAs":["https:\/\/www.facebook.com\/DaltecAG"]}]}},"_links":{"self":[{"href":"https:\/\/daltec.ch\/de\/wp-json\/wp\/v2\/product\/3871","targetHints":{"allow":["GET"]}}],"collection":[{"href":"https:\/\/daltec.ch\/de\/wp-json\/wp\/v2\/product"}],"about":[{"href":"https:\/\/daltec.ch\/de\/wp-json\/wp\/v2\/types\/product"}],"replies":[{"embeddable":true,"href":"https:\/\/daltec.ch\/de\/wp-json\/wp\/v2\/comments?post=3871"}],"wp:featuredmedia":[{"embeddable":true,"href":"https:\/\/daltec.ch\/de\/wp-json\/wp\/v2\/media\/3893"}],"wp:attachment":[{"href":"https:\/\/daltec.ch\/de\/wp-json\/wp\/v2\/media?parent=3871"}],"wp:term":[{"taxonomy":"product_brand","embeddable":true,"href":"https:\/\/daltec.ch\/de\/wp-json\/wp\/v2\/product_brand?post=3871"},{"taxonomy":"product_cat","embeddable":true,"href":"https:\/\/daltec.ch\/de\/wp-json\/wp\/v2\/product_cat?post=3871"},{"taxonomy":"product_tag","embeddable":true,"href":"https:\/\/daltec.ch\/de\/wp-json\/wp\/v2\/product_tag?post=3871"}],"curies":[{"name":"wp","href":"https:\/\/api.w.org\/{rel}","templated":true}]}}