{"id":446,"date":"2024-05-15T07:14:08","date_gmt":"2024-05-15T07:14:08","guid":{"rendered":"https:\/\/demo.shrinkwaterindia.com\/?post_type=product&#038;p=446"},"modified":"2025-06-18T11:10:24","modified_gmt":"2025-06-18T11:10:24","slug":"lifter-fbr-10","status":"publish","type":"product","link":"https:\/\/daltec.ch\/de\/product\/lifter-fbr-10","title":{"rendered":"Daltec Lifter FBR 10, 2700&#215;1300 mm, 1000 Kg"},"content":{"rendered":"<p><em><strong>Preis: Siehe Preisliste auf Startseite<\/strong><\/em><\/p>\n<p>Dieser preisg\u00fcnstiger Absenkanh\u00e4nger wurde vor mehr als 10 jahren f\u00fcr den Transport von kleinen Maschinen und Fahrzeuge von Daltec entwickelt und gebaut. Die Ladung, Fahrzeuge, Ger\u00e4te, Maschinen oder ganze Paletten werden direkt auf die Ladefl\u00e4che geschoben und mit einer Bewegung in Fahrtposition gebracht. Eine automatische Verriegelung der Ladung sorgt f\u00fcr eine sichere Fahrt. Preisg\u00fcnstig und leicht bedienbar!<\/p>\n<h4>Serienausstattung:<\/h4>\n<p>Fahrwerk: Grundrahmen feuerverzinkt, verschweisst und verschraubt, V-Anh\u00e4ngevorrichtung feuerverzinkt, Kugelkupplung mit Abreissleine, Kotschutz aus Kunststoff St\u00fctzrad vorne automatisch Anheben: manuelle Hydraulikpumpe Achsen: Knott &#8211; PEVA DALTEC, hydraulisch absenkbar mit mechanische Entriegelung &amp; automatische Verriegelung in Fahrtposition Handbremse R\u00fcckfahrautomatik Ladefl\u00e4che: Rahmen feuerverzinkt, Boden aus Siebdruckplatte 18 mm, Borw\u00e4nde aus Aluprofil 50 mm, gelb oder grau Heckrampe \u00fcberfahrbar, mechanisch verriegelt 6 Stk Binderinge Beleuchtungsanlage: 12V, nach Normen der StVO, 13 Pol-Stecker<\/p>\n","protected":false},"excerpt":{"rendered":"<h5>Preis: Siehe Preisliste auf Startseite<\/h5>\n<p>Kleiner einachsiger Absenkanh\u00e4nger &#8211; gebremst und g\u00fcnstig!<\/p>\n<h4>Technische Daten<\/h4>\n<table class=\"table\">\n<tbody>\n<tr>\n<th>L\u00e4nge<\/th>\n<td>2700 <small>mm<\/small><\/td>\n<\/tr>\n<tr>\n<th>Breite<\/th>\n<td>1300 <small>mm<\/small><\/td>\n<\/tr>\n<tr>\n<th>H\u00f6he<\/th>\n<td>0 <small>mm<\/small><\/td>\n<\/tr>\n<tr>\n<th>Achsen<\/th>\n<td>1<small><\/small><\/td>\n<\/tr>\n<tr>\n<th>Gesamtgewicht<\/th>\n<td>1000 <small>kg<\/small><\/td>\n<\/tr>\n<tr>\n<th>Nutzlast<\/th>\n<td>700 <small>kg<\/small><\/td>\n<\/tr>\n<tr>\n<th>R\u00e4der<\/th>\n<td>165\/70 R 13\u00a0<small><\/small><\/td>\n<\/tr>\n<\/tbody>\n<\/table>\n<h6>Optionen<\/h6>\n<table>\n<tbody>\n<tr>\n<td>V &#8211; Leiste in der Mitte der Ladefl\u00e4che<\/td>\n<td>160 CHF<\/td>\n<\/tr>\n<tr>\n<td>Elektropumpe mit Kasten und Batterie<\/td>\n<td>1290 CHF<\/td>\n<\/tr>\n<tr>\n<td>Boden &#8211; Alu-Profile<\/td>\n<td>240 CHF<\/td>\n<\/tr>\n<tr>\n<td>Stossd\u00e4mpfer 100 km\/h, Paar<\/td>\n<td>100 CHF<\/td>\n<\/tr>\n<\/tbody>\n<\/table>\n","protected":false},"featured_media":450,"comment_status":"open","ping_status":"closed","template":"","meta":{"_acf_changed":false},"product_brand":[],"product_cat":[23],"product_tag":[],"class_list":{"0":"post-446","1":"product","2":"type-product","3":"status-publish","4":"has-post-thumbnail","6":"product_cat-absenkanhaenger","8":"first","9":"instock","10":"featured","11":"shipping-taxable","12":"purchasable","13":"product-type-simple"},"acf":[],"yoast_head":"<!-- This site is optimized with the Yoast SEO plugin v27.2 - https:\/\/yoast.com\/product\/yoast-seo-wordpress\/ -->\n<title>Daltec Lifter FBR 10, 2700x1300 mm, 1000 Kg - Daltec<\/title>\n<meta name=\"robots\" content=\"index, follow, max-snippet:-1, max-image-preview:large, max-video-preview:-1\" \/>\n<link rel=\"canonical\" href=\"https:\/\/daltec.ch\/de\/product\/lifter-fbr-10\/\" \/>\n<meta property=\"og:locale\" content=\"de_DE\" \/>\n<meta property=\"og:type\" content=\"article\" \/>\n<meta property=\"og:title\" content=\"Daltec Lifter FBR 10, 2700x1300 mm, 1000 Kg - Daltec\" \/>\n<meta property=\"og:description\" content=\"Preis: Siehe Preisliste auf Startseite Kleiner einachsiger Absenkanh\u00e4nger - gebremst und g\u00fcnstig! Technische Daten    L\u00e4nge 2700 mm   Breite 1300 mm   H\u00f6he 0 mm   Achsen 1   Gesamtgewicht 1000 kg   Nutzlast 700 kg   R\u00e4der 165\/70 R 13\u00a0    Optionen    V - Leiste in der Mitte der Ladefl\u00e4che 160 CHF   Elektropumpe mit Kasten und Batterie 1290 CHF   Boden - Alu-Profile 240 CHF   Stossd\u00e4mpfer 100 km\/h, Paar 100 CHF\" \/>\n<meta property=\"og:url\" content=\"https:\/\/daltec.ch\/de\/product\/lifter-fbr-10\/\" \/>\n<meta property=\"og:site_name\" content=\"Daltec\" \/>\n<meta property=\"article:publisher\" content=\"https:\/\/www.facebook.com\/DaltecAG\" \/>\n<meta property=\"article:modified_time\" content=\"2025-06-18T11:10:24+00:00\" \/>\n<meta property=\"og:image\" content=\"https:\/\/daltec.ch\/wp-content\/uploads\/2024\/05\/Lifter-FBR-10.png\" \/>\n\t<meta property=\"og:image:width\" content=\"774\" \/>\n\t<meta property=\"og:image:height\" content=\"774\" \/>\n\t<meta property=\"og:image:type\" content=\"image\/png\" \/>\n<meta name=\"twitter:card\" content=\"summary_large_image\" \/>\n<meta name=\"twitter:label1\" content=\"Gesch\u00e4tzte Lesezeit\" \/>\n\t<meta name=\"twitter:data1\" content=\"1\u00a0Minute\" \/>\n<script type=\"application\/ld+json\" class=\"yoast-schema-graph\">{\"@context\":\"https:\/\/schema.org\",\"@graph\":[{\"@type\":\"WebPage\",\"@id\":\"https:\/\/daltec.ch\/product\/lifter-fbr-10\",\"url\":\"https:\/\/daltec.ch\/product\/lifter-fbr-10\",\"name\":\"Daltec Lifter FBR 10, 2700x1300 mm, 1000 Kg - Daltec\",\"isPartOf\":{\"@id\":\"https:\/\/daltec.ch\/fr\/#website\"},\"primaryImageOfPage\":{\"@id\":\"https:\/\/daltec.ch\/product\/lifter-fbr-10#primaryimage\"},\"image\":{\"@id\":\"https:\/\/daltec.ch\/product\/lifter-fbr-10#primaryimage\"},\"thumbnailUrl\":\"https:\/\/daltec.ch\/wp-content\/uploads\/2024\/05\/Lifter-FBR-10.png\",\"datePublished\":\"2024-05-15T07:14:08+00:00\",\"dateModified\":\"2025-06-18T11:10:24+00:00\",\"breadcrumb\":{\"@id\":\"https:\/\/daltec.ch\/product\/lifter-fbr-10#breadcrumb\"},\"inLanguage\":\"de-CH\",\"potentialAction\":[{\"@type\":\"ReadAction\",\"target\":[\"https:\/\/daltec.ch\/product\/lifter-fbr-10\"]}]},{\"@type\":\"ImageObject\",\"inLanguage\":\"de-CH\",\"@id\":\"https:\/\/daltec.ch\/product\/lifter-fbr-10#primaryimage\",\"url\":\"https:\/\/daltec.ch\/wp-content\/uploads\/2024\/05\/Lifter-FBR-10.png\",\"contentUrl\":\"https:\/\/daltec.ch\/wp-content\/uploads\/2024\/05\/Lifter-FBR-10.png\",\"width\":774,\"height\":774},{\"@type\":\"BreadcrumbList\",\"@id\":\"https:\/\/daltec.ch\/product\/lifter-fbr-10#breadcrumb\",\"itemListElement\":[{\"@type\":\"ListItem\",\"position\":1,\"name\":\"Startseite\",\"item\":\"https:\/\/daltec.ch\/\"},{\"@type\":\"ListItem\",\"position\":2,\"name\":\"anhaenger\",\"item\":\"https:\/\/daltec.ch\/anhaenger\"},{\"@type\":\"ListItem\",\"position\":3,\"name\":\"Daltec Lifter FBR 10, 2700&#215;1300 mm, 1000 Kg\"}]},{\"@type\":\"WebSite\",\"@id\":\"https:\/\/daltec.ch\/fr\/#website\",\"url\":\"https:\/\/daltec.ch\/fr\/\",\"name\":\"Daltec Trailers\",\"description\":\"\",\"publisher\":{\"@id\":\"https:\/\/daltec.ch\/fr\/#organization\"},\"potentialAction\":[{\"@type\":\"SearchAction\",\"target\":{\"@type\":\"EntryPoint\",\"urlTemplate\":\"https:\/\/daltec.ch\/fr\/?s={search_term_string}\"},\"query-input\":{\"@type\":\"PropertyValueSpecification\",\"valueRequired\":true,\"valueName\":\"search_term_string\"}}],\"inLanguage\":\"de-CH\"},{\"@type\":\"Organization\",\"@id\":\"https:\/\/daltec.ch\/fr\/#organization\",\"name\":\"Daltec AG\",\"url\":\"https:\/\/daltec.ch\/fr\/\",\"logo\":{\"@type\":\"ImageObject\",\"inLanguage\":\"de-CH\",\"@id\":\"https:\/\/daltec.ch\/fr\/#\/schema\/logo\/image\/\",\"url\":\"https:\/\/daltec.ch\/wp-content\/uploads\/2025\/08\/dlteclogo.webp\",\"contentUrl\":\"https:\/\/daltec.ch\/wp-content\/uploads\/2025\/08\/dlteclogo.webp\",\"width\":500,\"height\":195,\"caption\":\"Daltec AG\"},\"image\":{\"@id\":\"https:\/\/daltec.ch\/fr\/#\/schema\/logo\/image\/\"},\"sameAs\":[\"https:\/\/www.facebook.com\/DaltecAG\"]}]}<\/script>\n<!-- \/ Yoast SEO plugin. -->","yoast_head_json":{"title":"Daltec Lifter FBR 10, 2700x1300 mm, 1000 Kg - Daltec","robots":{"index":"index","follow":"follow","max-snippet":"max-snippet:-1","max-image-preview":"max-image-preview:large","max-video-preview":"max-video-preview:-1"},"canonical":"https:\/\/daltec.ch\/de\/product\/lifter-fbr-10\/","og_locale":"de_DE","og_type":"article","og_title":"Daltec Lifter FBR 10, 2700x1300 mm, 1000 Kg - Daltec","og_description":"Preis: Siehe Preisliste auf Startseite Kleiner einachsiger Absenkanh\u00e4nger - gebremst und g\u00fcnstig! Technische Daten    L\u00e4nge 2700 mm   Breite 1300 mm   H\u00f6he 0 mm   Achsen 1   Gesamtgewicht 1000 kg   Nutzlast 700 kg   R\u00e4der 165\/70 R 13\u00a0    Optionen    V - Leiste in der Mitte der Ladefl\u00e4che 160 CHF   Elektropumpe mit Kasten und Batterie 1290 CHF   Boden - Alu-Profile 240 CHF   Stossd\u00e4mpfer 100 km\/h, Paar 100 CHF","og_url":"https:\/\/daltec.ch\/de\/product\/lifter-fbr-10\/","og_site_name":"Daltec","article_publisher":"https:\/\/www.facebook.com\/DaltecAG","article_modified_time":"2025-06-18T11:10:24+00:00","og_image":[{"width":774,"height":774,"url":"https:\/\/daltec.ch\/wp-content\/uploads\/2024\/05\/Lifter-FBR-10.png","type":"image\/png"}],"twitter_card":"summary_large_image","twitter_misc":{"Gesch\u00e4tzte Lesezeit":"1\u00a0Minute"},"schema":{"@context":"https:\/\/schema.org","@graph":[{"@type":"WebPage","@id":"https:\/\/daltec.ch\/product\/lifter-fbr-10","url":"https:\/\/daltec.ch\/product\/lifter-fbr-10","name":"Daltec Lifter FBR 10, 2700x1300 mm, 1000 Kg - Daltec","isPartOf":{"@id":"https:\/\/daltec.ch\/fr\/#website"},"primaryImageOfPage":{"@id":"https:\/\/daltec.ch\/product\/lifter-fbr-10#primaryimage"},"image":{"@id":"https:\/\/daltec.ch\/product\/lifter-fbr-10#primaryimage"},"thumbnailUrl":"https:\/\/daltec.ch\/wp-content\/uploads\/2024\/05\/Lifter-FBR-10.png","datePublished":"2024-05-15T07:14:08+00:00","dateModified":"2025-06-18T11:10:24+00:00","breadcrumb":{"@id":"https:\/\/daltec.ch\/product\/lifter-fbr-10#breadcrumb"},"inLanguage":"de-CH","potentialAction":[{"@type":"ReadAction","target":["https:\/\/daltec.ch\/product\/lifter-fbr-10"]}]},{"@type":"ImageObject","inLanguage":"de-CH","@id":"https:\/\/daltec.ch\/product\/lifter-fbr-10#primaryimage","url":"https:\/\/daltec.ch\/wp-content\/uploads\/2024\/05\/Lifter-FBR-10.png","contentUrl":"https:\/\/daltec.ch\/wp-content\/uploads\/2024\/05\/Lifter-FBR-10.png","width":774,"height":774},{"@type":"BreadcrumbList","@id":"https:\/\/daltec.ch\/product\/lifter-fbr-10#breadcrumb","itemListElement":[{"@type":"ListItem","position":1,"name":"Startseite","item":"https:\/\/daltec.ch\/"},{"@type":"ListItem","position":2,"name":"anhaenger","item":"https:\/\/daltec.ch\/anhaenger"},{"@type":"ListItem","position":3,"name":"Daltec Lifter FBR 10, 2700&#215;1300 mm, 1000 Kg"}]},{"@type":"WebSite","@id":"https:\/\/daltec.ch\/fr\/#website","url":"https:\/\/daltec.ch\/fr\/","name":"Daltec Trailers","description":"","publisher":{"@id":"https:\/\/daltec.ch\/fr\/#organization"},"potentialAction":[{"@type":"SearchAction","target":{"@type":"EntryPoint","urlTemplate":"https:\/\/daltec.ch\/fr\/?s={search_term_string}"},"query-input":{"@type":"PropertyValueSpecification","valueRequired":true,"valueName":"search_term_string"}}],"inLanguage":"de-CH"},{"@type":"Organization","@id":"https:\/\/daltec.ch\/fr\/#organization","name":"Daltec AG","url":"https:\/\/daltec.ch\/fr\/","logo":{"@type":"ImageObject","inLanguage":"de-CH","@id":"https:\/\/daltec.ch\/fr\/#\/schema\/logo\/image\/","url":"https:\/\/daltec.ch\/wp-content\/uploads\/2025\/08\/dlteclogo.webp","contentUrl":"https:\/\/daltec.ch\/wp-content\/uploads\/2025\/08\/dlteclogo.webp","width":500,"height":195,"caption":"Daltec AG"},"image":{"@id":"https:\/\/daltec.ch\/fr\/#\/schema\/logo\/image\/"},"sameAs":["https:\/\/www.facebook.com\/DaltecAG"]}]}},"_links":{"self":[{"href":"https:\/\/daltec.ch\/de\/wp-json\/wp\/v2\/product\/446","targetHints":{"allow":["GET"]}}],"collection":[{"href":"https:\/\/daltec.ch\/de\/wp-json\/wp\/v2\/product"}],"about":[{"href":"https:\/\/daltec.ch\/de\/wp-json\/wp\/v2\/types\/product"}],"replies":[{"embeddable":true,"href":"https:\/\/daltec.ch\/de\/wp-json\/wp\/v2\/comments?post=446"}],"wp:featuredmedia":[{"embeddable":true,"href":"https:\/\/daltec.ch\/de\/wp-json\/wp\/v2\/media\/450"}],"wp:attachment":[{"href":"https:\/\/daltec.ch\/de\/wp-json\/wp\/v2\/media?parent=446"}],"wp:term":[{"taxonomy":"product_brand","embeddable":true,"href":"https:\/\/daltec.ch\/de\/wp-json\/wp\/v2\/product_brand?post=446"},{"taxonomy":"product_cat","embeddable":true,"href":"https:\/\/daltec.ch\/de\/wp-json\/wp\/v2\/product_cat?post=446"},{"taxonomy":"product_tag","embeddable":true,"href":"https:\/\/daltec.ch\/de\/wp-json\/wp\/v2\/product_tag?post=446"}],"curies":[{"name":"wp","href":"https:\/\/api.w.org\/{rel}","templated":true}]}}