{"id":500,"date":"2024-05-15T10:50:12","date_gmt":"2024-05-15T10:50:12","guid":{"rendered":"https:\/\/demo.shrinkwaterindia.com\/?post_type=product&#038;p=500"},"modified":"2025-06-18T10:47:52","modified_gmt":"2025-06-18T10:47:52","slug":"formula-35-xxl-abkippbar","status":"publish","type":"product","link":"https:\/\/daltec.ch\/de\/product\/formula-35-xxl-abkippbar","title":{"rendered":"Daltec Formula 35 XXL abkippbar, 6150x2250x1900 mm, 3500 Kg"},"content":{"rendered":"<p><em><strong>Preis: Siehe Preisliste auf Startseite<\/strong><\/em><\/p>\n<p>Nicht nur sicher und praktisch, sondern auch mit einem modernen und aerodynamischen Design beschm\u00fcckt! Besonders geeignet f\u00fcr wertvolle Fahrzeuge, Oldtimer, Lackierbetriebe, Karroserie und Motorsport. Hoher Schutz des Fahrzeugs durch den geschlossenen Kastenaufbau und mehrere Zug\u00e4nge zur Ladung vorhanden. Abkippbare Ladefl\u00e4che f\u00fcr ein einfaches Verladen.<\/p>\n<h4>Serienausstattung:<\/h4>\n<p>Fahrgestell: Anh\u00e4nger hydraulisch abkippbar. Grundrahmen feuerverzinkt, verschweisst und verschraubt, V-Anh\u00e4ngevorrichtung feuerverzinkt, Kugelkupplung, Abreissleine, St\u00fctzrad automatisch verst\u00e4rkt, Kotschutz mit Kotschutzlappen, Achsen AL-KO\/Knott, Handbremse, R\u00fcckfahrautomatik.<\/p>\n<p>Aufbau: Seitenw\u00e4nde aus Honeycomb Kunststoffplatten, Heckrampe \u00fcberfahrbar, abschliessbar, Servicet\u00fcre rechts, abschliessbar Klappe links abschliessbar, Dach vorne abgeschr\u00e4gt aerodynamisch, Boden aus Siebdruckplatte, 8 x Binde\u00f6sen.<\/p>\n<p>Beleuchtungsanlage: 12 V, nach Normen der StVO 13 Pol-Stecker.<\/p>\n","protected":false},"excerpt":{"rendered":"<div class=\"product-special-price\"><span style=\"color: #ff6600;\"><em>Preis: Siehe Preisliste auf Startseite<\/em><\/span><\/div>\n<p>Profi Linie &#8211; Sicher, praktisch und abkippbar &#8211; Der gr\u00f6sster seiner Klasse!<\/p>\n<h4>Technische Daten:<\/h4>\n<table class=\"table\">\n<tbody>\n<tr>\n<th>L\u00e4nge<\/th>\n<td>6150 <small>mm<\/small><\/td>\n<\/tr>\n<tr>\n<th>Breite<\/th>\n<td>2250<small>mm<\/small><\/td>\n<\/tr>\n<tr>\n<th>H\u00f6he<\/th>\n<td>1900 <small>mm<\/small><\/td>\n<\/tr>\n<tr>\n<th>Achsen<\/th>\n<td>3<small><\/small><\/td>\n<\/tr>\n<tr>\n<th>Gesamtgewicht<\/th>\n<td>3500 <small>kg<\/small><\/td>\n<\/tr>\n<tr>\n<th>Nutzlast<\/th>\n<td>2200 <small>kg<\/small><\/td>\n<\/tr>\n<tr>\n<th>R\u00e4der<\/th>\n<td>195\/50 R 13<small><\/small><\/td>\n<\/tr>\n<\/tbody>\n<\/table>\n<h4>Optionen:<\/h4>\n<table>\n<tbody>\n<tr>\n<td>Seilwinde EW-8000<\/td>\n<td>1190 CHF<\/td>\n<\/tr>\n<tr>\n<td>Alufelgen pro Rad<\/td>\n<td>90 CHF<\/td>\n<\/tr>\n<tr>\n<td>Pneugestell Alu<\/td>\n<td>1300 CHF<\/td>\n<\/tr>\n<tr>\n<td>Pneugestell verzinkt<\/td>\n<td>870 CHF<\/td>\n<\/tr>\n<tr>\n<td>Alu Rampenverl\u00e4ngerung<\/td>\n<td>550 CHF<\/td>\n<\/tr>\n<tr>\n<td>2. Seite aufklappbar<\/td>\n<td>2030 CHF<\/td>\n<\/tr>\n<tr>\n<td>Elektropumpe mit Kasten und Batterie<\/td>\n<td>1840 CHF<\/td>\n<\/tr>\n<\/tbody>\n<\/table>\n","protected":false},"featured_media":1305,"comment_status":"open","ping_status":"closed","template":"","meta":{"_acf_changed":false},"product_brand":[],"product_cat":[25,233],"product_tag":[],"class_list":{"0":"post-500","1":"product","2":"type-product","3":"status-publish","4":"has-post-thumbnail","6":"product_cat-autotransport-anhaenger","7":"product_cat-autotransport-kofferanhaenger","9":"first","10":"instock","11":"featured","12":"shipping-taxable","13":"purchasable","14":"product-type-simple"},"acf":[],"yoast_head":"<!-- This site is optimized with the Yoast SEO plugin v27.4 - https:\/\/yoast.com\/product\/yoast-seo-wordpress\/ -->\n<title>Daltec Formula 35 XXL abkippbar, 6150x2250x1900 mm, 3500 Kg - Daltec<\/title>\n<meta name=\"robots\" content=\"index, follow, max-snippet:-1, max-image-preview:large, max-video-preview:-1\" \/>\n<link rel=\"canonical\" href=\"https:\/\/daltec.ch\/de\/product\/formula-35-xxl-abkippbar\/\" \/>\n<meta property=\"og:locale\" content=\"de_DE\" \/>\n<meta property=\"og:type\" content=\"article\" \/>\n<meta property=\"og:title\" content=\"Daltec Formula 35 XXL abkippbar, 6150x2250x1900 mm, 3500 Kg - Daltec\" \/>\n<meta property=\"og:description\" content=\"Preis: Siehe Preisliste auf Startseite Profi Linie - Sicher, praktisch und abkippbar - Der gr\u00f6sster seiner Klasse! Technische Daten:    L\u00e4nge 6150 mm   Breite 2250mm   H\u00f6he 1900 mm   Achsen 3   Gesamtgewicht 3500 kg   Nutzlast 2200 kg   R\u00e4der 195\/50 R 13    Optionen:    Seilwinde EW-8000 1190 CHF   Alufelgen pro Rad 90 CHF   Pneugestell Alu 1300 CHF   Pneugestell verzinkt 870 CHF   Alu Rampenverl\u00e4ngerung 550 CHF   2. Seite aufklappbar 2030 CHF   Elektropumpe mit Kasten und Batterie 1840 CHF\" \/>\n<meta property=\"og:url\" content=\"https:\/\/daltec.ch\/de\/product\/formula-35-xxl-abkippbar\/\" \/>\n<meta property=\"og:site_name\" content=\"Daltec\" \/>\n<meta property=\"article:publisher\" content=\"https:\/\/www.facebook.com\/DaltecAG\" \/>\n<meta property=\"article:modified_time\" content=\"2025-06-18T10:47:52+00:00\" \/>\n<meta property=\"og:image\" content=\"https:\/\/daltec.ch\/wp-content\/uploads\/2024\/05\/formula_35_35xl_35xxl_1.jpg\" \/>\n\t<meta property=\"og:image:width\" content=\"1000\" \/>\n\t<meta property=\"og:image:height\" content=\"1000\" \/>\n\t<meta property=\"og:image:type\" content=\"image\/jpeg\" \/>\n<meta name=\"twitter:card\" content=\"summary_large_image\" \/>\n<meta name=\"twitter:label1\" content=\"Gesch\u00e4tzte Lesezeit\" \/>\n\t<meta name=\"twitter:data1\" content=\"1\u00a0Minute\" \/>\n<script type=\"application\/ld+json\" class=\"yoast-schema-graph\">{\"@context\":\"https:\\\/\\\/schema.org\",\"@graph\":[{\"@type\":\"WebPage\",\"@id\":\"https:\\\/\\\/daltec.ch\\\/product\\\/formula-35-xxl-abkippbar\",\"url\":\"https:\\\/\\\/daltec.ch\\\/product\\\/formula-35-xxl-abkippbar\",\"name\":\"Daltec Formula 35 XXL abkippbar, 6150x2250x1900 mm, 3500 Kg - Daltec\",\"isPartOf\":{\"@id\":\"https:\\\/\\\/daltec.ch\\\/fr\\\/#website\"},\"primaryImageOfPage\":{\"@id\":\"https:\\\/\\\/daltec.ch\\\/product\\\/formula-35-xxl-abkippbar#primaryimage\"},\"image\":{\"@id\":\"https:\\\/\\\/daltec.ch\\\/product\\\/formula-35-xxl-abkippbar#primaryimage\"},\"thumbnailUrl\":\"https:\\\/\\\/daltec.ch\\\/wp-content\\\/uploads\\\/2024\\\/05\\\/formula_35_35xl_35xxl_1.jpg\",\"datePublished\":\"2024-05-15T10:50:12+00:00\",\"dateModified\":\"2025-06-18T10:47:52+00:00\",\"breadcrumb\":{\"@id\":\"https:\\\/\\\/daltec.ch\\\/product\\\/formula-35-xxl-abkippbar#breadcrumb\"},\"inLanguage\":\"de-CH\",\"potentialAction\":[{\"@type\":\"ReadAction\",\"target\":[\"https:\\\/\\\/daltec.ch\\\/product\\\/formula-35-xxl-abkippbar\"]}]},{\"@type\":\"ImageObject\",\"inLanguage\":\"de-CH\",\"@id\":\"https:\\\/\\\/daltec.ch\\\/product\\\/formula-35-xxl-abkippbar#primaryimage\",\"url\":\"https:\\\/\\\/daltec.ch\\\/wp-content\\\/uploads\\\/2024\\\/05\\\/formula_35_35xl_35xxl_1.jpg\",\"contentUrl\":\"https:\\\/\\\/daltec.ch\\\/wp-content\\\/uploads\\\/2024\\\/05\\\/formula_35_35xl_35xxl_1.jpg\",\"width\":1000,\"height\":1000},{\"@type\":\"BreadcrumbList\",\"@id\":\"https:\\\/\\\/daltec.ch\\\/product\\\/formula-35-xxl-abkippbar#breadcrumb\",\"itemListElement\":[{\"@type\":\"ListItem\",\"position\":1,\"name\":\"Startseite\",\"item\":\"https:\\\/\\\/daltec.ch\\\/\"},{\"@type\":\"ListItem\",\"position\":2,\"name\":\"anhaenger\",\"item\":\"https:\\\/\\\/daltec.ch\\\/anhaenger\"},{\"@type\":\"ListItem\",\"position\":3,\"name\":\"Daltec Formula 35 XXL abkippbar, 6150x2250x1900 mm, 3500 Kg\"}]},{\"@type\":\"WebSite\",\"@id\":\"https:\\\/\\\/daltec.ch\\\/fr\\\/#website\",\"url\":\"https:\\\/\\\/daltec.ch\\\/fr\\\/\",\"name\":\"Daltec Trailers\",\"description\":\"\",\"publisher\":{\"@id\":\"https:\\\/\\\/daltec.ch\\\/fr\\\/#organization\"},\"potentialAction\":[{\"@type\":\"SearchAction\",\"target\":{\"@type\":\"EntryPoint\",\"urlTemplate\":\"https:\\\/\\\/daltec.ch\\\/fr\\\/?s={search_term_string}\"},\"query-input\":{\"@type\":\"PropertyValueSpecification\",\"valueRequired\":true,\"valueName\":\"search_term_string\"}}],\"inLanguage\":\"de-CH\"},{\"@type\":\"Organization\",\"@id\":\"https:\\\/\\\/daltec.ch\\\/fr\\\/#organization\",\"name\":\"Daltec AG\",\"url\":\"https:\\\/\\\/daltec.ch\\\/fr\\\/\",\"logo\":{\"@type\":\"ImageObject\",\"inLanguage\":\"de-CH\",\"@id\":\"https:\\\/\\\/daltec.ch\\\/fr\\\/#\\\/schema\\\/logo\\\/image\\\/\",\"url\":\"https:\\\/\\\/daltec.ch\\\/wp-content\\\/uploads\\\/2025\\\/08\\\/dlteclogo.webp\",\"contentUrl\":\"https:\\\/\\\/daltec.ch\\\/wp-content\\\/uploads\\\/2025\\\/08\\\/dlteclogo.webp\",\"width\":500,\"height\":195,\"caption\":\"Daltec AG\"},\"image\":{\"@id\":\"https:\\\/\\\/daltec.ch\\\/fr\\\/#\\\/schema\\\/logo\\\/image\\\/\"},\"sameAs\":[\"https:\\\/\\\/www.facebook.com\\\/DaltecAG\"]}]}<\/script>\n<!-- \/ Yoast SEO plugin. -->","yoast_head_json":{"title":"Daltec Formula 35 XXL abkippbar, 6150x2250x1900 mm, 3500 Kg - Daltec","robots":{"index":"index","follow":"follow","max-snippet":"max-snippet:-1","max-image-preview":"max-image-preview:large","max-video-preview":"max-video-preview:-1"},"canonical":"https:\/\/daltec.ch\/de\/product\/formula-35-xxl-abkippbar\/","og_locale":"de_DE","og_type":"article","og_title":"Daltec Formula 35 XXL abkippbar, 6150x2250x1900 mm, 3500 Kg - Daltec","og_description":"Preis: Siehe Preisliste auf Startseite Profi Linie - Sicher, praktisch und abkippbar - Der gr\u00f6sster seiner Klasse! Technische Daten:    L\u00e4nge 6150 mm   Breite 2250mm   H\u00f6he 1900 mm   Achsen 3   Gesamtgewicht 3500 kg   Nutzlast 2200 kg   R\u00e4der 195\/50 R 13    Optionen:    Seilwinde EW-8000 1190 CHF   Alufelgen pro Rad 90 CHF   Pneugestell Alu 1300 CHF   Pneugestell verzinkt 870 CHF   Alu Rampenverl\u00e4ngerung 550 CHF   2. Seite aufklappbar 2030 CHF   Elektropumpe mit Kasten und Batterie 1840 CHF","og_url":"https:\/\/daltec.ch\/de\/product\/formula-35-xxl-abkippbar\/","og_site_name":"Daltec","article_publisher":"https:\/\/www.facebook.com\/DaltecAG","article_modified_time":"2025-06-18T10:47:52+00:00","og_image":[{"width":1000,"height":1000,"url":"https:\/\/daltec.ch\/wp-content\/uploads\/2024\/05\/formula_35_35xl_35xxl_1.jpg","type":"image\/jpeg"}],"twitter_card":"summary_large_image","twitter_misc":{"Gesch\u00e4tzte Lesezeit":"1\u00a0Minute"},"schema":{"@context":"https:\/\/schema.org","@graph":[{"@type":"WebPage","@id":"https:\/\/daltec.ch\/product\/formula-35-xxl-abkippbar","url":"https:\/\/daltec.ch\/product\/formula-35-xxl-abkippbar","name":"Daltec Formula 35 XXL abkippbar, 6150x2250x1900 mm, 3500 Kg - Daltec","isPartOf":{"@id":"https:\/\/daltec.ch\/fr\/#website"},"primaryImageOfPage":{"@id":"https:\/\/daltec.ch\/product\/formula-35-xxl-abkippbar#primaryimage"},"image":{"@id":"https:\/\/daltec.ch\/product\/formula-35-xxl-abkippbar#primaryimage"},"thumbnailUrl":"https:\/\/daltec.ch\/wp-content\/uploads\/2024\/05\/formula_35_35xl_35xxl_1.jpg","datePublished":"2024-05-15T10:50:12+00:00","dateModified":"2025-06-18T10:47:52+00:00","breadcrumb":{"@id":"https:\/\/daltec.ch\/product\/formula-35-xxl-abkippbar#breadcrumb"},"inLanguage":"de-CH","potentialAction":[{"@type":"ReadAction","target":["https:\/\/daltec.ch\/product\/formula-35-xxl-abkippbar"]}]},{"@type":"ImageObject","inLanguage":"de-CH","@id":"https:\/\/daltec.ch\/product\/formula-35-xxl-abkippbar#primaryimage","url":"https:\/\/daltec.ch\/wp-content\/uploads\/2024\/05\/formula_35_35xl_35xxl_1.jpg","contentUrl":"https:\/\/daltec.ch\/wp-content\/uploads\/2024\/05\/formula_35_35xl_35xxl_1.jpg","width":1000,"height":1000},{"@type":"BreadcrumbList","@id":"https:\/\/daltec.ch\/product\/formula-35-xxl-abkippbar#breadcrumb","itemListElement":[{"@type":"ListItem","position":1,"name":"Startseite","item":"https:\/\/daltec.ch\/"},{"@type":"ListItem","position":2,"name":"anhaenger","item":"https:\/\/daltec.ch\/anhaenger"},{"@type":"ListItem","position":3,"name":"Daltec Formula 35 XXL abkippbar, 6150x2250x1900 mm, 3500 Kg"}]},{"@type":"WebSite","@id":"https:\/\/daltec.ch\/fr\/#website","url":"https:\/\/daltec.ch\/fr\/","name":"Daltec Trailers","description":"","publisher":{"@id":"https:\/\/daltec.ch\/fr\/#organization"},"potentialAction":[{"@type":"SearchAction","target":{"@type":"EntryPoint","urlTemplate":"https:\/\/daltec.ch\/fr\/?s={search_term_string}"},"query-input":{"@type":"PropertyValueSpecification","valueRequired":true,"valueName":"search_term_string"}}],"inLanguage":"de-CH"},{"@type":"Organization","@id":"https:\/\/daltec.ch\/fr\/#organization","name":"Daltec AG","url":"https:\/\/daltec.ch\/fr\/","logo":{"@type":"ImageObject","inLanguage":"de-CH","@id":"https:\/\/daltec.ch\/fr\/#\/schema\/logo\/image\/","url":"https:\/\/daltec.ch\/wp-content\/uploads\/2025\/08\/dlteclogo.webp","contentUrl":"https:\/\/daltec.ch\/wp-content\/uploads\/2025\/08\/dlteclogo.webp","width":500,"height":195,"caption":"Daltec AG"},"image":{"@id":"https:\/\/daltec.ch\/fr\/#\/schema\/logo\/image\/"},"sameAs":["https:\/\/www.facebook.com\/DaltecAG"]}]}},"_links":{"self":[{"href":"https:\/\/daltec.ch\/de\/wp-json\/wp\/v2\/product\/500","targetHints":{"allow":["GET"]}}],"collection":[{"href":"https:\/\/daltec.ch\/de\/wp-json\/wp\/v2\/product"}],"about":[{"href":"https:\/\/daltec.ch\/de\/wp-json\/wp\/v2\/types\/product"}],"replies":[{"embeddable":true,"href":"https:\/\/daltec.ch\/de\/wp-json\/wp\/v2\/comments?post=500"}],"wp:featuredmedia":[{"embeddable":true,"href":"https:\/\/daltec.ch\/de\/wp-json\/wp\/v2\/media\/1305"}],"wp:attachment":[{"href":"https:\/\/daltec.ch\/de\/wp-json\/wp\/v2\/media?parent=500"}],"wp:term":[{"taxonomy":"product_brand","embeddable":true,"href":"https:\/\/daltec.ch\/de\/wp-json\/wp\/v2\/product_brand?post=500"},{"taxonomy":"product_cat","embeddable":true,"href":"https:\/\/daltec.ch\/de\/wp-json\/wp\/v2\/product_cat?post=500"},{"taxonomy":"product_tag","embeddable":true,"href":"https:\/\/daltec.ch\/de\/wp-json\/wp\/v2\/product_tag?post=500"}],"curies":[{"name":"wp","href":"https:\/\/api.w.org\/{rel}","templated":true}]}}