{"id":616,"date":"2024-05-16T07:52:16","date_gmt":"2024-05-16T07:52:16","guid":{"rendered":"https:\/\/demo.shrinkwaterindia.com\/?post_type=product&#038;p=616"},"modified":"2025-06-24T08:00:51","modified_gmt":"2025-06-24T08:00:51","slug":"ibiza-markt-gross","status":"publish","type":"product","link":"https:\/\/daltec.ch\/de\/product\/ibiza-markt-gross","title":{"rendered":"Daltec Ibiza, 10000&#215;1400 mm, 3500 Kg"},"content":{"rendered":"<p>Verkaufsanh\u00e4nger f\u00fcr Frisch- und K\u00fchlprodukte!<br \/>\nProfessionelle K\u00fchlvitrine mit richtigen Kompressoren und Regltechnik. Arbeitsfl\u00e4che und Pr\u00e4sentationsauslage in Inox mit Glas gesch\u00fctzt. Weiter Zubeh\u00f6re wie Wurstgeh\u00e4nge etc auf Anfage m\u00f6glich.<\/p>\n<h4>Serienausstattung:<\/h4>\n<p>Fahrgestell: V-Anh\u00e4ngevorrichtung feuerverzinkt Kugelkupplung, St\u00fctzrad Abreissleine oder Kette 4 Kurbelst\u00fctzen zum stabilisieren des Anh\u00e4ngers Achsen: Achse AL-KO\/Knott mit Auflaufbremse Handbremse R\u00fcckfahrautomatik Boden: Siebdruckplatte mit PVC belegt Beleuchtungsanlage: Nach Normen der StVO, 12 V, 13 Pol-Stecker Aufbau: Aus weissen, isolierten Sandwichplatten aussen glatt Eckprofile aus Aluminium 1 abschliessbare Personent\u00fcre mit Trittbrett \u00fcber Deichsel 2 Seiten aufklappbar, abschliessbar Ausstattung: Arbeitsfl\u00e4che auf 3 Seiten Verkaufsvitrine seitlich mit Unterbauschr\u00e4nken und Sichtfenster Oben Ablage \u00fcber der Verkaufsfl\u00e4che. Einbauschrank hoch. Wasseranlage mit Durchlauferhitzer, mobile Kanister und Doppellavabo mit Mischbatterie in separatem M\u00f6bel. Taschenablage kundenseitig. Inox K\u00fchlvitrine mit professionellem K\u00fchlkompressor f\u00fcr Temperaturen bis -6 Grad. Wasseranlage und Inox Arbeitsfl\u00e4che. Elektroanlage: 240 V mit Ausseneinspeisung, Sicherungskasten, 5 Steckdosen Innenbeleuchtung mit Schalter<\/p>\n","protected":false},"excerpt":{"rendered":"<h5><span style=\"color: #ff0000;\"><em><strong>Preis: Siehe Preisliste auf Startseite<\/strong><\/em><\/span><\/h5>\n<p>Hochwertiger Verkaufsanh\u00e4nger mit K\u00fchlsystem!<\/p>\n<h4>Technische Daten:<\/h4>\n<table class=\"table\">\n<tbody>\n<tr>\n<th>L\u00e4nge<\/th>\n<td>10000 <small>mm<\/small><\/td>\n<\/tr>\n<tr>\n<th>Breite<\/th>\n<td>1400 <small>mm<\/small><\/td>\n<\/tr>\n<tr>\n<th>H\u00f6he<\/th>\n<td>0 <small>mm<\/small><\/td>\n<\/tr>\n<tr>\n<th>Achsen<\/th>\n<td>2<small><\/small><\/td>\n<\/tr>\n<tr>\n<th>Gesamtgewicht<\/th>\n<td>3500 Kg<\/td>\n<\/tr>\n<tr>\n<th>Nutzlast<\/th>\n<td>1350 Kg<\/td>\n<\/tr>\n<tr>\n<th>R\u00e4der<\/th>\n<td>195 R 14 C<\/td>\n<\/tr>\n<\/tbody>\n<\/table>\n","protected":false},"featured_media":3072,"comment_status":"open","ping_status":"closed","template":"","meta":{"_acf_changed":false},"product_brand":[],"product_cat":[226,31],"product_tag":[],"class_list":{"0":"post-616","1":"product","2":"type-product","3":"status-publish","4":"has-post-thumbnail","6":"product_cat-marktanhaenger","7":"product_cat-verkaufsfanhaenger","9":"first","10":"instock","11":"featured","12":"shipping-taxable","13":"purchasable","14":"product-type-simple"},"acf":[],"yoast_head":"<!-- This site is optimized with the Yoast SEO plugin v27.2 - https:\/\/yoast.com\/product\/yoast-seo-wordpress\/ -->\n<title>Daltec Ibiza, 10000x1400 mm, 3500 Kg - Daltec<\/title>\n<meta name=\"robots\" content=\"index, follow, max-snippet:-1, max-image-preview:large, max-video-preview:-1\" \/>\n<link rel=\"canonical\" href=\"https:\/\/daltec.ch\/de\/product\/ibiza-markt-gross\/\" \/>\n<meta property=\"og:locale\" content=\"de_DE\" \/>\n<meta property=\"og:type\" content=\"article\" \/>\n<meta property=\"og:title\" content=\"Daltec Ibiza, 10000x1400 mm, 3500 Kg - Daltec\" \/>\n<meta property=\"og:description\" content=\"Preis: Siehe Preisliste auf Startseite Hochwertiger Verkaufsanh\u00e4nger mit K\u00fchlsystem! Technische Daten:    L\u00e4nge 10000 mm   Breite 1400 mm   H\u00f6he 0 mm   Achsen 2   Gesamtgewicht 3500 Kg   Nutzlast 1350 Kg   R\u00e4der 195 R 14 C\" \/>\n<meta property=\"og:url\" content=\"https:\/\/daltec.ch\/de\/product\/ibiza-markt-gross\/\" \/>\n<meta property=\"og:site_name\" content=\"Daltec\" \/>\n<meta property=\"article:publisher\" content=\"https:\/\/www.facebook.com\/DaltecAG\" \/>\n<meta property=\"article:modified_time\" content=\"2025-06-24T08:00:51+00:00\" \/>\n<meta property=\"og:image\" content=\"https:\/\/daltec.ch\/wp-content\/uploads\/2024\/05\/ibiza-2.png\" \/>\n\t<meta property=\"og:image:width\" content=\"800\" \/>\n\t<meta property=\"og:image:height\" content=\"600\" \/>\n\t<meta property=\"og:image:type\" content=\"image\/png\" \/>\n<meta name=\"twitter:card\" content=\"summary_large_image\" \/>\n<meta name=\"twitter:label1\" content=\"Gesch\u00e4tzte Lesezeit\" \/>\n\t<meta name=\"twitter:data1\" content=\"1\u00a0Minute\" \/>\n<script type=\"application\/ld+json\" class=\"yoast-schema-graph\">{\"@context\":\"https:\/\/schema.org\",\"@graph\":[{\"@type\":\"WebPage\",\"@id\":\"https:\/\/daltec.ch\/product\/ibiza-markt-gross\",\"url\":\"https:\/\/daltec.ch\/product\/ibiza-markt-gross\",\"name\":\"Daltec Ibiza, 10000x1400 mm, 3500 Kg - Daltec\",\"isPartOf\":{\"@id\":\"https:\/\/daltec.ch\/fr\/#website\"},\"primaryImageOfPage\":{\"@id\":\"https:\/\/daltec.ch\/product\/ibiza-markt-gross#primaryimage\"},\"image\":{\"@id\":\"https:\/\/daltec.ch\/product\/ibiza-markt-gross#primaryimage\"},\"thumbnailUrl\":\"https:\/\/daltec.ch\/wp-content\/uploads\/2024\/05\/ibiza-2.png\",\"datePublished\":\"2024-05-16T07:52:16+00:00\",\"dateModified\":\"2025-06-24T08:00:51+00:00\",\"breadcrumb\":{\"@id\":\"https:\/\/daltec.ch\/product\/ibiza-markt-gross#breadcrumb\"},\"inLanguage\":\"de-CH\",\"potentialAction\":[{\"@type\":\"ReadAction\",\"target\":[\"https:\/\/daltec.ch\/product\/ibiza-markt-gross\"]}]},{\"@type\":\"ImageObject\",\"inLanguage\":\"de-CH\",\"@id\":\"https:\/\/daltec.ch\/product\/ibiza-markt-gross#primaryimage\",\"url\":\"https:\/\/daltec.ch\/wp-content\/uploads\/2024\/05\/ibiza-2.png\",\"contentUrl\":\"https:\/\/daltec.ch\/wp-content\/uploads\/2024\/05\/ibiza-2.png\",\"width\":800,\"height\":600},{\"@type\":\"BreadcrumbList\",\"@id\":\"https:\/\/daltec.ch\/product\/ibiza-markt-gross#breadcrumb\",\"itemListElement\":[{\"@type\":\"ListItem\",\"position\":1,\"name\":\"Startseite\",\"item\":\"https:\/\/daltec.ch\/\"},{\"@type\":\"ListItem\",\"position\":2,\"name\":\"anhaenger\",\"item\":\"https:\/\/daltec.ch\/anhaenger\"},{\"@type\":\"ListItem\",\"position\":3,\"name\":\"Daltec Ibiza, 10000&#215;1400 mm, 3500 Kg\"}]},{\"@type\":\"WebSite\",\"@id\":\"https:\/\/daltec.ch\/fr\/#website\",\"url\":\"https:\/\/daltec.ch\/fr\/\",\"name\":\"Daltec Trailers\",\"description\":\"\",\"publisher\":{\"@id\":\"https:\/\/daltec.ch\/fr\/#organization\"},\"potentialAction\":[{\"@type\":\"SearchAction\",\"target\":{\"@type\":\"EntryPoint\",\"urlTemplate\":\"https:\/\/daltec.ch\/fr\/?s={search_term_string}\"},\"query-input\":{\"@type\":\"PropertyValueSpecification\",\"valueRequired\":true,\"valueName\":\"search_term_string\"}}],\"inLanguage\":\"de-CH\"},{\"@type\":\"Organization\",\"@id\":\"https:\/\/daltec.ch\/fr\/#organization\",\"name\":\"Daltec AG\",\"url\":\"https:\/\/daltec.ch\/fr\/\",\"logo\":{\"@type\":\"ImageObject\",\"inLanguage\":\"de-CH\",\"@id\":\"https:\/\/daltec.ch\/fr\/#\/schema\/logo\/image\/\",\"url\":\"https:\/\/daltec.ch\/wp-content\/uploads\/2025\/08\/dlteclogo.webp\",\"contentUrl\":\"https:\/\/daltec.ch\/wp-content\/uploads\/2025\/08\/dlteclogo.webp\",\"width\":500,\"height\":195,\"caption\":\"Daltec AG\"},\"image\":{\"@id\":\"https:\/\/daltec.ch\/fr\/#\/schema\/logo\/image\/\"},\"sameAs\":[\"https:\/\/www.facebook.com\/DaltecAG\"]}]}<\/script>\n<!-- \/ Yoast SEO plugin. -->","yoast_head_json":{"title":"Daltec Ibiza, 10000x1400 mm, 3500 Kg - Daltec","robots":{"index":"index","follow":"follow","max-snippet":"max-snippet:-1","max-image-preview":"max-image-preview:large","max-video-preview":"max-video-preview:-1"},"canonical":"https:\/\/daltec.ch\/de\/product\/ibiza-markt-gross\/","og_locale":"de_DE","og_type":"article","og_title":"Daltec Ibiza, 10000x1400 mm, 3500 Kg - Daltec","og_description":"Preis: Siehe Preisliste auf Startseite Hochwertiger Verkaufsanh\u00e4nger mit K\u00fchlsystem! Technische Daten:    L\u00e4nge 10000 mm   Breite 1400 mm   H\u00f6he 0 mm   Achsen 2   Gesamtgewicht 3500 Kg   Nutzlast 1350 Kg   R\u00e4der 195 R 14 C","og_url":"https:\/\/daltec.ch\/de\/product\/ibiza-markt-gross\/","og_site_name":"Daltec","article_publisher":"https:\/\/www.facebook.com\/DaltecAG","article_modified_time":"2025-06-24T08:00:51+00:00","og_image":[{"width":800,"height":600,"url":"https:\/\/daltec.ch\/wp-content\/uploads\/2024\/05\/ibiza-2.png","type":"image\/png"}],"twitter_card":"summary_large_image","twitter_misc":{"Gesch\u00e4tzte Lesezeit":"1\u00a0Minute"},"schema":{"@context":"https:\/\/schema.org","@graph":[{"@type":"WebPage","@id":"https:\/\/daltec.ch\/product\/ibiza-markt-gross","url":"https:\/\/daltec.ch\/product\/ibiza-markt-gross","name":"Daltec Ibiza, 10000x1400 mm, 3500 Kg - Daltec","isPartOf":{"@id":"https:\/\/daltec.ch\/fr\/#website"},"primaryImageOfPage":{"@id":"https:\/\/daltec.ch\/product\/ibiza-markt-gross#primaryimage"},"image":{"@id":"https:\/\/daltec.ch\/product\/ibiza-markt-gross#primaryimage"},"thumbnailUrl":"https:\/\/daltec.ch\/wp-content\/uploads\/2024\/05\/ibiza-2.png","datePublished":"2024-05-16T07:52:16+00:00","dateModified":"2025-06-24T08:00:51+00:00","breadcrumb":{"@id":"https:\/\/daltec.ch\/product\/ibiza-markt-gross#breadcrumb"},"inLanguage":"de-CH","potentialAction":[{"@type":"ReadAction","target":["https:\/\/daltec.ch\/product\/ibiza-markt-gross"]}]},{"@type":"ImageObject","inLanguage":"de-CH","@id":"https:\/\/daltec.ch\/product\/ibiza-markt-gross#primaryimage","url":"https:\/\/daltec.ch\/wp-content\/uploads\/2024\/05\/ibiza-2.png","contentUrl":"https:\/\/daltec.ch\/wp-content\/uploads\/2024\/05\/ibiza-2.png","width":800,"height":600},{"@type":"BreadcrumbList","@id":"https:\/\/daltec.ch\/product\/ibiza-markt-gross#breadcrumb","itemListElement":[{"@type":"ListItem","position":1,"name":"Startseite","item":"https:\/\/daltec.ch\/"},{"@type":"ListItem","position":2,"name":"anhaenger","item":"https:\/\/daltec.ch\/anhaenger"},{"@type":"ListItem","position":3,"name":"Daltec Ibiza, 10000&#215;1400 mm, 3500 Kg"}]},{"@type":"WebSite","@id":"https:\/\/daltec.ch\/fr\/#website","url":"https:\/\/daltec.ch\/fr\/","name":"Daltec Trailers","description":"","publisher":{"@id":"https:\/\/daltec.ch\/fr\/#organization"},"potentialAction":[{"@type":"SearchAction","target":{"@type":"EntryPoint","urlTemplate":"https:\/\/daltec.ch\/fr\/?s={search_term_string}"},"query-input":{"@type":"PropertyValueSpecification","valueRequired":true,"valueName":"search_term_string"}}],"inLanguage":"de-CH"},{"@type":"Organization","@id":"https:\/\/daltec.ch\/fr\/#organization","name":"Daltec AG","url":"https:\/\/daltec.ch\/fr\/","logo":{"@type":"ImageObject","inLanguage":"de-CH","@id":"https:\/\/daltec.ch\/fr\/#\/schema\/logo\/image\/","url":"https:\/\/daltec.ch\/wp-content\/uploads\/2025\/08\/dlteclogo.webp","contentUrl":"https:\/\/daltec.ch\/wp-content\/uploads\/2025\/08\/dlteclogo.webp","width":500,"height":195,"caption":"Daltec AG"},"image":{"@id":"https:\/\/daltec.ch\/fr\/#\/schema\/logo\/image\/"},"sameAs":["https:\/\/www.facebook.com\/DaltecAG"]}]}},"_links":{"self":[{"href":"https:\/\/daltec.ch\/de\/wp-json\/wp\/v2\/product\/616","targetHints":{"allow":["GET"]}}],"collection":[{"href":"https:\/\/daltec.ch\/de\/wp-json\/wp\/v2\/product"}],"about":[{"href":"https:\/\/daltec.ch\/de\/wp-json\/wp\/v2\/types\/product"}],"replies":[{"embeddable":true,"href":"https:\/\/daltec.ch\/de\/wp-json\/wp\/v2\/comments?post=616"}],"wp:featuredmedia":[{"embeddable":true,"href":"https:\/\/daltec.ch\/de\/wp-json\/wp\/v2\/media\/3072"}],"wp:attachment":[{"href":"https:\/\/daltec.ch\/de\/wp-json\/wp\/v2\/media?parent=616"}],"wp:term":[{"taxonomy":"product_brand","embeddable":true,"href":"https:\/\/daltec.ch\/de\/wp-json\/wp\/v2\/product_brand?post=616"},{"taxonomy":"product_cat","embeddable":true,"href":"https:\/\/daltec.ch\/de\/wp-json\/wp\/v2\/product_cat?post=616"},{"taxonomy":"product_tag","embeddable":true,"href":"https:\/\/daltec.ch\/de\/wp-json\/wp\/v2\/product_tag?post=616"}],"curies":[{"name":"wp","href":"https:\/\/api.w.org\/{rel}","templated":true}]}}