{"id":701,"date":"2024-05-17T04:53:31","date_gmt":"2024-05-17T04:53:31","guid":{"rendered":"https:\/\/demo.shrinkwaterindia.com\/?post_type=product&#038;p=701"},"modified":"2025-06-18T10:05:23","modified_gmt":"2025-06-18T10:05:23","slug":"bt-750","status":"publish","type":"product","link":"https:\/\/daltec.ch\/de\/product\/bt-750","title":{"rendered":"Daltec BT 750, 5850&#215;1380 mm, 750 Kg"},"content":{"rendered":"<p><em><strong>Preis: Siehe Preisliste auf Startseite<\/strong><\/em><\/p>\n<p>Ob Schlauchboot, Motorboot, Segler oder Katamaran, wir haben f\u00fcr alle Schiffsmodelle die richtige Transportl\u00f6sung. Der BT 750 ist der Kleinster und Preisg\u00fcnstigster unserer Bootsanh\u00e4nger. Er ist ungebremst. Die h\u00f6henverstellbaren St\u00fctzen wie auch die\u00a0beweglichen und verstellbaren Kunststoff- und F\u00fchrungsrollen sorgen f\u00fcr einen optimalen Halt. Der robuster Grundrahmen gew\u00e4hrleistet eine lange Lebensdauer sogar bei verwendung im Salzwasser.<\/p>\n<h4>Serienausstattung:<\/h4>\n<p>Bootsmasse +\/-: 5000 x 1800 mm Fahrgestell: Grunrahmen feuerverzinkt, verschweisst und verschraubt, V-Anh\u00e4ngervorrichtung feuerverzinkt, Kugelkupplung, Sicherheitskette, Massives St\u00fctzrad vorne, Kotschutz aus Blech, Manuelle Seilwinde mit St\u00fctze, best\u00fcckt mit Kabel oder Gurten, Achsen: Achse AL-KO\/Knott, mit verst\u00e4rkten Wasserdichten Radagern, Beleuchtungsanlage: Nach Normen der StVO, 12V, 13 Pol-Stecker, Stecker und Heckrampe mit R\u00fccklichtern komplett abkoppel- und demontierbar, L\u00e4ngsverstellung zur Anpassung an der Ladung Aufbau: 4x H\u00f6henverstellbare Fussst\u00fctze mit 2 beweglichen Gummirollen, 4x Verstellbare F\u00fchrungsrolle mittig, Verstellbare Bugst\u00fctze mit Gummi, Zurringe<\/p>\n","protected":false},"excerpt":{"rendered":"<h5>Preis: Siehe Preisliste auf Startseite<\/h5>\n<p>Preisg\u00fcnstig und einfach zu pflegen &#8211; Geniessen Sie Ihre Freizeit!<\/p>\n<h4>Technische Daten:<\/h4>\n<table class=\"table\">\n<tbody>\n<tr>\n<th>L\u00e4nge<\/th>\n<td>5850 <small>mm<\/small><\/td>\n<\/tr>\n<tr>\n<th>Breite<\/th>\n<td>1380 <small>mm<\/small><\/td>\n<\/tr>\n<tr>\n<th>H\u00f6he<\/th>\n<td><\/td>\n<\/tr>\n<tr>\n<th>Achsen<\/th>\n<td>1<\/td>\n<\/tr>\n<tr>\n<th>Gesamtgewicht<\/th>\n<td>750 <small>kg<\/small><\/td>\n<\/tr>\n<tr>\n<th>Nutzlast<\/th>\n<td><span style=\"font-size: 16px;\"><small>605 kg<\/small><\/span><\/td>\n<\/tr>\n<tr>\n<th>R\u00e4der<\/th>\n<td>195\/50 R 13 C<\/td>\n<\/tr>\n<\/tbody>\n<\/table>\n<h4>Optionen:<\/h4>\n<table>\n<tbody>\n<tr>\n<td>St\u00fctzen<\/td>\n<td>0 CHF<\/td>\n<\/tr>\n<tr>\n<td>St\u00fctze mit Gummirollen, St\u00fcck<\/td>\n<td>120 CHF<\/td>\n<\/tr>\n<tr>\n<td>St\u00fctze mit Seitenrollen, St\u00fcck<\/td>\n<td>120 CHF<\/td>\n<\/tr>\n<tr>\n<td>Hohe St\u00fctzen f\u00fcr Segelschiffe<\/td>\n<td>0 CHF<\/td>\n<\/tr>\n<\/tbody>\n<\/table>\n","protected":false},"featured_media":1164,"comment_status":"open","ping_status":"closed","template":"","meta":{"_acf_changed":false},"product_brand":[],"product_cat":[227,22],"product_tag":[],"class_list":{"0":"post-701","1":"product","2":"type-product","3":"status-publish","4":"has-post-thumbnail","6":"product_cat-boottransportanhaenger","7":"product_cat-sportgeraete-transportanhaenger","9":"first","10":"instock","11":"featured","12":"shipping-taxable","13":"purchasable","14":"product-type-simple"},"acf":[],"yoast_head":"<!-- This site is optimized with the Yoast SEO plugin v27.2 - https:\/\/yoast.com\/product\/yoast-seo-wordpress\/ -->\n<title>Daltec BT 750, 5850x1380 mm, 750 Kg - Daltec<\/title>\n<meta name=\"robots\" content=\"index, follow, max-snippet:-1, max-image-preview:large, max-video-preview:-1\" \/>\n<link rel=\"canonical\" href=\"https:\/\/daltec.ch\/de\/product\/bt-750\/\" \/>\n<meta property=\"og:locale\" content=\"de_DE\" \/>\n<meta property=\"og:type\" content=\"article\" \/>\n<meta property=\"og:title\" content=\"Daltec BT 750, 5850x1380 mm, 750 Kg - Daltec\" \/>\n<meta property=\"og:description\" content=\"Preis: Siehe Preisliste auf Startseite Preisg\u00fcnstig und einfach zu pflegen - Geniessen Sie Ihre Freizeit! Technische Daten:    L\u00e4nge 5850 mm   Breite 1380 mm   H\u00f6he    Achsen 1   Gesamtgewicht 750 kg   Nutzlast 605 kg   R\u00e4der 195\/50 R 13 C    Optionen:    St\u00fctzen 0 CHF   St\u00fctze mit Gummirollen, St\u00fcck 120 CHF   St\u00fctze mit Seitenrollen, St\u00fcck 120 CHF   Hohe St\u00fctzen f\u00fcr Segelschiffe 0 CHF\" \/>\n<meta property=\"og:url\" content=\"https:\/\/daltec.ch\/de\/product\/bt-750\/\" \/>\n<meta property=\"og:site_name\" content=\"Daltec\" \/>\n<meta property=\"article:publisher\" content=\"https:\/\/www.facebook.com\/DaltecAG\" \/>\n<meta property=\"article:modified_time\" content=\"2025-06-18T10:05:23+00:00\" \/>\n<meta property=\"og:image\" content=\"https:\/\/daltec.ch\/wp-content\/uploads\/2024\/05\/BT_750_1.jpg\" \/>\n\t<meta property=\"og:image:width\" content=\"700\" \/>\n\t<meta property=\"og:image:height\" content=\"700\" \/>\n\t<meta property=\"og:image:type\" content=\"image\/jpeg\" \/>\n<meta name=\"twitter:card\" content=\"summary_large_image\" \/>\n<meta name=\"twitter:label1\" content=\"Gesch\u00e4tzte Lesezeit\" \/>\n\t<meta name=\"twitter:data1\" content=\"1\u00a0Minute\" \/>\n<script type=\"application\/ld+json\" class=\"yoast-schema-graph\">{\"@context\":\"https:\/\/schema.org\",\"@graph\":[{\"@type\":\"WebPage\",\"@id\":\"https:\/\/daltec.ch\/product\/bt-750\",\"url\":\"https:\/\/daltec.ch\/product\/bt-750\",\"name\":\"Daltec BT 750, 5850x1380 mm, 750 Kg - Daltec\",\"isPartOf\":{\"@id\":\"https:\/\/daltec.ch\/fr\/#website\"},\"primaryImageOfPage\":{\"@id\":\"https:\/\/daltec.ch\/product\/bt-750#primaryimage\"},\"image\":{\"@id\":\"https:\/\/daltec.ch\/product\/bt-750#primaryimage\"},\"thumbnailUrl\":\"https:\/\/daltec.ch\/wp-content\/uploads\/2024\/05\/BT_750_1.jpg\",\"datePublished\":\"2024-05-17T04:53:31+00:00\",\"dateModified\":\"2025-06-18T10:05:23+00:00\",\"breadcrumb\":{\"@id\":\"https:\/\/daltec.ch\/product\/bt-750#breadcrumb\"},\"inLanguage\":\"de-CH\",\"potentialAction\":[{\"@type\":\"ReadAction\",\"target\":[\"https:\/\/daltec.ch\/product\/bt-750\"]}]},{\"@type\":\"ImageObject\",\"inLanguage\":\"de-CH\",\"@id\":\"https:\/\/daltec.ch\/product\/bt-750#primaryimage\",\"url\":\"https:\/\/daltec.ch\/wp-content\/uploads\/2024\/05\/BT_750_1.jpg\",\"contentUrl\":\"https:\/\/daltec.ch\/wp-content\/uploads\/2024\/05\/BT_750_1.jpg\",\"width\":700,\"height\":700},{\"@type\":\"BreadcrumbList\",\"@id\":\"https:\/\/daltec.ch\/product\/bt-750#breadcrumb\",\"itemListElement\":[{\"@type\":\"ListItem\",\"position\":1,\"name\":\"Startseite\",\"item\":\"https:\/\/daltec.ch\/\"},{\"@type\":\"ListItem\",\"position\":2,\"name\":\"anhaenger\",\"item\":\"https:\/\/daltec.ch\/anhaenger\"},{\"@type\":\"ListItem\",\"position\":3,\"name\":\"Daltec BT 750, 5850&#215;1380 mm, 750 Kg\"}]},{\"@type\":\"WebSite\",\"@id\":\"https:\/\/daltec.ch\/fr\/#website\",\"url\":\"https:\/\/daltec.ch\/fr\/\",\"name\":\"Daltec Trailers\",\"description\":\"\",\"publisher\":{\"@id\":\"https:\/\/daltec.ch\/fr\/#organization\"},\"potentialAction\":[{\"@type\":\"SearchAction\",\"target\":{\"@type\":\"EntryPoint\",\"urlTemplate\":\"https:\/\/daltec.ch\/fr\/?s={search_term_string}\"},\"query-input\":{\"@type\":\"PropertyValueSpecification\",\"valueRequired\":true,\"valueName\":\"search_term_string\"}}],\"inLanguage\":\"de-CH\"},{\"@type\":\"Organization\",\"@id\":\"https:\/\/daltec.ch\/fr\/#organization\",\"name\":\"Daltec AG\",\"url\":\"https:\/\/daltec.ch\/fr\/\",\"logo\":{\"@type\":\"ImageObject\",\"inLanguage\":\"de-CH\",\"@id\":\"https:\/\/daltec.ch\/fr\/#\/schema\/logo\/image\/\",\"url\":\"https:\/\/daltec.ch\/wp-content\/uploads\/2025\/08\/dlteclogo.webp\",\"contentUrl\":\"https:\/\/daltec.ch\/wp-content\/uploads\/2025\/08\/dlteclogo.webp\",\"width\":500,\"height\":195,\"caption\":\"Daltec AG\"},\"image\":{\"@id\":\"https:\/\/daltec.ch\/fr\/#\/schema\/logo\/image\/\"},\"sameAs\":[\"https:\/\/www.facebook.com\/DaltecAG\"]}]}<\/script>\n<!-- \/ Yoast SEO plugin. -->","yoast_head_json":{"title":"Daltec BT 750, 5850x1380 mm, 750 Kg - Daltec","robots":{"index":"index","follow":"follow","max-snippet":"max-snippet:-1","max-image-preview":"max-image-preview:large","max-video-preview":"max-video-preview:-1"},"canonical":"https:\/\/daltec.ch\/de\/product\/bt-750\/","og_locale":"de_DE","og_type":"article","og_title":"Daltec BT 750, 5850x1380 mm, 750 Kg - Daltec","og_description":"Preis: Siehe Preisliste auf Startseite Preisg\u00fcnstig und einfach zu pflegen - Geniessen Sie Ihre Freizeit! Technische Daten:    L\u00e4nge 5850 mm   Breite 1380 mm   H\u00f6he    Achsen 1   Gesamtgewicht 750 kg   Nutzlast 605 kg   R\u00e4der 195\/50 R 13 C    Optionen:    St\u00fctzen 0 CHF   St\u00fctze mit Gummirollen, St\u00fcck 120 CHF   St\u00fctze mit Seitenrollen, St\u00fcck 120 CHF   Hohe St\u00fctzen f\u00fcr Segelschiffe 0 CHF","og_url":"https:\/\/daltec.ch\/de\/product\/bt-750\/","og_site_name":"Daltec","article_publisher":"https:\/\/www.facebook.com\/DaltecAG","article_modified_time":"2025-06-18T10:05:23+00:00","og_image":[{"width":700,"height":700,"url":"https:\/\/daltec.ch\/wp-content\/uploads\/2024\/05\/BT_750_1.jpg","type":"image\/jpeg"}],"twitter_card":"summary_large_image","twitter_misc":{"Gesch\u00e4tzte Lesezeit":"1\u00a0Minute"},"schema":{"@context":"https:\/\/schema.org","@graph":[{"@type":"WebPage","@id":"https:\/\/daltec.ch\/product\/bt-750","url":"https:\/\/daltec.ch\/product\/bt-750","name":"Daltec BT 750, 5850x1380 mm, 750 Kg - Daltec","isPartOf":{"@id":"https:\/\/daltec.ch\/fr\/#website"},"primaryImageOfPage":{"@id":"https:\/\/daltec.ch\/product\/bt-750#primaryimage"},"image":{"@id":"https:\/\/daltec.ch\/product\/bt-750#primaryimage"},"thumbnailUrl":"https:\/\/daltec.ch\/wp-content\/uploads\/2024\/05\/BT_750_1.jpg","datePublished":"2024-05-17T04:53:31+00:00","dateModified":"2025-06-18T10:05:23+00:00","breadcrumb":{"@id":"https:\/\/daltec.ch\/product\/bt-750#breadcrumb"},"inLanguage":"de-CH","potentialAction":[{"@type":"ReadAction","target":["https:\/\/daltec.ch\/product\/bt-750"]}]},{"@type":"ImageObject","inLanguage":"de-CH","@id":"https:\/\/daltec.ch\/product\/bt-750#primaryimage","url":"https:\/\/daltec.ch\/wp-content\/uploads\/2024\/05\/BT_750_1.jpg","contentUrl":"https:\/\/daltec.ch\/wp-content\/uploads\/2024\/05\/BT_750_1.jpg","width":700,"height":700},{"@type":"BreadcrumbList","@id":"https:\/\/daltec.ch\/product\/bt-750#breadcrumb","itemListElement":[{"@type":"ListItem","position":1,"name":"Startseite","item":"https:\/\/daltec.ch\/"},{"@type":"ListItem","position":2,"name":"anhaenger","item":"https:\/\/daltec.ch\/anhaenger"},{"@type":"ListItem","position":3,"name":"Daltec BT 750, 5850&#215;1380 mm, 750 Kg"}]},{"@type":"WebSite","@id":"https:\/\/daltec.ch\/fr\/#website","url":"https:\/\/daltec.ch\/fr\/","name":"Daltec Trailers","description":"","publisher":{"@id":"https:\/\/daltec.ch\/fr\/#organization"},"potentialAction":[{"@type":"SearchAction","target":{"@type":"EntryPoint","urlTemplate":"https:\/\/daltec.ch\/fr\/?s={search_term_string}"},"query-input":{"@type":"PropertyValueSpecification","valueRequired":true,"valueName":"search_term_string"}}],"inLanguage":"de-CH"},{"@type":"Organization","@id":"https:\/\/daltec.ch\/fr\/#organization","name":"Daltec AG","url":"https:\/\/daltec.ch\/fr\/","logo":{"@type":"ImageObject","inLanguage":"de-CH","@id":"https:\/\/daltec.ch\/fr\/#\/schema\/logo\/image\/","url":"https:\/\/daltec.ch\/wp-content\/uploads\/2025\/08\/dlteclogo.webp","contentUrl":"https:\/\/daltec.ch\/wp-content\/uploads\/2025\/08\/dlteclogo.webp","width":500,"height":195,"caption":"Daltec AG"},"image":{"@id":"https:\/\/daltec.ch\/fr\/#\/schema\/logo\/image\/"},"sameAs":["https:\/\/www.facebook.com\/DaltecAG"]}]}},"_links":{"self":[{"href":"https:\/\/daltec.ch\/de\/wp-json\/wp\/v2\/product\/701","targetHints":{"allow":["GET"]}}],"collection":[{"href":"https:\/\/daltec.ch\/de\/wp-json\/wp\/v2\/product"}],"about":[{"href":"https:\/\/daltec.ch\/de\/wp-json\/wp\/v2\/types\/product"}],"replies":[{"embeddable":true,"href":"https:\/\/daltec.ch\/de\/wp-json\/wp\/v2\/comments?post=701"}],"wp:featuredmedia":[{"embeddable":true,"href":"https:\/\/daltec.ch\/de\/wp-json\/wp\/v2\/media\/1164"}],"wp:attachment":[{"href":"https:\/\/daltec.ch\/de\/wp-json\/wp\/v2\/media?parent=701"}],"wp:term":[{"taxonomy":"product_brand","embeddable":true,"href":"https:\/\/daltec.ch\/de\/wp-json\/wp\/v2\/product_brand?post=701"},{"taxonomy":"product_cat","embeddable":true,"href":"https:\/\/daltec.ch\/de\/wp-json\/wp\/v2\/product_cat?post=701"},{"taxonomy":"product_tag","embeddable":true,"href":"https:\/\/daltec.ch\/de\/wp-json\/wp\/v2\/product_tag?post=701"}],"curies":[{"name":"wp","href":"https:\/\/api.w.org\/{rel}","templated":true}]}}