{"id":707,"date":"2024-05-17T05:07:17","date_gmt":"2024-05-17T05:07:17","guid":{"rendered":"https:\/\/demo.shrinkwaterindia.com\/?post_type=product&#038;p=707"},"modified":"2025-06-18T10:04:44","modified_gmt":"2025-06-18T10:04:44","slug":"bt-750-b","status":"publish","type":"product","link":"https:\/\/daltec.ch\/de\/product\/bt-750-b","title":{"rendered":"Daltec BT 900 N, 4000&#215;1800 mm, 900 Kg"},"content":{"rendered":"<h4><\/h4>\n<p>&nbsp;<\/p>\n","protected":false},"excerpt":{"rendered":"<h5>Preis: Siehe Preisliste auf Startseite<\/h5>\n<p>Klein und gebremst &#8211; Ideal f\u00fcr Privatausfl\u00fcge<\/p>\n<p>Robuste, geschwei\u00dfte Stahlkonstruktionen, stabile Befestigungsb\u00fcgel f\u00fcr die Lastgurte und eine abnehmbare hintere Beleuchtungsleiste sind die Markenzeichen unserer Produkte. Die Standardausstattung ist in den untenstehenden Anh\u00e4ngerspezifikationen aufgef\u00fchrt.<\/p>\n<h4>Technical data<\/h4>\n<table class=\"table\">\n<tbody>\n<tr>\n<th>L\u00e4nge<\/th>\n<td>4000 <small>mm<\/small><\/td>\n<\/tr>\n<tr>\n<th>Breite<\/th>\n<td>1800<small>mm<\/small><\/td>\n<\/tr>\n<tr>\n<th>H\u00f6he<\/th>\n<td><small>0 mm<\/small><\/td>\n<\/tr>\n<tr>\n<th>Achsen<\/th>\n<td>1<small><\/small><\/td>\n<\/tr>\n<tr>\n<th>Gesamtgewicht<\/th>\n<td>900<small> kg<\/small><\/td>\n<\/tr>\n<tr>\n<th>Nutzlast ca.<\/th>\n<td>590 kg<\/td>\n<\/tr>\n<tr>\n<th>R\u00e4der<\/th>\n<td>165\/70 R 13<\/td>\n<\/tr>\n<\/tbody>\n<\/table>\n<h6>Optionen<\/h6>\n<table>\n<tbody>\n<tr>\n<td>Zus\u00e4tzliche St\u00fctze mit Gummirollen, St\u00fcck<\/td>\n<td>120 CHF<\/td>\n<\/tr>\n<tr>\n<td>Zus\u00e4tzliche St\u00fctze mit Seitenrollen, St\u00fcck<\/td>\n<td>120 CHF<\/td>\n<\/tr>\n<tr>\n<td>Andere St\u00fctzen m\u00f6glich<\/td>\n<td>0 CHF<\/td>\n<\/tr>\n<tr>\n<td>Hohe St\u00fctzen f\u00fcr Segelschiffe<\/td>\n<td>0 CHF<\/td>\n<\/tr>\n<\/tbody>\n<\/table>\n","protected":false},"featured_media":2831,"comment_status":"open","ping_status":"closed","template":"","meta":{"_acf_changed":false},"product_brand":[],"product_cat":[22],"product_tag":[],"class_list":{"0":"post-707","1":"product","2":"type-product","3":"status-publish","4":"has-post-thumbnail","6":"product_cat-sportgeraete-transportanhaenger","8":"first","9":"instock","10":"featured","11":"shipping-taxable","12":"purchasable","13":"product-type-simple"},"acf":[],"yoast_head":"<!-- This site is optimized with the Yoast SEO plugin v27.2 - https:\/\/yoast.com\/product\/yoast-seo-wordpress\/ -->\n<title>Daltec BT 900 N, 4000x1800 mm, 900 Kg - Daltec<\/title>\n<meta name=\"robots\" content=\"index, follow, max-snippet:-1, max-image-preview:large, max-video-preview:-1\" \/>\n<link rel=\"canonical\" href=\"https:\/\/daltec.ch\/de\/product\/bt-750-b\/\" \/>\n<meta property=\"og:locale\" content=\"de_DE\" \/>\n<meta property=\"og:type\" content=\"article\" \/>\n<meta property=\"og:title\" content=\"Daltec BT 900 N, 4000x1800 mm, 900 Kg - Daltec\" \/>\n<meta property=\"og:description\" content=\"Preis: Siehe Preisliste auf Startseite Klein und gebremst - Ideal f\u00fcr Privatausfl\u00fcge  Robuste, geschwei\u00dfte Stahlkonstruktionen, stabile Befestigungsb\u00fcgel f\u00fcr die Lastgurte und eine abnehmbare hintere Beleuchtungsleiste sind die Markenzeichen unserer Produkte. Die Standardausstattung ist in den untenstehenden Anh\u00e4ngerspezifikationen aufgef\u00fchrt. Technical data    L\u00e4nge 4000 mm   Breite 1800mm   H\u00f6he 0 mm   Achsen 1   Gesamtgewicht 900 kg   Nutzlast ca. 590 kg   R\u00e4der 165\/70 R 13    Optionen    Zus\u00e4tzliche St\u00fctze mit Gummirollen, St\u00fcck 120 CHF   Zus\u00e4tzliche St\u00fctze mit Seitenrollen, St\u00fcck 120 CHF   Andere St\u00fctzen m\u00f6glich 0 CHF   Hohe St\u00fctzen f\u00fcr Segelschiffe 0 CHF\" \/>\n<meta property=\"og:url\" content=\"https:\/\/daltec.ch\/de\/product\/bt-750-b\/\" \/>\n<meta property=\"og:site_name\" content=\"Daltec\" \/>\n<meta property=\"article:publisher\" content=\"https:\/\/www.facebook.com\/DaltecAG\" \/>\n<meta property=\"article:modified_time\" content=\"2025-06-18T10:04:44+00:00\" \/>\n<meta property=\"og:image\" content=\"https:\/\/daltec.ch\/wp-content\/uploads\/2024\/05\/BT-900-N-1.png\" \/>\n\t<meta property=\"og:image:width\" content=\"1000\" \/>\n\t<meta property=\"og:image:height\" content=\"506\" \/>\n\t<meta property=\"og:image:type\" content=\"image\/png\" \/>\n<meta name=\"twitter:card\" content=\"summary_large_image\" \/>\n<script type=\"application\/ld+json\" class=\"yoast-schema-graph\">{\"@context\":\"https:\/\/schema.org\",\"@graph\":[{\"@type\":\"WebPage\",\"@id\":\"https:\/\/daltec.ch\/product\/bt-750-b\",\"url\":\"https:\/\/daltec.ch\/product\/bt-750-b\",\"name\":\"Daltec BT 900 N, 4000x1800 mm, 900 Kg - Daltec\",\"isPartOf\":{\"@id\":\"https:\/\/daltec.ch\/fr\/#website\"},\"primaryImageOfPage\":{\"@id\":\"https:\/\/daltec.ch\/product\/bt-750-b#primaryimage\"},\"image\":{\"@id\":\"https:\/\/daltec.ch\/product\/bt-750-b#primaryimage\"},\"thumbnailUrl\":\"https:\/\/daltec.ch\/wp-content\/uploads\/2024\/05\/BT-900-N-1.png\",\"datePublished\":\"2024-05-17T05:07:17+00:00\",\"dateModified\":\"2025-06-18T10:04:44+00:00\",\"breadcrumb\":{\"@id\":\"https:\/\/daltec.ch\/product\/bt-750-b#breadcrumb\"},\"inLanguage\":\"de-CH\",\"potentialAction\":[{\"@type\":\"ReadAction\",\"target\":[\"https:\/\/daltec.ch\/product\/bt-750-b\"]}]},{\"@type\":\"ImageObject\",\"inLanguage\":\"de-CH\",\"@id\":\"https:\/\/daltec.ch\/product\/bt-750-b#primaryimage\",\"url\":\"https:\/\/daltec.ch\/wp-content\/uploads\/2024\/05\/BT-900-N-1.png\",\"contentUrl\":\"https:\/\/daltec.ch\/wp-content\/uploads\/2024\/05\/BT-900-N-1.png\",\"width\":1000,\"height\":506},{\"@type\":\"BreadcrumbList\",\"@id\":\"https:\/\/daltec.ch\/product\/bt-750-b#breadcrumb\",\"itemListElement\":[{\"@type\":\"ListItem\",\"position\":1,\"name\":\"Startseite\",\"item\":\"https:\/\/daltec.ch\/\"},{\"@type\":\"ListItem\",\"position\":2,\"name\":\"anhaenger\",\"item\":\"https:\/\/daltec.ch\/anhaenger\"},{\"@type\":\"ListItem\",\"position\":3,\"name\":\"Daltec BT 900 N, 4000&#215;1800 mm, 900 Kg\"}]},{\"@type\":\"WebSite\",\"@id\":\"https:\/\/daltec.ch\/fr\/#website\",\"url\":\"https:\/\/daltec.ch\/fr\/\",\"name\":\"Daltec Trailers\",\"description\":\"\",\"publisher\":{\"@id\":\"https:\/\/daltec.ch\/fr\/#organization\"},\"potentialAction\":[{\"@type\":\"SearchAction\",\"target\":{\"@type\":\"EntryPoint\",\"urlTemplate\":\"https:\/\/daltec.ch\/fr\/?s={search_term_string}\"},\"query-input\":{\"@type\":\"PropertyValueSpecification\",\"valueRequired\":true,\"valueName\":\"search_term_string\"}}],\"inLanguage\":\"de-CH\"},{\"@type\":\"Organization\",\"@id\":\"https:\/\/daltec.ch\/fr\/#organization\",\"name\":\"Daltec AG\",\"url\":\"https:\/\/daltec.ch\/fr\/\",\"logo\":{\"@type\":\"ImageObject\",\"inLanguage\":\"de-CH\",\"@id\":\"https:\/\/daltec.ch\/fr\/#\/schema\/logo\/image\/\",\"url\":\"https:\/\/daltec.ch\/wp-content\/uploads\/2025\/08\/dlteclogo.webp\",\"contentUrl\":\"https:\/\/daltec.ch\/wp-content\/uploads\/2025\/08\/dlteclogo.webp\",\"width\":500,\"height\":195,\"caption\":\"Daltec AG\"},\"image\":{\"@id\":\"https:\/\/daltec.ch\/fr\/#\/schema\/logo\/image\/\"},\"sameAs\":[\"https:\/\/www.facebook.com\/DaltecAG\"]}]}<\/script>\n<!-- \/ Yoast SEO plugin. -->","yoast_head_json":{"title":"Daltec BT 900 N, 4000x1800 mm, 900 Kg - Daltec","robots":{"index":"index","follow":"follow","max-snippet":"max-snippet:-1","max-image-preview":"max-image-preview:large","max-video-preview":"max-video-preview:-1"},"canonical":"https:\/\/daltec.ch\/de\/product\/bt-750-b\/","og_locale":"de_DE","og_type":"article","og_title":"Daltec BT 900 N, 4000x1800 mm, 900 Kg - Daltec","og_description":"Preis: Siehe Preisliste auf Startseite Klein und gebremst - Ideal f\u00fcr Privatausfl\u00fcge  Robuste, geschwei\u00dfte Stahlkonstruktionen, stabile Befestigungsb\u00fcgel f\u00fcr die Lastgurte und eine abnehmbare hintere Beleuchtungsleiste sind die Markenzeichen unserer Produkte. Die Standardausstattung ist in den untenstehenden Anh\u00e4ngerspezifikationen aufgef\u00fchrt. Technical data    L\u00e4nge 4000 mm   Breite 1800mm   H\u00f6he 0 mm   Achsen 1   Gesamtgewicht 900 kg   Nutzlast ca. 590 kg   R\u00e4der 165\/70 R 13    Optionen    Zus\u00e4tzliche St\u00fctze mit Gummirollen, St\u00fcck 120 CHF   Zus\u00e4tzliche St\u00fctze mit Seitenrollen, St\u00fcck 120 CHF   Andere St\u00fctzen m\u00f6glich 0 CHF   Hohe St\u00fctzen f\u00fcr Segelschiffe 0 CHF","og_url":"https:\/\/daltec.ch\/de\/product\/bt-750-b\/","og_site_name":"Daltec","article_publisher":"https:\/\/www.facebook.com\/DaltecAG","article_modified_time":"2025-06-18T10:04:44+00:00","og_image":[{"width":1000,"height":506,"url":"https:\/\/daltec.ch\/wp-content\/uploads\/2024\/05\/BT-900-N-1.png","type":"image\/png"}],"twitter_card":"summary_large_image","schema":{"@context":"https:\/\/schema.org","@graph":[{"@type":"WebPage","@id":"https:\/\/daltec.ch\/product\/bt-750-b","url":"https:\/\/daltec.ch\/product\/bt-750-b","name":"Daltec BT 900 N, 4000x1800 mm, 900 Kg - Daltec","isPartOf":{"@id":"https:\/\/daltec.ch\/fr\/#website"},"primaryImageOfPage":{"@id":"https:\/\/daltec.ch\/product\/bt-750-b#primaryimage"},"image":{"@id":"https:\/\/daltec.ch\/product\/bt-750-b#primaryimage"},"thumbnailUrl":"https:\/\/daltec.ch\/wp-content\/uploads\/2024\/05\/BT-900-N-1.png","datePublished":"2024-05-17T05:07:17+00:00","dateModified":"2025-06-18T10:04:44+00:00","breadcrumb":{"@id":"https:\/\/daltec.ch\/product\/bt-750-b#breadcrumb"},"inLanguage":"de-CH","potentialAction":[{"@type":"ReadAction","target":["https:\/\/daltec.ch\/product\/bt-750-b"]}]},{"@type":"ImageObject","inLanguage":"de-CH","@id":"https:\/\/daltec.ch\/product\/bt-750-b#primaryimage","url":"https:\/\/daltec.ch\/wp-content\/uploads\/2024\/05\/BT-900-N-1.png","contentUrl":"https:\/\/daltec.ch\/wp-content\/uploads\/2024\/05\/BT-900-N-1.png","width":1000,"height":506},{"@type":"BreadcrumbList","@id":"https:\/\/daltec.ch\/product\/bt-750-b#breadcrumb","itemListElement":[{"@type":"ListItem","position":1,"name":"Startseite","item":"https:\/\/daltec.ch\/"},{"@type":"ListItem","position":2,"name":"anhaenger","item":"https:\/\/daltec.ch\/anhaenger"},{"@type":"ListItem","position":3,"name":"Daltec BT 900 N, 4000&#215;1800 mm, 900 Kg"}]},{"@type":"WebSite","@id":"https:\/\/daltec.ch\/fr\/#website","url":"https:\/\/daltec.ch\/fr\/","name":"Daltec Trailers","description":"","publisher":{"@id":"https:\/\/daltec.ch\/fr\/#organization"},"potentialAction":[{"@type":"SearchAction","target":{"@type":"EntryPoint","urlTemplate":"https:\/\/daltec.ch\/fr\/?s={search_term_string}"},"query-input":{"@type":"PropertyValueSpecification","valueRequired":true,"valueName":"search_term_string"}}],"inLanguage":"de-CH"},{"@type":"Organization","@id":"https:\/\/daltec.ch\/fr\/#organization","name":"Daltec AG","url":"https:\/\/daltec.ch\/fr\/","logo":{"@type":"ImageObject","inLanguage":"de-CH","@id":"https:\/\/daltec.ch\/fr\/#\/schema\/logo\/image\/","url":"https:\/\/daltec.ch\/wp-content\/uploads\/2025\/08\/dlteclogo.webp","contentUrl":"https:\/\/daltec.ch\/wp-content\/uploads\/2025\/08\/dlteclogo.webp","width":500,"height":195,"caption":"Daltec AG"},"image":{"@id":"https:\/\/daltec.ch\/fr\/#\/schema\/logo\/image\/"},"sameAs":["https:\/\/www.facebook.com\/DaltecAG"]}]}},"_links":{"self":[{"href":"https:\/\/daltec.ch\/de\/wp-json\/wp\/v2\/product\/707","targetHints":{"allow":["GET"]}}],"collection":[{"href":"https:\/\/daltec.ch\/de\/wp-json\/wp\/v2\/product"}],"about":[{"href":"https:\/\/daltec.ch\/de\/wp-json\/wp\/v2\/types\/product"}],"replies":[{"embeddable":true,"href":"https:\/\/daltec.ch\/de\/wp-json\/wp\/v2\/comments?post=707"}],"wp:featuredmedia":[{"embeddable":true,"href":"https:\/\/daltec.ch\/de\/wp-json\/wp\/v2\/media\/2831"}],"wp:attachment":[{"href":"https:\/\/daltec.ch\/de\/wp-json\/wp\/v2\/media?parent=707"}],"wp:term":[{"taxonomy":"product_brand","embeddable":true,"href":"https:\/\/daltec.ch\/de\/wp-json\/wp\/v2\/product_brand?post=707"},{"taxonomy":"product_cat","embeddable":true,"href":"https:\/\/daltec.ch\/de\/wp-json\/wp\/v2\/product_cat?post=707"},{"taxonomy":"product_tag","embeddable":true,"href":"https:\/\/daltec.ch\/de\/wp-json\/wp\/v2\/product_tag?post=707"}],"curies":[{"name":"wp","href":"https:\/\/api.w.org\/{rel}","templated":true}]}}