{"id":708,"date":"2024-05-17T05:11:11","date_gmt":"2024-05-17T05:11:11","guid":{"rendered":"https:\/\/demo.shrinkwaterindia.com\/?post_type=product&#038;p=708"},"modified":"2025-06-18T10:03:34","modified_gmt":"2025-06-18T10:03:34","slug":"bt-n300-jetski","status":"publish","type":"product","link":"https:\/\/daltec.ch\/de\/product\/bt-n300-jetski","title":{"rendered":"Daltec BT Jetski 750S, 5000&#215;1540 mm, 750 Kg"},"content":{"rendered":"<p><em><strong>Preis: Siehe Preisliste auf Startseite<\/strong><\/em><\/p>\n<p>Hobbytransportanh\u00e4nger, ungebremst, entwickelt f\u00fcr Jet-Skis bis zu 340 kg. Er ist ausgestattet mit verstellbaren, gepolsterten Auflageh\u00f6lzer, F\u00fchrungsrollen und Bugst\u00fctzen zur Anpassung der Ladung. Die Heckrampe mit R\u00fccklichtern ist verstell- und abnehmbar. Der feuerverzinkter Grundrahmen und die verst\u00e4rkten, wasserdichten Radlagern sorgen f\u00fcr eine lange Lebensdauer.<\/p>\n<p>Bootsmasse: 4000x2000mm<\/p>\n<h4>Serienausstattung:<\/h4>\n<p>Fahrgestell: Robuster Grunrahmen feuerverzinkt, verschweisst und verschraubt Anh\u00e4ngevorrichtung f\u00fcr Kugelkupplung Sicherheitskette Kotschutz aus Blech Achsen: Achse AL-KO\/Knott, verschiebbar, mit verst\u00e4rkten Wasserdichten Radlagern Beleuchtungsanlage: Nach Normen der StVO 12V, 13 Pol-Stecker Stecker und Heckrampe mit R\u00fccklichtern abkoppel- und demontierbar L\u00e4ngsverstellung zur Anpassung an der Ladung Aufbau: 2 verstellbare gepolsterte Auflageh\u00f6lzer auf h\u00f6henverstellbaren St\u00fctzen montiert Verstellbare F\u00fchrungsrollen mittig angebracht Verstellbare Bugst\u00fctze mit manuelle Seilwinde, best\u00fcckt mit Kabel oder Gurten<\/p>\n","protected":false},"excerpt":{"rendered":"<h5>Preis: Siehe Preisliste auf Startseite<\/h5>\n<p>Jet-Ski-Anh\u00e4nger &#8211; Einfache Bauweise f\u00fcr optimalen Gebrauch<\/p>\n<h4>Technische Daten<\/h4>\n<table class=\"table\">\n<tbody>\n<tr>\n<th>L\u00e4nge<\/th>\n<td>5000 <small>mm<\/small><\/td>\n<\/tr>\n<tr>\n<th>Breite<\/th>\n<td>1540<small>mm<\/small><\/td>\n<\/tr>\n<tr>\n<th>H\u00f6he<\/th>\n<td><\/td>\n<\/tr>\n<tr>\n<th>Achsen<\/th>\n<td>1<\/td>\n<\/tr>\n<tr>\n<th>Gesamtgewicht<\/th>\n<td>750 <small>kg<\/small><\/td>\n<\/tr>\n<tr>\n<th>Nutzlast<\/th>\n<td>620 <small>kg<\/small><\/td>\n<\/tr>\n<tr>\n<th>R\u00e4der<\/th>\n<td>195\/50 R 13 C<\/td>\n<\/tr>\n<\/tbody>\n<\/table>\n<h6>Optionen<\/h6>\n<table>\n<tbody>\n<tr>\n<td>St\u00fctze mit Gummirollen, St\u00fcck<\/td>\n<td>120 CHF<\/td>\n<\/tr>\n<tr>\n<td>St\u00fctze mit Seitenrollen, St\u00fcck<\/td>\n<td>120 CHF<\/td>\n<\/tr>\n<\/tbody>\n<\/table>\n","protected":false},"featured_media":709,"comment_status":"open","ping_status":"closed","template":"","meta":{"_acf_changed":false},"product_brand":[],"product_cat":[227,22],"product_tag":[],"class_list":{"0":"post-708","1":"product","2":"type-product","3":"status-publish","4":"has-post-thumbnail","6":"product_cat-boottransportanhaenger","7":"product_cat-sportgeraete-transportanhaenger","9":"first","10":"instock","11":"featured","12":"shipping-taxable","13":"purchasable","14":"product-type-simple"},"acf":[],"yoast_head":"<!-- This site is optimized with the Yoast SEO plugin v27.2 - https:\/\/yoast.com\/product\/yoast-seo-wordpress\/ -->\n<title>Daltec BT Jetski 750S, 5000x1540 mm, 750 Kg - Daltec<\/title>\n<meta name=\"robots\" content=\"index, follow, max-snippet:-1, max-image-preview:large, max-video-preview:-1\" \/>\n<link rel=\"canonical\" href=\"https:\/\/daltec.ch\/de\/product\/bt-n300-jetski\/\" \/>\n<meta property=\"og:locale\" content=\"de_DE\" \/>\n<meta property=\"og:type\" content=\"article\" \/>\n<meta property=\"og:title\" content=\"Daltec BT Jetski 750S, 5000x1540 mm, 750 Kg - Daltec\" \/>\n<meta property=\"og:description\" content=\"Preis: Siehe Preisliste auf Startseite Jet-Ski-Anh\u00e4nger - Einfache Bauweise f\u00fcr optimalen Gebrauch Technische Daten    L\u00e4nge 5000 mm   Breite 1540mm   H\u00f6he    Achsen 1   Gesamtgewicht 750 kg   Nutzlast 620 kg   R\u00e4der 195\/50 R 13 C    Optionen    St\u00fctze mit Gummirollen, St\u00fcck 120 CHF   St\u00fctze mit Seitenrollen, St\u00fcck 120 CHF\" \/>\n<meta property=\"og:url\" content=\"https:\/\/daltec.ch\/de\/product\/bt-n300-jetski\/\" \/>\n<meta property=\"og:site_name\" content=\"Daltec\" \/>\n<meta property=\"article:publisher\" content=\"https:\/\/www.facebook.com\/DaltecAG\" \/>\n<meta property=\"article:modified_time\" content=\"2025-06-18T10:03:34+00:00\" \/>\n<meta property=\"og:image\" content=\"https:\/\/daltec.ch\/wp-content\/uploads\/2024\/05\/BT-N300-Jetski-1.png\" \/>\n\t<meta property=\"og:image:width\" content=\"270\" \/>\n\t<meta property=\"og:image:height\" content=\"270\" \/>\n\t<meta property=\"og:image:type\" content=\"image\/png\" \/>\n<meta name=\"twitter:card\" content=\"summary_large_image\" \/>\n<meta name=\"twitter:label1\" content=\"Gesch\u00e4tzte Lesezeit\" \/>\n\t<meta name=\"twitter:data1\" content=\"1\u00a0Minute\" \/>\n<script type=\"application\/ld+json\" class=\"yoast-schema-graph\">{\"@context\":\"https:\/\/schema.org\",\"@graph\":[{\"@type\":\"WebPage\",\"@id\":\"https:\/\/daltec.ch\/product\/bt-n300-jetski\",\"url\":\"https:\/\/daltec.ch\/product\/bt-n300-jetski\",\"name\":\"Daltec BT Jetski 750S, 5000x1540 mm, 750 Kg - Daltec\",\"isPartOf\":{\"@id\":\"https:\/\/daltec.ch\/fr\/#website\"},\"primaryImageOfPage\":{\"@id\":\"https:\/\/daltec.ch\/product\/bt-n300-jetski#primaryimage\"},\"image\":{\"@id\":\"https:\/\/daltec.ch\/product\/bt-n300-jetski#primaryimage\"},\"thumbnailUrl\":\"https:\/\/daltec.ch\/wp-content\/uploads\/2024\/05\/BT-N300-Jetski-1.png\",\"datePublished\":\"2024-05-17T05:11:11+00:00\",\"dateModified\":\"2025-06-18T10:03:34+00:00\",\"breadcrumb\":{\"@id\":\"https:\/\/daltec.ch\/product\/bt-n300-jetski#breadcrumb\"},\"inLanguage\":\"de-CH\",\"potentialAction\":[{\"@type\":\"ReadAction\",\"target\":[\"https:\/\/daltec.ch\/product\/bt-n300-jetski\"]}]},{\"@type\":\"ImageObject\",\"inLanguage\":\"de-CH\",\"@id\":\"https:\/\/daltec.ch\/product\/bt-n300-jetski#primaryimage\",\"url\":\"https:\/\/daltec.ch\/wp-content\/uploads\/2024\/05\/BT-N300-Jetski-1.png\",\"contentUrl\":\"https:\/\/daltec.ch\/wp-content\/uploads\/2024\/05\/BT-N300-Jetski-1.png\",\"width\":270,\"height\":270},{\"@type\":\"BreadcrumbList\",\"@id\":\"https:\/\/daltec.ch\/product\/bt-n300-jetski#breadcrumb\",\"itemListElement\":[{\"@type\":\"ListItem\",\"position\":1,\"name\":\"Startseite\",\"item\":\"https:\/\/daltec.ch\/\"},{\"@type\":\"ListItem\",\"position\":2,\"name\":\"anhaenger\",\"item\":\"https:\/\/daltec.ch\/anhaenger\"},{\"@type\":\"ListItem\",\"position\":3,\"name\":\"Daltec BT Jetski 750S, 5000&#215;1540 mm, 750 Kg\"}]},{\"@type\":\"WebSite\",\"@id\":\"https:\/\/daltec.ch\/fr\/#website\",\"url\":\"https:\/\/daltec.ch\/fr\/\",\"name\":\"Daltec Trailers\",\"description\":\"\",\"publisher\":{\"@id\":\"https:\/\/daltec.ch\/fr\/#organization\"},\"potentialAction\":[{\"@type\":\"SearchAction\",\"target\":{\"@type\":\"EntryPoint\",\"urlTemplate\":\"https:\/\/daltec.ch\/fr\/?s={search_term_string}\"},\"query-input\":{\"@type\":\"PropertyValueSpecification\",\"valueRequired\":true,\"valueName\":\"search_term_string\"}}],\"inLanguage\":\"de-CH\"},{\"@type\":\"Organization\",\"@id\":\"https:\/\/daltec.ch\/fr\/#organization\",\"name\":\"Daltec AG\",\"url\":\"https:\/\/daltec.ch\/fr\/\",\"logo\":{\"@type\":\"ImageObject\",\"inLanguage\":\"de-CH\",\"@id\":\"https:\/\/daltec.ch\/fr\/#\/schema\/logo\/image\/\",\"url\":\"https:\/\/daltec.ch\/wp-content\/uploads\/2025\/08\/dlteclogo.webp\",\"contentUrl\":\"https:\/\/daltec.ch\/wp-content\/uploads\/2025\/08\/dlteclogo.webp\",\"width\":500,\"height\":195,\"caption\":\"Daltec AG\"},\"image\":{\"@id\":\"https:\/\/daltec.ch\/fr\/#\/schema\/logo\/image\/\"},\"sameAs\":[\"https:\/\/www.facebook.com\/DaltecAG\"]}]}<\/script>\n<!-- \/ Yoast SEO plugin. -->","yoast_head_json":{"title":"Daltec BT Jetski 750S, 5000x1540 mm, 750 Kg - Daltec","robots":{"index":"index","follow":"follow","max-snippet":"max-snippet:-1","max-image-preview":"max-image-preview:large","max-video-preview":"max-video-preview:-1"},"canonical":"https:\/\/daltec.ch\/de\/product\/bt-n300-jetski\/","og_locale":"de_DE","og_type":"article","og_title":"Daltec BT Jetski 750S, 5000x1540 mm, 750 Kg - Daltec","og_description":"Preis: Siehe Preisliste auf Startseite Jet-Ski-Anh\u00e4nger - Einfache Bauweise f\u00fcr optimalen Gebrauch Technische Daten    L\u00e4nge 5000 mm   Breite 1540mm   H\u00f6he    Achsen 1   Gesamtgewicht 750 kg   Nutzlast 620 kg   R\u00e4der 195\/50 R 13 C    Optionen    St\u00fctze mit Gummirollen, St\u00fcck 120 CHF   St\u00fctze mit Seitenrollen, St\u00fcck 120 CHF","og_url":"https:\/\/daltec.ch\/de\/product\/bt-n300-jetski\/","og_site_name":"Daltec","article_publisher":"https:\/\/www.facebook.com\/DaltecAG","article_modified_time":"2025-06-18T10:03:34+00:00","og_image":[{"width":270,"height":270,"url":"https:\/\/daltec.ch\/wp-content\/uploads\/2024\/05\/BT-N300-Jetski-1.png","type":"image\/png"}],"twitter_card":"summary_large_image","twitter_misc":{"Gesch\u00e4tzte Lesezeit":"1\u00a0Minute"},"schema":{"@context":"https:\/\/schema.org","@graph":[{"@type":"WebPage","@id":"https:\/\/daltec.ch\/product\/bt-n300-jetski","url":"https:\/\/daltec.ch\/product\/bt-n300-jetski","name":"Daltec BT Jetski 750S, 5000x1540 mm, 750 Kg - Daltec","isPartOf":{"@id":"https:\/\/daltec.ch\/fr\/#website"},"primaryImageOfPage":{"@id":"https:\/\/daltec.ch\/product\/bt-n300-jetski#primaryimage"},"image":{"@id":"https:\/\/daltec.ch\/product\/bt-n300-jetski#primaryimage"},"thumbnailUrl":"https:\/\/daltec.ch\/wp-content\/uploads\/2024\/05\/BT-N300-Jetski-1.png","datePublished":"2024-05-17T05:11:11+00:00","dateModified":"2025-06-18T10:03:34+00:00","breadcrumb":{"@id":"https:\/\/daltec.ch\/product\/bt-n300-jetski#breadcrumb"},"inLanguage":"de-CH","potentialAction":[{"@type":"ReadAction","target":["https:\/\/daltec.ch\/product\/bt-n300-jetski"]}]},{"@type":"ImageObject","inLanguage":"de-CH","@id":"https:\/\/daltec.ch\/product\/bt-n300-jetski#primaryimage","url":"https:\/\/daltec.ch\/wp-content\/uploads\/2024\/05\/BT-N300-Jetski-1.png","contentUrl":"https:\/\/daltec.ch\/wp-content\/uploads\/2024\/05\/BT-N300-Jetski-1.png","width":270,"height":270},{"@type":"BreadcrumbList","@id":"https:\/\/daltec.ch\/product\/bt-n300-jetski#breadcrumb","itemListElement":[{"@type":"ListItem","position":1,"name":"Startseite","item":"https:\/\/daltec.ch\/"},{"@type":"ListItem","position":2,"name":"anhaenger","item":"https:\/\/daltec.ch\/anhaenger"},{"@type":"ListItem","position":3,"name":"Daltec BT Jetski 750S, 5000&#215;1540 mm, 750 Kg"}]},{"@type":"WebSite","@id":"https:\/\/daltec.ch\/fr\/#website","url":"https:\/\/daltec.ch\/fr\/","name":"Daltec Trailers","description":"","publisher":{"@id":"https:\/\/daltec.ch\/fr\/#organization"},"potentialAction":[{"@type":"SearchAction","target":{"@type":"EntryPoint","urlTemplate":"https:\/\/daltec.ch\/fr\/?s={search_term_string}"},"query-input":{"@type":"PropertyValueSpecification","valueRequired":true,"valueName":"search_term_string"}}],"inLanguage":"de-CH"},{"@type":"Organization","@id":"https:\/\/daltec.ch\/fr\/#organization","name":"Daltec AG","url":"https:\/\/daltec.ch\/fr\/","logo":{"@type":"ImageObject","inLanguage":"de-CH","@id":"https:\/\/daltec.ch\/fr\/#\/schema\/logo\/image\/","url":"https:\/\/daltec.ch\/wp-content\/uploads\/2025\/08\/dlteclogo.webp","contentUrl":"https:\/\/daltec.ch\/wp-content\/uploads\/2025\/08\/dlteclogo.webp","width":500,"height":195,"caption":"Daltec AG"},"image":{"@id":"https:\/\/daltec.ch\/fr\/#\/schema\/logo\/image\/"},"sameAs":["https:\/\/www.facebook.com\/DaltecAG"]}]}},"_links":{"self":[{"href":"https:\/\/daltec.ch\/de\/wp-json\/wp\/v2\/product\/708","targetHints":{"allow":["GET"]}}],"collection":[{"href":"https:\/\/daltec.ch\/de\/wp-json\/wp\/v2\/product"}],"about":[{"href":"https:\/\/daltec.ch\/de\/wp-json\/wp\/v2\/types\/product"}],"replies":[{"embeddable":true,"href":"https:\/\/daltec.ch\/de\/wp-json\/wp\/v2\/comments?post=708"}],"wp:featuredmedia":[{"embeddable":true,"href":"https:\/\/daltec.ch\/de\/wp-json\/wp\/v2\/media\/709"}],"wp:attachment":[{"href":"https:\/\/daltec.ch\/de\/wp-json\/wp\/v2\/media?parent=708"}],"wp:term":[{"taxonomy":"product_brand","embeddable":true,"href":"https:\/\/daltec.ch\/de\/wp-json\/wp\/v2\/product_brand?post=708"},{"taxonomy":"product_cat","embeddable":true,"href":"https:\/\/daltec.ch\/de\/wp-json\/wp\/v2\/product_cat?post=708"},{"taxonomy":"product_tag","embeddable":true,"href":"https:\/\/daltec.ch\/de\/wp-json\/wp\/v2\/product_tag?post=708"}],"curies":[{"name":"wp","href":"https:\/\/api.w.org\/{rel}","templated":true}]}}