{"id":717,"date":"2024-05-17T05:41:02","date_gmt":"2024-05-17T05:41:02","guid":{"rendered":"https:\/\/demo.shrinkwaterindia.com\/?post_type=product&#038;p=717"},"modified":"2025-06-18T09:49:43","modified_gmt":"2025-06-18T09:49:43","slug":"kart-2","status":"publish","type":"product","link":"https:\/\/daltec.ch\/de\/product\/kart-2","title":{"rendered":"Daltec Kart 2, 2000x1500x1330 mm, 750 Kg"},"content":{"rendered":"<p><em><strong>Preis: Siehe Preisliste auf Startseite<\/strong><\/em><\/p>\n<p>Ideal zum Transport von Go-karts, Motorr\u00e4der, Quads und weitere Hobbyfahrzeuge. Ausgestattet mit Schienen f\u00fcr eine obere Etage. Eine personalisier Aussenbeschriftung kann direkt bei uns bestellt werden.<\/p>\n<p><label><strong>Serienausstattung:<\/strong><\/label><\/p>\n<p>Fahrgestell selbsttragend: Grundrahmen feuerverzinkt, verschweisst und verschraubt Rohrdeichsel mit Kugelkopf Sicherungskette Kotschutz aus Kunststoff St\u00fctzfuss vorne Achse: Knott ungebremst Aufbau: Kasten aus Blech verzinkt 1000 mm hoch Kunststoffdeckel aufklappbar, abschliessbar 2 fixe, verzinkte Schienen f\u00fcr obere Etage Doppelfl\u00fcgelt\u00fcre St\u00fctzen hinten verstellbar Boden aus Siebdruckplatte 15 mm Beleuchtungsanlage: Nach Normen der StV0 12V, 13 Pol-Stecker<\/p>\n","protected":false},"excerpt":{"rendered":"<h5><span style=\"color: #ff6600;\"><em>Preis: Siehe Preisliste auf Startseite<\/em><\/span><\/h5>\n<p><span style=\"vertical-align: inherit;\"><span style=\"vertical-align: inherit;\">The best-selling kart transporter in Europe for 20 years!<\/span><\/span><\/p>\n<h4>Technische Daten:<\/h4>\n<table class=\"table\">\n<tbody>\n<tr>\n<th><span style=\"vertical-align: inherit;\"><span style=\"vertical-align: inherit;\">L\u00e4nge<\/span><\/span><\/th>\n<td>2000 <small>mm<\/small><\/td>\n<\/tr>\n<tr>\n<th><span style=\"vertical-align: inherit;\"><span style=\"vertical-align: inherit;\">Breite<\/span><\/span><\/th>\n<td>1500<small>mm<\/small><\/td>\n<\/tr>\n<tr>\n<th><span style=\"vertical-align: inherit;\"><span style=\"vertical-align: inherit;\">H\u00f6he<\/span><\/span><\/th>\n<td>1330 <small>mm<\/small><\/td>\n<\/tr>\n<tr>\n<th><span style=\"vertical-align: inherit;\"><span style=\"vertical-align: inherit;\">Achsen<\/span><\/span><\/th>\n<td>1<small><\/small><\/td>\n<\/tr>\n<tr>\n<th><span style=\"vertical-align: inherit;\"><span style=\"vertical-align: inherit;\">Gesamtgewicht<\/span><\/span><\/th>\n<td>750 <small>kg<\/small><\/td>\n<\/tr>\n<tr>\n<th><span style=\"vertical-align: inherit;\"><span style=\"vertical-align: inherit;\">Nutzlast<\/span><\/span><\/th>\n<td>450 <small>kg<\/small><\/td>\n<\/tr>\n<tr>\n<th><span style=\"vertical-align: inherit;\"><span style=\"vertical-align: inherit;\">R\u00e4der<\/span><\/span><\/th>\n<td>165\/70 R 13<\/td>\n<\/tr>\n<\/tbody>\n<\/table>\n<h4>Optionen:<\/h4>\n<table>\n<tbody>\n<tr>\n<td><span style=\"vertical-align: inherit;\"><span style=\"vertical-align: inherit;\"><strong>Achsen mit Bremse<\/strong>\u00a0<\/span><\/span><\/td>\n<td>870 CHF<\/td>\n<\/tr>\n<\/tbody>\n<\/table>\n","protected":false},"featured_media":1564,"comment_status":"open","ping_status":"closed","template":"","meta":{"_acf_changed":false},"product_brand":[],"product_cat":[230,22],"product_tag":[],"class_list":{"0":"post-717","1":"product","2":"type-product","3":"status-publish","4":"has-post-thumbnail","6":"product_cat-karttransportanhaenger","7":"product_cat-sportgeraete-transportanhaenger","9":"first","10":"instock","11":"featured","12":"shipping-taxable","13":"purchasable","14":"product-type-simple"},"acf":[],"yoast_head":"<!-- This site is optimized with the Yoast SEO plugin v27.2 - https:\/\/yoast.com\/product\/yoast-seo-wordpress\/ -->\n<title>Daltec Kart 2, 2000x1500x1330 mm, 750 Kg - Daltec<\/title>\n<meta name=\"robots\" content=\"index, follow, max-snippet:-1, max-image-preview:large, max-video-preview:-1\" \/>\n<link rel=\"canonical\" href=\"https:\/\/daltec.ch\/de\/product\/kart-2\/\" \/>\n<meta property=\"og:locale\" content=\"de_DE\" \/>\n<meta property=\"og:type\" content=\"article\" \/>\n<meta property=\"og:title\" content=\"Daltec Kart 2, 2000x1500x1330 mm, 750 Kg - Daltec\" \/>\n<meta property=\"og:description\" content=\"Preis: Siehe Preisliste auf Startseite The best-selling kart transporter in Europe for 20 years! Technische Daten:    L\u00e4nge 2000 mm   Breite 1500mm   H\u00f6he 1330 mm   Achsen 1   Gesamtgewicht 750 kg   Nutzlast 450 kg   R\u00e4der 165\/70 R 13    Optionen:    Achsen mit Bremse\u00a0 870 CHF\" \/>\n<meta property=\"og:url\" content=\"https:\/\/daltec.ch\/de\/product\/kart-2\/\" \/>\n<meta property=\"og:site_name\" content=\"Daltec\" \/>\n<meta property=\"article:publisher\" content=\"https:\/\/www.facebook.com\/DaltecAG\" \/>\n<meta property=\"article:modified_time\" content=\"2025-06-18T09:49:43+00:00\" \/>\n<meta property=\"og:image\" content=\"https:\/\/daltec.ch\/wp-content\/uploads\/2024\/05\/VZ-kart2n.jpg\" \/>\n\t<meta property=\"og:image:width\" content=\"1000\" \/>\n\t<meta property=\"og:image:height\" content=\"1000\" \/>\n\t<meta property=\"og:image:type\" content=\"image\/jpeg\" \/>\n<meta name=\"twitter:card\" content=\"summary_large_image\" \/>\n<script type=\"application\/ld+json\" class=\"yoast-schema-graph\">{\"@context\":\"https:\/\/schema.org\",\"@graph\":[{\"@type\":\"WebPage\",\"@id\":\"https:\/\/daltec.ch\/product\/kart-2\",\"url\":\"https:\/\/daltec.ch\/product\/kart-2\",\"name\":\"Daltec Kart 2, 2000x1500x1330 mm, 750 Kg - Daltec\",\"isPartOf\":{\"@id\":\"https:\/\/daltec.ch\/fr\/#website\"},\"primaryImageOfPage\":{\"@id\":\"https:\/\/daltec.ch\/product\/kart-2#primaryimage\"},\"image\":{\"@id\":\"https:\/\/daltec.ch\/product\/kart-2#primaryimage\"},\"thumbnailUrl\":\"https:\/\/daltec.ch\/wp-content\/uploads\/2024\/05\/VZ-kart2n.jpg\",\"datePublished\":\"2024-05-17T05:41:02+00:00\",\"dateModified\":\"2025-06-18T09:49:43+00:00\",\"breadcrumb\":{\"@id\":\"https:\/\/daltec.ch\/product\/kart-2#breadcrumb\"},\"inLanguage\":\"de-CH\",\"potentialAction\":[{\"@type\":\"ReadAction\",\"target\":[\"https:\/\/daltec.ch\/product\/kart-2\"]}]},{\"@type\":\"ImageObject\",\"inLanguage\":\"de-CH\",\"@id\":\"https:\/\/daltec.ch\/product\/kart-2#primaryimage\",\"url\":\"https:\/\/daltec.ch\/wp-content\/uploads\/2024\/05\/VZ-kart2n.jpg\",\"contentUrl\":\"https:\/\/daltec.ch\/wp-content\/uploads\/2024\/05\/VZ-kart2n.jpg\",\"width\":1000,\"height\":1000},{\"@type\":\"BreadcrumbList\",\"@id\":\"https:\/\/daltec.ch\/product\/kart-2#breadcrumb\",\"itemListElement\":[{\"@type\":\"ListItem\",\"position\":1,\"name\":\"Startseite\",\"item\":\"https:\/\/daltec.ch\/\"},{\"@type\":\"ListItem\",\"position\":2,\"name\":\"anhaenger\",\"item\":\"https:\/\/daltec.ch\/anhaenger\"},{\"@type\":\"ListItem\",\"position\":3,\"name\":\"Daltec Kart 2, 2000x1500x1330 mm, 750 Kg\"}]},{\"@type\":\"WebSite\",\"@id\":\"https:\/\/daltec.ch\/fr\/#website\",\"url\":\"https:\/\/daltec.ch\/fr\/\",\"name\":\"Daltec Trailers\",\"description\":\"\",\"publisher\":{\"@id\":\"https:\/\/daltec.ch\/fr\/#organization\"},\"potentialAction\":[{\"@type\":\"SearchAction\",\"target\":{\"@type\":\"EntryPoint\",\"urlTemplate\":\"https:\/\/daltec.ch\/fr\/?s={search_term_string}\"},\"query-input\":{\"@type\":\"PropertyValueSpecification\",\"valueRequired\":true,\"valueName\":\"search_term_string\"}}],\"inLanguage\":\"de-CH\"},{\"@type\":\"Organization\",\"@id\":\"https:\/\/daltec.ch\/fr\/#organization\",\"name\":\"Daltec AG\",\"url\":\"https:\/\/daltec.ch\/fr\/\",\"logo\":{\"@type\":\"ImageObject\",\"inLanguage\":\"de-CH\",\"@id\":\"https:\/\/daltec.ch\/fr\/#\/schema\/logo\/image\/\",\"url\":\"https:\/\/daltec.ch\/wp-content\/uploads\/2025\/08\/dlteclogo.webp\",\"contentUrl\":\"https:\/\/daltec.ch\/wp-content\/uploads\/2025\/08\/dlteclogo.webp\",\"width\":500,\"height\":195,\"caption\":\"Daltec AG\"},\"image\":{\"@id\":\"https:\/\/daltec.ch\/fr\/#\/schema\/logo\/image\/\"},\"sameAs\":[\"https:\/\/www.facebook.com\/DaltecAG\"]}]}<\/script>\n<!-- \/ Yoast SEO plugin. -->","yoast_head_json":{"title":"Daltec Kart 2, 2000x1500x1330 mm, 750 Kg - Daltec","robots":{"index":"index","follow":"follow","max-snippet":"max-snippet:-1","max-image-preview":"max-image-preview:large","max-video-preview":"max-video-preview:-1"},"canonical":"https:\/\/daltec.ch\/de\/product\/kart-2\/","og_locale":"de_DE","og_type":"article","og_title":"Daltec Kart 2, 2000x1500x1330 mm, 750 Kg - Daltec","og_description":"Preis: Siehe Preisliste auf Startseite The best-selling kart transporter in Europe for 20 years! Technische Daten:    L\u00e4nge 2000 mm   Breite 1500mm   H\u00f6he 1330 mm   Achsen 1   Gesamtgewicht 750 kg   Nutzlast 450 kg   R\u00e4der 165\/70 R 13    Optionen:    Achsen mit Bremse\u00a0 870 CHF","og_url":"https:\/\/daltec.ch\/de\/product\/kart-2\/","og_site_name":"Daltec","article_publisher":"https:\/\/www.facebook.com\/DaltecAG","article_modified_time":"2025-06-18T09:49:43+00:00","og_image":[{"width":1000,"height":1000,"url":"https:\/\/daltec.ch\/wp-content\/uploads\/2024\/05\/VZ-kart2n.jpg","type":"image\/jpeg"}],"twitter_card":"summary_large_image","schema":{"@context":"https:\/\/schema.org","@graph":[{"@type":"WebPage","@id":"https:\/\/daltec.ch\/product\/kart-2","url":"https:\/\/daltec.ch\/product\/kart-2","name":"Daltec Kart 2, 2000x1500x1330 mm, 750 Kg - Daltec","isPartOf":{"@id":"https:\/\/daltec.ch\/fr\/#website"},"primaryImageOfPage":{"@id":"https:\/\/daltec.ch\/product\/kart-2#primaryimage"},"image":{"@id":"https:\/\/daltec.ch\/product\/kart-2#primaryimage"},"thumbnailUrl":"https:\/\/daltec.ch\/wp-content\/uploads\/2024\/05\/VZ-kart2n.jpg","datePublished":"2024-05-17T05:41:02+00:00","dateModified":"2025-06-18T09:49:43+00:00","breadcrumb":{"@id":"https:\/\/daltec.ch\/product\/kart-2#breadcrumb"},"inLanguage":"de-CH","potentialAction":[{"@type":"ReadAction","target":["https:\/\/daltec.ch\/product\/kart-2"]}]},{"@type":"ImageObject","inLanguage":"de-CH","@id":"https:\/\/daltec.ch\/product\/kart-2#primaryimage","url":"https:\/\/daltec.ch\/wp-content\/uploads\/2024\/05\/VZ-kart2n.jpg","contentUrl":"https:\/\/daltec.ch\/wp-content\/uploads\/2024\/05\/VZ-kart2n.jpg","width":1000,"height":1000},{"@type":"BreadcrumbList","@id":"https:\/\/daltec.ch\/product\/kart-2#breadcrumb","itemListElement":[{"@type":"ListItem","position":1,"name":"Startseite","item":"https:\/\/daltec.ch\/"},{"@type":"ListItem","position":2,"name":"anhaenger","item":"https:\/\/daltec.ch\/anhaenger"},{"@type":"ListItem","position":3,"name":"Daltec Kart 2, 2000x1500x1330 mm, 750 Kg"}]},{"@type":"WebSite","@id":"https:\/\/daltec.ch\/fr\/#website","url":"https:\/\/daltec.ch\/fr\/","name":"Daltec Trailers","description":"","publisher":{"@id":"https:\/\/daltec.ch\/fr\/#organization"},"potentialAction":[{"@type":"SearchAction","target":{"@type":"EntryPoint","urlTemplate":"https:\/\/daltec.ch\/fr\/?s={search_term_string}"},"query-input":{"@type":"PropertyValueSpecification","valueRequired":true,"valueName":"search_term_string"}}],"inLanguage":"de-CH"},{"@type":"Organization","@id":"https:\/\/daltec.ch\/fr\/#organization","name":"Daltec AG","url":"https:\/\/daltec.ch\/fr\/","logo":{"@type":"ImageObject","inLanguage":"de-CH","@id":"https:\/\/daltec.ch\/fr\/#\/schema\/logo\/image\/","url":"https:\/\/daltec.ch\/wp-content\/uploads\/2025\/08\/dlteclogo.webp","contentUrl":"https:\/\/daltec.ch\/wp-content\/uploads\/2025\/08\/dlteclogo.webp","width":500,"height":195,"caption":"Daltec AG"},"image":{"@id":"https:\/\/daltec.ch\/fr\/#\/schema\/logo\/image\/"},"sameAs":["https:\/\/www.facebook.com\/DaltecAG"]}]}},"_links":{"self":[{"href":"https:\/\/daltec.ch\/de\/wp-json\/wp\/v2\/product\/717","targetHints":{"allow":["GET"]}}],"collection":[{"href":"https:\/\/daltec.ch\/de\/wp-json\/wp\/v2\/product"}],"about":[{"href":"https:\/\/daltec.ch\/de\/wp-json\/wp\/v2\/types\/product"}],"replies":[{"embeddable":true,"href":"https:\/\/daltec.ch\/de\/wp-json\/wp\/v2\/comments?post=717"}],"wp:featuredmedia":[{"embeddable":true,"href":"https:\/\/daltec.ch\/de\/wp-json\/wp\/v2\/media\/1564"}],"wp:attachment":[{"href":"https:\/\/daltec.ch\/de\/wp-json\/wp\/v2\/media?parent=717"}],"wp:term":[{"taxonomy":"product_brand","embeddable":true,"href":"https:\/\/daltec.ch\/de\/wp-json\/wp\/v2\/product_brand?post=717"},{"taxonomy":"product_cat","embeddable":true,"href":"https:\/\/daltec.ch\/de\/wp-json\/wp\/v2\/product_cat?post=717"},{"taxonomy":"product_tag","embeddable":true,"href":"https:\/\/daltec.ch\/de\/wp-json\/wp\/v2\/product_tag?post=717"}],"curies":[{"name":"wp","href":"https:\/\/api.w.org\/{rel}","templated":true}]}}